











{"id":118457,"date":"2026-02-12T10:09:50","date_gmt":"2026-02-12T10:09:50","guid":{"rendered":"https:\/\/ses-creative.com\/?post_type=product&#038;p=118457"},"modified":"2026-02-12T10:23:16","modified_gmt":"2026-02-12T10:23:16","slug":"labo-a-slime-melange-tout","status":"publish","type":"product","link":"https:\/\/ses-creative.com\/fr\/produit\/labo-a-slime-melange-tout\/","title":{"rendered":"Labo \u00e0 slime &#8211; M\u00e9lange tout"},"content":{"rendered":"<p>Le kit Slime Lab \u2013 Mix It de SES Creative est un kit slime enfant compos\u00e9 de trois slimes pr\u00eats \u00e0 l\u2019emploi : bleu, vert et rose paillet\u00e9. Chaque slime fabriqu\u00e9 aux Pays-Bas a une texture diff\u00e9rente pour varier les sensations tactiles. Ce jouet slime \u00e0 d\u00e9corer inclut des accessoires : perles, pompons et billes de mousse, \u00e0 combiner librement avec les slimes pour cr\u00e9er des effets visuels et sensoriels. C\u2019est une activit\u00e9 slime 3 ans sans pr\u00e9paration, lavable et utilisable d\u00e8s l\u2019ouverture. Aucun ingr\u00e9dient chimique \u00e0 m\u00e9langer, ce qui garantit une activit\u00e9 contr\u00f4l\u00e9e, conforme aux normes europ\u00e9ennes. Elle permet aux enfants de 3 ans et plus de d\u00e9couvrir textures, couleurs et formes, tout en d\u00e9veloppant la motricit\u00e9 fine et l\u2019autonomie. Ce kit SES Creative Slime est appropri\u00e9 pour les jeux \u00e0 la maison, les ateliers cr\u00e9atifs ou les instants de d\u00e9tente partag\u00e9s avec un adulte.<\/p>\n","protected":false},"excerpt":{"rendered":"<p>Le kit Slime Lab \u2013 Mix It de SES Creative est un kit slime enfant compos\u00e9 de trois slimes pr\u00eats \u00e0 l\u2019emploi : bleu, vert et rose paillet\u00e9. Chaque slime fabriqu\u00e9 aux Pays-Bas a une texture diff\u00e9rente pour varier les sensations tactiles. Ce jouet slime \u00e0 d\u00e9corer inclut des accessoires : perles, pompons et billes [&hellip;]<\/p>\n","protected":false},"featured_media":105176,"comment_status":"closed","ping_status":"closed","template":"","meta":{"_acf_changed":false},"product_brand":[],"product_cat":[127],"product_tag":[],"class_list":{"0":"post-118457","1":"product","2":"type-product","3":"status-publish","4":"has-post-thumbnail","6":"product_cat-slime","7":"pa_collecties-slime-lab","8":"pa_leeftijd-filter-3-4-ans","9":"pa_meest-populair-bij-garcons-filles","11":"first","12":"instock","13":"shipping-taxable","14":"product-type-simple"},"acf":[],"yoast_head":"<!-- This site is optimized with the Yoast SEO plugin v27.4 - https:\/\/yoast.com\/product\/yoast-seo-wordpress\/ -->\n<title>Labo \u00e0 slime - M\u00e9lange tout - SES Creative<\/title>\n<meta name=\"robots\" content=\"index, follow, max-snippet:-1, max-image-preview:large, max-video-preview:-1\" \/>\n<link rel=\"canonical\" href=\"https:\/\/ses-creative.com\/fr\/produit\/labo-a-slime-melange-tout\/\" \/>\n<meta property=\"og:locale\" content=\"fr_FR\" \/>\n<meta property=\"og:type\" content=\"article\" \/>\n<meta property=\"og:title\" content=\"Labo \u00e0 slime - M\u00e9lange tout - SES Creative\" \/>\n<meta property=\"og:description\" content=\"Le kit Slime Lab \u2013 Mix It de SES Creative est un kit slime enfant compos\u00e9 de trois slimes pr\u00eats \u00e0 l\u2019emploi : bleu, vert et rose paillet\u00e9. Chaque slime fabriqu\u00e9 aux Pays-Bas a une texture diff\u00e9rente pour varier les sensations tactiles. Ce jouet slime \u00e0 d\u00e9corer inclut des accessoires : perles, pompons et billes [&hellip;]\" \/>\n<meta property=\"og:url\" content=\"https:\/\/ses-creative.com\/fr\/produit\/labo-a-slime-melange-tout\/\" \/>\n<meta property=\"og:site_name\" content=\"SES Creative\" \/>\n<meta property=\"article:modified_time\" content=\"2026-02-12T10:23:16+00:00\" \/>\n<meta name=\"twitter:card\" content=\"summary_large_image\" \/>\n<meta name=\"twitter:label1\" content=\"Dur\u00e9e de lecture estim\u00e9e\" \/>\n\t<meta name=\"twitter:data1\" content=\"1 minute\" \/>\n<script type=\"application\/ld+json\" class=\"yoast-schema-graph\">{\"@context\":\"https:\\\/\\\/schema.org\",\"@graph\":[{\"@type\":\"WebPage\",\"@id\":\"https:\\\/\\\/ses-creative.com\\\/fr\\\/produit\\\/labo-a-slime-melange-tout\\\/\",\"url\":\"https:\\\/\\\/ses-creative.com\\\/fr\\\/produit\\\/labo-a-slime-melange-tout\\\/\",\"name\":\"Labo \u00e0 slime - M\u00e9lange tout - SES Creative\",\"isPartOf\":{\"@id\":\"https:\\\/\\\/ses-creative.com\\\/#website\"},\"primaryImageOfPage\":{\"@id\":\"https:\\\/\\\/ses-creative.com\\\/fr\\\/produit\\\/labo-a-slime-melange-tout\\\/#primaryimage\"},\"image\":{\"@id\":\"https:\\\/\\\/ses-creative.com\\\/fr\\\/produit\\\/labo-a-slime-melange-tout\\\/#primaryimage\"},\"thumbnailUrl\":\"https:\\\/\\\/ses-creative.com\\\/wp-content\\\/uploads\\\/2026\\\/01\\\/150111.jpg\",\"datePublished\":\"2026-02-12T10:09:50+00:00\",\"dateModified\":\"2026-02-12T10:23:16+00:00\",\"breadcrumb\":{\"@id\":\"https:\\\/\\\/ses-creative.com\\\/fr\\\/produit\\\/labo-a-slime-melange-tout\\\/#breadcrumb\"},\"inLanguage\":\"fr-FR\",\"potentialAction\":[{\"@type\":\"ReadAction\",\"target\":[\"https:\\\/\\\/ses-creative.com\\\/fr\\\/produit\\\/labo-a-slime-melange-tout\\\/\"]}]},{\"@type\":\"ImageObject\",\"inLanguage\":\"fr-FR\",\"@id\":\"https:\\\/\\\/ses-creative.com\\\/fr\\\/produit\\\/labo-a-slime-melange-tout\\\/#primaryimage\",\"url\":\"https:\\\/\\\/ses-creative.com\\\/wp-content\\\/uploads\\\/2026\\\/01\\\/150111.jpg\",\"contentUrl\":\"https:\\\/\\\/ses-creative.com\\\/wp-content\\\/uploads\\\/2026\\\/01\\\/150111.jpg\",\"width\":1000,\"height\":1000},{\"@type\":\"BreadcrumbList\",\"@id\":\"https:\\\/\\\/ses-creative.com\\\/fr\\\/produit\\\/labo-a-slime-melange-tout\\\/#breadcrumb\",\"itemListElement\":[{\"@type\":\"ListItem\",\"position\":1,\"name\":\"Boutique\",\"item\":\"https:\\\/\\\/ses-creative.com\\\/fr\\\/boutique\\\/\"},{\"@type\":\"ListItem\",\"position\":2,\"name\":\"Slime\",\"item\":\"https:\\\/\\\/ses-creative.com\\\/fr\\\/product-categorie\\\/slime\\\/\"},{\"@type\":\"ListItem\",\"position\":3,\"name\":\"Labo \u00e0 slime &#8211; M\u00e9lange tout\"}]},{\"@type\":\"WebSite\",\"@id\":\"https:\\\/\\\/ses-creative.com\\\/#website\",\"url\":\"https:\\\/\\\/ses-creative.com\\\/\",\"name\":\"SES Creative\",\"description\":\"\",\"publisher\":{\"@id\":\"https:\\\/\\\/ses-creative.com\\\/#organization\"},\"potentialAction\":[{\"@type\":\"SearchAction\",\"target\":{\"@type\":\"EntryPoint\",\"urlTemplate\":\"https:\\\/\\\/ses-creative.com\\\/?s={search_term_string}\"},\"query-input\":{\"@type\":\"PropertyValueSpecification\",\"valueRequired\":true,\"valueName\":\"search_term_string\"}}],\"inLanguage\":\"fr-FR\"},{\"@type\":\"Organization\",\"@id\":\"https:\\\/\\\/ses-creative.com\\\/#organization\",\"name\":\"SES Creative\",\"url\":\"https:\\\/\\\/ses-creative.com\\\/\",\"logo\":{\"@type\":\"ImageObject\",\"inLanguage\":\"fr-FR\",\"@id\":\"https:\\\/\\\/ses-creative.com\\\/#\\\/schema\\\/logo\\\/image\\\/\",\"url\":\"https:\\\/\\\/ses-creative.com\\\/wp-content\\\/uploads\\\/2025\\\/10\\\/ses-creative-logo.jpg\",\"contentUrl\":\"https:\\\/\\\/ses-creative.com\\\/wp-content\\\/uploads\\\/2025\\\/10\\\/ses-creative-logo.jpg\",\"width\":2037,\"height\":2037,\"caption\":\"SES Creative\"},\"image\":{\"@id\":\"https:\\\/\\\/ses-creative.com\\\/#\\\/schema\\\/logo\\\/image\\\/\"}}]}<\/script>\n<!-- \/ Yoast SEO plugin. -->","yoast_head_json":{"title":"Labo \u00e0 slime - M\u00e9lange tout - SES Creative","robots":{"index":"index","follow":"follow","max-snippet":"max-snippet:-1","max-image-preview":"max-image-preview:large","max-video-preview":"max-video-preview:-1"},"canonical":"https:\/\/ses-creative.com\/fr\/produit\/labo-a-slime-melange-tout\/","og_locale":"fr_FR","og_type":"article","og_title":"Labo \u00e0 slime - M\u00e9lange tout - SES Creative","og_description":"Le kit Slime Lab \u2013 Mix It de SES Creative est un kit slime enfant compos\u00e9 de trois slimes pr\u00eats \u00e0 l\u2019emploi : bleu, vert et rose paillet\u00e9. Chaque slime fabriqu\u00e9 aux Pays-Bas a une texture diff\u00e9rente pour varier les sensations tactiles. Ce jouet slime \u00e0 d\u00e9corer inclut des accessoires : perles, pompons et billes [&hellip;]","og_url":"https:\/\/ses-creative.com\/fr\/produit\/labo-a-slime-melange-tout\/","og_site_name":"SES Creative","article_modified_time":"2026-02-12T10:23:16+00:00","twitter_card":"summary_large_image","twitter_misc":{"Dur\u00e9e de lecture estim\u00e9e":"1 minute"},"schema":{"@context":"https:\/\/schema.org","@graph":[{"@type":"WebPage","@id":"https:\/\/ses-creative.com\/fr\/produit\/labo-a-slime-melange-tout\/","url":"https:\/\/ses-creative.com\/fr\/produit\/labo-a-slime-melange-tout\/","name":"Labo \u00e0 slime - M\u00e9lange tout - SES Creative","isPartOf":{"@id":"https:\/\/ses-creative.com\/#website"},"primaryImageOfPage":{"@id":"https:\/\/ses-creative.com\/fr\/produit\/labo-a-slime-melange-tout\/#primaryimage"},"image":{"@id":"https:\/\/ses-creative.com\/fr\/produit\/labo-a-slime-melange-tout\/#primaryimage"},"thumbnailUrl":"https:\/\/ses-creative.com\/wp-content\/uploads\/2026\/01\/150111.jpg","datePublished":"2026-02-12T10:09:50+00:00","dateModified":"2026-02-12T10:23:16+00:00","breadcrumb":{"@id":"https:\/\/ses-creative.com\/fr\/produit\/labo-a-slime-melange-tout\/#breadcrumb"},"inLanguage":"fr-FR","potentialAction":[{"@type":"ReadAction","target":["https:\/\/ses-creative.com\/fr\/produit\/labo-a-slime-melange-tout\/"]}]},{"@type":"ImageObject","inLanguage":"fr-FR","@id":"https:\/\/ses-creative.com\/fr\/produit\/labo-a-slime-melange-tout\/#primaryimage","url":"https:\/\/ses-creative.com\/wp-content\/uploads\/2026\/01\/150111.jpg","contentUrl":"https:\/\/ses-creative.com\/wp-content\/uploads\/2026\/01\/150111.jpg","width":1000,"height":1000},{"@type":"BreadcrumbList","@id":"https:\/\/ses-creative.com\/fr\/produit\/labo-a-slime-melange-tout\/#breadcrumb","itemListElement":[{"@type":"ListItem","position":1,"name":"Boutique","item":"https:\/\/ses-creative.com\/fr\/boutique\/"},{"@type":"ListItem","position":2,"name":"Slime","item":"https:\/\/ses-creative.com\/fr\/product-categorie\/slime\/"},{"@type":"ListItem","position":3,"name":"Labo \u00e0 slime &#8211; M\u00e9lange tout"}]},{"@type":"WebSite","@id":"https:\/\/ses-creative.com\/#website","url":"https:\/\/ses-creative.com\/","name":"SES Creative","description":"","publisher":{"@id":"https:\/\/ses-creative.com\/#organization"},"potentialAction":[{"@type":"SearchAction","target":{"@type":"EntryPoint","urlTemplate":"https:\/\/ses-creative.com\/?s={search_term_string}"},"query-input":{"@type":"PropertyValueSpecification","valueRequired":true,"valueName":"search_term_string"}}],"inLanguage":"fr-FR"},{"@type":"Organization","@id":"https:\/\/ses-creative.com\/#organization","name":"SES Creative","url":"https:\/\/ses-creative.com\/","logo":{"@type":"ImageObject","inLanguage":"fr-FR","@id":"https:\/\/ses-creative.com\/#\/schema\/logo\/image\/","url":"https:\/\/ses-creative.com\/wp-content\/uploads\/2025\/10\/ses-creative-logo.jpg","contentUrl":"https:\/\/ses-creative.com\/wp-content\/uploads\/2025\/10\/ses-creative-logo.jpg","width":2037,"height":2037,"caption":"SES Creative"},"image":{"@id":"https:\/\/ses-creative.com\/#\/schema\/logo\/image\/"}}]}},"_links":{"self":[{"href":"https:\/\/ses-creative.com\/fr\/wp-json\/wp\/v2\/product\/118457","targetHints":{"allow":["GET"]}}],"collection":[{"href":"https:\/\/ses-creative.com\/fr\/wp-json\/wp\/v2\/product"}],"about":[{"href":"https:\/\/ses-creative.com\/fr\/wp-json\/wp\/v2\/types\/product"}],"replies":[{"embeddable":true,"href":"https:\/\/ses-creative.com\/fr\/wp-json\/wp\/v2\/comments?post=118457"}],"wp:featuredmedia":[{"embeddable":true,"href":"https:\/\/ses-creative.com\/fr\/wp-json\/wp\/v2\/media\/105176"}],"wp:attachment":[{"href":"https:\/\/ses-creative.com\/fr\/wp-json\/wp\/v2\/media?parent=118457"}],"wp:term":[{"taxonomy":"product_brand","embeddable":true,"href":"https:\/\/ses-creative.com\/fr\/wp-json\/wp\/v2\/product_brand?post=118457"},{"taxonomy":"product_cat","embeddable":true,"href":"https:\/\/ses-creative.com\/fr\/wp-json\/wp\/v2\/product_cat?post=118457"},{"taxonomy":"product_tag","embeddable":true,"href":"https:\/\/ses-creative.com\/fr\/wp-json\/wp\/v2\/product_tag?post=118457"}],"curies":[{"name":"wp","href":"https:\/\/api.w.org\/{rel}","templated":true}]}}