











{"id":118456,"date":"2026-02-12T10:09:50","date_gmt":"2026-02-12T10:09:50","guid":{"rendered":"https:\/\/ses-creative.com\/?post_type=product&#038;p=118456"},"modified":"2026-02-12T10:23:16","modified_gmt":"2026-02-12T10:23:16","slug":"slime-phosphorescent-2x120-g","status":"publish","type":"product","link":"https:\/\/ses-creative.com\/fr\/produit\/slime-phosphorescent-2x120-g\/","title":{"rendered":"Slime &#8211; Phosphorescent 2&#215;120\u00a0g"},"content":{"rendered":"<p>D\u00e9couvrez une p\u00e2te magique qui brille dans le noir !<br \/>\nAvec le set Slime &#8211; Glow in the Dark, vous profiterez deux fois plus du slime. Ce set contient du slime paillet\u00e9 et phosphorescent, parfait pour les enfants qui aiment exp\u00e9rimenter et jouer de mani\u00e8re cr\u00e9ative. Que vous souhaitiez voir le slime scintiller \u00e0 la lumi\u00e8re ou le faire briller dans le noir, ce set vous permet de tout faire !<br \/>\nCe qui rend ce kit g\u00e9nial<br \/>\n&#8211;    Slime pr\u00eat \u00e0 l&#8217;emploi pour un plaisir imm\u00e9diat<br \/>\n&#8211;    Contient deux types de slime : paillet\u00e9 et phosphorescent<br \/>\n&#8211;    Parfait pour les enfants qui aiment exp\u00e9rimenter<br \/>\n&#8211;    S\u00fbr et adapt\u00e9 aux enfants \u00e0 partir de 3 ans<br \/>\n&#8211;    Des heures de plaisir garanties<br \/>\nDe la p\u00e2te \u00e0 modeler magique pour un plaisir sans fin<br \/>\nAvec ce kit, les enfants peuvent vivre leurs propres aventures magiques avec de la p\u00e2te \u00e0 modeler. La p\u00e2te \u00e0 modeler paillet\u00e9e brille magnifiquement \u00e0 la lumi\u00e8re, tandis que la p\u00e2te \u00e0 modeler phosphorescente s&rsquo;illumine dans le noir pour un effet encore plus excitant. Que vous jouiez seul ou avec des amis, cette p\u00e2te \u00e0 modeler offre un plaisir infini et des possibilit\u00e9s cr\u00e9atives illimit\u00e9es.<br \/>\nLe slime pr\u00eat \u00e0 l&#8217;emploi est imm\u00e9diatement utilisable, afin que les enfants puissent commencer \u00e0 jouer sans attendre. C&rsquo;est le choix id\u00e9al pour les enfants qui adorent tout ce qui touche au slime et aiment d\u00e9couvrir de nouvelles choses.<br \/>\nContenu du kit<br \/>\n&#8211;    Slime phosphorescent (120 g)<br \/>\n&#8211;    Slime paillet\u00e9 (120 g)<br \/>\nPourquoi choisir SES Creative ?<br \/>\nChez SES Creative, nous accordons une grande importance \u00e0 la s\u00e9curit\u00e9. C&rsquo;est pourquoi nos produits sont fabriqu\u00e9s et test\u00e9s dans notre usine aux Pays-Bas, conform\u00e9ment aux normes de s\u00e9curit\u00e9 europ\u00e9ennes les plus strictes. Les jouets SES Creative sont source de plaisir et permettent aux enfants d&rsquo;\u00eatre fiers de leur travail, ce qui stimule leur cr\u00e9ativit\u00e9 et leur d\u00e9veloppement.<br \/>\nCommencez d\u00e8s aujourd&rsquo;hui \u00e0 cr\u00e9er du slime magique !<br \/>\nAvec le kit Slime &#8211; Glow in the Dark, les enfants peuvent cr\u00e9er leurs propres slimes magiques et s&rsquo;amuser pendant des heures. Prenez le slime et d\u00e9couvrez la magie du slime phosphorescent et paillet\u00e9 !<\/p>\n","protected":false},"excerpt":{"rendered":"<p>D\u00e9couvrez une p\u00e2te magique qui brille dans le noir ! Avec le set Slime &#8211; Glow in the Dark, vous profiterez deux fois plus du slime. Ce set contient du slime paillet\u00e9 et phosphorescent, parfait pour les enfants qui aiment exp\u00e9rimenter et jouer de mani\u00e8re cr\u00e9ative. Que vous souhaitiez voir le slime scintiller \u00e0 la [&hellip;]<\/p>\n","protected":false},"featured_media":105156,"comment_status":"closed","ping_status":"closed","template":"","meta":{"_acf_changed":false},"product_brand":[],"product_cat":[127],"product_tag":[],"class_list":{"0":"post-118456","1":"product","2":"type-product","3":"status-publish","4":"has-post-thumbnail","6":"product_cat-slime","7":"pa_leeftijd-filter-3-4-ans","8":"pa_meest-populair-bij-garcons-filles","10":"first","11":"instock","12":"shipping-taxable","13":"product-type-simple"},"acf":[],"yoast_head":"<!-- This site is optimized with the Yoast SEO plugin v27.4 - https:\/\/yoast.com\/product\/yoast-seo-wordpress\/ -->\n<title>Slime - Phosphorescent 2x120\u00a0g - SES Creative<\/title>\n<meta name=\"robots\" content=\"index, follow, max-snippet:-1, max-image-preview:large, max-video-preview:-1\" \/>\n<link rel=\"canonical\" href=\"https:\/\/ses-creative.com\/fr\/produit\/slime-phosphorescent-2x120-g\/\" \/>\n<meta property=\"og:locale\" content=\"fr_FR\" \/>\n<meta property=\"og:type\" content=\"article\" \/>\n<meta property=\"og:title\" content=\"Slime - Phosphorescent 2x120\u00a0g - SES Creative\" \/>\n<meta property=\"og:description\" content=\"D\u00e9couvrez une p\u00e2te magique qui brille dans le noir ! Avec le set Slime &#8211; Glow in the Dark, vous profiterez deux fois plus du slime. Ce set contient du slime paillet\u00e9 et phosphorescent, parfait pour les enfants qui aiment exp\u00e9rimenter et jouer de mani\u00e8re cr\u00e9ative. Que vous souhaitiez voir le slime scintiller \u00e0 la [&hellip;]\" \/>\n<meta property=\"og:url\" content=\"https:\/\/ses-creative.com\/fr\/produit\/slime-phosphorescent-2x120-g\/\" \/>\n<meta property=\"og:site_name\" content=\"SES Creative\" \/>\n<meta property=\"article:modified_time\" content=\"2026-02-12T10:23:16+00:00\" \/>\n<meta name=\"twitter:card\" content=\"summary_large_image\" \/>\n<meta name=\"twitter:label1\" content=\"Dur\u00e9e de lecture estim\u00e9e\" \/>\n\t<meta name=\"twitter:data1\" content=\"2 minutes\" \/>\n<script type=\"application\/ld+json\" class=\"yoast-schema-graph\">{\"@context\":\"https:\\\/\\\/schema.org\",\"@graph\":[{\"@type\":\"WebPage\",\"@id\":\"https:\\\/\\\/ses-creative.com\\\/fr\\\/produit\\\/slime-phosphorescent-2x120-g\\\/\",\"url\":\"https:\\\/\\\/ses-creative.com\\\/fr\\\/produit\\\/slime-phosphorescent-2x120-g\\\/\",\"name\":\"Slime - Phosphorescent 2x120\u00a0g - SES Creative\",\"isPartOf\":{\"@id\":\"https:\\\/\\\/ses-creative.com\\\/#website\"},\"primaryImageOfPage\":{\"@id\":\"https:\\\/\\\/ses-creative.com\\\/fr\\\/produit\\\/slime-phosphorescent-2x120-g\\\/#primaryimage\"},\"image\":{\"@id\":\"https:\\\/\\\/ses-creative.com\\\/fr\\\/produit\\\/slime-phosphorescent-2x120-g\\\/#primaryimage\"},\"thumbnailUrl\":\"https:\\\/\\\/ses-creative.com\\\/wp-content\\\/uploads\\\/2026\\\/01\\\/150071.jpg\",\"datePublished\":\"2026-02-12T10:09:50+00:00\",\"dateModified\":\"2026-02-12T10:23:16+00:00\",\"breadcrumb\":{\"@id\":\"https:\\\/\\\/ses-creative.com\\\/fr\\\/produit\\\/slime-phosphorescent-2x120-g\\\/#breadcrumb\"},\"inLanguage\":\"fr-FR\",\"potentialAction\":[{\"@type\":\"ReadAction\",\"target\":[\"https:\\\/\\\/ses-creative.com\\\/fr\\\/produit\\\/slime-phosphorescent-2x120-g\\\/\"]}]},{\"@type\":\"ImageObject\",\"inLanguage\":\"fr-FR\",\"@id\":\"https:\\\/\\\/ses-creative.com\\\/fr\\\/produit\\\/slime-phosphorescent-2x120-g\\\/#primaryimage\",\"url\":\"https:\\\/\\\/ses-creative.com\\\/wp-content\\\/uploads\\\/2026\\\/01\\\/150071.jpg\",\"contentUrl\":\"https:\\\/\\\/ses-creative.com\\\/wp-content\\\/uploads\\\/2026\\\/01\\\/150071.jpg\",\"width\":1000,\"height\":1000},{\"@type\":\"BreadcrumbList\",\"@id\":\"https:\\\/\\\/ses-creative.com\\\/fr\\\/produit\\\/slime-phosphorescent-2x120-g\\\/#breadcrumb\",\"itemListElement\":[{\"@type\":\"ListItem\",\"position\":1,\"name\":\"Boutique\",\"item\":\"https:\\\/\\\/ses-creative.com\\\/fr\\\/boutique\\\/\"},{\"@type\":\"ListItem\",\"position\":2,\"name\":\"Slime\",\"item\":\"https:\\\/\\\/ses-creative.com\\\/fr\\\/product-categorie\\\/slime\\\/\"},{\"@type\":\"ListItem\",\"position\":3,\"name\":\"Slime &#8211; Phosphorescent 2&#215;120\u00a0g\"}]},{\"@type\":\"WebSite\",\"@id\":\"https:\\\/\\\/ses-creative.com\\\/#website\",\"url\":\"https:\\\/\\\/ses-creative.com\\\/\",\"name\":\"SES Creative\",\"description\":\"\",\"publisher\":{\"@id\":\"https:\\\/\\\/ses-creative.com\\\/#organization\"},\"potentialAction\":[{\"@type\":\"SearchAction\",\"target\":{\"@type\":\"EntryPoint\",\"urlTemplate\":\"https:\\\/\\\/ses-creative.com\\\/?s={search_term_string}\"},\"query-input\":{\"@type\":\"PropertyValueSpecification\",\"valueRequired\":true,\"valueName\":\"search_term_string\"}}],\"inLanguage\":\"fr-FR\"},{\"@type\":\"Organization\",\"@id\":\"https:\\\/\\\/ses-creative.com\\\/#organization\",\"name\":\"SES Creative\",\"url\":\"https:\\\/\\\/ses-creative.com\\\/\",\"logo\":{\"@type\":\"ImageObject\",\"inLanguage\":\"fr-FR\",\"@id\":\"https:\\\/\\\/ses-creative.com\\\/#\\\/schema\\\/logo\\\/image\\\/\",\"url\":\"https:\\\/\\\/ses-creative.com\\\/wp-content\\\/uploads\\\/2025\\\/10\\\/ses-creative-logo.jpg\",\"contentUrl\":\"https:\\\/\\\/ses-creative.com\\\/wp-content\\\/uploads\\\/2025\\\/10\\\/ses-creative-logo.jpg\",\"width\":2037,\"height\":2037,\"caption\":\"SES Creative\"},\"image\":{\"@id\":\"https:\\\/\\\/ses-creative.com\\\/#\\\/schema\\\/logo\\\/image\\\/\"}}]}<\/script>\n<!-- \/ Yoast SEO plugin. -->","yoast_head_json":{"title":"Slime - Phosphorescent 2x120\u00a0g - SES Creative","robots":{"index":"index","follow":"follow","max-snippet":"max-snippet:-1","max-image-preview":"max-image-preview:large","max-video-preview":"max-video-preview:-1"},"canonical":"https:\/\/ses-creative.com\/fr\/produit\/slime-phosphorescent-2x120-g\/","og_locale":"fr_FR","og_type":"article","og_title":"Slime - Phosphorescent 2x120\u00a0g - SES Creative","og_description":"D\u00e9couvrez une p\u00e2te magique qui brille dans le noir ! Avec le set Slime &#8211; Glow in the Dark, vous profiterez deux fois plus du slime. Ce set contient du slime paillet\u00e9 et phosphorescent, parfait pour les enfants qui aiment exp\u00e9rimenter et jouer de mani\u00e8re cr\u00e9ative. Que vous souhaitiez voir le slime scintiller \u00e0 la [&hellip;]","og_url":"https:\/\/ses-creative.com\/fr\/produit\/slime-phosphorescent-2x120-g\/","og_site_name":"SES Creative","article_modified_time":"2026-02-12T10:23:16+00:00","twitter_card":"summary_large_image","twitter_misc":{"Dur\u00e9e de lecture estim\u00e9e":"2 minutes"},"schema":{"@context":"https:\/\/schema.org","@graph":[{"@type":"WebPage","@id":"https:\/\/ses-creative.com\/fr\/produit\/slime-phosphorescent-2x120-g\/","url":"https:\/\/ses-creative.com\/fr\/produit\/slime-phosphorescent-2x120-g\/","name":"Slime - Phosphorescent 2x120\u00a0g - SES Creative","isPartOf":{"@id":"https:\/\/ses-creative.com\/#website"},"primaryImageOfPage":{"@id":"https:\/\/ses-creative.com\/fr\/produit\/slime-phosphorescent-2x120-g\/#primaryimage"},"image":{"@id":"https:\/\/ses-creative.com\/fr\/produit\/slime-phosphorescent-2x120-g\/#primaryimage"},"thumbnailUrl":"https:\/\/ses-creative.com\/wp-content\/uploads\/2026\/01\/150071.jpg","datePublished":"2026-02-12T10:09:50+00:00","dateModified":"2026-02-12T10:23:16+00:00","breadcrumb":{"@id":"https:\/\/ses-creative.com\/fr\/produit\/slime-phosphorescent-2x120-g\/#breadcrumb"},"inLanguage":"fr-FR","potentialAction":[{"@type":"ReadAction","target":["https:\/\/ses-creative.com\/fr\/produit\/slime-phosphorescent-2x120-g\/"]}]},{"@type":"ImageObject","inLanguage":"fr-FR","@id":"https:\/\/ses-creative.com\/fr\/produit\/slime-phosphorescent-2x120-g\/#primaryimage","url":"https:\/\/ses-creative.com\/wp-content\/uploads\/2026\/01\/150071.jpg","contentUrl":"https:\/\/ses-creative.com\/wp-content\/uploads\/2026\/01\/150071.jpg","width":1000,"height":1000},{"@type":"BreadcrumbList","@id":"https:\/\/ses-creative.com\/fr\/produit\/slime-phosphorescent-2x120-g\/#breadcrumb","itemListElement":[{"@type":"ListItem","position":1,"name":"Boutique","item":"https:\/\/ses-creative.com\/fr\/boutique\/"},{"@type":"ListItem","position":2,"name":"Slime","item":"https:\/\/ses-creative.com\/fr\/product-categorie\/slime\/"},{"@type":"ListItem","position":3,"name":"Slime &#8211; Phosphorescent 2&#215;120\u00a0g"}]},{"@type":"WebSite","@id":"https:\/\/ses-creative.com\/#website","url":"https:\/\/ses-creative.com\/","name":"SES Creative","description":"","publisher":{"@id":"https:\/\/ses-creative.com\/#organization"},"potentialAction":[{"@type":"SearchAction","target":{"@type":"EntryPoint","urlTemplate":"https:\/\/ses-creative.com\/?s={search_term_string}"},"query-input":{"@type":"PropertyValueSpecification","valueRequired":true,"valueName":"search_term_string"}}],"inLanguage":"fr-FR"},{"@type":"Organization","@id":"https:\/\/ses-creative.com\/#organization","name":"SES Creative","url":"https:\/\/ses-creative.com\/","logo":{"@type":"ImageObject","inLanguage":"fr-FR","@id":"https:\/\/ses-creative.com\/#\/schema\/logo\/image\/","url":"https:\/\/ses-creative.com\/wp-content\/uploads\/2025\/10\/ses-creative-logo.jpg","contentUrl":"https:\/\/ses-creative.com\/wp-content\/uploads\/2025\/10\/ses-creative-logo.jpg","width":2037,"height":2037,"caption":"SES Creative"},"image":{"@id":"https:\/\/ses-creative.com\/#\/schema\/logo\/image\/"}}]}},"_links":{"self":[{"href":"https:\/\/ses-creative.com\/fr\/wp-json\/wp\/v2\/product\/118456","targetHints":{"allow":["GET"]}}],"collection":[{"href":"https:\/\/ses-creative.com\/fr\/wp-json\/wp\/v2\/product"}],"about":[{"href":"https:\/\/ses-creative.com\/fr\/wp-json\/wp\/v2\/types\/product"}],"replies":[{"embeddable":true,"href":"https:\/\/ses-creative.com\/fr\/wp-json\/wp\/v2\/comments?post=118456"}],"wp:featuredmedia":[{"embeddable":true,"href":"https:\/\/ses-creative.com\/fr\/wp-json\/wp\/v2\/media\/105156"}],"wp:attachment":[{"href":"https:\/\/ses-creative.com\/fr\/wp-json\/wp\/v2\/media?parent=118456"}],"wp:term":[{"taxonomy":"product_brand","embeddable":true,"href":"https:\/\/ses-creative.com\/fr\/wp-json\/wp\/v2\/product_brand?post=118456"},{"taxonomy":"product_cat","embeddable":true,"href":"https:\/\/ses-creative.com\/fr\/wp-json\/wp\/v2\/product_cat?post=118456"},{"taxonomy":"product_tag","embeddable":true,"href":"https:\/\/ses-creative.com\/fr\/wp-json\/wp\/v2\/product_tag?post=118456"}],"curies":[{"name":"wp","href":"https:\/\/api.w.org\/{rel}","templated":true}]}}