











{"id":118455,"date":"2026-02-12T10:09:50","date_gmt":"2026-02-12T10:09:50","guid":{"rendered":"https:\/\/ses-creative.com\/?post_type=product&#038;p=118455"},"modified":"2026-02-12T10:23:16","modified_gmt":"2026-02-12T10:23:16","slug":"slime-paillettes-2x120gr","status":"publish","type":"product","link":"https:\/\/ses-creative.com\/fr\/produit\/slime-paillettes-2x120gr\/","title":{"rendered":"Slime &#8211; Paillettes 2x120gr"},"content":{"rendered":"<p>Slime &#8211; Paillettes : l&rsquo;exp\u00e9rience ultime en mati\u00e8re de slime !<br \/>\nAvec le kit Slime \u2013 Paillettes de SES Creative, vivez l&rsquo;aventure ultime avec le slime ! Ce kit contient deux pots de slime pr\u00eat \u00e0 l&#8217;emploi rempli de paillettes, parfait pour les enfants qui aiment malaxer, jouer et exp\u00e9rimenter. Ouvrez l&rsquo;un des pots et commencez imm\u00e9diatement \u00e0 malaxer et \u00e0 \u00e9tirer. Combinez les deux types de slime pour une exp\u00e9rience encore plus ludique. Le slime souple et extensible avec une touche scintillante garantit des heures de plaisir. Id\u00e9al pour les enfants \u00e0 partir de 3 ans !<br \/>\nCe qui rend ce kit g\u00e9nial<br \/>\n&#8211;    La p\u00e2te \u00e0 modeler est sans gluten, sans danger et conforme \u00e0 toutes les normes de s\u00e9curit\u00e9<br \/>\n&#8211;    Le slime est facilement lavable<br \/>\n&#8211;    Agr\u00e9able \u00e0 manipuler, il stimule la cr\u00e9ativit\u00e9<br \/>\n&#8211;    Ce set contient deux couleurs diff\u00e9rentes de slime : rose et violet<br \/>\n&#8211;    Kit tendance, avec des paillettes et des couleurs tendance<br \/>\nSlime scintillant pour s&rsquo;amuser<br \/>\nLe slime paillet\u00e9 est pr\u00eat \u00e0 l&#8217;emploi, ce qui permet aux enfants de commencer \u00e0 jouer imm\u00e9diatement. Le slime scintillant est doux, extensible et parfait pour \u00eatre malax\u00e9 et model\u00e9. Les paillettes ajout\u00e9es lui conf\u00e8rent un effet magique, ce qui le rend encore plus amusant \u00e0 jouer. Ce set contient deux variantes. Les parents n&rsquo;ont pas \u00e0 s&rsquo;inqui\u00e9ter, car la p\u00e2te \u00e0 modeler est sans danger et facile \u00e0 nettoyer.<br \/>\nContenu du kit<br \/>\n&#8211;    Slime rose pr\u00eat \u00e0 l&#8217;emploi avec paillettes 120 grammes<br \/>\n&#8211;    Slime paillet\u00e9 violet pr\u00eat \u00e0 l&#8217;emploi 120 grammes<br \/>\nPourquoi choisir SES Creative ?<br \/>\nChez SES Creative, nous accordons une grande importance \u00e0 la s\u00e9curit\u00e9. C&rsquo;est pourquoi nos produits sont fabriqu\u00e9s et test\u00e9s dans notre usine aux Pays-Bas, conform\u00e9ment aux normes de s\u00e9curit\u00e9 europ\u00e9ennes les plus strictes. Les jouets SES Creative sont source de plaisir et permettent aux enfants d&rsquo;\u00eatre fiers de leur travail, ce qui stimule leur cr\u00e9ativit\u00e9 et leur d\u00e9veloppement.<br \/>\nPr\u00eat pour un plaisir scintillant avec la p\u00e2te \u00e0 modeler ?<br \/>\nProcurez-vous le kit Slime &#8211; Glitter de SES Creative et d\u00e9couvrez \u00e0 quel point il est amusant de jouer avec du slime. P\u00e9trissez, \u00e9tirez et profitez d&rsquo;une aventure magique et scintillante. Qu&rsquo;attendez-vous ? Commencez d\u00e8s aujourd&rsquo;hui vos exp\u00e9riences avec le slime !<\/p>\n","protected":false},"excerpt":{"rendered":"<p>Slime &#8211; Paillettes : l&rsquo;exp\u00e9rience ultime en mati\u00e8re de slime ! Avec le kit Slime \u2013 Paillettes de SES Creative, vivez l&rsquo;aventure ultime avec le slime ! Ce kit contient deux pots de slime pr\u00eat \u00e0 l&#8217;emploi rempli de paillettes, parfait pour les enfants qui aiment malaxer, jouer et exp\u00e9rimenter. Ouvrez l&rsquo;un des pots et [&hellip;]<\/p>\n","protected":false},"featured_media":105136,"comment_status":"closed","ping_status":"closed","template":"","meta":{"_acf_changed":false},"product_brand":[],"product_cat":[127],"product_tag":[],"class_list":{"0":"post-118455","1":"product","2":"type-product","3":"status-publish","4":"has-post-thumbnail","6":"product_cat-slime","7":"pa_leeftijd-filter-3-4-ans","8":"pa_meest-populair-bij-garcons-filles","10":"first","11":"instock","12":"shipping-taxable","13":"product-type-simple"},"acf":[],"yoast_head":"<!-- This site is optimized with the Yoast SEO plugin v27.4 - https:\/\/yoast.com\/product\/yoast-seo-wordpress\/ -->\n<title>Slime - Paillettes 2x120gr - SES Creative<\/title>\n<meta name=\"robots\" content=\"index, follow, max-snippet:-1, max-image-preview:large, max-video-preview:-1\" \/>\n<link rel=\"canonical\" href=\"https:\/\/ses-creative.com\/fr\/produit\/slime-paillettes-2x120gr\/\" \/>\n<meta property=\"og:locale\" content=\"fr_FR\" \/>\n<meta property=\"og:type\" content=\"article\" \/>\n<meta property=\"og:title\" content=\"Slime - Paillettes 2x120gr - SES Creative\" \/>\n<meta property=\"og:description\" content=\"Slime &#8211; Paillettes : l&rsquo;exp\u00e9rience ultime en mati\u00e8re de slime ! Avec le kit Slime \u2013 Paillettes de SES Creative, vivez l&rsquo;aventure ultime avec le slime ! Ce kit contient deux pots de slime pr\u00eat \u00e0 l&#8217;emploi rempli de paillettes, parfait pour les enfants qui aiment malaxer, jouer et exp\u00e9rimenter. Ouvrez l&rsquo;un des pots et [&hellip;]\" \/>\n<meta property=\"og:url\" content=\"https:\/\/ses-creative.com\/fr\/produit\/slime-paillettes-2x120gr\/\" \/>\n<meta property=\"og:site_name\" content=\"SES Creative\" \/>\n<meta property=\"article:modified_time\" content=\"2026-02-12T10:23:16+00:00\" \/>\n<meta name=\"twitter:card\" content=\"summary_large_image\" \/>\n<meta name=\"twitter:label1\" content=\"Dur\u00e9e de lecture estim\u00e9e\" \/>\n\t<meta name=\"twitter:data1\" content=\"2 minutes\" \/>\n<script type=\"application\/ld+json\" class=\"yoast-schema-graph\">{\"@context\":\"https:\\\/\\\/schema.org\",\"@graph\":[{\"@type\":\"WebPage\",\"@id\":\"https:\\\/\\\/ses-creative.com\\\/fr\\\/produit\\\/slime-paillettes-2x120gr\\\/\",\"url\":\"https:\\\/\\\/ses-creative.com\\\/fr\\\/produit\\\/slime-paillettes-2x120gr\\\/\",\"name\":\"Slime - Paillettes 2x120gr - SES Creative\",\"isPartOf\":{\"@id\":\"https:\\\/\\\/ses-creative.com\\\/#website\"},\"primaryImageOfPage\":{\"@id\":\"https:\\\/\\\/ses-creative.com\\\/fr\\\/produit\\\/slime-paillettes-2x120gr\\\/#primaryimage\"},\"image\":{\"@id\":\"https:\\\/\\\/ses-creative.com\\\/fr\\\/produit\\\/slime-paillettes-2x120gr\\\/#primaryimage\"},\"thumbnailUrl\":\"https:\\\/\\\/ses-creative.com\\\/wp-content\\\/uploads\\\/2026\\\/01\\\/150031.jpg\",\"datePublished\":\"2026-02-12T10:09:50+00:00\",\"dateModified\":\"2026-02-12T10:23:16+00:00\",\"breadcrumb\":{\"@id\":\"https:\\\/\\\/ses-creative.com\\\/fr\\\/produit\\\/slime-paillettes-2x120gr\\\/#breadcrumb\"},\"inLanguage\":\"fr-FR\",\"potentialAction\":[{\"@type\":\"ReadAction\",\"target\":[\"https:\\\/\\\/ses-creative.com\\\/fr\\\/produit\\\/slime-paillettes-2x120gr\\\/\"]}]},{\"@type\":\"ImageObject\",\"inLanguage\":\"fr-FR\",\"@id\":\"https:\\\/\\\/ses-creative.com\\\/fr\\\/produit\\\/slime-paillettes-2x120gr\\\/#primaryimage\",\"url\":\"https:\\\/\\\/ses-creative.com\\\/wp-content\\\/uploads\\\/2026\\\/01\\\/150031.jpg\",\"contentUrl\":\"https:\\\/\\\/ses-creative.com\\\/wp-content\\\/uploads\\\/2026\\\/01\\\/150031.jpg\",\"width\":1000,\"height\":1000},{\"@type\":\"BreadcrumbList\",\"@id\":\"https:\\\/\\\/ses-creative.com\\\/fr\\\/produit\\\/slime-paillettes-2x120gr\\\/#breadcrumb\",\"itemListElement\":[{\"@type\":\"ListItem\",\"position\":1,\"name\":\"Boutique\",\"item\":\"https:\\\/\\\/ses-creative.com\\\/fr\\\/boutique\\\/\"},{\"@type\":\"ListItem\",\"position\":2,\"name\":\"Slime\",\"item\":\"https:\\\/\\\/ses-creative.com\\\/fr\\\/product-categorie\\\/slime\\\/\"},{\"@type\":\"ListItem\",\"position\":3,\"name\":\"Slime &#8211; Paillettes 2x120gr\"}]},{\"@type\":\"WebSite\",\"@id\":\"https:\\\/\\\/ses-creative.com\\\/#website\",\"url\":\"https:\\\/\\\/ses-creative.com\\\/\",\"name\":\"SES Creative\",\"description\":\"\",\"publisher\":{\"@id\":\"https:\\\/\\\/ses-creative.com\\\/#organization\"},\"potentialAction\":[{\"@type\":\"SearchAction\",\"target\":{\"@type\":\"EntryPoint\",\"urlTemplate\":\"https:\\\/\\\/ses-creative.com\\\/?s={search_term_string}\"},\"query-input\":{\"@type\":\"PropertyValueSpecification\",\"valueRequired\":true,\"valueName\":\"search_term_string\"}}],\"inLanguage\":\"fr-FR\"},{\"@type\":\"Organization\",\"@id\":\"https:\\\/\\\/ses-creative.com\\\/#organization\",\"name\":\"SES Creative\",\"url\":\"https:\\\/\\\/ses-creative.com\\\/\",\"logo\":{\"@type\":\"ImageObject\",\"inLanguage\":\"fr-FR\",\"@id\":\"https:\\\/\\\/ses-creative.com\\\/#\\\/schema\\\/logo\\\/image\\\/\",\"url\":\"https:\\\/\\\/ses-creative.com\\\/wp-content\\\/uploads\\\/2025\\\/10\\\/ses-creative-logo.jpg\",\"contentUrl\":\"https:\\\/\\\/ses-creative.com\\\/wp-content\\\/uploads\\\/2025\\\/10\\\/ses-creative-logo.jpg\",\"width\":2037,\"height\":2037,\"caption\":\"SES Creative\"},\"image\":{\"@id\":\"https:\\\/\\\/ses-creative.com\\\/#\\\/schema\\\/logo\\\/image\\\/\"}}]}<\/script>\n<!-- \/ Yoast SEO plugin. -->","yoast_head_json":{"title":"Slime - Paillettes 2x120gr - SES Creative","robots":{"index":"index","follow":"follow","max-snippet":"max-snippet:-1","max-image-preview":"max-image-preview:large","max-video-preview":"max-video-preview:-1"},"canonical":"https:\/\/ses-creative.com\/fr\/produit\/slime-paillettes-2x120gr\/","og_locale":"fr_FR","og_type":"article","og_title":"Slime - Paillettes 2x120gr - SES Creative","og_description":"Slime &#8211; Paillettes : l&rsquo;exp\u00e9rience ultime en mati\u00e8re de slime ! Avec le kit Slime \u2013 Paillettes de SES Creative, vivez l&rsquo;aventure ultime avec le slime ! Ce kit contient deux pots de slime pr\u00eat \u00e0 l&#8217;emploi rempli de paillettes, parfait pour les enfants qui aiment malaxer, jouer et exp\u00e9rimenter. Ouvrez l&rsquo;un des pots et [&hellip;]","og_url":"https:\/\/ses-creative.com\/fr\/produit\/slime-paillettes-2x120gr\/","og_site_name":"SES Creative","article_modified_time":"2026-02-12T10:23:16+00:00","twitter_card":"summary_large_image","twitter_misc":{"Dur\u00e9e de lecture estim\u00e9e":"2 minutes"},"schema":{"@context":"https:\/\/schema.org","@graph":[{"@type":"WebPage","@id":"https:\/\/ses-creative.com\/fr\/produit\/slime-paillettes-2x120gr\/","url":"https:\/\/ses-creative.com\/fr\/produit\/slime-paillettes-2x120gr\/","name":"Slime - Paillettes 2x120gr - SES Creative","isPartOf":{"@id":"https:\/\/ses-creative.com\/#website"},"primaryImageOfPage":{"@id":"https:\/\/ses-creative.com\/fr\/produit\/slime-paillettes-2x120gr\/#primaryimage"},"image":{"@id":"https:\/\/ses-creative.com\/fr\/produit\/slime-paillettes-2x120gr\/#primaryimage"},"thumbnailUrl":"https:\/\/ses-creative.com\/wp-content\/uploads\/2026\/01\/150031.jpg","datePublished":"2026-02-12T10:09:50+00:00","dateModified":"2026-02-12T10:23:16+00:00","breadcrumb":{"@id":"https:\/\/ses-creative.com\/fr\/produit\/slime-paillettes-2x120gr\/#breadcrumb"},"inLanguage":"fr-FR","potentialAction":[{"@type":"ReadAction","target":["https:\/\/ses-creative.com\/fr\/produit\/slime-paillettes-2x120gr\/"]}]},{"@type":"ImageObject","inLanguage":"fr-FR","@id":"https:\/\/ses-creative.com\/fr\/produit\/slime-paillettes-2x120gr\/#primaryimage","url":"https:\/\/ses-creative.com\/wp-content\/uploads\/2026\/01\/150031.jpg","contentUrl":"https:\/\/ses-creative.com\/wp-content\/uploads\/2026\/01\/150031.jpg","width":1000,"height":1000},{"@type":"BreadcrumbList","@id":"https:\/\/ses-creative.com\/fr\/produit\/slime-paillettes-2x120gr\/#breadcrumb","itemListElement":[{"@type":"ListItem","position":1,"name":"Boutique","item":"https:\/\/ses-creative.com\/fr\/boutique\/"},{"@type":"ListItem","position":2,"name":"Slime","item":"https:\/\/ses-creative.com\/fr\/product-categorie\/slime\/"},{"@type":"ListItem","position":3,"name":"Slime &#8211; Paillettes 2x120gr"}]},{"@type":"WebSite","@id":"https:\/\/ses-creative.com\/#website","url":"https:\/\/ses-creative.com\/","name":"SES Creative","description":"","publisher":{"@id":"https:\/\/ses-creative.com\/#organization"},"potentialAction":[{"@type":"SearchAction","target":{"@type":"EntryPoint","urlTemplate":"https:\/\/ses-creative.com\/?s={search_term_string}"},"query-input":{"@type":"PropertyValueSpecification","valueRequired":true,"valueName":"search_term_string"}}],"inLanguage":"fr-FR"},{"@type":"Organization","@id":"https:\/\/ses-creative.com\/#organization","name":"SES Creative","url":"https:\/\/ses-creative.com\/","logo":{"@type":"ImageObject","inLanguage":"fr-FR","@id":"https:\/\/ses-creative.com\/#\/schema\/logo\/image\/","url":"https:\/\/ses-creative.com\/wp-content\/uploads\/2025\/10\/ses-creative-logo.jpg","contentUrl":"https:\/\/ses-creative.com\/wp-content\/uploads\/2025\/10\/ses-creative-logo.jpg","width":2037,"height":2037,"caption":"SES Creative"},"image":{"@id":"https:\/\/ses-creative.com\/#\/schema\/logo\/image\/"}}]}},"_links":{"self":[{"href":"https:\/\/ses-creative.com\/fr\/wp-json\/wp\/v2\/product\/118455","targetHints":{"allow":["GET"]}}],"collection":[{"href":"https:\/\/ses-creative.com\/fr\/wp-json\/wp\/v2\/product"}],"about":[{"href":"https:\/\/ses-creative.com\/fr\/wp-json\/wp\/v2\/types\/product"}],"replies":[{"embeddable":true,"href":"https:\/\/ses-creative.com\/fr\/wp-json\/wp\/v2\/comments?post=118455"}],"wp:featuredmedia":[{"embeddable":true,"href":"https:\/\/ses-creative.com\/fr\/wp-json\/wp\/v2\/media\/105136"}],"wp:attachment":[{"href":"https:\/\/ses-creative.com\/fr\/wp-json\/wp\/v2\/media?parent=118455"}],"wp:term":[{"taxonomy":"product_brand","embeddable":true,"href":"https:\/\/ses-creative.com\/fr\/wp-json\/wp\/v2\/product_brand?post=118455"},{"taxonomy":"product_cat","embeddable":true,"href":"https:\/\/ses-creative.com\/fr\/wp-json\/wp\/v2\/product_cat?post=118455"},{"taxonomy":"product_tag","embeddable":true,"href":"https:\/\/ses-creative.com\/fr\/wp-json\/wp\/v2\/product_tag?post=118455"}],"curies":[{"name":"wp","href":"https:\/\/api.w.org\/{rel}","templated":true}]}}