











{"id":118454,"date":"2026-02-12T10:09:50","date_gmt":"2026-02-12T10:09:50","guid":{"rendered":"https:\/\/ses-creative.com\/?post_type=product&#038;p=118454"},"modified":"2026-02-12T10:23:16","modified_gmt":"2026-02-12T10:23:16","slug":"decorations-pour-tes-ongles","status":"publish","type":"product","link":"https:\/\/ses-creative.com\/fr\/produit\/decorations-pour-tes-ongles\/","title":{"rendered":"D\u00e9corations pour tes ongles"},"content":{"rendered":"<p>Hobby Pink \u2013 D\u00e9coration des ongles<\/p>\n<p>Cr\u00e9ez vos propres ongles glamour avec le kit D\u00e9coration des ongles de SES Creative ! Avec 12 couleurs de vernis \u00e0 ongles \u00e0 base d&rsquo;eau sans danger et de superbes strass, vous pouvez varier \u00e0 l&rsquo;infini et d\u00e9couvrir votre propre style. Parfait pour les jeunes stylistes qui aiment les paillettes, les couleurs et la cr\u00e9ativit\u00e9.<\/p>\n<p>Ce qui rend ce kit g\u00e9nial<\/p>\n<p>12 couleurs de vernis \u00e0 ongles \u00e0 base d&rsquo;eau sans danger pour les enfants<br \/>\nPaillettes scintillantes incluses<br \/>\nS\u00fbr et facile \u00e0 laver<br \/>\nStimule la cr\u00e9ativit\u00e9 et la motricit\u00e9 fine<br \/>\nParfait pour les f\u00eates ou un apr\u00e8s-midi cr\u00e9atif et amusant<\/p>\n<p>Faites briller vos ongles<br \/>\nAvec ce kit, vous pouvez cr\u00e9er des ongles aussi uniques que vous. Choisissez votre couleur pr\u00e9f\u00e9r\u00e9e, laissez s\u00e9cher et ajoutez des paillettes pour une finition scintillante. Gr\u00e2ce \u00e0 sa base aqueuse, le vernis \u00e0 ongles s&rsquo;enl\u00e8ve facilement, ce qui vous permet de cr\u00e9er sans cesse de nouveaux looks.<\/p>\n<p>Contenu du kit<\/p>\n<p>12 couleurs de vernis \u00e0 ongles sans danger pour les enfants<br \/>\nPaillettes<\/p>\n<p>Pourquoi choisir SES Creative<br \/>\nChez SES Creative, nous accordons une grande importance \u00e0 la s\u00e9curit\u00e9. C&rsquo;est pourquoi nos produits sont fabriqu\u00e9s et test\u00e9s dans notre usine aux Pays-Bas, conform\u00e9ment aux normes de s\u00e9curit\u00e9 europ\u00e9ennes les plus strictes. Les jouets SES Creative sont source de plaisir et permettent aux enfants d&rsquo;\u00eatre fiers de leur travail, ce qui stimule leur cr\u00e9ativit\u00e9 et leur d\u00e9veloppement.<\/p>\n<p>Commencez d\u00e8s aujourd&rsquo;hui \u00e0 cr\u00e9er vos propres ongles<br \/>\nOptez pour les paillettes et le glamour et d\u00e9couvrez \u00e0 quel point il est amusant de d\u00e9corer vos propres ongles !<\/p>\n","protected":false},"excerpt":{"rendered":"<p>Hobby Pink \u2013 D\u00e9coration des ongles Cr\u00e9ez vos propres ongles glamour avec le kit D\u00e9coration des ongles de SES Creative ! Avec 12 couleurs de vernis \u00e0 ongles \u00e0 base d&rsquo;eau sans danger et de superbes strass, vous pouvez varier \u00e0 l&rsquo;infini et d\u00e9couvrir votre propre style. Parfait pour les jeunes stylistes qui aiment les [&hellip;]<\/p>\n","protected":false},"featured_media":107568,"comment_status":"closed","ping_status":"closed","template":"","meta":{"_acf_changed":false},"product_brand":[],"product_cat":[122],"product_tag":[],"class_list":{"0":"post-118454","1":"product","2":"type-product","3":"status-publish","4":"has-post-thumbnail","6":"product_cat-loisirs-creatifs","7":"pa_leeftijd-filter-4-6-ans","8":"pa_meest-populair-bij-filles","10":"first","11":"instock","12":"shipping-taxable","13":"product-type-simple"},"acf":[],"yoast_head":"<!-- This site is optimized with the Yoast SEO plugin v27.2 - https:\/\/yoast.com\/product\/yoast-seo-wordpress\/ -->\n<title>D\u00e9corations pour tes ongles - SES Creative<\/title>\n<meta name=\"robots\" content=\"index, follow, max-snippet:-1, max-image-preview:large, max-video-preview:-1\" \/>\n<link rel=\"canonical\" href=\"https:\/\/ses-creative.com\/fr\/produit\/decorations-pour-tes-ongles\/\" \/>\n<meta property=\"og:locale\" content=\"fr_FR\" \/>\n<meta property=\"og:type\" content=\"article\" \/>\n<meta property=\"og:title\" content=\"D\u00e9corations pour tes ongles - SES Creative\" \/>\n<meta property=\"og:description\" content=\"Hobby Pink \u2013 D\u00e9coration des ongles Cr\u00e9ez vos propres ongles glamour avec le kit D\u00e9coration des ongles de SES Creative ! Avec 12 couleurs de vernis \u00e0 ongles \u00e0 base d&rsquo;eau sans danger et de superbes strass, vous pouvez varier \u00e0 l&rsquo;infini et d\u00e9couvrir votre propre style. Parfait pour les jeunes stylistes qui aiment les [&hellip;]\" \/>\n<meta property=\"og:url\" content=\"https:\/\/ses-creative.com\/fr\/produit\/decorations-pour-tes-ongles\/\" \/>\n<meta property=\"og:site_name\" content=\"SES Creative\" \/>\n<meta property=\"article:modified_time\" content=\"2026-02-12T10:23:16+00:00\" \/>\n<meta name=\"twitter:card\" content=\"summary_large_image\" \/>\n<meta name=\"twitter:label1\" content=\"Dur\u00e9e de lecture estim\u00e9e\" \/>\n\t<meta name=\"twitter:data1\" content=\"1 minute\" \/>\n<script type=\"application\/ld+json\" class=\"yoast-schema-graph\">{\"@context\":\"https:\/\/schema.org\",\"@graph\":[{\"@type\":\"WebPage\",\"@id\":\"https:\/\/ses-creative.com\/fr\/produit\/decorations-pour-tes-ongles\/\",\"url\":\"https:\/\/ses-creative.com\/fr\/produit\/decorations-pour-tes-ongles\/\",\"name\":\"D\u00e9corations pour tes ongles - SES Creative\",\"isPartOf\":{\"@id\":\"https:\/\/ses-creative.com\/#website\"},\"primaryImageOfPage\":{\"@id\":\"https:\/\/ses-creative.com\/fr\/produit\/decorations-pour-tes-ongles\/#primaryimage\"},\"image\":{\"@id\":\"https:\/\/ses-creative.com\/fr\/produit\/decorations-pour-tes-ongles\/#primaryimage\"},\"thumbnailUrl\":\"https:\/\/ses-creative.com\/wp-content\/uploads\/2026\/01\/149751-1.jpg\",\"datePublished\":\"2026-02-12T10:09:50+00:00\",\"dateModified\":\"2026-02-12T10:23:16+00:00\",\"breadcrumb\":{\"@id\":\"https:\/\/ses-creative.com\/fr\/produit\/decorations-pour-tes-ongles\/#breadcrumb\"},\"inLanguage\":\"fr-FR\",\"potentialAction\":[{\"@type\":\"ReadAction\",\"target\":[\"https:\/\/ses-creative.com\/fr\/produit\/decorations-pour-tes-ongles\/\"]}]},{\"@type\":\"ImageObject\",\"inLanguage\":\"fr-FR\",\"@id\":\"https:\/\/ses-creative.com\/fr\/produit\/decorations-pour-tes-ongles\/#primaryimage\",\"url\":\"https:\/\/ses-creative.com\/wp-content\/uploads\/2026\/01\/149751-1.jpg\",\"contentUrl\":\"https:\/\/ses-creative.com\/wp-content\/uploads\/2026\/01\/149751-1.jpg\",\"width\":1000,\"height\":1000},{\"@type\":\"BreadcrumbList\",\"@id\":\"https:\/\/ses-creative.com\/fr\/produit\/decorations-pour-tes-ongles\/#breadcrumb\",\"itemListElement\":[{\"@type\":\"ListItem\",\"position\":1,\"name\":\"Boutique\",\"item\":\"https:\/\/ses-creative.com\/fr\/boutique\/\"},{\"@type\":\"ListItem\",\"position\":2,\"name\":\"Loisirs cr\u00e9atifs\",\"item\":\"https:\/\/ses-creative.com\/fr\/product-categorie\/loisirs-creatifs\/\"},{\"@type\":\"ListItem\",\"position\":3,\"name\":\"D\u00e9corations pour tes ongles\"}]},{\"@type\":\"WebSite\",\"@id\":\"https:\/\/ses-creative.com\/#website\",\"url\":\"https:\/\/ses-creative.com\/\",\"name\":\"SES Creative\",\"description\":\"\",\"publisher\":{\"@id\":\"https:\/\/ses-creative.com\/#organization\"},\"potentialAction\":[{\"@type\":\"SearchAction\",\"target\":{\"@type\":\"EntryPoint\",\"urlTemplate\":\"https:\/\/ses-creative.com\/?s={search_term_string}\"},\"query-input\":{\"@type\":\"PropertyValueSpecification\",\"valueRequired\":true,\"valueName\":\"search_term_string\"}}],\"inLanguage\":\"fr-FR\"},{\"@type\":\"Organization\",\"@id\":\"https:\/\/ses-creative.com\/#organization\",\"name\":\"SES Creative\",\"url\":\"https:\/\/ses-creative.com\/\",\"logo\":{\"@type\":\"ImageObject\",\"inLanguage\":\"fr-FR\",\"@id\":\"https:\/\/ses-creative.com\/#\/schema\/logo\/image\/\",\"url\":\"https:\/\/ses-creative.com\/wp-content\/uploads\/2025\/10\/ses-creative-logo.jpg\",\"contentUrl\":\"https:\/\/ses-creative.com\/wp-content\/uploads\/2025\/10\/ses-creative-logo.jpg\",\"width\":2037,\"height\":2037,\"caption\":\"SES Creative\"},\"image\":{\"@id\":\"https:\/\/ses-creative.com\/#\/schema\/logo\/image\/\"}}]}<\/script>\n<!-- \/ Yoast SEO plugin. -->","yoast_head_json":{"title":"D\u00e9corations pour tes ongles - SES Creative","robots":{"index":"index","follow":"follow","max-snippet":"max-snippet:-1","max-image-preview":"max-image-preview:large","max-video-preview":"max-video-preview:-1"},"canonical":"https:\/\/ses-creative.com\/fr\/produit\/decorations-pour-tes-ongles\/","og_locale":"fr_FR","og_type":"article","og_title":"D\u00e9corations pour tes ongles - SES Creative","og_description":"Hobby Pink \u2013 D\u00e9coration des ongles Cr\u00e9ez vos propres ongles glamour avec le kit D\u00e9coration des ongles de SES Creative ! Avec 12 couleurs de vernis \u00e0 ongles \u00e0 base d&rsquo;eau sans danger et de superbes strass, vous pouvez varier \u00e0 l&rsquo;infini et d\u00e9couvrir votre propre style. Parfait pour les jeunes stylistes qui aiment les [&hellip;]","og_url":"https:\/\/ses-creative.com\/fr\/produit\/decorations-pour-tes-ongles\/","og_site_name":"SES Creative","article_modified_time":"2026-02-12T10:23:16+00:00","twitter_card":"summary_large_image","twitter_misc":{"Dur\u00e9e de lecture estim\u00e9e":"1 minute"},"schema":{"@context":"https:\/\/schema.org","@graph":[{"@type":"WebPage","@id":"https:\/\/ses-creative.com\/fr\/produit\/decorations-pour-tes-ongles\/","url":"https:\/\/ses-creative.com\/fr\/produit\/decorations-pour-tes-ongles\/","name":"D\u00e9corations pour tes ongles - SES Creative","isPartOf":{"@id":"https:\/\/ses-creative.com\/#website"},"primaryImageOfPage":{"@id":"https:\/\/ses-creative.com\/fr\/produit\/decorations-pour-tes-ongles\/#primaryimage"},"image":{"@id":"https:\/\/ses-creative.com\/fr\/produit\/decorations-pour-tes-ongles\/#primaryimage"},"thumbnailUrl":"https:\/\/ses-creative.com\/wp-content\/uploads\/2026\/01\/149751-1.jpg","datePublished":"2026-02-12T10:09:50+00:00","dateModified":"2026-02-12T10:23:16+00:00","breadcrumb":{"@id":"https:\/\/ses-creative.com\/fr\/produit\/decorations-pour-tes-ongles\/#breadcrumb"},"inLanguage":"fr-FR","potentialAction":[{"@type":"ReadAction","target":["https:\/\/ses-creative.com\/fr\/produit\/decorations-pour-tes-ongles\/"]}]},{"@type":"ImageObject","inLanguage":"fr-FR","@id":"https:\/\/ses-creative.com\/fr\/produit\/decorations-pour-tes-ongles\/#primaryimage","url":"https:\/\/ses-creative.com\/wp-content\/uploads\/2026\/01\/149751-1.jpg","contentUrl":"https:\/\/ses-creative.com\/wp-content\/uploads\/2026\/01\/149751-1.jpg","width":1000,"height":1000},{"@type":"BreadcrumbList","@id":"https:\/\/ses-creative.com\/fr\/produit\/decorations-pour-tes-ongles\/#breadcrumb","itemListElement":[{"@type":"ListItem","position":1,"name":"Boutique","item":"https:\/\/ses-creative.com\/fr\/boutique\/"},{"@type":"ListItem","position":2,"name":"Loisirs cr\u00e9atifs","item":"https:\/\/ses-creative.com\/fr\/product-categorie\/loisirs-creatifs\/"},{"@type":"ListItem","position":3,"name":"D\u00e9corations pour tes ongles"}]},{"@type":"WebSite","@id":"https:\/\/ses-creative.com\/#website","url":"https:\/\/ses-creative.com\/","name":"SES Creative","description":"","publisher":{"@id":"https:\/\/ses-creative.com\/#organization"},"potentialAction":[{"@type":"SearchAction","target":{"@type":"EntryPoint","urlTemplate":"https:\/\/ses-creative.com\/?s={search_term_string}"},"query-input":{"@type":"PropertyValueSpecification","valueRequired":true,"valueName":"search_term_string"}}],"inLanguage":"fr-FR"},{"@type":"Organization","@id":"https:\/\/ses-creative.com\/#organization","name":"SES Creative","url":"https:\/\/ses-creative.com\/","logo":{"@type":"ImageObject","inLanguage":"fr-FR","@id":"https:\/\/ses-creative.com\/#\/schema\/logo\/image\/","url":"https:\/\/ses-creative.com\/wp-content\/uploads\/2025\/10\/ses-creative-logo.jpg","contentUrl":"https:\/\/ses-creative.com\/wp-content\/uploads\/2025\/10\/ses-creative-logo.jpg","width":2037,"height":2037,"caption":"SES Creative"},"image":{"@id":"https:\/\/ses-creative.com\/#\/schema\/logo\/image\/"}}]}},"_links":{"self":[{"href":"https:\/\/ses-creative.com\/fr\/wp-json\/wp\/v2\/product\/118454","targetHints":{"allow":["GET"]}}],"collection":[{"href":"https:\/\/ses-creative.com\/fr\/wp-json\/wp\/v2\/product"}],"about":[{"href":"https:\/\/ses-creative.com\/fr\/wp-json\/wp\/v2\/types\/product"}],"replies":[{"embeddable":true,"href":"https:\/\/ses-creative.com\/fr\/wp-json\/wp\/v2\/comments?post=118454"}],"wp:featuredmedia":[{"embeddable":true,"href":"https:\/\/ses-creative.com\/fr\/wp-json\/wp\/v2\/media\/107568"}],"wp:attachment":[{"href":"https:\/\/ses-creative.com\/fr\/wp-json\/wp\/v2\/media?parent=118454"}],"wp:term":[{"taxonomy":"product_brand","embeddable":true,"href":"https:\/\/ses-creative.com\/fr\/wp-json\/wp\/v2\/product_brand?post=118454"},{"taxonomy":"product_cat","embeddable":true,"href":"https:\/\/ses-creative.com\/fr\/wp-json\/wp\/v2\/product_cat?post=118454"},{"taxonomy":"product_tag","embeddable":true,"href":"https:\/\/ses-creative.com\/fr\/wp-json\/wp\/v2\/product_tag?post=118454"}],"curies":[{"name":"wp","href":"https:\/\/api.w.org\/{rel}","templated":true}]}}