











{"id":118453,"date":"2026-02-12T10:09:49","date_gmt":"2026-02-12T10:09:49","guid":{"rendered":"https:\/\/ses-creative.com\/?post_type=product&#038;p=118453"},"modified":"2026-02-12T10:23:16","modified_gmt":"2026-02-12T10:23:16","slug":"dinosaure-metallique-a-construire","status":"publish","type":"product","link":"https:\/\/ses-creative.com\/fr\/produit\/dinosaure-metallique-a-construire\/","title":{"rendered":"Dinosaure m\u00e9tallique \u00e0 construire"},"content":{"rendered":"<p>Construis de super dinosaures en m\u00e9tal !<\/p>\n<p>Avec le kit de construction m\u00e9tallique Dino, les enfants peuvent construire des dinosaures solides \u00e0 partir de v\u00e9ritables pi\u00e8ces m\u00e9talliques et acqu\u00e9rir des comp\u00e9tences techniques.<\/p>\n<p>Contenu de l&#8217;emballage<\/p>\n<p>Pi\u00e8ces m\u00e9talliques<\/p>\n<p>Boulons et \u00e9crous<\/p>\n<p>Outils (tournevis et cl\u00e9)<\/p>\n<p>Caract\u00e9ristiques uniques<\/p>\n<p>Stimule la compr\u00e9hension technique et la motricit\u00e9 fine<\/p>\n<p>Convient aux enfants \u00e0 partir de 7 ans<\/p>\n<p>Construction robuste pour des possibilit\u00e9s de construction infinies<\/p>\n<p>Laissez libre cours \u00e0 votre cr\u00e9ativit\u00e9<br \/>\nConstruisez votre propre dinosaure et exp\u00e9rimentez diff\u00e9rentes combinaisons de pi\u00e8ces.<\/p>\n<p>Commencez d\u00e8s aujourd&rsquo;hui !<br \/>\nD\u00e9couvrez le plaisir et la technique dans un seul projet g\u00e9nial !<\/p>\n","protected":false},"excerpt":{"rendered":"<p>Construis de super dinosaures en m\u00e9tal ! Avec le kit de construction m\u00e9tallique Dino, les enfants peuvent construire des dinosaures solides \u00e0 partir de v\u00e9ritables pi\u00e8ces m\u00e9talliques et acqu\u00e9rir des comp\u00e9tences techniques. Contenu de l&#8217;emballage Pi\u00e8ces m\u00e9talliques Boulons et \u00e9crous Outils (tournevis et cl\u00e9) Caract\u00e9ristiques uniques Stimule la compr\u00e9hension technique et la motricit\u00e9 fine Convient [&hellip;]<\/p>\n","protected":false},"featured_media":105096,"comment_status":"closed","ping_status":"closed","template":"","meta":{"_acf_changed":false},"product_brand":[],"product_cat":[122],"product_tag":[],"class_list":{"0":"post-118453","1":"product","2":"type-product","3":"status-publish","4":"has-post-thumbnail","6":"product_cat-loisirs-creatifs","7":"pa_leeftijd-filter-6-ans","8":"pa_meest-populair-bij-garcons","10":"first","11":"instock","12":"shipping-taxable","13":"product-type-simple"},"acf":[],"yoast_head":"<!-- This site is optimized with the Yoast SEO plugin v27.2 - https:\/\/yoast.com\/product\/yoast-seo-wordpress\/ -->\n<title>Dinosaure m\u00e9tallique \u00e0 construire - SES Creative<\/title>\n<meta name=\"robots\" content=\"index, follow, max-snippet:-1, max-image-preview:large, max-video-preview:-1\" \/>\n<link rel=\"canonical\" href=\"https:\/\/ses-creative.com\/fr\/produit\/dinosaure-metallique-a-construire\/\" \/>\n<meta property=\"og:locale\" content=\"fr_FR\" \/>\n<meta property=\"og:type\" content=\"article\" \/>\n<meta property=\"og:title\" content=\"Dinosaure m\u00e9tallique \u00e0 construire - SES Creative\" \/>\n<meta property=\"og:description\" content=\"Construis de super dinosaures en m\u00e9tal ! Avec le kit de construction m\u00e9tallique Dino, les enfants peuvent construire des dinosaures solides \u00e0 partir de v\u00e9ritables pi\u00e8ces m\u00e9talliques et acqu\u00e9rir des comp\u00e9tences techniques. Contenu de l&#8217;emballage Pi\u00e8ces m\u00e9talliques Boulons et \u00e9crous Outils (tournevis et cl\u00e9) Caract\u00e9ristiques uniques Stimule la compr\u00e9hension technique et la motricit\u00e9 fine Convient [&hellip;]\" \/>\n<meta property=\"og:url\" content=\"https:\/\/ses-creative.com\/fr\/produit\/dinosaure-metallique-a-construire\/\" \/>\n<meta property=\"og:site_name\" content=\"SES Creative\" \/>\n<meta property=\"article:modified_time\" content=\"2026-02-12T10:23:16+00:00\" \/>\n<meta name=\"twitter:card\" content=\"summary_large_image\" \/>\n<meta name=\"twitter:label1\" content=\"Dur\u00e9e de lecture estim\u00e9e\" \/>\n\t<meta name=\"twitter:data1\" content=\"1 minute\" \/>\n<script type=\"application\/ld+json\" class=\"yoast-schema-graph\">{\"@context\":\"https:\/\/schema.org\",\"@graph\":[{\"@type\":\"WebPage\",\"@id\":\"https:\/\/ses-creative.com\/fr\/produit\/dinosaure-metallique-a-construire\/\",\"url\":\"https:\/\/ses-creative.com\/fr\/produit\/dinosaure-metallique-a-construire\/\",\"name\":\"Dinosaure m\u00e9tallique \u00e0 construire - SES Creative\",\"isPartOf\":{\"@id\":\"https:\/\/ses-creative.com\/#website\"},\"primaryImageOfPage\":{\"@id\":\"https:\/\/ses-creative.com\/fr\/produit\/dinosaure-metallique-a-construire\/#primaryimage\"},\"image\":{\"@id\":\"https:\/\/ses-creative.com\/fr\/produit\/dinosaure-metallique-a-construire\/#primaryimage\"},\"thumbnailUrl\":\"https:\/\/ses-creative.com\/wp-content\/uploads\/2026\/01\/149581.jpg\",\"datePublished\":\"2026-02-12T10:09:49+00:00\",\"dateModified\":\"2026-02-12T10:23:16+00:00\",\"breadcrumb\":{\"@id\":\"https:\/\/ses-creative.com\/fr\/produit\/dinosaure-metallique-a-construire\/#breadcrumb\"},\"inLanguage\":\"fr-FR\",\"potentialAction\":[{\"@type\":\"ReadAction\",\"target\":[\"https:\/\/ses-creative.com\/fr\/produit\/dinosaure-metallique-a-construire\/\"]}]},{\"@type\":\"ImageObject\",\"inLanguage\":\"fr-FR\",\"@id\":\"https:\/\/ses-creative.com\/fr\/produit\/dinosaure-metallique-a-construire\/#primaryimage\",\"url\":\"https:\/\/ses-creative.com\/wp-content\/uploads\/2026\/01\/149581.jpg\",\"contentUrl\":\"https:\/\/ses-creative.com\/wp-content\/uploads\/2026\/01\/149581.jpg\",\"width\":1000,\"height\":1000},{\"@type\":\"BreadcrumbList\",\"@id\":\"https:\/\/ses-creative.com\/fr\/produit\/dinosaure-metallique-a-construire\/#breadcrumb\",\"itemListElement\":[{\"@type\":\"ListItem\",\"position\":1,\"name\":\"Boutique\",\"item\":\"https:\/\/ses-creative.com\/fr\/boutique\/\"},{\"@type\":\"ListItem\",\"position\":2,\"name\":\"Loisirs cr\u00e9atifs\",\"item\":\"https:\/\/ses-creative.com\/fr\/product-categorie\/loisirs-creatifs\/\"},{\"@type\":\"ListItem\",\"position\":3,\"name\":\"Dinosaure m\u00e9tallique \u00e0 construire\"}]},{\"@type\":\"WebSite\",\"@id\":\"https:\/\/ses-creative.com\/#website\",\"url\":\"https:\/\/ses-creative.com\/\",\"name\":\"SES Creative\",\"description\":\"\",\"publisher\":{\"@id\":\"https:\/\/ses-creative.com\/#organization\"},\"potentialAction\":[{\"@type\":\"SearchAction\",\"target\":{\"@type\":\"EntryPoint\",\"urlTemplate\":\"https:\/\/ses-creative.com\/?s={search_term_string}\"},\"query-input\":{\"@type\":\"PropertyValueSpecification\",\"valueRequired\":true,\"valueName\":\"search_term_string\"}}],\"inLanguage\":\"fr-FR\"},{\"@type\":\"Organization\",\"@id\":\"https:\/\/ses-creative.com\/#organization\",\"name\":\"SES Creative\",\"url\":\"https:\/\/ses-creative.com\/\",\"logo\":{\"@type\":\"ImageObject\",\"inLanguage\":\"fr-FR\",\"@id\":\"https:\/\/ses-creative.com\/#\/schema\/logo\/image\/\",\"url\":\"https:\/\/ses-creative.com\/wp-content\/uploads\/2025\/10\/ses-creative-logo.jpg\",\"contentUrl\":\"https:\/\/ses-creative.com\/wp-content\/uploads\/2025\/10\/ses-creative-logo.jpg\",\"width\":2037,\"height\":2037,\"caption\":\"SES Creative\"},\"image\":{\"@id\":\"https:\/\/ses-creative.com\/#\/schema\/logo\/image\/\"}}]}<\/script>\n<!-- \/ Yoast SEO plugin. -->","yoast_head_json":{"title":"Dinosaure m\u00e9tallique \u00e0 construire - SES Creative","robots":{"index":"index","follow":"follow","max-snippet":"max-snippet:-1","max-image-preview":"max-image-preview:large","max-video-preview":"max-video-preview:-1"},"canonical":"https:\/\/ses-creative.com\/fr\/produit\/dinosaure-metallique-a-construire\/","og_locale":"fr_FR","og_type":"article","og_title":"Dinosaure m\u00e9tallique \u00e0 construire - SES Creative","og_description":"Construis de super dinosaures en m\u00e9tal ! Avec le kit de construction m\u00e9tallique Dino, les enfants peuvent construire des dinosaures solides \u00e0 partir de v\u00e9ritables pi\u00e8ces m\u00e9talliques et acqu\u00e9rir des comp\u00e9tences techniques. Contenu de l&#8217;emballage Pi\u00e8ces m\u00e9talliques Boulons et \u00e9crous Outils (tournevis et cl\u00e9) Caract\u00e9ristiques uniques Stimule la compr\u00e9hension technique et la motricit\u00e9 fine Convient [&hellip;]","og_url":"https:\/\/ses-creative.com\/fr\/produit\/dinosaure-metallique-a-construire\/","og_site_name":"SES Creative","article_modified_time":"2026-02-12T10:23:16+00:00","twitter_card":"summary_large_image","twitter_misc":{"Dur\u00e9e de lecture estim\u00e9e":"1 minute"},"schema":{"@context":"https:\/\/schema.org","@graph":[{"@type":"WebPage","@id":"https:\/\/ses-creative.com\/fr\/produit\/dinosaure-metallique-a-construire\/","url":"https:\/\/ses-creative.com\/fr\/produit\/dinosaure-metallique-a-construire\/","name":"Dinosaure m\u00e9tallique \u00e0 construire - SES Creative","isPartOf":{"@id":"https:\/\/ses-creative.com\/#website"},"primaryImageOfPage":{"@id":"https:\/\/ses-creative.com\/fr\/produit\/dinosaure-metallique-a-construire\/#primaryimage"},"image":{"@id":"https:\/\/ses-creative.com\/fr\/produit\/dinosaure-metallique-a-construire\/#primaryimage"},"thumbnailUrl":"https:\/\/ses-creative.com\/wp-content\/uploads\/2026\/01\/149581.jpg","datePublished":"2026-02-12T10:09:49+00:00","dateModified":"2026-02-12T10:23:16+00:00","breadcrumb":{"@id":"https:\/\/ses-creative.com\/fr\/produit\/dinosaure-metallique-a-construire\/#breadcrumb"},"inLanguage":"fr-FR","potentialAction":[{"@type":"ReadAction","target":["https:\/\/ses-creative.com\/fr\/produit\/dinosaure-metallique-a-construire\/"]}]},{"@type":"ImageObject","inLanguage":"fr-FR","@id":"https:\/\/ses-creative.com\/fr\/produit\/dinosaure-metallique-a-construire\/#primaryimage","url":"https:\/\/ses-creative.com\/wp-content\/uploads\/2026\/01\/149581.jpg","contentUrl":"https:\/\/ses-creative.com\/wp-content\/uploads\/2026\/01\/149581.jpg","width":1000,"height":1000},{"@type":"BreadcrumbList","@id":"https:\/\/ses-creative.com\/fr\/produit\/dinosaure-metallique-a-construire\/#breadcrumb","itemListElement":[{"@type":"ListItem","position":1,"name":"Boutique","item":"https:\/\/ses-creative.com\/fr\/boutique\/"},{"@type":"ListItem","position":2,"name":"Loisirs cr\u00e9atifs","item":"https:\/\/ses-creative.com\/fr\/product-categorie\/loisirs-creatifs\/"},{"@type":"ListItem","position":3,"name":"Dinosaure m\u00e9tallique \u00e0 construire"}]},{"@type":"WebSite","@id":"https:\/\/ses-creative.com\/#website","url":"https:\/\/ses-creative.com\/","name":"SES Creative","description":"","publisher":{"@id":"https:\/\/ses-creative.com\/#organization"},"potentialAction":[{"@type":"SearchAction","target":{"@type":"EntryPoint","urlTemplate":"https:\/\/ses-creative.com\/?s={search_term_string}"},"query-input":{"@type":"PropertyValueSpecification","valueRequired":true,"valueName":"search_term_string"}}],"inLanguage":"fr-FR"},{"@type":"Organization","@id":"https:\/\/ses-creative.com\/#organization","name":"SES Creative","url":"https:\/\/ses-creative.com\/","logo":{"@type":"ImageObject","inLanguage":"fr-FR","@id":"https:\/\/ses-creative.com\/#\/schema\/logo\/image\/","url":"https:\/\/ses-creative.com\/wp-content\/uploads\/2025\/10\/ses-creative-logo.jpg","contentUrl":"https:\/\/ses-creative.com\/wp-content\/uploads\/2025\/10\/ses-creative-logo.jpg","width":2037,"height":2037,"caption":"SES Creative"},"image":{"@id":"https:\/\/ses-creative.com\/#\/schema\/logo\/image\/"}}]}},"_links":{"self":[{"href":"https:\/\/ses-creative.com\/fr\/wp-json\/wp\/v2\/product\/118453","targetHints":{"allow":["GET"]}}],"collection":[{"href":"https:\/\/ses-creative.com\/fr\/wp-json\/wp\/v2\/product"}],"about":[{"href":"https:\/\/ses-creative.com\/fr\/wp-json\/wp\/v2\/types\/product"}],"replies":[{"embeddable":true,"href":"https:\/\/ses-creative.com\/fr\/wp-json\/wp\/v2\/comments?post=118453"}],"wp:featuredmedia":[{"embeddable":true,"href":"https:\/\/ses-creative.com\/fr\/wp-json\/wp\/v2\/media\/105096"}],"wp:attachment":[{"href":"https:\/\/ses-creative.com\/fr\/wp-json\/wp\/v2\/media?parent=118453"}],"wp:term":[{"taxonomy":"product_brand","embeddable":true,"href":"https:\/\/ses-creative.com\/fr\/wp-json\/wp\/v2\/product_brand?post=118453"},{"taxonomy":"product_cat","embeddable":true,"href":"https:\/\/ses-creative.com\/fr\/wp-json\/wp\/v2\/product_cat?post=118453"},{"taxonomy":"product_tag","embeddable":true,"href":"https:\/\/ses-creative.com\/fr\/wp-json\/wp\/v2\/product_tag?post=118453"}],"curies":[{"name":"wp","href":"https:\/\/api.w.org\/{rel}","templated":true}]}}