











{"id":118452,"date":"2026-02-12T10:09:49","date_gmt":"2026-02-12T10:09:49","guid":{"rendered":"https:\/\/ses-creative.com\/?post_type=product&#038;p=118452"},"modified":"2026-02-12T10:23:15","modified_gmt":"2026-02-12T10:23:15","slug":"bougies-parfumees-a-fabriquer-toi-meme","status":"publish","type":"product","link":"https:\/\/ses-creative.com\/fr\/produit\/bougies-parfumees-a-fabriquer-toi-meme\/","title":{"rendered":"Bougies parfum\u00e9es \u00e0 fabriquer toi-m\u00eame"},"content":{"rendered":"<p>Offrez \u00e0 votre enfant une exp\u00e9rience cr\u00e9ative et sensorielle avec le kit Bougies Parfum\u00e9es \u00e0 Fabriquer Toi-M\u00eame de SES Creative. Ce set permet aux enfants de r\u00e9aliser leurs propres bougies parfum\u00e9es en toute simplicit\u00e9. En faisant fondre la cire au micro-ondes et en la versant dans les moules fournis, ils peuvent cr\u00e9er de superbes bougies aux formes vari\u00e9es.<\/p>\n<p>Ce kit contient :<br \/>\n\u2714 5 moules aux formes diff\u00e9rentes (\u00e9toile, c\u0153ur, rond, ovale et carr\u00e9)<br \/>\n\u2714 3 blocs de cire parfum\u00e9e color\u00e9e (blanc, bleu, rouge)<br \/>\n\u2714 3 longues m\u00e8ches et un syst\u00e8me de fixation pour centrer la m\u00e8che<br \/>\n\u2714 Possibilit\u00e9 de superposer et m\u00e9langer les couleurs pour un effet personnalis\u00e9<br \/>\n\u2714 Instructions d\u00e9taill\u00e9es pour une utilisation facile<\/p>\n<p>Ce kit encourage les enfants \u00e0 exprimer leur cr\u00e9ativit\u00e9 tout en d\u00e9veloppant leur patience et leur pr\u00e9cision. Les bougies obtenues peuvent \u00eatre utilis\u00e9es comme d\u00e9coration ou offertes en cadeau.<\/p>\n<p>Depuis plus de 50 ans, SES Creative con\u00e7oit des jouets \u00e9ducatifs et artistiques favorisant l\u2019apprentissage des enfants. Ce kit est une excellente id\u00e9e cadeau pour les petits cr\u00e9ateurs, parfait pour un anniversaire ou une activit\u00e9 artistique \u00e0 partager en famille ! Convient aux enfants d\u00e8s 6 ans.<\/p>\n","protected":false},"excerpt":{"rendered":"<p>Offrez \u00e0 votre enfant une exp\u00e9rience cr\u00e9ative et sensorielle avec le kit Bougies Parfum\u00e9es \u00e0 Fabriquer Toi-M\u00eame de SES Creative. Ce set permet aux enfants de r\u00e9aliser leurs propres bougies parfum\u00e9es en toute simplicit\u00e9. En faisant fondre la cire au micro-ondes et en la versant dans les moules fournis, ils peuvent cr\u00e9er de superbes bougies [&hellip;]<\/p>\n","protected":false},"featured_media":105076,"comment_status":"closed","ping_status":"closed","template":"","meta":{"_acf_changed":false},"product_brand":[],"product_cat":[122],"product_tag":[],"class_list":{"0":"post-118452","1":"product","2":"type-product","3":"status-publish","4":"has-post-thumbnail","6":"product_cat-loisirs-creatifs","7":"pa_leeftijd-filter-4-6-ans","8":"pa_meest-populair-bij-filles","10":"first","11":"instock","12":"shipping-taxable","13":"product-type-simple"},"acf":[],"yoast_head":"<!-- This site is optimized with the Yoast SEO plugin v27.2 - https:\/\/yoast.com\/product\/yoast-seo-wordpress\/ -->\n<title>Bougies parfum\u00e9es \u00e0 fabriquer toi-m\u00eame - SES Creative<\/title>\n<meta name=\"robots\" content=\"index, follow, max-snippet:-1, max-image-preview:large, max-video-preview:-1\" \/>\n<link rel=\"canonical\" href=\"https:\/\/ses-creative.com\/fr\/produit\/bougies-parfumees-a-fabriquer-toi-meme\/\" \/>\n<meta property=\"og:locale\" content=\"fr_FR\" \/>\n<meta property=\"og:type\" content=\"article\" \/>\n<meta property=\"og:title\" content=\"Bougies parfum\u00e9es \u00e0 fabriquer toi-m\u00eame - SES Creative\" \/>\n<meta property=\"og:description\" content=\"Offrez \u00e0 votre enfant une exp\u00e9rience cr\u00e9ative et sensorielle avec le kit Bougies Parfum\u00e9es \u00e0 Fabriquer Toi-M\u00eame de SES Creative. Ce set permet aux enfants de r\u00e9aliser leurs propres bougies parfum\u00e9es en toute simplicit\u00e9. En faisant fondre la cire au micro-ondes et en la versant dans les moules fournis, ils peuvent cr\u00e9er de superbes bougies [&hellip;]\" \/>\n<meta property=\"og:url\" content=\"https:\/\/ses-creative.com\/fr\/produit\/bougies-parfumees-a-fabriquer-toi-meme\/\" \/>\n<meta property=\"og:site_name\" content=\"SES Creative\" \/>\n<meta property=\"article:modified_time\" content=\"2026-02-12T10:23:15+00:00\" \/>\n<meta name=\"twitter:card\" content=\"summary_large_image\" \/>\n<meta name=\"twitter:label1\" content=\"Dur\u00e9e de lecture estim\u00e9e\" \/>\n\t<meta name=\"twitter:data1\" content=\"1 minute\" \/>\n<script type=\"application\/ld+json\" class=\"yoast-schema-graph\">{\"@context\":\"https:\/\/schema.org\",\"@graph\":[{\"@type\":\"WebPage\",\"@id\":\"https:\/\/ses-creative.com\/fr\/produit\/bougies-parfumees-a-fabriquer-toi-meme\/\",\"url\":\"https:\/\/ses-creative.com\/fr\/produit\/bougies-parfumees-a-fabriquer-toi-meme\/\",\"name\":\"Bougies parfum\u00e9es \u00e0 fabriquer toi-m\u00eame - SES Creative\",\"isPartOf\":{\"@id\":\"https:\/\/ses-creative.com\/#website\"},\"primaryImageOfPage\":{\"@id\":\"https:\/\/ses-creative.com\/fr\/produit\/bougies-parfumees-a-fabriquer-toi-meme\/#primaryimage\"},\"image\":{\"@id\":\"https:\/\/ses-creative.com\/fr\/produit\/bougies-parfumees-a-fabriquer-toi-meme\/#primaryimage\"},\"thumbnailUrl\":\"https:\/\/ses-creative.com\/wp-content\/uploads\/2026\/01\/149251.jpg\",\"datePublished\":\"2026-02-12T10:09:49+00:00\",\"dateModified\":\"2026-02-12T10:23:15+00:00\",\"breadcrumb\":{\"@id\":\"https:\/\/ses-creative.com\/fr\/produit\/bougies-parfumees-a-fabriquer-toi-meme\/#breadcrumb\"},\"inLanguage\":\"fr-FR\",\"potentialAction\":[{\"@type\":\"ReadAction\",\"target\":[\"https:\/\/ses-creative.com\/fr\/produit\/bougies-parfumees-a-fabriquer-toi-meme\/\"]}]},{\"@type\":\"ImageObject\",\"inLanguage\":\"fr-FR\",\"@id\":\"https:\/\/ses-creative.com\/fr\/produit\/bougies-parfumees-a-fabriquer-toi-meme\/#primaryimage\",\"url\":\"https:\/\/ses-creative.com\/wp-content\/uploads\/2026\/01\/149251.jpg\",\"contentUrl\":\"https:\/\/ses-creative.com\/wp-content\/uploads\/2026\/01\/149251.jpg\",\"width\":1000,\"height\":1000},{\"@type\":\"BreadcrumbList\",\"@id\":\"https:\/\/ses-creative.com\/fr\/produit\/bougies-parfumees-a-fabriquer-toi-meme\/#breadcrumb\",\"itemListElement\":[{\"@type\":\"ListItem\",\"position\":1,\"name\":\"Boutique\",\"item\":\"https:\/\/ses-creative.com\/fr\/boutique\/\"},{\"@type\":\"ListItem\",\"position\":2,\"name\":\"Loisirs cr\u00e9atifs\",\"item\":\"https:\/\/ses-creative.com\/fr\/product-categorie\/loisirs-creatifs\/\"},{\"@type\":\"ListItem\",\"position\":3,\"name\":\"Bougies parfum\u00e9es \u00e0 fabriquer toi-m\u00eame\"}]},{\"@type\":\"WebSite\",\"@id\":\"https:\/\/ses-creative.com\/#website\",\"url\":\"https:\/\/ses-creative.com\/\",\"name\":\"SES Creative\",\"description\":\"\",\"publisher\":{\"@id\":\"https:\/\/ses-creative.com\/#organization\"},\"potentialAction\":[{\"@type\":\"SearchAction\",\"target\":{\"@type\":\"EntryPoint\",\"urlTemplate\":\"https:\/\/ses-creative.com\/?s={search_term_string}\"},\"query-input\":{\"@type\":\"PropertyValueSpecification\",\"valueRequired\":true,\"valueName\":\"search_term_string\"}}],\"inLanguage\":\"fr-FR\"},{\"@type\":\"Organization\",\"@id\":\"https:\/\/ses-creative.com\/#organization\",\"name\":\"SES Creative\",\"url\":\"https:\/\/ses-creative.com\/\",\"logo\":{\"@type\":\"ImageObject\",\"inLanguage\":\"fr-FR\",\"@id\":\"https:\/\/ses-creative.com\/#\/schema\/logo\/image\/\",\"url\":\"https:\/\/ses-creative.com\/wp-content\/uploads\/2025\/10\/ses-creative-logo.jpg\",\"contentUrl\":\"https:\/\/ses-creative.com\/wp-content\/uploads\/2025\/10\/ses-creative-logo.jpg\",\"width\":2037,\"height\":2037,\"caption\":\"SES Creative\"},\"image\":{\"@id\":\"https:\/\/ses-creative.com\/#\/schema\/logo\/image\/\"}}]}<\/script>\n<!-- \/ Yoast SEO plugin. -->","yoast_head_json":{"title":"Bougies parfum\u00e9es \u00e0 fabriquer toi-m\u00eame - SES Creative","robots":{"index":"index","follow":"follow","max-snippet":"max-snippet:-1","max-image-preview":"max-image-preview:large","max-video-preview":"max-video-preview:-1"},"canonical":"https:\/\/ses-creative.com\/fr\/produit\/bougies-parfumees-a-fabriquer-toi-meme\/","og_locale":"fr_FR","og_type":"article","og_title":"Bougies parfum\u00e9es \u00e0 fabriquer toi-m\u00eame - SES Creative","og_description":"Offrez \u00e0 votre enfant une exp\u00e9rience cr\u00e9ative et sensorielle avec le kit Bougies Parfum\u00e9es \u00e0 Fabriquer Toi-M\u00eame de SES Creative. Ce set permet aux enfants de r\u00e9aliser leurs propres bougies parfum\u00e9es en toute simplicit\u00e9. En faisant fondre la cire au micro-ondes et en la versant dans les moules fournis, ils peuvent cr\u00e9er de superbes bougies [&hellip;]","og_url":"https:\/\/ses-creative.com\/fr\/produit\/bougies-parfumees-a-fabriquer-toi-meme\/","og_site_name":"SES Creative","article_modified_time":"2026-02-12T10:23:15+00:00","twitter_card":"summary_large_image","twitter_misc":{"Dur\u00e9e de lecture estim\u00e9e":"1 minute"},"schema":{"@context":"https:\/\/schema.org","@graph":[{"@type":"WebPage","@id":"https:\/\/ses-creative.com\/fr\/produit\/bougies-parfumees-a-fabriquer-toi-meme\/","url":"https:\/\/ses-creative.com\/fr\/produit\/bougies-parfumees-a-fabriquer-toi-meme\/","name":"Bougies parfum\u00e9es \u00e0 fabriquer toi-m\u00eame - SES Creative","isPartOf":{"@id":"https:\/\/ses-creative.com\/#website"},"primaryImageOfPage":{"@id":"https:\/\/ses-creative.com\/fr\/produit\/bougies-parfumees-a-fabriquer-toi-meme\/#primaryimage"},"image":{"@id":"https:\/\/ses-creative.com\/fr\/produit\/bougies-parfumees-a-fabriquer-toi-meme\/#primaryimage"},"thumbnailUrl":"https:\/\/ses-creative.com\/wp-content\/uploads\/2026\/01\/149251.jpg","datePublished":"2026-02-12T10:09:49+00:00","dateModified":"2026-02-12T10:23:15+00:00","breadcrumb":{"@id":"https:\/\/ses-creative.com\/fr\/produit\/bougies-parfumees-a-fabriquer-toi-meme\/#breadcrumb"},"inLanguage":"fr-FR","potentialAction":[{"@type":"ReadAction","target":["https:\/\/ses-creative.com\/fr\/produit\/bougies-parfumees-a-fabriquer-toi-meme\/"]}]},{"@type":"ImageObject","inLanguage":"fr-FR","@id":"https:\/\/ses-creative.com\/fr\/produit\/bougies-parfumees-a-fabriquer-toi-meme\/#primaryimage","url":"https:\/\/ses-creative.com\/wp-content\/uploads\/2026\/01\/149251.jpg","contentUrl":"https:\/\/ses-creative.com\/wp-content\/uploads\/2026\/01\/149251.jpg","width":1000,"height":1000},{"@type":"BreadcrumbList","@id":"https:\/\/ses-creative.com\/fr\/produit\/bougies-parfumees-a-fabriquer-toi-meme\/#breadcrumb","itemListElement":[{"@type":"ListItem","position":1,"name":"Boutique","item":"https:\/\/ses-creative.com\/fr\/boutique\/"},{"@type":"ListItem","position":2,"name":"Loisirs cr\u00e9atifs","item":"https:\/\/ses-creative.com\/fr\/product-categorie\/loisirs-creatifs\/"},{"@type":"ListItem","position":3,"name":"Bougies parfum\u00e9es \u00e0 fabriquer toi-m\u00eame"}]},{"@type":"WebSite","@id":"https:\/\/ses-creative.com\/#website","url":"https:\/\/ses-creative.com\/","name":"SES Creative","description":"","publisher":{"@id":"https:\/\/ses-creative.com\/#organization"},"potentialAction":[{"@type":"SearchAction","target":{"@type":"EntryPoint","urlTemplate":"https:\/\/ses-creative.com\/?s={search_term_string}"},"query-input":{"@type":"PropertyValueSpecification","valueRequired":true,"valueName":"search_term_string"}}],"inLanguage":"fr-FR"},{"@type":"Organization","@id":"https:\/\/ses-creative.com\/#organization","name":"SES Creative","url":"https:\/\/ses-creative.com\/","logo":{"@type":"ImageObject","inLanguage":"fr-FR","@id":"https:\/\/ses-creative.com\/#\/schema\/logo\/image\/","url":"https:\/\/ses-creative.com\/wp-content\/uploads\/2025\/10\/ses-creative-logo.jpg","contentUrl":"https:\/\/ses-creative.com\/wp-content\/uploads\/2025\/10\/ses-creative-logo.jpg","width":2037,"height":2037,"caption":"SES Creative"},"image":{"@id":"https:\/\/ses-creative.com\/#\/schema\/logo\/image\/"}}]}},"_links":{"self":[{"href":"https:\/\/ses-creative.com\/fr\/wp-json\/wp\/v2\/product\/118452","targetHints":{"allow":["GET"]}}],"collection":[{"href":"https:\/\/ses-creative.com\/fr\/wp-json\/wp\/v2\/product"}],"about":[{"href":"https:\/\/ses-creative.com\/fr\/wp-json\/wp\/v2\/types\/product"}],"replies":[{"embeddable":true,"href":"https:\/\/ses-creative.com\/fr\/wp-json\/wp\/v2\/comments?post=118452"}],"wp:featuredmedia":[{"embeddable":true,"href":"https:\/\/ses-creative.com\/fr\/wp-json\/wp\/v2\/media\/105076"}],"wp:attachment":[{"href":"https:\/\/ses-creative.com\/fr\/wp-json\/wp\/v2\/media?parent=118452"}],"wp:term":[{"taxonomy":"product_brand","embeddable":true,"href":"https:\/\/ses-creative.com\/fr\/wp-json\/wp\/v2\/product_brand?post=118452"},{"taxonomy":"product_cat","embeddable":true,"href":"https:\/\/ses-creative.com\/fr\/wp-json\/wp\/v2\/product_cat?post=118452"},{"taxonomy":"product_tag","embeddable":true,"href":"https:\/\/ses-creative.com\/fr\/wp-json\/wp\/v2\/product_tag?post=118452"}],"curies":[{"name":"wp","href":"https:\/\/api.w.org\/{rel}","templated":true}]}}