











{"id":118447,"date":"2026-02-12T10:09:47","date_gmt":"2026-02-12T10:09:47","guid":{"rendered":"https:\/\/ses-creative.com\/?post_type=product&#038;p=118447"},"modified":"2026-02-12T10:23:14","modified_gmt":"2026-02-12T10:23:14","slug":"tableau-mosaique","status":"publish","type":"product","link":"https:\/\/ses-creative.com\/fr\/produit\/tableau-mosaique\/","title":{"rendered":"Tableau mosa\u00efque"},"content":{"rendered":"<p>D\u00e9couvrez le plaisir cr\u00e9atif avec des \u00e9pingles color\u00e9es !<br \/>\nAvec ce tableau mosa\u00efque, les enfants peuvent cr\u00e9er des figures \u00e0 l&rsquo;infini et d\u00e9velopper leur cr\u00e9ativit\u00e9. Parfait pour les petits artistes \u00e0 partir de 3 ans qui aiment cr\u00e9er avec des \u00e9pingles color\u00e9es.<\/p>\n<p>Contenu de l&#8217;emballage :<\/p>\n<p>1 tableau mosa\u00efque<\/p>\n<p>Pins color\u00e9s en jaune, vert, rouge et bleu<\/p>\n<p>Cartes d&rsquo;exemple inspirantes<\/p>\n<p>Caract\u00e9ristiques uniques :<\/p>\n<p>Stimule la cr\u00e9ativit\u00e9 et la motricit\u00e9 fine<\/p>\n<p>R\u00e9utilisable \u00e0 l&rsquo;infini<\/p>\n<p>Id\u00e9al pour jouer seul ou bricoler ensemble<\/p>\n<p>Mat\u00e9riau durable et de bonne qualit\u00e9<\/p>\n<p>Laissez libre cours \u00e0 votre imagination !<br \/>\nEnfoncez les broches dans le tableau et suivez les exemples ou imaginez vos propres cr\u00e9ations. D\u00e9couvrez un plaisir cr\u00e9atif sans fin avec ce tableau mosa\u00efque !<\/p>\n","protected":false},"excerpt":{"rendered":"<p>D\u00e9couvrez le plaisir cr\u00e9atif avec des \u00e9pingles color\u00e9es ! Avec ce tableau mosa\u00efque, les enfants peuvent cr\u00e9er des figures \u00e0 l&rsquo;infini et d\u00e9velopper leur cr\u00e9ativit\u00e9. Parfait pour les petits artistes \u00e0 partir de 3 ans qui aiment cr\u00e9er avec des \u00e9pingles color\u00e9es. Contenu de l&#8217;emballage : 1 tableau mosa\u00efque Pins color\u00e9s en jaune, vert, rouge [&hellip;]<\/p>\n","protected":false},"featured_media":104976,"comment_status":"closed","ping_status":"closed","template":"","meta":{"_acf_changed":false},"product_brand":[],"product_cat":[122],"product_tag":[],"class_list":{"0":"post-118447","1":"product","2":"type-product","3":"status-publish","4":"has-post-thumbnail","6":"product_cat-loisirs-creatifs","7":"pa_leeftijd-filter-3-4-ans","8":"pa_meest-populair-bij-garcons-filles","10":"first","11":"instock","12":"shipping-taxable","13":"product-type-simple"},"acf":[],"yoast_head":"<!-- This site is optimized with the Yoast SEO plugin v27.2 - https:\/\/yoast.com\/product\/yoast-seo-wordpress\/ -->\n<title>Tableau mosa\u00efque - SES Creative<\/title>\n<meta name=\"robots\" content=\"index, follow, max-snippet:-1, max-image-preview:large, max-video-preview:-1\" \/>\n<link rel=\"canonical\" href=\"https:\/\/ses-creative.com\/fr\/produit\/tableau-mosaique\/\" \/>\n<meta property=\"og:locale\" content=\"fr_FR\" \/>\n<meta property=\"og:type\" content=\"article\" \/>\n<meta property=\"og:title\" content=\"Tableau mosa\u00efque - SES Creative\" \/>\n<meta property=\"og:description\" content=\"D\u00e9couvrez le plaisir cr\u00e9atif avec des \u00e9pingles color\u00e9es ! Avec ce tableau mosa\u00efque, les enfants peuvent cr\u00e9er des figures \u00e0 l&rsquo;infini et d\u00e9velopper leur cr\u00e9ativit\u00e9. Parfait pour les petits artistes \u00e0 partir de 3 ans qui aiment cr\u00e9er avec des \u00e9pingles color\u00e9es. Contenu de l&#8217;emballage : 1 tableau mosa\u00efque Pins color\u00e9s en jaune, vert, rouge [&hellip;]\" \/>\n<meta property=\"og:url\" content=\"https:\/\/ses-creative.com\/fr\/produit\/tableau-mosaique\/\" \/>\n<meta property=\"og:site_name\" content=\"SES Creative\" \/>\n<meta property=\"article:modified_time\" content=\"2026-02-12T10:23:14+00:00\" \/>\n<meta name=\"twitter:card\" content=\"summary_large_image\" \/>\n<meta name=\"twitter:label1\" content=\"Dur\u00e9e de lecture estim\u00e9e\" \/>\n\t<meta name=\"twitter:data1\" content=\"1 minute\" \/>\n<script type=\"application\/ld+json\" class=\"yoast-schema-graph\">{\"@context\":\"https:\/\/schema.org\",\"@graph\":[{\"@type\":\"WebPage\",\"@id\":\"https:\/\/ses-creative.com\/fr\/produit\/tableau-mosaique\/\",\"url\":\"https:\/\/ses-creative.com\/fr\/produit\/tableau-mosaique\/\",\"name\":\"Tableau mosa\u00efque - SES Creative\",\"isPartOf\":{\"@id\":\"https:\/\/ses-creative.com\/#website\"},\"primaryImageOfPage\":{\"@id\":\"https:\/\/ses-creative.com\/fr\/produit\/tableau-mosaique\/#primaryimage\"},\"image\":{\"@id\":\"https:\/\/ses-creative.com\/fr\/produit\/tableau-mosaique\/#primaryimage\"},\"thumbnailUrl\":\"https:\/\/ses-creative.com\/wp-content\/uploads\/2026\/01\/148481.jpg\",\"datePublished\":\"2026-02-12T10:09:47+00:00\",\"dateModified\":\"2026-02-12T10:23:14+00:00\",\"breadcrumb\":{\"@id\":\"https:\/\/ses-creative.com\/fr\/produit\/tableau-mosaique\/#breadcrumb\"},\"inLanguage\":\"fr-FR\",\"potentialAction\":[{\"@type\":\"ReadAction\",\"target\":[\"https:\/\/ses-creative.com\/fr\/produit\/tableau-mosaique\/\"]}]},{\"@type\":\"ImageObject\",\"inLanguage\":\"fr-FR\",\"@id\":\"https:\/\/ses-creative.com\/fr\/produit\/tableau-mosaique\/#primaryimage\",\"url\":\"https:\/\/ses-creative.com\/wp-content\/uploads\/2026\/01\/148481.jpg\",\"contentUrl\":\"https:\/\/ses-creative.com\/wp-content\/uploads\/2026\/01\/148481.jpg\",\"width\":1000,\"height\":1000},{\"@type\":\"BreadcrumbList\",\"@id\":\"https:\/\/ses-creative.com\/fr\/produit\/tableau-mosaique\/#breadcrumb\",\"itemListElement\":[{\"@type\":\"ListItem\",\"position\":1,\"name\":\"Boutique\",\"item\":\"https:\/\/ses-creative.com\/fr\/boutique\/\"},{\"@type\":\"ListItem\",\"position\":2,\"name\":\"Loisirs cr\u00e9atifs\",\"item\":\"https:\/\/ses-creative.com\/fr\/product-categorie\/loisirs-creatifs\/\"},{\"@type\":\"ListItem\",\"position\":3,\"name\":\"Tableau mosa\u00efque\"}]},{\"@type\":\"WebSite\",\"@id\":\"https:\/\/ses-creative.com\/#website\",\"url\":\"https:\/\/ses-creative.com\/\",\"name\":\"SES Creative\",\"description\":\"\",\"publisher\":{\"@id\":\"https:\/\/ses-creative.com\/#organization\"},\"potentialAction\":[{\"@type\":\"SearchAction\",\"target\":{\"@type\":\"EntryPoint\",\"urlTemplate\":\"https:\/\/ses-creative.com\/?s={search_term_string}\"},\"query-input\":{\"@type\":\"PropertyValueSpecification\",\"valueRequired\":true,\"valueName\":\"search_term_string\"}}],\"inLanguage\":\"fr-FR\"},{\"@type\":\"Organization\",\"@id\":\"https:\/\/ses-creative.com\/#organization\",\"name\":\"SES Creative\",\"url\":\"https:\/\/ses-creative.com\/\",\"logo\":{\"@type\":\"ImageObject\",\"inLanguage\":\"fr-FR\",\"@id\":\"https:\/\/ses-creative.com\/#\/schema\/logo\/image\/\",\"url\":\"https:\/\/ses-creative.com\/wp-content\/uploads\/2025\/10\/ses-creative-logo.jpg\",\"contentUrl\":\"https:\/\/ses-creative.com\/wp-content\/uploads\/2025\/10\/ses-creative-logo.jpg\",\"width\":2037,\"height\":2037,\"caption\":\"SES Creative\"},\"image\":{\"@id\":\"https:\/\/ses-creative.com\/#\/schema\/logo\/image\/\"}}]}<\/script>\n<!-- \/ Yoast SEO plugin. -->","yoast_head_json":{"title":"Tableau mosa\u00efque - SES Creative","robots":{"index":"index","follow":"follow","max-snippet":"max-snippet:-1","max-image-preview":"max-image-preview:large","max-video-preview":"max-video-preview:-1"},"canonical":"https:\/\/ses-creative.com\/fr\/produit\/tableau-mosaique\/","og_locale":"fr_FR","og_type":"article","og_title":"Tableau mosa\u00efque - SES Creative","og_description":"D\u00e9couvrez le plaisir cr\u00e9atif avec des \u00e9pingles color\u00e9es ! Avec ce tableau mosa\u00efque, les enfants peuvent cr\u00e9er des figures \u00e0 l&rsquo;infini et d\u00e9velopper leur cr\u00e9ativit\u00e9. Parfait pour les petits artistes \u00e0 partir de 3 ans qui aiment cr\u00e9er avec des \u00e9pingles color\u00e9es. Contenu de l&#8217;emballage : 1 tableau mosa\u00efque Pins color\u00e9s en jaune, vert, rouge [&hellip;]","og_url":"https:\/\/ses-creative.com\/fr\/produit\/tableau-mosaique\/","og_site_name":"SES Creative","article_modified_time":"2026-02-12T10:23:14+00:00","twitter_card":"summary_large_image","twitter_misc":{"Dur\u00e9e de lecture estim\u00e9e":"1 minute"},"schema":{"@context":"https:\/\/schema.org","@graph":[{"@type":"WebPage","@id":"https:\/\/ses-creative.com\/fr\/produit\/tableau-mosaique\/","url":"https:\/\/ses-creative.com\/fr\/produit\/tableau-mosaique\/","name":"Tableau mosa\u00efque - SES Creative","isPartOf":{"@id":"https:\/\/ses-creative.com\/#website"},"primaryImageOfPage":{"@id":"https:\/\/ses-creative.com\/fr\/produit\/tableau-mosaique\/#primaryimage"},"image":{"@id":"https:\/\/ses-creative.com\/fr\/produit\/tableau-mosaique\/#primaryimage"},"thumbnailUrl":"https:\/\/ses-creative.com\/wp-content\/uploads\/2026\/01\/148481.jpg","datePublished":"2026-02-12T10:09:47+00:00","dateModified":"2026-02-12T10:23:14+00:00","breadcrumb":{"@id":"https:\/\/ses-creative.com\/fr\/produit\/tableau-mosaique\/#breadcrumb"},"inLanguage":"fr-FR","potentialAction":[{"@type":"ReadAction","target":["https:\/\/ses-creative.com\/fr\/produit\/tableau-mosaique\/"]}]},{"@type":"ImageObject","inLanguage":"fr-FR","@id":"https:\/\/ses-creative.com\/fr\/produit\/tableau-mosaique\/#primaryimage","url":"https:\/\/ses-creative.com\/wp-content\/uploads\/2026\/01\/148481.jpg","contentUrl":"https:\/\/ses-creative.com\/wp-content\/uploads\/2026\/01\/148481.jpg","width":1000,"height":1000},{"@type":"BreadcrumbList","@id":"https:\/\/ses-creative.com\/fr\/produit\/tableau-mosaique\/#breadcrumb","itemListElement":[{"@type":"ListItem","position":1,"name":"Boutique","item":"https:\/\/ses-creative.com\/fr\/boutique\/"},{"@type":"ListItem","position":2,"name":"Loisirs cr\u00e9atifs","item":"https:\/\/ses-creative.com\/fr\/product-categorie\/loisirs-creatifs\/"},{"@type":"ListItem","position":3,"name":"Tableau mosa\u00efque"}]},{"@type":"WebSite","@id":"https:\/\/ses-creative.com\/#website","url":"https:\/\/ses-creative.com\/","name":"SES Creative","description":"","publisher":{"@id":"https:\/\/ses-creative.com\/#organization"},"potentialAction":[{"@type":"SearchAction","target":{"@type":"EntryPoint","urlTemplate":"https:\/\/ses-creative.com\/?s={search_term_string}"},"query-input":{"@type":"PropertyValueSpecification","valueRequired":true,"valueName":"search_term_string"}}],"inLanguage":"fr-FR"},{"@type":"Organization","@id":"https:\/\/ses-creative.com\/#organization","name":"SES Creative","url":"https:\/\/ses-creative.com\/","logo":{"@type":"ImageObject","inLanguage":"fr-FR","@id":"https:\/\/ses-creative.com\/#\/schema\/logo\/image\/","url":"https:\/\/ses-creative.com\/wp-content\/uploads\/2025\/10\/ses-creative-logo.jpg","contentUrl":"https:\/\/ses-creative.com\/wp-content\/uploads\/2025\/10\/ses-creative-logo.jpg","width":2037,"height":2037,"caption":"SES Creative"},"image":{"@id":"https:\/\/ses-creative.com\/#\/schema\/logo\/image\/"}}]}},"_links":{"self":[{"href":"https:\/\/ses-creative.com\/fr\/wp-json\/wp\/v2\/product\/118447","targetHints":{"allow":["GET"]}}],"collection":[{"href":"https:\/\/ses-creative.com\/fr\/wp-json\/wp\/v2\/product"}],"about":[{"href":"https:\/\/ses-creative.com\/fr\/wp-json\/wp\/v2\/types\/product"}],"replies":[{"embeddable":true,"href":"https:\/\/ses-creative.com\/fr\/wp-json\/wp\/v2\/comments?post=118447"}],"wp:featuredmedia":[{"embeddable":true,"href":"https:\/\/ses-creative.com\/fr\/wp-json\/wp\/v2\/media\/104976"}],"wp:attachment":[{"href":"https:\/\/ses-creative.com\/fr\/wp-json\/wp\/v2\/media?parent=118447"}],"wp:term":[{"taxonomy":"product_brand","embeddable":true,"href":"https:\/\/ses-creative.com\/fr\/wp-json\/wp\/v2\/product_brand?post=118447"},{"taxonomy":"product_cat","embeddable":true,"href":"https:\/\/ses-creative.com\/fr\/wp-json\/wp\/v2\/product_cat?post=118447"},{"taxonomy":"product_tag","embeddable":true,"href":"https:\/\/ses-creative.com\/fr\/wp-json\/wp\/v2\/product_tag?post=118447"}],"curies":[{"name":"wp","href":"https:\/\/api.w.org\/{rel}","templated":true}]}}