











{"id":118446,"date":"2026-02-12T10:09:47","date_gmt":"2026-02-12T10:09:47","guid":{"rendered":"https:\/\/ses-creative.com\/?post_type=product&#038;p=118446"},"modified":"2026-02-12T10:23:14","modified_gmt":"2026-02-12T10:23:14","slug":"decoration-pierre","status":"publish","type":"product","link":"https:\/\/ses-creative.com\/fr\/produit\/decoration-pierre\/","title":{"rendered":"D\u00e9coration pierre"},"content":{"rendered":"<p>Hobby Pink \u2013 Peinture sur pierres<\/p>\n<p>Transformez chaque pierre en une \u0153uvre d&rsquo;art color\u00e9e avec le kit Peinture sur pierres de SES Creative ! Avec des couleurs tendance, des yeux mobiles et des imprim\u00e9s suppl\u00e9mentaires, les enfants \u00e0 partir de 5 ans peuvent laisser libre cours \u00e0 leur cr\u00e9ativit\u00e9 et transformer des pierres ennuyeuses en cr\u00e9ations uniques.<\/p>\n<p>Ce qui rend ce kit g\u00e9nial<\/p>\n<p>Comprend 6 pots de peinture aux couleurs vives<br \/>\n8 yeux mobiles de diff\u00e9rentes tailles pour un effet ludique<br \/>\nImprim\u00e9s suppl\u00e9mentaires pour encore plus de possibilit\u00e9s de d\u00e9coration<br \/>\nStimule la cr\u00e9ativit\u00e9 et la motricit\u00e9 fine<br \/>\nParfait pour conserver ou offrir en cadeau<\/p>\n<p>Laissez libre cours \u00e0 votre cr\u00e9ativit\u00e9<br \/>\nPeignez des visages joyeux, des motifs color\u00e9s ou inventez vos propres cr\u00e9ations uniques. Avec la peinture, les yeux mobiles et les imprim\u00e9s suppl\u00e9mentaires, les possibilit\u00e9s sont infinies. Chaque pierre devient une \u0153uvre d&rsquo;art personnelle dont vous pouvez \u00eatre fier.<\/p>\n<p>Contenu du kit<\/p>\n<p>5 pierres<br \/>\n8 yeux mobiles de diff\u00e9rentes tailles<br \/>\n6 pots de peinture<br \/>\nPinceau<br \/>\nImprim\u00e9s pour plus de d\u00e9tails<\/p>\n<p>Pourquoi choisir SES Creative<br \/>\nChez SES Creative, nous accordons une grande importance \u00e0 la s\u00e9curit\u00e9. C&rsquo;est pourquoi nos produits sont fabriqu\u00e9s et test\u00e9s dans notre usine aux Pays-Bas, conform\u00e9ment aux normes de s\u00e9curit\u00e9 europ\u00e9ennes les plus strictes. Les jouets SES Creative sont source de plaisir et permettent aux enfants d&rsquo;\u00eatre fiers de leur travail, ce qui stimule leur cr\u00e9ativit\u00e9 et leur d\u00e9veloppement.<\/p>\n<p>Commencez d\u00e8s aujourd&rsquo;hui \u00e0 cr\u00e9er vos \u0153uvres d&rsquo;art en pierre<br \/>\nProcurez-vous le kit de peinture sur pierre et d\u00e9couvrez \u00e0 quel point il est amusant de transformer des pierres ordinaires en cr\u00e9ations uniques !<\/p>\n","protected":false},"excerpt":{"rendered":"<p>Hobby Pink \u2013 Peinture sur pierres Transformez chaque pierre en une \u0153uvre d&rsquo;art color\u00e9e avec le kit Peinture sur pierres de SES Creative ! Avec des couleurs tendance, des yeux mobiles et des imprim\u00e9s suppl\u00e9mentaires, les enfants \u00e0 partir de 5 ans peuvent laisser libre cours \u00e0 leur cr\u00e9ativit\u00e9 et transformer des pierres ennuyeuses en [&hellip;]<\/p>\n","protected":false},"featured_media":104956,"comment_status":"closed","ping_status":"closed","template":"","meta":{"_acf_changed":false},"product_brand":[],"product_cat":[122],"product_tag":[],"class_list":{"0":"post-118446","1":"product","2":"type-product","3":"status-publish","4":"has-post-thumbnail","6":"product_cat-loisirs-creatifs","7":"pa_leeftijd-filter-4-6-ans","8":"pa_meest-populair-bij-filles","10":"first","11":"instock","12":"shipping-taxable","13":"product-type-simple"},"acf":[],"yoast_head":"<!-- This site is optimized with the Yoast SEO plugin v27.2 - https:\/\/yoast.com\/product\/yoast-seo-wordpress\/ -->\n<title>D\u00e9coration pierre - SES Creative<\/title>\n<meta name=\"robots\" content=\"index, follow, max-snippet:-1, max-image-preview:large, max-video-preview:-1\" \/>\n<link rel=\"canonical\" href=\"https:\/\/ses-creative.com\/fr\/produit\/decoration-pierre\/\" \/>\n<meta property=\"og:locale\" content=\"fr_FR\" \/>\n<meta property=\"og:type\" content=\"article\" \/>\n<meta property=\"og:title\" content=\"D\u00e9coration pierre - SES Creative\" \/>\n<meta property=\"og:description\" content=\"Hobby Pink \u2013 Peinture sur pierres Transformez chaque pierre en une \u0153uvre d&rsquo;art color\u00e9e avec le kit Peinture sur pierres de SES Creative ! Avec des couleurs tendance, des yeux mobiles et des imprim\u00e9s suppl\u00e9mentaires, les enfants \u00e0 partir de 5 ans peuvent laisser libre cours \u00e0 leur cr\u00e9ativit\u00e9 et transformer des pierres ennuyeuses en [&hellip;]\" \/>\n<meta property=\"og:url\" content=\"https:\/\/ses-creative.com\/fr\/produit\/decoration-pierre\/\" \/>\n<meta property=\"og:site_name\" content=\"SES Creative\" \/>\n<meta property=\"article:modified_time\" content=\"2026-02-12T10:23:14+00:00\" \/>\n<meta name=\"twitter:card\" content=\"summary_large_image\" \/>\n<meta name=\"twitter:label1\" content=\"Dur\u00e9e de lecture estim\u00e9e\" \/>\n\t<meta name=\"twitter:data1\" content=\"1 minute\" \/>\n<script type=\"application\/ld+json\" class=\"yoast-schema-graph\">{\"@context\":\"https:\/\/schema.org\",\"@graph\":[{\"@type\":\"WebPage\",\"@id\":\"https:\/\/ses-creative.com\/fr\/produit\/decoration-pierre\/\",\"url\":\"https:\/\/ses-creative.com\/fr\/produit\/decoration-pierre\/\",\"name\":\"D\u00e9coration pierre - SES Creative\",\"isPartOf\":{\"@id\":\"https:\/\/ses-creative.com\/#website\"},\"primaryImageOfPage\":{\"@id\":\"https:\/\/ses-creative.com\/fr\/produit\/decoration-pierre\/#primaryimage\"},\"image\":{\"@id\":\"https:\/\/ses-creative.com\/fr\/produit\/decoration-pierre\/#primaryimage\"},\"thumbnailUrl\":\"https:\/\/ses-creative.com\/wp-content\/uploads\/2026\/01\/148431.jpg\",\"datePublished\":\"2026-02-12T10:09:47+00:00\",\"dateModified\":\"2026-02-12T10:23:14+00:00\",\"breadcrumb\":{\"@id\":\"https:\/\/ses-creative.com\/fr\/produit\/decoration-pierre\/#breadcrumb\"},\"inLanguage\":\"fr-FR\",\"potentialAction\":[{\"@type\":\"ReadAction\",\"target\":[\"https:\/\/ses-creative.com\/fr\/produit\/decoration-pierre\/\"]}]},{\"@type\":\"ImageObject\",\"inLanguage\":\"fr-FR\",\"@id\":\"https:\/\/ses-creative.com\/fr\/produit\/decoration-pierre\/#primaryimage\",\"url\":\"https:\/\/ses-creative.com\/wp-content\/uploads\/2026\/01\/148431.jpg\",\"contentUrl\":\"https:\/\/ses-creative.com\/wp-content\/uploads\/2026\/01\/148431.jpg\",\"width\":1000,\"height\":1000},{\"@type\":\"BreadcrumbList\",\"@id\":\"https:\/\/ses-creative.com\/fr\/produit\/decoration-pierre\/#breadcrumb\",\"itemListElement\":[{\"@type\":\"ListItem\",\"position\":1,\"name\":\"Boutique\",\"item\":\"https:\/\/ses-creative.com\/fr\/boutique\/\"},{\"@type\":\"ListItem\",\"position\":2,\"name\":\"Loisirs cr\u00e9atifs\",\"item\":\"https:\/\/ses-creative.com\/fr\/product-categorie\/loisirs-creatifs\/\"},{\"@type\":\"ListItem\",\"position\":3,\"name\":\"D\u00e9coration pierre\"}]},{\"@type\":\"WebSite\",\"@id\":\"https:\/\/ses-creative.com\/#website\",\"url\":\"https:\/\/ses-creative.com\/\",\"name\":\"SES Creative\",\"description\":\"\",\"publisher\":{\"@id\":\"https:\/\/ses-creative.com\/#organization\"},\"potentialAction\":[{\"@type\":\"SearchAction\",\"target\":{\"@type\":\"EntryPoint\",\"urlTemplate\":\"https:\/\/ses-creative.com\/?s={search_term_string}\"},\"query-input\":{\"@type\":\"PropertyValueSpecification\",\"valueRequired\":true,\"valueName\":\"search_term_string\"}}],\"inLanguage\":\"fr-FR\"},{\"@type\":\"Organization\",\"@id\":\"https:\/\/ses-creative.com\/#organization\",\"name\":\"SES Creative\",\"url\":\"https:\/\/ses-creative.com\/\",\"logo\":{\"@type\":\"ImageObject\",\"inLanguage\":\"fr-FR\",\"@id\":\"https:\/\/ses-creative.com\/#\/schema\/logo\/image\/\",\"url\":\"https:\/\/ses-creative.com\/wp-content\/uploads\/2025\/10\/ses-creative-logo.jpg\",\"contentUrl\":\"https:\/\/ses-creative.com\/wp-content\/uploads\/2025\/10\/ses-creative-logo.jpg\",\"width\":2037,\"height\":2037,\"caption\":\"SES Creative\"},\"image\":{\"@id\":\"https:\/\/ses-creative.com\/#\/schema\/logo\/image\/\"}}]}<\/script>\n<!-- \/ Yoast SEO plugin. -->","yoast_head_json":{"title":"D\u00e9coration pierre - SES Creative","robots":{"index":"index","follow":"follow","max-snippet":"max-snippet:-1","max-image-preview":"max-image-preview:large","max-video-preview":"max-video-preview:-1"},"canonical":"https:\/\/ses-creative.com\/fr\/produit\/decoration-pierre\/","og_locale":"fr_FR","og_type":"article","og_title":"D\u00e9coration pierre - SES Creative","og_description":"Hobby Pink \u2013 Peinture sur pierres Transformez chaque pierre en une \u0153uvre d&rsquo;art color\u00e9e avec le kit Peinture sur pierres de SES Creative ! Avec des couleurs tendance, des yeux mobiles et des imprim\u00e9s suppl\u00e9mentaires, les enfants \u00e0 partir de 5 ans peuvent laisser libre cours \u00e0 leur cr\u00e9ativit\u00e9 et transformer des pierres ennuyeuses en [&hellip;]","og_url":"https:\/\/ses-creative.com\/fr\/produit\/decoration-pierre\/","og_site_name":"SES Creative","article_modified_time":"2026-02-12T10:23:14+00:00","twitter_card":"summary_large_image","twitter_misc":{"Dur\u00e9e de lecture estim\u00e9e":"1 minute"},"schema":{"@context":"https:\/\/schema.org","@graph":[{"@type":"WebPage","@id":"https:\/\/ses-creative.com\/fr\/produit\/decoration-pierre\/","url":"https:\/\/ses-creative.com\/fr\/produit\/decoration-pierre\/","name":"D\u00e9coration pierre - SES Creative","isPartOf":{"@id":"https:\/\/ses-creative.com\/#website"},"primaryImageOfPage":{"@id":"https:\/\/ses-creative.com\/fr\/produit\/decoration-pierre\/#primaryimage"},"image":{"@id":"https:\/\/ses-creative.com\/fr\/produit\/decoration-pierre\/#primaryimage"},"thumbnailUrl":"https:\/\/ses-creative.com\/wp-content\/uploads\/2026\/01\/148431.jpg","datePublished":"2026-02-12T10:09:47+00:00","dateModified":"2026-02-12T10:23:14+00:00","breadcrumb":{"@id":"https:\/\/ses-creative.com\/fr\/produit\/decoration-pierre\/#breadcrumb"},"inLanguage":"fr-FR","potentialAction":[{"@type":"ReadAction","target":["https:\/\/ses-creative.com\/fr\/produit\/decoration-pierre\/"]}]},{"@type":"ImageObject","inLanguage":"fr-FR","@id":"https:\/\/ses-creative.com\/fr\/produit\/decoration-pierre\/#primaryimage","url":"https:\/\/ses-creative.com\/wp-content\/uploads\/2026\/01\/148431.jpg","contentUrl":"https:\/\/ses-creative.com\/wp-content\/uploads\/2026\/01\/148431.jpg","width":1000,"height":1000},{"@type":"BreadcrumbList","@id":"https:\/\/ses-creative.com\/fr\/produit\/decoration-pierre\/#breadcrumb","itemListElement":[{"@type":"ListItem","position":1,"name":"Boutique","item":"https:\/\/ses-creative.com\/fr\/boutique\/"},{"@type":"ListItem","position":2,"name":"Loisirs cr\u00e9atifs","item":"https:\/\/ses-creative.com\/fr\/product-categorie\/loisirs-creatifs\/"},{"@type":"ListItem","position":3,"name":"D\u00e9coration pierre"}]},{"@type":"WebSite","@id":"https:\/\/ses-creative.com\/#website","url":"https:\/\/ses-creative.com\/","name":"SES Creative","description":"","publisher":{"@id":"https:\/\/ses-creative.com\/#organization"},"potentialAction":[{"@type":"SearchAction","target":{"@type":"EntryPoint","urlTemplate":"https:\/\/ses-creative.com\/?s={search_term_string}"},"query-input":{"@type":"PropertyValueSpecification","valueRequired":true,"valueName":"search_term_string"}}],"inLanguage":"fr-FR"},{"@type":"Organization","@id":"https:\/\/ses-creative.com\/#organization","name":"SES Creative","url":"https:\/\/ses-creative.com\/","logo":{"@type":"ImageObject","inLanguage":"fr-FR","@id":"https:\/\/ses-creative.com\/#\/schema\/logo\/image\/","url":"https:\/\/ses-creative.com\/wp-content\/uploads\/2025\/10\/ses-creative-logo.jpg","contentUrl":"https:\/\/ses-creative.com\/wp-content\/uploads\/2025\/10\/ses-creative-logo.jpg","width":2037,"height":2037,"caption":"SES Creative"},"image":{"@id":"https:\/\/ses-creative.com\/#\/schema\/logo\/image\/"}}]}},"_links":{"self":[{"href":"https:\/\/ses-creative.com\/fr\/wp-json\/wp\/v2\/product\/118446","targetHints":{"allow":["GET"]}}],"collection":[{"href":"https:\/\/ses-creative.com\/fr\/wp-json\/wp\/v2\/product"}],"about":[{"href":"https:\/\/ses-creative.com\/fr\/wp-json\/wp\/v2\/types\/product"}],"replies":[{"embeddable":true,"href":"https:\/\/ses-creative.com\/fr\/wp-json\/wp\/v2\/comments?post=118446"}],"wp:featuredmedia":[{"embeddable":true,"href":"https:\/\/ses-creative.com\/fr\/wp-json\/wp\/v2\/media\/104956"}],"wp:attachment":[{"href":"https:\/\/ses-creative.com\/fr\/wp-json\/wp\/v2\/media?parent=118446"}],"wp:term":[{"taxonomy":"product_brand","embeddable":true,"href":"https:\/\/ses-creative.com\/fr\/wp-json\/wp\/v2\/product_brand?post=118446"},{"taxonomy":"product_cat","embeddable":true,"href":"https:\/\/ses-creative.com\/fr\/wp-json\/wp\/v2\/product_cat?post=118446"},{"taxonomy":"product_tag","embeddable":true,"href":"https:\/\/ses-creative.com\/fr\/wp-json\/wp\/v2\/product_tag?post=118446"}],"curies":[{"name":"wp","href":"https:\/\/api.w.org\/{rel}","templated":true}]}}