











{"id":118445,"date":"2026-02-12T10:09:47","date_gmt":"2026-02-12T10:09:47","guid":{"rendered":"https:\/\/ses-creative.com\/?post_type=product&#038;p=118445"},"modified":"2026-02-12T10:23:14","modified_gmt":"2026-02-12T10:23:14","slug":"japprends-a-reconnaitre-les-formes","status":"publish","type":"product","link":"https:\/\/ses-creative.com\/fr\/produit\/japprends-a-reconnaitre-les-formes\/","title":{"rendered":"J&rsquo;apprends \u00e0 reconna\u00eetre les formes"},"content":{"rendered":"<p>D\u00e9couvrez le kit \u00e9ducatif \u00ab\u00a0J&rsquo;apprends \u00e0 reconna\u00eetre les formes\u00a0\u00bb de SES Creative, con\u00e7u pour initier les enfants d\u00e8s 3 ans \u00e0 la reconnaissance des formes g\u00e9om\u00e9triques de mani\u00e8re ludique et interactive. Ce coffret complet comprend 16 cartes illustr\u00e9es et plus de 300 autocollants color\u00e9s repr\u00e9sentant diverses formes telles que des carr\u00e9s, des cercles, des triangles et des hexagones. Les enfants sont invit\u00e9s \u00e0 associer chaque forme \u00e0 son emplacement correspondant sur les cartes, favorisant ainsi leur compr\u00e9hension des formes et des couleurs tout en d\u00e9veloppant leur motricit\u00e9 fine.<\/p>\n<p>En plus d&rsquo;\u00eatre un outil p\u00e9dagogique, ce kit stimule la cr\u00e9ativit\u00e9 des tout-petits en leur permettant de personnaliser les cartes avec les autocollants fournis. Fabriqu\u00e9 aux Pays-Bas par SES Creative, ce produit est con\u00e7u dans le respect de l&rsquo;environnement, \u00e9tant 100 % neutre en CO\u2082. Il constitue une id\u00e9e cadeau id\u00e9ale pour les jeunes enfants, les aidant \u00e0 apprendre tout en s&rsquo;amusant.<\/p>\n<p>Offrez \u00e0 votre enfant une exp\u00e9rience d&rsquo;apprentissage enrichissante avec le kit \u00ab\u00a0J&rsquo;apprends \u00e0 reconna\u00eetre les formes\u00a0\u00bb et observez-le d\u00e9velopper ses comp\u00e9tences essentielles tout en s&rsquo;amusant.<\/p>\n","protected":false},"excerpt":{"rendered":"<p>D\u00e9couvrez le kit \u00e9ducatif \u00ab\u00a0J&rsquo;apprends \u00e0 reconna\u00eetre les formes\u00a0\u00bb de SES Creative, con\u00e7u pour initier les enfants d\u00e8s 3 ans \u00e0 la reconnaissance des formes g\u00e9om\u00e9triques de mani\u00e8re ludique et interactive. Ce coffret complet comprend 16 cartes illustr\u00e9es et plus de 300 autocollants color\u00e9s repr\u00e9sentant diverses formes telles que des carr\u00e9s, des cercles, des triangles [&hellip;]<\/p>\n","protected":false},"featured_media":104936,"comment_status":"closed","ping_status":"closed","template":"","meta":{"_acf_changed":false},"product_brand":[],"product_cat":[122],"product_tag":[],"class_list":{"0":"post-118445","1":"product","2":"type-product","3":"status-publish","4":"has-post-thumbnail","6":"product_cat-loisirs-creatifs","7":"pa_leeftijd-filter-3-4-ans","8":"pa_meest-populair-bij-garcons-filles","10":"first","11":"instock","12":"shipping-taxable","13":"product-type-simple"},"acf":[],"yoast_head":"<!-- This site is optimized with the Yoast SEO plugin v27.2 - https:\/\/yoast.com\/product\/yoast-seo-wordpress\/ -->\n<title>J&#039;apprends \u00e0 reconna\u00eetre les formes - SES Creative<\/title>\n<meta name=\"robots\" content=\"index, follow, max-snippet:-1, max-image-preview:large, max-video-preview:-1\" \/>\n<link rel=\"canonical\" href=\"https:\/\/ses-creative.com\/fr\/produit\/japprends-a-reconnaitre-les-formes\/\" \/>\n<meta property=\"og:locale\" content=\"fr_FR\" \/>\n<meta property=\"og:type\" content=\"article\" \/>\n<meta property=\"og:title\" content=\"J&#039;apprends \u00e0 reconna\u00eetre les formes - SES Creative\" \/>\n<meta property=\"og:description\" content=\"D\u00e9couvrez le kit \u00e9ducatif \u00ab\u00a0J&rsquo;apprends \u00e0 reconna\u00eetre les formes\u00a0\u00bb de SES Creative, con\u00e7u pour initier les enfants d\u00e8s 3 ans \u00e0 la reconnaissance des formes g\u00e9om\u00e9triques de mani\u00e8re ludique et interactive. Ce coffret complet comprend 16 cartes illustr\u00e9es et plus de 300 autocollants color\u00e9s repr\u00e9sentant diverses formes telles que des carr\u00e9s, des cercles, des triangles [&hellip;]\" \/>\n<meta property=\"og:url\" content=\"https:\/\/ses-creative.com\/fr\/produit\/japprends-a-reconnaitre-les-formes\/\" \/>\n<meta property=\"og:site_name\" content=\"SES Creative\" \/>\n<meta property=\"article:modified_time\" content=\"2026-02-12T10:23:14+00:00\" \/>\n<meta name=\"twitter:card\" content=\"summary_large_image\" \/>\n<meta name=\"twitter:label1\" content=\"Dur\u00e9e de lecture estim\u00e9e\" \/>\n\t<meta name=\"twitter:data1\" content=\"1 minute\" \/>\n<script type=\"application\/ld+json\" class=\"yoast-schema-graph\">{\"@context\":\"https:\/\/schema.org\",\"@graph\":[{\"@type\":\"WebPage\",\"@id\":\"https:\/\/ses-creative.com\/fr\/produit\/japprends-a-reconnaitre-les-formes\/\",\"url\":\"https:\/\/ses-creative.com\/fr\/produit\/japprends-a-reconnaitre-les-formes\/\",\"name\":\"J'apprends \u00e0 reconna\u00eetre les formes - SES Creative\",\"isPartOf\":{\"@id\":\"https:\/\/ses-creative.com\/#website\"},\"primaryImageOfPage\":{\"@id\":\"https:\/\/ses-creative.com\/fr\/produit\/japprends-a-reconnaitre-les-formes\/#primaryimage\"},\"image\":{\"@id\":\"https:\/\/ses-creative.com\/fr\/produit\/japprends-a-reconnaitre-les-formes\/#primaryimage\"},\"thumbnailUrl\":\"https:\/\/ses-creative.com\/wp-content\/uploads\/2026\/01\/148391.jpg\",\"datePublished\":\"2026-02-12T10:09:47+00:00\",\"dateModified\":\"2026-02-12T10:23:14+00:00\",\"breadcrumb\":{\"@id\":\"https:\/\/ses-creative.com\/fr\/produit\/japprends-a-reconnaitre-les-formes\/#breadcrumb\"},\"inLanguage\":\"fr-FR\",\"potentialAction\":[{\"@type\":\"ReadAction\",\"target\":[\"https:\/\/ses-creative.com\/fr\/produit\/japprends-a-reconnaitre-les-formes\/\"]}]},{\"@type\":\"ImageObject\",\"inLanguage\":\"fr-FR\",\"@id\":\"https:\/\/ses-creative.com\/fr\/produit\/japprends-a-reconnaitre-les-formes\/#primaryimage\",\"url\":\"https:\/\/ses-creative.com\/wp-content\/uploads\/2026\/01\/148391.jpg\",\"contentUrl\":\"https:\/\/ses-creative.com\/wp-content\/uploads\/2026\/01\/148391.jpg\",\"width\":1000,\"height\":1000},{\"@type\":\"BreadcrumbList\",\"@id\":\"https:\/\/ses-creative.com\/fr\/produit\/japprends-a-reconnaitre-les-formes\/#breadcrumb\",\"itemListElement\":[{\"@type\":\"ListItem\",\"position\":1,\"name\":\"Boutique\",\"item\":\"https:\/\/ses-creative.com\/fr\/boutique\/\"},{\"@type\":\"ListItem\",\"position\":2,\"name\":\"Loisirs cr\u00e9atifs\",\"item\":\"https:\/\/ses-creative.com\/fr\/product-categorie\/loisirs-creatifs\/\"},{\"@type\":\"ListItem\",\"position\":3,\"name\":\"J&#8217;apprends \u00e0 reconna\u00eetre les formes\"}]},{\"@type\":\"WebSite\",\"@id\":\"https:\/\/ses-creative.com\/#website\",\"url\":\"https:\/\/ses-creative.com\/\",\"name\":\"SES Creative\",\"description\":\"\",\"publisher\":{\"@id\":\"https:\/\/ses-creative.com\/#organization\"},\"potentialAction\":[{\"@type\":\"SearchAction\",\"target\":{\"@type\":\"EntryPoint\",\"urlTemplate\":\"https:\/\/ses-creative.com\/?s={search_term_string}\"},\"query-input\":{\"@type\":\"PropertyValueSpecification\",\"valueRequired\":true,\"valueName\":\"search_term_string\"}}],\"inLanguage\":\"fr-FR\"},{\"@type\":\"Organization\",\"@id\":\"https:\/\/ses-creative.com\/#organization\",\"name\":\"SES Creative\",\"url\":\"https:\/\/ses-creative.com\/\",\"logo\":{\"@type\":\"ImageObject\",\"inLanguage\":\"fr-FR\",\"@id\":\"https:\/\/ses-creative.com\/#\/schema\/logo\/image\/\",\"url\":\"https:\/\/ses-creative.com\/wp-content\/uploads\/2025\/10\/ses-creative-logo.jpg\",\"contentUrl\":\"https:\/\/ses-creative.com\/wp-content\/uploads\/2025\/10\/ses-creative-logo.jpg\",\"width\":2037,\"height\":2037,\"caption\":\"SES Creative\"},\"image\":{\"@id\":\"https:\/\/ses-creative.com\/#\/schema\/logo\/image\/\"}}]}<\/script>\n<!-- \/ Yoast SEO plugin. -->","yoast_head_json":{"title":"J'apprends \u00e0 reconna\u00eetre les formes - SES Creative","robots":{"index":"index","follow":"follow","max-snippet":"max-snippet:-1","max-image-preview":"max-image-preview:large","max-video-preview":"max-video-preview:-1"},"canonical":"https:\/\/ses-creative.com\/fr\/produit\/japprends-a-reconnaitre-les-formes\/","og_locale":"fr_FR","og_type":"article","og_title":"J'apprends \u00e0 reconna\u00eetre les formes - SES Creative","og_description":"D\u00e9couvrez le kit \u00e9ducatif \u00ab\u00a0J&rsquo;apprends \u00e0 reconna\u00eetre les formes\u00a0\u00bb de SES Creative, con\u00e7u pour initier les enfants d\u00e8s 3 ans \u00e0 la reconnaissance des formes g\u00e9om\u00e9triques de mani\u00e8re ludique et interactive. Ce coffret complet comprend 16 cartes illustr\u00e9es et plus de 300 autocollants color\u00e9s repr\u00e9sentant diverses formes telles que des carr\u00e9s, des cercles, des triangles [&hellip;]","og_url":"https:\/\/ses-creative.com\/fr\/produit\/japprends-a-reconnaitre-les-formes\/","og_site_name":"SES Creative","article_modified_time":"2026-02-12T10:23:14+00:00","twitter_card":"summary_large_image","twitter_misc":{"Dur\u00e9e de lecture estim\u00e9e":"1 minute"},"schema":{"@context":"https:\/\/schema.org","@graph":[{"@type":"WebPage","@id":"https:\/\/ses-creative.com\/fr\/produit\/japprends-a-reconnaitre-les-formes\/","url":"https:\/\/ses-creative.com\/fr\/produit\/japprends-a-reconnaitre-les-formes\/","name":"J'apprends \u00e0 reconna\u00eetre les formes - SES Creative","isPartOf":{"@id":"https:\/\/ses-creative.com\/#website"},"primaryImageOfPage":{"@id":"https:\/\/ses-creative.com\/fr\/produit\/japprends-a-reconnaitre-les-formes\/#primaryimage"},"image":{"@id":"https:\/\/ses-creative.com\/fr\/produit\/japprends-a-reconnaitre-les-formes\/#primaryimage"},"thumbnailUrl":"https:\/\/ses-creative.com\/wp-content\/uploads\/2026\/01\/148391.jpg","datePublished":"2026-02-12T10:09:47+00:00","dateModified":"2026-02-12T10:23:14+00:00","breadcrumb":{"@id":"https:\/\/ses-creative.com\/fr\/produit\/japprends-a-reconnaitre-les-formes\/#breadcrumb"},"inLanguage":"fr-FR","potentialAction":[{"@type":"ReadAction","target":["https:\/\/ses-creative.com\/fr\/produit\/japprends-a-reconnaitre-les-formes\/"]}]},{"@type":"ImageObject","inLanguage":"fr-FR","@id":"https:\/\/ses-creative.com\/fr\/produit\/japprends-a-reconnaitre-les-formes\/#primaryimage","url":"https:\/\/ses-creative.com\/wp-content\/uploads\/2026\/01\/148391.jpg","contentUrl":"https:\/\/ses-creative.com\/wp-content\/uploads\/2026\/01\/148391.jpg","width":1000,"height":1000},{"@type":"BreadcrumbList","@id":"https:\/\/ses-creative.com\/fr\/produit\/japprends-a-reconnaitre-les-formes\/#breadcrumb","itemListElement":[{"@type":"ListItem","position":1,"name":"Boutique","item":"https:\/\/ses-creative.com\/fr\/boutique\/"},{"@type":"ListItem","position":2,"name":"Loisirs cr\u00e9atifs","item":"https:\/\/ses-creative.com\/fr\/product-categorie\/loisirs-creatifs\/"},{"@type":"ListItem","position":3,"name":"J&#8217;apprends \u00e0 reconna\u00eetre les formes"}]},{"@type":"WebSite","@id":"https:\/\/ses-creative.com\/#website","url":"https:\/\/ses-creative.com\/","name":"SES Creative","description":"","publisher":{"@id":"https:\/\/ses-creative.com\/#organization"},"potentialAction":[{"@type":"SearchAction","target":{"@type":"EntryPoint","urlTemplate":"https:\/\/ses-creative.com\/?s={search_term_string}"},"query-input":{"@type":"PropertyValueSpecification","valueRequired":true,"valueName":"search_term_string"}}],"inLanguage":"fr-FR"},{"@type":"Organization","@id":"https:\/\/ses-creative.com\/#organization","name":"SES Creative","url":"https:\/\/ses-creative.com\/","logo":{"@type":"ImageObject","inLanguage":"fr-FR","@id":"https:\/\/ses-creative.com\/#\/schema\/logo\/image\/","url":"https:\/\/ses-creative.com\/wp-content\/uploads\/2025\/10\/ses-creative-logo.jpg","contentUrl":"https:\/\/ses-creative.com\/wp-content\/uploads\/2025\/10\/ses-creative-logo.jpg","width":2037,"height":2037,"caption":"SES Creative"},"image":{"@id":"https:\/\/ses-creative.com\/#\/schema\/logo\/image\/"}}]}},"_links":{"self":[{"href":"https:\/\/ses-creative.com\/fr\/wp-json\/wp\/v2\/product\/118445","targetHints":{"allow":["GET"]}}],"collection":[{"href":"https:\/\/ses-creative.com\/fr\/wp-json\/wp\/v2\/product"}],"about":[{"href":"https:\/\/ses-creative.com\/fr\/wp-json\/wp\/v2\/types\/product"}],"replies":[{"embeddable":true,"href":"https:\/\/ses-creative.com\/fr\/wp-json\/wp\/v2\/comments?post=118445"}],"wp:featuredmedia":[{"embeddable":true,"href":"https:\/\/ses-creative.com\/fr\/wp-json\/wp\/v2\/media\/104936"}],"wp:attachment":[{"href":"https:\/\/ses-creative.com\/fr\/wp-json\/wp\/v2\/media?parent=118445"}],"wp:term":[{"taxonomy":"product_brand","embeddable":true,"href":"https:\/\/ses-creative.com\/fr\/wp-json\/wp\/v2\/product_brand?post=118445"},{"taxonomy":"product_cat","embeddable":true,"href":"https:\/\/ses-creative.com\/fr\/wp-json\/wp\/v2\/product_cat?post=118445"},{"taxonomy":"product_tag","embeddable":true,"href":"https:\/\/ses-creative.com\/fr\/wp-json\/wp\/v2\/product_tag?post=118445"}],"curies":[{"name":"wp","href":"https:\/\/api.w.org\/{rel}","templated":true}]}}