











{"id":118444,"date":"2026-02-12T10:09:47","date_gmt":"2026-02-12T10:09:47","guid":{"rendered":"https:\/\/ses-creative.com\/?post_type=product&#038;p=118444"},"modified":"2026-02-12T10:23:14","modified_gmt":"2026-02-12T10:23:14","slug":"japprends-a-broder","status":"publish","type":"product","link":"https:\/\/ses-creative.com\/fr\/produit\/japprends-a-broder\/","title":{"rendered":"J&rsquo;apprends \u00e0 broder"},"content":{"rendered":"<p>Initiez votre enfant \u00e0 l\u2019art de la broderie avec ce kit J\u2019apprends \u00e0 broder de SES Creative. Con\u00e7u pour les enfants d\u00e8s 3 ans, ce jeu \u00e9ducatif et cr\u00e9atif leur permet de d\u00e9couvrir les bases de la couture tout en r\u00e9alisant de magnifiques motifs en couleur. Gr\u00e2ce aux cartes pr\u00e9imprim\u00e9es et perfor\u00e9es, broder devient un jeu d\u2019enfant. Les petits artistes pourront cr\u00e9er un chat, un papillon, un cheval et un chien, tout en d\u00e9veloppant leur motricit\u00e9 fine et leur patience.<\/p>\n<p>Le kit comprend tout le n\u00e9cessaire pour une exp\u00e9rience de broderie ludique et \u00e9ducative:<br \/>\n&#8211; 4 cartes \u00e0 broder solides et perfor\u00e9es<br \/>\n&#8211; 1 aiguille \u00e0 bout rond s\u00e9curis\u00e9e<br \/>\n&#8211; 1 d\u00e9 \u00e0 coudre pour une protection optimale<br \/>\n&#8211; 5 fils color\u00e9s (noir, rouge, bleu, jaune et vert)<\/p>\n<p>La toile \u00e0 gros trous et la laine \u00e9paisse facilitent l\u2019apprentissage et garantissent un r\u00e9sultat rapide et amusant.<\/p>\n<p>SES Creative est une marque sp\u00e9cialis\u00e9e dans les jouets cr\u00e9atifs et \u00e9ducatifs depuis plus de 40 ans. Ses produits sont con\u00e7us pour accompagner les enfants dans leur d\u00e9veloppement, en alliant plaisir et apprentissage. Ce kit est parfait pour initier les plus jeunes aux loisirs cr\u00e9atifs tout en leur offrant une activit\u00e9 amusante et enrichissante. Une excellente id\u00e9e cadeau pour stimuler l\u2019imagination et la cr\u00e9ativit\u00e9 d\u00e8s le plus jeune \u00e2ge!<\/p>\n","protected":false},"excerpt":{"rendered":"<p>Initiez votre enfant \u00e0 l\u2019art de la broderie avec ce kit J\u2019apprends \u00e0 broder de SES Creative. Con\u00e7u pour les enfants d\u00e8s 3 ans, ce jeu \u00e9ducatif et cr\u00e9atif leur permet de d\u00e9couvrir les bases de la couture tout en r\u00e9alisant de magnifiques motifs en couleur. Gr\u00e2ce aux cartes pr\u00e9imprim\u00e9es et perfor\u00e9es, broder devient un [&hellip;]<\/p>\n","protected":false},"featured_media":104916,"comment_status":"closed","ping_status":"closed","template":"","meta":{"_acf_changed":false},"product_brand":[],"product_cat":[122],"product_tag":[],"class_list":{"0":"post-118444","1":"product","2":"type-product","3":"status-publish","4":"has-post-thumbnail","6":"product_cat-loisirs-creatifs","7":"pa_leeftijd-filter-3-4-ans","8":"pa_meest-populair-bij-garcons-filles","10":"first","11":"instock","12":"shipping-taxable","13":"product-type-simple"},"acf":[],"yoast_head":"<!-- This site is optimized with the Yoast SEO plugin v27.2 - https:\/\/yoast.com\/product\/yoast-seo-wordpress\/ -->\n<title>J&#039;apprends \u00e0 broder - SES Creative<\/title>\n<meta name=\"robots\" content=\"index, follow, max-snippet:-1, max-image-preview:large, max-video-preview:-1\" \/>\n<link rel=\"canonical\" href=\"https:\/\/ses-creative.com\/fr\/produit\/japprends-a-broder\/\" \/>\n<meta property=\"og:locale\" content=\"fr_FR\" \/>\n<meta property=\"og:type\" content=\"article\" \/>\n<meta property=\"og:title\" content=\"J&#039;apprends \u00e0 broder - SES Creative\" \/>\n<meta property=\"og:description\" content=\"Initiez votre enfant \u00e0 l\u2019art de la broderie avec ce kit J\u2019apprends \u00e0 broder de SES Creative. Con\u00e7u pour les enfants d\u00e8s 3 ans, ce jeu \u00e9ducatif et cr\u00e9atif leur permet de d\u00e9couvrir les bases de la couture tout en r\u00e9alisant de magnifiques motifs en couleur. Gr\u00e2ce aux cartes pr\u00e9imprim\u00e9es et perfor\u00e9es, broder devient un [&hellip;]\" \/>\n<meta property=\"og:url\" content=\"https:\/\/ses-creative.com\/fr\/produit\/japprends-a-broder\/\" \/>\n<meta property=\"og:site_name\" content=\"SES Creative\" \/>\n<meta property=\"article:modified_time\" content=\"2026-02-12T10:23:14+00:00\" \/>\n<meta name=\"twitter:card\" content=\"summary_large_image\" \/>\n<meta name=\"twitter:label1\" content=\"Dur\u00e9e de lecture estim\u00e9e\" \/>\n\t<meta name=\"twitter:data1\" content=\"1 minute\" \/>\n<script type=\"application\/ld+json\" class=\"yoast-schema-graph\">{\"@context\":\"https:\/\/schema.org\",\"@graph\":[{\"@type\":\"WebPage\",\"@id\":\"https:\/\/ses-creative.com\/fr\/produit\/japprends-a-broder\/\",\"url\":\"https:\/\/ses-creative.com\/fr\/produit\/japprends-a-broder\/\",\"name\":\"J'apprends \u00e0 broder - SES Creative\",\"isPartOf\":{\"@id\":\"https:\/\/ses-creative.com\/#website\"},\"primaryImageOfPage\":{\"@id\":\"https:\/\/ses-creative.com\/fr\/produit\/japprends-a-broder\/#primaryimage\"},\"image\":{\"@id\":\"https:\/\/ses-creative.com\/fr\/produit\/japprends-a-broder\/#primaryimage\"},\"thumbnailUrl\":\"https:\/\/ses-creative.com\/wp-content\/uploads\/2026\/01\/148381.jpg\",\"datePublished\":\"2026-02-12T10:09:47+00:00\",\"dateModified\":\"2026-02-12T10:23:14+00:00\",\"breadcrumb\":{\"@id\":\"https:\/\/ses-creative.com\/fr\/produit\/japprends-a-broder\/#breadcrumb\"},\"inLanguage\":\"fr-FR\",\"potentialAction\":[{\"@type\":\"ReadAction\",\"target\":[\"https:\/\/ses-creative.com\/fr\/produit\/japprends-a-broder\/\"]}]},{\"@type\":\"ImageObject\",\"inLanguage\":\"fr-FR\",\"@id\":\"https:\/\/ses-creative.com\/fr\/produit\/japprends-a-broder\/#primaryimage\",\"url\":\"https:\/\/ses-creative.com\/wp-content\/uploads\/2026\/01\/148381.jpg\",\"contentUrl\":\"https:\/\/ses-creative.com\/wp-content\/uploads\/2026\/01\/148381.jpg\",\"width\":1000,\"height\":1000},{\"@type\":\"BreadcrumbList\",\"@id\":\"https:\/\/ses-creative.com\/fr\/produit\/japprends-a-broder\/#breadcrumb\",\"itemListElement\":[{\"@type\":\"ListItem\",\"position\":1,\"name\":\"Boutique\",\"item\":\"https:\/\/ses-creative.com\/fr\/boutique\/\"},{\"@type\":\"ListItem\",\"position\":2,\"name\":\"Loisirs cr\u00e9atifs\",\"item\":\"https:\/\/ses-creative.com\/fr\/product-categorie\/loisirs-creatifs\/\"},{\"@type\":\"ListItem\",\"position\":3,\"name\":\"J&#8217;apprends \u00e0 broder\"}]},{\"@type\":\"WebSite\",\"@id\":\"https:\/\/ses-creative.com\/#website\",\"url\":\"https:\/\/ses-creative.com\/\",\"name\":\"SES Creative\",\"description\":\"\",\"publisher\":{\"@id\":\"https:\/\/ses-creative.com\/#organization\"},\"potentialAction\":[{\"@type\":\"SearchAction\",\"target\":{\"@type\":\"EntryPoint\",\"urlTemplate\":\"https:\/\/ses-creative.com\/?s={search_term_string}\"},\"query-input\":{\"@type\":\"PropertyValueSpecification\",\"valueRequired\":true,\"valueName\":\"search_term_string\"}}],\"inLanguage\":\"fr-FR\"},{\"@type\":\"Organization\",\"@id\":\"https:\/\/ses-creative.com\/#organization\",\"name\":\"SES Creative\",\"url\":\"https:\/\/ses-creative.com\/\",\"logo\":{\"@type\":\"ImageObject\",\"inLanguage\":\"fr-FR\",\"@id\":\"https:\/\/ses-creative.com\/#\/schema\/logo\/image\/\",\"url\":\"https:\/\/ses-creative.com\/wp-content\/uploads\/2025\/10\/ses-creative-logo.jpg\",\"contentUrl\":\"https:\/\/ses-creative.com\/wp-content\/uploads\/2025\/10\/ses-creative-logo.jpg\",\"width\":2037,\"height\":2037,\"caption\":\"SES Creative\"},\"image\":{\"@id\":\"https:\/\/ses-creative.com\/#\/schema\/logo\/image\/\"}}]}<\/script>\n<!-- \/ Yoast SEO plugin. -->","yoast_head_json":{"title":"J'apprends \u00e0 broder - SES Creative","robots":{"index":"index","follow":"follow","max-snippet":"max-snippet:-1","max-image-preview":"max-image-preview:large","max-video-preview":"max-video-preview:-1"},"canonical":"https:\/\/ses-creative.com\/fr\/produit\/japprends-a-broder\/","og_locale":"fr_FR","og_type":"article","og_title":"J'apprends \u00e0 broder - SES Creative","og_description":"Initiez votre enfant \u00e0 l\u2019art de la broderie avec ce kit J\u2019apprends \u00e0 broder de SES Creative. Con\u00e7u pour les enfants d\u00e8s 3 ans, ce jeu \u00e9ducatif et cr\u00e9atif leur permet de d\u00e9couvrir les bases de la couture tout en r\u00e9alisant de magnifiques motifs en couleur. Gr\u00e2ce aux cartes pr\u00e9imprim\u00e9es et perfor\u00e9es, broder devient un [&hellip;]","og_url":"https:\/\/ses-creative.com\/fr\/produit\/japprends-a-broder\/","og_site_name":"SES Creative","article_modified_time":"2026-02-12T10:23:14+00:00","twitter_card":"summary_large_image","twitter_misc":{"Dur\u00e9e de lecture estim\u00e9e":"1 minute"},"schema":{"@context":"https:\/\/schema.org","@graph":[{"@type":"WebPage","@id":"https:\/\/ses-creative.com\/fr\/produit\/japprends-a-broder\/","url":"https:\/\/ses-creative.com\/fr\/produit\/japprends-a-broder\/","name":"J'apprends \u00e0 broder - SES Creative","isPartOf":{"@id":"https:\/\/ses-creative.com\/#website"},"primaryImageOfPage":{"@id":"https:\/\/ses-creative.com\/fr\/produit\/japprends-a-broder\/#primaryimage"},"image":{"@id":"https:\/\/ses-creative.com\/fr\/produit\/japprends-a-broder\/#primaryimage"},"thumbnailUrl":"https:\/\/ses-creative.com\/wp-content\/uploads\/2026\/01\/148381.jpg","datePublished":"2026-02-12T10:09:47+00:00","dateModified":"2026-02-12T10:23:14+00:00","breadcrumb":{"@id":"https:\/\/ses-creative.com\/fr\/produit\/japprends-a-broder\/#breadcrumb"},"inLanguage":"fr-FR","potentialAction":[{"@type":"ReadAction","target":["https:\/\/ses-creative.com\/fr\/produit\/japprends-a-broder\/"]}]},{"@type":"ImageObject","inLanguage":"fr-FR","@id":"https:\/\/ses-creative.com\/fr\/produit\/japprends-a-broder\/#primaryimage","url":"https:\/\/ses-creative.com\/wp-content\/uploads\/2026\/01\/148381.jpg","contentUrl":"https:\/\/ses-creative.com\/wp-content\/uploads\/2026\/01\/148381.jpg","width":1000,"height":1000},{"@type":"BreadcrumbList","@id":"https:\/\/ses-creative.com\/fr\/produit\/japprends-a-broder\/#breadcrumb","itemListElement":[{"@type":"ListItem","position":1,"name":"Boutique","item":"https:\/\/ses-creative.com\/fr\/boutique\/"},{"@type":"ListItem","position":2,"name":"Loisirs cr\u00e9atifs","item":"https:\/\/ses-creative.com\/fr\/product-categorie\/loisirs-creatifs\/"},{"@type":"ListItem","position":3,"name":"J&#8217;apprends \u00e0 broder"}]},{"@type":"WebSite","@id":"https:\/\/ses-creative.com\/#website","url":"https:\/\/ses-creative.com\/","name":"SES Creative","description":"","publisher":{"@id":"https:\/\/ses-creative.com\/#organization"},"potentialAction":[{"@type":"SearchAction","target":{"@type":"EntryPoint","urlTemplate":"https:\/\/ses-creative.com\/?s={search_term_string}"},"query-input":{"@type":"PropertyValueSpecification","valueRequired":true,"valueName":"search_term_string"}}],"inLanguage":"fr-FR"},{"@type":"Organization","@id":"https:\/\/ses-creative.com\/#organization","name":"SES Creative","url":"https:\/\/ses-creative.com\/","logo":{"@type":"ImageObject","inLanguage":"fr-FR","@id":"https:\/\/ses-creative.com\/#\/schema\/logo\/image\/","url":"https:\/\/ses-creative.com\/wp-content\/uploads\/2025\/10\/ses-creative-logo.jpg","contentUrl":"https:\/\/ses-creative.com\/wp-content\/uploads\/2025\/10\/ses-creative-logo.jpg","width":2037,"height":2037,"caption":"SES Creative"},"image":{"@id":"https:\/\/ses-creative.com\/#\/schema\/logo\/image\/"}}]}},"_links":{"self":[{"href":"https:\/\/ses-creative.com\/fr\/wp-json\/wp\/v2\/product\/118444","targetHints":{"allow":["GET"]}}],"collection":[{"href":"https:\/\/ses-creative.com\/fr\/wp-json\/wp\/v2\/product"}],"about":[{"href":"https:\/\/ses-creative.com\/fr\/wp-json\/wp\/v2\/types\/product"}],"replies":[{"embeddable":true,"href":"https:\/\/ses-creative.com\/fr\/wp-json\/wp\/v2\/comments?post=118444"}],"wp:featuredmedia":[{"embeddable":true,"href":"https:\/\/ses-creative.com\/fr\/wp-json\/wp\/v2\/media\/104916"}],"wp:attachment":[{"href":"https:\/\/ses-creative.com\/fr\/wp-json\/wp\/v2\/media?parent=118444"}],"wp:term":[{"taxonomy":"product_brand","embeddable":true,"href":"https:\/\/ses-creative.com\/fr\/wp-json\/wp\/v2\/product_brand?post=118444"},{"taxonomy":"product_cat","embeddable":true,"href":"https:\/\/ses-creative.com\/fr\/wp-json\/wp\/v2\/product_cat?post=118444"},{"taxonomy":"product_tag","embeddable":true,"href":"https:\/\/ses-creative.com\/fr\/wp-json\/wp\/v2\/product_tag?post=118444"}],"curies":[{"name":"wp","href":"https:\/\/api.w.org\/{rel}","templated":true}]}}