











{"id":118443,"date":"2026-02-12T10:09:47","date_gmt":"2026-02-12T10:09:47","guid":{"rendered":"https:\/\/ses-creative.com\/?post_type=product&#038;p=118443"},"modified":"2026-02-12T10:23:14","modified_gmt":"2026-02-12T10:23:14","slug":"japprends-a-perforer","status":"publish","type":"product","link":"https:\/\/ses-creative.com\/fr\/produit\/japprends-a-perforer\/","title":{"rendered":"J&rsquo;apprends \u00e0 perforer"},"content":{"rendered":"<p>Avec le kit J\u2019Apprends \u00e0 Poin\u00e7onner de SES Creative, les enfants d\u00e9couvrent une activit\u00e9 manuelle \u00e9ducative qui d\u00e9veloppe leur motricit\u00e9 fine et leur coordination. En utilisant un outil de poin\u00e7onnage s\u00e9curis\u00e9, ils suivent des mod\u00e8les amusants pour apprendre \u00e0 percer avec pr\u00e9cision et ainsi am\u00e9liorer leur habilet\u00e9. Ce kit contient tout le n\u00e9cessaire pour une activit\u00e9 ludique et enrichissante : plusieurs mod\u00e8les \u00e0 poin\u00e7onner, un outil de poin\u00e7onnage ergonomique, un tapis de protection pour un usage s\u00e9curis\u00e9 et un mode d\u2019emploi d\u00e9taill\u00e9 pour guider les enfants dans leur apprentissage. Con\u00e7u pour \u00eatre s\u00fbr et facile \u00e0 utiliser, ce coffret est parfait pour les enfants d\u00e8s 3 ans, leur permettant de s\u2019initier au poin\u00e7onnage tout en stimulant leur cr\u00e9ativit\u00e9 et leur concentration. Une excellente id\u00e9e cadeau \u00e9ducative pour apprendre en s\u2019amusant !<\/p>\n","protected":false},"excerpt":{"rendered":"<p>Avec le kit J\u2019Apprends \u00e0 Poin\u00e7onner de SES Creative, les enfants d\u00e9couvrent une activit\u00e9 manuelle \u00e9ducative qui d\u00e9veloppe leur motricit\u00e9 fine et leur coordination. En utilisant un outil de poin\u00e7onnage s\u00e9curis\u00e9, ils suivent des mod\u00e8les amusants pour apprendre \u00e0 percer avec pr\u00e9cision et ainsi am\u00e9liorer leur habilet\u00e9. Ce kit contient tout le n\u00e9cessaire pour une [&hellip;]<\/p>\n","protected":false},"featured_media":104896,"comment_status":"closed","ping_status":"closed","template":"","meta":{"_acf_changed":false},"product_brand":[],"product_cat":[122],"product_tag":[],"class_list":{"0":"post-118443","1":"product","2":"type-product","3":"status-publish","4":"has-post-thumbnail","6":"product_cat-loisirs-creatifs","7":"pa_leeftijd-filter-3-4-ans","8":"pa_meest-populair-bij-garcons-filles","10":"first","11":"instock","12":"shipping-taxable","13":"product-type-simple"},"acf":[],"yoast_head":"<!-- This site is optimized with the Yoast SEO plugin v27.2 - https:\/\/yoast.com\/product\/yoast-seo-wordpress\/ -->\n<title>J&#039;apprends \u00e0 perforer - SES Creative<\/title>\n<meta name=\"robots\" content=\"index, follow, max-snippet:-1, max-image-preview:large, max-video-preview:-1\" \/>\n<link rel=\"canonical\" href=\"https:\/\/ses-creative.com\/fr\/produit\/japprends-a-perforer\/\" \/>\n<meta property=\"og:locale\" content=\"fr_FR\" \/>\n<meta property=\"og:type\" content=\"article\" \/>\n<meta property=\"og:title\" content=\"J&#039;apprends \u00e0 perforer - SES Creative\" \/>\n<meta property=\"og:description\" content=\"Avec le kit J\u2019Apprends \u00e0 Poin\u00e7onner de SES Creative, les enfants d\u00e9couvrent une activit\u00e9 manuelle \u00e9ducative qui d\u00e9veloppe leur motricit\u00e9 fine et leur coordination. En utilisant un outil de poin\u00e7onnage s\u00e9curis\u00e9, ils suivent des mod\u00e8les amusants pour apprendre \u00e0 percer avec pr\u00e9cision et ainsi am\u00e9liorer leur habilet\u00e9. Ce kit contient tout le n\u00e9cessaire pour une [&hellip;]\" \/>\n<meta property=\"og:url\" content=\"https:\/\/ses-creative.com\/fr\/produit\/japprends-a-perforer\/\" \/>\n<meta property=\"og:site_name\" content=\"SES Creative\" \/>\n<meta property=\"article:modified_time\" content=\"2026-02-12T10:23:14+00:00\" \/>\n<meta name=\"twitter:card\" content=\"summary_large_image\" \/>\n<meta name=\"twitter:label1\" content=\"Dur\u00e9e de lecture estim\u00e9e\" \/>\n\t<meta name=\"twitter:data1\" content=\"1 minute\" \/>\n<script type=\"application\/ld+json\" class=\"yoast-schema-graph\">{\"@context\":\"https:\/\/schema.org\",\"@graph\":[{\"@type\":\"WebPage\",\"@id\":\"https:\/\/ses-creative.com\/fr\/produit\/japprends-a-perforer\/\",\"url\":\"https:\/\/ses-creative.com\/fr\/produit\/japprends-a-perforer\/\",\"name\":\"J'apprends \u00e0 perforer - SES Creative\",\"isPartOf\":{\"@id\":\"https:\/\/ses-creative.com\/#website\"},\"primaryImageOfPage\":{\"@id\":\"https:\/\/ses-creative.com\/fr\/produit\/japprends-a-perforer\/#primaryimage\"},\"image\":{\"@id\":\"https:\/\/ses-creative.com\/fr\/produit\/japprends-a-perforer\/#primaryimage\"},\"thumbnailUrl\":\"https:\/\/ses-creative.com\/wp-content\/uploads\/2026\/01\/148361.jpg\",\"datePublished\":\"2026-02-12T10:09:47+00:00\",\"dateModified\":\"2026-02-12T10:23:14+00:00\",\"breadcrumb\":{\"@id\":\"https:\/\/ses-creative.com\/fr\/produit\/japprends-a-perforer\/#breadcrumb\"},\"inLanguage\":\"fr-FR\",\"potentialAction\":[{\"@type\":\"ReadAction\",\"target\":[\"https:\/\/ses-creative.com\/fr\/produit\/japprends-a-perforer\/\"]}]},{\"@type\":\"ImageObject\",\"inLanguage\":\"fr-FR\",\"@id\":\"https:\/\/ses-creative.com\/fr\/produit\/japprends-a-perforer\/#primaryimage\",\"url\":\"https:\/\/ses-creative.com\/wp-content\/uploads\/2026\/01\/148361.jpg\",\"contentUrl\":\"https:\/\/ses-creative.com\/wp-content\/uploads\/2026\/01\/148361.jpg\",\"width\":1000,\"height\":1000},{\"@type\":\"BreadcrumbList\",\"@id\":\"https:\/\/ses-creative.com\/fr\/produit\/japprends-a-perforer\/#breadcrumb\",\"itemListElement\":[{\"@type\":\"ListItem\",\"position\":1,\"name\":\"Boutique\",\"item\":\"https:\/\/ses-creative.com\/fr\/boutique\/\"},{\"@type\":\"ListItem\",\"position\":2,\"name\":\"Loisirs cr\u00e9atifs\",\"item\":\"https:\/\/ses-creative.com\/fr\/product-categorie\/loisirs-creatifs\/\"},{\"@type\":\"ListItem\",\"position\":3,\"name\":\"J&#8217;apprends \u00e0 perforer\"}]},{\"@type\":\"WebSite\",\"@id\":\"https:\/\/ses-creative.com\/#website\",\"url\":\"https:\/\/ses-creative.com\/\",\"name\":\"SES Creative\",\"description\":\"\",\"publisher\":{\"@id\":\"https:\/\/ses-creative.com\/#organization\"},\"potentialAction\":[{\"@type\":\"SearchAction\",\"target\":{\"@type\":\"EntryPoint\",\"urlTemplate\":\"https:\/\/ses-creative.com\/?s={search_term_string}\"},\"query-input\":{\"@type\":\"PropertyValueSpecification\",\"valueRequired\":true,\"valueName\":\"search_term_string\"}}],\"inLanguage\":\"fr-FR\"},{\"@type\":\"Organization\",\"@id\":\"https:\/\/ses-creative.com\/#organization\",\"name\":\"SES Creative\",\"url\":\"https:\/\/ses-creative.com\/\",\"logo\":{\"@type\":\"ImageObject\",\"inLanguage\":\"fr-FR\",\"@id\":\"https:\/\/ses-creative.com\/#\/schema\/logo\/image\/\",\"url\":\"https:\/\/ses-creative.com\/wp-content\/uploads\/2025\/10\/ses-creative-logo.jpg\",\"contentUrl\":\"https:\/\/ses-creative.com\/wp-content\/uploads\/2025\/10\/ses-creative-logo.jpg\",\"width\":2037,\"height\":2037,\"caption\":\"SES Creative\"},\"image\":{\"@id\":\"https:\/\/ses-creative.com\/#\/schema\/logo\/image\/\"}}]}<\/script>\n<!-- \/ Yoast SEO plugin. -->","yoast_head_json":{"title":"J'apprends \u00e0 perforer - SES Creative","robots":{"index":"index","follow":"follow","max-snippet":"max-snippet:-1","max-image-preview":"max-image-preview:large","max-video-preview":"max-video-preview:-1"},"canonical":"https:\/\/ses-creative.com\/fr\/produit\/japprends-a-perforer\/","og_locale":"fr_FR","og_type":"article","og_title":"J'apprends \u00e0 perforer - SES Creative","og_description":"Avec le kit J\u2019Apprends \u00e0 Poin\u00e7onner de SES Creative, les enfants d\u00e9couvrent une activit\u00e9 manuelle \u00e9ducative qui d\u00e9veloppe leur motricit\u00e9 fine et leur coordination. En utilisant un outil de poin\u00e7onnage s\u00e9curis\u00e9, ils suivent des mod\u00e8les amusants pour apprendre \u00e0 percer avec pr\u00e9cision et ainsi am\u00e9liorer leur habilet\u00e9. Ce kit contient tout le n\u00e9cessaire pour une [&hellip;]","og_url":"https:\/\/ses-creative.com\/fr\/produit\/japprends-a-perforer\/","og_site_name":"SES Creative","article_modified_time":"2026-02-12T10:23:14+00:00","twitter_card":"summary_large_image","twitter_misc":{"Dur\u00e9e de lecture estim\u00e9e":"1 minute"},"schema":{"@context":"https:\/\/schema.org","@graph":[{"@type":"WebPage","@id":"https:\/\/ses-creative.com\/fr\/produit\/japprends-a-perforer\/","url":"https:\/\/ses-creative.com\/fr\/produit\/japprends-a-perforer\/","name":"J'apprends \u00e0 perforer - SES Creative","isPartOf":{"@id":"https:\/\/ses-creative.com\/#website"},"primaryImageOfPage":{"@id":"https:\/\/ses-creative.com\/fr\/produit\/japprends-a-perforer\/#primaryimage"},"image":{"@id":"https:\/\/ses-creative.com\/fr\/produit\/japprends-a-perforer\/#primaryimage"},"thumbnailUrl":"https:\/\/ses-creative.com\/wp-content\/uploads\/2026\/01\/148361.jpg","datePublished":"2026-02-12T10:09:47+00:00","dateModified":"2026-02-12T10:23:14+00:00","breadcrumb":{"@id":"https:\/\/ses-creative.com\/fr\/produit\/japprends-a-perforer\/#breadcrumb"},"inLanguage":"fr-FR","potentialAction":[{"@type":"ReadAction","target":["https:\/\/ses-creative.com\/fr\/produit\/japprends-a-perforer\/"]}]},{"@type":"ImageObject","inLanguage":"fr-FR","@id":"https:\/\/ses-creative.com\/fr\/produit\/japprends-a-perforer\/#primaryimage","url":"https:\/\/ses-creative.com\/wp-content\/uploads\/2026\/01\/148361.jpg","contentUrl":"https:\/\/ses-creative.com\/wp-content\/uploads\/2026\/01\/148361.jpg","width":1000,"height":1000},{"@type":"BreadcrumbList","@id":"https:\/\/ses-creative.com\/fr\/produit\/japprends-a-perforer\/#breadcrumb","itemListElement":[{"@type":"ListItem","position":1,"name":"Boutique","item":"https:\/\/ses-creative.com\/fr\/boutique\/"},{"@type":"ListItem","position":2,"name":"Loisirs cr\u00e9atifs","item":"https:\/\/ses-creative.com\/fr\/product-categorie\/loisirs-creatifs\/"},{"@type":"ListItem","position":3,"name":"J&#8217;apprends \u00e0 perforer"}]},{"@type":"WebSite","@id":"https:\/\/ses-creative.com\/#website","url":"https:\/\/ses-creative.com\/","name":"SES Creative","description":"","publisher":{"@id":"https:\/\/ses-creative.com\/#organization"},"potentialAction":[{"@type":"SearchAction","target":{"@type":"EntryPoint","urlTemplate":"https:\/\/ses-creative.com\/?s={search_term_string}"},"query-input":{"@type":"PropertyValueSpecification","valueRequired":true,"valueName":"search_term_string"}}],"inLanguage":"fr-FR"},{"@type":"Organization","@id":"https:\/\/ses-creative.com\/#organization","name":"SES Creative","url":"https:\/\/ses-creative.com\/","logo":{"@type":"ImageObject","inLanguage":"fr-FR","@id":"https:\/\/ses-creative.com\/#\/schema\/logo\/image\/","url":"https:\/\/ses-creative.com\/wp-content\/uploads\/2025\/10\/ses-creative-logo.jpg","contentUrl":"https:\/\/ses-creative.com\/wp-content\/uploads\/2025\/10\/ses-creative-logo.jpg","width":2037,"height":2037,"caption":"SES Creative"},"image":{"@id":"https:\/\/ses-creative.com\/#\/schema\/logo\/image\/"}}]}},"_links":{"self":[{"href":"https:\/\/ses-creative.com\/fr\/wp-json\/wp\/v2\/product\/118443","targetHints":{"allow":["GET"]}}],"collection":[{"href":"https:\/\/ses-creative.com\/fr\/wp-json\/wp\/v2\/product"}],"about":[{"href":"https:\/\/ses-creative.com\/fr\/wp-json\/wp\/v2\/types\/product"}],"replies":[{"embeddable":true,"href":"https:\/\/ses-creative.com\/fr\/wp-json\/wp\/v2\/comments?post=118443"}],"wp:featuredmedia":[{"embeddable":true,"href":"https:\/\/ses-creative.com\/fr\/wp-json\/wp\/v2\/media\/104896"}],"wp:attachment":[{"href":"https:\/\/ses-creative.com\/fr\/wp-json\/wp\/v2\/media?parent=118443"}],"wp:term":[{"taxonomy":"product_brand","embeddable":true,"href":"https:\/\/ses-creative.com\/fr\/wp-json\/wp\/v2\/product_brand?post=118443"},{"taxonomy":"product_cat","embeddable":true,"href":"https:\/\/ses-creative.com\/fr\/wp-json\/wp\/v2\/product_cat?post=118443"},{"taxonomy":"product_tag","embeddable":true,"href":"https:\/\/ses-creative.com\/fr\/wp-json\/wp\/v2\/product_tag?post=118443"}],"curies":[{"name":"wp","href":"https:\/\/api.w.org\/{rel}","templated":true}]}}