











{"id":118442,"date":"2026-02-12T10:09:47","date_gmt":"2026-02-12T10:09:47","guid":{"rendered":"https:\/\/ses-creative.com\/?post_type=product&#038;p=118442"},"modified":"2026-02-12T10:23:13","modified_gmt":"2026-02-12T10:23:13","slug":"bracelets-a-bande-auto-agrippante","status":"publish","type":"product","link":"https:\/\/ses-creative.com\/fr\/produit\/bracelets-a-bande-auto-agrippante\/","title":{"rendered":"Bracelets \u00e0 bande auto-agrippante"},"content":{"rendered":"<p>Cr\u00e9ez vos propres bracelets et changez de style aussi souvent que vous le souhaitez !<br \/>\nAvec le set de bracelets \u00e0 velcro de SES Creative, vous pouvez cr\u00e9er vos propres bracelets color\u00e9s \u00e0 l&rsquo;infini. Le set comprend trois bracelets et diff\u00e9rentes figurines \u00e0 velcro aux couleurs et formes joyeuses. Les enfants peuvent laisser libre cours \u00e0 leur cr\u00e9ativit\u00e9 et combiner \u00e0 l&rsquo;infini. Un look cool aujourd&rsquo;hui, un look joyeux demain : tout est possible !<\/p>\n<p>Qu&rsquo;est-ce qui rend ce kit si amusant ?<\/p>\n<p> 3 bracelets \u00e0 d\u00e9corer soi-m\u00eame : un bijou unique \u00e0 porter \u00e0 chaque fois<br \/>\n Diff\u00e9rentes formes et couleurs : m\u00e9langez et assortissez pour cr\u00e9er des combinaisons infinies<br \/>\n R\u00e9utilisable \u2013 cr\u00e9ez un nouveau style chaque jour<br \/>\n Stimule la motricit\u00e9 fine et la cr\u00e9ativit\u00e9 \u2013 apprendre et cr\u00e9er tout en s&rsquo;amusant<br \/>\n \u00c0 partir de 3 ans \u2013 sp\u00e9cialement con\u00e7u pour les jeunes cr\u00e9ateurs<\/p>\n<p>La cr\u00e9ation de mode n&rsquo;a jamais \u00e9t\u00e9 aussi facile<\/p>\n<p>Les enfants choisissent leurs couleurs et leurs motifs pr\u00e9f\u00e9r\u00e9s et les fixent facilement sur les bracelets. Ils se lassent de leur cr\u00e9ation ? Il leur suffit alors de retirer les motifs et de cr\u00e9er un nouveau bracelet. Ils apprennent ainsi de mani\u00e8re ludique \u00e0 combiner, \u00e0 cr\u00e9er et \u00e0 porter fi\u00e8rement leurs propres cr\u00e9ations ou \u00e0 les offrir en cadeau.<\/p>\n<p>Contenu de l&#8217;emballage<\/p>\n<p>3 bracelets \u00e0 velcro<\/p>\n<p>Diff\u00e9rentes couleurs et formes de velcro<\/p>\n<p>Pourquoi choisir SES Creative ?<\/p>\n<p>Depuis plus de 50 ans, SES Creative permet aux enfants de d\u00e9couvrir \u00e0 quel point les jouets cr\u00e9atifs peuvent \u00eatre amusants et \u00e9ducatifs. Ce set de bracelets stimule non seulement l&rsquo;imagination, mais aussi la motricit\u00e9 fine et le sens du style.<\/p>\n<p>Commencez d\u00e8s aujourd&rsquo;hui \u00e0 cr\u00e9er votre propre ligne de bijoux<\/p>\n<p>Laissez libre cours \u00e0 votre cr\u00e9ativit\u00e9 et concevez les bracelets les plus sympas que vous pourrez modifier \u00e0 l&rsquo;infini.<br \/>\nCommandez d\u00e8s maintenant le kit SES Creative \u2013 Bracelets velcro et faites de chaque jour une f\u00eate color\u00e9e et tendance ! <\/p>\n","protected":false},"excerpt":{"rendered":"<p>Cr\u00e9ez vos propres bracelets et changez de style aussi souvent que vous le souhaitez ! Avec le set de bracelets \u00e0 velcro de SES Creative, vous pouvez cr\u00e9er vos propres bracelets color\u00e9s \u00e0 l&rsquo;infini. Le set comprend trois bracelets et diff\u00e9rentes figurines \u00e0 velcro aux couleurs et formes joyeuses. Les enfants peuvent laisser libre cours [&hellip;]<\/p>\n","protected":false},"featured_media":104876,"comment_status":"closed","ping_status":"closed","template":"","meta":{"_acf_changed":false},"product_brand":[],"product_cat":[122],"product_tag":[],"class_list":{"0":"post-118442","1":"product","2":"type-product","3":"status-publish","4":"has-post-thumbnail","6":"product_cat-loisirs-creatifs","7":"pa_leeftijd-filter-3-4-ans","8":"pa_meest-populair-bij-garcons-filles","10":"first","11":"instock","12":"shipping-taxable","13":"product-type-simple"},"acf":[],"yoast_head":"<!-- This site is optimized with the Yoast SEO plugin v27.2 - https:\/\/yoast.com\/product\/yoast-seo-wordpress\/ -->\n<title>Bracelets \u00e0 bande auto-agrippante - SES Creative<\/title>\n<meta name=\"robots\" content=\"index, follow, max-snippet:-1, max-image-preview:large, max-video-preview:-1\" \/>\n<link rel=\"canonical\" href=\"https:\/\/ses-creative.com\/fr\/produit\/bracelets-a-bande-auto-agrippante\/\" \/>\n<meta property=\"og:locale\" content=\"fr_FR\" \/>\n<meta property=\"og:type\" content=\"article\" \/>\n<meta property=\"og:title\" content=\"Bracelets \u00e0 bande auto-agrippante - SES Creative\" \/>\n<meta property=\"og:description\" content=\"Cr\u00e9ez vos propres bracelets et changez de style aussi souvent que vous le souhaitez ! Avec le set de bracelets \u00e0 velcro de SES Creative, vous pouvez cr\u00e9er vos propres bracelets color\u00e9s \u00e0 l&rsquo;infini. Le set comprend trois bracelets et diff\u00e9rentes figurines \u00e0 velcro aux couleurs et formes joyeuses. Les enfants peuvent laisser libre cours [&hellip;]\" \/>\n<meta property=\"og:url\" content=\"https:\/\/ses-creative.com\/fr\/produit\/bracelets-a-bande-auto-agrippante\/\" \/>\n<meta property=\"og:site_name\" content=\"SES Creative\" \/>\n<meta property=\"article:modified_time\" content=\"2026-02-12T10:23:13+00:00\" \/>\n<meta name=\"twitter:card\" content=\"summary_large_image\" \/>\n<meta name=\"twitter:label1\" content=\"Dur\u00e9e de lecture estim\u00e9e\" \/>\n\t<meta name=\"twitter:data1\" content=\"2 minutes\" \/>\n<script type=\"application\/ld+json\" class=\"yoast-schema-graph\">{\"@context\":\"https:\/\/schema.org\",\"@graph\":[{\"@type\":\"WebPage\",\"@id\":\"https:\/\/ses-creative.com\/fr\/produit\/bracelets-a-bande-auto-agrippante\/\",\"url\":\"https:\/\/ses-creative.com\/fr\/produit\/bracelets-a-bande-auto-agrippante\/\",\"name\":\"Bracelets \u00e0 bande auto-agrippante - SES Creative\",\"isPartOf\":{\"@id\":\"https:\/\/ses-creative.com\/#website\"},\"primaryImageOfPage\":{\"@id\":\"https:\/\/ses-creative.com\/fr\/produit\/bracelets-a-bande-auto-agrippante\/#primaryimage\"},\"image\":{\"@id\":\"https:\/\/ses-creative.com\/fr\/produit\/bracelets-a-bande-auto-agrippante\/#primaryimage\"},\"thumbnailUrl\":\"https:\/\/ses-creative.com\/wp-content\/uploads\/2026\/01\/148331.jpg\",\"datePublished\":\"2026-02-12T10:09:47+00:00\",\"dateModified\":\"2026-02-12T10:23:13+00:00\",\"breadcrumb\":{\"@id\":\"https:\/\/ses-creative.com\/fr\/produit\/bracelets-a-bande-auto-agrippante\/#breadcrumb\"},\"inLanguage\":\"fr-FR\",\"potentialAction\":[{\"@type\":\"ReadAction\",\"target\":[\"https:\/\/ses-creative.com\/fr\/produit\/bracelets-a-bande-auto-agrippante\/\"]}]},{\"@type\":\"ImageObject\",\"inLanguage\":\"fr-FR\",\"@id\":\"https:\/\/ses-creative.com\/fr\/produit\/bracelets-a-bande-auto-agrippante\/#primaryimage\",\"url\":\"https:\/\/ses-creative.com\/wp-content\/uploads\/2026\/01\/148331.jpg\",\"contentUrl\":\"https:\/\/ses-creative.com\/wp-content\/uploads\/2026\/01\/148331.jpg\",\"width\":1000,\"height\":1000},{\"@type\":\"BreadcrumbList\",\"@id\":\"https:\/\/ses-creative.com\/fr\/produit\/bracelets-a-bande-auto-agrippante\/#breadcrumb\",\"itemListElement\":[{\"@type\":\"ListItem\",\"position\":1,\"name\":\"Boutique\",\"item\":\"https:\/\/ses-creative.com\/fr\/boutique\/\"},{\"@type\":\"ListItem\",\"position\":2,\"name\":\"Loisirs cr\u00e9atifs\",\"item\":\"https:\/\/ses-creative.com\/fr\/product-categorie\/loisirs-creatifs\/\"},{\"@type\":\"ListItem\",\"position\":3,\"name\":\"Bracelets \u00e0 bande auto-agrippante\"}]},{\"@type\":\"WebSite\",\"@id\":\"https:\/\/ses-creative.com\/#website\",\"url\":\"https:\/\/ses-creative.com\/\",\"name\":\"SES Creative\",\"description\":\"\",\"publisher\":{\"@id\":\"https:\/\/ses-creative.com\/#organization\"},\"potentialAction\":[{\"@type\":\"SearchAction\",\"target\":{\"@type\":\"EntryPoint\",\"urlTemplate\":\"https:\/\/ses-creative.com\/?s={search_term_string}\"},\"query-input\":{\"@type\":\"PropertyValueSpecification\",\"valueRequired\":true,\"valueName\":\"search_term_string\"}}],\"inLanguage\":\"fr-FR\"},{\"@type\":\"Organization\",\"@id\":\"https:\/\/ses-creative.com\/#organization\",\"name\":\"SES Creative\",\"url\":\"https:\/\/ses-creative.com\/\",\"logo\":{\"@type\":\"ImageObject\",\"inLanguage\":\"fr-FR\",\"@id\":\"https:\/\/ses-creative.com\/#\/schema\/logo\/image\/\",\"url\":\"https:\/\/ses-creative.com\/wp-content\/uploads\/2025\/10\/ses-creative-logo.jpg\",\"contentUrl\":\"https:\/\/ses-creative.com\/wp-content\/uploads\/2025\/10\/ses-creative-logo.jpg\",\"width\":2037,\"height\":2037,\"caption\":\"SES Creative\"},\"image\":{\"@id\":\"https:\/\/ses-creative.com\/#\/schema\/logo\/image\/\"}}]}<\/script>\n<!-- \/ Yoast SEO plugin. -->","yoast_head_json":{"title":"Bracelets \u00e0 bande auto-agrippante - SES Creative","robots":{"index":"index","follow":"follow","max-snippet":"max-snippet:-1","max-image-preview":"max-image-preview:large","max-video-preview":"max-video-preview:-1"},"canonical":"https:\/\/ses-creative.com\/fr\/produit\/bracelets-a-bande-auto-agrippante\/","og_locale":"fr_FR","og_type":"article","og_title":"Bracelets \u00e0 bande auto-agrippante - SES Creative","og_description":"Cr\u00e9ez vos propres bracelets et changez de style aussi souvent que vous le souhaitez ! Avec le set de bracelets \u00e0 velcro de SES Creative, vous pouvez cr\u00e9er vos propres bracelets color\u00e9s \u00e0 l&rsquo;infini. Le set comprend trois bracelets et diff\u00e9rentes figurines \u00e0 velcro aux couleurs et formes joyeuses. Les enfants peuvent laisser libre cours [&hellip;]","og_url":"https:\/\/ses-creative.com\/fr\/produit\/bracelets-a-bande-auto-agrippante\/","og_site_name":"SES Creative","article_modified_time":"2026-02-12T10:23:13+00:00","twitter_card":"summary_large_image","twitter_misc":{"Dur\u00e9e de lecture estim\u00e9e":"2 minutes"},"schema":{"@context":"https:\/\/schema.org","@graph":[{"@type":"WebPage","@id":"https:\/\/ses-creative.com\/fr\/produit\/bracelets-a-bande-auto-agrippante\/","url":"https:\/\/ses-creative.com\/fr\/produit\/bracelets-a-bande-auto-agrippante\/","name":"Bracelets \u00e0 bande auto-agrippante - SES Creative","isPartOf":{"@id":"https:\/\/ses-creative.com\/#website"},"primaryImageOfPage":{"@id":"https:\/\/ses-creative.com\/fr\/produit\/bracelets-a-bande-auto-agrippante\/#primaryimage"},"image":{"@id":"https:\/\/ses-creative.com\/fr\/produit\/bracelets-a-bande-auto-agrippante\/#primaryimage"},"thumbnailUrl":"https:\/\/ses-creative.com\/wp-content\/uploads\/2026\/01\/148331.jpg","datePublished":"2026-02-12T10:09:47+00:00","dateModified":"2026-02-12T10:23:13+00:00","breadcrumb":{"@id":"https:\/\/ses-creative.com\/fr\/produit\/bracelets-a-bande-auto-agrippante\/#breadcrumb"},"inLanguage":"fr-FR","potentialAction":[{"@type":"ReadAction","target":["https:\/\/ses-creative.com\/fr\/produit\/bracelets-a-bande-auto-agrippante\/"]}]},{"@type":"ImageObject","inLanguage":"fr-FR","@id":"https:\/\/ses-creative.com\/fr\/produit\/bracelets-a-bande-auto-agrippante\/#primaryimage","url":"https:\/\/ses-creative.com\/wp-content\/uploads\/2026\/01\/148331.jpg","contentUrl":"https:\/\/ses-creative.com\/wp-content\/uploads\/2026\/01\/148331.jpg","width":1000,"height":1000},{"@type":"BreadcrumbList","@id":"https:\/\/ses-creative.com\/fr\/produit\/bracelets-a-bande-auto-agrippante\/#breadcrumb","itemListElement":[{"@type":"ListItem","position":1,"name":"Boutique","item":"https:\/\/ses-creative.com\/fr\/boutique\/"},{"@type":"ListItem","position":2,"name":"Loisirs cr\u00e9atifs","item":"https:\/\/ses-creative.com\/fr\/product-categorie\/loisirs-creatifs\/"},{"@type":"ListItem","position":3,"name":"Bracelets \u00e0 bande auto-agrippante"}]},{"@type":"WebSite","@id":"https:\/\/ses-creative.com\/#website","url":"https:\/\/ses-creative.com\/","name":"SES Creative","description":"","publisher":{"@id":"https:\/\/ses-creative.com\/#organization"},"potentialAction":[{"@type":"SearchAction","target":{"@type":"EntryPoint","urlTemplate":"https:\/\/ses-creative.com\/?s={search_term_string}"},"query-input":{"@type":"PropertyValueSpecification","valueRequired":true,"valueName":"search_term_string"}}],"inLanguage":"fr-FR"},{"@type":"Organization","@id":"https:\/\/ses-creative.com\/#organization","name":"SES Creative","url":"https:\/\/ses-creative.com\/","logo":{"@type":"ImageObject","inLanguage":"fr-FR","@id":"https:\/\/ses-creative.com\/#\/schema\/logo\/image\/","url":"https:\/\/ses-creative.com\/wp-content\/uploads\/2025\/10\/ses-creative-logo.jpg","contentUrl":"https:\/\/ses-creative.com\/wp-content\/uploads\/2025\/10\/ses-creative-logo.jpg","width":2037,"height":2037,"caption":"SES Creative"},"image":{"@id":"https:\/\/ses-creative.com\/#\/schema\/logo\/image\/"}}]}},"_links":{"self":[{"href":"https:\/\/ses-creative.com\/fr\/wp-json\/wp\/v2\/product\/118442","targetHints":{"allow":["GET"]}}],"collection":[{"href":"https:\/\/ses-creative.com\/fr\/wp-json\/wp\/v2\/product"}],"about":[{"href":"https:\/\/ses-creative.com\/fr\/wp-json\/wp\/v2\/types\/product"}],"replies":[{"embeddable":true,"href":"https:\/\/ses-creative.com\/fr\/wp-json\/wp\/v2\/comments?post=118442"}],"wp:featuredmedia":[{"embeddable":true,"href":"https:\/\/ses-creative.com\/fr\/wp-json\/wp\/v2\/media\/104876"}],"wp:attachment":[{"href":"https:\/\/ses-creative.com\/fr\/wp-json\/wp\/v2\/media?parent=118442"}],"wp:term":[{"taxonomy":"product_brand","embeddable":true,"href":"https:\/\/ses-creative.com\/fr\/wp-json\/wp\/v2\/product_brand?post=118442"},{"taxonomy":"product_cat","embeddable":true,"href":"https:\/\/ses-creative.com\/fr\/wp-json\/wp\/v2\/product_cat?post=118442"},{"taxonomy":"product_tag","embeddable":true,"href":"https:\/\/ses-creative.com\/fr\/wp-json\/wp\/v2\/product_tag?post=118442"}],"curies":[{"name":"wp","href":"https:\/\/api.w.org\/{rel}","templated":true}]}}