











{"id":118441,"date":"2026-02-12T10:09:46","date_gmt":"2026-02-12T10:09:46","guid":{"rendered":"https:\/\/ses-creative.com\/?post_type=product&#038;p=118441"},"modified":"2026-02-12T10:23:13","modified_gmt":"2026-02-12T10:23:13","slug":"japprends-la-mosaique-dinosaures","status":"publish","type":"product","link":"https:\/\/ses-creative.com\/fr\/produit\/japprends-la-mosaique-dinosaures\/","title":{"rendered":"J&rsquo;apprends la mosa\u00efque &#8211; Dinosaures"},"content":{"rendered":"<p>Le plaisir de la mosa\u00efque avec les dinosaures !<br \/>\nFaites d\u00e9couvrir aux enfants la magie des mosa\u00efques et le monde fascinant des dinosaures. Avec le kit J&rsquo;apprends les mosa\u00efques dinosaures de SES Creative, les enfants r\u00e9alisent \u00e9tape par \u00e9tape les plus belles \u0153uvres d&rsquo;art pr\u00e9historiques. Gr\u00e2ce aux cartes XL et aux autocollants mosa\u00efques m\u00e9talliques, chaque dessin de dinosaure devient une magnifique \u0153uvre d&rsquo;art dont ils peuvent \u00eatre fiers.<\/p>\n<p>Qu&rsquo;est-ce qui rend ce kit si sp\u00e9cial ?<\/p>\n<p> 4 grandes cartes pr\u00e9imprim\u00e9es avec des dinosaures \u2013 format extra large pour plus de plaisir<\/p>\n<p> Autocollants mosa\u00efques m\u00e9talliques \u2013 pour un effet scintillant et magique<\/p>\n<p> Stimule la motricit\u00e9 fine et la concentration \u2013 apprendre et s&rsquo;exercer de mani\u00e8re ludique<\/p>\n<p> Simple et clair \u2013 id\u00e9al pour les petites mains des enfants<\/p>\n<p> Parfait d\u00e8s 3 ans \u2013 s\u00fbr, \u00e9ducatif et cr\u00e9atif<\/p>\n<p>Cr\u00e9ez vos propres \u0153uvres d&rsquo;art sur le th\u00e8me des dinosaures<\/p>\n<p>Les enfants choisissent l&rsquo;une des grandes cartes dinosaures, collent les autocollants m\u00e9talliques appropri\u00e9s sur les cases et voient leur dinosaure prendre vie \u00e9tape par \u00e9tape. Le r\u00e9sultat est une \u0153uvre d&rsquo;art brillante qu&rsquo;ils peuvent fi\u00e8rement montrer ou accrocher.<\/p>\n<p>Contenu de l&#8217;emballage<\/p>\n<p>4 grandes cartes pr\u00e9imprim\u00e9es repr\u00e9sentant des dinosaures<\/p>\n<p>Divers autocollants m\u00e9talliques en mosa\u00efque<\/p>\n<p>Pourquoi choisir SES Creative ?<\/p>\n<p>SES Creative d\u00e9veloppe des jouets qui stimulent la cr\u00e9ativit\u00e9 tout en \u00e9tant \u00e9ducatifs. Ce set combine l&rsquo;attrait des dinosaures et la valeur \u00e9ducative de l&rsquo;art de la mosa\u00efque : un m\u00e9lange parfait entre plaisir et d\u00e9veloppement.<\/p>\n<p>Commencez d\u00e8s aujourd&rsquo;hui \u00e0 cr\u00e9er des mosa\u00efques<\/p>\n<p>Offrez \u00e0 votre enfant un d\u00e9fi cr\u00e9atif plein de magie et de plaisir.<br \/>\nCommandez d\u00e8s maintenant le kit SES Creative \u2013 J&rsquo;apprends les mosa\u00efques dinosaures et laissez les plus beaux dinosaures briller de mille feux !<\/p>\n","protected":false},"excerpt":{"rendered":"<p>Le plaisir de la mosa\u00efque avec les dinosaures ! Faites d\u00e9couvrir aux enfants la magie des mosa\u00efques et le monde fascinant des dinosaures. Avec le kit J&rsquo;apprends les mosa\u00efques dinosaures de SES Creative, les enfants r\u00e9alisent \u00e9tape par \u00e9tape les plus belles \u0153uvres d&rsquo;art pr\u00e9historiques. Gr\u00e2ce aux cartes XL et aux autocollants mosa\u00efques m\u00e9talliques, chaque [&hellip;]<\/p>\n","protected":false},"featured_media":104856,"comment_status":"closed","ping_status":"closed","template":"","meta":{"_acf_changed":false},"product_brand":[],"product_cat":[122],"product_tag":[],"class_list":{"0":"post-118441","1":"product","2":"type-product","3":"status-publish","4":"has-post-thumbnail","6":"product_cat-loisirs-creatifs","7":"pa_leeftijd-filter-3-4-ans","8":"pa_meest-populair-bij-garcons-filles","10":"first","11":"instock","12":"shipping-taxable","13":"product-type-simple"},"acf":[],"yoast_head":"<!-- This site is optimized with the Yoast SEO plugin v27.2 - https:\/\/yoast.com\/product\/yoast-seo-wordpress\/ -->\n<title>J&#039;apprends la mosa\u00efque - Dinosaures - SES Creative<\/title>\n<meta name=\"robots\" content=\"index, follow, max-snippet:-1, max-image-preview:large, max-video-preview:-1\" \/>\n<link rel=\"canonical\" href=\"https:\/\/ses-creative.com\/fr\/produit\/japprends-la-mosaique-dinosaures\/\" \/>\n<meta property=\"og:locale\" content=\"fr_FR\" \/>\n<meta property=\"og:type\" content=\"article\" \/>\n<meta property=\"og:title\" content=\"J&#039;apprends la mosa\u00efque - Dinosaures - SES Creative\" \/>\n<meta property=\"og:description\" content=\"Le plaisir de la mosa\u00efque avec les dinosaures ! Faites d\u00e9couvrir aux enfants la magie des mosa\u00efques et le monde fascinant des dinosaures. Avec le kit J&rsquo;apprends les mosa\u00efques dinosaures de SES Creative, les enfants r\u00e9alisent \u00e9tape par \u00e9tape les plus belles \u0153uvres d&rsquo;art pr\u00e9historiques. Gr\u00e2ce aux cartes XL et aux autocollants mosa\u00efques m\u00e9talliques, chaque [&hellip;]\" \/>\n<meta property=\"og:url\" content=\"https:\/\/ses-creative.com\/fr\/produit\/japprends-la-mosaique-dinosaures\/\" \/>\n<meta property=\"og:site_name\" content=\"SES Creative\" \/>\n<meta property=\"article:modified_time\" content=\"2026-02-12T10:23:13+00:00\" \/>\n<meta name=\"twitter:card\" content=\"summary_large_image\" \/>\n<meta name=\"twitter:label1\" content=\"Dur\u00e9e de lecture estim\u00e9e\" \/>\n\t<meta name=\"twitter:data1\" content=\"2 minutes\" \/>\n<script type=\"application\/ld+json\" class=\"yoast-schema-graph\">{\"@context\":\"https:\/\/schema.org\",\"@graph\":[{\"@type\":\"WebPage\",\"@id\":\"https:\/\/ses-creative.com\/fr\/produit\/japprends-la-mosaique-dinosaures\/\",\"url\":\"https:\/\/ses-creative.com\/fr\/produit\/japprends-la-mosaique-dinosaures\/\",\"name\":\"J'apprends la mosa\u00efque - Dinosaures - SES Creative\",\"isPartOf\":{\"@id\":\"https:\/\/ses-creative.com\/#website\"},\"primaryImageOfPage\":{\"@id\":\"https:\/\/ses-creative.com\/fr\/produit\/japprends-la-mosaique-dinosaures\/#primaryimage\"},\"image\":{\"@id\":\"https:\/\/ses-creative.com\/fr\/produit\/japprends-la-mosaique-dinosaures\/#primaryimage\"},\"thumbnailUrl\":\"https:\/\/ses-creative.com\/wp-content\/uploads\/2026\/01\/148301.jpg\",\"datePublished\":\"2026-02-12T10:09:46+00:00\",\"dateModified\":\"2026-02-12T10:23:13+00:00\",\"breadcrumb\":{\"@id\":\"https:\/\/ses-creative.com\/fr\/produit\/japprends-la-mosaique-dinosaures\/#breadcrumb\"},\"inLanguage\":\"fr-FR\",\"potentialAction\":[{\"@type\":\"ReadAction\",\"target\":[\"https:\/\/ses-creative.com\/fr\/produit\/japprends-la-mosaique-dinosaures\/\"]}]},{\"@type\":\"ImageObject\",\"inLanguage\":\"fr-FR\",\"@id\":\"https:\/\/ses-creative.com\/fr\/produit\/japprends-la-mosaique-dinosaures\/#primaryimage\",\"url\":\"https:\/\/ses-creative.com\/wp-content\/uploads\/2026\/01\/148301.jpg\",\"contentUrl\":\"https:\/\/ses-creative.com\/wp-content\/uploads\/2026\/01\/148301.jpg\",\"width\":1000,\"height\":1000},{\"@type\":\"BreadcrumbList\",\"@id\":\"https:\/\/ses-creative.com\/fr\/produit\/japprends-la-mosaique-dinosaures\/#breadcrumb\",\"itemListElement\":[{\"@type\":\"ListItem\",\"position\":1,\"name\":\"Boutique\",\"item\":\"https:\/\/ses-creative.com\/fr\/boutique\/\"},{\"@type\":\"ListItem\",\"position\":2,\"name\":\"Loisirs cr\u00e9atifs\",\"item\":\"https:\/\/ses-creative.com\/fr\/product-categorie\/loisirs-creatifs\/\"},{\"@type\":\"ListItem\",\"position\":3,\"name\":\"J&#8217;apprends la mosa\u00efque &#8211; Dinosaures\"}]},{\"@type\":\"WebSite\",\"@id\":\"https:\/\/ses-creative.com\/#website\",\"url\":\"https:\/\/ses-creative.com\/\",\"name\":\"SES Creative\",\"description\":\"\",\"publisher\":{\"@id\":\"https:\/\/ses-creative.com\/#organization\"},\"potentialAction\":[{\"@type\":\"SearchAction\",\"target\":{\"@type\":\"EntryPoint\",\"urlTemplate\":\"https:\/\/ses-creative.com\/?s={search_term_string}\"},\"query-input\":{\"@type\":\"PropertyValueSpecification\",\"valueRequired\":true,\"valueName\":\"search_term_string\"}}],\"inLanguage\":\"fr-FR\"},{\"@type\":\"Organization\",\"@id\":\"https:\/\/ses-creative.com\/#organization\",\"name\":\"SES Creative\",\"url\":\"https:\/\/ses-creative.com\/\",\"logo\":{\"@type\":\"ImageObject\",\"inLanguage\":\"fr-FR\",\"@id\":\"https:\/\/ses-creative.com\/#\/schema\/logo\/image\/\",\"url\":\"https:\/\/ses-creative.com\/wp-content\/uploads\/2025\/10\/ses-creative-logo.jpg\",\"contentUrl\":\"https:\/\/ses-creative.com\/wp-content\/uploads\/2025\/10\/ses-creative-logo.jpg\",\"width\":2037,\"height\":2037,\"caption\":\"SES Creative\"},\"image\":{\"@id\":\"https:\/\/ses-creative.com\/#\/schema\/logo\/image\/\"}}]}<\/script>\n<!-- \/ Yoast SEO plugin. -->","yoast_head_json":{"title":"J'apprends la mosa\u00efque - Dinosaures - SES Creative","robots":{"index":"index","follow":"follow","max-snippet":"max-snippet:-1","max-image-preview":"max-image-preview:large","max-video-preview":"max-video-preview:-1"},"canonical":"https:\/\/ses-creative.com\/fr\/produit\/japprends-la-mosaique-dinosaures\/","og_locale":"fr_FR","og_type":"article","og_title":"J'apprends la mosa\u00efque - Dinosaures - SES Creative","og_description":"Le plaisir de la mosa\u00efque avec les dinosaures ! Faites d\u00e9couvrir aux enfants la magie des mosa\u00efques et le monde fascinant des dinosaures. Avec le kit J&rsquo;apprends les mosa\u00efques dinosaures de SES Creative, les enfants r\u00e9alisent \u00e9tape par \u00e9tape les plus belles \u0153uvres d&rsquo;art pr\u00e9historiques. Gr\u00e2ce aux cartes XL et aux autocollants mosa\u00efques m\u00e9talliques, chaque [&hellip;]","og_url":"https:\/\/ses-creative.com\/fr\/produit\/japprends-la-mosaique-dinosaures\/","og_site_name":"SES Creative","article_modified_time":"2026-02-12T10:23:13+00:00","twitter_card":"summary_large_image","twitter_misc":{"Dur\u00e9e de lecture estim\u00e9e":"2 minutes"},"schema":{"@context":"https:\/\/schema.org","@graph":[{"@type":"WebPage","@id":"https:\/\/ses-creative.com\/fr\/produit\/japprends-la-mosaique-dinosaures\/","url":"https:\/\/ses-creative.com\/fr\/produit\/japprends-la-mosaique-dinosaures\/","name":"J'apprends la mosa\u00efque - Dinosaures - SES Creative","isPartOf":{"@id":"https:\/\/ses-creative.com\/#website"},"primaryImageOfPage":{"@id":"https:\/\/ses-creative.com\/fr\/produit\/japprends-la-mosaique-dinosaures\/#primaryimage"},"image":{"@id":"https:\/\/ses-creative.com\/fr\/produit\/japprends-la-mosaique-dinosaures\/#primaryimage"},"thumbnailUrl":"https:\/\/ses-creative.com\/wp-content\/uploads\/2026\/01\/148301.jpg","datePublished":"2026-02-12T10:09:46+00:00","dateModified":"2026-02-12T10:23:13+00:00","breadcrumb":{"@id":"https:\/\/ses-creative.com\/fr\/produit\/japprends-la-mosaique-dinosaures\/#breadcrumb"},"inLanguage":"fr-FR","potentialAction":[{"@type":"ReadAction","target":["https:\/\/ses-creative.com\/fr\/produit\/japprends-la-mosaique-dinosaures\/"]}]},{"@type":"ImageObject","inLanguage":"fr-FR","@id":"https:\/\/ses-creative.com\/fr\/produit\/japprends-la-mosaique-dinosaures\/#primaryimage","url":"https:\/\/ses-creative.com\/wp-content\/uploads\/2026\/01\/148301.jpg","contentUrl":"https:\/\/ses-creative.com\/wp-content\/uploads\/2026\/01\/148301.jpg","width":1000,"height":1000},{"@type":"BreadcrumbList","@id":"https:\/\/ses-creative.com\/fr\/produit\/japprends-la-mosaique-dinosaures\/#breadcrumb","itemListElement":[{"@type":"ListItem","position":1,"name":"Boutique","item":"https:\/\/ses-creative.com\/fr\/boutique\/"},{"@type":"ListItem","position":2,"name":"Loisirs cr\u00e9atifs","item":"https:\/\/ses-creative.com\/fr\/product-categorie\/loisirs-creatifs\/"},{"@type":"ListItem","position":3,"name":"J&#8217;apprends la mosa\u00efque &#8211; Dinosaures"}]},{"@type":"WebSite","@id":"https:\/\/ses-creative.com\/#website","url":"https:\/\/ses-creative.com\/","name":"SES Creative","description":"","publisher":{"@id":"https:\/\/ses-creative.com\/#organization"},"potentialAction":[{"@type":"SearchAction","target":{"@type":"EntryPoint","urlTemplate":"https:\/\/ses-creative.com\/?s={search_term_string}"},"query-input":{"@type":"PropertyValueSpecification","valueRequired":true,"valueName":"search_term_string"}}],"inLanguage":"fr-FR"},{"@type":"Organization","@id":"https:\/\/ses-creative.com\/#organization","name":"SES Creative","url":"https:\/\/ses-creative.com\/","logo":{"@type":"ImageObject","inLanguage":"fr-FR","@id":"https:\/\/ses-creative.com\/#\/schema\/logo\/image\/","url":"https:\/\/ses-creative.com\/wp-content\/uploads\/2025\/10\/ses-creative-logo.jpg","contentUrl":"https:\/\/ses-creative.com\/wp-content\/uploads\/2025\/10\/ses-creative-logo.jpg","width":2037,"height":2037,"caption":"SES Creative"},"image":{"@id":"https:\/\/ses-creative.com\/#\/schema\/logo\/image\/"}}]}},"_links":{"self":[{"href":"https:\/\/ses-creative.com\/fr\/wp-json\/wp\/v2\/product\/118441","targetHints":{"allow":["GET"]}}],"collection":[{"href":"https:\/\/ses-creative.com\/fr\/wp-json\/wp\/v2\/product"}],"about":[{"href":"https:\/\/ses-creative.com\/fr\/wp-json\/wp\/v2\/types\/product"}],"replies":[{"embeddable":true,"href":"https:\/\/ses-creative.com\/fr\/wp-json\/wp\/v2\/comments?post=118441"}],"wp:featuredmedia":[{"embeddable":true,"href":"https:\/\/ses-creative.com\/fr\/wp-json\/wp\/v2\/media\/104856"}],"wp:attachment":[{"href":"https:\/\/ses-creative.com\/fr\/wp-json\/wp\/v2\/media?parent=118441"}],"wp:term":[{"taxonomy":"product_brand","embeddable":true,"href":"https:\/\/ses-creative.com\/fr\/wp-json\/wp\/v2\/product_brand?post=118441"},{"taxonomy":"product_cat","embeddable":true,"href":"https:\/\/ses-creative.com\/fr\/wp-json\/wp\/v2\/product_cat?post=118441"},{"taxonomy":"product_tag","embeddable":true,"href":"https:\/\/ses-creative.com\/fr\/wp-json\/wp\/v2\/product_tag?post=118441"}],"curies":[{"name":"wp","href":"https:\/\/api.w.org\/{rel}","templated":true}]}}