











{"id":118439,"date":"2026-02-12T10:09:46","date_gmt":"2026-02-12T10:09:46","guid":{"rendered":"https:\/\/ses-creative.com\/?post_type=product&#038;p=118439"},"modified":"2026-02-12T10:23:13","modified_gmt":"2026-02-12T10:23:13","slug":"japprends-la-mosaique","status":"publish","type":"product","link":"https:\/\/ses-creative.com\/fr\/produit\/japprends-la-mosaique\/","title":{"rendered":"J&rsquo;apprends la mosa\u00efque"},"content":{"rendered":"<p>Offrez \u00e0 votre enfant une premi\u00e8re exp\u00e9rience artistique avec le kit cr\u00e9atif : J&rsquo;apprends la mosa\u00efque. Ce kit cr\u00e9atif est sp\u00e9cialement con\u00e7u pour les enfants d\u00e8s 3 ans, leur permettant de d\u00e9velopper leur motricit\u00e9 fine, leur coordination \u0153il-main et leur reconnaissance des formes et des couleurs.\u200b<\/p>\n<p>Le coffret comprend 4 cartes illustr\u00e9es repr\u00e9sentant des animaux \u00e0 compl\u00e9ter avec des autocollants en mousse de diff\u00e9rentes formes et couleurs. En collant les formes sur les cartes, l&rsquo;enfant am\u00e9liore sa dext\u00e9rit\u00e9 et sa concentration tout en s&rsquo;amusant. Les autocollants en mousse sont faciles \u00e0 manipuler, permettant \u00e0 l&rsquo;enfant de les coller sans difficult\u00e9 et de cr\u00e9er de magnifiques \u0153uvres d&rsquo;art.\u200b<\/p>\n<p>Ce kit est fabriqu\u00e9 en Europe avec des mat\u00e9riaux de qualit\u00e9, respectant les normes de s\u00e9curit\u00e9 europ\u00e9ennes, garantissant une utilisation s\u00fbre pour les enfants. Une activit\u00e9 cr\u00e9ative et \u00e9ducative parfaite pour stimuler l&rsquo;imagination des tout-petits tout en d\u00e9veloppant leurs comp\u00e9tences essentielles.<\/p>\n","protected":false},"excerpt":{"rendered":"<p>Offrez \u00e0 votre enfant une premi\u00e8re exp\u00e9rience artistique avec le kit cr\u00e9atif : J&rsquo;apprends la mosa\u00efque. Ce kit cr\u00e9atif est sp\u00e9cialement con\u00e7u pour les enfants d\u00e8s 3 ans, leur permettant de d\u00e9velopper leur motricit\u00e9 fine, leur coordination \u0153il-main et leur reconnaissance des formes et des couleurs.\u200b Le coffret comprend 4 cartes illustr\u00e9es repr\u00e9sentant des animaux [&hellip;]<\/p>\n","protected":false},"featured_media":104816,"comment_status":"closed","ping_status":"closed","template":"","meta":{"_acf_changed":false},"product_brand":[],"product_cat":[122],"product_tag":[],"class_list":{"0":"post-118439","1":"product","2":"type-product","3":"status-publish","4":"has-post-thumbnail","6":"product_cat-loisirs-creatifs","7":"pa_leeftijd-filter-3-4-ans","8":"pa_meest-populair-bij-garcons-filles","10":"first","11":"instock","12":"shipping-taxable","13":"product-type-simple"},"acf":[],"yoast_head":"<!-- This site is optimized with the Yoast SEO plugin v27.2 - https:\/\/yoast.com\/product\/yoast-seo-wordpress\/ -->\n<title>J&#039;apprends la mosa\u00efque - SES Creative<\/title>\n<meta name=\"robots\" content=\"index, follow, max-snippet:-1, max-image-preview:large, max-video-preview:-1\" \/>\n<link rel=\"canonical\" href=\"https:\/\/ses-creative.com\/fr\/produit\/japprends-la-mosaique\/\" \/>\n<meta property=\"og:locale\" content=\"fr_FR\" \/>\n<meta property=\"og:type\" content=\"article\" \/>\n<meta property=\"og:title\" content=\"J&#039;apprends la mosa\u00efque - SES Creative\" \/>\n<meta property=\"og:description\" content=\"Offrez \u00e0 votre enfant une premi\u00e8re exp\u00e9rience artistique avec le kit cr\u00e9atif : J&rsquo;apprends la mosa\u00efque. Ce kit cr\u00e9atif est sp\u00e9cialement con\u00e7u pour les enfants d\u00e8s 3 ans, leur permettant de d\u00e9velopper leur motricit\u00e9 fine, leur coordination \u0153il-main et leur reconnaissance des formes et des couleurs.\u200b Le coffret comprend 4 cartes illustr\u00e9es repr\u00e9sentant des animaux [&hellip;]\" \/>\n<meta property=\"og:url\" content=\"https:\/\/ses-creative.com\/fr\/produit\/japprends-la-mosaique\/\" \/>\n<meta property=\"og:site_name\" content=\"SES Creative\" \/>\n<meta property=\"article:modified_time\" content=\"2026-02-12T10:23:13+00:00\" \/>\n<meta name=\"twitter:card\" content=\"summary_large_image\" \/>\n<meta name=\"twitter:label1\" content=\"Dur\u00e9e de lecture estim\u00e9e\" \/>\n\t<meta name=\"twitter:data1\" content=\"1 minute\" \/>\n<script type=\"application\/ld+json\" class=\"yoast-schema-graph\">{\"@context\":\"https:\/\/schema.org\",\"@graph\":[{\"@type\":\"WebPage\",\"@id\":\"https:\/\/ses-creative.com\/fr\/produit\/japprends-la-mosaique\/\",\"url\":\"https:\/\/ses-creative.com\/fr\/produit\/japprends-la-mosaique\/\",\"name\":\"J'apprends la mosa\u00efque - SES Creative\",\"isPartOf\":{\"@id\":\"https:\/\/ses-creative.com\/#website\"},\"primaryImageOfPage\":{\"@id\":\"https:\/\/ses-creative.com\/fr\/produit\/japprends-la-mosaique\/#primaryimage\"},\"image\":{\"@id\":\"https:\/\/ses-creative.com\/fr\/produit\/japprends-la-mosaique\/#primaryimage\"},\"thumbnailUrl\":\"https:\/\/ses-creative.com\/wp-content\/uploads\/2026\/01\/148271.jpg\",\"datePublished\":\"2026-02-12T10:09:46+00:00\",\"dateModified\":\"2026-02-12T10:23:13+00:00\",\"breadcrumb\":{\"@id\":\"https:\/\/ses-creative.com\/fr\/produit\/japprends-la-mosaique\/#breadcrumb\"},\"inLanguage\":\"fr-FR\",\"potentialAction\":[{\"@type\":\"ReadAction\",\"target\":[\"https:\/\/ses-creative.com\/fr\/produit\/japprends-la-mosaique\/\"]}]},{\"@type\":\"ImageObject\",\"inLanguage\":\"fr-FR\",\"@id\":\"https:\/\/ses-creative.com\/fr\/produit\/japprends-la-mosaique\/#primaryimage\",\"url\":\"https:\/\/ses-creative.com\/wp-content\/uploads\/2026\/01\/148271.jpg\",\"contentUrl\":\"https:\/\/ses-creative.com\/wp-content\/uploads\/2026\/01\/148271.jpg\",\"width\":1000,\"height\":1000},{\"@type\":\"BreadcrumbList\",\"@id\":\"https:\/\/ses-creative.com\/fr\/produit\/japprends-la-mosaique\/#breadcrumb\",\"itemListElement\":[{\"@type\":\"ListItem\",\"position\":1,\"name\":\"Boutique\",\"item\":\"https:\/\/ses-creative.com\/fr\/boutique\/\"},{\"@type\":\"ListItem\",\"position\":2,\"name\":\"Loisirs cr\u00e9atifs\",\"item\":\"https:\/\/ses-creative.com\/fr\/product-categorie\/loisirs-creatifs\/\"},{\"@type\":\"ListItem\",\"position\":3,\"name\":\"J&#8217;apprends la mosa\u00efque\"}]},{\"@type\":\"WebSite\",\"@id\":\"https:\/\/ses-creative.com\/#website\",\"url\":\"https:\/\/ses-creative.com\/\",\"name\":\"SES Creative\",\"description\":\"\",\"publisher\":{\"@id\":\"https:\/\/ses-creative.com\/#organization\"},\"potentialAction\":[{\"@type\":\"SearchAction\",\"target\":{\"@type\":\"EntryPoint\",\"urlTemplate\":\"https:\/\/ses-creative.com\/?s={search_term_string}\"},\"query-input\":{\"@type\":\"PropertyValueSpecification\",\"valueRequired\":true,\"valueName\":\"search_term_string\"}}],\"inLanguage\":\"fr-FR\"},{\"@type\":\"Organization\",\"@id\":\"https:\/\/ses-creative.com\/#organization\",\"name\":\"SES Creative\",\"url\":\"https:\/\/ses-creative.com\/\",\"logo\":{\"@type\":\"ImageObject\",\"inLanguage\":\"fr-FR\",\"@id\":\"https:\/\/ses-creative.com\/#\/schema\/logo\/image\/\",\"url\":\"https:\/\/ses-creative.com\/wp-content\/uploads\/2025\/10\/ses-creative-logo.jpg\",\"contentUrl\":\"https:\/\/ses-creative.com\/wp-content\/uploads\/2025\/10\/ses-creative-logo.jpg\",\"width\":2037,\"height\":2037,\"caption\":\"SES Creative\"},\"image\":{\"@id\":\"https:\/\/ses-creative.com\/#\/schema\/logo\/image\/\"}}]}<\/script>\n<!-- \/ Yoast SEO plugin. -->","yoast_head_json":{"title":"J'apprends la mosa\u00efque - SES Creative","robots":{"index":"index","follow":"follow","max-snippet":"max-snippet:-1","max-image-preview":"max-image-preview:large","max-video-preview":"max-video-preview:-1"},"canonical":"https:\/\/ses-creative.com\/fr\/produit\/japprends-la-mosaique\/","og_locale":"fr_FR","og_type":"article","og_title":"J'apprends la mosa\u00efque - SES Creative","og_description":"Offrez \u00e0 votre enfant une premi\u00e8re exp\u00e9rience artistique avec le kit cr\u00e9atif : J&rsquo;apprends la mosa\u00efque. Ce kit cr\u00e9atif est sp\u00e9cialement con\u00e7u pour les enfants d\u00e8s 3 ans, leur permettant de d\u00e9velopper leur motricit\u00e9 fine, leur coordination \u0153il-main et leur reconnaissance des formes et des couleurs.\u200b Le coffret comprend 4 cartes illustr\u00e9es repr\u00e9sentant des animaux [&hellip;]","og_url":"https:\/\/ses-creative.com\/fr\/produit\/japprends-la-mosaique\/","og_site_name":"SES Creative","article_modified_time":"2026-02-12T10:23:13+00:00","twitter_card":"summary_large_image","twitter_misc":{"Dur\u00e9e de lecture estim\u00e9e":"1 minute"},"schema":{"@context":"https:\/\/schema.org","@graph":[{"@type":"WebPage","@id":"https:\/\/ses-creative.com\/fr\/produit\/japprends-la-mosaique\/","url":"https:\/\/ses-creative.com\/fr\/produit\/japprends-la-mosaique\/","name":"J'apprends la mosa\u00efque - SES Creative","isPartOf":{"@id":"https:\/\/ses-creative.com\/#website"},"primaryImageOfPage":{"@id":"https:\/\/ses-creative.com\/fr\/produit\/japprends-la-mosaique\/#primaryimage"},"image":{"@id":"https:\/\/ses-creative.com\/fr\/produit\/japprends-la-mosaique\/#primaryimage"},"thumbnailUrl":"https:\/\/ses-creative.com\/wp-content\/uploads\/2026\/01\/148271.jpg","datePublished":"2026-02-12T10:09:46+00:00","dateModified":"2026-02-12T10:23:13+00:00","breadcrumb":{"@id":"https:\/\/ses-creative.com\/fr\/produit\/japprends-la-mosaique\/#breadcrumb"},"inLanguage":"fr-FR","potentialAction":[{"@type":"ReadAction","target":["https:\/\/ses-creative.com\/fr\/produit\/japprends-la-mosaique\/"]}]},{"@type":"ImageObject","inLanguage":"fr-FR","@id":"https:\/\/ses-creative.com\/fr\/produit\/japprends-la-mosaique\/#primaryimage","url":"https:\/\/ses-creative.com\/wp-content\/uploads\/2026\/01\/148271.jpg","contentUrl":"https:\/\/ses-creative.com\/wp-content\/uploads\/2026\/01\/148271.jpg","width":1000,"height":1000},{"@type":"BreadcrumbList","@id":"https:\/\/ses-creative.com\/fr\/produit\/japprends-la-mosaique\/#breadcrumb","itemListElement":[{"@type":"ListItem","position":1,"name":"Boutique","item":"https:\/\/ses-creative.com\/fr\/boutique\/"},{"@type":"ListItem","position":2,"name":"Loisirs cr\u00e9atifs","item":"https:\/\/ses-creative.com\/fr\/product-categorie\/loisirs-creatifs\/"},{"@type":"ListItem","position":3,"name":"J&#8217;apprends la mosa\u00efque"}]},{"@type":"WebSite","@id":"https:\/\/ses-creative.com\/#website","url":"https:\/\/ses-creative.com\/","name":"SES Creative","description":"","publisher":{"@id":"https:\/\/ses-creative.com\/#organization"},"potentialAction":[{"@type":"SearchAction","target":{"@type":"EntryPoint","urlTemplate":"https:\/\/ses-creative.com\/?s={search_term_string}"},"query-input":{"@type":"PropertyValueSpecification","valueRequired":true,"valueName":"search_term_string"}}],"inLanguage":"fr-FR"},{"@type":"Organization","@id":"https:\/\/ses-creative.com\/#organization","name":"SES Creative","url":"https:\/\/ses-creative.com\/","logo":{"@type":"ImageObject","inLanguage":"fr-FR","@id":"https:\/\/ses-creative.com\/#\/schema\/logo\/image\/","url":"https:\/\/ses-creative.com\/wp-content\/uploads\/2025\/10\/ses-creative-logo.jpg","contentUrl":"https:\/\/ses-creative.com\/wp-content\/uploads\/2025\/10\/ses-creative-logo.jpg","width":2037,"height":2037,"caption":"SES Creative"},"image":{"@id":"https:\/\/ses-creative.com\/#\/schema\/logo\/image\/"}}]}},"_links":{"self":[{"href":"https:\/\/ses-creative.com\/fr\/wp-json\/wp\/v2\/product\/118439","targetHints":{"allow":["GET"]}}],"collection":[{"href":"https:\/\/ses-creative.com\/fr\/wp-json\/wp\/v2\/product"}],"about":[{"href":"https:\/\/ses-creative.com\/fr\/wp-json\/wp\/v2\/types\/product"}],"replies":[{"embeddable":true,"href":"https:\/\/ses-creative.com\/fr\/wp-json\/wp\/v2\/comments?post=118439"}],"wp:featuredmedia":[{"embeddable":true,"href":"https:\/\/ses-creative.com\/fr\/wp-json\/wp\/v2\/media\/104816"}],"wp:attachment":[{"href":"https:\/\/ses-creative.com\/fr\/wp-json\/wp\/v2\/media?parent=118439"}],"wp:term":[{"taxonomy":"product_brand","embeddable":true,"href":"https:\/\/ses-creative.com\/fr\/wp-json\/wp\/v2\/product_brand?post=118439"},{"taxonomy":"product_cat","embeddable":true,"href":"https:\/\/ses-creative.com\/fr\/wp-json\/wp\/v2\/product_cat?post=118439"},{"taxonomy":"product_tag","embeddable":true,"href":"https:\/\/ses-creative.com\/fr\/wp-json\/wp\/v2\/product_tag?post=118439"}],"curies":[{"name":"wp","href":"https:\/\/api.w.org\/{rel}","templated":true}]}}