











{"id":118436,"date":"2026-02-12T10:09:46","date_gmt":"2026-02-12T10:09:46","guid":{"rendered":"https:\/\/ses-creative.com\/?post_type=product&#038;p=118436"},"modified":"2026-02-12T10:23:13","modified_gmt":"2026-02-12T10:23:13","slug":"japprends-a-decouper","status":"publish","type":"product","link":"https:\/\/ses-creative.com\/fr\/produit\/japprends-a-decouper\/","title":{"rendered":"J&rsquo;apprends \u00e0 d\u00e9couper"},"content":{"rendered":"<p>D\u00e9couper devient s\u00fbr et amusant avec le kit J&rsquo;apprends \u00e0 d\u00e9couper de SES Creative. Ce kit sp\u00e9cialement con\u00e7u aide les enfants \u00e0 partir de 3 ans \u00e0 faire leurs premi\u00e8res exp\u00e9riences de d\u00e9coupe de mani\u00e8re responsable. Gr\u00e2ce aux ciseaux s\u00e9curis\u00e9s, qui ne coupent que le papier, et aux feuilles \u00e0 d\u00e9couper color\u00e9es, les enfants d\u00e9couvrent \u00e9tape par \u00e9tape \u00e0 quel point le bricolage peut \u00eatre amusant.<\/p>\n<p>Qu&rsquo;est-ce qui rend ce kit si sp\u00e9cial ?<\/p>\n<p> Ciseaux pour enfants s\u00e9curis\u00e9s \u2013 ne coupent que le papier, pas les cheveux, la peau ou les tissus<\/p>\n<p> 16 feuilles \u00e0 d\u00e9couper joyeuses \u2013 avec des motifs et des dessins amusants<\/p>\n<p> Stimule la motricit\u00e9 fine et la coordination<\/p>\n<p> Cr\u00e9atif et \u00e9ducatif \u2013 id\u00e9al pour une premi\u00e8re exp\u00e9rience de d\u00e9coupage<\/p>\n<p> Parfait pour les jeunes enfants \u2013 \u00e0 partir de 3 ans<\/p>\n<p>Apprendre \u00e0 d\u00e9couper en s&rsquo;amusant<\/p>\n<p>D\u00e9couper peut sembler facile, mais c&rsquo;est une comp\u00e9tence importante pour le d\u00e9veloppement de la motricit\u00e9 fine, de la concentration et de la coordination \u0153il-main. Avec le kit \u00ab J&rsquo;apprends \u00e0 d\u00e9couper \u00bb, les enfants s&rsquo;entra\u00eenent en toute s\u00e9curit\u00e9 et avec plaisir. Les feuilles \u00e0 d\u00e9couper aux couleurs vives rendent l&rsquo;activit\u00e9 encore plus amusante et donnent imm\u00e9diatement un beau r\u00e9sultat.<\/p>\n<p>Contenu de l&#8217;emballage<\/p>\n<p>1 paire de ciseaux pour enfants s\u00e9curis\u00e9s<\/p>\n<p>16 feuilles \u00e0 d\u00e9couper color\u00e9es<\/p>\n<p>Pourquoi choisir SES Creative ?<\/p>\n<p>Depuis plus de 50 ans, SES Creative fabrique des jouets cr\u00e9atifs et \u00e9ducatifs qui aident les enfants \u00e0 d\u00e9couvrir de nouvelles comp\u00e9tences. Ce set est conforme aux principes Montessori : d\u00e9couvrir par soi-m\u00eame, apprendre en jouant et s&rsquo;exercer en toute s\u00e9curit\u00e9.<\/p>\n<p>Commencez \u00e0 d\u00e9couper d\u00e8s aujourd&rsquo;hui<\/p>\n<p>Offrez \u00e0 votre enfant le plaisir et la comp\u00e9tence du bricolage.<br \/>\nCommandez d\u00e8s maintenant le kit SES Creative \u2013 J&rsquo;apprends \u00e0 d\u00e9couper et d\u00e9couvrez \u00e0 quel point d\u00e9couper peut \u00eatre amusant et s\u00fbr !<\/p>\n","protected":false},"excerpt":{"rendered":"<p>D\u00e9couper devient s\u00fbr et amusant avec le kit J&rsquo;apprends \u00e0 d\u00e9couper de SES Creative. Ce kit sp\u00e9cialement con\u00e7u aide les enfants \u00e0 partir de 3 ans \u00e0 faire leurs premi\u00e8res exp\u00e9riences de d\u00e9coupe de mani\u00e8re responsable. Gr\u00e2ce aux ciseaux s\u00e9curis\u00e9s, qui ne coupent que le papier, et aux feuilles \u00e0 d\u00e9couper color\u00e9es, les enfants d\u00e9couvrent [&hellip;]<\/p>\n","protected":false},"featured_media":104756,"comment_status":"closed","ping_status":"closed","template":"","meta":{"_acf_changed":false},"product_brand":[],"product_cat":[122],"product_tag":[],"class_list":{"0":"post-118436","1":"product","2":"type-product","3":"status-publish","4":"has-post-thumbnail","6":"product_cat-loisirs-creatifs","7":"pa_leeftijd-filter-3-4-ans","8":"pa_meest-populair-bij-garcons-filles","10":"first","11":"instock","12":"shipping-taxable","13":"product-type-simple"},"acf":[],"yoast_head":"<!-- This site is optimized with the Yoast SEO plugin v27.2 - https:\/\/yoast.com\/product\/yoast-seo-wordpress\/ -->\n<title>J&#039;apprends \u00e0 d\u00e9couper - SES Creative<\/title>\n<meta name=\"robots\" content=\"index, follow, max-snippet:-1, max-image-preview:large, max-video-preview:-1\" \/>\n<link rel=\"canonical\" href=\"https:\/\/ses-creative.com\/fr\/produit\/japprends-a-decouper\/\" \/>\n<meta property=\"og:locale\" content=\"fr_FR\" \/>\n<meta property=\"og:type\" content=\"article\" \/>\n<meta property=\"og:title\" content=\"J&#039;apprends \u00e0 d\u00e9couper - SES Creative\" \/>\n<meta property=\"og:description\" content=\"D\u00e9couper devient s\u00fbr et amusant avec le kit J&rsquo;apprends \u00e0 d\u00e9couper de SES Creative. Ce kit sp\u00e9cialement con\u00e7u aide les enfants \u00e0 partir de 3 ans \u00e0 faire leurs premi\u00e8res exp\u00e9riences de d\u00e9coupe de mani\u00e8re responsable. Gr\u00e2ce aux ciseaux s\u00e9curis\u00e9s, qui ne coupent que le papier, et aux feuilles \u00e0 d\u00e9couper color\u00e9es, les enfants d\u00e9couvrent [&hellip;]\" \/>\n<meta property=\"og:url\" content=\"https:\/\/ses-creative.com\/fr\/produit\/japprends-a-decouper\/\" \/>\n<meta property=\"og:site_name\" content=\"SES Creative\" \/>\n<meta property=\"article:modified_time\" content=\"2026-02-12T10:23:13+00:00\" \/>\n<meta name=\"twitter:card\" content=\"summary_large_image\" \/>\n<meta name=\"twitter:label1\" content=\"Dur\u00e9e de lecture estim\u00e9e\" \/>\n\t<meta name=\"twitter:data1\" content=\"2 minutes\" \/>\n<script type=\"application\/ld+json\" class=\"yoast-schema-graph\">{\"@context\":\"https:\/\/schema.org\",\"@graph\":[{\"@type\":\"WebPage\",\"@id\":\"https:\/\/ses-creative.com\/fr\/produit\/japprends-a-decouper\/\",\"url\":\"https:\/\/ses-creative.com\/fr\/produit\/japprends-a-decouper\/\",\"name\":\"J'apprends \u00e0 d\u00e9couper - SES Creative\",\"isPartOf\":{\"@id\":\"https:\/\/ses-creative.com\/#website\"},\"primaryImageOfPage\":{\"@id\":\"https:\/\/ses-creative.com\/fr\/produit\/japprends-a-decouper\/#primaryimage\"},\"image\":{\"@id\":\"https:\/\/ses-creative.com\/fr\/produit\/japprends-a-decouper\/#primaryimage\"},\"thumbnailUrl\":\"https:\/\/ses-creative.com\/wp-content\/uploads\/2026\/01\/148091.jpg\",\"datePublished\":\"2026-02-12T10:09:46+00:00\",\"dateModified\":\"2026-02-12T10:23:13+00:00\",\"breadcrumb\":{\"@id\":\"https:\/\/ses-creative.com\/fr\/produit\/japprends-a-decouper\/#breadcrumb\"},\"inLanguage\":\"fr-FR\",\"potentialAction\":[{\"@type\":\"ReadAction\",\"target\":[\"https:\/\/ses-creative.com\/fr\/produit\/japprends-a-decouper\/\"]}]},{\"@type\":\"ImageObject\",\"inLanguage\":\"fr-FR\",\"@id\":\"https:\/\/ses-creative.com\/fr\/produit\/japprends-a-decouper\/#primaryimage\",\"url\":\"https:\/\/ses-creative.com\/wp-content\/uploads\/2026\/01\/148091.jpg\",\"contentUrl\":\"https:\/\/ses-creative.com\/wp-content\/uploads\/2026\/01\/148091.jpg\",\"width\":1000,\"height\":1000},{\"@type\":\"BreadcrumbList\",\"@id\":\"https:\/\/ses-creative.com\/fr\/produit\/japprends-a-decouper\/#breadcrumb\",\"itemListElement\":[{\"@type\":\"ListItem\",\"position\":1,\"name\":\"Boutique\",\"item\":\"https:\/\/ses-creative.com\/fr\/boutique\/\"},{\"@type\":\"ListItem\",\"position\":2,\"name\":\"Loisirs cr\u00e9atifs\",\"item\":\"https:\/\/ses-creative.com\/fr\/product-categorie\/loisirs-creatifs\/\"},{\"@type\":\"ListItem\",\"position\":3,\"name\":\"J&#8217;apprends \u00e0 d\u00e9couper\"}]},{\"@type\":\"WebSite\",\"@id\":\"https:\/\/ses-creative.com\/#website\",\"url\":\"https:\/\/ses-creative.com\/\",\"name\":\"SES Creative\",\"description\":\"\",\"publisher\":{\"@id\":\"https:\/\/ses-creative.com\/#organization\"},\"potentialAction\":[{\"@type\":\"SearchAction\",\"target\":{\"@type\":\"EntryPoint\",\"urlTemplate\":\"https:\/\/ses-creative.com\/?s={search_term_string}\"},\"query-input\":{\"@type\":\"PropertyValueSpecification\",\"valueRequired\":true,\"valueName\":\"search_term_string\"}}],\"inLanguage\":\"fr-FR\"},{\"@type\":\"Organization\",\"@id\":\"https:\/\/ses-creative.com\/#organization\",\"name\":\"SES Creative\",\"url\":\"https:\/\/ses-creative.com\/\",\"logo\":{\"@type\":\"ImageObject\",\"inLanguage\":\"fr-FR\",\"@id\":\"https:\/\/ses-creative.com\/#\/schema\/logo\/image\/\",\"url\":\"https:\/\/ses-creative.com\/wp-content\/uploads\/2025\/10\/ses-creative-logo.jpg\",\"contentUrl\":\"https:\/\/ses-creative.com\/wp-content\/uploads\/2025\/10\/ses-creative-logo.jpg\",\"width\":2037,\"height\":2037,\"caption\":\"SES Creative\"},\"image\":{\"@id\":\"https:\/\/ses-creative.com\/#\/schema\/logo\/image\/\"}}]}<\/script>\n<!-- \/ Yoast SEO plugin. -->","yoast_head_json":{"title":"J'apprends \u00e0 d\u00e9couper - SES Creative","robots":{"index":"index","follow":"follow","max-snippet":"max-snippet:-1","max-image-preview":"max-image-preview:large","max-video-preview":"max-video-preview:-1"},"canonical":"https:\/\/ses-creative.com\/fr\/produit\/japprends-a-decouper\/","og_locale":"fr_FR","og_type":"article","og_title":"J'apprends \u00e0 d\u00e9couper - SES Creative","og_description":"D\u00e9couper devient s\u00fbr et amusant avec le kit J&rsquo;apprends \u00e0 d\u00e9couper de SES Creative. Ce kit sp\u00e9cialement con\u00e7u aide les enfants \u00e0 partir de 3 ans \u00e0 faire leurs premi\u00e8res exp\u00e9riences de d\u00e9coupe de mani\u00e8re responsable. Gr\u00e2ce aux ciseaux s\u00e9curis\u00e9s, qui ne coupent que le papier, et aux feuilles \u00e0 d\u00e9couper color\u00e9es, les enfants d\u00e9couvrent [&hellip;]","og_url":"https:\/\/ses-creative.com\/fr\/produit\/japprends-a-decouper\/","og_site_name":"SES Creative","article_modified_time":"2026-02-12T10:23:13+00:00","twitter_card":"summary_large_image","twitter_misc":{"Dur\u00e9e de lecture estim\u00e9e":"2 minutes"},"schema":{"@context":"https:\/\/schema.org","@graph":[{"@type":"WebPage","@id":"https:\/\/ses-creative.com\/fr\/produit\/japprends-a-decouper\/","url":"https:\/\/ses-creative.com\/fr\/produit\/japprends-a-decouper\/","name":"J'apprends \u00e0 d\u00e9couper - SES Creative","isPartOf":{"@id":"https:\/\/ses-creative.com\/#website"},"primaryImageOfPage":{"@id":"https:\/\/ses-creative.com\/fr\/produit\/japprends-a-decouper\/#primaryimage"},"image":{"@id":"https:\/\/ses-creative.com\/fr\/produit\/japprends-a-decouper\/#primaryimage"},"thumbnailUrl":"https:\/\/ses-creative.com\/wp-content\/uploads\/2026\/01\/148091.jpg","datePublished":"2026-02-12T10:09:46+00:00","dateModified":"2026-02-12T10:23:13+00:00","breadcrumb":{"@id":"https:\/\/ses-creative.com\/fr\/produit\/japprends-a-decouper\/#breadcrumb"},"inLanguage":"fr-FR","potentialAction":[{"@type":"ReadAction","target":["https:\/\/ses-creative.com\/fr\/produit\/japprends-a-decouper\/"]}]},{"@type":"ImageObject","inLanguage":"fr-FR","@id":"https:\/\/ses-creative.com\/fr\/produit\/japprends-a-decouper\/#primaryimage","url":"https:\/\/ses-creative.com\/wp-content\/uploads\/2026\/01\/148091.jpg","contentUrl":"https:\/\/ses-creative.com\/wp-content\/uploads\/2026\/01\/148091.jpg","width":1000,"height":1000},{"@type":"BreadcrumbList","@id":"https:\/\/ses-creative.com\/fr\/produit\/japprends-a-decouper\/#breadcrumb","itemListElement":[{"@type":"ListItem","position":1,"name":"Boutique","item":"https:\/\/ses-creative.com\/fr\/boutique\/"},{"@type":"ListItem","position":2,"name":"Loisirs cr\u00e9atifs","item":"https:\/\/ses-creative.com\/fr\/product-categorie\/loisirs-creatifs\/"},{"@type":"ListItem","position":3,"name":"J&#8217;apprends \u00e0 d\u00e9couper"}]},{"@type":"WebSite","@id":"https:\/\/ses-creative.com\/#website","url":"https:\/\/ses-creative.com\/","name":"SES Creative","description":"","publisher":{"@id":"https:\/\/ses-creative.com\/#organization"},"potentialAction":[{"@type":"SearchAction","target":{"@type":"EntryPoint","urlTemplate":"https:\/\/ses-creative.com\/?s={search_term_string}"},"query-input":{"@type":"PropertyValueSpecification","valueRequired":true,"valueName":"search_term_string"}}],"inLanguage":"fr-FR"},{"@type":"Organization","@id":"https:\/\/ses-creative.com\/#organization","name":"SES Creative","url":"https:\/\/ses-creative.com\/","logo":{"@type":"ImageObject","inLanguage":"fr-FR","@id":"https:\/\/ses-creative.com\/#\/schema\/logo\/image\/","url":"https:\/\/ses-creative.com\/wp-content\/uploads\/2025\/10\/ses-creative-logo.jpg","contentUrl":"https:\/\/ses-creative.com\/wp-content\/uploads\/2025\/10\/ses-creative-logo.jpg","width":2037,"height":2037,"caption":"SES Creative"},"image":{"@id":"https:\/\/ses-creative.com\/#\/schema\/logo\/image\/"}}]}},"_links":{"self":[{"href":"https:\/\/ses-creative.com\/fr\/wp-json\/wp\/v2\/product\/118436","targetHints":{"allow":["GET"]}}],"collection":[{"href":"https:\/\/ses-creative.com\/fr\/wp-json\/wp\/v2\/product"}],"about":[{"href":"https:\/\/ses-creative.com\/fr\/wp-json\/wp\/v2\/types\/product"}],"replies":[{"embeddable":true,"href":"https:\/\/ses-creative.com\/fr\/wp-json\/wp\/v2\/comments?post=118436"}],"wp:featuredmedia":[{"embeddable":true,"href":"https:\/\/ses-creative.com\/fr\/wp-json\/wp\/v2\/media\/104756"}],"wp:attachment":[{"href":"https:\/\/ses-creative.com\/fr\/wp-json\/wp\/v2\/media?parent=118436"}],"wp:term":[{"taxonomy":"product_brand","embeddable":true,"href":"https:\/\/ses-creative.com\/fr\/wp-json\/wp\/v2\/product_brand?post=118436"},{"taxonomy":"product_cat","embeddable":true,"href":"https:\/\/ses-creative.com\/fr\/wp-json\/wp\/v2\/product_cat?post=118436"},{"taxonomy":"product_tag","embeddable":true,"href":"https:\/\/ses-creative.com\/fr\/wp-json\/wp\/v2\/product_tag?post=118436"}],"curies":[{"name":"wp","href":"https:\/\/api.w.org\/{rel}","templated":true}]}}