











{"id":118433,"date":"2026-02-12T10:09:45","date_gmt":"2026-02-12T10:09:45","guid":{"rendered":"https:\/\/ses-creative.com\/?post_type=product&#038;p=118433"},"modified":"2026-02-12T10:23:12","modified_gmt":"2026-02-12T10:23:12","slug":"createur-de-spirales","status":"publish","type":"product","link":"https:\/\/ses-creative.com\/fr\/produit\/createur-de-spirales\/","title":{"rendered":"Cr\u00e9ateur de spirales"},"content":{"rendered":"<p>D\u00e9couvrez le plaisir cr\u00e9atif avec le cr\u00e9ateur de spirales en bois !<\/p>\n<p>Avec le cr\u00e9ateur de spirales en bois de SES Creative, les enfants peuvent facilement cr\u00e9er de magnifiques motifs en spirale. Le kit comprend 5 roues en bois permettant de cr\u00e9er plus de 40 spirales uniques. Gr\u00e2ce aux 6 feutres color\u00e9s, au rouleau de papier \u00e0 dessin de 2 m\u00e8tres et aux 60 autocollants paillet\u00e9s, les jeunes artistes peuvent varier \u00e0 l&rsquo;infini.<\/p>\n<p>Contenu de l&#8217;emballage<\/p>\n<p>5 roues en bois<\/p>\n<p>6 feutres de diff\u00e9rentes couleurs<\/p>\n<p>Rouleau de papier \u00e0 dessin de 2 m\u00e8tres de long<\/p>\n<p>60 autocollants paillet\u00e9s<\/p>\n<p>Caract\u00e9ristiques uniques<\/p>\n<p>Cr\u00e9ez plus de 40 spirales uniques<\/p>\n<p>Roues en bois robustes pour une utilisation durable<\/p>\n<p>Marqueurs et papier inclus pour commencer imm\u00e9diatement<\/p>\n<p>Stimule la cr\u00e9ativit\u00e9, la motricit\u00e9 fine et la concentration<\/p>\n<p>Parfait pour les enfants \u00e0 partir de 5 ans<\/p>\n<p>Pourquoi c&rsquo;est parfait<\/p>\n<p>Avec le Spiral Designer en bois, dessiner devient une exp\u00e9rience magique. Les motifs sont toujours diff\u00e9rents et offrent des heures de plaisir cr\u00e9atif.<\/p>\n<p>Pr\u00eat \u00e0 dessiner ?<\/p>\n<p>Prenez le Spiral Designer en bois et d\u00e9couvrez \u00e0 quel point il est amusant de cr\u00e9er de magnifiques spirales !<\/p>\n","protected":false},"excerpt":{"rendered":"<p>D\u00e9couvrez le plaisir cr\u00e9atif avec le cr\u00e9ateur de spirales en bois ! Avec le cr\u00e9ateur de spirales en bois de SES Creative, les enfants peuvent facilement cr\u00e9er de magnifiques motifs en spirale. Le kit comprend 5 roues en bois permettant de cr\u00e9er plus de 40 spirales uniques. Gr\u00e2ce aux 6 feutres color\u00e9s, au rouleau de [&hellip;]<\/p>\n","protected":false},"featured_media":104696,"comment_status":"closed","ping_status":"closed","template":"","meta":{"_acf_changed":false},"product_brand":[],"product_cat":[122],"product_tag":[],"class_list":{"0":"post-118433","1":"product","2":"type-product","3":"status-publish","4":"has-post-thumbnail","6":"product_cat-loisirs-creatifs","7":"pa_leeftijd-filter-4-6-ans","8":"pa_meest-populair-bij-garcons-filles","10":"first","11":"instock","12":"shipping-taxable","13":"product-type-simple"},"acf":[],"yoast_head":"<!-- This site is optimized with the Yoast SEO plugin v27.2 - https:\/\/yoast.com\/product\/yoast-seo-wordpress\/ -->\n<title>Cr\u00e9ateur de spirales - SES Creative<\/title>\n<meta name=\"robots\" content=\"index, follow, max-snippet:-1, max-image-preview:large, max-video-preview:-1\" \/>\n<link rel=\"canonical\" href=\"https:\/\/ses-creative.com\/fr\/produit\/createur-de-spirales\/\" \/>\n<meta property=\"og:locale\" content=\"fr_FR\" \/>\n<meta property=\"og:type\" content=\"article\" \/>\n<meta property=\"og:title\" content=\"Cr\u00e9ateur de spirales - SES Creative\" \/>\n<meta property=\"og:description\" content=\"D\u00e9couvrez le plaisir cr\u00e9atif avec le cr\u00e9ateur de spirales en bois ! Avec le cr\u00e9ateur de spirales en bois de SES Creative, les enfants peuvent facilement cr\u00e9er de magnifiques motifs en spirale. Le kit comprend 5 roues en bois permettant de cr\u00e9er plus de 40 spirales uniques. Gr\u00e2ce aux 6 feutres color\u00e9s, au rouleau de [&hellip;]\" \/>\n<meta property=\"og:url\" content=\"https:\/\/ses-creative.com\/fr\/produit\/createur-de-spirales\/\" \/>\n<meta property=\"og:site_name\" content=\"SES Creative\" \/>\n<meta property=\"article:modified_time\" content=\"2026-02-12T10:23:12+00:00\" \/>\n<meta name=\"twitter:card\" content=\"summary_large_image\" \/>\n<meta name=\"twitter:label1\" content=\"Dur\u00e9e de lecture estim\u00e9e\" \/>\n\t<meta name=\"twitter:data1\" content=\"1 minute\" \/>\n<script type=\"application\/ld+json\" class=\"yoast-schema-graph\">{\"@context\":\"https:\/\/schema.org\",\"@graph\":[{\"@type\":\"WebPage\",\"@id\":\"https:\/\/ses-creative.com\/fr\/produit\/createur-de-spirales\/\",\"url\":\"https:\/\/ses-creative.com\/fr\/produit\/createur-de-spirales\/\",\"name\":\"Cr\u00e9ateur de spirales - SES Creative\",\"isPartOf\":{\"@id\":\"https:\/\/ses-creative.com\/#website\"},\"primaryImageOfPage\":{\"@id\":\"https:\/\/ses-creative.com\/fr\/produit\/createur-de-spirales\/#primaryimage\"},\"image\":{\"@id\":\"https:\/\/ses-creative.com\/fr\/produit\/createur-de-spirales\/#primaryimage\"},\"thumbnailUrl\":\"https:\/\/ses-creative.com\/wp-content\/uploads\/2026\/01\/147881.jpg\",\"datePublished\":\"2026-02-12T10:09:45+00:00\",\"dateModified\":\"2026-02-12T10:23:12+00:00\",\"breadcrumb\":{\"@id\":\"https:\/\/ses-creative.com\/fr\/produit\/createur-de-spirales\/#breadcrumb\"},\"inLanguage\":\"fr-FR\",\"potentialAction\":[{\"@type\":\"ReadAction\",\"target\":[\"https:\/\/ses-creative.com\/fr\/produit\/createur-de-spirales\/\"]}]},{\"@type\":\"ImageObject\",\"inLanguage\":\"fr-FR\",\"@id\":\"https:\/\/ses-creative.com\/fr\/produit\/createur-de-spirales\/#primaryimage\",\"url\":\"https:\/\/ses-creative.com\/wp-content\/uploads\/2026\/01\/147881.jpg\",\"contentUrl\":\"https:\/\/ses-creative.com\/wp-content\/uploads\/2026\/01\/147881.jpg\",\"width\":1000,\"height\":1000},{\"@type\":\"BreadcrumbList\",\"@id\":\"https:\/\/ses-creative.com\/fr\/produit\/createur-de-spirales\/#breadcrumb\",\"itemListElement\":[{\"@type\":\"ListItem\",\"position\":1,\"name\":\"Boutique\",\"item\":\"https:\/\/ses-creative.com\/fr\/boutique\/\"},{\"@type\":\"ListItem\",\"position\":2,\"name\":\"Loisirs cr\u00e9atifs\",\"item\":\"https:\/\/ses-creative.com\/fr\/product-categorie\/loisirs-creatifs\/\"},{\"@type\":\"ListItem\",\"position\":3,\"name\":\"Cr\u00e9ateur de spirales\"}]},{\"@type\":\"WebSite\",\"@id\":\"https:\/\/ses-creative.com\/#website\",\"url\":\"https:\/\/ses-creative.com\/\",\"name\":\"SES Creative\",\"description\":\"\",\"publisher\":{\"@id\":\"https:\/\/ses-creative.com\/#organization\"},\"potentialAction\":[{\"@type\":\"SearchAction\",\"target\":{\"@type\":\"EntryPoint\",\"urlTemplate\":\"https:\/\/ses-creative.com\/?s={search_term_string}\"},\"query-input\":{\"@type\":\"PropertyValueSpecification\",\"valueRequired\":true,\"valueName\":\"search_term_string\"}}],\"inLanguage\":\"fr-FR\"},{\"@type\":\"Organization\",\"@id\":\"https:\/\/ses-creative.com\/#organization\",\"name\":\"SES Creative\",\"url\":\"https:\/\/ses-creative.com\/\",\"logo\":{\"@type\":\"ImageObject\",\"inLanguage\":\"fr-FR\",\"@id\":\"https:\/\/ses-creative.com\/#\/schema\/logo\/image\/\",\"url\":\"https:\/\/ses-creative.com\/wp-content\/uploads\/2025\/10\/ses-creative-logo.jpg\",\"contentUrl\":\"https:\/\/ses-creative.com\/wp-content\/uploads\/2025\/10\/ses-creative-logo.jpg\",\"width\":2037,\"height\":2037,\"caption\":\"SES Creative\"},\"image\":{\"@id\":\"https:\/\/ses-creative.com\/#\/schema\/logo\/image\/\"}}]}<\/script>\n<!-- \/ Yoast SEO plugin. -->","yoast_head_json":{"title":"Cr\u00e9ateur de spirales - SES Creative","robots":{"index":"index","follow":"follow","max-snippet":"max-snippet:-1","max-image-preview":"max-image-preview:large","max-video-preview":"max-video-preview:-1"},"canonical":"https:\/\/ses-creative.com\/fr\/produit\/createur-de-spirales\/","og_locale":"fr_FR","og_type":"article","og_title":"Cr\u00e9ateur de spirales - SES Creative","og_description":"D\u00e9couvrez le plaisir cr\u00e9atif avec le cr\u00e9ateur de spirales en bois ! Avec le cr\u00e9ateur de spirales en bois de SES Creative, les enfants peuvent facilement cr\u00e9er de magnifiques motifs en spirale. Le kit comprend 5 roues en bois permettant de cr\u00e9er plus de 40 spirales uniques. Gr\u00e2ce aux 6 feutres color\u00e9s, au rouleau de [&hellip;]","og_url":"https:\/\/ses-creative.com\/fr\/produit\/createur-de-spirales\/","og_site_name":"SES Creative","article_modified_time":"2026-02-12T10:23:12+00:00","twitter_card":"summary_large_image","twitter_misc":{"Dur\u00e9e de lecture estim\u00e9e":"1 minute"},"schema":{"@context":"https:\/\/schema.org","@graph":[{"@type":"WebPage","@id":"https:\/\/ses-creative.com\/fr\/produit\/createur-de-spirales\/","url":"https:\/\/ses-creative.com\/fr\/produit\/createur-de-spirales\/","name":"Cr\u00e9ateur de spirales - SES Creative","isPartOf":{"@id":"https:\/\/ses-creative.com\/#website"},"primaryImageOfPage":{"@id":"https:\/\/ses-creative.com\/fr\/produit\/createur-de-spirales\/#primaryimage"},"image":{"@id":"https:\/\/ses-creative.com\/fr\/produit\/createur-de-spirales\/#primaryimage"},"thumbnailUrl":"https:\/\/ses-creative.com\/wp-content\/uploads\/2026\/01\/147881.jpg","datePublished":"2026-02-12T10:09:45+00:00","dateModified":"2026-02-12T10:23:12+00:00","breadcrumb":{"@id":"https:\/\/ses-creative.com\/fr\/produit\/createur-de-spirales\/#breadcrumb"},"inLanguage":"fr-FR","potentialAction":[{"@type":"ReadAction","target":["https:\/\/ses-creative.com\/fr\/produit\/createur-de-spirales\/"]}]},{"@type":"ImageObject","inLanguage":"fr-FR","@id":"https:\/\/ses-creative.com\/fr\/produit\/createur-de-spirales\/#primaryimage","url":"https:\/\/ses-creative.com\/wp-content\/uploads\/2026\/01\/147881.jpg","contentUrl":"https:\/\/ses-creative.com\/wp-content\/uploads\/2026\/01\/147881.jpg","width":1000,"height":1000},{"@type":"BreadcrumbList","@id":"https:\/\/ses-creative.com\/fr\/produit\/createur-de-spirales\/#breadcrumb","itemListElement":[{"@type":"ListItem","position":1,"name":"Boutique","item":"https:\/\/ses-creative.com\/fr\/boutique\/"},{"@type":"ListItem","position":2,"name":"Loisirs cr\u00e9atifs","item":"https:\/\/ses-creative.com\/fr\/product-categorie\/loisirs-creatifs\/"},{"@type":"ListItem","position":3,"name":"Cr\u00e9ateur de spirales"}]},{"@type":"WebSite","@id":"https:\/\/ses-creative.com\/#website","url":"https:\/\/ses-creative.com\/","name":"SES Creative","description":"","publisher":{"@id":"https:\/\/ses-creative.com\/#organization"},"potentialAction":[{"@type":"SearchAction","target":{"@type":"EntryPoint","urlTemplate":"https:\/\/ses-creative.com\/?s={search_term_string}"},"query-input":{"@type":"PropertyValueSpecification","valueRequired":true,"valueName":"search_term_string"}}],"inLanguage":"fr-FR"},{"@type":"Organization","@id":"https:\/\/ses-creative.com\/#organization","name":"SES Creative","url":"https:\/\/ses-creative.com\/","logo":{"@type":"ImageObject","inLanguage":"fr-FR","@id":"https:\/\/ses-creative.com\/#\/schema\/logo\/image\/","url":"https:\/\/ses-creative.com\/wp-content\/uploads\/2025\/10\/ses-creative-logo.jpg","contentUrl":"https:\/\/ses-creative.com\/wp-content\/uploads\/2025\/10\/ses-creative-logo.jpg","width":2037,"height":2037,"caption":"SES Creative"},"image":{"@id":"https:\/\/ses-creative.com\/#\/schema\/logo\/image\/"}}]}},"_links":{"self":[{"href":"https:\/\/ses-creative.com\/fr\/wp-json\/wp\/v2\/product\/118433","targetHints":{"allow":["GET"]}}],"collection":[{"href":"https:\/\/ses-creative.com\/fr\/wp-json\/wp\/v2\/product"}],"about":[{"href":"https:\/\/ses-creative.com\/fr\/wp-json\/wp\/v2\/types\/product"}],"replies":[{"embeddable":true,"href":"https:\/\/ses-creative.com\/fr\/wp-json\/wp\/v2\/comments?post=118433"}],"wp:featuredmedia":[{"embeddable":true,"href":"https:\/\/ses-creative.com\/fr\/wp-json\/wp\/v2\/media\/104696"}],"wp:attachment":[{"href":"https:\/\/ses-creative.com\/fr\/wp-json\/wp\/v2\/media?parent=118433"}],"wp:term":[{"taxonomy":"product_brand","embeddable":true,"href":"https:\/\/ses-creative.com\/fr\/wp-json\/wp\/v2\/product_brand?post=118433"},{"taxonomy":"product_cat","embeddable":true,"href":"https:\/\/ses-creative.com\/fr\/wp-json\/wp\/v2\/product_cat?post=118433"},{"taxonomy":"product_tag","embeddable":true,"href":"https:\/\/ses-creative.com\/fr\/wp-json\/wp\/v2\/product_tag?post=118433"}],"curies":[{"name":"wp","href":"https:\/\/api.w.org\/{rel}","templated":true}]}}