











{"id":118432,"date":"2026-02-12T10:09:45","date_gmt":"2026-02-12T10:09:45","guid":{"rendered":"https:\/\/ses-creative.com\/?post_type=product&#038;p=118432"},"modified":"2026-02-12T10:23:12","modified_gmt":"2026-02-12T10:23:12","slug":"cartes-a-broder-en-perles-de-verre","status":"publish","type":"product","link":"https:\/\/ses-creative.com\/fr\/produit\/cartes-a-broder-en-perles-de-verre\/","title":{"rendered":"Cartes \u00e0 broder en perles de verre"},"content":{"rendered":"<p>Perles de verre Cartes \u00e0 broder : cr\u00e9ez de magnifiques \u0153uvres d&rsquo;art avec des perles !<\/p>\n<p>Avec le kit Cartes \u00e0 broder avec perles de verre de SES Creative, les enfants peuvent laisser libre cours \u00e0 leur cr\u00e9ativit\u00e9. D\u00e9corez 4 cartes \u00e0 broder joyeuses en enfilant et en brodant des perles de verre color\u00e9es. Une activit\u00e9 apaisante et cr\u00e9ative, parfaite pour les enfants \u00e0 partir de 5 ans.<\/p>\n<p>Contenu de l&#8217;emballage<\/p>\n<p>4 cartes \u00e0 broder<\/p>\n<p>Feutre \u00e0 piquer<\/p>\n<p>Aiguille \u00e0 piquer<\/p>\n<p>Perles de verre<\/p>\n<p>Fil \u00e0 coudre<\/p>\n<p>Caract\u00e9ristiques uniques<\/p>\n<p>Combine la broderie et l&rsquo;enfilage de perles pour un r\u00e9sultat \u00e9tincelant<\/p>\n<p>Comprend des perles de verre color\u00e9es dans diff\u00e9rentes teintes<\/p>\n<p>Cartes \u00e0 broder solides pour une utilisation durable<\/p>\n<p>Stimule la motricit\u00e9 fine, la concentration et la cr\u00e9ativit\u00e9<\/p>\n<p>Tout ce dont vous avez besoin dans un kit complet<\/p>\n<p>Broderie cr\u00e9ative avec des perles<\/p>\n<p>Avec ce kit, les enfants d\u00e9couvrent le plaisir de cr\u00e9er des motifs \u00e0 l&rsquo;aide d&rsquo;une aiguille, de fil et de perles. Les cartes deviennent de plus en plus belles \u00e0 mesure que les perles sont ajout\u00e9es, ce qui conf\u00e8re \u00e0 chaque \u0153uvre d&rsquo;art un aspect unique.<\/p>\n<p>Pourquoi ce produit est-il parfait pour vous ?<\/p>\n<p>Le kit de cartes \u00e0 broder avec des perles de verre SES Creative offre non seulement des heures de plaisir cr\u00e9atif, mais aide \u00e9galement \u00e0 d\u00e9velopper des comp\u00e9tences importantes. Le r\u00e9sultat final est une \u0153uvre d&rsquo;art dont les enfants peuvent \u00eatre fiers et qu&rsquo;ils peuvent conserver ou offrir en cadeau.<\/p>\n<p>Pr\u00eat \u00e0 broder et \u00e0 briller ?<\/p>\n<p>Procurez-vous le kit de cartes \u00e0 broder avec des perles de verre et commencez d\u00e8s aujourd&rsquo;hui \u00e0 cr\u00e9er des \u0153uvres d&rsquo;art \u00e9tincelantes. D\u00e9couvrez la magie de la broderie et de l&rsquo;enfilage de perles dans une seule activit\u00e9 cr\u00e9ative !<\/p>\n","protected":false},"excerpt":{"rendered":"<p>Perles de verre Cartes \u00e0 broder : cr\u00e9ez de magnifiques \u0153uvres d&rsquo;art avec des perles ! Avec le kit Cartes \u00e0 broder avec perles de verre de SES Creative, les enfants peuvent laisser libre cours \u00e0 leur cr\u00e9ativit\u00e9. D\u00e9corez 4 cartes \u00e0 broder joyeuses en enfilant et en brodant des perles de verre color\u00e9es. Une [&hellip;]<\/p>\n","protected":false},"featured_media":95520,"comment_status":"closed","ping_status":"closed","template":"","meta":{"_acf_changed":false},"product_brand":[],"product_cat":[122],"product_tag":[],"class_list":{"0":"post-118432","1":"product","2":"type-product","3":"status-publish","4":"has-post-thumbnail","6":"product_cat-loisirs-creatifs","7":"pa_leeftijd-filter-4-6-ans","8":"pa_meest-populair-bij-garcons-filles","10":"first","11":"instock","12":"shipping-taxable","13":"product-type-simple"},"acf":[],"yoast_head":"<!-- This site is optimized with the Yoast SEO plugin v27.2 - https:\/\/yoast.com\/product\/yoast-seo-wordpress\/ -->\n<title>Cartes \u00e0 broder en perles de verre - SES Creative<\/title>\n<meta name=\"robots\" content=\"index, follow, max-snippet:-1, max-image-preview:large, max-video-preview:-1\" \/>\n<link rel=\"canonical\" href=\"https:\/\/ses-creative.com\/fr\/produit\/cartes-a-broder-en-perles-de-verre\/\" \/>\n<meta property=\"og:locale\" content=\"fr_FR\" \/>\n<meta property=\"og:type\" content=\"article\" \/>\n<meta property=\"og:title\" content=\"Cartes \u00e0 broder en perles de verre - SES Creative\" \/>\n<meta property=\"og:description\" content=\"Perles de verre Cartes \u00e0 broder : cr\u00e9ez de magnifiques \u0153uvres d&rsquo;art avec des perles ! Avec le kit Cartes \u00e0 broder avec perles de verre de SES Creative, les enfants peuvent laisser libre cours \u00e0 leur cr\u00e9ativit\u00e9. D\u00e9corez 4 cartes \u00e0 broder joyeuses en enfilant et en brodant des perles de verre color\u00e9es. Une [&hellip;]\" \/>\n<meta property=\"og:url\" content=\"https:\/\/ses-creative.com\/fr\/produit\/cartes-a-broder-en-perles-de-verre\/\" \/>\n<meta property=\"og:site_name\" content=\"SES Creative\" \/>\n<meta property=\"article:modified_time\" content=\"2026-02-12T10:23:12+00:00\" \/>\n<meta name=\"twitter:card\" content=\"summary_large_image\" \/>\n<meta name=\"twitter:label1\" content=\"Dur\u00e9e de lecture estim\u00e9e\" \/>\n\t<meta name=\"twitter:data1\" content=\"1 minute\" \/>\n<script type=\"application\/ld+json\" class=\"yoast-schema-graph\">{\"@context\":\"https:\/\/schema.org\",\"@graph\":[{\"@type\":\"WebPage\",\"@id\":\"https:\/\/ses-creative.com\/fr\/produit\/cartes-a-broder-en-perles-de-verre\/\",\"url\":\"https:\/\/ses-creative.com\/fr\/produit\/cartes-a-broder-en-perles-de-verre\/\",\"name\":\"Cartes \u00e0 broder en perles de verre - SES Creative\",\"isPartOf\":{\"@id\":\"https:\/\/ses-creative.com\/#website\"},\"primaryImageOfPage\":{\"@id\":\"https:\/\/ses-creative.com\/fr\/produit\/cartes-a-broder-en-perles-de-verre\/#primaryimage\"},\"image\":{\"@id\":\"https:\/\/ses-creative.com\/fr\/produit\/cartes-a-broder-en-perles-de-verre\/#primaryimage\"},\"thumbnailUrl\":\"https:\/\/ses-creative.com\/wp-content\/uploads\/2026\/01\/147811.jpg\",\"datePublished\":\"2026-02-12T10:09:45+00:00\",\"dateModified\":\"2026-02-12T10:23:12+00:00\",\"breadcrumb\":{\"@id\":\"https:\/\/ses-creative.com\/fr\/produit\/cartes-a-broder-en-perles-de-verre\/#breadcrumb\"},\"inLanguage\":\"fr-FR\",\"potentialAction\":[{\"@type\":\"ReadAction\",\"target\":[\"https:\/\/ses-creative.com\/fr\/produit\/cartes-a-broder-en-perles-de-verre\/\"]}]},{\"@type\":\"ImageObject\",\"inLanguage\":\"fr-FR\",\"@id\":\"https:\/\/ses-creative.com\/fr\/produit\/cartes-a-broder-en-perles-de-verre\/#primaryimage\",\"url\":\"https:\/\/ses-creative.com\/wp-content\/uploads\/2026\/01\/147811.jpg\",\"contentUrl\":\"https:\/\/ses-creative.com\/wp-content\/uploads\/2026\/01\/147811.jpg\",\"width\":1000,\"height\":1000},{\"@type\":\"BreadcrumbList\",\"@id\":\"https:\/\/ses-creative.com\/fr\/produit\/cartes-a-broder-en-perles-de-verre\/#breadcrumb\",\"itemListElement\":[{\"@type\":\"ListItem\",\"position\":1,\"name\":\"Boutique\",\"item\":\"https:\/\/ses-creative.com\/fr\/boutique\/\"},{\"@type\":\"ListItem\",\"position\":2,\"name\":\"Loisirs cr\u00e9atifs\",\"item\":\"https:\/\/ses-creative.com\/fr\/product-categorie\/loisirs-creatifs\/\"},{\"@type\":\"ListItem\",\"position\":3,\"name\":\"Cartes \u00e0 broder en perles de verre\"}]},{\"@type\":\"WebSite\",\"@id\":\"https:\/\/ses-creative.com\/#website\",\"url\":\"https:\/\/ses-creative.com\/\",\"name\":\"SES Creative\",\"description\":\"\",\"publisher\":{\"@id\":\"https:\/\/ses-creative.com\/#organization\"},\"potentialAction\":[{\"@type\":\"SearchAction\",\"target\":{\"@type\":\"EntryPoint\",\"urlTemplate\":\"https:\/\/ses-creative.com\/?s={search_term_string}\"},\"query-input\":{\"@type\":\"PropertyValueSpecification\",\"valueRequired\":true,\"valueName\":\"search_term_string\"}}],\"inLanguage\":\"fr-FR\"},{\"@type\":\"Organization\",\"@id\":\"https:\/\/ses-creative.com\/#organization\",\"name\":\"SES Creative\",\"url\":\"https:\/\/ses-creative.com\/\",\"logo\":{\"@type\":\"ImageObject\",\"inLanguage\":\"fr-FR\",\"@id\":\"https:\/\/ses-creative.com\/#\/schema\/logo\/image\/\",\"url\":\"https:\/\/ses-creative.com\/wp-content\/uploads\/2025\/10\/ses-creative-logo.jpg\",\"contentUrl\":\"https:\/\/ses-creative.com\/wp-content\/uploads\/2025\/10\/ses-creative-logo.jpg\",\"width\":2037,\"height\":2037,\"caption\":\"SES Creative\"},\"image\":{\"@id\":\"https:\/\/ses-creative.com\/#\/schema\/logo\/image\/\"}}]}<\/script>\n<!-- \/ Yoast SEO plugin. -->","yoast_head_json":{"title":"Cartes \u00e0 broder en perles de verre - SES Creative","robots":{"index":"index","follow":"follow","max-snippet":"max-snippet:-1","max-image-preview":"max-image-preview:large","max-video-preview":"max-video-preview:-1"},"canonical":"https:\/\/ses-creative.com\/fr\/produit\/cartes-a-broder-en-perles-de-verre\/","og_locale":"fr_FR","og_type":"article","og_title":"Cartes \u00e0 broder en perles de verre - SES Creative","og_description":"Perles de verre Cartes \u00e0 broder : cr\u00e9ez de magnifiques \u0153uvres d&rsquo;art avec des perles ! Avec le kit Cartes \u00e0 broder avec perles de verre de SES Creative, les enfants peuvent laisser libre cours \u00e0 leur cr\u00e9ativit\u00e9. D\u00e9corez 4 cartes \u00e0 broder joyeuses en enfilant et en brodant des perles de verre color\u00e9es. Une [&hellip;]","og_url":"https:\/\/ses-creative.com\/fr\/produit\/cartes-a-broder-en-perles-de-verre\/","og_site_name":"SES Creative","article_modified_time":"2026-02-12T10:23:12+00:00","twitter_card":"summary_large_image","twitter_misc":{"Dur\u00e9e de lecture estim\u00e9e":"1 minute"},"schema":{"@context":"https:\/\/schema.org","@graph":[{"@type":"WebPage","@id":"https:\/\/ses-creative.com\/fr\/produit\/cartes-a-broder-en-perles-de-verre\/","url":"https:\/\/ses-creative.com\/fr\/produit\/cartes-a-broder-en-perles-de-verre\/","name":"Cartes \u00e0 broder en perles de verre - SES Creative","isPartOf":{"@id":"https:\/\/ses-creative.com\/#website"},"primaryImageOfPage":{"@id":"https:\/\/ses-creative.com\/fr\/produit\/cartes-a-broder-en-perles-de-verre\/#primaryimage"},"image":{"@id":"https:\/\/ses-creative.com\/fr\/produit\/cartes-a-broder-en-perles-de-verre\/#primaryimage"},"thumbnailUrl":"https:\/\/ses-creative.com\/wp-content\/uploads\/2026\/01\/147811.jpg","datePublished":"2026-02-12T10:09:45+00:00","dateModified":"2026-02-12T10:23:12+00:00","breadcrumb":{"@id":"https:\/\/ses-creative.com\/fr\/produit\/cartes-a-broder-en-perles-de-verre\/#breadcrumb"},"inLanguage":"fr-FR","potentialAction":[{"@type":"ReadAction","target":["https:\/\/ses-creative.com\/fr\/produit\/cartes-a-broder-en-perles-de-verre\/"]}]},{"@type":"ImageObject","inLanguage":"fr-FR","@id":"https:\/\/ses-creative.com\/fr\/produit\/cartes-a-broder-en-perles-de-verre\/#primaryimage","url":"https:\/\/ses-creative.com\/wp-content\/uploads\/2026\/01\/147811.jpg","contentUrl":"https:\/\/ses-creative.com\/wp-content\/uploads\/2026\/01\/147811.jpg","width":1000,"height":1000},{"@type":"BreadcrumbList","@id":"https:\/\/ses-creative.com\/fr\/produit\/cartes-a-broder-en-perles-de-verre\/#breadcrumb","itemListElement":[{"@type":"ListItem","position":1,"name":"Boutique","item":"https:\/\/ses-creative.com\/fr\/boutique\/"},{"@type":"ListItem","position":2,"name":"Loisirs cr\u00e9atifs","item":"https:\/\/ses-creative.com\/fr\/product-categorie\/loisirs-creatifs\/"},{"@type":"ListItem","position":3,"name":"Cartes \u00e0 broder en perles de verre"}]},{"@type":"WebSite","@id":"https:\/\/ses-creative.com\/#website","url":"https:\/\/ses-creative.com\/","name":"SES Creative","description":"","publisher":{"@id":"https:\/\/ses-creative.com\/#organization"},"potentialAction":[{"@type":"SearchAction","target":{"@type":"EntryPoint","urlTemplate":"https:\/\/ses-creative.com\/?s={search_term_string}"},"query-input":{"@type":"PropertyValueSpecification","valueRequired":true,"valueName":"search_term_string"}}],"inLanguage":"fr-FR"},{"@type":"Organization","@id":"https:\/\/ses-creative.com\/#organization","name":"SES Creative","url":"https:\/\/ses-creative.com\/","logo":{"@type":"ImageObject","inLanguage":"fr-FR","@id":"https:\/\/ses-creative.com\/#\/schema\/logo\/image\/","url":"https:\/\/ses-creative.com\/wp-content\/uploads\/2025\/10\/ses-creative-logo.jpg","contentUrl":"https:\/\/ses-creative.com\/wp-content\/uploads\/2025\/10\/ses-creative-logo.jpg","width":2037,"height":2037,"caption":"SES Creative"},"image":{"@id":"https:\/\/ses-creative.com\/#\/schema\/logo\/image\/"}}]}},"_links":{"self":[{"href":"https:\/\/ses-creative.com\/fr\/wp-json\/wp\/v2\/product\/118432","targetHints":{"allow":["GET"]}}],"collection":[{"href":"https:\/\/ses-creative.com\/fr\/wp-json\/wp\/v2\/product"}],"about":[{"href":"https:\/\/ses-creative.com\/fr\/wp-json\/wp\/v2\/types\/product"}],"replies":[{"embeddable":true,"href":"https:\/\/ses-creative.com\/fr\/wp-json\/wp\/v2\/comments?post=118432"}],"wp:featuredmedia":[{"embeddable":true,"href":"https:\/\/ses-creative.com\/fr\/wp-json\/wp\/v2\/media\/95520"}],"wp:attachment":[{"href":"https:\/\/ses-creative.com\/fr\/wp-json\/wp\/v2\/media?parent=118432"}],"wp:term":[{"taxonomy":"product_brand","embeddable":true,"href":"https:\/\/ses-creative.com\/fr\/wp-json\/wp\/v2\/product_brand?post=118432"},{"taxonomy":"product_cat","embeddable":true,"href":"https:\/\/ses-creative.com\/fr\/wp-json\/wp\/v2\/product_cat?post=118432"},{"taxonomy":"product_tag","embeddable":true,"href":"https:\/\/ses-creative.com\/fr\/wp-json\/wp\/v2\/product_tag?post=118432"}],"curies":[{"name":"wp","href":"https:\/\/api.w.org\/{rel}","templated":true}]}}