











{"id":118431,"date":"2026-02-12T10:09:45","date_gmt":"2026-02-12T10:09:45","guid":{"rendered":"https:\/\/ses-creative.com\/?post_type=product&#038;p=118431"},"modified":"2026-02-12T10:23:12","modified_gmt":"2026-02-12T10:23:12","slug":"sel-de-bain-galaxie","status":"publish","type":"product","link":"https:\/\/ses-creative.com\/fr\/produit\/sel-de-bain-galaxie\/","title":{"rendered":"Sel de bain Galaxie"},"content":{"rendered":"<p>Galaxy \u2013 Laboratoire de sels de bain<\/p>\n<p>Transformez l&rsquo;heure du bain en un moment magique avec le kit Galaxy Lab de sels de bain de SES Creative ! Ce kit color\u00e9 et parfum\u00e9 vous permet de cr\u00e9er vos propres sels de bain inspir\u00e9s de la galaxie. Id\u00e9al pour les enfants \u00e0 partir de 8 ans qui aiment exp\u00e9rimenter, faire preuve de cr\u00e9ativit\u00e9 et r\u00e9aliser leurs propres cr\u00e9ations uniques.<\/p>\n<p>Ce qui rend ce kit g\u00e9nial<\/p>\n<p>M\u00e9langez les couleurs et les parfums pour cr\u00e9er des sels de bain uniques<br \/>\nParfums rouge, jaune et bleu inclus<br \/>\nFlacon de rangement en forme d&rsquo;\u00e9toile pour une pr\u00e9sentation magique<br \/>\nStimule la cr\u00e9ativit\u00e9, l&rsquo;exp\u00e9rimentation et la motricit\u00e9 fine<br \/>\nS\u00fbr, test\u00e9 cosm\u00e9tiquement et facile \u00e0 laver<\/p>\n<p>Cr\u00e9ez vos sels de bain magiques<br \/>\nGr\u00e2ce au gobelet doseur, aux pipettes et aux agitateurs fournis, vous pouvez travailler avec pr\u00e9cision et facilit\u00e9. M\u00e9langez les parfums pour obtenir des senteurs d\u00e9licieuses, jouez avec les combinaisons de couleurs et versez votre cr\u00e9ation dans le flacon en forme d&rsquo;\u00e9toile. Fermez le bouchon en li\u00e8ge, d\u00e9corez avec des autocollants paillet\u00e9s et un ruban, et vous obtenez une magnifique \u0153uvre d&rsquo;art parfum\u00e9e.<\/p>\n<p>Contenu du kit<\/p>\n<p>Parfum rouge (5 ml)<br \/>\nParfum jaune (5 ml)<br \/>\nParfum bleu (5 ml)<br \/>\nVerre doseur<br \/>\nPipettes<br \/>\nAgitateurs<br \/>\nFlacon de conservation en forme d&rsquo;\u00e9toile avec bouchon en li\u00e8ge<br \/>\nAutocollants paillet\u00e9s<br \/>\nRuban<\/p>\n<p>Pourquoi choisir SES Creative<br \/>\nChez SES Creative, nous accordons une grande importance \u00e0 la s\u00e9curit\u00e9. C&rsquo;est pourquoi nos produits sont fabriqu\u00e9s et test\u00e9s dans notre usine aux Pays-Bas, conform\u00e9ment aux normes de s\u00e9curit\u00e9 europ\u00e9ennes les plus strictes. Les jouets SES Creative sont source de plaisir et permettent aux enfants d&rsquo;\u00eatre fiers de leur travail, ce qui stimule leur cr\u00e9ativit\u00e9 et leur d\u00e9veloppement.<\/p>\n<p>Commencez d\u00e8s aujourd&rsquo;hui avec votre Galaxy Badzout Lab<br \/>\nLib\u00e9rez votre cr\u00e9ativit\u00e9, exp\u00e9rimentez avec les couleurs et les parfums, et transformez l&rsquo;heure du bain en une aventure cosmique !<\/p>\n","protected":false},"excerpt":{"rendered":"<p>Galaxy \u2013 Laboratoire de sels de bain Transformez l&rsquo;heure du bain en un moment magique avec le kit Galaxy Lab de sels de bain de SES Creative ! Ce kit color\u00e9 et parfum\u00e9 vous permet de cr\u00e9er vos propres sels de bain inspir\u00e9s de la galaxie. Id\u00e9al pour les enfants \u00e0 partir de 8 ans [&hellip;]<\/p>\n","protected":false},"featured_media":104676,"comment_status":"closed","ping_status":"closed","template":"","meta":{"_acf_changed":false},"product_brand":[],"product_cat":[122],"product_tag":[],"class_list":{"0":"post-118431","1":"product","2":"type-product","3":"status-publish","4":"has-post-thumbnail","6":"product_cat-loisirs-creatifs","7":"pa_leeftijd-filter-6-ans","8":"pa_meest-populair-bij-filles","10":"first","11":"instock","12":"shipping-taxable","13":"product-type-simple"},"acf":[],"yoast_head":"<!-- This site is optimized with the Yoast SEO plugin v27.2 - https:\/\/yoast.com\/product\/yoast-seo-wordpress\/ -->\n<title>Sel de bain Galaxie - SES Creative<\/title>\n<meta name=\"robots\" content=\"index, follow, max-snippet:-1, max-image-preview:large, max-video-preview:-1\" \/>\n<link rel=\"canonical\" href=\"https:\/\/ses-creative.com\/fr\/produit\/sel-de-bain-galaxie\/\" \/>\n<meta property=\"og:locale\" content=\"fr_FR\" \/>\n<meta property=\"og:type\" content=\"article\" \/>\n<meta property=\"og:title\" content=\"Sel de bain Galaxie - SES Creative\" \/>\n<meta property=\"og:description\" content=\"Galaxy \u2013 Laboratoire de sels de bain Transformez l&rsquo;heure du bain en un moment magique avec le kit Galaxy Lab de sels de bain de SES Creative ! Ce kit color\u00e9 et parfum\u00e9 vous permet de cr\u00e9er vos propres sels de bain inspir\u00e9s de la galaxie. Id\u00e9al pour les enfants \u00e0 partir de 8 ans [&hellip;]\" \/>\n<meta property=\"og:url\" content=\"https:\/\/ses-creative.com\/fr\/produit\/sel-de-bain-galaxie\/\" \/>\n<meta property=\"og:site_name\" content=\"SES Creative\" \/>\n<meta property=\"article:modified_time\" content=\"2026-02-12T10:23:12+00:00\" \/>\n<meta name=\"twitter:card\" content=\"summary_large_image\" \/>\n<meta name=\"twitter:label1\" content=\"Dur\u00e9e de lecture estim\u00e9e\" \/>\n\t<meta name=\"twitter:data1\" content=\"2 minutes\" \/>\n<script type=\"application\/ld+json\" class=\"yoast-schema-graph\">{\"@context\":\"https:\/\/schema.org\",\"@graph\":[{\"@type\":\"WebPage\",\"@id\":\"https:\/\/ses-creative.com\/fr\/produit\/sel-de-bain-galaxie\/\",\"url\":\"https:\/\/ses-creative.com\/fr\/produit\/sel-de-bain-galaxie\/\",\"name\":\"Sel de bain Galaxie - SES Creative\",\"isPartOf\":{\"@id\":\"https:\/\/ses-creative.com\/#website\"},\"primaryImageOfPage\":{\"@id\":\"https:\/\/ses-creative.com\/fr\/produit\/sel-de-bain-galaxie\/#primaryimage\"},\"image\":{\"@id\":\"https:\/\/ses-creative.com\/fr\/produit\/sel-de-bain-galaxie\/#primaryimage\"},\"thumbnailUrl\":\"https:\/\/ses-creative.com\/wp-content\/uploads\/2026\/01\/147751.jpg\",\"datePublished\":\"2026-02-12T10:09:45+00:00\",\"dateModified\":\"2026-02-12T10:23:12+00:00\",\"breadcrumb\":{\"@id\":\"https:\/\/ses-creative.com\/fr\/produit\/sel-de-bain-galaxie\/#breadcrumb\"},\"inLanguage\":\"fr-FR\",\"potentialAction\":[{\"@type\":\"ReadAction\",\"target\":[\"https:\/\/ses-creative.com\/fr\/produit\/sel-de-bain-galaxie\/\"]}]},{\"@type\":\"ImageObject\",\"inLanguage\":\"fr-FR\",\"@id\":\"https:\/\/ses-creative.com\/fr\/produit\/sel-de-bain-galaxie\/#primaryimage\",\"url\":\"https:\/\/ses-creative.com\/wp-content\/uploads\/2026\/01\/147751.jpg\",\"contentUrl\":\"https:\/\/ses-creative.com\/wp-content\/uploads\/2026\/01\/147751.jpg\",\"width\":1000,\"height\":1000},{\"@type\":\"BreadcrumbList\",\"@id\":\"https:\/\/ses-creative.com\/fr\/produit\/sel-de-bain-galaxie\/#breadcrumb\",\"itemListElement\":[{\"@type\":\"ListItem\",\"position\":1,\"name\":\"Boutique\",\"item\":\"https:\/\/ses-creative.com\/fr\/boutique\/\"},{\"@type\":\"ListItem\",\"position\":2,\"name\":\"Loisirs cr\u00e9atifs\",\"item\":\"https:\/\/ses-creative.com\/fr\/product-categorie\/loisirs-creatifs\/\"},{\"@type\":\"ListItem\",\"position\":3,\"name\":\"Sel de bain Galaxie\"}]},{\"@type\":\"WebSite\",\"@id\":\"https:\/\/ses-creative.com\/#website\",\"url\":\"https:\/\/ses-creative.com\/\",\"name\":\"SES Creative\",\"description\":\"\",\"publisher\":{\"@id\":\"https:\/\/ses-creative.com\/#organization\"},\"potentialAction\":[{\"@type\":\"SearchAction\",\"target\":{\"@type\":\"EntryPoint\",\"urlTemplate\":\"https:\/\/ses-creative.com\/?s={search_term_string}\"},\"query-input\":{\"@type\":\"PropertyValueSpecification\",\"valueRequired\":true,\"valueName\":\"search_term_string\"}}],\"inLanguage\":\"fr-FR\"},{\"@type\":\"Organization\",\"@id\":\"https:\/\/ses-creative.com\/#organization\",\"name\":\"SES Creative\",\"url\":\"https:\/\/ses-creative.com\/\",\"logo\":{\"@type\":\"ImageObject\",\"inLanguage\":\"fr-FR\",\"@id\":\"https:\/\/ses-creative.com\/#\/schema\/logo\/image\/\",\"url\":\"https:\/\/ses-creative.com\/wp-content\/uploads\/2025\/10\/ses-creative-logo.jpg\",\"contentUrl\":\"https:\/\/ses-creative.com\/wp-content\/uploads\/2025\/10\/ses-creative-logo.jpg\",\"width\":2037,\"height\":2037,\"caption\":\"SES Creative\"},\"image\":{\"@id\":\"https:\/\/ses-creative.com\/#\/schema\/logo\/image\/\"}}]}<\/script>\n<!-- \/ Yoast SEO plugin. -->","yoast_head_json":{"title":"Sel de bain Galaxie - SES Creative","robots":{"index":"index","follow":"follow","max-snippet":"max-snippet:-1","max-image-preview":"max-image-preview:large","max-video-preview":"max-video-preview:-1"},"canonical":"https:\/\/ses-creative.com\/fr\/produit\/sel-de-bain-galaxie\/","og_locale":"fr_FR","og_type":"article","og_title":"Sel de bain Galaxie - SES Creative","og_description":"Galaxy \u2013 Laboratoire de sels de bain Transformez l&rsquo;heure du bain en un moment magique avec le kit Galaxy Lab de sels de bain de SES Creative ! Ce kit color\u00e9 et parfum\u00e9 vous permet de cr\u00e9er vos propres sels de bain inspir\u00e9s de la galaxie. Id\u00e9al pour les enfants \u00e0 partir de 8 ans [&hellip;]","og_url":"https:\/\/ses-creative.com\/fr\/produit\/sel-de-bain-galaxie\/","og_site_name":"SES Creative","article_modified_time":"2026-02-12T10:23:12+00:00","twitter_card":"summary_large_image","twitter_misc":{"Dur\u00e9e de lecture estim\u00e9e":"2 minutes"},"schema":{"@context":"https:\/\/schema.org","@graph":[{"@type":"WebPage","@id":"https:\/\/ses-creative.com\/fr\/produit\/sel-de-bain-galaxie\/","url":"https:\/\/ses-creative.com\/fr\/produit\/sel-de-bain-galaxie\/","name":"Sel de bain Galaxie - SES Creative","isPartOf":{"@id":"https:\/\/ses-creative.com\/#website"},"primaryImageOfPage":{"@id":"https:\/\/ses-creative.com\/fr\/produit\/sel-de-bain-galaxie\/#primaryimage"},"image":{"@id":"https:\/\/ses-creative.com\/fr\/produit\/sel-de-bain-galaxie\/#primaryimage"},"thumbnailUrl":"https:\/\/ses-creative.com\/wp-content\/uploads\/2026\/01\/147751.jpg","datePublished":"2026-02-12T10:09:45+00:00","dateModified":"2026-02-12T10:23:12+00:00","breadcrumb":{"@id":"https:\/\/ses-creative.com\/fr\/produit\/sel-de-bain-galaxie\/#breadcrumb"},"inLanguage":"fr-FR","potentialAction":[{"@type":"ReadAction","target":["https:\/\/ses-creative.com\/fr\/produit\/sel-de-bain-galaxie\/"]}]},{"@type":"ImageObject","inLanguage":"fr-FR","@id":"https:\/\/ses-creative.com\/fr\/produit\/sel-de-bain-galaxie\/#primaryimage","url":"https:\/\/ses-creative.com\/wp-content\/uploads\/2026\/01\/147751.jpg","contentUrl":"https:\/\/ses-creative.com\/wp-content\/uploads\/2026\/01\/147751.jpg","width":1000,"height":1000},{"@type":"BreadcrumbList","@id":"https:\/\/ses-creative.com\/fr\/produit\/sel-de-bain-galaxie\/#breadcrumb","itemListElement":[{"@type":"ListItem","position":1,"name":"Boutique","item":"https:\/\/ses-creative.com\/fr\/boutique\/"},{"@type":"ListItem","position":2,"name":"Loisirs cr\u00e9atifs","item":"https:\/\/ses-creative.com\/fr\/product-categorie\/loisirs-creatifs\/"},{"@type":"ListItem","position":3,"name":"Sel de bain Galaxie"}]},{"@type":"WebSite","@id":"https:\/\/ses-creative.com\/#website","url":"https:\/\/ses-creative.com\/","name":"SES Creative","description":"","publisher":{"@id":"https:\/\/ses-creative.com\/#organization"},"potentialAction":[{"@type":"SearchAction","target":{"@type":"EntryPoint","urlTemplate":"https:\/\/ses-creative.com\/?s={search_term_string}"},"query-input":{"@type":"PropertyValueSpecification","valueRequired":true,"valueName":"search_term_string"}}],"inLanguage":"fr-FR"},{"@type":"Organization","@id":"https:\/\/ses-creative.com\/#organization","name":"SES Creative","url":"https:\/\/ses-creative.com\/","logo":{"@type":"ImageObject","inLanguage":"fr-FR","@id":"https:\/\/ses-creative.com\/#\/schema\/logo\/image\/","url":"https:\/\/ses-creative.com\/wp-content\/uploads\/2025\/10\/ses-creative-logo.jpg","contentUrl":"https:\/\/ses-creative.com\/wp-content\/uploads\/2025\/10\/ses-creative-logo.jpg","width":2037,"height":2037,"caption":"SES Creative"},"image":{"@id":"https:\/\/ses-creative.com\/#\/schema\/logo\/image\/"}}]}},"_links":{"self":[{"href":"https:\/\/ses-creative.com\/fr\/wp-json\/wp\/v2\/product\/118431","targetHints":{"allow":["GET"]}}],"collection":[{"href":"https:\/\/ses-creative.com\/fr\/wp-json\/wp\/v2\/product"}],"about":[{"href":"https:\/\/ses-creative.com\/fr\/wp-json\/wp\/v2\/types\/product"}],"replies":[{"embeddable":true,"href":"https:\/\/ses-creative.com\/fr\/wp-json\/wp\/v2\/comments?post=118431"}],"wp:featuredmedia":[{"embeddable":true,"href":"https:\/\/ses-creative.com\/fr\/wp-json\/wp\/v2\/media\/104676"}],"wp:attachment":[{"href":"https:\/\/ses-creative.com\/fr\/wp-json\/wp\/v2\/media?parent=118431"}],"wp:term":[{"taxonomy":"product_brand","embeddable":true,"href":"https:\/\/ses-creative.com\/fr\/wp-json\/wp\/v2\/product_brand?post=118431"},{"taxonomy":"product_cat","embeddable":true,"href":"https:\/\/ses-creative.com\/fr\/wp-json\/wp\/v2\/product_cat?post=118431"},{"taxonomy":"product_tag","embeddable":true,"href":"https:\/\/ses-creative.com\/fr\/wp-json\/wp\/v2\/product_tag?post=118431"}],"curies":[{"name":"wp","href":"https:\/\/api.w.org\/{rel}","templated":true}]}}