











{"id":118429,"date":"2026-02-12T10:09:44","date_gmt":"2026-02-12T10:09:44","guid":{"rendered":"https:\/\/ses-creative.com\/?post_type=product&#038;p=118429"},"modified":"2026-02-12T10:23:12","modified_gmt":"2026-02-12T10:23:12","slug":"ensemble-de-perles-bijoux-galaxie","status":"publish","type":"product","link":"https:\/\/ses-creative.com\/fr\/produit\/ensemble-de-perles-bijoux-galaxie\/","title":{"rendered":"Ensemble de perles bijoux galaxie"},"content":{"rendered":"<p>Galaxy \u2013 Kit de bijoux<\/p>\n<p>Cr\u00e9ez des bijoux extraordinaires avec le kit de bijoux Galaxy de SES Creative ! Ce kit de perles enchanteur, inspir\u00e9 par la galaxie, contient des perles phosphorescentes et des breloques magiques en forme de licorne. Parfait pour les enfants \u00e0 partir de 3 ans qui aiment \u00eatre cr\u00e9atifs et veulent fabriquer leurs propres accessoires uniques.<\/p>\n<p>Ce qui rend ce kit g\u00e9nial<\/p>\n<p>Des perles en forme d&rsquo;\u00e9toile qui brillent dans le noir<br \/>\nComprend 4 breloques licorne galaxie pour une touche magique<br \/>\nPerles nacr\u00e9es aux magnifiques couleurs galaxie<br \/>\nFil \u00e9lastique transparent et bleu pour un enfilage facile<br \/>\nStimule la cr\u00e9ativit\u00e9, la motricit\u00e9 fine et le jeu imaginatif<\/p>\n<p>Cr\u00e9ez des bijoux qui brillent comme les \u00e9toiles<br \/>\nAvec le kit de bijoux Galaxy, vous pouvez cr\u00e9er des bracelets et des colliers qui se d\u00e9marquent vraiment. M\u00e9langez et assortissez les perles et les breloques scintillantes pour cr\u00e9er des designs qui vous correspondent parfaitement. Que vous optiez pour des cr\u00e9ations color\u00e9es et voyantes ou des accessoires subtils et scintillants, ce kit offre des possibilit\u00e9s infinies.<\/p>\n<p>Contenu du kit<\/p>\n<p>Bo\u00eete de rangement avec 12 compartiments<br \/>\nPerles en forme d&rsquo;\u00e9toile phosphorescentes<br \/>\nPerles nacr\u00e9es aux couleurs de la galaxie<br \/>\n4 breloques licorne galaxie<br \/>\nFil \u00e9lastique transparent<br \/>\nFil \u00e9lastique bleu<\/p>\n<p>Pourquoi choisir SES Creative<br \/>\nChez SES Creative, nous accordons une grande importance \u00e0 la s\u00e9curit\u00e9. C&rsquo;est pourquoi nos produits sont fabriqu\u00e9s et test\u00e9s dans notre usine aux Pays-Bas, conform\u00e9ment aux normes de s\u00e9curit\u00e9 europ\u00e9ennes les plus strictes. Les jouets SES Creative sont source de plaisir et permettent aux enfants d&rsquo;\u00eatre fiers de leur travail, ce qui stimule leur cr\u00e9ativit\u00e9 et leur d\u00e9veloppement.<\/p>\n<p>Commencez d\u00e8s aujourd&rsquo;hui \u00e0 cr\u00e9er vos bijoux galactiques<br \/>\nLaissez libre cours \u00e0 votre cr\u00e9ativit\u00e9 et concevez des bijoux qui sortent de l&rsquo;ordinaire !<\/p>\n","protected":false},"excerpt":{"rendered":"<p>Galaxy \u2013 Kit de bijoux Cr\u00e9ez des bijoux extraordinaires avec le kit de bijoux Galaxy de SES Creative ! Ce kit de perles enchanteur, inspir\u00e9 par la galaxie, contient des perles phosphorescentes et des breloques magiques en forme de licorne. Parfait pour les enfants \u00e0 partir de 3 ans qui aiment \u00eatre cr\u00e9atifs et veulent [&hellip;]<\/p>\n","protected":false},"featured_media":104636,"comment_status":"closed","ping_status":"closed","template":"","meta":{"_acf_changed":false},"product_brand":[],"product_cat":[122],"product_tag":[],"class_list":{"0":"post-118429","1":"product","2":"type-product","3":"status-publish","4":"has-post-thumbnail","6":"product_cat-loisirs-creatifs","7":"pa_leeftijd-filter-3-4-ans","8":"pa_meest-populair-bij-filles","10":"first","11":"instock","12":"shipping-taxable","13":"product-type-simple"},"acf":[],"yoast_head":"<!-- This site is optimized with the Yoast SEO plugin v27.2 - https:\/\/yoast.com\/product\/yoast-seo-wordpress\/ -->\n<title>Ensemble de perles bijoux galaxie - SES Creative<\/title>\n<meta name=\"robots\" content=\"index, follow, max-snippet:-1, max-image-preview:large, max-video-preview:-1\" \/>\n<link rel=\"canonical\" href=\"https:\/\/ses-creative.com\/fr\/produit\/ensemble-de-perles-bijoux-galaxie\/\" \/>\n<meta property=\"og:locale\" content=\"fr_FR\" \/>\n<meta property=\"og:type\" content=\"article\" \/>\n<meta property=\"og:title\" content=\"Ensemble de perles bijoux galaxie - SES Creative\" \/>\n<meta property=\"og:description\" content=\"Galaxy \u2013 Kit de bijoux Cr\u00e9ez des bijoux extraordinaires avec le kit de bijoux Galaxy de SES Creative ! Ce kit de perles enchanteur, inspir\u00e9 par la galaxie, contient des perles phosphorescentes et des breloques magiques en forme de licorne. Parfait pour les enfants \u00e0 partir de 3 ans qui aiment \u00eatre cr\u00e9atifs et veulent [&hellip;]\" \/>\n<meta property=\"og:url\" content=\"https:\/\/ses-creative.com\/fr\/produit\/ensemble-de-perles-bijoux-galaxie\/\" \/>\n<meta property=\"og:site_name\" content=\"SES Creative\" \/>\n<meta property=\"article:modified_time\" content=\"2026-02-12T10:23:12+00:00\" \/>\n<meta name=\"twitter:card\" content=\"summary_large_image\" \/>\n<meta name=\"twitter:label1\" content=\"Dur\u00e9e de lecture estim\u00e9e\" \/>\n\t<meta name=\"twitter:data1\" content=\"2 minutes\" \/>\n<script type=\"application\/ld+json\" class=\"yoast-schema-graph\">{\"@context\":\"https:\/\/schema.org\",\"@graph\":[{\"@type\":\"WebPage\",\"@id\":\"https:\/\/ses-creative.com\/fr\/produit\/ensemble-de-perles-bijoux-galaxie\/\",\"url\":\"https:\/\/ses-creative.com\/fr\/produit\/ensemble-de-perles-bijoux-galaxie\/\",\"name\":\"Ensemble de perles bijoux galaxie - SES Creative\",\"isPartOf\":{\"@id\":\"https:\/\/ses-creative.com\/#website\"},\"primaryImageOfPage\":{\"@id\":\"https:\/\/ses-creative.com\/fr\/produit\/ensemble-de-perles-bijoux-galaxie\/#primaryimage\"},\"image\":{\"@id\":\"https:\/\/ses-creative.com\/fr\/produit\/ensemble-de-perles-bijoux-galaxie\/#primaryimage\"},\"thumbnailUrl\":\"https:\/\/ses-creative.com\/wp-content\/uploads\/2026\/01\/147731.jpg\",\"datePublished\":\"2026-02-12T10:09:44+00:00\",\"dateModified\":\"2026-02-12T10:23:12+00:00\",\"breadcrumb\":{\"@id\":\"https:\/\/ses-creative.com\/fr\/produit\/ensemble-de-perles-bijoux-galaxie\/#breadcrumb\"},\"inLanguage\":\"fr-FR\",\"potentialAction\":[{\"@type\":\"ReadAction\",\"target\":[\"https:\/\/ses-creative.com\/fr\/produit\/ensemble-de-perles-bijoux-galaxie\/\"]}]},{\"@type\":\"ImageObject\",\"inLanguage\":\"fr-FR\",\"@id\":\"https:\/\/ses-creative.com\/fr\/produit\/ensemble-de-perles-bijoux-galaxie\/#primaryimage\",\"url\":\"https:\/\/ses-creative.com\/wp-content\/uploads\/2026\/01\/147731.jpg\",\"contentUrl\":\"https:\/\/ses-creative.com\/wp-content\/uploads\/2026\/01\/147731.jpg\",\"width\":1000,\"height\":1000},{\"@type\":\"BreadcrumbList\",\"@id\":\"https:\/\/ses-creative.com\/fr\/produit\/ensemble-de-perles-bijoux-galaxie\/#breadcrumb\",\"itemListElement\":[{\"@type\":\"ListItem\",\"position\":1,\"name\":\"Boutique\",\"item\":\"https:\/\/ses-creative.com\/fr\/boutique\/\"},{\"@type\":\"ListItem\",\"position\":2,\"name\":\"Loisirs cr\u00e9atifs\",\"item\":\"https:\/\/ses-creative.com\/fr\/product-categorie\/loisirs-creatifs\/\"},{\"@type\":\"ListItem\",\"position\":3,\"name\":\"Ensemble de perles bijoux galaxie\"}]},{\"@type\":\"WebSite\",\"@id\":\"https:\/\/ses-creative.com\/#website\",\"url\":\"https:\/\/ses-creative.com\/\",\"name\":\"SES Creative\",\"description\":\"\",\"publisher\":{\"@id\":\"https:\/\/ses-creative.com\/#organization\"},\"potentialAction\":[{\"@type\":\"SearchAction\",\"target\":{\"@type\":\"EntryPoint\",\"urlTemplate\":\"https:\/\/ses-creative.com\/?s={search_term_string}\"},\"query-input\":{\"@type\":\"PropertyValueSpecification\",\"valueRequired\":true,\"valueName\":\"search_term_string\"}}],\"inLanguage\":\"fr-FR\"},{\"@type\":\"Organization\",\"@id\":\"https:\/\/ses-creative.com\/#organization\",\"name\":\"SES Creative\",\"url\":\"https:\/\/ses-creative.com\/\",\"logo\":{\"@type\":\"ImageObject\",\"inLanguage\":\"fr-FR\",\"@id\":\"https:\/\/ses-creative.com\/#\/schema\/logo\/image\/\",\"url\":\"https:\/\/ses-creative.com\/wp-content\/uploads\/2025\/10\/ses-creative-logo.jpg\",\"contentUrl\":\"https:\/\/ses-creative.com\/wp-content\/uploads\/2025\/10\/ses-creative-logo.jpg\",\"width\":2037,\"height\":2037,\"caption\":\"SES Creative\"},\"image\":{\"@id\":\"https:\/\/ses-creative.com\/#\/schema\/logo\/image\/\"}}]}<\/script>\n<!-- \/ Yoast SEO plugin. -->","yoast_head_json":{"title":"Ensemble de perles bijoux galaxie - SES Creative","robots":{"index":"index","follow":"follow","max-snippet":"max-snippet:-1","max-image-preview":"max-image-preview:large","max-video-preview":"max-video-preview:-1"},"canonical":"https:\/\/ses-creative.com\/fr\/produit\/ensemble-de-perles-bijoux-galaxie\/","og_locale":"fr_FR","og_type":"article","og_title":"Ensemble de perles bijoux galaxie - SES Creative","og_description":"Galaxy \u2013 Kit de bijoux Cr\u00e9ez des bijoux extraordinaires avec le kit de bijoux Galaxy de SES Creative ! Ce kit de perles enchanteur, inspir\u00e9 par la galaxie, contient des perles phosphorescentes et des breloques magiques en forme de licorne. Parfait pour les enfants \u00e0 partir de 3 ans qui aiment \u00eatre cr\u00e9atifs et veulent [&hellip;]","og_url":"https:\/\/ses-creative.com\/fr\/produit\/ensemble-de-perles-bijoux-galaxie\/","og_site_name":"SES Creative","article_modified_time":"2026-02-12T10:23:12+00:00","twitter_card":"summary_large_image","twitter_misc":{"Dur\u00e9e de lecture estim\u00e9e":"2 minutes"},"schema":{"@context":"https:\/\/schema.org","@graph":[{"@type":"WebPage","@id":"https:\/\/ses-creative.com\/fr\/produit\/ensemble-de-perles-bijoux-galaxie\/","url":"https:\/\/ses-creative.com\/fr\/produit\/ensemble-de-perles-bijoux-galaxie\/","name":"Ensemble de perles bijoux galaxie - SES Creative","isPartOf":{"@id":"https:\/\/ses-creative.com\/#website"},"primaryImageOfPage":{"@id":"https:\/\/ses-creative.com\/fr\/produit\/ensemble-de-perles-bijoux-galaxie\/#primaryimage"},"image":{"@id":"https:\/\/ses-creative.com\/fr\/produit\/ensemble-de-perles-bijoux-galaxie\/#primaryimage"},"thumbnailUrl":"https:\/\/ses-creative.com\/wp-content\/uploads\/2026\/01\/147731.jpg","datePublished":"2026-02-12T10:09:44+00:00","dateModified":"2026-02-12T10:23:12+00:00","breadcrumb":{"@id":"https:\/\/ses-creative.com\/fr\/produit\/ensemble-de-perles-bijoux-galaxie\/#breadcrumb"},"inLanguage":"fr-FR","potentialAction":[{"@type":"ReadAction","target":["https:\/\/ses-creative.com\/fr\/produit\/ensemble-de-perles-bijoux-galaxie\/"]}]},{"@type":"ImageObject","inLanguage":"fr-FR","@id":"https:\/\/ses-creative.com\/fr\/produit\/ensemble-de-perles-bijoux-galaxie\/#primaryimage","url":"https:\/\/ses-creative.com\/wp-content\/uploads\/2026\/01\/147731.jpg","contentUrl":"https:\/\/ses-creative.com\/wp-content\/uploads\/2026\/01\/147731.jpg","width":1000,"height":1000},{"@type":"BreadcrumbList","@id":"https:\/\/ses-creative.com\/fr\/produit\/ensemble-de-perles-bijoux-galaxie\/#breadcrumb","itemListElement":[{"@type":"ListItem","position":1,"name":"Boutique","item":"https:\/\/ses-creative.com\/fr\/boutique\/"},{"@type":"ListItem","position":2,"name":"Loisirs cr\u00e9atifs","item":"https:\/\/ses-creative.com\/fr\/product-categorie\/loisirs-creatifs\/"},{"@type":"ListItem","position":3,"name":"Ensemble de perles bijoux galaxie"}]},{"@type":"WebSite","@id":"https:\/\/ses-creative.com\/#website","url":"https:\/\/ses-creative.com\/","name":"SES Creative","description":"","publisher":{"@id":"https:\/\/ses-creative.com\/#organization"},"potentialAction":[{"@type":"SearchAction","target":{"@type":"EntryPoint","urlTemplate":"https:\/\/ses-creative.com\/?s={search_term_string}"},"query-input":{"@type":"PropertyValueSpecification","valueRequired":true,"valueName":"search_term_string"}}],"inLanguage":"fr-FR"},{"@type":"Organization","@id":"https:\/\/ses-creative.com\/#organization","name":"SES Creative","url":"https:\/\/ses-creative.com\/","logo":{"@type":"ImageObject","inLanguage":"fr-FR","@id":"https:\/\/ses-creative.com\/#\/schema\/logo\/image\/","url":"https:\/\/ses-creative.com\/wp-content\/uploads\/2025\/10\/ses-creative-logo.jpg","contentUrl":"https:\/\/ses-creative.com\/wp-content\/uploads\/2025\/10\/ses-creative-logo.jpg","width":2037,"height":2037,"caption":"SES Creative"},"image":{"@id":"https:\/\/ses-creative.com\/#\/schema\/logo\/image\/"}}]}},"_links":{"self":[{"href":"https:\/\/ses-creative.com\/fr\/wp-json\/wp\/v2\/product\/118429","targetHints":{"allow":["GET"]}}],"collection":[{"href":"https:\/\/ses-creative.com\/fr\/wp-json\/wp\/v2\/product"}],"about":[{"href":"https:\/\/ses-creative.com\/fr\/wp-json\/wp\/v2\/types\/product"}],"replies":[{"embeddable":true,"href":"https:\/\/ses-creative.com\/fr\/wp-json\/wp\/v2\/comments?post=118429"}],"wp:featuredmedia":[{"embeddable":true,"href":"https:\/\/ses-creative.com\/fr\/wp-json\/wp\/v2\/media\/104636"}],"wp:attachment":[{"href":"https:\/\/ses-creative.com\/fr\/wp-json\/wp\/v2\/media?parent=118429"}],"wp:term":[{"taxonomy":"product_brand","embeddable":true,"href":"https:\/\/ses-creative.com\/fr\/wp-json\/wp\/v2\/product_brand?post=118429"},{"taxonomy":"product_cat","embeddable":true,"href":"https:\/\/ses-creative.com\/fr\/wp-json\/wp\/v2\/product_cat?post=118429"},{"taxonomy":"product_tag","embeddable":true,"href":"https:\/\/ses-creative.com\/fr\/wp-json\/wp\/v2\/product_tag?post=118429"}],"curies":[{"name":"wp","href":"https:\/\/api.w.org\/{rel}","templated":true}]}}