











{"id":118428,"date":"2026-02-12T10:09:44","date_gmt":"2026-02-12T10:09:44","guid":{"rendered":"https:\/\/ses-creative.com\/?post_type=product&#038;p=118428"},"modified":"2026-02-12T10:23:12","modified_gmt":"2026-02-12T10:23:12","slug":"bijoux-poussiere-detoiles-galaxie","status":"publish","type":"product","link":"https:\/\/ses-creative.com\/fr\/produit\/bijoux-poussiere-detoiles-galaxie\/","title":{"rendered":"Bijoux  poussi\u00e8re d&rsquo;\u00e9toiles &#8211; Galaxie"},"content":{"rendered":"<p>Galaxy \u2013 Stardust Bijoux<\/p>\n<p>Cr\u00e9ez vos propres pendentifs magiques avec le kit de bijoux Galaxy Stardust de SES Creative ! M\u00e9langez des colorants rouges et bleus avec des paillettes dans du coton doux et observez l&rsquo;effet myst\u00e9rieux et scintillant qui se produit. D\u00e9corez les flacons avec un ruban dor\u00e9, une breloque en forme d&rsquo;\u00e9toile et fermez-les avec un v\u00e9ritable bouchon en li\u00e8ge. Parfait pour les enfants \u00e0 partir de 5 ans qui aiment bricoler et cr\u00e9er des bijoux.<\/p>\n<p>Ce qui rend ce kit g\u00e9nial<\/p>\n<p>Effet de couleur magique dans 3 flacons avec bouchon en li\u00e8ge s\u00e9curis\u00e9<br \/>\nCr\u00e9ez des combinaisons uniques en m\u00e9langeant les colorants<br \/>\nComprend de magnifiques breloques en forme d&rsquo;\u00e9toiles et de la colle paillet\u00e9e<br \/>\nUtilisez la pipette pour travailler avec pr\u00e9cision<br \/>\nAgr\u00e9able \u00e0 cr\u00e9er et \u00e0 porter<\/p>\n<p>Cr\u00e9ez vos propres bijoux galaxie<br \/>\nAvec ce kit, vous pouvez cr\u00e9er trois magnifiques pendentifs aussi uniques que vous. Le processus cr\u00e9atif est tout aussi amusant que le r\u00e9sultat final, et les bijoux sont parfaits pour vous-m\u00eame ou pour offrir en cadeau.<\/p>\n<p>Contenu du kit<\/p>\n<p>3 mini-flacons avec bouchon en li\u00e8ge<br \/>\n3 breloques en forme d&rsquo;\u00e9toile<br \/>\n3 crochets de fixation<br \/>\n3 \u0153illets de fixation<br \/>\nColorant rouge (5 ml)<br \/>\nColorant bleu (5 ml)<br \/>\nColle paillet\u00e9e dor\u00e9e<br \/>\nBoulettes de coton<br \/>\nRuban dor\u00e9<br \/>\nPipette<br \/>\nInstructions<\/p>\n<p>Pourquoi choisir SES Creative<br \/>\nChez SES Creative, nous accordons une grande importance \u00e0 la s\u00e9curit\u00e9. C&rsquo;est pourquoi nos produits sont fabriqu\u00e9s et test\u00e9s dans notre usine aux Pays-Bas, conform\u00e9ment aux normes de s\u00e9curit\u00e9 europ\u00e9ennes les plus strictes. Les jouets SES Creative sont source de plaisir et permettent aux enfants d&rsquo;\u00eatre fiers de leur travail, ce qui stimule leur cr\u00e9ativit\u00e9 et leur d\u00e9veloppement.<\/p>\n<p>Commencez d\u00e8s aujourd&rsquo;hui \u00e0 cr\u00e9er vos bijoux Stardust<br \/>\nLaissez libre cours \u00e0 votre cr\u00e9ativit\u00e9 et cr\u00e9ez des bijoux magiques qui enchanteront tout le monde !<\/p>\n","protected":false},"excerpt":{"rendered":"<p>Galaxy \u2013 Stardust Bijoux Cr\u00e9ez vos propres pendentifs magiques avec le kit de bijoux Galaxy Stardust de SES Creative ! M\u00e9langez des colorants rouges et bleus avec des paillettes dans du coton doux et observez l&rsquo;effet myst\u00e9rieux et scintillant qui se produit. D\u00e9corez les flacons avec un ruban dor\u00e9, une breloque en forme d&rsquo;\u00e9toile et [&hellip;]<\/p>\n","protected":false},"featured_media":104616,"comment_status":"closed","ping_status":"closed","template":"","meta":{"_acf_changed":false},"product_brand":[],"product_cat":[122],"product_tag":[],"class_list":{"0":"post-118428","1":"product","2":"type-product","3":"status-publish","4":"has-post-thumbnail","6":"product_cat-loisirs-creatifs","7":"pa_leeftijd-filter-4-6-ans","8":"pa_meest-populair-bij-filles","10":"first","11":"instock","12":"shipping-taxable","13":"product-type-simple"},"acf":[],"yoast_head":"<!-- This site is optimized with the Yoast SEO plugin v27.2 - https:\/\/yoast.com\/product\/yoast-seo-wordpress\/ -->\n<title>Bijoux poussi\u00e8re d&#039;\u00e9toiles - Galaxie - SES Creative<\/title>\n<meta name=\"robots\" content=\"index, follow, max-snippet:-1, max-image-preview:large, max-video-preview:-1\" \/>\n<link rel=\"canonical\" href=\"https:\/\/ses-creative.com\/fr\/produit\/bijoux-poussiere-detoiles-galaxie\/\" \/>\n<meta property=\"og:locale\" content=\"fr_FR\" \/>\n<meta property=\"og:type\" content=\"article\" \/>\n<meta property=\"og:title\" content=\"Bijoux poussi\u00e8re d&#039;\u00e9toiles - Galaxie - SES Creative\" \/>\n<meta property=\"og:description\" content=\"Galaxy \u2013 Stardust Bijoux Cr\u00e9ez vos propres pendentifs magiques avec le kit de bijoux Galaxy Stardust de SES Creative ! M\u00e9langez des colorants rouges et bleus avec des paillettes dans du coton doux et observez l&rsquo;effet myst\u00e9rieux et scintillant qui se produit. D\u00e9corez les flacons avec un ruban dor\u00e9, une breloque en forme d&rsquo;\u00e9toile et [&hellip;]\" \/>\n<meta property=\"og:url\" content=\"https:\/\/ses-creative.com\/fr\/produit\/bijoux-poussiere-detoiles-galaxie\/\" \/>\n<meta property=\"og:site_name\" content=\"SES Creative\" \/>\n<meta property=\"article:modified_time\" content=\"2026-02-12T10:23:12+00:00\" \/>\n<meta name=\"twitter:card\" content=\"summary_large_image\" \/>\n<meta name=\"twitter:label1\" content=\"Dur\u00e9e de lecture estim\u00e9e\" \/>\n\t<meta name=\"twitter:data1\" content=\"2 minutes\" \/>\n<script type=\"application\/ld+json\" class=\"yoast-schema-graph\">{\"@context\":\"https:\/\/schema.org\",\"@graph\":[{\"@type\":\"WebPage\",\"@id\":\"https:\/\/ses-creative.com\/fr\/produit\/bijoux-poussiere-detoiles-galaxie\/\",\"url\":\"https:\/\/ses-creative.com\/fr\/produit\/bijoux-poussiere-detoiles-galaxie\/\",\"name\":\"Bijoux poussi\u00e8re d'\u00e9toiles - Galaxie - SES Creative\",\"isPartOf\":{\"@id\":\"https:\/\/ses-creative.com\/#website\"},\"primaryImageOfPage\":{\"@id\":\"https:\/\/ses-creative.com\/fr\/produit\/bijoux-poussiere-detoiles-galaxie\/#primaryimage\"},\"image\":{\"@id\":\"https:\/\/ses-creative.com\/fr\/produit\/bijoux-poussiere-detoiles-galaxie\/#primaryimage\"},\"thumbnailUrl\":\"https:\/\/ses-creative.com\/wp-content\/uploads\/2026\/01\/147721.jpg\",\"datePublished\":\"2026-02-12T10:09:44+00:00\",\"dateModified\":\"2026-02-12T10:23:12+00:00\",\"breadcrumb\":{\"@id\":\"https:\/\/ses-creative.com\/fr\/produit\/bijoux-poussiere-detoiles-galaxie\/#breadcrumb\"},\"inLanguage\":\"fr-FR\",\"potentialAction\":[{\"@type\":\"ReadAction\",\"target\":[\"https:\/\/ses-creative.com\/fr\/produit\/bijoux-poussiere-detoiles-galaxie\/\"]}]},{\"@type\":\"ImageObject\",\"inLanguage\":\"fr-FR\",\"@id\":\"https:\/\/ses-creative.com\/fr\/produit\/bijoux-poussiere-detoiles-galaxie\/#primaryimage\",\"url\":\"https:\/\/ses-creative.com\/wp-content\/uploads\/2026\/01\/147721.jpg\",\"contentUrl\":\"https:\/\/ses-creative.com\/wp-content\/uploads\/2026\/01\/147721.jpg\",\"width\":1000,\"height\":1000},{\"@type\":\"BreadcrumbList\",\"@id\":\"https:\/\/ses-creative.com\/fr\/produit\/bijoux-poussiere-detoiles-galaxie\/#breadcrumb\",\"itemListElement\":[{\"@type\":\"ListItem\",\"position\":1,\"name\":\"Boutique\",\"item\":\"https:\/\/ses-creative.com\/fr\/boutique\/\"},{\"@type\":\"ListItem\",\"position\":2,\"name\":\"Loisirs cr\u00e9atifs\",\"item\":\"https:\/\/ses-creative.com\/fr\/product-categorie\/loisirs-creatifs\/\"},{\"@type\":\"ListItem\",\"position\":3,\"name\":\"Bijoux poussi\u00e8re d&#8217;\u00e9toiles &#8211; Galaxie\"}]},{\"@type\":\"WebSite\",\"@id\":\"https:\/\/ses-creative.com\/#website\",\"url\":\"https:\/\/ses-creative.com\/\",\"name\":\"SES Creative\",\"description\":\"\",\"publisher\":{\"@id\":\"https:\/\/ses-creative.com\/#organization\"},\"potentialAction\":[{\"@type\":\"SearchAction\",\"target\":{\"@type\":\"EntryPoint\",\"urlTemplate\":\"https:\/\/ses-creative.com\/?s={search_term_string}\"},\"query-input\":{\"@type\":\"PropertyValueSpecification\",\"valueRequired\":true,\"valueName\":\"search_term_string\"}}],\"inLanguage\":\"fr-FR\"},{\"@type\":\"Organization\",\"@id\":\"https:\/\/ses-creative.com\/#organization\",\"name\":\"SES Creative\",\"url\":\"https:\/\/ses-creative.com\/\",\"logo\":{\"@type\":\"ImageObject\",\"inLanguage\":\"fr-FR\",\"@id\":\"https:\/\/ses-creative.com\/#\/schema\/logo\/image\/\",\"url\":\"https:\/\/ses-creative.com\/wp-content\/uploads\/2025\/10\/ses-creative-logo.jpg\",\"contentUrl\":\"https:\/\/ses-creative.com\/wp-content\/uploads\/2025\/10\/ses-creative-logo.jpg\",\"width\":2037,\"height\":2037,\"caption\":\"SES Creative\"},\"image\":{\"@id\":\"https:\/\/ses-creative.com\/#\/schema\/logo\/image\/\"}}]}<\/script>\n<!-- \/ Yoast SEO plugin. -->","yoast_head_json":{"title":"Bijoux poussi\u00e8re d'\u00e9toiles - Galaxie - SES Creative","robots":{"index":"index","follow":"follow","max-snippet":"max-snippet:-1","max-image-preview":"max-image-preview:large","max-video-preview":"max-video-preview:-1"},"canonical":"https:\/\/ses-creative.com\/fr\/produit\/bijoux-poussiere-detoiles-galaxie\/","og_locale":"fr_FR","og_type":"article","og_title":"Bijoux poussi\u00e8re d'\u00e9toiles - Galaxie - SES Creative","og_description":"Galaxy \u2013 Stardust Bijoux Cr\u00e9ez vos propres pendentifs magiques avec le kit de bijoux Galaxy Stardust de SES Creative ! M\u00e9langez des colorants rouges et bleus avec des paillettes dans du coton doux et observez l&rsquo;effet myst\u00e9rieux et scintillant qui se produit. D\u00e9corez les flacons avec un ruban dor\u00e9, une breloque en forme d&rsquo;\u00e9toile et [&hellip;]","og_url":"https:\/\/ses-creative.com\/fr\/produit\/bijoux-poussiere-detoiles-galaxie\/","og_site_name":"SES Creative","article_modified_time":"2026-02-12T10:23:12+00:00","twitter_card":"summary_large_image","twitter_misc":{"Dur\u00e9e de lecture estim\u00e9e":"2 minutes"},"schema":{"@context":"https:\/\/schema.org","@graph":[{"@type":"WebPage","@id":"https:\/\/ses-creative.com\/fr\/produit\/bijoux-poussiere-detoiles-galaxie\/","url":"https:\/\/ses-creative.com\/fr\/produit\/bijoux-poussiere-detoiles-galaxie\/","name":"Bijoux poussi\u00e8re d'\u00e9toiles - Galaxie - SES Creative","isPartOf":{"@id":"https:\/\/ses-creative.com\/#website"},"primaryImageOfPage":{"@id":"https:\/\/ses-creative.com\/fr\/produit\/bijoux-poussiere-detoiles-galaxie\/#primaryimage"},"image":{"@id":"https:\/\/ses-creative.com\/fr\/produit\/bijoux-poussiere-detoiles-galaxie\/#primaryimage"},"thumbnailUrl":"https:\/\/ses-creative.com\/wp-content\/uploads\/2026\/01\/147721.jpg","datePublished":"2026-02-12T10:09:44+00:00","dateModified":"2026-02-12T10:23:12+00:00","breadcrumb":{"@id":"https:\/\/ses-creative.com\/fr\/produit\/bijoux-poussiere-detoiles-galaxie\/#breadcrumb"},"inLanguage":"fr-FR","potentialAction":[{"@type":"ReadAction","target":["https:\/\/ses-creative.com\/fr\/produit\/bijoux-poussiere-detoiles-galaxie\/"]}]},{"@type":"ImageObject","inLanguage":"fr-FR","@id":"https:\/\/ses-creative.com\/fr\/produit\/bijoux-poussiere-detoiles-galaxie\/#primaryimage","url":"https:\/\/ses-creative.com\/wp-content\/uploads\/2026\/01\/147721.jpg","contentUrl":"https:\/\/ses-creative.com\/wp-content\/uploads\/2026\/01\/147721.jpg","width":1000,"height":1000},{"@type":"BreadcrumbList","@id":"https:\/\/ses-creative.com\/fr\/produit\/bijoux-poussiere-detoiles-galaxie\/#breadcrumb","itemListElement":[{"@type":"ListItem","position":1,"name":"Boutique","item":"https:\/\/ses-creative.com\/fr\/boutique\/"},{"@type":"ListItem","position":2,"name":"Loisirs cr\u00e9atifs","item":"https:\/\/ses-creative.com\/fr\/product-categorie\/loisirs-creatifs\/"},{"@type":"ListItem","position":3,"name":"Bijoux poussi\u00e8re d&#8217;\u00e9toiles &#8211; Galaxie"}]},{"@type":"WebSite","@id":"https:\/\/ses-creative.com\/#website","url":"https:\/\/ses-creative.com\/","name":"SES Creative","description":"","publisher":{"@id":"https:\/\/ses-creative.com\/#organization"},"potentialAction":[{"@type":"SearchAction","target":{"@type":"EntryPoint","urlTemplate":"https:\/\/ses-creative.com\/?s={search_term_string}"},"query-input":{"@type":"PropertyValueSpecification","valueRequired":true,"valueName":"search_term_string"}}],"inLanguage":"fr-FR"},{"@type":"Organization","@id":"https:\/\/ses-creative.com\/#organization","name":"SES Creative","url":"https:\/\/ses-creative.com\/","logo":{"@type":"ImageObject","inLanguage":"fr-FR","@id":"https:\/\/ses-creative.com\/#\/schema\/logo\/image\/","url":"https:\/\/ses-creative.com\/wp-content\/uploads\/2025\/10\/ses-creative-logo.jpg","contentUrl":"https:\/\/ses-creative.com\/wp-content\/uploads\/2025\/10\/ses-creative-logo.jpg","width":2037,"height":2037,"caption":"SES Creative"},"image":{"@id":"https:\/\/ses-creative.com\/#\/schema\/logo\/image\/"}}]}},"_links":{"self":[{"href":"https:\/\/ses-creative.com\/fr\/wp-json\/wp\/v2\/product\/118428","targetHints":{"allow":["GET"]}}],"collection":[{"href":"https:\/\/ses-creative.com\/fr\/wp-json\/wp\/v2\/product"}],"about":[{"href":"https:\/\/ses-creative.com\/fr\/wp-json\/wp\/v2\/types\/product"}],"replies":[{"embeddable":true,"href":"https:\/\/ses-creative.com\/fr\/wp-json\/wp\/v2\/comments?post=118428"}],"wp:featuredmedia":[{"embeddable":true,"href":"https:\/\/ses-creative.com\/fr\/wp-json\/wp\/v2\/media\/104616"}],"wp:attachment":[{"href":"https:\/\/ses-creative.com\/fr\/wp-json\/wp\/v2\/media?parent=118428"}],"wp:term":[{"taxonomy":"product_brand","embeddable":true,"href":"https:\/\/ses-creative.com\/fr\/wp-json\/wp\/v2\/product_brand?post=118428"},{"taxonomy":"product_cat","embeddable":true,"href":"https:\/\/ses-creative.com\/fr\/wp-json\/wp\/v2\/product_cat?post=118428"},{"taxonomy":"product_tag","embeddable":true,"href":"https:\/\/ses-creative.com\/fr\/wp-json\/wp\/v2\/product_tag?post=118428"}],"curies":[{"name":"wp","href":"https:\/\/api.w.org\/{rel}","templated":true}]}}