











{"id":118427,"date":"2025-12-18T10:16:14","date_gmt":"2025-12-18T10:16:14","guid":{"rendered":"https:\/\/ses-creative.com\/?post_type=product&#038;p=118427"},"modified":"2026-02-12T10:23:12","modified_gmt":"2026-02-12T10:23:12","slug":"bouteilles-de-sable-colore-licorne-et-arc-en-ciel-galaxie","status":"publish","type":"product","link":"https:\/\/ses-creative.com\/fr\/produit\/bouteilles-de-sable-colore-licorne-et-arc-en-ciel-galaxie\/","title":{"rendered":"Bouteilles de sable color\u00e9 licorne et arc-en-ciel &#8211; Galaxie"},"content":{"rendered":"<p>Le kit Galaxy Sand de SES Creative permet aux enfants d\u00e8s 5 ans de concevoir deux bouteilles d\u00e9coratives en forme de licorne et d\u2019arc-en-ciel \u00e0 l\u2019aide de sable color\u00e9. Chaque couleur est emball\u00e9e individuellement, offrant une grande vari\u00e9t\u00e9 de combinaisons cr\u00e9atives. Les enfants peuvent verser les couches de sable \u00e0 l\u2019aide de l\u2019entonnoir fourni, ce qui favorise la pr\u00e9cision, l\u2019autonomie et limite les salissures. Une fois le remplissage termin\u00e9, les bouchons jaunes s\u00e9curisent les cr\u00e9ations, pr\u00eates \u00e0 \u00eatre expos\u00e9es dans une chambre ou offertes en cadeau. Cette activit\u00e9 manuelle calme stimule la motricit\u00e9 fine, l\u2019imagination, la concentration et encourage la cr\u00e9ativit\u00e9 individuelle. Le coffret contient : 2 bouteilles (licorne et arc-en-ciel), 6 sachets de sable color\u00e9, 1 entonnoir pratique et des bouchons herm\u00e9tiques. Fabriqu\u00e9 par SES Creative, sp\u00e9cialiste du jouet \u00e9ducatif depuis plus de 40 ans, ce kit est 100 % neutre en CO2 et conforme aux normes de s\u00e9curit\u00e9 europ\u00e9ennes. Une id\u00e9e parfaite pour offrir une activit\u00e9 originale, ludique et d\u00e9corative \u00e0 tout moment de l\u2019ann\u00e9e.<\/p>\n","protected":false},"excerpt":{"rendered":"<p>Le kit Galaxy Sand de SES Creative permet aux enfants d\u00e8s 5 ans de concevoir deux bouteilles d\u00e9coratives en forme de licorne et d\u2019arc-en-ciel \u00e0 l\u2019aide de sable color\u00e9. Chaque couleur est emball\u00e9e individuellement, offrant une grande vari\u00e9t\u00e9 de combinaisons cr\u00e9atives. Les enfants peuvent verser les couches de sable \u00e0 l\u2019aide de l\u2019entonnoir fourni, ce [&hellip;]<\/p>\n","protected":false},"featured_media":95502,"comment_status":"open","ping_status":"closed","template":"","meta":{"_acf_changed":false},"product_brand":[],"product_cat":[122],"product_tag":[],"class_list":{"0":"post-118427","1":"product","2":"type-product","3":"status-publish","4":"has-post-thumbnail","6":"product_cat-loisirs-creatifs","7":"pa_leeftijd-filter-4-6-ans","8":"pa_meest-populair-bij-filles","10":"first","11":"instock","12":"shipping-taxable","13":"product-type-simple"},"acf":[],"yoast_head":"<!-- This site is optimized with the Yoast SEO plugin v27.2 - https:\/\/yoast.com\/product\/yoast-seo-wordpress\/ -->\n<title>Bouteilles de sable color\u00e9 licorne et arc-en-ciel - Galaxie - SES Creative<\/title>\n<meta name=\"robots\" content=\"index, follow, max-snippet:-1, max-image-preview:large, max-video-preview:-1\" \/>\n<link rel=\"canonical\" href=\"https:\/\/ses-creative.com\/fr\/produit\/bouteilles-de-sable-colore-licorne-et-arc-en-ciel-galaxie\/\" \/>\n<meta property=\"og:locale\" content=\"fr_FR\" \/>\n<meta property=\"og:type\" content=\"article\" \/>\n<meta property=\"og:title\" content=\"Bouteilles de sable color\u00e9 licorne et arc-en-ciel - Galaxie - SES Creative\" \/>\n<meta property=\"og:description\" content=\"Le kit Galaxy Sand de SES Creative permet aux enfants d\u00e8s 5 ans de concevoir deux bouteilles d\u00e9coratives en forme de licorne et d\u2019arc-en-ciel \u00e0 l\u2019aide de sable color\u00e9. Chaque couleur est emball\u00e9e individuellement, offrant une grande vari\u00e9t\u00e9 de combinaisons cr\u00e9atives. Les enfants peuvent verser les couches de sable \u00e0 l\u2019aide de l\u2019entonnoir fourni, ce [&hellip;]\" \/>\n<meta property=\"og:url\" content=\"https:\/\/ses-creative.com\/fr\/produit\/bouteilles-de-sable-colore-licorne-et-arc-en-ciel-galaxie\/\" \/>\n<meta property=\"og:site_name\" content=\"SES Creative\" \/>\n<meta property=\"article:modified_time\" content=\"2026-02-12T10:23:12+00:00\" \/>\n<meta name=\"twitter:card\" content=\"summary_large_image\" \/>\n<meta name=\"twitter:label1\" content=\"Dur\u00e9e de lecture estim\u00e9e\" \/>\n\t<meta name=\"twitter:data1\" content=\"1 minute\" \/>\n<script type=\"application\/ld+json\" class=\"yoast-schema-graph\">{\"@context\":\"https:\/\/schema.org\",\"@graph\":[{\"@type\":\"WebPage\",\"@id\":\"https:\/\/ses-creative.com\/fr\/produit\/bouteilles-de-sable-colore-licorne-et-arc-en-ciel-galaxie\/\",\"url\":\"https:\/\/ses-creative.com\/fr\/produit\/bouteilles-de-sable-colore-licorne-et-arc-en-ciel-galaxie\/\",\"name\":\"Bouteilles de sable color\u00e9 licorne et arc-en-ciel - Galaxie - SES Creative\",\"isPartOf\":{\"@id\":\"https:\/\/ses-creative.com\/#website\"},\"primaryImageOfPage\":{\"@id\":\"https:\/\/ses-creative.com\/fr\/produit\/bouteilles-de-sable-colore-licorne-et-arc-en-ciel-galaxie\/#primaryimage\"},\"image\":{\"@id\":\"https:\/\/ses-creative.com\/fr\/produit\/bouteilles-de-sable-colore-licorne-et-arc-en-ciel-galaxie\/#primaryimage\"},\"thumbnailUrl\":\"https:\/\/ses-creative.com\/wp-content\/uploads\/2026\/01\/147711.jpg\",\"datePublished\":\"2025-12-18T10:16:14+00:00\",\"dateModified\":\"2026-02-12T10:23:12+00:00\",\"breadcrumb\":{\"@id\":\"https:\/\/ses-creative.com\/fr\/produit\/bouteilles-de-sable-colore-licorne-et-arc-en-ciel-galaxie\/#breadcrumb\"},\"inLanguage\":\"fr-FR\",\"potentialAction\":[{\"@type\":\"ReadAction\",\"target\":[\"https:\/\/ses-creative.com\/fr\/produit\/bouteilles-de-sable-colore-licorne-et-arc-en-ciel-galaxie\/\"]}]},{\"@type\":\"ImageObject\",\"inLanguage\":\"fr-FR\",\"@id\":\"https:\/\/ses-creative.com\/fr\/produit\/bouteilles-de-sable-colore-licorne-et-arc-en-ciel-galaxie\/#primaryimage\",\"url\":\"https:\/\/ses-creative.com\/wp-content\/uploads\/2026\/01\/147711.jpg\",\"contentUrl\":\"https:\/\/ses-creative.com\/wp-content\/uploads\/2026\/01\/147711.jpg\",\"width\":1000,\"height\":1000},{\"@type\":\"BreadcrumbList\",\"@id\":\"https:\/\/ses-creative.com\/fr\/produit\/bouteilles-de-sable-colore-licorne-et-arc-en-ciel-galaxie\/#breadcrumb\",\"itemListElement\":[{\"@type\":\"ListItem\",\"position\":1,\"name\":\"Boutique\",\"item\":\"https:\/\/ses-creative.com\/fr\/boutique\/\"},{\"@type\":\"ListItem\",\"position\":2,\"name\":\"Loisirs cr\u00e9atifs\",\"item\":\"https:\/\/ses-creative.com\/fr\/product-categorie\/loisirs-creatifs\/\"},{\"@type\":\"ListItem\",\"position\":3,\"name\":\"Bouteilles de sable color\u00e9 licorne et arc-en-ciel &#8211; Galaxie\"}]},{\"@type\":\"WebSite\",\"@id\":\"https:\/\/ses-creative.com\/#website\",\"url\":\"https:\/\/ses-creative.com\/\",\"name\":\"SES Creative\",\"description\":\"\",\"publisher\":{\"@id\":\"https:\/\/ses-creative.com\/#organization\"},\"potentialAction\":[{\"@type\":\"SearchAction\",\"target\":{\"@type\":\"EntryPoint\",\"urlTemplate\":\"https:\/\/ses-creative.com\/?s={search_term_string}\"},\"query-input\":{\"@type\":\"PropertyValueSpecification\",\"valueRequired\":true,\"valueName\":\"search_term_string\"}}],\"inLanguage\":\"fr-FR\"},{\"@type\":\"Organization\",\"@id\":\"https:\/\/ses-creative.com\/#organization\",\"name\":\"SES Creative\",\"url\":\"https:\/\/ses-creative.com\/\",\"logo\":{\"@type\":\"ImageObject\",\"inLanguage\":\"fr-FR\",\"@id\":\"https:\/\/ses-creative.com\/#\/schema\/logo\/image\/\",\"url\":\"https:\/\/ses-creative.com\/wp-content\/uploads\/2025\/10\/ses-creative-logo.jpg\",\"contentUrl\":\"https:\/\/ses-creative.com\/wp-content\/uploads\/2025\/10\/ses-creative-logo.jpg\",\"width\":2037,\"height\":2037,\"caption\":\"SES Creative\"},\"image\":{\"@id\":\"https:\/\/ses-creative.com\/#\/schema\/logo\/image\/\"}}]}<\/script>\n<!-- \/ Yoast SEO plugin. -->","yoast_head_json":{"title":"Bouteilles de sable color\u00e9 licorne et arc-en-ciel - Galaxie - SES Creative","robots":{"index":"index","follow":"follow","max-snippet":"max-snippet:-1","max-image-preview":"max-image-preview:large","max-video-preview":"max-video-preview:-1"},"canonical":"https:\/\/ses-creative.com\/fr\/produit\/bouteilles-de-sable-colore-licorne-et-arc-en-ciel-galaxie\/","og_locale":"fr_FR","og_type":"article","og_title":"Bouteilles de sable color\u00e9 licorne et arc-en-ciel - Galaxie - SES Creative","og_description":"Le kit Galaxy Sand de SES Creative permet aux enfants d\u00e8s 5 ans de concevoir deux bouteilles d\u00e9coratives en forme de licorne et d\u2019arc-en-ciel \u00e0 l\u2019aide de sable color\u00e9. Chaque couleur est emball\u00e9e individuellement, offrant une grande vari\u00e9t\u00e9 de combinaisons cr\u00e9atives. Les enfants peuvent verser les couches de sable \u00e0 l\u2019aide de l\u2019entonnoir fourni, ce [&hellip;]","og_url":"https:\/\/ses-creative.com\/fr\/produit\/bouteilles-de-sable-colore-licorne-et-arc-en-ciel-galaxie\/","og_site_name":"SES Creative","article_modified_time":"2026-02-12T10:23:12+00:00","twitter_card":"summary_large_image","twitter_misc":{"Dur\u00e9e de lecture estim\u00e9e":"1 minute"},"schema":{"@context":"https:\/\/schema.org","@graph":[{"@type":"WebPage","@id":"https:\/\/ses-creative.com\/fr\/produit\/bouteilles-de-sable-colore-licorne-et-arc-en-ciel-galaxie\/","url":"https:\/\/ses-creative.com\/fr\/produit\/bouteilles-de-sable-colore-licorne-et-arc-en-ciel-galaxie\/","name":"Bouteilles de sable color\u00e9 licorne et arc-en-ciel - Galaxie - SES Creative","isPartOf":{"@id":"https:\/\/ses-creative.com\/#website"},"primaryImageOfPage":{"@id":"https:\/\/ses-creative.com\/fr\/produit\/bouteilles-de-sable-colore-licorne-et-arc-en-ciel-galaxie\/#primaryimage"},"image":{"@id":"https:\/\/ses-creative.com\/fr\/produit\/bouteilles-de-sable-colore-licorne-et-arc-en-ciel-galaxie\/#primaryimage"},"thumbnailUrl":"https:\/\/ses-creative.com\/wp-content\/uploads\/2026\/01\/147711.jpg","datePublished":"2025-12-18T10:16:14+00:00","dateModified":"2026-02-12T10:23:12+00:00","breadcrumb":{"@id":"https:\/\/ses-creative.com\/fr\/produit\/bouteilles-de-sable-colore-licorne-et-arc-en-ciel-galaxie\/#breadcrumb"},"inLanguage":"fr-FR","potentialAction":[{"@type":"ReadAction","target":["https:\/\/ses-creative.com\/fr\/produit\/bouteilles-de-sable-colore-licorne-et-arc-en-ciel-galaxie\/"]}]},{"@type":"ImageObject","inLanguage":"fr-FR","@id":"https:\/\/ses-creative.com\/fr\/produit\/bouteilles-de-sable-colore-licorne-et-arc-en-ciel-galaxie\/#primaryimage","url":"https:\/\/ses-creative.com\/wp-content\/uploads\/2026\/01\/147711.jpg","contentUrl":"https:\/\/ses-creative.com\/wp-content\/uploads\/2026\/01\/147711.jpg","width":1000,"height":1000},{"@type":"BreadcrumbList","@id":"https:\/\/ses-creative.com\/fr\/produit\/bouteilles-de-sable-colore-licorne-et-arc-en-ciel-galaxie\/#breadcrumb","itemListElement":[{"@type":"ListItem","position":1,"name":"Boutique","item":"https:\/\/ses-creative.com\/fr\/boutique\/"},{"@type":"ListItem","position":2,"name":"Loisirs cr\u00e9atifs","item":"https:\/\/ses-creative.com\/fr\/product-categorie\/loisirs-creatifs\/"},{"@type":"ListItem","position":3,"name":"Bouteilles de sable color\u00e9 licorne et arc-en-ciel &#8211; Galaxie"}]},{"@type":"WebSite","@id":"https:\/\/ses-creative.com\/#website","url":"https:\/\/ses-creative.com\/","name":"SES Creative","description":"","publisher":{"@id":"https:\/\/ses-creative.com\/#organization"},"potentialAction":[{"@type":"SearchAction","target":{"@type":"EntryPoint","urlTemplate":"https:\/\/ses-creative.com\/?s={search_term_string}"},"query-input":{"@type":"PropertyValueSpecification","valueRequired":true,"valueName":"search_term_string"}}],"inLanguage":"fr-FR"},{"@type":"Organization","@id":"https:\/\/ses-creative.com\/#organization","name":"SES Creative","url":"https:\/\/ses-creative.com\/","logo":{"@type":"ImageObject","inLanguage":"fr-FR","@id":"https:\/\/ses-creative.com\/#\/schema\/logo\/image\/","url":"https:\/\/ses-creative.com\/wp-content\/uploads\/2025\/10\/ses-creative-logo.jpg","contentUrl":"https:\/\/ses-creative.com\/wp-content\/uploads\/2025\/10\/ses-creative-logo.jpg","width":2037,"height":2037,"caption":"SES Creative"},"image":{"@id":"https:\/\/ses-creative.com\/#\/schema\/logo\/image\/"}}]}},"_links":{"self":[{"href":"https:\/\/ses-creative.com\/fr\/wp-json\/wp\/v2\/product\/118427","targetHints":{"allow":["GET"]}}],"collection":[{"href":"https:\/\/ses-creative.com\/fr\/wp-json\/wp\/v2\/product"}],"about":[{"href":"https:\/\/ses-creative.com\/fr\/wp-json\/wp\/v2\/types\/product"}],"replies":[{"embeddable":true,"href":"https:\/\/ses-creative.com\/fr\/wp-json\/wp\/v2\/comments?post=118427"}],"wp:featuredmedia":[{"embeddable":true,"href":"https:\/\/ses-creative.com\/fr\/wp-json\/wp\/v2\/media\/95502"}],"wp:attachment":[{"href":"https:\/\/ses-creative.com\/fr\/wp-json\/wp\/v2\/media?parent=118427"}],"wp:term":[{"taxonomy":"product_brand","embeddable":true,"href":"https:\/\/ses-creative.com\/fr\/wp-json\/wp\/v2\/product_brand?post=118427"},{"taxonomy":"product_cat","embeddable":true,"href":"https:\/\/ses-creative.com\/fr\/wp-json\/wp\/v2\/product_cat?post=118427"},{"taxonomy":"product_tag","embeddable":true,"href":"https:\/\/ses-creative.com\/fr\/wp-json\/wp\/v2\/product_tag?post=118427"}],"curies":[{"name":"wp","href":"https:\/\/api.w.org\/{rel}","templated":true}]}}