











{"id":118426,"date":"2026-02-12T10:09:44","date_gmt":"2026-02-12T10:09:44","guid":{"rendered":"https:\/\/ses-creative.com\/?post_type=product&#038;p=118426"},"modified":"2026-02-12T10:23:11","modified_gmt":"2026-02-12T10:23:11","slug":"bombes-de-bain-galaxie","status":"publish","type":"product","link":"https:\/\/ses-creative.com\/fr\/produit\/bombes-de-bain-galaxie\/","title":{"rendered":"Bombes de bain &#8211; Galaxie"},"content":{"rendered":"<p>Galaxy \u2013 Boules effervescentes pour le bain<\/p>\n<p>Cr\u00e9ez vos propres boules effervescentes d\u00e9licieusement parfum\u00e9es avec le kit Galaxy Boules effervescentes pour le bain de SES Creative ! M\u00e9langez les ingr\u00e9dients, ajoutez des colorants et utilisez le moule pour cr\u00e9er des boules effervescentes parfaitement rondes. Profitez ensuite d&rsquo;un bain relaxant plein de couleurs, de parfums et de magie. Parfait pour les enfants cr\u00e9atifs \u00e0 partir de 8 ans qui aiment d\u00e9couvrir et exp\u00e9rimenter.<\/p>\n<p>Ce qui rend ce kit g\u00e9nial<\/p>\n<p>Fabriquez vous-m\u00eame de v\u00e9ritables boules effervescentes pour le bain<br \/>\nM\u00e9langez le rouge et le bleu pour obtenir une couleur violette magique<br \/>\nCouleurs vives et parfums d\u00e9licieux<br \/>\nSac de rangement en organza luxueux inclus<br \/>\nS\u00fbr sur le plan cosm\u00e9tique et stimule le jeu exploratoire (jouet STEM)<\/p>\n<p>Transformez votre baignoire en spa galactique<br \/>\nAvec ce kit, vous pouvez cr\u00e9er des boules effervescentes qui transformeront votre bain en une exp\u00e9rience color\u00e9e, p\u00e9tillante et parfum\u00e9e. La combinaison entre l&rsquo;activit\u00e9 cr\u00e9ative et le plaisir du bain rend cette activit\u00e9 encore plus amusante et relaxante.<\/p>\n<p>Contenu du kit<\/p>\n<p>Moule en deux parties pour boules effervescentes<br \/>\nM\u00e9lange pour boules effervescentes<br \/>\nColorant rouge (5 ml)<br \/>\nColorant bleu (5 ml)<br \/>\nVerre doseur<br \/>\nSpatule<br \/>\nPipette<br \/>\nSachet de conservation en organza<br \/>\nInstructions<\/p>\n<p>Pourquoi choisir SES Creative<br \/>\nChez SES Creative, nous accordons une grande importance \u00e0 la s\u00e9curit\u00e9. C&rsquo;est pourquoi nos produits sont fabriqu\u00e9s et test\u00e9s dans notre usine aux Pays-Bas, conform\u00e9ment aux normes de s\u00e9curit\u00e9 europ\u00e9ennes les plus strictes. Les jouets SES Creative sont source de plaisir et permettent aux enfants d&rsquo;\u00eatre fiers de leur travail, ce qui stimule leur cr\u00e9ativit\u00e9 et leur d\u00e9veloppement.<\/p>\n<p>Commencez d\u00e8s aujourd&rsquo;hui \u00e0 cr\u00e9er vos propres boules effervescentes<br \/>\nCr\u00e9ez, conservez et profitez de votre exp\u00e9rience spa galaxie faite maison !<\/p>\n","protected":false},"excerpt":{"rendered":"<p>Galaxy \u2013 Boules effervescentes pour le bain Cr\u00e9ez vos propres boules effervescentes d\u00e9licieusement parfum\u00e9es avec le kit Galaxy Boules effervescentes pour le bain de SES Creative ! M\u00e9langez les ingr\u00e9dients, ajoutez des colorants et utilisez le moule pour cr\u00e9er des boules effervescentes parfaitement rondes. Profitez ensuite d&rsquo;un bain relaxant plein de couleurs, de parfums et [&hellip;]<\/p>\n","protected":false},"featured_media":104596,"comment_status":"closed","ping_status":"closed","template":"","meta":{"_acf_changed":false},"product_brand":[],"product_cat":[122],"product_tag":[],"class_list":{"0":"post-118426","1":"product","2":"type-product","3":"status-publish","4":"has-post-thumbnail","6":"product_cat-loisirs-creatifs","7":"pa_leeftijd-filter-6-ans","8":"pa_meest-populair-bij-filles","10":"first","11":"instock","12":"shipping-taxable","13":"product-type-simple"},"acf":[],"yoast_head":"<!-- This site is optimized with the Yoast SEO plugin v27.2 - https:\/\/yoast.com\/product\/yoast-seo-wordpress\/ -->\n<title>Bombes de bain - Galaxie - SES Creative<\/title>\n<meta name=\"robots\" content=\"index, follow, max-snippet:-1, max-image-preview:large, max-video-preview:-1\" \/>\n<link rel=\"canonical\" href=\"https:\/\/ses-creative.com\/fr\/produit\/bombes-de-bain-galaxie\/\" \/>\n<meta property=\"og:locale\" content=\"fr_FR\" \/>\n<meta property=\"og:type\" content=\"article\" \/>\n<meta property=\"og:title\" content=\"Bombes de bain - Galaxie - SES Creative\" \/>\n<meta property=\"og:description\" content=\"Galaxy \u2013 Boules effervescentes pour le bain Cr\u00e9ez vos propres boules effervescentes d\u00e9licieusement parfum\u00e9es avec le kit Galaxy Boules effervescentes pour le bain de SES Creative ! M\u00e9langez les ingr\u00e9dients, ajoutez des colorants et utilisez le moule pour cr\u00e9er des boules effervescentes parfaitement rondes. Profitez ensuite d&rsquo;un bain relaxant plein de couleurs, de parfums et [&hellip;]\" \/>\n<meta property=\"og:url\" content=\"https:\/\/ses-creative.com\/fr\/produit\/bombes-de-bain-galaxie\/\" \/>\n<meta property=\"og:site_name\" content=\"SES Creative\" \/>\n<meta property=\"article:modified_time\" content=\"2026-02-12T10:23:11+00:00\" \/>\n<meta name=\"twitter:card\" content=\"summary_large_image\" \/>\n<meta name=\"twitter:label1\" content=\"Dur\u00e9e de lecture estim\u00e9e\" \/>\n\t<meta name=\"twitter:data1\" content=\"2 minutes\" \/>\n<script type=\"application\/ld+json\" class=\"yoast-schema-graph\">{\"@context\":\"https:\/\/schema.org\",\"@graph\":[{\"@type\":\"WebPage\",\"@id\":\"https:\/\/ses-creative.com\/fr\/produit\/bombes-de-bain-galaxie\/\",\"url\":\"https:\/\/ses-creative.com\/fr\/produit\/bombes-de-bain-galaxie\/\",\"name\":\"Bombes de bain - Galaxie - SES Creative\",\"isPartOf\":{\"@id\":\"https:\/\/ses-creative.com\/#website\"},\"primaryImageOfPage\":{\"@id\":\"https:\/\/ses-creative.com\/fr\/produit\/bombes-de-bain-galaxie\/#primaryimage\"},\"image\":{\"@id\":\"https:\/\/ses-creative.com\/fr\/produit\/bombes-de-bain-galaxie\/#primaryimage\"},\"thumbnailUrl\":\"https:\/\/ses-creative.com\/wp-content\/uploads\/2026\/01\/147691.jpg\",\"datePublished\":\"2026-02-12T10:09:44+00:00\",\"dateModified\":\"2026-02-12T10:23:11+00:00\",\"breadcrumb\":{\"@id\":\"https:\/\/ses-creative.com\/fr\/produit\/bombes-de-bain-galaxie\/#breadcrumb\"},\"inLanguage\":\"fr-FR\",\"potentialAction\":[{\"@type\":\"ReadAction\",\"target\":[\"https:\/\/ses-creative.com\/fr\/produit\/bombes-de-bain-galaxie\/\"]}]},{\"@type\":\"ImageObject\",\"inLanguage\":\"fr-FR\",\"@id\":\"https:\/\/ses-creative.com\/fr\/produit\/bombes-de-bain-galaxie\/#primaryimage\",\"url\":\"https:\/\/ses-creative.com\/wp-content\/uploads\/2026\/01\/147691.jpg\",\"contentUrl\":\"https:\/\/ses-creative.com\/wp-content\/uploads\/2026\/01\/147691.jpg\",\"width\":1000,\"height\":1000},{\"@type\":\"BreadcrumbList\",\"@id\":\"https:\/\/ses-creative.com\/fr\/produit\/bombes-de-bain-galaxie\/#breadcrumb\",\"itemListElement\":[{\"@type\":\"ListItem\",\"position\":1,\"name\":\"Boutique\",\"item\":\"https:\/\/ses-creative.com\/fr\/boutique\/\"},{\"@type\":\"ListItem\",\"position\":2,\"name\":\"Loisirs cr\u00e9atifs\",\"item\":\"https:\/\/ses-creative.com\/fr\/product-categorie\/loisirs-creatifs\/\"},{\"@type\":\"ListItem\",\"position\":3,\"name\":\"Bombes de bain &#8211; Galaxie\"}]},{\"@type\":\"WebSite\",\"@id\":\"https:\/\/ses-creative.com\/#website\",\"url\":\"https:\/\/ses-creative.com\/\",\"name\":\"SES Creative\",\"description\":\"\",\"publisher\":{\"@id\":\"https:\/\/ses-creative.com\/#organization\"},\"potentialAction\":[{\"@type\":\"SearchAction\",\"target\":{\"@type\":\"EntryPoint\",\"urlTemplate\":\"https:\/\/ses-creative.com\/?s={search_term_string}\"},\"query-input\":{\"@type\":\"PropertyValueSpecification\",\"valueRequired\":true,\"valueName\":\"search_term_string\"}}],\"inLanguage\":\"fr-FR\"},{\"@type\":\"Organization\",\"@id\":\"https:\/\/ses-creative.com\/#organization\",\"name\":\"SES Creative\",\"url\":\"https:\/\/ses-creative.com\/\",\"logo\":{\"@type\":\"ImageObject\",\"inLanguage\":\"fr-FR\",\"@id\":\"https:\/\/ses-creative.com\/#\/schema\/logo\/image\/\",\"url\":\"https:\/\/ses-creative.com\/wp-content\/uploads\/2025\/10\/ses-creative-logo.jpg\",\"contentUrl\":\"https:\/\/ses-creative.com\/wp-content\/uploads\/2025\/10\/ses-creative-logo.jpg\",\"width\":2037,\"height\":2037,\"caption\":\"SES Creative\"},\"image\":{\"@id\":\"https:\/\/ses-creative.com\/#\/schema\/logo\/image\/\"}}]}<\/script>\n<!-- \/ Yoast SEO plugin. -->","yoast_head_json":{"title":"Bombes de bain - Galaxie - SES Creative","robots":{"index":"index","follow":"follow","max-snippet":"max-snippet:-1","max-image-preview":"max-image-preview:large","max-video-preview":"max-video-preview:-1"},"canonical":"https:\/\/ses-creative.com\/fr\/produit\/bombes-de-bain-galaxie\/","og_locale":"fr_FR","og_type":"article","og_title":"Bombes de bain - Galaxie - SES Creative","og_description":"Galaxy \u2013 Boules effervescentes pour le bain Cr\u00e9ez vos propres boules effervescentes d\u00e9licieusement parfum\u00e9es avec le kit Galaxy Boules effervescentes pour le bain de SES Creative ! M\u00e9langez les ingr\u00e9dients, ajoutez des colorants et utilisez le moule pour cr\u00e9er des boules effervescentes parfaitement rondes. Profitez ensuite d&rsquo;un bain relaxant plein de couleurs, de parfums et [&hellip;]","og_url":"https:\/\/ses-creative.com\/fr\/produit\/bombes-de-bain-galaxie\/","og_site_name":"SES Creative","article_modified_time":"2026-02-12T10:23:11+00:00","twitter_card":"summary_large_image","twitter_misc":{"Dur\u00e9e de lecture estim\u00e9e":"2 minutes"},"schema":{"@context":"https:\/\/schema.org","@graph":[{"@type":"WebPage","@id":"https:\/\/ses-creative.com\/fr\/produit\/bombes-de-bain-galaxie\/","url":"https:\/\/ses-creative.com\/fr\/produit\/bombes-de-bain-galaxie\/","name":"Bombes de bain - Galaxie - SES Creative","isPartOf":{"@id":"https:\/\/ses-creative.com\/#website"},"primaryImageOfPage":{"@id":"https:\/\/ses-creative.com\/fr\/produit\/bombes-de-bain-galaxie\/#primaryimage"},"image":{"@id":"https:\/\/ses-creative.com\/fr\/produit\/bombes-de-bain-galaxie\/#primaryimage"},"thumbnailUrl":"https:\/\/ses-creative.com\/wp-content\/uploads\/2026\/01\/147691.jpg","datePublished":"2026-02-12T10:09:44+00:00","dateModified":"2026-02-12T10:23:11+00:00","breadcrumb":{"@id":"https:\/\/ses-creative.com\/fr\/produit\/bombes-de-bain-galaxie\/#breadcrumb"},"inLanguage":"fr-FR","potentialAction":[{"@type":"ReadAction","target":["https:\/\/ses-creative.com\/fr\/produit\/bombes-de-bain-galaxie\/"]}]},{"@type":"ImageObject","inLanguage":"fr-FR","@id":"https:\/\/ses-creative.com\/fr\/produit\/bombes-de-bain-galaxie\/#primaryimage","url":"https:\/\/ses-creative.com\/wp-content\/uploads\/2026\/01\/147691.jpg","contentUrl":"https:\/\/ses-creative.com\/wp-content\/uploads\/2026\/01\/147691.jpg","width":1000,"height":1000},{"@type":"BreadcrumbList","@id":"https:\/\/ses-creative.com\/fr\/produit\/bombes-de-bain-galaxie\/#breadcrumb","itemListElement":[{"@type":"ListItem","position":1,"name":"Boutique","item":"https:\/\/ses-creative.com\/fr\/boutique\/"},{"@type":"ListItem","position":2,"name":"Loisirs cr\u00e9atifs","item":"https:\/\/ses-creative.com\/fr\/product-categorie\/loisirs-creatifs\/"},{"@type":"ListItem","position":3,"name":"Bombes de bain &#8211; Galaxie"}]},{"@type":"WebSite","@id":"https:\/\/ses-creative.com\/#website","url":"https:\/\/ses-creative.com\/","name":"SES Creative","description":"","publisher":{"@id":"https:\/\/ses-creative.com\/#organization"},"potentialAction":[{"@type":"SearchAction","target":{"@type":"EntryPoint","urlTemplate":"https:\/\/ses-creative.com\/?s={search_term_string}"},"query-input":{"@type":"PropertyValueSpecification","valueRequired":true,"valueName":"search_term_string"}}],"inLanguage":"fr-FR"},{"@type":"Organization","@id":"https:\/\/ses-creative.com\/#organization","name":"SES Creative","url":"https:\/\/ses-creative.com\/","logo":{"@type":"ImageObject","inLanguage":"fr-FR","@id":"https:\/\/ses-creative.com\/#\/schema\/logo\/image\/","url":"https:\/\/ses-creative.com\/wp-content\/uploads\/2025\/10\/ses-creative-logo.jpg","contentUrl":"https:\/\/ses-creative.com\/wp-content\/uploads\/2025\/10\/ses-creative-logo.jpg","width":2037,"height":2037,"caption":"SES Creative"},"image":{"@id":"https:\/\/ses-creative.com\/#\/schema\/logo\/image\/"}}]}},"_links":{"self":[{"href":"https:\/\/ses-creative.com\/fr\/wp-json\/wp\/v2\/product\/118426","targetHints":{"allow":["GET"]}}],"collection":[{"href":"https:\/\/ses-creative.com\/fr\/wp-json\/wp\/v2\/product"}],"about":[{"href":"https:\/\/ses-creative.com\/fr\/wp-json\/wp\/v2\/types\/product"}],"replies":[{"embeddable":true,"href":"https:\/\/ses-creative.com\/fr\/wp-json\/wp\/v2\/comments?post=118426"}],"wp:featuredmedia":[{"embeddable":true,"href":"https:\/\/ses-creative.com\/fr\/wp-json\/wp\/v2\/media\/104596"}],"wp:attachment":[{"href":"https:\/\/ses-creative.com\/fr\/wp-json\/wp\/v2\/media?parent=118426"}],"wp:term":[{"taxonomy":"product_brand","embeddable":true,"href":"https:\/\/ses-creative.com\/fr\/wp-json\/wp\/v2\/product_brand?post=118426"},{"taxonomy":"product_cat","embeddable":true,"href":"https:\/\/ses-creative.com\/fr\/wp-json\/wp\/v2\/product_cat?post=118426"},{"taxonomy":"product_tag","embeddable":true,"href":"https:\/\/ses-creative.com\/fr\/wp-json\/wp\/v2\/product_tag?post=118426"}],"curies":[{"name":"wp","href":"https:\/\/api.w.org\/{rel}","templated":true}]}}