











{"id":118425,"date":"2026-02-12T10:09:44","date_gmt":"2026-02-12T10:09:44","guid":{"rendered":"https:\/\/ses-creative.com\/?post_type=product&#038;p=118425"},"modified":"2026-02-12T10:23:11","modified_gmt":"2026-02-12T10:23:11","slug":"lumiere-pour-rever-galaxie","status":"publish","type":"product","link":"https:\/\/ses-creative.com\/fr\/produit\/lumiere-pour-rever-galaxie\/","title":{"rendered":"Lumi\u00e8re pour r\u00eaver &#8211; Galaxie"},"content":{"rendered":"<p>Galaxy \u2013 Lampe \u00e0 r\u00eaves<\/p>\n<p>Faites briller vos r\u00eaves avec la lampe \u00e0 r\u00eaves Galaxy de SES Creative ! Avec des \u00e9l\u00e9ments de capteur de r\u00eaves en bois, des perles, des rubans et une guirlande lumineuse LED, vous pouvez cr\u00e9er une d\u00e9coration murale magique qui est non seulement magnifique, mais qui diffuse \u00e9galement une lumi\u00e8re douce. Parfait pour les enfants \u00e0 partir de 6 ans qui souhaitent donner \u00e0 leur chambre une atmosph\u00e8re chaleureuse et envo\u00fbtante.<\/p>\n<p>Ce qui rend ce kit g\u00e9nial<\/p>\n<p>Comprend une guirlande lumineuse LED avec 8 ampoules pour un effet scintillant<br \/>\n\u00c9l\u00e9ments en bois pour un look naturel<br \/>\nPerles et rubans pour rendre votre cr\u00e9ation unique<br \/>\nStimule la cr\u00e9ativit\u00e9 et la motricit\u00e9 fine<br \/>\nDonne \u00e0 votre chambre une atmosph\u00e8re apaisante et magique<\/p>\n<p>Cr\u00e9ez votre propre capteur de r\u00eaves magique<br \/>\nAvec ce kit, vous pouvez cr\u00e9er un capteur de r\u00eaves qui est non seulement amusant \u00e0 r\u00e9aliser, mais qui attirera \u00e9galement tous les regards dans votre chambre. Les lumi\u00e8res LED diffusent une lumi\u00e8re douce et chaleureuse, vous permettant de vous endormir chaque soir dans une atmosph\u00e8re magique.<\/p>\n<p>Contenu du kit<\/p>\n<p>Pi\u00e8ces en bois pour attrape-r\u00eaves<br \/>\nGuirlande lumineuse LED<br \/>\nPerles<br \/>\nRubans<\/p>\n<p>Pourquoi choisir SES Creative<br \/>\nChez SES Creative, nous accordons une grande importance \u00e0 la s\u00e9curit\u00e9. C&rsquo;est pourquoi nos produits sont fabriqu\u00e9s et test\u00e9s dans notre usine aux Pays-Bas, conform\u00e9ment aux normes de s\u00e9curit\u00e9 europ\u00e9ennes les plus strictes. Les jouets SES Creative sont source de plaisir et permettent aux enfants d&rsquo;\u00eatre fiers de leur travail, ce qui stimule leur cr\u00e9ativit\u00e9 et leur d\u00e9veloppement.<\/p>\n<p>Commencez d\u00e8s aujourd&rsquo;hui \u00e0 cr\u00e9er votre lampe Galaxy Dreams<br \/>\nAjoutez une touche de magie \u00e0 votre chambre et cr\u00e9ez un capteur de r\u00eaves qui brille de mille feux !<\/p>\n","protected":false},"excerpt":{"rendered":"<p>Galaxy \u2013 Lampe \u00e0 r\u00eaves Faites briller vos r\u00eaves avec la lampe \u00e0 r\u00eaves Galaxy de SES Creative ! Avec des \u00e9l\u00e9ments de capteur de r\u00eaves en bois, des perles, des rubans et une guirlande lumineuse LED, vous pouvez cr\u00e9er une d\u00e9coration murale magique qui est non seulement magnifique, mais qui diffuse \u00e9galement une lumi\u00e8re [&hellip;]<\/p>\n","protected":false},"featured_media":104576,"comment_status":"closed","ping_status":"closed","template":"","meta":{"_acf_changed":false},"product_brand":[],"product_cat":[122],"product_tag":[],"class_list":{"0":"post-118425","1":"product","2":"type-product","3":"status-publish","4":"has-post-thumbnail","6":"product_cat-loisirs-creatifs","7":"pa_leeftijd-filter-4-6-ans","8":"pa_meest-populair-bij-filles","10":"first","11":"instock","12":"shipping-taxable","13":"product-type-simple"},"acf":[],"yoast_head":"<!-- This site is optimized with the Yoast SEO plugin v27.2 - https:\/\/yoast.com\/product\/yoast-seo-wordpress\/ -->\n<title>Lumi\u00e8re pour r\u00eaver - Galaxie - SES Creative<\/title>\n<meta name=\"robots\" content=\"index, follow, max-snippet:-1, max-image-preview:large, max-video-preview:-1\" \/>\n<link rel=\"canonical\" href=\"https:\/\/ses-creative.com\/fr\/produit\/lumiere-pour-rever-galaxie\/\" \/>\n<meta property=\"og:locale\" content=\"fr_FR\" \/>\n<meta property=\"og:type\" content=\"article\" \/>\n<meta property=\"og:title\" content=\"Lumi\u00e8re pour r\u00eaver - Galaxie - SES Creative\" \/>\n<meta property=\"og:description\" content=\"Galaxy \u2013 Lampe \u00e0 r\u00eaves Faites briller vos r\u00eaves avec la lampe \u00e0 r\u00eaves Galaxy de SES Creative ! Avec des \u00e9l\u00e9ments de capteur de r\u00eaves en bois, des perles, des rubans et une guirlande lumineuse LED, vous pouvez cr\u00e9er une d\u00e9coration murale magique qui est non seulement magnifique, mais qui diffuse \u00e9galement une lumi\u00e8re [&hellip;]\" \/>\n<meta property=\"og:url\" content=\"https:\/\/ses-creative.com\/fr\/produit\/lumiere-pour-rever-galaxie\/\" \/>\n<meta property=\"og:site_name\" content=\"SES Creative\" \/>\n<meta property=\"article:modified_time\" content=\"2026-02-12T10:23:11+00:00\" \/>\n<meta name=\"twitter:card\" content=\"summary_large_image\" \/>\n<meta name=\"twitter:label1\" content=\"Dur\u00e9e de lecture estim\u00e9e\" \/>\n\t<meta name=\"twitter:data1\" content=\"2 minutes\" \/>\n<script type=\"application\/ld+json\" class=\"yoast-schema-graph\">{\"@context\":\"https:\/\/schema.org\",\"@graph\":[{\"@type\":\"WebPage\",\"@id\":\"https:\/\/ses-creative.com\/fr\/produit\/lumiere-pour-rever-galaxie\/\",\"url\":\"https:\/\/ses-creative.com\/fr\/produit\/lumiere-pour-rever-galaxie\/\",\"name\":\"Lumi\u00e8re pour r\u00eaver - Galaxie - SES Creative\",\"isPartOf\":{\"@id\":\"https:\/\/ses-creative.com\/#website\"},\"primaryImageOfPage\":{\"@id\":\"https:\/\/ses-creative.com\/fr\/produit\/lumiere-pour-rever-galaxie\/#primaryimage\"},\"image\":{\"@id\":\"https:\/\/ses-creative.com\/fr\/produit\/lumiere-pour-rever-galaxie\/#primaryimage\"},\"thumbnailUrl\":\"https:\/\/ses-creative.com\/wp-content\/uploads\/2026\/01\/147681.jpg\",\"datePublished\":\"2026-02-12T10:09:44+00:00\",\"dateModified\":\"2026-02-12T10:23:11+00:00\",\"breadcrumb\":{\"@id\":\"https:\/\/ses-creative.com\/fr\/produit\/lumiere-pour-rever-galaxie\/#breadcrumb\"},\"inLanguage\":\"fr-FR\",\"potentialAction\":[{\"@type\":\"ReadAction\",\"target\":[\"https:\/\/ses-creative.com\/fr\/produit\/lumiere-pour-rever-galaxie\/\"]}]},{\"@type\":\"ImageObject\",\"inLanguage\":\"fr-FR\",\"@id\":\"https:\/\/ses-creative.com\/fr\/produit\/lumiere-pour-rever-galaxie\/#primaryimage\",\"url\":\"https:\/\/ses-creative.com\/wp-content\/uploads\/2026\/01\/147681.jpg\",\"contentUrl\":\"https:\/\/ses-creative.com\/wp-content\/uploads\/2026\/01\/147681.jpg\",\"width\":1000,\"height\":1000},{\"@type\":\"BreadcrumbList\",\"@id\":\"https:\/\/ses-creative.com\/fr\/produit\/lumiere-pour-rever-galaxie\/#breadcrumb\",\"itemListElement\":[{\"@type\":\"ListItem\",\"position\":1,\"name\":\"Boutique\",\"item\":\"https:\/\/ses-creative.com\/fr\/boutique\/\"},{\"@type\":\"ListItem\",\"position\":2,\"name\":\"Loisirs cr\u00e9atifs\",\"item\":\"https:\/\/ses-creative.com\/fr\/product-categorie\/loisirs-creatifs\/\"},{\"@type\":\"ListItem\",\"position\":3,\"name\":\"Lumi\u00e8re pour r\u00eaver &#8211; Galaxie\"}]},{\"@type\":\"WebSite\",\"@id\":\"https:\/\/ses-creative.com\/#website\",\"url\":\"https:\/\/ses-creative.com\/\",\"name\":\"SES Creative\",\"description\":\"\",\"publisher\":{\"@id\":\"https:\/\/ses-creative.com\/#organization\"},\"potentialAction\":[{\"@type\":\"SearchAction\",\"target\":{\"@type\":\"EntryPoint\",\"urlTemplate\":\"https:\/\/ses-creative.com\/?s={search_term_string}\"},\"query-input\":{\"@type\":\"PropertyValueSpecification\",\"valueRequired\":true,\"valueName\":\"search_term_string\"}}],\"inLanguage\":\"fr-FR\"},{\"@type\":\"Organization\",\"@id\":\"https:\/\/ses-creative.com\/#organization\",\"name\":\"SES Creative\",\"url\":\"https:\/\/ses-creative.com\/\",\"logo\":{\"@type\":\"ImageObject\",\"inLanguage\":\"fr-FR\",\"@id\":\"https:\/\/ses-creative.com\/#\/schema\/logo\/image\/\",\"url\":\"https:\/\/ses-creative.com\/wp-content\/uploads\/2025\/10\/ses-creative-logo.jpg\",\"contentUrl\":\"https:\/\/ses-creative.com\/wp-content\/uploads\/2025\/10\/ses-creative-logo.jpg\",\"width\":2037,\"height\":2037,\"caption\":\"SES Creative\"},\"image\":{\"@id\":\"https:\/\/ses-creative.com\/#\/schema\/logo\/image\/\"}}]}<\/script>\n<!-- \/ Yoast SEO plugin. -->","yoast_head_json":{"title":"Lumi\u00e8re pour r\u00eaver - Galaxie - SES Creative","robots":{"index":"index","follow":"follow","max-snippet":"max-snippet:-1","max-image-preview":"max-image-preview:large","max-video-preview":"max-video-preview:-1"},"canonical":"https:\/\/ses-creative.com\/fr\/produit\/lumiere-pour-rever-galaxie\/","og_locale":"fr_FR","og_type":"article","og_title":"Lumi\u00e8re pour r\u00eaver - Galaxie - SES Creative","og_description":"Galaxy \u2013 Lampe \u00e0 r\u00eaves Faites briller vos r\u00eaves avec la lampe \u00e0 r\u00eaves Galaxy de SES Creative ! Avec des \u00e9l\u00e9ments de capteur de r\u00eaves en bois, des perles, des rubans et une guirlande lumineuse LED, vous pouvez cr\u00e9er une d\u00e9coration murale magique qui est non seulement magnifique, mais qui diffuse \u00e9galement une lumi\u00e8re [&hellip;]","og_url":"https:\/\/ses-creative.com\/fr\/produit\/lumiere-pour-rever-galaxie\/","og_site_name":"SES Creative","article_modified_time":"2026-02-12T10:23:11+00:00","twitter_card":"summary_large_image","twitter_misc":{"Dur\u00e9e de lecture estim\u00e9e":"2 minutes"},"schema":{"@context":"https:\/\/schema.org","@graph":[{"@type":"WebPage","@id":"https:\/\/ses-creative.com\/fr\/produit\/lumiere-pour-rever-galaxie\/","url":"https:\/\/ses-creative.com\/fr\/produit\/lumiere-pour-rever-galaxie\/","name":"Lumi\u00e8re pour r\u00eaver - Galaxie - SES Creative","isPartOf":{"@id":"https:\/\/ses-creative.com\/#website"},"primaryImageOfPage":{"@id":"https:\/\/ses-creative.com\/fr\/produit\/lumiere-pour-rever-galaxie\/#primaryimage"},"image":{"@id":"https:\/\/ses-creative.com\/fr\/produit\/lumiere-pour-rever-galaxie\/#primaryimage"},"thumbnailUrl":"https:\/\/ses-creative.com\/wp-content\/uploads\/2026\/01\/147681.jpg","datePublished":"2026-02-12T10:09:44+00:00","dateModified":"2026-02-12T10:23:11+00:00","breadcrumb":{"@id":"https:\/\/ses-creative.com\/fr\/produit\/lumiere-pour-rever-galaxie\/#breadcrumb"},"inLanguage":"fr-FR","potentialAction":[{"@type":"ReadAction","target":["https:\/\/ses-creative.com\/fr\/produit\/lumiere-pour-rever-galaxie\/"]}]},{"@type":"ImageObject","inLanguage":"fr-FR","@id":"https:\/\/ses-creative.com\/fr\/produit\/lumiere-pour-rever-galaxie\/#primaryimage","url":"https:\/\/ses-creative.com\/wp-content\/uploads\/2026\/01\/147681.jpg","contentUrl":"https:\/\/ses-creative.com\/wp-content\/uploads\/2026\/01\/147681.jpg","width":1000,"height":1000},{"@type":"BreadcrumbList","@id":"https:\/\/ses-creative.com\/fr\/produit\/lumiere-pour-rever-galaxie\/#breadcrumb","itemListElement":[{"@type":"ListItem","position":1,"name":"Boutique","item":"https:\/\/ses-creative.com\/fr\/boutique\/"},{"@type":"ListItem","position":2,"name":"Loisirs cr\u00e9atifs","item":"https:\/\/ses-creative.com\/fr\/product-categorie\/loisirs-creatifs\/"},{"@type":"ListItem","position":3,"name":"Lumi\u00e8re pour r\u00eaver &#8211; Galaxie"}]},{"@type":"WebSite","@id":"https:\/\/ses-creative.com\/#website","url":"https:\/\/ses-creative.com\/","name":"SES Creative","description":"","publisher":{"@id":"https:\/\/ses-creative.com\/#organization"},"potentialAction":[{"@type":"SearchAction","target":{"@type":"EntryPoint","urlTemplate":"https:\/\/ses-creative.com\/?s={search_term_string}"},"query-input":{"@type":"PropertyValueSpecification","valueRequired":true,"valueName":"search_term_string"}}],"inLanguage":"fr-FR"},{"@type":"Organization","@id":"https:\/\/ses-creative.com\/#organization","name":"SES Creative","url":"https:\/\/ses-creative.com\/","logo":{"@type":"ImageObject","inLanguage":"fr-FR","@id":"https:\/\/ses-creative.com\/#\/schema\/logo\/image\/","url":"https:\/\/ses-creative.com\/wp-content\/uploads\/2025\/10\/ses-creative-logo.jpg","contentUrl":"https:\/\/ses-creative.com\/wp-content\/uploads\/2025\/10\/ses-creative-logo.jpg","width":2037,"height":2037,"caption":"SES Creative"},"image":{"@id":"https:\/\/ses-creative.com\/#\/schema\/logo\/image\/"}}]}},"_links":{"self":[{"href":"https:\/\/ses-creative.com\/fr\/wp-json\/wp\/v2\/product\/118425","targetHints":{"allow":["GET"]}}],"collection":[{"href":"https:\/\/ses-creative.com\/fr\/wp-json\/wp\/v2\/product"}],"about":[{"href":"https:\/\/ses-creative.com\/fr\/wp-json\/wp\/v2\/types\/product"}],"replies":[{"embeddable":true,"href":"https:\/\/ses-creative.com\/fr\/wp-json\/wp\/v2\/comments?post=118425"}],"wp:featuredmedia":[{"embeddable":true,"href":"https:\/\/ses-creative.com\/fr\/wp-json\/wp\/v2\/media\/104576"}],"wp:attachment":[{"href":"https:\/\/ses-creative.com\/fr\/wp-json\/wp\/v2\/media?parent=118425"}],"wp:term":[{"taxonomy":"product_brand","embeddable":true,"href":"https:\/\/ses-creative.com\/fr\/wp-json\/wp\/v2\/product_brand?post=118425"},{"taxonomy":"product_cat","embeddable":true,"href":"https:\/\/ses-creative.com\/fr\/wp-json\/wp\/v2\/product_cat?post=118425"},{"taxonomy":"product_tag","embeddable":true,"href":"https:\/\/ses-creative.com\/fr\/wp-json\/wp\/v2\/product_tag?post=118425"}],"curies":[{"name":"wp","href":"https:\/\/api.w.org\/{rel}","templated":true}]}}