











{"id":118423,"date":"2026-02-12T10:09:43","date_gmt":"2026-02-12T10:09:43","guid":{"rendered":"https:\/\/ses-creative.com\/?post_type=product&#038;p=118423"},"modified":"2026-02-12T10:23:11","modified_gmt":"2026-02-12T10:23:11","slug":"mouler-des-savonnettes-galaxie","status":"publish","type":"product","link":"https:\/\/ses-creative.com\/fr\/produit\/mouler-des-savonnettes-galaxie\/","title":{"rendered":"Mouler des savonnettes &#8211; Galaxie"},"content":{"rendered":"<p>Galaxy \u2013 Fabrication de savon<\/p>\n<p>Fabriquer soi-m\u00eame du savon ? C&rsquo;est g\u00e9nial ! Avec le kit Galaxy Savon \u00e0 fabriquer de SES Creative, vous pouvez cr\u00e9er de magnifiques savons de diff\u00e9rentes formes et couleurs, avec un effet galaxie magique. Faites fondre le savon, m\u00e9langez les colorants, ajoutez des paillettes et versez le tout dans le moule. Parfait pour les enfants cr\u00e9atifs \u00e0 partir de 7 ans qui aiment fabriquer des objets uniques \u00e0 utiliser ou \u00e0 offrir en cadeau.<\/p>\n<p>Ce qui rend ce kit g\u00e9nial<\/p>\n<p>Fabriquez des savons de diff\u00e9rentes formes<br \/>\nM\u00e9langez les couleurs pour obtenir un effet galaxie unique<br \/>\nPaillettes incluses pour plus d&rsquo;\u00e9clat<br \/>\nStimule la cr\u00e9ativit\u00e9 et la motricit\u00e9 fine<br \/>\nConvient aux enfants \u00e0 partir de 7 ans<\/p>\n<p>Cr\u00e9ez vos propres savons galaxie<br \/>\nAvec ce kit, vous pouvez cr\u00e9er des savons enchanteurs qui sont non seulement beaux \u00e0 regarder, mais aussi agr\u00e9ables \u00e0 utiliser. Jouez avec les couleurs, cr\u00e9ez vos propres combinaisons et ajoutez des paillettes pour un r\u00e9sultat \u00e9tincelant. Une activit\u00e9 parfaite pour un apr\u00e8s-midi cr\u00e9atif, seul ou entre amis.<\/p>\n<p>Contenu du kit<\/p>\n<p>Savon \u00e0 fondre<br \/>\nColorant rouge (5 ml)<br \/>\nColorant bleu (5 ml)<br \/>\nMoule \u00e0 savon avec diff\u00e9rentes formes<br \/>\nPaillettes<br \/>\nBaguettes pour remuer<br \/>\nMode d&#8217;emploi<\/p>\n<p>Pourquoi choisir SES Creative<br \/>\nChez SES Creative, nous accordons une grande importance \u00e0 la s\u00e9curit\u00e9. C&rsquo;est pourquoi nos produits sont fabriqu\u00e9s et test\u00e9s dans notre usine aux Pays-Bas, conform\u00e9ment aux normes de s\u00e9curit\u00e9 europ\u00e9ennes les plus strictes. Les jouets SES Creative sont source de plaisir et permettent aux enfants d&rsquo;\u00eatre fiers de leur travail, ce qui stimule leur cr\u00e9ativit\u00e9 et leur d\u00e9veloppement.<\/p>\n<p>Commencez d\u00e8s aujourd&rsquo;hui \u00e0 fabriquer vos savons Galaxy<br \/>\nD\u00e9couvrez le plaisir de fabriquer des savons et cr\u00e9ez des pi\u00e8ces uniques gr\u00e2ce \u00e0 ce kit complet !<\/p>\n","protected":false},"excerpt":{"rendered":"<p>Galaxy \u2013 Fabrication de savon Fabriquer soi-m\u00eame du savon ? C&rsquo;est g\u00e9nial ! Avec le kit Galaxy Savon \u00e0 fabriquer de SES Creative, vous pouvez cr\u00e9er de magnifiques savons de diff\u00e9rentes formes et couleurs, avec un effet galaxie magique. Faites fondre le savon, m\u00e9langez les colorants, ajoutez des paillettes et versez le tout dans le [&hellip;]<\/p>\n","protected":false},"featured_media":104536,"comment_status":"closed","ping_status":"closed","template":"","meta":{"_acf_changed":false},"product_brand":[],"product_cat":[122],"product_tag":[],"class_list":{"0":"post-118423","1":"product","2":"type-product","3":"status-publish","4":"has-post-thumbnail","6":"product_cat-loisirs-creatifs","7":"pa_leeftijd-filter-6-ans","8":"pa_meest-populair-bij-filles","10":"first","11":"instock","12":"shipping-taxable","13":"product-type-simple"},"acf":[],"yoast_head":"<!-- This site is optimized with the Yoast SEO plugin v27.4 - https:\/\/yoast.com\/product\/yoast-seo-wordpress\/ -->\n<title>Mouler des savonnettes - Galaxie - SES Creative<\/title>\n<meta name=\"robots\" content=\"index, follow, max-snippet:-1, max-image-preview:large, max-video-preview:-1\" \/>\n<link rel=\"canonical\" href=\"https:\/\/ses-creative.com\/fr\/produit\/mouler-des-savonnettes-galaxie\/\" \/>\n<meta property=\"og:locale\" content=\"fr_FR\" \/>\n<meta property=\"og:type\" content=\"article\" \/>\n<meta property=\"og:title\" content=\"Mouler des savonnettes - Galaxie - SES Creative\" \/>\n<meta property=\"og:description\" content=\"Galaxy \u2013 Fabrication de savon Fabriquer soi-m\u00eame du savon ? C&rsquo;est g\u00e9nial ! Avec le kit Galaxy Savon \u00e0 fabriquer de SES Creative, vous pouvez cr\u00e9er de magnifiques savons de diff\u00e9rentes formes et couleurs, avec un effet galaxie magique. Faites fondre le savon, m\u00e9langez les colorants, ajoutez des paillettes et versez le tout dans le [&hellip;]\" \/>\n<meta property=\"og:url\" content=\"https:\/\/ses-creative.com\/fr\/produit\/mouler-des-savonnettes-galaxie\/\" \/>\n<meta property=\"og:site_name\" content=\"SES Creative\" \/>\n<meta property=\"article:modified_time\" content=\"2026-02-12T10:23:11+00:00\" \/>\n<meta name=\"twitter:card\" content=\"summary_large_image\" \/>\n<meta name=\"twitter:label1\" content=\"Dur\u00e9e de lecture estim\u00e9e\" \/>\n\t<meta name=\"twitter:data1\" content=\"2 minutes\" \/>\n<script type=\"application\/ld+json\" class=\"yoast-schema-graph\">{\"@context\":\"https:\\\/\\\/schema.org\",\"@graph\":[{\"@type\":\"WebPage\",\"@id\":\"https:\\\/\\\/ses-creative.com\\\/fr\\\/produit\\\/mouler-des-savonnettes-galaxie\\\/\",\"url\":\"https:\\\/\\\/ses-creative.com\\\/fr\\\/produit\\\/mouler-des-savonnettes-galaxie\\\/\",\"name\":\"Mouler des savonnettes - Galaxie - SES Creative\",\"isPartOf\":{\"@id\":\"https:\\\/\\\/ses-creative.com\\\/#website\"},\"primaryImageOfPage\":{\"@id\":\"https:\\\/\\\/ses-creative.com\\\/fr\\\/produit\\\/mouler-des-savonnettes-galaxie\\\/#primaryimage\"},\"image\":{\"@id\":\"https:\\\/\\\/ses-creative.com\\\/fr\\\/produit\\\/mouler-des-savonnettes-galaxie\\\/#primaryimage\"},\"thumbnailUrl\":\"https:\\\/\\\/ses-creative.com\\\/wp-content\\\/uploads\\\/2026\\\/01\\\/147651.jpg\",\"datePublished\":\"2026-02-12T10:09:43+00:00\",\"dateModified\":\"2026-02-12T10:23:11+00:00\",\"breadcrumb\":{\"@id\":\"https:\\\/\\\/ses-creative.com\\\/fr\\\/produit\\\/mouler-des-savonnettes-galaxie\\\/#breadcrumb\"},\"inLanguage\":\"fr-FR\",\"potentialAction\":[{\"@type\":\"ReadAction\",\"target\":[\"https:\\\/\\\/ses-creative.com\\\/fr\\\/produit\\\/mouler-des-savonnettes-galaxie\\\/\"]}]},{\"@type\":\"ImageObject\",\"inLanguage\":\"fr-FR\",\"@id\":\"https:\\\/\\\/ses-creative.com\\\/fr\\\/produit\\\/mouler-des-savonnettes-galaxie\\\/#primaryimage\",\"url\":\"https:\\\/\\\/ses-creative.com\\\/wp-content\\\/uploads\\\/2026\\\/01\\\/147651.jpg\",\"contentUrl\":\"https:\\\/\\\/ses-creative.com\\\/wp-content\\\/uploads\\\/2026\\\/01\\\/147651.jpg\",\"width\":1000,\"height\":1000},{\"@type\":\"BreadcrumbList\",\"@id\":\"https:\\\/\\\/ses-creative.com\\\/fr\\\/produit\\\/mouler-des-savonnettes-galaxie\\\/#breadcrumb\",\"itemListElement\":[{\"@type\":\"ListItem\",\"position\":1,\"name\":\"Boutique\",\"item\":\"https:\\\/\\\/ses-creative.com\\\/fr\\\/boutique\\\/\"},{\"@type\":\"ListItem\",\"position\":2,\"name\":\"Loisirs cr\u00e9atifs\",\"item\":\"https:\\\/\\\/ses-creative.com\\\/fr\\\/product-categorie\\\/loisirs-creatifs\\\/\"},{\"@type\":\"ListItem\",\"position\":3,\"name\":\"Mouler des savonnettes &#8211; Galaxie\"}]},{\"@type\":\"WebSite\",\"@id\":\"https:\\\/\\\/ses-creative.com\\\/#website\",\"url\":\"https:\\\/\\\/ses-creative.com\\\/\",\"name\":\"SES Creative\",\"description\":\"\",\"publisher\":{\"@id\":\"https:\\\/\\\/ses-creative.com\\\/#organization\"},\"potentialAction\":[{\"@type\":\"SearchAction\",\"target\":{\"@type\":\"EntryPoint\",\"urlTemplate\":\"https:\\\/\\\/ses-creative.com\\\/?s={search_term_string}\"},\"query-input\":{\"@type\":\"PropertyValueSpecification\",\"valueRequired\":true,\"valueName\":\"search_term_string\"}}],\"inLanguage\":\"fr-FR\"},{\"@type\":\"Organization\",\"@id\":\"https:\\\/\\\/ses-creative.com\\\/#organization\",\"name\":\"SES Creative\",\"url\":\"https:\\\/\\\/ses-creative.com\\\/\",\"logo\":{\"@type\":\"ImageObject\",\"inLanguage\":\"fr-FR\",\"@id\":\"https:\\\/\\\/ses-creative.com\\\/#\\\/schema\\\/logo\\\/image\\\/\",\"url\":\"https:\\\/\\\/ses-creative.com\\\/wp-content\\\/uploads\\\/2025\\\/10\\\/ses-creative-logo.jpg\",\"contentUrl\":\"https:\\\/\\\/ses-creative.com\\\/wp-content\\\/uploads\\\/2025\\\/10\\\/ses-creative-logo.jpg\",\"width\":2037,\"height\":2037,\"caption\":\"SES Creative\"},\"image\":{\"@id\":\"https:\\\/\\\/ses-creative.com\\\/#\\\/schema\\\/logo\\\/image\\\/\"}}]}<\/script>\n<!-- \/ Yoast SEO plugin. -->","yoast_head_json":{"title":"Mouler des savonnettes - Galaxie - SES Creative","robots":{"index":"index","follow":"follow","max-snippet":"max-snippet:-1","max-image-preview":"max-image-preview:large","max-video-preview":"max-video-preview:-1"},"canonical":"https:\/\/ses-creative.com\/fr\/produit\/mouler-des-savonnettes-galaxie\/","og_locale":"fr_FR","og_type":"article","og_title":"Mouler des savonnettes - Galaxie - SES Creative","og_description":"Galaxy \u2013 Fabrication de savon Fabriquer soi-m\u00eame du savon ? C&rsquo;est g\u00e9nial ! Avec le kit Galaxy Savon \u00e0 fabriquer de SES Creative, vous pouvez cr\u00e9er de magnifiques savons de diff\u00e9rentes formes et couleurs, avec un effet galaxie magique. Faites fondre le savon, m\u00e9langez les colorants, ajoutez des paillettes et versez le tout dans le [&hellip;]","og_url":"https:\/\/ses-creative.com\/fr\/produit\/mouler-des-savonnettes-galaxie\/","og_site_name":"SES Creative","article_modified_time":"2026-02-12T10:23:11+00:00","twitter_card":"summary_large_image","twitter_misc":{"Dur\u00e9e de lecture estim\u00e9e":"2 minutes"},"schema":{"@context":"https:\/\/schema.org","@graph":[{"@type":"WebPage","@id":"https:\/\/ses-creative.com\/fr\/produit\/mouler-des-savonnettes-galaxie\/","url":"https:\/\/ses-creative.com\/fr\/produit\/mouler-des-savonnettes-galaxie\/","name":"Mouler des savonnettes - Galaxie - SES Creative","isPartOf":{"@id":"https:\/\/ses-creative.com\/#website"},"primaryImageOfPage":{"@id":"https:\/\/ses-creative.com\/fr\/produit\/mouler-des-savonnettes-galaxie\/#primaryimage"},"image":{"@id":"https:\/\/ses-creative.com\/fr\/produit\/mouler-des-savonnettes-galaxie\/#primaryimage"},"thumbnailUrl":"https:\/\/ses-creative.com\/wp-content\/uploads\/2026\/01\/147651.jpg","datePublished":"2026-02-12T10:09:43+00:00","dateModified":"2026-02-12T10:23:11+00:00","breadcrumb":{"@id":"https:\/\/ses-creative.com\/fr\/produit\/mouler-des-savonnettes-galaxie\/#breadcrumb"},"inLanguage":"fr-FR","potentialAction":[{"@type":"ReadAction","target":["https:\/\/ses-creative.com\/fr\/produit\/mouler-des-savonnettes-galaxie\/"]}]},{"@type":"ImageObject","inLanguage":"fr-FR","@id":"https:\/\/ses-creative.com\/fr\/produit\/mouler-des-savonnettes-galaxie\/#primaryimage","url":"https:\/\/ses-creative.com\/wp-content\/uploads\/2026\/01\/147651.jpg","contentUrl":"https:\/\/ses-creative.com\/wp-content\/uploads\/2026\/01\/147651.jpg","width":1000,"height":1000},{"@type":"BreadcrumbList","@id":"https:\/\/ses-creative.com\/fr\/produit\/mouler-des-savonnettes-galaxie\/#breadcrumb","itemListElement":[{"@type":"ListItem","position":1,"name":"Boutique","item":"https:\/\/ses-creative.com\/fr\/boutique\/"},{"@type":"ListItem","position":2,"name":"Loisirs cr\u00e9atifs","item":"https:\/\/ses-creative.com\/fr\/product-categorie\/loisirs-creatifs\/"},{"@type":"ListItem","position":3,"name":"Mouler des savonnettes &#8211; Galaxie"}]},{"@type":"WebSite","@id":"https:\/\/ses-creative.com\/#website","url":"https:\/\/ses-creative.com\/","name":"SES Creative","description":"","publisher":{"@id":"https:\/\/ses-creative.com\/#organization"},"potentialAction":[{"@type":"SearchAction","target":{"@type":"EntryPoint","urlTemplate":"https:\/\/ses-creative.com\/?s={search_term_string}"},"query-input":{"@type":"PropertyValueSpecification","valueRequired":true,"valueName":"search_term_string"}}],"inLanguage":"fr-FR"},{"@type":"Organization","@id":"https:\/\/ses-creative.com\/#organization","name":"SES Creative","url":"https:\/\/ses-creative.com\/","logo":{"@type":"ImageObject","inLanguage":"fr-FR","@id":"https:\/\/ses-creative.com\/#\/schema\/logo\/image\/","url":"https:\/\/ses-creative.com\/wp-content\/uploads\/2025\/10\/ses-creative-logo.jpg","contentUrl":"https:\/\/ses-creative.com\/wp-content\/uploads\/2025\/10\/ses-creative-logo.jpg","width":2037,"height":2037,"caption":"SES Creative"},"image":{"@id":"https:\/\/ses-creative.com\/#\/schema\/logo\/image\/"}}]}},"_links":{"self":[{"href":"https:\/\/ses-creative.com\/fr\/wp-json\/wp\/v2\/product\/118423","targetHints":{"allow":["GET"]}}],"collection":[{"href":"https:\/\/ses-creative.com\/fr\/wp-json\/wp\/v2\/product"}],"about":[{"href":"https:\/\/ses-creative.com\/fr\/wp-json\/wp\/v2\/types\/product"}],"replies":[{"embeddable":true,"href":"https:\/\/ses-creative.com\/fr\/wp-json\/wp\/v2\/comments?post=118423"}],"wp:featuredmedia":[{"embeddable":true,"href":"https:\/\/ses-creative.com\/fr\/wp-json\/wp\/v2\/media\/104536"}],"wp:attachment":[{"href":"https:\/\/ses-creative.com\/fr\/wp-json\/wp\/v2\/media?parent=118423"}],"wp:term":[{"taxonomy":"product_brand","embeddable":true,"href":"https:\/\/ses-creative.com\/fr\/wp-json\/wp\/v2\/product_brand?post=118423"},{"taxonomy":"product_cat","embeddable":true,"href":"https:\/\/ses-creative.com\/fr\/wp-json\/wp\/v2\/product_cat?post=118423"},{"taxonomy":"product_tag","embeddable":true,"href":"https:\/\/ses-creative.com\/fr\/wp-json\/wp\/v2\/product_tag?post=118423"}],"curies":[{"name":"wp","href":"https:\/\/api.w.org\/{rel}","templated":true}]}}