











{"id":118422,"date":"2026-02-12T10:09:43","date_gmt":"2026-02-12T10:09:43","guid":{"rendered":"https:\/\/ses-creative.com\/?post_type=product&#038;p=118422"},"modified":"2026-02-12T10:23:11","modified_gmt":"2026-02-12T10:23:11","slug":"tatouages-de-licorne-galaxie","status":"publish","type":"product","link":"https:\/\/ses-creative.com\/fr\/produit\/tatouages-de-licorne-galaxie\/","title":{"rendered":"Tatouages de licorne &#8211; Galaxie"},"content":{"rendered":"<p>Galaxy \u2013 Tatouages licorne<\/p>\n<p>Laissez libre cours \u00e0 votre imagination avec le kit Galaxy Unicorn Tattoos de SES Creative ! Avec pas moins de 32 tatouages m\u00e9talliques aux superbes motifs de licornes et des paillettes cosm\u00e9tiques suppl\u00e9mentaires, vous cr\u00e9erez un look enchanteur, plein de couleurs et de brillance. Id\u00e9al pour les enfants \u00e0 partir de 5 ans qui aiment la magie, la cr\u00e9ativit\u00e9 et une touche de glamour.<\/p>\n<p>Ce qui rend ce kit g\u00e9nial<\/p>\n<p>32 tatouages m\u00e9talliques licorne pour un r\u00e9sultat \u00e9blouissant<br \/>\nComprend des paillettes cosm\u00e9tiques sans danger pour plus d&rsquo;\u00e9clat<br \/>\nTh\u00e8me licorne, parfait pour les enfants imaginatifs<br \/>\nFacile \u00e0 appliquer et \u00e0 retirer<br \/>\nId\u00e9al pour les f\u00eates ou les apr\u00e8s-midis cr\u00e9atifs<\/p>\n<p>Cr\u00e9ez votre propre univers magique de tatouages<br \/>\nAvec ce kit, vous pouvez vous d\u00e9corer de tatouages licorne scintillants et compl\u00e9ter votre look avec des paillettes. Parfait pour afficher votre propre style, vous d\u00e9corer avec vos amies ou rendre une f\u00eate encore plus magique.<\/p>\n<p>Contenu du kit<\/p>\n<p>32 tatouages m\u00e9talliques licorne<br \/>\nPaillettes cosm\u00e9tiques<\/p>\n<p>Pourquoi choisir SES Creative<br \/>\nChez SES Creative, nous accordons une grande importance \u00e0 la s\u00e9curit\u00e9. C&rsquo;est pourquoi nos produits sont fabriqu\u00e9s et test\u00e9s dans notre usine aux Pays-Bas, conform\u00e9ment aux normes de s\u00e9curit\u00e9 europ\u00e9ennes les plus strictes. Les jouets SES Creative sont source de plaisir et permettent aux enfants d&rsquo;\u00eatre fiers de leur travail, ce qui stimule leur cr\u00e9ativit\u00e9 et leur d\u00e9veloppement.<\/p>\n<p>Commencez d\u00e8s aujourd&rsquo;hui avec vos tatouages licorne<br \/>\nD\u00e9couvrez le plaisir des tatouages m\u00e9talliques et laissez libre cours \u00e0 votre imagination avec ce kit magique !<\/p>\n","protected":false},"excerpt":{"rendered":"<p>Galaxy \u2013 Tatouages licorne Laissez libre cours \u00e0 votre imagination avec le kit Galaxy Unicorn Tattoos de SES Creative ! Avec pas moins de 32 tatouages m\u00e9talliques aux superbes motifs de licornes et des paillettes cosm\u00e9tiques suppl\u00e9mentaires, vous cr\u00e9erez un look enchanteur, plein de couleurs et de brillance. Id\u00e9al pour les enfants \u00e0 partir de [&hellip;]<\/p>\n","protected":false},"featured_media":104516,"comment_status":"closed","ping_status":"closed","template":"","meta":{"_acf_changed":false},"product_brand":[],"product_cat":[122],"product_tag":[],"class_list":{"0":"post-118422","1":"product","2":"type-product","3":"status-publish","4":"has-post-thumbnail","6":"product_cat-loisirs-creatifs","7":"pa_leeftijd-filter-4-6-ans","8":"pa_meest-populair-bij-filles","10":"first","11":"instock","12":"shipping-taxable","13":"product-type-simple"},"acf":[],"yoast_head":"<!-- This site is optimized with the Yoast SEO plugin v27.2 - https:\/\/yoast.com\/product\/yoast-seo-wordpress\/ -->\n<title>Tatouages de licorne - Galaxie - SES Creative<\/title>\n<meta name=\"robots\" content=\"index, follow, max-snippet:-1, max-image-preview:large, max-video-preview:-1\" \/>\n<link rel=\"canonical\" href=\"https:\/\/ses-creative.com\/fr\/produit\/tatouages-de-licorne-galaxie\/\" \/>\n<meta property=\"og:locale\" content=\"fr_FR\" \/>\n<meta property=\"og:type\" content=\"article\" \/>\n<meta property=\"og:title\" content=\"Tatouages de licorne - Galaxie - SES Creative\" \/>\n<meta property=\"og:description\" content=\"Galaxy \u2013 Tatouages licorne Laissez libre cours \u00e0 votre imagination avec le kit Galaxy Unicorn Tattoos de SES Creative ! Avec pas moins de 32 tatouages m\u00e9talliques aux superbes motifs de licornes et des paillettes cosm\u00e9tiques suppl\u00e9mentaires, vous cr\u00e9erez un look enchanteur, plein de couleurs et de brillance. Id\u00e9al pour les enfants \u00e0 partir de [&hellip;]\" \/>\n<meta property=\"og:url\" content=\"https:\/\/ses-creative.com\/fr\/produit\/tatouages-de-licorne-galaxie\/\" \/>\n<meta property=\"og:site_name\" content=\"SES Creative\" \/>\n<meta property=\"article:modified_time\" content=\"2026-02-12T10:23:11+00:00\" \/>\n<meta name=\"twitter:card\" content=\"summary_large_image\" \/>\n<meta name=\"twitter:label1\" content=\"Dur\u00e9e de lecture estim\u00e9e\" \/>\n\t<meta name=\"twitter:data1\" content=\"1 minute\" \/>\n<script type=\"application\/ld+json\" class=\"yoast-schema-graph\">{\"@context\":\"https:\/\/schema.org\",\"@graph\":[{\"@type\":\"WebPage\",\"@id\":\"https:\/\/ses-creative.com\/fr\/produit\/tatouages-de-licorne-galaxie\/\",\"url\":\"https:\/\/ses-creative.com\/fr\/produit\/tatouages-de-licorne-galaxie\/\",\"name\":\"Tatouages de licorne - Galaxie - SES Creative\",\"isPartOf\":{\"@id\":\"https:\/\/ses-creative.com\/#website\"},\"primaryImageOfPage\":{\"@id\":\"https:\/\/ses-creative.com\/fr\/produit\/tatouages-de-licorne-galaxie\/#primaryimage\"},\"image\":{\"@id\":\"https:\/\/ses-creative.com\/fr\/produit\/tatouages-de-licorne-galaxie\/#primaryimage\"},\"thumbnailUrl\":\"https:\/\/ses-creative.com\/wp-content\/uploads\/2026\/01\/147641.jpg\",\"datePublished\":\"2026-02-12T10:09:43+00:00\",\"dateModified\":\"2026-02-12T10:23:11+00:00\",\"breadcrumb\":{\"@id\":\"https:\/\/ses-creative.com\/fr\/produit\/tatouages-de-licorne-galaxie\/#breadcrumb\"},\"inLanguage\":\"fr-FR\",\"potentialAction\":[{\"@type\":\"ReadAction\",\"target\":[\"https:\/\/ses-creative.com\/fr\/produit\/tatouages-de-licorne-galaxie\/\"]}]},{\"@type\":\"ImageObject\",\"inLanguage\":\"fr-FR\",\"@id\":\"https:\/\/ses-creative.com\/fr\/produit\/tatouages-de-licorne-galaxie\/#primaryimage\",\"url\":\"https:\/\/ses-creative.com\/wp-content\/uploads\/2026\/01\/147641.jpg\",\"contentUrl\":\"https:\/\/ses-creative.com\/wp-content\/uploads\/2026\/01\/147641.jpg\",\"width\":1000,\"height\":1000},{\"@type\":\"BreadcrumbList\",\"@id\":\"https:\/\/ses-creative.com\/fr\/produit\/tatouages-de-licorne-galaxie\/#breadcrumb\",\"itemListElement\":[{\"@type\":\"ListItem\",\"position\":1,\"name\":\"Boutique\",\"item\":\"https:\/\/ses-creative.com\/fr\/boutique\/\"},{\"@type\":\"ListItem\",\"position\":2,\"name\":\"Loisirs cr\u00e9atifs\",\"item\":\"https:\/\/ses-creative.com\/fr\/product-categorie\/loisirs-creatifs\/\"},{\"@type\":\"ListItem\",\"position\":3,\"name\":\"Tatouages de licorne &#8211; Galaxie\"}]},{\"@type\":\"WebSite\",\"@id\":\"https:\/\/ses-creative.com\/#website\",\"url\":\"https:\/\/ses-creative.com\/\",\"name\":\"SES Creative\",\"description\":\"\",\"publisher\":{\"@id\":\"https:\/\/ses-creative.com\/#organization\"},\"potentialAction\":[{\"@type\":\"SearchAction\",\"target\":{\"@type\":\"EntryPoint\",\"urlTemplate\":\"https:\/\/ses-creative.com\/?s={search_term_string}\"},\"query-input\":{\"@type\":\"PropertyValueSpecification\",\"valueRequired\":true,\"valueName\":\"search_term_string\"}}],\"inLanguage\":\"fr-FR\"},{\"@type\":\"Organization\",\"@id\":\"https:\/\/ses-creative.com\/#organization\",\"name\":\"SES Creative\",\"url\":\"https:\/\/ses-creative.com\/\",\"logo\":{\"@type\":\"ImageObject\",\"inLanguage\":\"fr-FR\",\"@id\":\"https:\/\/ses-creative.com\/#\/schema\/logo\/image\/\",\"url\":\"https:\/\/ses-creative.com\/wp-content\/uploads\/2025\/10\/ses-creative-logo.jpg\",\"contentUrl\":\"https:\/\/ses-creative.com\/wp-content\/uploads\/2025\/10\/ses-creative-logo.jpg\",\"width\":2037,\"height\":2037,\"caption\":\"SES Creative\"},\"image\":{\"@id\":\"https:\/\/ses-creative.com\/#\/schema\/logo\/image\/\"}}]}<\/script>\n<!-- \/ Yoast SEO plugin. -->","yoast_head_json":{"title":"Tatouages de licorne - Galaxie - SES Creative","robots":{"index":"index","follow":"follow","max-snippet":"max-snippet:-1","max-image-preview":"max-image-preview:large","max-video-preview":"max-video-preview:-1"},"canonical":"https:\/\/ses-creative.com\/fr\/produit\/tatouages-de-licorne-galaxie\/","og_locale":"fr_FR","og_type":"article","og_title":"Tatouages de licorne - Galaxie - SES Creative","og_description":"Galaxy \u2013 Tatouages licorne Laissez libre cours \u00e0 votre imagination avec le kit Galaxy Unicorn Tattoos de SES Creative ! Avec pas moins de 32 tatouages m\u00e9talliques aux superbes motifs de licornes et des paillettes cosm\u00e9tiques suppl\u00e9mentaires, vous cr\u00e9erez un look enchanteur, plein de couleurs et de brillance. Id\u00e9al pour les enfants \u00e0 partir de [&hellip;]","og_url":"https:\/\/ses-creative.com\/fr\/produit\/tatouages-de-licorne-galaxie\/","og_site_name":"SES Creative","article_modified_time":"2026-02-12T10:23:11+00:00","twitter_card":"summary_large_image","twitter_misc":{"Dur\u00e9e de lecture estim\u00e9e":"1 minute"},"schema":{"@context":"https:\/\/schema.org","@graph":[{"@type":"WebPage","@id":"https:\/\/ses-creative.com\/fr\/produit\/tatouages-de-licorne-galaxie\/","url":"https:\/\/ses-creative.com\/fr\/produit\/tatouages-de-licorne-galaxie\/","name":"Tatouages de licorne - Galaxie - SES Creative","isPartOf":{"@id":"https:\/\/ses-creative.com\/#website"},"primaryImageOfPage":{"@id":"https:\/\/ses-creative.com\/fr\/produit\/tatouages-de-licorne-galaxie\/#primaryimage"},"image":{"@id":"https:\/\/ses-creative.com\/fr\/produit\/tatouages-de-licorne-galaxie\/#primaryimage"},"thumbnailUrl":"https:\/\/ses-creative.com\/wp-content\/uploads\/2026\/01\/147641.jpg","datePublished":"2026-02-12T10:09:43+00:00","dateModified":"2026-02-12T10:23:11+00:00","breadcrumb":{"@id":"https:\/\/ses-creative.com\/fr\/produit\/tatouages-de-licorne-galaxie\/#breadcrumb"},"inLanguage":"fr-FR","potentialAction":[{"@type":"ReadAction","target":["https:\/\/ses-creative.com\/fr\/produit\/tatouages-de-licorne-galaxie\/"]}]},{"@type":"ImageObject","inLanguage":"fr-FR","@id":"https:\/\/ses-creative.com\/fr\/produit\/tatouages-de-licorne-galaxie\/#primaryimage","url":"https:\/\/ses-creative.com\/wp-content\/uploads\/2026\/01\/147641.jpg","contentUrl":"https:\/\/ses-creative.com\/wp-content\/uploads\/2026\/01\/147641.jpg","width":1000,"height":1000},{"@type":"BreadcrumbList","@id":"https:\/\/ses-creative.com\/fr\/produit\/tatouages-de-licorne-galaxie\/#breadcrumb","itemListElement":[{"@type":"ListItem","position":1,"name":"Boutique","item":"https:\/\/ses-creative.com\/fr\/boutique\/"},{"@type":"ListItem","position":2,"name":"Loisirs cr\u00e9atifs","item":"https:\/\/ses-creative.com\/fr\/product-categorie\/loisirs-creatifs\/"},{"@type":"ListItem","position":3,"name":"Tatouages de licorne &#8211; Galaxie"}]},{"@type":"WebSite","@id":"https:\/\/ses-creative.com\/#website","url":"https:\/\/ses-creative.com\/","name":"SES Creative","description":"","publisher":{"@id":"https:\/\/ses-creative.com\/#organization"},"potentialAction":[{"@type":"SearchAction","target":{"@type":"EntryPoint","urlTemplate":"https:\/\/ses-creative.com\/?s={search_term_string}"},"query-input":{"@type":"PropertyValueSpecification","valueRequired":true,"valueName":"search_term_string"}}],"inLanguage":"fr-FR"},{"@type":"Organization","@id":"https:\/\/ses-creative.com\/#organization","name":"SES Creative","url":"https:\/\/ses-creative.com\/","logo":{"@type":"ImageObject","inLanguage":"fr-FR","@id":"https:\/\/ses-creative.com\/#\/schema\/logo\/image\/","url":"https:\/\/ses-creative.com\/wp-content\/uploads\/2025\/10\/ses-creative-logo.jpg","contentUrl":"https:\/\/ses-creative.com\/wp-content\/uploads\/2025\/10\/ses-creative-logo.jpg","width":2037,"height":2037,"caption":"SES Creative"},"image":{"@id":"https:\/\/ses-creative.com\/#\/schema\/logo\/image\/"}}]}},"_links":{"self":[{"href":"https:\/\/ses-creative.com\/fr\/wp-json\/wp\/v2\/product\/118422","targetHints":{"allow":["GET"]}}],"collection":[{"href":"https:\/\/ses-creative.com\/fr\/wp-json\/wp\/v2\/product"}],"about":[{"href":"https:\/\/ses-creative.com\/fr\/wp-json\/wp\/v2\/types\/product"}],"replies":[{"embeddable":true,"href":"https:\/\/ses-creative.com\/fr\/wp-json\/wp\/v2\/comments?post=118422"}],"wp:featuredmedia":[{"embeddable":true,"href":"https:\/\/ses-creative.com\/fr\/wp-json\/wp\/v2\/media\/104516"}],"wp:attachment":[{"href":"https:\/\/ses-creative.com\/fr\/wp-json\/wp\/v2\/media?parent=118422"}],"wp:term":[{"taxonomy":"product_brand","embeddable":true,"href":"https:\/\/ses-creative.com\/fr\/wp-json\/wp\/v2\/product_brand?post=118422"},{"taxonomy":"product_cat","embeddable":true,"href":"https:\/\/ses-creative.com\/fr\/wp-json\/wp\/v2\/product_cat?post=118422"},{"taxonomy":"product_tag","embeddable":true,"href":"https:\/\/ses-creative.com\/fr\/wp-json\/wp\/v2\/product_tag?post=118422"}],"curies":[{"name":"wp","href":"https:\/\/api.w.org\/{rel}","templated":true}]}}