











{"id":118421,"date":"2026-02-12T10:09:43","date_gmt":"2026-02-12T10:09:43","guid":{"rendered":"https:\/\/ses-creative.com\/?post_type=product&#038;p=118421"},"modified":"2026-02-12T10:23:11","modified_gmt":"2026-02-12T10:23:11","slug":"bijoux-dhumeur-galaxie","status":"publish","type":"product","link":"https:\/\/ses-creative.com\/fr\/produit\/bijoux-dhumeur-galaxie\/","title":{"rendered":"Bijoux d&rsquo;humeur &#8211; Galaxie"},"content":{"rendered":"<p>Galaxy \u2013 Bijoux Mood<\/p>\n<p>De quelle humeur \u00eates-vous aujourd&rsquo;hui ? Avec le kit Galaxy Mood Bijoux de SES Creative, vous pouvez cr\u00e9er de magnifiques bracelets et colliers avec des breloques qui changent de couleur pour refl\u00e9ter votre humeur. Parfait pour les jeunes cr\u00e9ateurs de mode \u00e0 partir de 3 ans qui aiment bricoler et cr\u00e9er des bijoux.<\/p>\n<p>Ce qui rend ce kit g\u00e9nial<\/p>\n<p>Des breloques qui changent de couleur en fonction de votre humeur<br \/>\nComprend des breloques en forme d&rsquo;\u00e9toile et de lune pour un look magique<br \/>\nStimule la cr\u00e9ativit\u00e9 et l&rsquo;expression personnelle<br \/>\nConvient aux enfants \u00e0 partir de 3 ans<br \/>\nAmusant et facile \u00e0 r\u00e9aliser, id\u00e9al pour les apr\u00e8s-midis cr\u00e9atifs<\/p>\n<p>Cr\u00e9ez des bijoux qui refl\u00e8tent votre humeur<br \/>\nAvec ce kit, vous pouvez cr\u00e9er des bijoux qui sont non seulement beaux, mais qui racontent aussi une histoire. Les breloques qui changent de couleur rendent chaque bracelet ou collier unique et ajoutent une touche magique et personnelle \u00e0 votre look.<\/p>\n<p>Contenu du kit<\/p>\n<p>2 breloques changeant de couleur en forme d&rsquo;\u00e9toile<br \/>\n1 breloque changeant de couleur en forme de lune<br \/>\nMat\u00e9riel n\u00e9cessaire pour la fabrication de bracelets et de colliers<\/p>\n<p>Pourquoi choisir SES Creative<br \/>\nChez SES Creative, nous accordons une grande importance \u00e0 la s\u00e9curit\u00e9. C&rsquo;est pourquoi nos produits sont fabriqu\u00e9s et test\u00e9s dans notre usine aux Pays-Bas, conform\u00e9ment aux normes de s\u00e9curit\u00e9 europ\u00e9ennes les plus strictes. Les jouets SES Creative sont source de plaisir et permettent aux enfants d&rsquo;\u00eatre fiers de leur travail, ce qui stimule leur cr\u00e9ativit\u00e9 et leur d\u00e9veloppement.<\/p>\n<p>Commencez d\u00e8s aujourd&rsquo;hui \u00e0 cr\u00e9er vos bijoux Galaxy Mood<br \/>\nLaissez libre cours \u00e0 votre cr\u00e9ativit\u00e9 et cr\u00e9ez des bijoux qui refl\u00e8tent votre humeur !<\/p>\n","protected":false},"excerpt":{"rendered":"<p>Galaxy \u2013 Bijoux Mood De quelle humeur \u00eates-vous aujourd&rsquo;hui ? Avec le kit Galaxy Mood Bijoux de SES Creative, vous pouvez cr\u00e9er de magnifiques bracelets et colliers avec des breloques qui changent de couleur pour refl\u00e9ter votre humeur. Parfait pour les jeunes cr\u00e9ateurs de mode \u00e0 partir de 3 ans qui aiment bricoler et cr\u00e9er [&hellip;]<\/p>\n","protected":false},"featured_media":95480,"comment_status":"closed","ping_status":"closed","template":"","meta":{"_acf_changed":false},"product_brand":[],"product_cat":[122],"product_tag":[],"class_list":{"0":"post-118421","1":"product","2":"type-product","3":"status-publish","4":"has-post-thumbnail","6":"product_cat-loisirs-creatifs","7":"pa_leeftijd-filter-3-4-ans","8":"pa_meest-populair-bij-filles","10":"first","11":"instock","12":"shipping-taxable","13":"product-type-simple"},"acf":[],"yoast_head":"<!-- This site is optimized with the Yoast SEO plugin v27.2 - https:\/\/yoast.com\/product\/yoast-seo-wordpress\/ -->\n<title>Bijoux d&#039;humeur - Galaxie - SES Creative<\/title>\n<meta name=\"robots\" content=\"index, follow, max-snippet:-1, max-image-preview:large, max-video-preview:-1\" \/>\n<link rel=\"canonical\" href=\"https:\/\/ses-creative.com\/fr\/produit\/bijoux-dhumeur-galaxie\/\" \/>\n<meta property=\"og:locale\" content=\"fr_FR\" \/>\n<meta property=\"og:type\" content=\"article\" \/>\n<meta property=\"og:title\" content=\"Bijoux d&#039;humeur - Galaxie - SES Creative\" \/>\n<meta property=\"og:description\" content=\"Galaxy \u2013 Bijoux Mood De quelle humeur \u00eates-vous aujourd&rsquo;hui ? Avec le kit Galaxy Mood Bijoux de SES Creative, vous pouvez cr\u00e9er de magnifiques bracelets et colliers avec des breloques qui changent de couleur pour refl\u00e9ter votre humeur. Parfait pour les jeunes cr\u00e9ateurs de mode \u00e0 partir de 3 ans qui aiment bricoler et cr\u00e9er [&hellip;]\" \/>\n<meta property=\"og:url\" content=\"https:\/\/ses-creative.com\/fr\/produit\/bijoux-dhumeur-galaxie\/\" \/>\n<meta property=\"og:site_name\" content=\"SES Creative\" \/>\n<meta property=\"article:modified_time\" content=\"2026-02-12T10:23:11+00:00\" \/>\n<meta name=\"twitter:card\" content=\"summary_large_image\" \/>\n<meta name=\"twitter:label1\" content=\"Dur\u00e9e de lecture estim\u00e9e\" \/>\n\t<meta name=\"twitter:data1\" content=\"1 minute\" \/>\n<script type=\"application\/ld+json\" class=\"yoast-schema-graph\">{\"@context\":\"https:\/\/schema.org\",\"@graph\":[{\"@type\":\"WebPage\",\"@id\":\"https:\/\/ses-creative.com\/fr\/produit\/bijoux-dhumeur-galaxie\/\",\"url\":\"https:\/\/ses-creative.com\/fr\/produit\/bijoux-dhumeur-galaxie\/\",\"name\":\"Bijoux d'humeur - Galaxie - SES Creative\",\"isPartOf\":{\"@id\":\"https:\/\/ses-creative.com\/#website\"},\"primaryImageOfPage\":{\"@id\":\"https:\/\/ses-creative.com\/fr\/produit\/bijoux-dhumeur-galaxie\/#primaryimage\"},\"image\":{\"@id\":\"https:\/\/ses-creative.com\/fr\/produit\/bijoux-dhumeur-galaxie\/#primaryimage\"},\"thumbnailUrl\":\"https:\/\/ses-creative.com\/wp-content\/uploads\/2026\/01\/147631.jpg\",\"datePublished\":\"2026-02-12T10:09:43+00:00\",\"dateModified\":\"2026-02-12T10:23:11+00:00\",\"breadcrumb\":{\"@id\":\"https:\/\/ses-creative.com\/fr\/produit\/bijoux-dhumeur-galaxie\/#breadcrumb\"},\"inLanguage\":\"fr-FR\",\"potentialAction\":[{\"@type\":\"ReadAction\",\"target\":[\"https:\/\/ses-creative.com\/fr\/produit\/bijoux-dhumeur-galaxie\/\"]}]},{\"@type\":\"ImageObject\",\"inLanguage\":\"fr-FR\",\"@id\":\"https:\/\/ses-creative.com\/fr\/produit\/bijoux-dhumeur-galaxie\/#primaryimage\",\"url\":\"https:\/\/ses-creative.com\/wp-content\/uploads\/2026\/01\/147631.jpg\",\"contentUrl\":\"https:\/\/ses-creative.com\/wp-content\/uploads\/2026\/01\/147631.jpg\",\"width\":1000,\"height\":1000},{\"@type\":\"BreadcrumbList\",\"@id\":\"https:\/\/ses-creative.com\/fr\/produit\/bijoux-dhumeur-galaxie\/#breadcrumb\",\"itemListElement\":[{\"@type\":\"ListItem\",\"position\":1,\"name\":\"Boutique\",\"item\":\"https:\/\/ses-creative.com\/fr\/boutique\/\"},{\"@type\":\"ListItem\",\"position\":2,\"name\":\"Loisirs cr\u00e9atifs\",\"item\":\"https:\/\/ses-creative.com\/fr\/product-categorie\/loisirs-creatifs\/\"},{\"@type\":\"ListItem\",\"position\":3,\"name\":\"Bijoux d&#8217;humeur &#8211; Galaxie\"}]},{\"@type\":\"WebSite\",\"@id\":\"https:\/\/ses-creative.com\/#website\",\"url\":\"https:\/\/ses-creative.com\/\",\"name\":\"SES Creative\",\"description\":\"\",\"publisher\":{\"@id\":\"https:\/\/ses-creative.com\/#organization\"},\"potentialAction\":[{\"@type\":\"SearchAction\",\"target\":{\"@type\":\"EntryPoint\",\"urlTemplate\":\"https:\/\/ses-creative.com\/?s={search_term_string}\"},\"query-input\":{\"@type\":\"PropertyValueSpecification\",\"valueRequired\":true,\"valueName\":\"search_term_string\"}}],\"inLanguage\":\"fr-FR\"},{\"@type\":\"Organization\",\"@id\":\"https:\/\/ses-creative.com\/#organization\",\"name\":\"SES Creative\",\"url\":\"https:\/\/ses-creative.com\/\",\"logo\":{\"@type\":\"ImageObject\",\"inLanguage\":\"fr-FR\",\"@id\":\"https:\/\/ses-creative.com\/#\/schema\/logo\/image\/\",\"url\":\"https:\/\/ses-creative.com\/wp-content\/uploads\/2025\/10\/ses-creative-logo.jpg\",\"contentUrl\":\"https:\/\/ses-creative.com\/wp-content\/uploads\/2025\/10\/ses-creative-logo.jpg\",\"width\":2037,\"height\":2037,\"caption\":\"SES Creative\"},\"image\":{\"@id\":\"https:\/\/ses-creative.com\/#\/schema\/logo\/image\/\"}}]}<\/script>\n<!-- \/ Yoast SEO plugin. -->","yoast_head_json":{"title":"Bijoux d'humeur - Galaxie - SES Creative","robots":{"index":"index","follow":"follow","max-snippet":"max-snippet:-1","max-image-preview":"max-image-preview:large","max-video-preview":"max-video-preview:-1"},"canonical":"https:\/\/ses-creative.com\/fr\/produit\/bijoux-dhumeur-galaxie\/","og_locale":"fr_FR","og_type":"article","og_title":"Bijoux d'humeur - Galaxie - SES Creative","og_description":"Galaxy \u2013 Bijoux Mood De quelle humeur \u00eates-vous aujourd&rsquo;hui ? Avec le kit Galaxy Mood Bijoux de SES Creative, vous pouvez cr\u00e9er de magnifiques bracelets et colliers avec des breloques qui changent de couleur pour refl\u00e9ter votre humeur. Parfait pour les jeunes cr\u00e9ateurs de mode \u00e0 partir de 3 ans qui aiment bricoler et cr\u00e9er [&hellip;]","og_url":"https:\/\/ses-creative.com\/fr\/produit\/bijoux-dhumeur-galaxie\/","og_site_name":"SES Creative","article_modified_time":"2026-02-12T10:23:11+00:00","twitter_card":"summary_large_image","twitter_misc":{"Dur\u00e9e de lecture estim\u00e9e":"1 minute"},"schema":{"@context":"https:\/\/schema.org","@graph":[{"@type":"WebPage","@id":"https:\/\/ses-creative.com\/fr\/produit\/bijoux-dhumeur-galaxie\/","url":"https:\/\/ses-creative.com\/fr\/produit\/bijoux-dhumeur-galaxie\/","name":"Bijoux d'humeur - Galaxie - SES Creative","isPartOf":{"@id":"https:\/\/ses-creative.com\/#website"},"primaryImageOfPage":{"@id":"https:\/\/ses-creative.com\/fr\/produit\/bijoux-dhumeur-galaxie\/#primaryimage"},"image":{"@id":"https:\/\/ses-creative.com\/fr\/produit\/bijoux-dhumeur-galaxie\/#primaryimage"},"thumbnailUrl":"https:\/\/ses-creative.com\/wp-content\/uploads\/2026\/01\/147631.jpg","datePublished":"2026-02-12T10:09:43+00:00","dateModified":"2026-02-12T10:23:11+00:00","breadcrumb":{"@id":"https:\/\/ses-creative.com\/fr\/produit\/bijoux-dhumeur-galaxie\/#breadcrumb"},"inLanguage":"fr-FR","potentialAction":[{"@type":"ReadAction","target":["https:\/\/ses-creative.com\/fr\/produit\/bijoux-dhumeur-galaxie\/"]}]},{"@type":"ImageObject","inLanguage":"fr-FR","@id":"https:\/\/ses-creative.com\/fr\/produit\/bijoux-dhumeur-galaxie\/#primaryimage","url":"https:\/\/ses-creative.com\/wp-content\/uploads\/2026\/01\/147631.jpg","contentUrl":"https:\/\/ses-creative.com\/wp-content\/uploads\/2026\/01\/147631.jpg","width":1000,"height":1000},{"@type":"BreadcrumbList","@id":"https:\/\/ses-creative.com\/fr\/produit\/bijoux-dhumeur-galaxie\/#breadcrumb","itemListElement":[{"@type":"ListItem","position":1,"name":"Boutique","item":"https:\/\/ses-creative.com\/fr\/boutique\/"},{"@type":"ListItem","position":2,"name":"Loisirs cr\u00e9atifs","item":"https:\/\/ses-creative.com\/fr\/product-categorie\/loisirs-creatifs\/"},{"@type":"ListItem","position":3,"name":"Bijoux d&#8217;humeur &#8211; Galaxie"}]},{"@type":"WebSite","@id":"https:\/\/ses-creative.com\/#website","url":"https:\/\/ses-creative.com\/","name":"SES Creative","description":"","publisher":{"@id":"https:\/\/ses-creative.com\/#organization"},"potentialAction":[{"@type":"SearchAction","target":{"@type":"EntryPoint","urlTemplate":"https:\/\/ses-creative.com\/?s={search_term_string}"},"query-input":{"@type":"PropertyValueSpecification","valueRequired":true,"valueName":"search_term_string"}}],"inLanguage":"fr-FR"},{"@type":"Organization","@id":"https:\/\/ses-creative.com\/#organization","name":"SES Creative","url":"https:\/\/ses-creative.com\/","logo":{"@type":"ImageObject","inLanguage":"fr-FR","@id":"https:\/\/ses-creative.com\/#\/schema\/logo\/image\/","url":"https:\/\/ses-creative.com\/wp-content\/uploads\/2025\/10\/ses-creative-logo.jpg","contentUrl":"https:\/\/ses-creative.com\/wp-content\/uploads\/2025\/10\/ses-creative-logo.jpg","width":2037,"height":2037,"caption":"SES Creative"},"image":{"@id":"https:\/\/ses-creative.com\/#\/schema\/logo\/image\/"}}]}},"_links":{"self":[{"href":"https:\/\/ses-creative.com\/fr\/wp-json\/wp\/v2\/product\/118421","targetHints":{"allow":["GET"]}}],"collection":[{"href":"https:\/\/ses-creative.com\/fr\/wp-json\/wp\/v2\/product"}],"about":[{"href":"https:\/\/ses-creative.com\/fr\/wp-json\/wp\/v2\/types\/product"}],"replies":[{"embeddable":true,"href":"https:\/\/ses-creative.com\/fr\/wp-json\/wp\/v2\/comments?post=118421"}],"wp:featuredmedia":[{"embeddable":true,"href":"https:\/\/ses-creative.com\/fr\/wp-json\/wp\/v2\/media\/95480"}],"wp:attachment":[{"href":"https:\/\/ses-creative.com\/fr\/wp-json\/wp\/v2\/media?parent=118421"}],"wp:term":[{"taxonomy":"product_brand","embeddable":true,"href":"https:\/\/ses-creative.com\/fr\/wp-json\/wp\/v2\/product_brand?post=118421"},{"taxonomy":"product_cat","embeddable":true,"href":"https:\/\/ses-creative.com\/fr\/wp-json\/wp\/v2\/product_cat?post=118421"},{"taxonomy":"product_tag","embeddable":true,"href":"https:\/\/ses-creative.com\/fr\/wp-json\/wp\/v2\/product_tag?post=118421"}],"curies":[{"name":"wp","href":"https:\/\/api.w.org\/{rel}","templated":true}]}}