











{"id":118420,"date":"2026-02-12T10:09:43","date_gmt":"2026-02-12T10:09:43","guid":{"rendered":"https:\/\/ses-creative.com\/?post_type=product&#038;p=118420"},"modified":"2026-02-12T10:23:11","modified_gmt":"2026-02-12T10:23:11","slug":"bracelets-phosphorescents-galaxie","status":"publish","type":"product","link":"https:\/\/ses-creative.com\/fr\/produit\/bracelets-phosphorescents-galaxie\/","title":{"rendered":"Bracelets phosphorescents &#8211; Galaxie"},"content":{"rendered":"<p>Galaxy \u2013 Bracelets phosphorescents<\/p>\n<p>Cr\u00e9ez de magnifiques bracelets qui brillent pendant la journ\u00e9e et s&rsquo;illuminent dans le noir ! Avec le kit de bracelets Glow in the Dark Galaxy de SES Creative, vous pouvez cr\u00e9er des bijoux \u00e0 l&rsquo;effet magique. Parfait pour les jeunes cr\u00e9ateurs de tendances \u00e0 partir de 3 ans qui aiment tout ce qui brille et scintille.<\/p>\n<p>Ce qui rend ce kit g\u00e9nial<\/p>\n<p>Des perles phosphorescentes pour un effet enchanteur<br \/>\nComprend 6 breloques argent\u00e9es pour une finition \u00e9l\u00e9gante<br \/>\nStimule la cr\u00e9ativit\u00e9 et la motricit\u00e9 fine<br \/>\nConvient aux enfants \u00e0 partir de 3 ans<br \/>\nFacile \u00e0 r\u00e9aliser gr\u00e2ce \u00e0 l&rsquo;\u00e9lastique, s&rsquo;adapte \u00e0 toutes les tailles de poignet<\/p>\n<p>Cr\u00e9ez et portez vos bijoux magiques<br \/>\nAvec ce kit, vous pouvez cr\u00e9er des bracelets qui apportent couleur et \u00e9clat pendant la journ\u00e9e et offrent un jeu de lumi\u00e8re surprenant dans l&rsquo;obscurit\u00e9. Combinez les perles phosphorescentes avec les breloques argent\u00e9es pour cr\u00e9er un look unique qui vous correspond parfaitement. Que vous bricoliez seule ou avec des amies, le r\u00e9sultat sera toujours quelque chose dont vous pourrez \u00eatre fi\u00e8re.<\/p>\n<p>Contenu du kit<\/p>\n<p>M\u00e9lange de perles phosphorescentes<br \/>\n6 breloques argent\u00e9es<br \/>\n\u00c9lastique<br \/>\nMode d&#8217;emploi<\/p>\n<p>Pourquoi choisir SES Creative<br \/>\nChez SES Creative, nous accordons une grande importance \u00e0 la s\u00e9curit\u00e9. C&rsquo;est pourquoi nos produits sont fabriqu\u00e9s et test\u00e9s dans notre usine aux Pays-Bas, conform\u00e9ment aux normes de s\u00e9curit\u00e9 europ\u00e9ennes les plus strictes. Les jouets SES Creative sont source de plaisir et permettent aux enfants d&rsquo;\u00eatre fiers de leur travail, ce qui stimule leur cr\u00e9ativit\u00e9 et leur d\u00e9veloppement.<\/p>\n<p>Commencez d\u00e8s aujourd&rsquo;hui \u00e0 cr\u00e9er vos bracelets Galaxy<br \/>\nLancez-vous et d\u00e9couvrez le plaisir de cr\u00e9er des bijoux qui brillent de jour comme de nuit !<\/p>\n","protected":false},"excerpt":{"rendered":"<p>Galaxy \u2013 Bracelets phosphorescents Cr\u00e9ez de magnifiques bracelets qui brillent pendant la journ\u00e9e et s&rsquo;illuminent dans le noir ! Avec le kit de bracelets Glow in the Dark Galaxy de SES Creative, vous pouvez cr\u00e9er des bijoux \u00e0 l&rsquo;effet magique. Parfait pour les jeunes cr\u00e9ateurs de tendances \u00e0 partir de 3 ans qui aiment tout [&hellip;]<\/p>\n","protected":false},"featured_media":104496,"comment_status":"closed","ping_status":"closed","template":"","meta":{"_acf_changed":false},"product_brand":[],"product_cat":[122],"product_tag":[],"class_list":{"0":"post-118420","1":"product","2":"type-product","3":"status-publish","4":"has-post-thumbnail","6":"product_cat-loisirs-creatifs","7":"pa_leeftijd-filter-3-4-ans","8":"pa_meest-populair-bij-filles","10":"first","11":"instock","12":"shipping-taxable","13":"product-type-simple"},"acf":[],"yoast_head":"<!-- This site is optimized with the Yoast SEO plugin v27.4 - https:\/\/yoast.com\/product\/yoast-seo-wordpress\/ -->\n<title>Bracelets phosphorescents - Galaxie - SES Creative<\/title>\n<meta name=\"robots\" content=\"index, follow, max-snippet:-1, max-image-preview:large, max-video-preview:-1\" \/>\n<link rel=\"canonical\" href=\"https:\/\/ses-creative.com\/fr\/produit\/bracelets-phosphorescents-galaxie\/\" \/>\n<meta property=\"og:locale\" content=\"fr_FR\" \/>\n<meta property=\"og:type\" content=\"article\" \/>\n<meta property=\"og:title\" content=\"Bracelets phosphorescents - Galaxie - SES Creative\" \/>\n<meta property=\"og:description\" content=\"Galaxy \u2013 Bracelets phosphorescents Cr\u00e9ez de magnifiques bracelets qui brillent pendant la journ\u00e9e et s&rsquo;illuminent dans le noir ! Avec le kit de bracelets Glow in the Dark Galaxy de SES Creative, vous pouvez cr\u00e9er des bijoux \u00e0 l&rsquo;effet magique. Parfait pour les jeunes cr\u00e9ateurs de tendances \u00e0 partir de 3 ans qui aiment tout [&hellip;]\" \/>\n<meta property=\"og:url\" content=\"https:\/\/ses-creative.com\/fr\/produit\/bracelets-phosphorescents-galaxie\/\" \/>\n<meta property=\"og:site_name\" content=\"SES Creative\" \/>\n<meta property=\"article:modified_time\" content=\"2026-02-12T10:23:11+00:00\" \/>\n<meta name=\"twitter:card\" content=\"summary_large_image\" \/>\n<meta name=\"twitter:label1\" content=\"Dur\u00e9e de lecture estim\u00e9e\" \/>\n\t<meta name=\"twitter:data1\" content=\"1 minute\" \/>\n<script type=\"application\/ld+json\" class=\"yoast-schema-graph\">{\"@context\":\"https:\\\/\\\/schema.org\",\"@graph\":[{\"@type\":\"WebPage\",\"@id\":\"https:\\\/\\\/ses-creative.com\\\/fr\\\/produit\\\/bracelets-phosphorescents-galaxie\\\/\",\"url\":\"https:\\\/\\\/ses-creative.com\\\/fr\\\/produit\\\/bracelets-phosphorescents-galaxie\\\/\",\"name\":\"Bracelets phosphorescents - Galaxie - SES Creative\",\"isPartOf\":{\"@id\":\"https:\\\/\\\/ses-creative.com\\\/#website\"},\"primaryImageOfPage\":{\"@id\":\"https:\\\/\\\/ses-creative.com\\\/fr\\\/produit\\\/bracelets-phosphorescents-galaxie\\\/#primaryimage\"},\"image\":{\"@id\":\"https:\\\/\\\/ses-creative.com\\\/fr\\\/produit\\\/bracelets-phosphorescents-galaxie\\\/#primaryimage\"},\"thumbnailUrl\":\"https:\\\/\\\/ses-creative.com\\\/wp-content\\\/uploads\\\/2026\\\/01\\\/147611.jpg\",\"datePublished\":\"2026-02-12T10:09:43+00:00\",\"dateModified\":\"2026-02-12T10:23:11+00:00\",\"breadcrumb\":{\"@id\":\"https:\\\/\\\/ses-creative.com\\\/fr\\\/produit\\\/bracelets-phosphorescents-galaxie\\\/#breadcrumb\"},\"inLanguage\":\"fr-FR\",\"potentialAction\":[{\"@type\":\"ReadAction\",\"target\":[\"https:\\\/\\\/ses-creative.com\\\/fr\\\/produit\\\/bracelets-phosphorescents-galaxie\\\/\"]}]},{\"@type\":\"ImageObject\",\"inLanguage\":\"fr-FR\",\"@id\":\"https:\\\/\\\/ses-creative.com\\\/fr\\\/produit\\\/bracelets-phosphorescents-galaxie\\\/#primaryimage\",\"url\":\"https:\\\/\\\/ses-creative.com\\\/wp-content\\\/uploads\\\/2026\\\/01\\\/147611.jpg\",\"contentUrl\":\"https:\\\/\\\/ses-creative.com\\\/wp-content\\\/uploads\\\/2026\\\/01\\\/147611.jpg\",\"width\":1000,\"height\":1000},{\"@type\":\"BreadcrumbList\",\"@id\":\"https:\\\/\\\/ses-creative.com\\\/fr\\\/produit\\\/bracelets-phosphorescents-galaxie\\\/#breadcrumb\",\"itemListElement\":[{\"@type\":\"ListItem\",\"position\":1,\"name\":\"Boutique\",\"item\":\"https:\\\/\\\/ses-creative.com\\\/fr\\\/boutique\\\/\"},{\"@type\":\"ListItem\",\"position\":2,\"name\":\"Loisirs cr\u00e9atifs\",\"item\":\"https:\\\/\\\/ses-creative.com\\\/fr\\\/product-categorie\\\/loisirs-creatifs\\\/\"},{\"@type\":\"ListItem\",\"position\":3,\"name\":\"Bracelets phosphorescents &#8211; Galaxie\"}]},{\"@type\":\"WebSite\",\"@id\":\"https:\\\/\\\/ses-creative.com\\\/#website\",\"url\":\"https:\\\/\\\/ses-creative.com\\\/\",\"name\":\"SES Creative\",\"description\":\"\",\"publisher\":{\"@id\":\"https:\\\/\\\/ses-creative.com\\\/#organization\"},\"potentialAction\":[{\"@type\":\"SearchAction\",\"target\":{\"@type\":\"EntryPoint\",\"urlTemplate\":\"https:\\\/\\\/ses-creative.com\\\/?s={search_term_string}\"},\"query-input\":{\"@type\":\"PropertyValueSpecification\",\"valueRequired\":true,\"valueName\":\"search_term_string\"}}],\"inLanguage\":\"fr-FR\"},{\"@type\":\"Organization\",\"@id\":\"https:\\\/\\\/ses-creative.com\\\/#organization\",\"name\":\"SES Creative\",\"url\":\"https:\\\/\\\/ses-creative.com\\\/\",\"logo\":{\"@type\":\"ImageObject\",\"inLanguage\":\"fr-FR\",\"@id\":\"https:\\\/\\\/ses-creative.com\\\/#\\\/schema\\\/logo\\\/image\\\/\",\"url\":\"https:\\\/\\\/ses-creative.com\\\/wp-content\\\/uploads\\\/2025\\\/10\\\/ses-creative-logo.jpg\",\"contentUrl\":\"https:\\\/\\\/ses-creative.com\\\/wp-content\\\/uploads\\\/2025\\\/10\\\/ses-creative-logo.jpg\",\"width\":2037,\"height\":2037,\"caption\":\"SES Creative\"},\"image\":{\"@id\":\"https:\\\/\\\/ses-creative.com\\\/#\\\/schema\\\/logo\\\/image\\\/\"}}]}<\/script>\n<!-- \/ Yoast SEO plugin. -->","yoast_head_json":{"title":"Bracelets phosphorescents - Galaxie - SES Creative","robots":{"index":"index","follow":"follow","max-snippet":"max-snippet:-1","max-image-preview":"max-image-preview:large","max-video-preview":"max-video-preview:-1"},"canonical":"https:\/\/ses-creative.com\/fr\/produit\/bracelets-phosphorescents-galaxie\/","og_locale":"fr_FR","og_type":"article","og_title":"Bracelets phosphorescents - Galaxie - SES Creative","og_description":"Galaxy \u2013 Bracelets phosphorescents Cr\u00e9ez de magnifiques bracelets qui brillent pendant la journ\u00e9e et s&rsquo;illuminent dans le noir ! Avec le kit de bracelets Glow in the Dark Galaxy de SES Creative, vous pouvez cr\u00e9er des bijoux \u00e0 l&rsquo;effet magique. Parfait pour les jeunes cr\u00e9ateurs de tendances \u00e0 partir de 3 ans qui aiment tout [&hellip;]","og_url":"https:\/\/ses-creative.com\/fr\/produit\/bracelets-phosphorescents-galaxie\/","og_site_name":"SES Creative","article_modified_time":"2026-02-12T10:23:11+00:00","twitter_card":"summary_large_image","twitter_misc":{"Dur\u00e9e de lecture estim\u00e9e":"1 minute"},"schema":{"@context":"https:\/\/schema.org","@graph":[{"@type":"WebPage","@id":"https:\/\/ses-creative.com\/fr\/produit\/bracelets-phosphorescents-galaxie\/","url":"https:\/\/ses-creative.com\/fr\/produit\/bracelets-phosphorescents-galaxie\/","name":"Bracelets phosphorescents - Galaxie - SES Creative","isPartOf":{"@id":"https:\/\/ses-creative.com\/#website"},"primaryImageOfPage":{"@id":"https:\/\/ses-creative.com\/fr\/produit\/bracelets-phosphorescents-galaxie\/#primaryimage"},"image":{"@id":"https:\/\/ses-creative.com\/fr\/produit\/bracelets-phosphorescents-galaxie\/#primaryimage"},"thumbnailUrl":"https:\/\/ses-creative.com\/wp-content\/uploads\/2026\/01\/147611.jpg","datePublished":"2026-02-12T10:09:43+00:00","dateModified":"2026-02-12T10:23:11+00:00","breadcrumb":{"@id":"https:\/\/ses-creative.com\/fr\/produit\/bracelets-phosphorescents-galaxie\/#breadcrumb"},"inLanguage":"fr-FR","potentialAction":[{"@type":"ReadAction","target":["https:\/\/ses-creative.com\/fr\/produit\/bracelets-phosphorescents-galaxie\/"]}]},{"@type":"ImageObject","inLanguage":"fr-FR","@id":"https:\/\/ses-creative.com\/fr\/produit\/bracelets-phosphorescents-galaxie\/#primaryimage","url":"https:\/\/ses-creative.com\/wp-content\/uploads\/2026\/01\/147611.jpg","contentUrl":"https:\/\/ses-creative.com\/wp-content\/uploads\/2026\/01\/147611.jpg","width":1000,"height":1000},{"@type":"BreadcrumbList","@id":"https:\/\/ses-creative.com\/fr\/produit\/bracelets-phosphorescents-galaxie\/#breadcrumb","itemListElement":[{"@type":"ListItem","position":1,"name":"Boutique","item":"https:\/\/ses-creative.com\/fr\/boutique\/"},{"@type":"ListItem","position":2,"name":"Loisirs cr\u00e9atifs","item":"https:\/\/ses-creative.com\/fr\/product-categorie\/loisirs-creatifs\/"},{"@type":"ListItem","position":3,"name":"Bracelets phosphorescents &#8211; Galaxie"}]},{"@type":"WebSite","@id":"https:\/\/ses-creative.com\/#website","url":"https:\/\/ses-creative.com\/","name":"SES Creative","description":"","publisher":{"@id":"https:\/\/ses-creative.com\/#organization"},"potentialAction":[{"@type":"SearchAction","target":{"@type":"EntryPoint","urlTemplate":"https:\/\/ses-creative.com\/?s={search_term_string}"},"query-input":{"@type":"PropertyValueSpecification","valueRequired":true,"valueName":"search_term_string"}}],"inLanguage":"fr-FR"},{"@type":"Organization","@id":"https:\/\/ses-creative.com\/#organization","name":"SES Creative","url":"https:\/\/ses-creative.com\/","logo":{"@type":"ImageObject","inLanguage":"fr-FR","@id":"https:\/\/ses-creative.com\/#\/schema\/logo\/image\/","url":"https:\/\/ses-creative.com\/wp-content\/uploads\/2025\/10\/ses-creative-logo.jpg","contentUrl":"https:\/\/ses-creative.com\/wp-content\/uploads\/2025\/10\/ses-creative-logo.jpg","width":2037,"height":2037,"caption":"SES Creative"},"image":{"@id":"https:\/\/ses-creative.com\/#\/schema\/logo\/image\/"}}]}},"_links":{"self":[{"href":"https:\/\/ses-creative.com\/fr\/wp-json\/wp\/v2\/product\/118420","targetHints":{"allow":["GET"]}}],"collection":[{"href":"https:\/\/ses-creative.com\/fr\/wp-json\/wp\/v2\/product"}],"about":[{"href":"https:\/\/ses-creative.com\/fr\/wp-json\/wp\/v2\/types\/product"}],"replies":[{"embeddable":true,"href":"https:\/\/ses-creative.com\/fr\/wp-json\/wp\/v2\/comments?post=118420"}],"wp:featuredmedia":[{"embeddable":true,"href":"https:\/\/ses-creative.com\/fr\/wp-json\/wp\/v2\/media\/104496"}],"wp:attachment":[{"href":"https:\/\/ses-creative.com\/fr\/wp-json\/wp\/v2\/media?parent=118420"}],"wp:term":[{"taxonomy":"product_brand","embeddable":true,"href":"https:\/\/ses-creative.com\/fr\/wp-json\/wp\/v2\/product_brand?post=118420"},{"taxonomy":"product_cat","embeddable":true,"href":"https:\/\/ses-creative.com\/fr\/wp-json\/wp\/v2\/product_cat?post=118420"},{"taxonomy":"product_tag","embeddable":true,"href":"https:\/\/ses-creative.com\/fr\/wp-json\/wp\/v2\/product_tag?post=118420"}],"curies":[{"name":"wp","href":"https:\/\/api.w.org\/{rel}","templated":true}]}}