











{"id":118419,"date":"2026-02-12T10:09:43","date_gmt":"2026-02-12T10:09:43","guid":{"rendered":"https:\/\/ses-creative.com\/?post_type=product&#038;p=118419"},"modified":"2026-02-12T10:23:11","modified_gmt":"2026-02-12T10:23:11","slug":"blow-airbrush-graffiti-2","status":"publish","type":"product","link":"https:\/\/ses-creative.com\/fr\/produit\/blow-airbrush-graffiti-2\/","title":{"rendered":"Blow airbrush graffiti"},"content":{"rendered":"<p>Le kit Blow Airbrush Graffiti de SES Creative offre aux enfants d\u00e8s 6 ans une mani\u00e8re originale de peindre sans pinceau. Gr\u00e2ce aux 6 feutres souffleurs inclus, ils peuvent transformer leur souffle en art et vaporiser de la couleur sur les feuilles imprim\u00e9es ou vierges \u00e0 l\u2019aide de pochoirs fournis. Chaque \u00e9l\u00e9ment est pens\u00e9 pour une exp\u00e9rience artistique compl\u00e8te : 2 pochoirs th\u00e9matiques, 8 feuilles pr\u00e9-dessin\u00e9es, 5 vierges pour laisser libre cours \u00e0 l\u2019imagination, et un marqueur noir pour les contours. Les encres sont lavables, permettant une activit\u00e9 sans stress pour les parents. Cette activit\u00e9 d\u00e9veloppe la motricit\u00e9 fine, la gestion du souffle et la cr\u00e9ativit\u00e9 libre. Fabriqu\u00e9 aux Pays-Bas, ce kit DIY est hypoallerg\u00e9nique lavable et neutre en CO\u2082, garantissant s\u00e9curit\u00e9, durabilit\u00e9 et plaisir d\u2019apprentissage. Adapt\u00e9 aux projets artistiques personnels, aux temps calmes ou aux moments de cr\u00e9ation partag\u00e9e \u00e0 la maison. Ce coffret convient aux projets de vacances, ateliers d\u2019art ou moments ludiques \u00e0 la maison, seul ou en famille, offrant une approche originale et sensorielle de la peinture.<\/p>\n","protected":false},"excerpt":{"rendered":"<p>Le kit Blow Airbrush Graffiti de SES Creative offre aux enfants d\u00e8s 6 ans une mani\u00e8re originale de peindre sans pinceau. Gr\u00e2ce aux 6 feutres souffleurs inclus, ils peuvent transformer leur souffle en art et vaporiser de la couleur sur les feuilles imprim\u00e9es ou vierges \u00e0 l\u2019aide de pochoirs fournis. Chaque \u00e9l\u00e9ment est pens\u00e9 pour [&hellip;]<\/p>\n","protected":false},"featured_media":104476,"comment_status":"closed","ping_status":"closed","template":"","meta":{"_acf_changed":false},"product_brand":[],"product_cat":[122],"product_tag":[],"class_list":{"0":"post-118419","1":"product","2":"type-product","3":"status-publish","4":"has-post-thumbnail","6":"product_cat-loisirs-creatifs","7":"pa_collecties-blow-airbrush-pens","8":"pa_leeftijd-filter-4-6-ans","9":"pa_meest-populair-bij-garcons-filles","11":"first","12":"instock","13":"shipping-taxable","14":"product-type-simple"},"acf":[],"yoast_head":"<!-- This site is optimized with the Yoast SEO plugin v27.2 - https:\/\/yoast.com\/product\/yoast-seo-wordpress\/ -->\n<title>Blow airbrush graffiti - SES Creative<\/title>\n<meta name=\"robots\" content=\"index, follow, max-snippet:-1, max-image-preview:large, max-video-preview:-1\" \/>\n<link rel=\"canonical\" href=\"https:\/\/ses-creative.com\/fr\/produit\/blow-airbrush-graffiti-2\/\" \/>\n<meta property=\"og:locale\" content=\"fr_FR\" \/>\n<meta property=\"og:type\" content=\"article\" \/>\n<meta property=\"og:title\" content=\"Blow airbrush graffiti - SES Creative\" \/>\n<meta property=\"og:description\" content=\"Le kit Blow Airbrush Graffiti de SES Creative offre aux enfants d\u00e8s 6 ans une mani\u00e8re originale de peindre sans pinceau. Gr\u00e2ce aux 6 feutres souffleurs inclus, ils peuvent transformer leur souffle en art et vaporiser de la couleur sur les feuilles imprim\u00e9es ou vierges \u00e0 l\u2019aide de pochoirs fournis. Chaque \u00e9l\u00e9ment est pens\u00e9 pour [&hellip;]\" \/>\n<meta property=\"og:url\" content=\"https:\/\/ses-creative.com\/fr\/produit\/blow-airbrush-graffiti-2\/\" \/>\n<meta property=\"og:site_name\" content=\"SES Creative\" \/>\n<meta property=\"article:modified_time\" content=\"2026-02-12T10:23:11+00:00\" \/>\n<meta name=\"twitter:card\" content=\"summary_large_image\" \/>\n<meta name=\"twitter:label1\" content=\"Dur\u00e9e de lecture estim\u00e9e\" \/>\n\t<meta name=\"twitter:data1\" content=\"1 minute\" \/>\n<script type=\"application\/ld+json\" class=\"yoast-schema-graph\">{\"@context\":\"https:\/\/schema.org\",\"@graph\":[{\"@type\":\"WebPage\",\"@id\":\"https:\/\/ses-creative.com\/fr\/produit\/blow-airbrush-graffiti-2\/\",\"url\":\"https:\/\/ses-creative.com\/fr\/produit\/blow-airbrush-graffiti-2\/\",\"name\":\"Blow airbrush graffiti - SES Creative\",\"isPartOf\":{\"@id\":\"https:\/\/ses-creative.com\/#website\"},\"primaryImageOfPage\":{\"@id\":\"https:\/\/ses-creative.com\/fr\/produit\/blow-airbrush-graffiti-2\/#primaryimage\"},\"image\":{\"@id\":\"https:\/\/ses-creative.com\/fr\/produit\/blow-airbrush-graffiti-2\/#primaryimage\"},\"thumbnailUrl\":\"https:\/\/ses-creative.com\/wp-content\/uploads\/2026\/01\/147591.jpg\",\"datePublished\":\"2026-02-12T10:09:43+00:00\",\"dateModified\":\"2026-02-12T10:23:11+00:00\",\"breadcrumb\":{\"@id\":\"https:\/\/ses-creative.com\/fr\/produit\/blow-airbrush-graffiti-2\/#breadcrumb\"},\"inLanguage\":\"fr-FR\",\"potentialAction\":[{\"@type\":\"ReadAction\",\"target\":[\"https:\/\/ses-creative.com\/fr\/produit\/blow-airbrush-graffiti-2\/\"]}]},{\"@type\":\"ImageObject\",\"inLanguage\":\"fr-FR\",\"@id\":\"https:\/\/ses-creative.com\/fr\/produit\/blow-airbrush-graffiti-2\/#primaryimage\",\"url\":\"https:\/\/ses-creative.com\/wp-content\/uploads\/2026\/01\/147591.jpg\",\"contentUrl\":\"https:\/\/ses-creative.com\/wp-content\/uploads\/2026\/01\/147591.jpg\",\"width\":1000,\"height\":1000},{\"@type\":\"BreadcrumbList\",\"@id\":\"https:\/\/ses-creative.com\/fr\/produit\/blow-airbrush-graffiti-2\/#breadcrumb\",\"itemListElement\":[{\"@type\":\"ListItem\",\"position\":1,\"name\":\"Boutique\",\"item\":\"https:\/\/ses-creative.com\/fr\/boutique\/\"},{\"@type\":\"ListItem\",\"position\":2,\"name\":\"Loisirs cr\u00e9atifs\",\"item\":\"https:\/\/ses-creative.com\/fr\/product-categorie\/loisirs-creatifs\/\"},{\"@type\":\"ListItem\",\"position\":3,\"name\":\"Blow airbrush graffiti\"}]},{\"@type\":\"WebSite\",\"@id\":\"https:\/\/ses-creative.com\/#website\",\"url\":\"https:\/\/ses-creative.com\/\",\"name\":\"SES Creative\",\"description\":\"\",\"publisher\":{\"@id\":\"https:\/\/ses-creative.com\/#organization\"},\"potentialAction\":[{\"@type\":\"SearchAction\",\"target\":{\"@type\":\"EntryPoint\",\"urlTemplate\":\"https:\/\/ses-creative.com\/?s={search_term_string}\"},\"query-input\":{\"@type\":\"PropertyValueSpecification\",\"valueRequired\":true,\"valueName\":\"search_term_string\"}}],\"inLanguage\":\"fr-FR\"},{\"@type\":\"Organization\",\"@id\":\"https:\/\/ses-creative.com\/#organization\",\"name\":\"SES Creative\",\"url\":\"https:\/\/ses-creative.com\/\",\"logo\":{\"@type\":\"ImageObject\",\"inLanguage\":\"fr-FR\",\"@id\":\"https:\/\/ses-creative.com\/#\/schema\/logo\/image\/\",\"url\":\"https:\/\/ses-creative.com\/wp-content\/uploads\/2025\/10\/ses-creative-logo.jpg\",\"contentUrl\":\"https:\/\/ses-creative.com\/wp-content\/uploads\/2025\/10\/ses-creative-logo.jpg\",\"width\":2037,\"height\":2037,\"caption\":\"SES Creative\"},\"image\":{\"@id\":\"https:\/\/ses-creative.com\/#\/schema\/logo\/image\/\"}}]}<\/script>\n<!-- \/ Yoast SEO plugin. -->","yoast_head_json":{"title":"Blow airbrush graffiti - SES Creative","robots":{"index":"index","follow":"follow","max-snippet":"max-snippet:-1","max-image-preview":"max-image-preview:large","max-video-preview":"max-video-preview:-1"},"canonical":"https:\/\/ses-creative.com\/fr\/produit\/blow-airbrush-graffiti-2\/","og_locale":"fr_FR","og_type":"article","og_title":"Blow airbrush graffiti - SES Creative","og_description":"Le kit Blow Airbrush Graffiti de SES Creative offre aux enfants d\u00e8s 6 ans une mani\u00e8re originale de peindre sans pinceau. Gr\u00e2ce aux 6 feutres souffleurs inclus, ils peuvent transformer leur souffle en art et vaporiser de la couleur sur les feuilles imprim\u00e9es ou vierges \u00e0 l\u2019aide de pochoirs fournis. Chaque \u00e9l\u00e9ment est pens\u00e9 pour [&hellip;]","og_url":"https:\/\/ses-creative.com\/fr\/produit\/blow-airbrush-graffiti-2\/","og_site_name":"SES Creative","article_modified_time":"2026-02-12T10:23:11+00:00","twitter_card":"summary_large_image","twitter_misc":{"Dur\u00e9e de lecture estim\u00e9e":"1 minute"},"schema":{"@context":"https:\/\/schema.org","@graph":[{"@type":"WebPage","@id":"https:\/\/ses-creative.com\/fr\/produit\/blow-airbrush-graffiti-2\/","url":"https:\/\/ses-creative.com\/fr\/produit\/blow-airbrush-graffiti-2\/","name":"Blow airbrush graffiti - SES Creative","isPartOf":{"@id":"https:\/\/ses-creative.com\/#website"},"primaryImageOfPage":{"@id":"https:\/\/ses-creative.com\/fr\/produit\/blow-airbrush-graffiti-2\/#primaryimage"},"image":{"@id":"https:\/\/ses-creative.com\/fr\/produit\/blow-airbrush-graffiti-2\/#primaryimage"},"thumbnailUrl":"https:\/\/ses-creative.com\/wp-content\/uploads\/2026\/01\/147591.jpg","datePublished":"2026-02-12T10:09:43+00:00","dateModified":"2026-02-12T10:23:11+00:00","breadcrumb":{"@id":"https:\/\/ses-creative.com\/fr\/produit\/blow-airbrush-graffiti-2\/#breadcrumb"},"inLanguage":"fr-FR","potentialAction":[{"@type":"ReadAction","target":["https:\/\/ses-creative.com\/fr\/produit\/blow-airbrush-graffiti-2\/"]}]},{"@type":"ImageObject","inLanguage":"fr-FR","@id":"https:\/\/ses-creative.com\/fr\/produit\/blow-airbrush-graffiti-2\/#primaryimage","url":"https:\/\/ses-creative.com\/wp-content\/uploads\/2026\/01\/147591.jpg","contentUrl":"https:\/\/ses-creative.com\/wp-content\/uploads\/2026\/01\/147591.jpg","width":1000,"height":1000},{"@type":"BreadcrumbList","@id":"https:\/\/ses-creative.com\/fr\/produit\/blow-airbrush-graffiti-2\/#breadcrumb","itemListElement":[{"@type":"ListItem","position":1,"name":"Boutique","item":"https:\/\/ses-creative.com\/fr\/boutique\/"},{"@type":"ListItem","position":2,"name":"Loisirs cr\u00e9atifs","item":"https:\/\/ses-creative.com\/fr\/product-categorie\/loisirs-creatifs\/"},{"@type":"ListItem","position":3,"name":"Blow airbrush graffiti"}]},{"@type":"WebSite","@id":"https:\/\/ses-creative.com\/#website","url":"https:\/\/ses-creative.com\/","name":"SES Creative","description":"","publisher":{"@id":"https:\/\/ses-creative.com\/#organization"},"potentialAction":[{"@type":"SearchAction","target":{"@type":"EntryPoint","urlTemplate":"https:\/\/ses-creative.com\/?s={search_term_string}"},"query-input":{"@type":"PropertyValueSpecification","valueRequired":true,"valueName":"search_term_string"}}],"inLanguage":"fr-FR"},{"@type":"Organization","@id":"https:\/\/ses-creative.com\/#organization","name":"SES Creative","url":"https:\/\/ses-creative.com\/","logo":{"@type":"ImageObject","inLanguage":"fr-FR","@id":"https:\/\/ses-creative.com\/#\/schema\/logo\/image\/","url":"https:\/\/ses-creative.com\/wp-content\/uploads\/2025\/10\/ses-creative-logo.jpg","contentUrl":"https:\/\/ses-creative.com\/wp-content\/uploads\/2025\/10\/ses-creative-logo.jpg","width":2037,"height":2037,"caption":"SES Creative"},"image":{"@id":"https:\/\/ses-creative.com\/#\/schema\/logo\/image\/"}}]}},"_links":{"self":[{"href":"https:\/\/ses-creative.com\/fr\/wp-json\/wp\/v2\/product\/118419","targetHints":{"allow":["GET"]}}],"collection":[{"href":"https:\/\/ses-creative.com\/fr\/wp-json\/wp\/v2\/product"}],"about":[{"href":"https:\/\/ses-creative.com\/fr\/wp-json\/wp\/v2\/types\/product"}],"replies":[{"embeddable":true,"href":"https:\/\/ses-creative.com\/fr\/wp-json\/wp\/v2\/comments?post=118419"}],"wp:featuredmedia":[{"embeddable":true,"href":"https:\/\/ses-creative.com\/fr\/wp-json\/wp\/v2\/media\/104476"}],"wp:attachment":[{"href":"https:\/\/ses-creative.com\/fr\/wp-json\/wp\/v2\/media?parent=118419"}],"wp:term":[{"taxonomy":"product_brand","embeddable":true,"href":"https:\/\/ses-creative.com\/fr\/wp-json\/wp\/v2\/product_brand?post=118419"},{"taxonomy":"product_cat","embeddable":true,"href":"https:\/\/ses-creative.com\/fr\/wp-json\/wp\/v2\/product_cat?post=118419"},{"taxonomy":"product_tag","embeddable":true,"href":"https:\/\/ses-creative.com\/fr\/wp-json\/wp\/v2\/product_tag?post=118419"}],"curies":[{"name":"wp","href":"https:\/\/api.w.org\/{rel}","templated":true}]}}