











{"id":118417,"date":"2026-02-12T10:09:42","date_gmt":"2026-02-12T10:09:42","guid":{"rendered":"https:\/\/ses-creative.com\/?post_type=product&#038;p=118417"},"modified":"2026-02-12T10:23:10","modified_gmt":"2026-02-12T10:23:10","slug":"unicorn-ensemble-de-perles-de-bijoux","status":"publish","type":"product","link":"https:\/\/ses-creative.com\/fr\/produit\/unicorn-ensemble-de-perles-de-bijoux\/","title":{"rendered":"Unicorn &#8211; Ensemble de perles de bijoux"},"content":{"rendered":"<p>Unicorn &#8211; Kit de bijoux<\/p>\n<p>Cr\u00e9ez des bijoux magiques sur le th\u00e8me des licornes avec le kit de bijoux Unicorn de SES Creative ! Ce kit enchanteur est parfait pour les enfants \u00e0 partir de 3 ans qui aiment cr\u00e9er leurs propres bracelets et colliers. Avec de magnifiques perles et d&rsquo;adorables breloques en forme de licorne, les jeunes cr\u00e9ateurs r\u00e9aliseront les plus beaux bijoux pleins de couleurs et d&rsquo;imagination.<\/p>\n<p>Ce qui rend ce set g\u00e9nial<\/p>\n<p>Bo\u00eete de rangement transparente avec 12 compartiments pour plus de clart\u00e9 et de commodit\u00e9<br \/>\nPerles pastel et nacr\u00e9es de diff\u00e9rentes formes, dont des \u00e9toiles<br \/>\n4 charmants pendentifs licorne pour une touche magique<br \/>\nFil \u00e9lastique rose et lilas inclus pour un enfilage facile<br \/>\nStimule la motricit\u00e9 fine, la cr\u00e9ativit\u00e9 et le jeu imaginatif<\/p>\n<p>Donnez vie \u00e0 la magie des licornes<br \/>\nAvec ce set, les enfants peuvent cr\u00e9er et combiner \u00e0 l&rsquo;infini. Des bracelets color\u00e9s et joyeux aux colliers doux et \u00e9l\u00e9gants, chaque bijou devient une cr\u00e9ation unique. Le plaisir de cr\u00e9er ne fait que cro\u00eetre lorsqu&rsquo;ils portent leurs bijoux, les offrent en cadeau ou les partagent avec leurs amis.<\/p>\n<p>Contenu du set<\/p>\n<p>Bo\u00eete de rangement transparente pour perles avec 12 compartiments<br \/>\nM\u00e9lange de perles pastel et nacr\u00e9es<br \/>\n4 breloques licorne<br \/>\nFil \u00e9lastique rose<br \/>\nFil \u00e9lastique lilas<\/p>\n<p>Pourquoi choisir SES Creative<br \/>\nChez SES Creative, nous accordons une grande importance \u00e0 la s\u00e9curit\u00e9. C&rsquo;est pourquoi nos produits sont fabriqu\u00e9s et test\u00e9s dans notre usine aux Pays-Bas, conform\u00e9ment aux normes de s\u00e9curit\u00e9 europ\u00e9ennes les plus strictes. Les jouets SES Creative sont source de plaisir et permettent aux enfants d&rsquo;\u00eatre fiers de leur travail, ce qui stimule leur cr\u00e9ativit\u00e9 et leur d\u00e9veloppement.<\/p>\n<p>Commencez d\u00e8s aujourd&rsquo;hui \u00e0 cr\u00e9er vos propres bijoux magiques<br \/>\nCr\u00e9ez, enfilez et portez vos propres bijoux enchanteurs, enti\u00e8rement \u00e0 votre go\u00fbt !<\/p>\n","protected":false},"excerpt":{"rendered":"<p>Unicorn &#8211; Kit de bijoux Cr\u00e9ez des bijoux magiques sur le th\u00e8me des licornes avec le kit de bijoux Unicorn de SES Creative ! Ce kit enchanteur est parfait pour les enfants \u00e0 partir de 3 ans qui aiment cr\u00e9er leurs propres bracelets et colliers. Avec de magnifiques perles et d&rsquo;adorables breloques en forme de [&hellip;]<\/p>\n","protected":false},"featured_media":104436,"comment_status":"closed","ping_status":"closed","template":"","meta":{"_acf_changed":false},"product_brand":[],"product_cat":[122],"product_tag":[],"class_list":{"0":"post-118417","1":"product","2":"type-product","3":"status-publish","4":"has-post-thumbnail","6":"product_cat-loisirs-creatifs","7":"pa_collecties-unicorn","8":"pa_leeftijd-filter-3-4-ans","9":"pa_meest-populair-bij-filles","11":"first","12":"instock","13":"shipping-taxable","14":"product-type-simple"},"acf":[],"yoast_head":"<!-- This site is optimized with the Yoast SEO plugin v27.4 - https:\/\/yoast.com\/product\/yoast-seo-wordpress\/ -->\n<title>Unicorn - Ensemble de perles de bijoux - SES Creative<\/title>\n<meta name=\"robots\" content=\"index, follow, max-snippet:-1, max-image-preview:large, max-video-preview:-1\" \/>\n<link rel=\"canonical\" href=\"https:\/\/ses-creative.com\/fr\/produit\/unicorn-ensemble-de-perles-de-bijoux\/\" \/>\n<meta property=\"og:locale\" content=\"fr_FR\" \/>\n<meta property=\"og:type\" content=\"article\" \/>\n<meta property=\"og:title\" content=\"Unicorn - Ensemble de perles de bijoux - SES Creative\" \/>\n<meta property=\"og:description\" content=\"Unicorn &#8211; Kit de bijoux Cr\u00e9ez des bijoux magiques sur le th\u00e8me des licornes avec le kit de bijoux Unicorn de SES Creative ! Ce kit enchanteur est parfait pour les enfants \u00e0 partir de 3 ans qui aiment cr\u00e9er leurs propres bracelets et colliers. Avec de magnifiques perles et d&rsquo;adorables breloques en forme de [&hellip;]\" \/>\n<meta property=\"og:url\" content=\"https:\/\/ses-creative.com\/fr\/produit\/unicorn-ensemble-de-perles-de-bijoux\/\" \/>\n<meta property=\"og:site_name\" content=\"SES Creative\" \/>\n<meta property=\"article:modified_time\" content=\"2026-02-12T10:23:10+00:00\" \/>\n<meta name=\"twitter:card\" content=\"summary_large_image\" \/>\n<meta name=\"twitter:label1\" content=\"Dur\u00e9e de lecture estim\u00e9e\" \/>\n\t<meta name=\"twitter:data1\" content=\"2 minutes\" \/>\n<script type=\"application\/ld+json\" class=\"yoast-schema-graph\">{\"@context\":\"https:\\\/\\\/schema.org\",\"@graph\":[{\"@type\":\"WebPage\",\"@id\":\"https:\\\/\\\/ses-creative.com\\\/fr\\\/produit\\\/unicorn-ensemble-de-perles-de-bijoux\\\/\",\"url\":\"https:\\\/\\\/ses-creative.com\\\/fr\\\/produit\\\/unicorn-ensemble-de-perles-de-bijoux\\\/\",\"name\":\"Unicorn - Ensemble de perles de bijoux - SES Creative\",\"isPartOf\":{\"@id\":\"https:\\\/\\\/ses-creative.com\\\/#website\"},\"primaryImageOfPage\":{\"@id\":\"https:\\\/\\\/ses-creative.com\\\/fr\\\/produit\\\/unicorn-ensemble-de-perles-de-bijoux\\\/#primaryimage\"},\"image\":{\"@id\":\"https:\\\/\\\/ses-creative.com\\\/fr\\\/produit\\\/unicorn-ensemble-de-perles-de-bijoux\\\/#primaryimage\"},\"thumbnailUrl\":\"https:\\\/\\\/ses-creative.com\\\/wp-content\\\/uploads\\\/2026\\\/01\\\/147491.jpg\",\"datePublished\":\"2026-02-12T10:09:42+00:00\",\"dateModified\":\"2026-02-12T10:23:10+00:00\",\"breadcrumb\":{\"@id\":\"https:\\\/\\\/ses-creative.com\\\/fr\\\/produit\\\/unicorn-ensemble-de-perles-de-bijoux\\\/#breadcrumb\"},\"inLanguage\":\"fr-FR\",\"potentialAction\":[{\"@type\":\"ReadAction\",\"target\":[\"https:\\\/\\\/ses-creative.com\\\/fr\\\/produit\\\/unicorn-ensemble-de-perles-de-bijoux\\\/\"]}]},{\"@type\":\"ImageObject\",\"inLanguage\":\"fr-FR\",\"@id\":\"https:\\\/\\\/ses-creative.com\\\/fr\\\/produit\\\/unicorn-ensemble-de-perles-de-bijoux\\\/#primaryimage\",\"url\":\"https:\\\/\\\/ses-creative.com\\\/wp-content\\\/uploads\\\/2026\\\/01\\\/147491.jpg\",\"contentUrl\":\"https:\\\/\\\/ses-creative.com\\\/wp-content\\\/uploads\\\/2026\\\/01\\\/147491.jpg\",\"width\":1000,\"height\":1000},{\"@type\":\"BreadcrumbList\",\"@id\":\"https:\\\/\\\/ses-creative.com\\\/fr\\\/produit\\\/unicorn-ensemble-de-perles-de-bijoux\\\/#breadcrumb\",\"itemListElement\":[{\"@type\":\"ListItem\",\"position\":1,\"name\":\"Boutique\",\"item\":\"https:\\\/\\\/ses-creative.com\\\/fr\\\/boutique\\\/\"},{\"@type\":\"ListItem\",\"position\":2,\"name\":\"Loisirs cr\u00e9atifs\",\"item\":\"https:\\\/\\\/ses-creative.com\\\/fr\\\/product-categorie\\\/loisirs-creatifs\\\/\"},{\"@type\":\"ListItem\",\"position\":3,\"name\":\"Unicorn &#8211; Ensemble de perles de bijoux\"}]},{\"@type\":\"WebSite\",\"@id\":\"https:\\\/\\\/ses-creative.com\\\/#website\",\"url\":\"https:\\\/\\\/ses-creative.com\\\/\",\"name\":\"SES Creative\",\"description\":\"\",\"publisher\":{\"@id\":\"https:\\\/\\\/ses-creative.com\\\/#organization\"},\"potentialAction\":[{\"@type\":\"SearchAction\",\"target\":{\"@type\":\"EntryPoint\",\"urlTemplate\":\"https:\\\/\\\/ses-creative.com\\\/?s={search_term_string}\"},\"query-input\":{\"@type\":\"PropertyValueSpecification\",\"valueRequired\":true,\"valueName\":\"search_term_string\"}}],\"inLanguage\":\"fr-FR\"},{\"@type\":\"Organization\",\"@id\":\"https:\\\/\\\/ses-creative.com\\\/#organization\",\"name\":\"SES Creative\",\"url\":\"https:\\\/\\\/ses-creative.com\\\/\",\"logo\":{\"@type\":\"ImageObject\",\"inLanguage\":\"fr-FR\",\"@id\":\"https:\\\/\\\/ses-creative.com\\\/#\\\/schema\\\/logo\\\/image\\\/\",\"url\":\"https:\\\/\\\/ses-creative.com\\\/wp-content\\\/uploads\\\/2025\\\/10\\\/ses-creative-logo.jpg\",\"contentUrl\":\"https:\\\/\\\/ses-creative.com\\\/wp-content\\\/uploads\\\/2025\\\/10\\\/ses-creative-logo.jpg\",\"width\":2037,\"height\":2037,\"caption\":\"SES Creative\"},\"image\":{\"@id\":\"https:\\\/\\\/ses-creative.com\\\/#\\\/schema\\\/logo\\\/image\\\/\"}}]}<\/script>\n<!-- \/ Yoast SEO plugin. -->","yoast_head_json":{"title":"Unicorn - Ensemble de perles de bijoux - SES Creative","robots":{"index":"index","follow":"follow","max-snippet":"max-snippet:-1","max-image-preview":"max-image-preview:large","max-video-preview":"max-video-preview:-1"},"canonical":"https:\/\/ses-creative.com\/fr\/produit\/unicorn-ensemble-de-perles-de-bijoux\/","og_locale":"fr_FR","og_type":"article","og_title":"Unicorn - Ensemble de perles de bijoux - SES Creative","og_description":"Unicorn &#8211; Kit de bijoux Cr\u00e9ez des bijoux magiques sur le th\u00e8me des licornes avec le kit de bijoux Unicorn de SES Creative ! Ce kit enchanteur est parfait pour les enfants \u00e0 partir de 3 ans qui aiment cr\u00e9er leurs propres bracelets et colliers. Avec de magnifiques perles et d&rsquo;adorables breloques en forme de [&hellip;]","og_url":"https:\/\/ses-creative.com\/fr\/produit\/unicorn-ensemble-de-perles-de-bijoux\/","og_site_name":"SES Creative","article_modified_time":"2026-02-12T10:23:10+00:00","twitter_card":"summary_large_image","twitter_misc":{"Dur\u00e9e de lecture estim\u00e9e":"2 minutes"},"schema":{"@context":"https:\/\/schema.org","@graph":[{"@type":"WebPage","@id":"https:\/\/ses-creative.com\/fr\/produit\/unicorn-ensemble-de-perles-de-bijoux\/","url":"https:\/\/ses-creative.com\/fr\/produit\/unicorn-ensemble-de-perles-de-bijoux\/","name":"Unicorn - Ensemble de perles de bijoux - SES Creative","isPartOf":{"@id":"https:\/\/ses-creative.com\/#website"},"primaryImageOfPage":{"@id":"https:\/\/ses-creative.com\/fr\/produit\/unicorn-ensemble-de-perles-de-bijoux\/#primaryimage"},"image":{"@id":"https:\/\/ses-creative.com\/fr\/produit\/unicorn-ensemble-de-perles-de-bijoux\/#primaryimage"},"thumbnailUrl":"https:\/\/ses-creative.com\/wp-content\/uploads\/2026\/01\/147491.jpg","datePublished":"2026-02-12T10:09:42+00:00","dateModified":"2026-02-12T10:23:10+00:00","breadcrumb":{"@id":"https:\/\/ses-creative.com\/fr\/produit\/unicorn-ensemble-de-perles-de-bijoux\/#breadcrumb"},"inLanguage":"fr-FR","potentialAction":[{"@type":"ReadAction","target":["https:\/\/ses-creative.com\/fr\/produit\/unicorn-ensemble-de-perles-de-bijoux\/"]}]},{"@type":"ImageObject","inLanguage":"fr-FR","@id":"https:\/\/ses-creative.com\/fr\/produit\/unicorn-ensemble-de-perles-de-bijoux\/#primaryimage","url":"https:\/\/ses-creative.com\/wp-content\/uploads\/2026\/01\/147491.jpg","contentUrl":"https:\/\/ses-creative.com\/wp-content\/uploads\/2026\/01\/147491.jpg","width":1000,"height":1000},{"@type":"BreadcrumbList","@id":"https:\/\/ses-creative.com\/fr\/produit\/unicorn-ensemble-de-perles-de-bijoux\/#breadcrumb","itemListElement":[{"@type":"ListItem","position":1,"name":"Boutique","item":"https:\/\/ses-creative.com\/fr\/boutique\/"},{"@type":"ListItem","position":2,"name":"Loisirs cr\u00e9atifs","item":"https:\/\/ses-creative.com\/fr\/product-categorie\/loisirs-creatifs\/"},{"@type":"ListItem","position":3,"name":"Unicorn &#8211; Ensemble de perles de bijoux"}]},{"@type":"WebSite","@id":"https:\/\/ses-creative.com\/#website","url":"https:\/\/ses-creative.com\/","name":"SES Creative","description":"","publisher":{"@id":"https:\/\/ses-creative.com\/#organization"},"potentialAction":[{"@type":"SearchAction","target":{"@type":"EntryPoint","urlTemplate":"https:\/\/ses-creative.com\/?s={search_term_string}"},"query-input":{"@type":"PropertyValueSpecification","valueRequired":true,"valueName":"search_term_string"}}],"inLanguage":"fr-FR"},{"@type":"Organization","@id":"https:\/\/ses-creative.com\/#organization","name":"SES Creative","url":"https:\/\/ses-creative.com\/","logo":{"@type":"ImageObject","inLanguage":"fr-FR","@id":"https:\/\/ses-creative.com\/#\/schema\/logo\/image\/","url":"https:\/\/ses-creative.com\/wp-content\/uploads\/2025\/10\/ses-creative-logo.jpg","contentUrl":"https:\/\/ses-creative.com\/wp-content\/uploads\/2025\/10\/ses-creative-logo.jpg","width":2037,"height":2037,"caption":"SES Creative"},"image":{"@id":"https:\/\/ses-creative.com\/#\/schema\/logo\/image\/"}}]}},"_links":{"self":[{"href":"https:\/\/ses-creative.com\/fr\/wp-json\/wp\/v2\/product\/118417","targetHints":{"allow":["GET"]}}],"collection":[{"href":"https:\/\/ses-creative.com\/fr\/wp-json\/wp\/v2\/product"}],"about":[{"href":"https:\/\/ses-creative.com\/fr\/wp-json\/wp\/v2\/types\/product"}],"replies":[{"embeddable":true,"href":"https:\/\/ses-creative.com\/fr\/wp-json\/wp\/v2\/comments?post=118417"}],"wp:featuredmedia":[{"embeddable":true,"href":"https:\/\/ses-creative.com\/fr\/wp-json\/wp\/v2\/media\/104436"}],"wp:attachment":[{"href":"https:\/\/ses-creative.com\/fr\/wp-json\/wp\/v2\/media?parent=118417"}],"wp:term":[{"taxonomy":"product_brand","embeddable":true,"href":"https:\/\/ses-creative.com\/fr\/wp-json\/wp\/v2\/product_brand?post=118417"},{"taxonomy":"product_cat","embeddable":true,"href":"https:\/\/ses-creative.com\/fr\/wp-json\/wp\/v2\/product_cat?post=118417"},{"taxonomy":"product_tag","embeddable":true,"href":"https:\/\/ses-creative.com\/fr\/wp-json\/wp\/v2\/product_tag?post=118417"}],"curies":[{"name":"wp","href":"https:\/\/api.w.org\/{rel}","templated":true}]}}