











{"id":118415,"date":"2026-02-12T10:09:42","date_gmt":"2026-02-12T10:09:42","guid":{"rendered":"https:\/\/ses-creative.com\/?post_type=product&#038;p=118415"},"modified":"2026-02-12T10:23:10","modified_gmt":"2026-02-12T10:23:10","slug":"bracelets-a-breloques-gonfles","status":"publish","type":"product","link":"https:\/\/ses-creative.com\/fr\/produit\/bracelets-a-breloques-gonfles\/","title":{"rendered":"Bracelets \u00e0 breloques gonfl\u00e9s"},"content":{"rendered":"<p>Hobby Pink \u2013 Bracelets \u00e0 autocollants gonflables<\/p>\n<p>Cr\u00e9ez des bijoux tendance avec le kit Bracelets autocollants gonflables de SES Creative ! Laissez libre cours \u00e0 votre cr\u00e9ativit\u00e9 et fabriquez des accessoires \u00e9l\u00e9gants aussi uniques que vous. Gr\u00e2ce \u00e0 ce kit de bricolage joyeux, vous pouvez facilement cr\u00e9er, d\u00e9corer et porter vos propres bracelets. Parfait pour les enfants \u00e0 partir de 5 ans qui aiment cr\u00e9er des bijoux.<\/p>\n<p>Ce qui rend ce kit g\u00e9nial<\/p>\n<p>Contient 60 autocollants puffy scintillants pour plus d&rsquo;\u00e9clat<br \/>\nCr\u00e9ez 30 breloques uniques en collant les autocollants les uns aux autres<br \/>\nCombinez les breloques avec des perles pour cr\u00e9er 5 bracelets tendance<br \/>\nStimule la cr\u00e9ativit\u00e9, la motricit\u00e9 fine et l&rsquo;expression personnelle<br \/>\nInclut des instructions faciles \u00e0 suivre<\/p>\n<p>Laissez votre style personnel s&rsquo;exprimer<br \/>\nAvec le kit de bracelets Puffy Sticker, transformez un apr\u00e8s-midi cr\u00e9atif en un d\u00e9fil\u00e9 de mode plein d&rsquo;\u00e9clat. Cr\u00e9ez des breloques dans vos couleurs pr\u00e9f\u00e9r\u00e9es, m\u00e9langez-les avec des perles et concevez des bijoux qui vous correspondent vraiment. Que vous les portiez vous-m\u00eame ou que vous les offriez en cadeau, chaque bracelet raconte votre histoire.<\/p>\n<p>Contenu du kit<\/p>\n<p>60 autocollants Puffy<br \/>\nPerles de diff\u00e9rentes couleurs<br \/>\nFil \u00e9lastique<br \/>\n5 bracelets<br \/>\n30 anneaux de liaison<br \/>\nInstructions<\/p>\n<p>Pourquoi choisir SES Creative<br \/>\nChez SES Creative, nous accordons une grande importance \u00e0 la s\u00e9curit\u00e9. C&rsquo;est pourquoi nos produits sont fabriqu\u00e9s et test\u00e9s dans notre usine aux Pays-Bas, conform\u00e9ment aux normes de s\u00e9curit\u00e9 europ\u00e9ennes les plus strictes. Les jouets SES Creative sont source de plaisir et permettent aux enfants d&rsquo;\u00eatre fiers de leur travail, ce qui stimule leur cr\u00e9ativit\u00e9 et leur d\u00e9veloppement.<\/p>\n<p>Commencez d\u00e8s aujourd&rsquo;hui votre collection de bijoux \u00e9tincelants<br \/>\nLaissez libre cours \u00e0 votre cr\u00e9ativit\u00e9 et fabriquez des bracelets que vous pourrez porter ou offrir avec fiert\u00e9 !<\/p>\n","protected":false},"excerpt":{"rendered":"<p>Hobby Pink \u2013 Bracelets \u00e0 autocollants gonflables Cr\u00e9ez des bijoux tendance avec le kit Bracelets autocollants gonflables de SES Creative ! Laissez libre cours \u00e0 votre cr\u00e9ativit\u00e9 et fabriquez des accessoires \u00e9l\u00e9gants aussi uniques que vous. Gr\u00e2ce \u00e0 ce kit de bricolage joyeux, vous pouvez facilement cr\u00e9er, d\u00e9corer et porter vos propres bracelets. Parfait pour [&hellip;]<\/p>\n","protected":false},"featured_media":104396,"comment_status":"closed","ping_status":"closed","template":"","meta":{"_acf_changed":false},"product_brand":[],"product_cat":[122],"product_tag":[],"class_list":{"0":"post-118415","1":"product","2":"type-product","3":"status-publish","4":"has-post-thumbnail","6":"product_cat-loisirs-creatifs","7":"pa_leeftijd-filter-4-6-ans","8":"pa_meest-populair-bij-filles","10":"first","11":"instock","12":"shipping-taxable","13":"product-type-simple"},"acf":[],"yoast_head":"<!-- This site is optimized with the Yoast SEO plugin v27.2 - https:\/\/yoast.com\/product\/yoast-seo-wordpress\/ -->\n<title>Bracelets \u00e0 breloques gonfl\u00e9s - SES Creative<\/title>\n<meta name=\"robots\" content=\"index, follow, max-snippet:-1, max-image-preview:large, max-video-preview:-1\" \/>\n<link rel=\"canonical\" href=\"https:\/\/ses-creative.com\/fr\/produit\/bracelets-a-breloques-gonfles\/\" \/>\n<meta property=\"og:locale\" content=\"fr_FR\" \/>\n<meta property=\"og:type\" content=\"article\" \/>\n<meta property=\"og:title\" content=\"Bracelets \u00e0 breloques gonfl\u00e9s - SES Creative\" \/>\n<meta property=\"og:description\" content=\"Hobby Pink \u2013 Bracelets \u00e0 autocollants gonflables Cr\u00e9ez des bijoux tendance avec le kit Bracelets autocollants gonflables de SES Creative ! Laissez libre cours \u00e0 votre cr\u00e9ativit\u00e9 et fabriquez des accessoires \u00e9l\u00e9gants aussi uniques que vous. Gr\u00e2ce \u00e0 ce kit de bricolage joyeux, vous pouvez facilement cr\u00e9er, d\u00e9corer et porter vos propres bracelets. Parfait pour [&hellip;]\" \/>\n<meta property=\"og:url\" content=\"https:\/\/ses-creative.com\/fr\/produit\/bracelets-a-breloques-gonfles\/\" \/>\n<meta property=\"og:site_name\" content=\"SES Creative\" \/>\n<meta property=\"article:modified_time\" content=\"2026-02-12T10:23:10+00:00\" \/>\n<meta name=\"twitter:card\" content=\"summary_large_image\" \/>\n<meta name=\"twitter:label1\" content=\"Dur\u00e9e de lecture estim\u00e9e\" \/>\n\t<meta name=\"twitter:data1\" content=\"2 minutes\" \/>\n<script type=\"application\/ld+json\" class=\"yoast-schema-graph\">{\"@context\":\"https:\/\/schema.org\",\"@graph\":[{\"@type\":\"WebPage\",\"@id\":\"https:\/\/ses-creative.com\/fr\/produit\/bracelets-a-breloques-gonfles\/\",\"url\":\"https:\/\/ses-creative.com\/fr\/produit\/bracelets-a-breloques-gonfles\/\",\"name\":\"Bracelets \u00e0 breloques gonfl\u00e9s - SES Creative\",\"isPartOf\":{\"@id\":\"https:\/\/ses-creative.com\/#website\"},\"primaryImageOfPage\":{\"@id\":\"https:\/\/ses-creative.com\/fr\/produit\/bracelets-a-breloques-gonfles\/#primaryimage\"},\"image\":{\"@id\":\"https:\/\/ses-creative.com\/fr\/produit\/bracelets-a-breloques-gonfles\/#primaryimage\"},\"thumbnailUrl\":\"https:\/\/ses-creative.com\/wp-content\/uploads\/2026\/01\/147471.jpg\",\"datePublished\":\"2026-02-12T10:09:42+00:00\",\"dateModified\":\"2026-02-12T10:23:10+00:00\",\"breadcrumb\":{\"@id\":\"https:\/\/ses-creative.com\/fr\/produit\/bracelets-a-breloques-gonfles\/#breadcrumb\"},\"inLanguage\":\"fr-FR\",\"potentialAction\":[{\"@type\":\"ReadAction\",\"target\":[\"https:\/\/ses-creative.com\/fr\/produit\/bracelets-a-breloques-gonfles\/\"]}]},{\"@type\":\"ImageObject\",\"inLanguage\":\"fr-FR\",\"@id\":\"https:\/\/ses-creative.com\/fr\/produit\/bracelets-a-breloques-gonfles\/#primaryimage\",\"url\":\"https:\/\/ses-creative.com\/wp-content\/uploads\/2026\/01\/147471.jpg\",\"contentUrl\":\"https:\/\/ses-creative.com\/wp-content\/uploads\/2026\/01\/147471.jpg\",\"width\":1000,\"height\":1000},{\"@type\":\"BreadcrumbList\",\"@id\":\"https:\/\/ses-creative.com\/fr\/produit\/bracelets-a-breloques-gonfles\/#breadcrumb\",\"itemListElement\":[{\"@type\":\"ListItem\",\"position\":1,\"name\":\"Boutique\",\"item\":\"https:\/\/ses-creative.com\/fr\/boutique\/\"},{\"@type\":\"ListItem\",\"position\":2,\"name\":\"Loisirs cr\u00e9atifs\",\"item\":\"https:\/\/ses-creative.com\/fr\/product-categorie\/loisirs-creatifs\/\"},{\"@type\":\"ListItem\",\"position\":3,\"name\":\"Bracelets \u00e0 breloques gonfl\u00e9s\"}]},{\"@type\":\"WebSite\",\"@id\":\"https:\/\/ses-creative.com\/#website\",\"url\":\"https:\/\/ses-creative.com\/\",\"name\":\"SES Creative\",\"description\":\"\",\"publisher\":{\"@id\":\"https:\/\/ses-creative.com\/#organization\"},\"potentialAction\":[{\"@type\":\"SearchAction\",\"target\":{\"@type\":\"EntryPoint\",\"urlTemplate\":\"https:\/\/ses-creative.com\/?s={search_term_string}\"},\"query-input\":{\"@type\":\"PropertyValueSpecification\",\"valueRequired\":true,\"valueName\":\"search_term_string\"}}],\"inLanguage\":\"fr-FR\"},{\"@type\":\"Organization\",\"@id\":\"https:\/\/ses-creative.com\/#organization\",\"name\":\"SES Creative\",\"url\":\"https:\/\/ses-creative.com\/\",\"logo\":{\"@type\":\"ImageObject\",\"inLanguage\":\"fr-FR\",\"@id\":\"https:\/\/ses-creative.com\/#\/schema\/logo\/image\/\",\"url\":\"https:\/\/ses-creative.com\/wp-content\/uploads\/2025\/10\/ses-creative-logo.jpg\",\"contentUrl\":\"https:\/\/ses-creative.com\/wp-content\/uploads\/2025\/10\/ses-creative-logo.jpg\",\"width\":2037,\"height\":2037,\"caption\":\"SES Creative\"},\"image\":{\"@id\":\"https:\/\/ses-creative.com\/#\/schema\/logo\/image\/\"}}]}<\/script>\n<!-- \/ Yoast SEO plugin. -->","yoast_head_json":{"title":"Bracelets \u00e0 breloques gonfl\u00e9s - SES Creative","robots":{"index":"index","follow":"follow","max-snippet":"max-snippet:-1","max-image-preview":"max-image-preview:large","max-video-preview":"max-video-preview:-1"},"canonical":"https:\/\/ses-creative.com\/fr\/produit\/bracelets-a-breloques-gonfles\/","og_locale":"fr_FR","og_type":"article","og_title":"Bracelets \u00e0 breloques gonfl\u00e9s - SES Creative","og_description":"Hobby Pink \u2013 Bracelets \u00e0 autocollants gonflables Cr\u00e9ez des bijoux tendance avec le kit Bracelets autocollants gonflables de SES Creative ! Laissez libre cours \u00e0 votre cr\u00e9ativit\u00e9 et fabriquez des accessoires \u00e9l\u00e9gants aussi uniques que vous. Gr\u00e2ce \u00e0 ce kit de bricolage joyeux, vous pouvez facilement cr\u00e9er, d\u00e9corer et porter vos propres bracelets. Parfait pour [&hellip;]","og_url":"https:\/\/ses-creative.com\/fr\/produit\/bracelets-a-breloques-gonfles\/","og_site_name":"SES Creative","article_modified_time":"2026-02-12T10:23:10+00:00","twitter_card":"summary_large_image","twitter_misc":{"Dur\u00e9e de lecture estim\u00e9e":"2 minutes"},"schema":{"@context":"https:\/\/schema.org","@graph":[{"@type":"WebPage","@id":"https:\/\/ses-creative.com\/fr\/produit\/bracelets-a-breloques-gonfles\/","url":"https:\/\/ses-creative.com\/fr\/produit\/bracelets-a-breloques-gonfles\/","name":"Bracelets \u00e0 breloques gonfl\u00e9s - SES Creative","isPartOf":{"@id":"https:\/\/ses-creative.com\/#website"},"primaryImageOfPage":{"@id":"https:\/\/ses-creative.com\/fr\/produit\/bracelets-a-breloques-gonfles\/#primaryimage"},"image":{"@id":"https:\/\/ses-creative.com\/fr\/produit\/bracelets-a-breloques-gonfles\/#primaryimage"},"thumbnailUrl":"https:\/\/ses-creative.com\/wp-content\/uploads\/2026\/01\/147471.jpg","datePublished":"2026-02-12T10:09:42+00:00","dateModified":"2026-02-12T10:23:10+00:00","breadcrumb":{"@id":"https:\/\/ses-creative.com\/fr\/produit\/bracelets-a-breloques-gonfles\/#breadcrumb"},"inLanguage":"fr-FR","potentialAction":[{"@type":"ReadAction","target":["https:\/\/ses-creative.com\/fr\/produit\/bracelets-a-breloques-gonfles\/"]}]},{"@type":"ImageObject","inLanguage":"fr-FR","@id":"https:\/\/ses-creative.com\/fr\/produit\/bracelets-a-breloques-gonfles\/#primaryimage","url":"https:\/\/ses-creative.com\/wp-content\/uploads\/2026\/01\/147471.jpg","contentUrl":"https:\/\/ses-creative.com\/wp-content\/uploads\/2026\/01\/147471.jpg","width":1000,"height":1000},{"@type":"BreadcrumbList","@id":"https:\/\/ses-creative.com\/fr\/produit\/bracelets-a-breloques-gonfles\/#breadcrumb","itemListElement":[{"@type":"ListItem","position":1,"name":"Boutique","item":"https:\/\/ses-creative.com\/fr\/boutique\/"},{"@type":"ListItem","position":2,"name":"Loisirs cr\u00e9atifs","item":"https:\/\/ses-creative.com\/fr\/product-categorie\/loisirs-creatifs\/"},{"@type":"ListItem","position":3,"name":"Bracelets \u00e0 breloques gonfl\u00e9s"}]},{"@type":"WebSite","@id":"https:\/\/ses-creative.com\/#website","url":"https:\/\/ses-creative.com\/","name":"SES Creative","description":"","publisher":{"@id":"https:\/\/ses-creative.com\/#organization"},"potentialAction":[{"@type":"SearchAction","target":{"@type":"EntryPoint","urlTemplate":"https:\/\/ses-creative.com\/?s={search_term_string}"},"query-input":{"@type":"PropertyValueSpecification","valueRequired":true,"valueName":"search_term_string"}}],"inLanguage":"fr-FR"},{"@type":"Organization","@id":"https:\/\/ses-creative.com\/#organization","name":"SES Creative","url":"https:\/\/ses-creative.com\/","logo":{"@type":"ImageObject","inLanguage":"fr-FR","@id":"https:\/\/ses-creative.com\/#\/schema\/logo\/image\/","url":"https:\/\/ses-creative.com\/wp-content\/uploads\/2025\/10\/ses-creative-logo.jpg","contentUrl":"https:\/\/ses-creative.com\/wp-content\/uploads\/2025\/10\/ses-creative-logo.jpg","width":2037,"height":2037,"caption":"SES Creative"},"image":{"@id":"https:\/\/ses-creative.com\/#\/schema\/logo\/image\/"}}]}},"_links":{"self":[{"href":"https:\/\/ses-creative.com\/fr\/wp-json\/wp\/v2\/product\/118415","targetHints":{"allow":["GET"]}}],"collection":[{"href":"https:\/\/ses-creative.com\/fr\/wp-json\/wp\/v2\/product"}],"about":[{"href":"https:\/\/ses-creative.com\/fr\/wp-json\/wp\/v2\/types\/product"}],"replies":[{"embeddable":true,"href":"https:\/\/ses-creative.com\/fr\/wp-json\/wp\/v2\/comments?post=118415"}],"wp:featuredmedia":[{"embeddable":true,"href":"https:\/\/ses-creative.com\/fr\/wp-json\/wp\/v2\/media\/104396"}],"wp:attachment":[{"href":"https:\/\/ses-creative.com\/fr\/wp-json\/wp\/v2\/media?parent=118415"}],"wp:term":[{"taxonomy":"product_brand","embeddable":true,"href":"https:\/\/ses-creative.com\/fr\/wp-json\/wp\/v2\/product_brand?post=118415"},{"taxonomy":"product_cat","embeddable":true,"href":"https:\/\/ses-creative.com\/fr\/wp-json\/wp\/v2\/product_cat?post=118415"},{"taxonomy":"product_tag","embeddable":true,"href":"https:\/\/ses-creative.com\/fr\/wp-json\/wp\/v2\/product_tag?post=118415"}],"curies":[{"name":"wp","href":"https:\/\/api.w.org\/{rel}","templated":true}]}}