











{"id":118414,"date":"2026-02-12T10:09:42","date_gmt":"2026-02-12T10:09:42","guid":{"rendered":"https:\/\/ses-creative.com\/?post_type=product&#038;p=118414"},"modified":"2026-02-12T10:23:10","modified_gmt":"2026-02-12T10:23:10","slug":"bracelets-de-perles-en-verre","status":"publish","type":"product","link":"https:\/\/ses-creative.com\/fr\/produit\/bracelets-de-perles-en-verre\/","title":{"rendered":"Bracelets de perles en verre"},"content":{"rendered":"<p>Hobby Pink \u2013 Magnifiques bracelets en perles de verre<\/p>\n<p>Cr\u00e9ez vous-m\u00eame les plus beaux bracelets en perles de verre gr\u00e2ce \u00e0 ce magnifique kit de SES Creative ! Le m\u00e9tier \u00e0 tisser en bois solide et les perles de verre color\u00e9es permettent de cr\u00e9er facilement des bijoux uniques. Tendez l&rsquo;\u00e9lastique, choisissez vos perles pr\u00e9f\u00e9r\u00e9es et commencez \u00e0 tisser. Parfait pour les jeunes cr\u00e9ateurs de bijoux passionn\u00e9s par la cr\u00e9ativit\u00e9.<\/p>\n<p>Ce qui rend ce kit g\u00e9nial<\/p>\n<p>Cadre en bois solide pour une utilisation durable<br \/>\nFacile \u00e0 utiliser, m\u00eame pour les enfants<br \/>\nComprend un fil \u00e9lastique pour cr\u00e9er des bracelets durables<br \/>\nStimule la motricit\u00e9 fine et la cr\u00e9ativit\u00e9<br \/>\nParfait pour les enfants \u00e0 partir de 6 ans<\/p>\n<p>Concevez et tissez vos propres bijoux<br \/>\nAvec ce kit, les enfants peuvent concevoir et fabriquer leurs propres bracelets en perles de verre. C&rsquo;est simple, amusant et cela permet aux enfants de d\u00e9velopper leur propre style. La fiert\u00e9 qu&rsquo;ils ressentent en portant leurs bijoux faits maison rend cette activit\u00e9 encore plus sp\u00e9ciale.<\/p>\n<p>Contenu du kit<\/p>\n<p>Cadre de tissage en bois<br \/>\nM\u00e9lange de perles en verre<br \/>\nFil \u00e9lastique<br \/>\nMode d&#8217;emploi<\/p>\n<p>Pourquoi choisir SES Creative<br \/>\nChez SES Creative, nous accordons une grande importance \u00e0 la s\u00e9curit\u00e9. C&rsquo;est pourquoi nos produits sont fabriqu\u00e9s et test\u00e9s dans notre usine aux Pays-Bas, conform\u00e9ment aux normes de s\u00e9curit\u00e9 europ\u00e9ennes les plus strictes. Les jouets SES Creative sont source de plaisir et permettent aux enfants d&rsquo;\u00eatre fiers de leur travail, ce qui stimule leur cr\u00e9ativit\u00e9 et leur d\u00e9veloppement.<\/p>\n<p>Commencez d\u00e8s aujourd&rsquo;hui \u00e0 cr\u00e9er votre propre ligne de bijoux<br \/>\nLaissez libre cours \u00e0 votre cr\u00e9ativit\u00e9 et cr\u00e9ez de magnifiques bracelets avec le kit de bracelets en perles de verre de SES Creative. Id\u00e9al pour des heures de plaisir cr\u00e9atif !<\/p>\n","protected":false},"excerpt":{"rendered":"<p>Hobby Pink \u2013 Magnifiques bracelets en perles de verre Cr\u00e9ez vous-m\u00eame les plus beaux bracelets en perles de verre gr\u00e2ce \u00e0 ce magnifique kit de SES Creative ! Le m\u00e9tier \u00e0 tisser en bois solide et les perles de verre color\u00e9es permettent de cr\u00e9er facilement des bijoux uniques. Tendez l&rsquo;\u00e9lastique, choisissez vos perles pr\u00e9f\u00e9r\u00e9es et [&hellip;]<\/p>\n","protected":false},"featured_media":104376,"comment_status":"closed","ping_status":"closed","template":"","meta":{"_acf_changed":false},"product_brand":[],"product_cat":[122],"product_tag":[],"class_list":{"0":"post-118414","1":"product","2":"type-product","3":"status-publish","4":"has-post-thumbnail","6":"product_cat-loisirs-creatifs","7":"pa_leeftijd-filter-4-6-ans","8":"pa_meest-populair-bij-filles","10":"first","11":"instock","12":"shipping-taxable","13":"product-type-simple"},"acf":[],"yoast_head":"<!-- This site is optimized with the Yoast SEO plugin v27.2 - https:\/\/yoast.com\/product\/yoast-seo-wordpress\/ -->\n<title>Bracelets de perles en verre - SES Creative<\/title>\n<meta name=\"robots\" content=\"index, follow, max-snippet:-1, max-image-preview:large, max-video-preview:-1\" \/>\n<link rel=\"canonical\" href=\"https:\/\/ses-creative.com\/fr\/produit\/bracelets-de-perles-en-verre\/\" \/>\n<meta property=\"og:locale\" content=\"fr_FR\" \/>\n<meta property=\"og:type\" content=\"article\" \/>\n<meta property=\"og:title\" content=\"Bracelets de perles en verre - SES Creative\" \/>\n<meta property=\"og:description\" content=\"Hobby Pink \u2013 Magnifiques bracelets en perles de verre Cr\u00e9ez vous-m\u00eame les plus beaux bracelets en perles de verre gr\u00e2ce \u00e0 ce magnifique kit de SES Creative ! Le m\u00e9tier \u00e0 tisser en bois solide et les perles de verre color\u00e9es permettent de cr\u00e9er facilement des bijoux uniques. Tendez l&rsquo;\u00e9lastique, choisissez vos perles pr\u00e9f\u00e9r\u00e9es et [&hellip;]\" \/>\n<meta property=\"og:url\" content=\"https:\/\/ses-creative.com\/fr\/produit\/bracelets-de-perles-en-verre\/\" \/>\n<meta property=\"og:site_name\" content=\"SES Creative\" \/>\n<meta property=\"article:modified_time\" content=\"2026-02-12T10:23:10+00:00\" \/>\n<meta name=\"twitter:card\" content=\"summary_large_image\" \/>\n<meta name=\"twitter:label1\" content=\"Dur\u00e9e de lecture estim\u00e9e\" \/>\n\t<meta name=\"twitter:data1\" content=\"2 minutes\" \/>\n<script type=\"application\/ld+json\" class=\"yoast-schema-graph\">{\"@context\":\"https:\/\/schema.org\",\"@graph\":[{\"@type\":\"WebPage\",\"@id\":\"https:\/\/ses-creative.com\/fr\/produit\/bracelets-de-perles-en-verre\/\",\"url\":\"https:\/\/ses-creative.com\/fr\/produit\/bracelets-de-perles-en-verre\/\",\"name\":\"Bracelets de perles en verre - SES Creative\",\"isPartOf\":{\"@id\":\"https:\/\/ses-creative.com\/#website\"},\"primaryImageOfPage\":{\"@id\":\"https:\/\/ses-creative.com\/fr\/produit\/bracelets-de-perles-en-verre\/#primaryimage\"},\"image\":{\"@id\":\"https:\/\/ses-creative.com\/fr\/produit\/bracelets-de-perles-en-verre\/#primaryimage\"},\"thumbnailUrl\":\"https:\/\/ses-creative.com\/wp-content\/uploads\/2026\/01\/147451.jpg\",\"datePublished\":\"2026-02-12T10:09:42+00:00\",\"dateModified\":\"2026-02-12T10:23:10+00:00\",\"breadcrumb\":{\"@id\":\"https:\/\/ses-creative.com\/fr\/produit\/bracelets-de-perles-en-verre\/#breadcrumb\"},\"inLanguage\":\"fr-FR\",\"potentialAction\":[{\"@type\":\"ReadAction\",\"target\":[\"https:\/\/ses-creative.com\/fr\/produit\/bracelets-de-perles-en-verre\/\"]}]},{\"@type\":\"ImageObject\",\"inLanguage\":\"fr-FR\",\"@id\":\"https:\/\/ses-creative.com\/fr\/produit\/bracelets-de-perles-en-verre\/#primaryimage\",\"url\":\"https:\/\/ses-creative.com\/wp-content\/uploads\/2026\/01\/147451.jpg\",\"contentUrl\":\"https:\/\/ses-creative.com\/wp-content\/uploads\/2026\/01\/147451.jpg\",\"width\":1000,\"height\":1000},{\"@type\":\"BreadcrumbList\",\"@id\":\"https:\/\/ses-creative.com\/fr\/produit\/bracelets-de-perles-en-verre\/#breadcrumb\",\"itemListElement\":[{\"@type\":\"ListItem\",\"position\":1,\"name\":\"Boutique\",\"item\":\"https:\/\/ses-creative.com\/fr\/boutique\/\"},{\"@type\":\"ListItem\",\"position\":2,\"name\":\"Loisirs cr\u00e9atifs\",\"item\":\"https:\/\/ses-creative.com\/fr\/product-categorie\/loisirs-creatifs\/\"},{\"@type\":\"ListItem\",\"position\":3,\"name\":\"Bracelets de perles en verre\"}]},{\"@type\":\"WebSite\",\"@id\":\"https:\/\/ses-creative.com\/#website\",\"url\":\"https:\/\/ses-creative.com\/\",\"name\":\"SES Creative\",\"description\":\"\",\"publisher\":{\"@id\":\"https:\/\/ses-creative.com\/#organization\"},\"potentialAction\":[{\"@type\":\"SearchAction\",\"target\":{\"@type\":\"EntryPoint\",\"urlTemplate\":\"https:\/\/ses-creative.com\/?s={search_term_string}\"},\"query-input\":{\"@type\":\"PropertyValueSpecification\",\"valueRequired\":true,\"valueName\":\"search_term_string\"}}],\"inLanguage\":\"fr-FR\"},{\"@type\":\"Organization\",\"@id\":\"https:\/\/ses-creative.com\/#organization\",\"name\":\"SES Creative\",\"url\":\"https:\/\/ses-creative.com\/\",\"logo\":{\"@type\":\"ImageObject\",\"inLanguage\":\"fr-FR\",\"@id\":\"https:\/\/ses-creative.com\/#\/schema\/logo\/image\/\",\"url\":\"https:\/\/ses-creative.com\/wp-content\/uploads\/2025\/10\/ses-creative-logo.jpg\",\"contentUrl\":\"https:\/\/ses-creative.com\/wp-content\/uploads\/2025\/10\/ses-creative-logo.jpg\",\"width\":2037,\"height\":2037,\"caption\":\"SES Creative\"},\"image\":{\"@id\":\"https:\/\/ses-creative.com\/#\/schema\/logo\/image\/\"}}]}<\/script>\n<!-- \/ Yoast SEO plugin. -->","yoast_head_json":{"title":"Bracelets de perles en verre - SES Creative","robots":{"index":"index","follow":"follow","max-snippet":"max-snippet:-1","max-image-preview":"max-image-preview:large","max-video-preview":"max-video-preview:-1"},"canonical":"https:\/\/ses-creative.com\/fr\/produit\/bracelets-de-perles-en-verre\/","og_locale":"fr_FR","og_type":"article","og_title":"Bracelets de perles en verre - SES Creative","og_description":"Hobby Pink \u2013 Magnifiques bracelets en perles de verre Cr\u00e9ez vous-m\u00eame les plus beaux bracelets en perles de verre gr\u00e2ce \u00e0 ce magnifique kit de SES Creative ! Le m\u00e9tier \u00e0 tisser en bois solide et les perles de verre color\u00e9es permettent de cr\u00e9er facilement des bijoux uniques. Tendez l&rsquo;\u00e9lastique, choisissez vos perles pr\u00e9f\u00e9r\u00e9es et [&hellip;]","og_url":"https:\/\/ses-creative.com\/fr\/produit\/bracelets-de-perles-en-verre\/","og_site_name":"SES Creative","article_modified_time":"2026-02-12T10:23:10+00:00","twitter_card":"summary_large_image","twitter_misc":{"Dur\u00e9e de lecture estim\u00e9e":"2 minutes"},"schema":{"@context":"https:\/\/schema.org","@graph":[{"@type":"WebPage","@id":"https:\/\/ses-creative.com\/fr\/produit\/bracelets-de-perles-en-verre\/","url":"https:\/\/ses-creative.com\/fr\/produit\/bracelets-de-perles-en-verre\/","name":"Bracelets de perles en verre - SES Creative","isPartOf":{"@id":"https:\/\/ses-creative.com\/#website"},"primaryImageOfPage":{"@id":"https:\/\/ses-creative.com\/fr\/produit\/bracelets-de-perles-en-verre\/#primaryimage"},"image":{"@id":"https:\/\/ses-creative.com\/fr\/produit\/bracelets-de-perles-en-verre\/#primaryimage"},"thumbnailUrl":"https:\/\/ses-creative.com\/wp-content\/uploads\/2026\/01\/147451.jpg","datePublished":"2026-02-12T10:09:42+00:00","dateModified":"2026-02-12T10:23:10+00:00","breadcrumb":{"@id":"https:\/\/ses-creative.com\/fr\/produit\/bracelets-de-perles-en-verre\/#breadcrumb"},"inLanguage":"fr-FR","potentialAction":[{"@type":"ReadAction","target":["https:\/\/ses-creative.com\/fr\/produit\/bracelets-de-perles-en-verre\/"]}]},{"@type":"ImageObject","inLanguage":"fr-FR","@id":"https:\/\/ses-creative.com\/fr\/produit\/bracelets-de-perles-en-verre\/#primaryimage","url":"https:\/\/ses-creative.com\/wp-content\/uploads\/2026\/01\/147451.jpg","contentUrl":"https:\/\/ses-creative.com\/wp-content\/uploads\/2026\/01\/147451.jpg","width":1000,"height":1000},{"@type":"BreadcrumbList","@id":"https:\/\/ses-creative.com\/fr\/produit\/bracelets-de-perles-en-verre\/#breadcrumb","itemListElement":[{"@type":"ListItem","position":1,"name":"Boutique","item":"https:\/\/ses-creative.com\/fr\/boutique\/"},{"@type":"ListItem","position":2,"name":"Loisirs cr\u00e9atifs","item":"https:\/\/ses-creative.com\/fr\/product-categorie\/loisirs-creatifs\/"},{"@type":"ListItem","position":3,"name":"Bracelets de perles en verre"}]},{"@type":"WebSite","@id":"https:\/\/ses-creative.com\/#website","url":"https:\/\/ses-creative.com\/","name":"SES Creative","description":"","publisher":{"@id":"https:\/\/ses-creative.com\/#organization"},"potentialAction":[{"@type":"SearchAction","target":{"@type":"EntryPoint","urlTemplate":"https:\/\/ses-creative.com\/?s={search_term_string}"},"query-input":{"@type":"PropertyValueSpecification","valueRequired":true,"valueName":"search_term_string"}}],"inLanguage":"fr-FR"},{"@type":"Organization","@id":"https:\/\/ses-creative.com\/#organization","name":"SES Creative","url":"https:\/\/ses-creative.com\/","logo":{"@type":"ImageObject","inLanguage":"fr-FR","@id":"https:\/\/ses-creative.com\/#\/schema\/logo\/image\/","url":"https:\/\/ses-creative.com\/wp-content\/uploads\/2025\/10\/ses-creative-logo.jpg","contentUrl":"https:\/\/ses-creative.com\/wp-content\/uploads\/2025\/10\/ses-creative-logo.jpg","width":2037,"height":2037,"caption":"SES Creative"},"image":{"@id":"https:\/\/ses-creative.com\/#\/schema\/logo\/image\/"}}]}},"_links":{"self":[{"href":"https:\/\/ses-creative.com\/fr\/wp-json\/wp\/v2\/product\/118414","targetHints":{"allow":["GET"]}}],"collection":[{"href":"https:\/\/ses-creative.com\/fr\/wp-json\/wp\/v2\/product"}],"about":[{"href":"https:\/\/ses-creative.com\/fr\/wp-json\/wp\/v2\/types\/product"}],"replies":[{"embeddable":true,"href":"https:\/\/ses-creative.com\/fr\/wp-json\/wp\/v2\/comments?post=118414"}],"wp:featuredmedia":[{"embeddable":true,"href":"https:\/\/ses-creative.com\/fr\/wp-json\/wp\/v2\/media\/104376"}],"wp:attachment":[{"href":"https:\/\/ses-creative.com\/fr\/wp-json\/wp\/v2\/media?parent=118414"}],"wp:term":[{"taxonomy":"product_brand","embeddable":true,"href":"https:\/\/ses-creative.com\/fr\/wp-json\/wp\/v2\/product_brand?post=118414"},{"taxonomy":"product_cat","embeddable":true,"href":"https:\/\/ses-creative.com\/fr\/wp-json\/wp\/v2\/product_cat?post=118414"},{"taxonomy":"product_tag","embeddable":true,"href":"https:\/\/ses-creative.com\/fr\/wp-json\/wp\/v2\/product_tag?post=118414"}],"curies":[{"name":"wp","href":"https:\/\/api.w.org\/{rel}","templated":true}]}}