











{"id":118413,"date":"2026-02-12T10:09:42","date_gmt":"2026-02-12T10:09:42","guid":{"rendered":"https:\/\/ses-creative.com\/?post_type=product&#038;p=118413"},"modified":"2026-02-12T10:23:10","modified_gmt":"2026-02-12T10:23:10","slug":"bracelets-a-charms-fashionistas","status":"publish","type":"product","link":"https:\/\/ses-creative.com\/fr\/produit\/bracelets-a-charms-fashionistas\/","title":{"rendered":"Bracelets \u00e0 charms fashionistas"},"content":{"rendered":"<p>Hobby Pink \u2013 Bracelets \u00e0 breloques Fashion Girls : cr\u00e9ez et portez vos propres bijoux magiques !<\/p>\n<p>Avec le kit Hobby Pink \u2013 Bracelets \u00e0 breloques Fashion Girls de SES Creative, tu peux cr\u00e9er toi-m\u00eame des breloques uniques et des bracelets joyeux. Utilise le film r\u00e9tractable magique pour r\u00e9duire ton cr\u00e9ation de 7 fois et l&rsquo;\u00e9paissir de 7 fois au four. D\u00e9core les breloques avec les crayons de couleur fournis, enfile-les sur le cordon \u00e9lastique avec des perles color\u00e9es et cr\u00e9e des bracelets qui te correspondent parfaitement.<\/p>\n<p>Ce qui rend ce set g\u00e9nial<\/p>\n<p>Film r\u00e9tractable magique qui devient 7 fois plus petit et 7 fois plus \u00e9pais au four<br \/>\nComprend des exemples joyeux \u00e0 reproduire<br \/>\n8 crayons de couleur aux couleurs vives<br \/>\nM\u00e9lange de perles et \u00e9lastique pour cr\u00e9er des bijoux uniques<br \/>\nStimule la cr\u00e9ativit\u00e9, la motricit\u00e9 fine et le sens de la mode<\/p>\n<p>Du dessin au bijou<\/p>\n<p>Reproduisez les mod\u00e8les des fashion girls sur le film thermor\u00e9tractable ou cr\u00e9ez votre propre design. Habillez-les selon votre style, d\u00e9coupez-les et percez un trou. Faites r\u00e9tr\u00e9cir les breloques au four et enfilez-les avec les perles sur le cordon \u00e9lastique. Vous cr\u00e9erez ainsi des bijoux aussi uniques que vous.<\/p>\n<p>Contenu du kit<\/p>\n<p>2 feuilles de film thermor\u00e9tractable magique<br \/>\n8 crayons de couleur<br \/>\n\u00c9lastique (rose)<br \/>\nM\u00e9lange de perles en 4 couleurs<br \/>\nInstructions avec exemples<\/p>\n<p>Pourquoi choisir SES Creative ?<\/p>\n<p>Chez SES Creative, nous accordons une grande importance \u00e0 la s\u00e9curit\u00e9. C&rsquo;est pourquoi nos produits sont fabriqu\u00e9s et test\u00e9s dans notre usine aux Pays-Bas, conform\u00e9ment aux normes de s\u00e9curit\u00e9 europ\u00e9ennes les plus strictes. Les jouets SES Creative sont source de plaisir et permettent aux enfants d&rsquo;\u00eatre fiers de leur travail, ce qui stimule leur cr\u00e9ativit\u00e9 et leur d\u00e9veloppement.<\/p>\n<p>Commencez d\u00e8s aujourd&rsquo;hui \u00e0 cr\u00e9er vos bracelets tendance<\/p>\n<p>Prenez vos crayons et votre film r\u00e9tractable, laissez libre cours \u00e0 votre cr\u00e9ativit\u00e9 et cr\u00e9ez des bracelets qui attireront tous les regards. Avec le kit Hobby Pink \u2013 Fashion Girls Bedelarmbanden, vous pouvez cr\u00e9er des accessoires de mode qui refl\u00e8tent votre style !<\/p>\n","protected":false},"excerpt":{"rendered":"<p>Hobby Pink \u2013 Bracelets \u00e0 breloques Fashion Girls : cr\u00e9ez et portez vos propres bijoux magiques ! Avec le kit Hobby Pink \u2013 Bracelets \u00e0 breloques Fashion Girls de SES Creative, tu peux cr\u00e9er toi-m\u00eame des breloques uniques et des bracelets joyeux. Utilise le film r\u00e9tractable magique pour r\u00e9duire ton cr\u00e9ation de 7 fois et [&hellip;]<\/p>\n","protected":false},"featured_media":95460,"comment_status":"closed","ping_status":"closed","template":"","meta":{"_acf_changed":false},"product_brand":[],"product_cat":[122],"product_tag":[],"class_list":{"0":"post-118413","1":"product","2":"type-product","3":"status-publish","4":"has-post-thumbnail","6":"product_cat-loisirs-creatifs","7":"pa_leeftijd-filter-4-6-ans","8":"pa_meest-populair-bij-filles","10":"first","11":"instock","12":"shipping-taxable","13":"product-type-simple"},"acf":[],"yoast_head":"<!-- This site is optimized with the Yoast SEO plugin v27.2 - https:\/\/yoast.com\/product\/yoast-seo-wordpress\/ -->\n<title>Bracelets \u00e0 charms fashionistas - SES Creative<\/title>\n<meta name=\"robots\" content=\"index, follow, max-snippet:-1, max-image-preview:large, max-video-preview:-1\" \/>\n<link rel=\"canonical\" href=\"https:\/\/ses-creative.com\/fr\/produit\/bracelets-a-charms-fashionistas\/\" \/>\n<meta property=\"og:locale\" content=\"fr_FR\" \/>\n<meta property=\"og:type\" content=\"article\" \/>\n<meta property=\"og:title\" content=\"Bracelets \u00e0 charms fashionistas - SES Creative\" \/>\n<meta property=\"og:description\" content=\"Hobby Pink \u2013 Bracelets \u00e0 breloques Fashion Girls : cr\u00e9ez et portez vos propres bijoux magiques ! Avec le kit Hobby Pink \u2013 Bracelets \u00e0 breloques Fashion Girls de SES Creative, tu peux cr\u00e9er toi-m\u00eame des breloques uniques et des bracelets joyeux. Utilise le film r\u00e9tractable magique pour r\u00e9duire ton cr\u00e9ation de 7 fois et [&hellip;]\" \/>\n<meta property=\"og:url\" content=\"https:\/\/ses-creative.com\/fr\/produit\/bracelets-a-charms-fashionistas\/\" \/>\n<meta property=\"og:site_name\" content=\"SES Creative\" \/>\n<meta property=\"article:modified_time\" content=\"2026-02-12T10:23:10+00:00\" \/>\n<meta name=\"twitter:card\" content=\"summary_large_image\" \/>\n<meta name=\"twitter:label1\" content=\"Dur\u00e9e de lecture estim\u00e9e\" \/>\n\t<meta name=\"twitter:data1\" content=\"2 minutes\" \/>\n<script type=\"application\/ld+json\" class=\"yoast-schema-graph\">{\"@context\":\"https:\/\/schema.org\",\"@graph\":[{\"@type\":\"WebPage\",\"@id\":\"https:\/\/ses-creative.com\/fr\/produit\/bracelets-a-charms-fashionistas\/\",\"url\":\"https:\/\/ses-creative.com\/fr\/produit\/bracelets-a-charms-fashionistas\/\",\"name\":\"Bracelets \u00e0 charms fashionistas - SES Creative\",\"isPartOf\":{\"@id\":\"https:\/\/ses-creative.com\/#website\"},\"primaryImageOfPage\":{\"@id\":\"https:\/\/ses-creative.com\/fr\/produit\/bracelets-a-charms-fashionistas\/#primaryimage\"},\"image\":{\"@id\":\"https:\/\/ses-creative.com\/fr\/produit\/bracelets-a-charms-fashionistas\/#primaryimage\"},\"thumbnailUrl\":\"https:\/\/ses-creative.com\/wp-content\/uploads\/2026\/01\/147441.jpg\",\"datePublished\":\"2026-02-12T10:09:42+00:00\",\"dateModified\":\"2026-02-12T10:23:10+00:00\",\"breadcrumb\":{\"@id\":\"https:\/\/ses-creative.com\/fr\/produit\/bracelets-a-charms-fashionistas\/#breadcrumb\"},\"inLanguage\":\"fr-FR\",\"potentialAction\":[{\"@type\":\"ReadAction\",\"target\":[\"https:\/\/ses-creative.com\/fr\/produit\/bracelets-a-charms-fashionistas\/\"]}]},{\"@type\":\"ImageObject\",\"inLanguage\":\"fr-FR\",\"@id\":\"https:\/\/ses-creative.com\/fr\/produit\/bracelets-a-charms-fashionistas\/#primaryimage\",\"url\":\"https:\/\/ses-creative.com\/wp-content\/uploads\/2026\/01\/147441.jpg\",\"contentUrl\":\"https:\/\/ses-creative.com\/wp-content\/uploads\/2026\/01\/147441.jpg\",\"width\":1000,\"height\":1000},{\"@type\":\"BreadcrumbList\",\"@id\":\"https:\/\/ses-creative.com\/fr\/produit\/bracelets-a-charms-fashionistas\/#breadcrumb\",\"itemListElement\":[{\"@type\":\"ListItem\",\"position\":1,\"name\":\"Boutique\",\"item\":\"https:\/\/ses-creative.com\/fr\/boutique\/\"},{\"@type\":\"ListItem\",\"position\":2,\"name\":\"Loisirs cr\u00e9atifs\",\"item\":\"https:\/\/ses-creative.com\/fr\/product-categorie\/loisirs-creatifs\/\"},{\"@type\":\"ListItem\",\"position\":3,\"name\":\"Bracelets \u00e0 charms fashionistas\"}]},{\"@type\":\"WebSite\",\"@id\":\"https:\/\/ses-creative.com\/#website\",\"url\":\"https:\/\/ses-creative.com\/\",\"name\":\"SES Creative\",\"description\":\"\",\"publisher\":{\"@id\":\"https:\/\/ses-creative.com\/#organization\"},\"potentialAction\":[{\"@type\":\"SearchAction\",\"target\":{\"@type\":\"EntryPoint\",\"urlTemplate\":\"https:\/\/ses-creative.com\/?s={search_term_string}\"},\"query-input\":{\"@type\":\"PropertyValueSpecification\",\"valueRequired\":true,\"valueName\":\"search_term_string\"}}],\"inLanguage\":\"fr-FR\"},{\"@type\":\"Organization\",\"@id\":\"https:\/\/ses-creative.com\/#organization\",\"name\":\"SES Creative\",\"url\":\"https:\/\/ses-creative.com\/\",\"logo\":{\"@type\":\"ImageObject\",\"inLanguage\":\"fr-FR\",\"@id\":\"https:\/\/ses-creative.com\/#\/schema\/logo\/image\/\",\"url\":\"https:\/\/ses-creative.com\/wp-content\/uploads\/2025\/10\/ses-creative-logo.jpg\",\"contentUrl\":\"https:\/\/ses-creative.com\/wp-content\/uploads\/2025\/10\/ses-creative-logo.jpg\",\"width\":2037,\"height\":2037,\"caption\":\"SES Creative\"},\"image\":{\"@id\":\"https:\/\/ses-creative.com\/#\/schema\/logo\/image\/\"}}]}<\/script>\n<!-- \/ Yoast SEO plugin. -->","yoast_head_json":{"title":"Bracelets \u00e0 charms fashionistas - SES Creative","robots":{"index":"index","follow":"follow","max-snippet":"max-snippet:-1","max-image-preview":"max-image-preview:large","max-video-preview":"max-video-preview:-1"},"canonical":"https:\/\/ses-creative.com\/fr\/produit\/bracelets-a-charms-fashionistas\/","og_locale":"fr_FR","og_type":"article","og_title":"Bracelets \u00e0 charms fashionistas - SES Creative","og_description":"Hobby Pink \u2013 Bracelets \u00e0 breloques Fashion Girls : cr\u00e9ez et portez vos propres bijoux magiques ! Avec le kit Hobby Pink \u2013 Bracelets \u00e0 breloques Fashion Girls de SES Creative, tu peux cr\u00e9er toi-m\u00eame des breloques uniques et des bracelets joyeux. Utilise le film r\u00e9tractable magique pour r\u00e9duire ton cr\u00e9ation de 7 fois et [&hellip;]","og_url":"https:\/\/ses-creative.com\/fr\/produit\/bracelets-a-charms-fashionistas\/","og_site_name":"SES Creative","article_modified_time":"2026-02-12T10:23:10+00:00","twitter_card":"summary_large_image","twitter_misc":{"Dur\u00e9e de lecture estim\u00e9e":"2 minutes"},"schema":{"@context":"https:\/\/schema.org","@graph":[{"@type":"WebPage","@id":"https:\/\/ses-creative.com\/fr\/produit\/bracelets-a-charms-fashionistas\/","url":"https:\/\/ses-creative.com\/fr\/produit\/bracelets-a-charms-fashionistas\/","name":"Bracelets \u00e0 charms fashionistas - SES Creative","isPartOf":{"@id":"https:\/\/ses-creative.com\/#website"},"primaryImageOfPage":{"@id":"https:\/\/ses-creative.com\/fr\/produit\/bracelets-a-charms-fashionistas\/#primaryimage"},"image":{"@id":"https:\/\/ses-creative.com\/fr\/produit\/bracelets-a-charms-fashionistas\/#primaryimage"},"thumbnailUrl":"https:\/\/ses-creative.com\/wp-content\/uploads\/2026\/01\/147441.jpg","datePublished":"2026-02-12T10:09:42+00:00","dateModified":"2026-02-12T10:23:10+00:00","breadcrumb":{"@id":"https:\/\/ses-creative.com\/fr\/produit\/bracelets-a-charms-fashionistas\/#breadcrumb"},"inLanguage":"fr-FR","potentialAction":[{"@type":"ReadAction","target":["https:\/\/ses-creative.com\/fr\/produit\/bracelets-a-charms-fashionistas\/"]}]},{"@type":"ImageObject","inLanguage":"fr-FR","@id":"https:\/\/ses-creative.com\/fr\/produit\/bracelets-a-charms-fashionistas\/#primaryimage","url":"https:\/\/ses-creative.com\/wp-content\/uploads\/2026\/01\/147441.jpg","contentUrl":"https:\/\/ses-creative.com\/wp-content\/uploads\/2026\/01\/147441.jpg","width":1000,"height":1000},{"@type":"BreadcrumbList","@id":"https:\/\/ses-creative.com\/fr\/produit\/bracelets-a-charms-fashionistas\/#breadcrumb","itemListElement":[{"@type":"ListItem","position":1,"name":"Boutique","item":"https:\/\/ses-creative.com\/fr\/boutique\/"},{"@type":"ListItem","position":2,"name":"Loisirs cr\u00e9atifs","item":"https:\/\/ses-creative.com\/fr\/product-categorie\/loisirs-creatifs\/"},{"@type":"ListItem","position":3,"name":"Bracelets \u00e0 charms fashionistas"}]},{"@type":"WebSite","@id":"https:\/\/ses-creative.com\/#website","url":"https:\/\/ses-creative.com\/","name":"SES Creative","description":"","publisher":{"@id":"https:\/\/ses-creative.com\/#organization"},"potentialAction":[{"@type":"SearchAction","target":{"@type":"EntryPoint","urlTemplate":"https:\/\/ses-creative.com\/?s={search_term_string}"},"query-input":{"@type":"PropertyValueSpecification","valueRequired":true,"valueName":"search_term_string"}}],"inLanguage":"fr-FR"},{"@type":"Organization","@id":"https:\/\/ses-creative.com\/#organization","name":"SES Creative","url":"https:\/\/ses-creative.com\/","logo":{"@type":"ImageObject","inLanguage":"fr-FR","@id":"https:\/\/ses-creative.com\/#\/schema\/logo\/image\/","url":"https:\/\/ses-creative.com\/wp-content\/uploads\/2025\/10\/ses-creative-logo.jpg","contentUrl":"https:\/\/ses-creative.com\/wp-content\/uploads\/2025\/10\/ses-creative-logo.jpg","width":2037,"height":2037,"caption":"SES Creative"},"image":{"@id":"https:\/\/ses-creative.com\/#\/schema\/logo\/image\/"}}]}},"_links":{"self":[{"href":"https:\/\/ses-creative.com\/fr\/wp-json\/wp\/v2\/product\/118413","targetHints":{"allow":["GET"]}}],"collection":[{"href":"https:\/\/ses-creative.com\/fr\/wp-json\/wp\/v2\/product"}],"about":[{"href":"https:\/\/ses-creative.com\/fr\/wp-json\/wp\/v2\/types\/product"}],"replies":[{"embeddable":true,"href":"https:\/\/ses-creative.com\/fr\/wp-json\/wp\/v2\/comments?post=118413"}],"wp:featuredmedia":[{"embeddable":true,"href":"https:\/\/ses-creative.com\/fr\/wp-json\/wp\/v2\/media\/95460"}],"wp:attachment":[{"href":"https:\/\/ses-creative.com\/fr\/wp-json\/wp\/v2\/media?parent=118413"}],"wp:term":[{"taxonomy":"product_brand","embeddable":true,"href":"https:\/\/ses-creative.com\/fr\/wp-json\/wp\/v2\/product_brand?post=118413"},{"taxonomy":"product_cat","embeddable":true,"href":"https:\/\/ses-creative.com\/fr\/wp-json\/wp\/v2\/product_cat?post=118413"},{"taxonomy":"product_tag","embeddable":true,"href":"https:\/\/ses-creative.com\/fr\/wp-json\/wp\/v2\/product_tag?post=118413"}],"curies":[{"name":"wp","href":"https:\/\/api.w.org\/{rel}","templated":true}]}}