











{"id":118412,"date":"2026-02-12T10:09:42","date_gmt":"2026-02-12T10:09:42","guid":{"rendered":"https:\/\/ses-creative.com\/?post_type=product&#038;p=118412"},"modified":"2026-02-12T10:23:10","modified_gmt":"2026-02-12T10:23:10","slug":"unicorn-decoration-pour-les-ongles","status":"publish","type":"product","link":"https:\/\/ses-creative.com\/fr\/produit\/unicorn-decoration-pour-les-ongles\/","title":{"rendered":"Unicorn &#8211; D\u00e9coration pour les ongles"},"content":{"rendered":"<p>Unicorn &#8211; Cr\u00e9ateur d&rsquo;ongles : de la magie et de la couleur au bout des doigts !<\/p>\n<p>Avec le kit Unicorn &#8211; Nail Designer de SES Creative, apportez une touche de magie licorne \u00e0 vos ongles. Ce kit complet de nail art contient tout ce qu&rsquo;il faut pour cr\u00e9er des motifs color\u00e9s et scintillants aussi uniques que vous. Parfait pour les enfants \u00e0 partir de 6 ans qui aiment la mode, la cr\u00e9ativit\u00e9 et les paillettes.<\/p>\n<p>Ce qui rend ce kit g\u00e9nial<\/p>\n<p>12 vernis \u00e0 ongles vifs \u00e0 base d&rsquo;eau \u2013 s\u00fbrs et lavables<br \/>\n99 transferts pour ongles sur le th\u00e8me des licornes pour des motifs magiques<br \/>\nDes strass pour une touche finale glamour<br \/>\n3 b\u00e2tonnets m\u00e9langeurs pour cr\u00e9er vos propres couleurs<br \/>\nStimule la cr\u00e9ativit\u00e9, le sens du style et l&rsquo;expression de soi<\/p>\n<p>Cr\u00e9ez votre propre nail art magique<\/p>\n<p>Les enfants peuvent m\u00e9langer les couleurs, appliquer des transferts et ajouter des strass pour un r\u00e9sultat enchanteur. Que vous optiez pour des tons pastel, des motifs arc-en-ciel ou une v\u00e9ritable explosion de paillettes sur vos ongles, tout est possible avec ce kit. Id\u00e9al pour les f\u00eates, les rendez-vous ludiques ou simplement pour passer un apr\u00e8s-midi cr\u00e9atif.<\/p>\n<p>Contenu du kit<\/p>\n<p>12 vernis \u00e0 ongles \u00e0 base d&rsquo;eau<br \/>\n99 transferts pour ongles sur le th\u00e8me des licornes<br \/>\nPierres scintillantes<br \/>\n3 b\u00e2tonnets m\u00e9langeurs<\/p>\n<p>Pourquoi choisir SES Creative ?<\/p>\n<p>Chez SES Creative, nous accordons une grande importance \u00e0 la s\u00e9curit\u00e9. C&rsquo;est pourquoi nos produits sont fabriqu\u00e9s et test\u00e9s dans notre usine aux Pays-Bas, conform\u00e9ment aux normes de s\u00e9curit\u00e9 europ\u00e9ennes les plus strictes. Nos vernis \u00e0 ongles sont \u00e0 base d&rsquo;eau et sans danger pour les enfants, afin que tout le monde puisse s&rsquo;amuser \u00e0 se vernir et se d\u00e9corer les ongles en toute s\u00e9r\u00e9nit\u00e9.<\/p>\n<p>Commencez d\u00e8s aujourd&rsquo;hui \u00e0 cr\u00e9er votre propre design d&rsquo;ongles<\/p>\n<p>Procurez-vous le kit Unicorn \u2013 Nagel Ontwerper et laissez libre cours \u00e0 votre cr\u00e9ativit\u00e9. Cr\u00e9ez des ongles \u00e9tincelants qui correspondent \u00e0 votre style unique !<\/p>\n","protected":false},"excerpt":{"rendered":"<p>Unicorn &#8211; Cr\u00e9ateur d&rsquo;ongles : de la magie et de la couleur au bout des doigts ! Avec le kit Unicorn &#8211; Nail Designer de SES Creative, apportez une touche de magie licorne \u00e0 vos ongles. Ce kit complet de nail art contient tout ce qu&rsquo;il faut pour cr\u00e9er des motifs color\u00e9s et scintillants aussi [&hellip;]<\/p>\n","protected":false},"featured_media":104356,"comment_status":"closed","ping_status":"closed","template":"","meta":{"_acf_changed":false},"product_brand":[],"product_cat":[122],"product_tag":[],"class_list":{"0":"post-118412","1":"product","2":"type-product","3":"status-publish","4":"has-post-thumbnail","6":"product_cat-loisirs-creatifs","7":"pa_collecties-unicorn","8":"pa_leeftijd-filter-4-6-ans","9":"pa_meest-populair-bij-filles","11":"first","12":"instock","13":"shipping-taxable","14":"product-type-simple"},"acf":[],"yoast_head":"<!-- This site is optimized with the Yoast SEO plugin v27.4 - https:\/\/yoast.com\/product\/yoast-seo-wordpress\/ -->\n<title>Unicorn - D\u00e9coration pour les ongles - SES Creative<\/title>\n<meta name=\"robots\" content=\"index, follow, max-snippet:-1, max-image-preview:large, max-video-preview:-1\" \/>\n<link rel=\"canonical\" href=\"https:\/\/ses-creative.com\/fr\/produit\/unicorn-decoration-pour-les-ongles\/\" \/>\n<meta property=\"og:locale\" content=\"fr_FR\" \/>\n<meta property=\"og:type\" content=\"article\" \/>\n<meta property=\"og:title\" content=\"Unicorn - D\u00e9coration pour les ongles - SES Creative\" \/>\n<meta property=\"og:description\" content=\"Unicorn &#8211; Cr\u00e9ateur d&rsquo;ongles : de la magie et de la couleur au bout des doigts ! Avec le kit Unicorn &#8211; Nail Designer de SES Creative, apportez une touche de magie licorne \u00e0 vos ongles. Ce kit complet de nail art contient tout ce qu&rsquo;il faut pour cr\u00e9er des motifs color\u00e9s et scintillants aussi [&hellip;]\" \/>\n<meta property=\"og:url\" content=\"https:\/\/ses-creative.com\/fr\/produit\/unicorn-decoration-pour-les-ongles\/\" \/>\n<meta property=\"og:site_name\" content=\"SES Creative\" \/>\n<meta property=\"article:modified_time\" content=\"2026-02-12T10:23:10+00:00\" \/>\n<meta name=\"twitter:card\" content=\"summary_large_image\" \/>\n<meta name=\"twitter:label1\" content=\"Dur\u00e9e de lecture estim\u00e9e\" \/>\n\t<meta name=\"twitter:data1\" content=\"2 minutes\" \/>\n<script type=\"application\/ld+json\" class=\"yoast-schema-graph\">{\"@context\":\"https:\\\/\\\/schema.org\",\"@graph\":[{\"@type\":\"WebPage\",\"@id\":\"https:\\\/\\\/ses-creative.com\\\/fr\\\/produit\\\/unicorn-decoration-pour-les-ongles\\\/\",\"url\":\"https:\\\/\\\/ses-creative.com\\\/fr\\\/produit\\\/unicorn-decoration-pour-les-ongles\\\/\",\"name\":\"Unicorn - D\u00e9coration pour les ongles - SES Creative\",\"isPartOf\":{\"@id\":\"https:\\\/\\\/ses-creative.com\\\/#website\"},\"primaryImageOfPage\":{\"@id\":\"https:\\\/\\\/ses-creative.com\\\/fr\\\/produit\\\/unicorn-decoration-pour-les-ongles\\\/#primaryimage\"},\"image\":{\"@id\":\"https:\\\/\\\/ses-creative.com\\\/fr\\\/produit\\\/unicorn-decoration-pour-les-ongles\\\/#primaryimage\"},\"thumbnailUrl\":\"https:\\\/\\\/ses-creative.com\\\/wp-content\\\/uploads\\\/2026\\\/01\\\/147291.jpg\",\"datePublished\":\"2026-02-12T10:09:42+00:00\",\"dateModified\":\"2026-02-12T10:23:10+00:00\",\"breadcrumb\":{\"@id\":\"https:\\\/\\\/ses-creative.com\\\/fr\\\/produit\\\/unicorn-decoration-pour-les-ongles\\\/#breadcrumb\"},\"inLanguage\":\"fr-FR\",\"potentialAction\":[{\"@type\":\"ReadAction\",\"target\":[\"https:\\\/\\\/ses-creative.com\\\/fr\\\/produit\\\/unicorn-decoration-pour-les-ongles\\\/\"]}]},{\"@type\":\"ImageObject\",\"inLanguage\":\"fr-FR\",\"@id\":\"https:\\\/\\\/ses-creative.com\\\/fr\\\/produit\\\/unicorn-decoration-pour-les-ongles\\\/#primaryimage\",\"url\":\"https:\\\/\\\/ses-creative.com\\\/wp-content\\\/uploads\\\/2026\\\/01\\\/147291.jpg\",\"contentUrl\":\"https:\\\/\\\/ses-creative.com\\\/wp-content\\\/uploads\\\/2026\\\/01\\\/147291.jpg\",\"width\":1000,\"height\":1000},{\"@type\":\"BreadcrumbList\",\"@id\":\"https:\\\/\\\/ses-creative.com\\\/fr\\\/produit\\\/unicorn-decoration-pour-les-ongles\\\/#breadcrumb\",\"itemListElement\":[{\"@type\":\"ListItem\",\"position\":1,\"name\":\"Boutique\",\"item\":\"https:\\\/\\\/ses-creative.com\\\/fr\\\/boutique\\\/\"},{\"@type\":\"ListItem\",\"position\":2,\"name\":\"Loisirs cr\u00e9atifs\",\"item\":\"https:\\\/\\\/ses-creative.com\\\/fr\\\/product-categorie\\\/loisirs-creatifs\\\/\"},{\"@type\":\"ListItem\",\"position\":3,\"name\":\"Unicorn &#8211; D\u00e9coration pour les ongles\"}]},{\"@type\":\"WebSite\",\"@id\":\"https:\\\/\\\/ses-creative.com\\\/#website\",\"url\":\"https:\\\/\\\/ses-creative.com\\\/\",\"name\":\"SES Creative\",\"description\":\"\",\"publisher\":{\"@id\":\"https:\\\/\\\/ses-creative.com\\\/#organization\"},\"potentialAction\":[{\"@type\":\"SearchAction\",\"target\":{\"@type\":\"EntryPoint\",\"urlTemplate\":\"https:\\\/\\\/ses-creative.com\\\/?s={search_term_string}\"},\"query-input\":{\"@type\":\"PropertyValueSpecification\",\"valueRequired\":true,\"valueName\":\"search_term_string\"}}],\"inLanguage\":\"fr-FR\"},{\"@type\":\"Organization\",\"@id\":\"https:\\\/\\\/ses-creative.com\\\/#organization\",\"name\":\"SES Creative\",\"url\":\"https:\\\/\\\/ses-creative.com\\\/\",\"logo\":{\"@type\":\"ImageObject\",\"inLanguage\":\"fr-FR\",\"@id\":\"https:\\\/\\\/ses-creative.com\\\/#\\\/schema\\\/logo\\\/image\\\/\",\"url\":\"https:\\\/\\\/ses-creative.com\\\/wp-content\\\/uploads\\\/2025\\\/10\\\/ses-creative-logo.jpg\",\"contentUrl\":\"https:\\\/\\\/ses-creative.com\\\/wp-content\\\/uploads\\\/2025\\\/10\\\/ses-creative-logo.jpg\",\"width\":2037,\"height\":2037,\"caption\":\"SES Creative\"},\"image\":{\"@id\":\"https:\\\/\\\/ses-creative.com\\\/#\\\/schema\\\/logo\\\/image\\\/\"}}]}<\/script>\n<!-- \/ Yoast SEO plugin. -->","yoast_head_json":{"title":"Unicorn - D\u00e9coration pour les ongles - SES Creative","robots":{"index":"index","follow":"follow","max-snippet":"max-snippet:-1","max-image-preview":"max-image-preview:large","max-video-preview":"max-video-preview:-1"},"canonical":"https:\/\/ses-creative.com\/fr\/produit\/unicorn-decoration-pour-les-ongles\/","og_locale":"fr_FR","og_type":"article","og_title":"Unicorn - D\u00e9coration pour les ongles - SES Creative","og_description":"Unicorn &#8211; Cr\u00e9ateur d&rsquo;ongles : de la magie et de la couleur au bout des doigts ! Avec le kit Unicorn &#8211; Nail Designer de SES Creative, apportez une touche de magie licorne \u00e0 vos ongles. Ce kit complet de nail art contient tout ce qu&rsquo;il faut pour cr\u00e9er des motifs color\u00e9s et scintillants aussi [&hellip;]","og_url":"https:\/\/ses-creative.com\/fr\/produit\/unicorn-decoration-pour-les-ongles\/","og_site_name":"SES Creative","article_modified_time":"2026-02-12T10:23:10+00:00","twitter_card":"summary_large_image","twitter_misc":{"Dur\u00e9e de lecture estim\u00e9e":"2 minutes"},"schema":{"@context":"https:\/\/schema.org","@graph":[{"@type":"WebPage","@id":"https:\/\/ses-creative.com\/fr\/produit\/unicorn-decoration-pour-les-ongles\/","url":"https:\/\/ses-creative.com\/fr\/produit\/unicorn-decoration-pour-les-ongles\/","name":"Unicorn - D\u00e9coration pour les ongles - SES Creative","isPartOf":{"@id":"https:\/\/ses-creative.com\/#website"},"primaryImageOfPage":{"@id":"https:\/\/ses-creative.com\/fr\/produit\/unicorn-decoration-pour-les-ongles\/#primaryimage"},"image":{"@id":"https:\/\/ses-creative.com\/fr\/produit\/unicorn-decoration-pour-les-ongles\/#primaryimage"},"thumbnailUrl":"https:\/\/ses-creative.com\/wp-content\/uploads\/2026\/01\/147291.jpg","datePublished":"2026-02-12T10:09:42+00:00","dateModified":"2026-02-12T10:23:10+00:00","breadcrumb":{"@id":"https:\/\/ses-creative.com\/fr\/produit\/unicorn-decoration-pour-les-ongles\/#breadcrumb"},"inLanguage":"fr-FR","potentialAction":[{"@type":"ReadAction","target":["https:\/\/ses-creative.com\/fr\/produit\/unicorn-decoration-pour-les-ongles\/"]}]},{"@type":"ImageObject","inLanguage":"fr-FR","@id":"https:\/\/ses-creative.com\/fr\/produit\/unicorn-decoration-pour-les-ongles\/#primaryimage","url":"https:\/\/ses-creative.com\/wp-content\/uploads\/2026\/01\/147291.jpg","contentUrl":"https:\/\/ses-creative.com\/wp-content\/uploads\/2026\/01\/147291.jpg","width":1000,"height":1000},{"@type":"BreadcrumbList","@id":"https:\/\/ses-creative.com\/fr\/produit\/unicorn-decoration-pour-les-ongles\/#breadcrumb","itemListElement":[{"@type":"ListItem","position":1,"name":"Boutique","item":"https:\/\/ses-creative.com\/fr\/boutique\/"},{"@type":"ListItem","position":2,"name":"Loisirs cr\u00e9atifs","item":"https:\/\/ses-creative.com\/fr\/product-categorie\/loisirs-creatifs\/"},{"@type":"ListItem","position":3,"name":"Unicorn &#8211; D\u00e9coration pour les ongles"}]},{"@type":"WebSite","@id":"https:\/\/ses-creative.com\/#website","url":"https:\/\/ses-creative.com\/","name":"SES Creative","description":"","publisher":{"@id":"https:\/\/ses-creative.com\/#organization"},"potentialAction":[{"@type":"SearchAction","target":{"@type":"EntryPoint","urlTemplate":"https:\/\/ses-creative.com\/?s={search_term_string}"},"query-input":{"@type":"PropertyValueSpecification","valueRequired":true,"valueName":"search_term_string"}}],"inLanguage":"fr-FR"},{"@type":"Organization","@id":"https:\/\/ses-creative.com\/#organization","name":"SES Creative","url":"https:\/\/ses-creative.com\/","logo":{"@type":"ImageObject","inLanguage":"fr-FR","@id":"https:\/\/ses-creative.com\/#\/schema\/logo\/image\/","url":"https:\/\/ses-creative.com\/wp-content\/uploads\/2025\/10\/ses-creative-logo.jpg","contentUrl":"https:\/\/ses-creative.com\/wp-content\/uploads\/2025\/10\/ses-creative-logo.jpg","width":2037,"height":2037,"caption":"SES Creative"},"image":{"@id":"https:\/\/ses-creative.com\/#\/schema\/logo\/image\/"}}]}},"_links":{"self":[{"href":"https:\/\/ses-creative.com\/fr\/wp-json\/wp\/v2\/product\/118412","targetHints":{"allow":["GET"]}}],"collection":[{"href":"https:\/\/ses-creative.com\/fr\/wp-json\/wp\/v2\/product"}],"about":[{"href":"https:\/\/ses-creative.com\/fr\/wp-json\/wp\/v2\/types\/product"}],"replies":[{"embeddable":true,"href":"https:\/\/ses-creative.com\/fr\/wp-json\/wp\/v2\/comments?post=118412"}],"wp:featuredmedia":[{"embeddable":true,"href":"https:\/\/ses-creative.com\/fr\/wp-json\/wp\/v2\/media\/104356"}],"wp:attachment":[{"href":"https:\/\/ses-creative.com\/fr\/wp-json\/wp\/v2\/media?parent=118412"}],"wp:term":[{"taxonomy":"product_brand","embeddable":true,"href":"https:\/\/ses-creative.com\/fr\/wp-json\/wp\/v2\/product_brand?post=118412"},{"taxonomy":"product_cat","embeddable":true,"href":"https:\/\/ses-creative.com\/fr\/wp-json\/wp\/v2\/product_cat?post=118412"},{"taxonomy":"product_tag","embeddable":true,"href":"https:\/\/ses-creative.com\/fr\/wp-json\/wp\/v2\/product_tag?post=118412"}],"curies":[{"name":"wp","href":"https:\/\/api.w.org\/{rel}","templated":true}]}}