











{"id":118410,"date":"2026-02-12T10:09:41","date_gmt":"2026-02-12T10:09:41","guid":{"rendered":"https:\/\/ses-creative.com\/?post_type=product&#038;p=118410"},"modified":"2026-02-12T10:23:09","modified_gmt":"2026-02-12T10:23:09","slug":"unicorn-mosaique-de-diamants","status":"publish","type":"product","link":"https:\/\/ses-creative.com\/fr\/produit\/unicorn-mosaique-de-diamants\/","title":{"rendered":"Unicorn &#8211; Mosaique de diamants"},"content":{"rendered":"<p>Licorne \u2013 Diamond Painting : laissez libre cours \u00e0 votre cr\u00e9ativit\u00e9 !<\/p>\n<p>Avec le kit Unicorn \u2013 Diamond Painting de SES Creative, tu peux cr\u00e9er cinq cartes licorne scintillantes aussi magiques que ton imagination. D\u00e9core les cartes avec des autocollants diamants argent\u00e9s, rose vif, rose p\u00e2le et bleu p\u00e2le et regarde chaque motif prendre vie dans des couleurs \u00e9clatantes. Parfait pour les enfants \u00e0 partir de 3 ans qui aiment les paillettes et les activit\u00e9s cr\u00e9atives.<\/p>\n<p>Ce qui rend ce kit g\u00e9nial<\/p>\n<p>5 cartes licorne \u00e0 d\u00e9corer soi-m\u00eame<br \/>\n672 autocollants diamants en quatre couleurs scintillantes<br \/>\nPierres autocollantes \u2013 pas besoin de colle<br \/>\nStimule la motricit\u00e9 fine, la concentration et la cr\u00e9ativit\u00e9<br \/>\nUn r\u00e9sultat dont vous pouvez \u00eatre fier ou que vous pouvez offrir en cadeau<\/p>\n<p>Cr\u00e9ez vos propres chefs-d&rsquo;\u0153uvre scintillants<\/p>\n<p>Les enfants collent les autocollants diamants aux emplacements indiqu\u00e9s sur les cartes pour former des motifs color\u00e9s. Ce processus simple est source de d\u00e9tente et de plaisir, et le r\u00e9sultat final est toujours magique. Les cartes termin\u00e9es sont id\u00e9ales pour \u00eatre expos\u00e9es ou offertes en cadeau.<\/p>\n<p>Contenu du set<\/p>\n<p>5 cartes licorne<br \/>\n672 autocollants diamants argent\u00e9s, rose vif, rose p\u00e2le et bleu p\u00e2le<\/p>\n<p>Pourquoi choisir SES Creative ?<\/p>\n<p>Chez SES Creative, nous accordons une grande importance \u00e0 la s\u00e9curit\u00e9. C&rsquo;est pourquoi nos produits sont fabriqu\u00e9s et test\u00e9s dans notre usine aux Pays-Bas, conform\u00e9ment aux normes de s\u00e9curit\u00e9 europ\u00e9ennes les plus strictes. Les jouets SES Creative sont source de plaisir et permettent aux enfants d&rsquo;\u00eatre fiers de leur travail, ce qui stimule leur cr\u00e9ativit\u00e9 et leur d\u00e9veloppement.<\/p>\n<p>Commencez d\u00e8s aujourd&rsquo;hui \u00e0 cr\u00e9er vos propres diamants<\/p>\n<p>Procurez-vous le kit Unicorn \u2013 Diamond Painting et laissez libre cours \u00e0 votre cr\u00e9ativit\u00e9. Cr\u00e9ez des \u0153uvres d&rsquo;art envo\u00fbtantes qui sont aussi uniques que vous !<\/p>\n","protected":false},"excerpt":{"rendered":"<p>Licorne \u2013 Diamond Painting : laissez libre cours \u00e0 votre cr\u00e9ativit\u00e9 ! Avec le kit Unicorn \u2013 Diamond Painting de SES Creative, tu peux cr\u00e9er cinq cartes licorne scintillantes aussi magiques que ton imagination. D\u00e9core les cartes avec des autocollants diamants argent\u00e9s, rose vif, rose p\u00e2le et bleu p\u00e2le et regarde chaque motif prendre vie [&hellip;]<\/p>\n","protected":false},"featured_media":104316,"comment_status":"closed","ping_status":"closed","template":"","meta":{"_acf_changed":false},"product_brand":[],"product_cat":[122],"product_tag":[],"class_list":{"0":"post-118410","1":"product","2":"type-product","3":"status-publish","4":"has-post-thumbnail","6":"product_cat-loisirs-creatifs","7":"pa_collecties-unicorn","8":"pa_leeftijd-filter-3-4-ans","9":"pa_meest-populair-bij-filles","11":"first","12":"instock","13":"shipping-taxable","14":"product-type-simple"},"acf":[],"yoast_head":"<!-- This site is optimized with the Yoast SEO plugin v27.4 - https:\/\/yoast.com\/product\/yoast-seo-wordpress\/ -->\n<title>Unicorn - Mosaique de diamants - SES Creative<\/title>\n<meta name=\"robots\" content=\"index, follow, max-snippet:-1, max-image-preview:large, max-video-preview:-1\" \/>\n<link rel=\"canonical\" href=\"https:\/\/ses-creative.com\/fr\/produit\/unicorn-mosaique-de-diamants\/\" \/>\n<meta property=\"og:locale\" content=\"fr_FR\" \/>\n<meta property=\"og:type\" content=\"article\" \/>\n<meta property=\"og:title\" content=\"Unicorn - Mosaique de diamants - SES Creative\" \/>\n<meta property=\"og:description\" content=\"Licorne \u2013 Diamond Painting : laissez libre cours \u00e0 votre cr\u00e9ativit\u00e9 ! Avec le kit Unicorn \u2013 Diamond Painting de SES Creative, tu peux cr\u00e9er cinq cartes licorne scintillantes aussi magiques que ton imagination. D\u00e9core les cartes avec des autocollants diamants argent\u00e9s, rose vif, rose p\u00e2le et bleu p\u00e2le et regarde chaque motif prendre vie [&hellip;]\" \/>\n<meta property=\"og:url\" content=\"https:\/\/ses-creative.com\/fr\/produit\/unicorn-mosaique-de-diamants\/\" \/>\n<meta property=\"og:site_name\" content=\"SES Creative\" \/>\n<meta property=\"article:modified_time\" content=\"2026-02-12T10:23:09+00:00\" \/>\n<meta name=\"twitter:card\" content=\"summary_large_image\" \/>\n<meta name=\"twitter:label1\" content=\"Dur\u00e9e de lecture estim\u00e9e\" \/>\n\t<meta name=\"twitter:data1\" content=\"2 minutes\" \/>\n<script type=\"application\/ld+json\" class=\"yoast-schema-graph\">{\"@context\":\"https:\\\/\\\/schema.org\",\"@graph\":[{\"@type\":\"WebPage\",\"@id\":\"https:\\\/\\\/ses-creative.com\\\/fr\\\/produit\\\/unicorn-mosaique-de-diamants\\\/\",\"url\":\"https:\\\/\\\/ses-creative.com\\\/fr\\\/produit\\\/unicorn-mosaique-de-diamants\\\/\",\"name\":\"Unicorn - Mosaique de diamants - SES Creative\",\"isPartOf\":{\"@id\":\"https:\\\/\\\/ses-creative.com\\\/#website\"},\"primaryImageOfPage\":{\"@id\":\"https:\\\/\\\/ses-creative.com\\\/fr\\\/produit\\\/unicorn-mosaique-de-diamants\\\/#primaryimage\"},\"image\":{\"@id\":\"https:\\\/\\\/ses-creative.com\\\/fr\\\/produit\\\/unicorn-mosaique-de-diamants\\\/#primaryimage\"},\"thumbnailUrl\":\"https:\\\/\\\/ses-creative.com\\\/wp-content\\\/uploads\\\/2026\\\/01\\\/147261.jpg\",\"datePublished\":\"2026-02-12T10:09:41+00:00\",\"dateModified\":\"2026-02-12T10:23:09+00:00\",\"breadcrumb\":{\"@id\":\"https:\\\/\\\/ses-creative.com\\\/fr\\\/produit\\\/unicorn-mosaique-de-diamants\\\/#breadcrumb\"},\"inLanguage\":\"fr-FR\",\"potentialAction\":[{\"@type\":\"ReadAction\",\"target\":[\"https:\\\/\\\/ses-creative.com\\\/fr\\\/produit\\\/unicorn-mosaique-de-diamants\\\/\"]}]},{\"@type\":\"ImageObject\",\"inLanguage\":\"fr-FR\",\"@id\":\"https:\\\/\\\/ses-creative.com\\\/fr\\\/produit\\\/unicorn-mosaique-de-diamants\\\/#primaryimage\",\"url\":\"https:\\\/\\\/ses-creative.com\\\/wp-content\\\/uploads\\\/2026\\\/01\\\/147261.jpg\",\"contentUrl\":\"https:\\\/\\\/ses-creative.com\\\/wp-content\\\/uploads\\\/2026\\\/01\\\/147261.jpg\",\"width\":1000,\"height\":1000},{\"@type\":\"BreadcrumbList\",\"@id\":\"https:\\\/\\\/ses-creative.com\\\/fr\\\/produit\\\/unicorn-mosaique-de-diamants\\\/#breadcrumb\",\"itemListElement\":[{\"@type\":\"ListItem\",\"position\":1,\"name\":\"Boutique\",\"item\":\"https:\\\/\\\/ses-creative.com\\\/fr\\\/boutique\\\/\"},{\"@type\":\"ListItem\",\"position\":2,\"name\":\"Loisirs cr\u00e9atifs\",\"item\":\"https:\\\/\\\/ses-creative.com\\\/fr\\\/product-categorie\\\/loisirs-creatifs\\\/\"},{\"@type\":\"ListItem\",\"position\":3,\"name\":\"Unicorn &#8211; Mosaique de diamants\"}]},{\"@type\":\"WebSite\",\"@id\":\"https:\\\/\\\/ses-creative.com\\\/#website\",\"url\":\"https:\\\/\\\/ses-creative.com\\\/\",\"name\":\"SES Creative\",\"description\":\"\",\"publisher\":{\"@id\":\"https:\\\/\\\/ses-creative.com\\\/#organization\"},\"potentialAction\":[{\"@type\":\"SearchAction\",\"target\":{\"@type\":\"EntryPoint\",\"urlTemplate\":\"https:\\\/\\\/ses-creative.com\\\/?s={search_term_string}\"},\"query-input\":{\"@type\":\"PropertyValueSpecification\",\"valueRequired\":true,\"valueName\":\"search_term_string\"}}],\"inLanguage\":\"fr-FR\"},{\"@type\":\"Organization\",\"@id\":\"https:\\\/\\\/ses-creative.com\\\/#organization\",\"name\":\"SES Creative\",\"url\":\"https:\\\/\\\/ses-creative.com\\\/\",\"logo\":{\"@type\":\"ImageObject\",\"inLanguage\":\"fr-FR\",\"@id\":\"https:\\\/\\\/ses-creative.com\\\/#\\\/schema\\\/logo\\\/image\\\/\",\"url\":\"https:\\\/\\\/ses-creative.com\\\/wp-content\\\/uploads\\\/2025\\\/10\\\/ses-creative-logo.jpg\",\"contentUrl\":\"https:\\\/\\\/ses-creative.com\\\/wp-content\\\/uploads\\\/2025\\\/10\\\/ses-creative-logo.jpg\",\"width\":2037,\"height\":2037,\"caption\":\"SES Creative\"},\"image\":{\"@id\":\"https:\\\/\\\/ses-creative.com\\\/#\\\/schema\\\/logo\\\/image\\\/\"}}]}<\/script>\n<!-- \/ Yoast SEO plugin. -->","yoast_head_json":{"title":"Unicorn - Mosaique de diamants - SES Creative","robots":{"index":"index","follow":"follow","max-snippet":"max-snippet:-1","max-image-preview":"max-image-preview:large","max-video-preview":"max-video-preview:-1"},"canonical":"https:\/\/ses-creative.com\/fr\/produit\/unicorn-mosaique-de-diamants\/","og_locale":"fr_FR","og_type":"article","og_title":"Unicorn - Mosaique de diamants - SES Creative","og_description":"Licorne \u2013 Diamond Painting : laissez libre cours \u00e0 votre cr\u00e9ativit\u00e9 ! Avec le kit Unicorn \u2013 Diamond Painting de SES Creative, tu peux cr\u00e9er cinq cartes licorne scintillantes aussi magiques que ton imagination. D\u00e9core les cartes avec des autocollants diamants argent\u00e9s, rose vif, rose p\u00e2le et bleu p\u00e2le et regarde chaque motif prendre vie [&hellip;]","og_url":"https:\/\/ses-creative.com\/fr\/produit\/unicorn-mosaique-de-diamants\/","og_site_name":"SES Creative","article_modified_time":"2026-02-12T10:23:09+00:00","twitter_card":"summary_large_image","twitter_misc":{"Dur\u00e9e de lecture estim\u00e9e":"2 minutes"},"schema":{"@context":"https:\/\/schema.org","@graph":[{"@type":"WebPage","@id":"https:\/\/ses-creative.com\/fr\/produit\/unicorn-mosaique-de-diamants\/","url":"https:\/\/ses-creative.com\/fr\/produit\/unicorn-mosaique-de-diamants\/","name":"Unicorn - Mosaique de diamants - SES Creative","isPartOf":{"@id":"https:\/\/ses-creative.com\/#website"},"primaryImageOfPage":{"@id":"https:\/\/ses-creative.com\/fr\/produit\/unicorn-mosaique-de-diamants\/#primaryimage"},"image":{"@id":"https:\/\/ses-creative.com\/fr\/produit\/unicorn-mosaique-de-diamants\/#primaryimage"},"thumbnailUrl":"https:\/\/ses-creative.com\/wp-content\/uploads\/2026\/01\/147261.jpg","datePublished":"2026-02-12T10:09:41+00:00","dateModified":"2026-02-12T10:23:09+00:00","breadcrumb":{"@id":"https:\/\/ses-creative.com\/fr\/produit\/unicorn-mosaique-de-diamants\/#breadcrumb"},"inLanguage":"fr-FR","potentialAction":[{"@type":"ReadAction","target":["https:\/\/ses-creative.com\/fr\/produit\/unicorn-mosaique-de-diamants\/"]}]},{"@type":"ImageObject","inLanguage":"fr-FR","@id":"https:\/\/ses-creative.com\/fr\/produit\/unicorn-mosaique-de-diamants\/#primaryimage","url":"https:\/\/ses-creative.com\/wp-content\/uploads\/2026\/01\/147261.jpg","contentUrl":"https:\/\/ses-creative.com\/wp-content\/uploads\/2026\/01\/147261.jpg","width":1000,"height":1000},{"@type":"BreadcrumbList","@id":"https:\/\/ses-creative.com\/fr\/produit\/unicorn-mosaique-de-diamants\/#breadcrumb","itemListElement":[{"@type":"ListItem","position":1,"name":"Boutique","item":"https:\/\/ses-creative.com\/fr\/boutique\/"},{"@type":"ListItem","position":2,"name":"Loisirs cr\u00e9atifs","item":"https:\/\/ses-creative.com\/fr\/product-categorie\/loisirs-creatifs\/"},{"@type":"ListItem","position":3,"name":"Unicorn &#8211; Mosaique de diamants"}]},{"@type":"WebSite","@id":"https:\/\/ses-creative.com\/#website","url":"https:\/\/ses-creative.com\/","name":"SES Creative","description":"","publisher":{"@id":"https:\/\/ses-creative.com\/#organization"},"potentialAction":[{"@type":"SearchAction","target":{"@type":"EntryPoint","urlTemplate":"https:\/\/ses-creative.com\/?s={search_term_string}"},"query-input":{"@type":"PropertyValueSpecification","valueRequired":true,"valueName":"search_term_string"}}],"inLanguage":"fr-FR"},{"@type":"Organization","@id":"https:\/\/ses-creative.com\/#organization","name":"SES Creative","url":"https:\/\/ses-creative.com\/","logo":{"@type":"ImageObject","inLanguage":"fr-FR","@id":"https:\/\/ses-creative.com\/#\/schema\/logo\/image\/","url":"https:\/\/ses-creative.com\/wp-content\/uploads\/2025\/10\/ses-creative-logo.jpg","contentUrl":"https:\/\/ses-creative.com\/wp-content\/uploads\/2025\/10\/ses-creative-logo.jpg","width":2037,"height":2037,"caption":"SES Creative"},"image":{"@id":"https:\/\/ses-creative.com\/#\/schema\/logo\/image\/"}}]}},"_links":{"self":[{"href":"https:\/\/ses-creative.com\/fr\/wp-json\/wp\/v2\/product\/118410","targetHints":{"allow":["GET"]}}],"collection":[{"href":"https:\/\/ses-creative.com\/fr\/wp-json\/wp\/v2\/product"}],"about":[{"href":"https:\/\/ses-creative.com\/fr\/wp-json\/wp\/v2\/types\/product"}],"replies":[{"embeddable":true,"href":"https:\/\/ses-creative.com\/fr\/wp-json\/wp\/v2\/comments?post=118410"}],"wp:featuredmedia":[{"embeddable":true,"href":"https:\/\/ses-creative.com\/fr\/wp-json\/wp\/v2\/media\/104316"}],"wp:attachment":[{"href":"https:\/\/ses-creative.com\/fr\/wp-json\/wp\/v2\/media?parent=118410"}],"wp:term":[{"taxonomy":"product_brand","embeddable":true,"href":"https:\/\/ses-creative.com\/fr\/wp-json\/wp\/v2\/product_brand?post=118410"},{"taxonomy":"product_cat","embeddable":true,"href":"https:\/\/ses-creative.com\/fr\/wp-json\/wp\/v2\/product_cat?post=118410"},{"taxonomy":"product_tag","embeddable":true,"href":"https:\/\/ses-creative.com\/fr\/wp-json\/wp\/v2\/product_tag?post=118410"}],"curies":[{"name":"wp","href":"https:\/\/api.w.org\/{rel}","templated":true}]}}