











{"id":118409,"date":"2026-02-12T10:09:41","date_gmt":"2026-02-12T10:09:41","guid":{"rendered":"https:\/\/ses-creative.com\/?post_type=product&#038;p=118409"},"modified":"2026-02-12T10:23:09","modified_gmt":"2026-02-12T10:23:09","slug":"unicorn-blow-airbrush-pens-2","status":"publish","type":"product","link":"https:\/\/ses-creative.com\/fr\/produit\/unicorn-blow-airbrush-pens-2\/","title":{"rendered":"Unicorn &#8211; Blow airbrush pens"},"content":{"rendered":"<p>Unicorn \u2013 Blow Airbrush Pens : cr\u00e9ez des \u0153uvres d&rsquo;art magiques avec des licornes !<\/p>\n<p>Avec le kit Unicorn \u2013 Blow Airbrush Pens de SES Creative, donnez vie \u00e0 des licornes, des arcs-en-ciel et des \u00e9toiles aux couleurs \u00e9clatantes. Utilisez les stylos a\u00e9rographes et les pochoirs magiques pour cr\u00e9er des \u0153uvres d&rsquo;art uniques avec de superbes effets de pulv\u00e9risation et des d\u00e9grad\u00e9s de couleurs. Parfait pour les enfants \u00e0 partir de 5 ans qui aiment la cr\u00e9ativit\u00e9 et une touche de magie.<\/p>\n<p>Ce qui rend ce kit g\u00e9nial<\/p>\n<p>12 coloriages de licornes imprim\u00e9s \u00e0 d\u00e9corer soi-m\u00eame<br \/>\n3 pochoirs magiques avec des licornes, des arcs-en-ciel et des \u00e9toiles<br \/>\n7 marqueurs a\u00e9rographes aux couleurs vives \u2013 peuvent \u00e9galement \u00eatre utilis\u00e9s comme des feutres classiques<br \/>\nSyst\u00e8me d&rsquo;a\u00e9rographe simple pour des pulv\u00e9risations douces ou des lignes pr\u00e9cises<br \/>\nStimule l&rsquo;imagination, la motricit\u00e9 fine et l&rsquo;expression cr\u00e9ative<\/p>\n<p>Cr\u00e9ez vos chefs-d&rsquo;\u0153uvre magiques<\/p>\n<p>Gr\u00e2ce au support simple pour a\u00e9rographe et aux marqueurs color\u00e9s, les enfants peuvent jouer avec les transitions, les motifs et les effets. Les pochoirs permettent de cr\u00e9er facilement des dessins impressionnants, que ce soit seul ou avec des amis. Chaque cr\u00e9ation devient une \u0153uvre d&rsquo;art unique dont on peut \u00eatre fier.<\/p>\n<p>Contenu du kit<\/p>\n<p>12 coloriages de licornes<br \/>\n3 pochoirs magiques<br \/>\n7 marqueurs airbrush<br \/>\nSupport pour marqueurs a\u00e9rographes<\/p>\n<p>Pourquoi choisir SES Creative ?<\/p>\n<p>Chez SES Creative, nous accordons une grande importance \u00e0 la s\u00e9curit\u00e9. C&rsquo;est pourquoi nos produits sont fabriqu\u00e9s et test\u00e9s dans notre usine aux Pays-Bas, conform\u00e9ment aux normes de s\u00e9curit\u00e9 europ\u00e9ennes les plus strictes. Les jouets SES Creative sont source de plaisir et permettent aux enfants d&rsquo;\u00eatre fiers de leur travail, ce qui stimule leur cr\u00e9ativit\u00e9 et leur d\u00e9veloppement.<\/p>\n<p>Commencez d\u00e8s aujourd&rsquo;hui \u00e0 cr\u00e9er vos \u0153uvres d&rsquo;art sur le th\u00e8me des licornes<\/p>\n<p>Procurez-vous le kit Unicorn \u2013 Blow Airbrush Pens, laissez libre cours \u00e0 votre imagination et d\u00e9couvrez \u00e0 quel point il est amusant de donner vie \u00e0 la magie sur le papier !<\/p>\n","protected":false},"excerpt":{"rendered":"<p>Unicorn \u2013 Blow Airbrush Pens : cr\u00e9ez des \u0153uvres d&rsquo;art magiques avec des licornes ! Avec le kit Unicorn \u2013 Blow Airbrush Pens de SES Creative, donnez vie \u00e0 des licornes, des arcs-en-ciel et des \u00e9toiles aux couleurs \u00e9clatantes. Utilisez les stylos a\u00e9rographes et les pochoirs magiques pour cr\u00e9er des \u0153uvres d&rsquo;art uniques avec de [&hellip;]<\/p>\n","protected":false},"featured_media":104296,"comment_status":"closed","ping_status":"closed","template":"","meta":{"_acf_changed":false},"product_brand":[],"product_cat":[122],"product_tag":[],"class_list":{"0":"post-118409","1":"product","2":"type-product","3":"status-publish","4":"has-post-thumbnail","6":"product_cat-loisirs-creatifs","7":"pa_collecties-unicorn","8":"pa_leeftijd-filter-4-6-ans","9":"pa_meest-populair-bij-filles","11":"first","12":"instock","13":"shipping-taxable","14":"product-type-simple"},"acf":[],"yoast_head":"<!-- This site is optimized with the Yoast SEO plugin v27.4 - https:\/\/yoast.com\/product\/yoast-seo-wordpress\/ -->\n<title>Unicorn - Blow airbrush pens - SES Creative<\/title>\n<meta name=\"robots\" content=\"index, follow, max-snippet:-1, max-image-preview:large, max-video-preview:-1\" \/>\n<link rel=\"canonical\" href=\"https:\/\/ses-creative.com\/fr\/produit\/unicorn-blow-airbrush-pens-2\/\" \/>\n<meta property=\"og:locale\" content=\"fr_FR\" \/>\n<meta property=\"og:type\" content=\"article\" \/>\n<meta property=\"og:title\" content=\"Unicorn - Blow airbrush pens - SES Creative\" \/>\n<meta property=\"og:description\" content=\"Unicorn \u2013 Blow Airbrush Pens : cr\u00e9ez des \u0153uvres d&rsquo;art magiques avec des licornes ! Avec le kit Unicorn \u2013 Blow Airbrush Pens de SES Creative, donnez vie \u00e0 des licornes, des arcs-en-ciel et des \u00e9toiles aux couleurs \u00e9clatantes. Utilisez les stylos a\u00e9rographes et les pochoirs magiques pour cr\u00e9er des \u0153uvres d&rsquo;art uniques avec de [&hellip;]\" \/>\n<meta property=\"og:url\" content=\"https:\/\/ses-creative.com\/fr\/produit\/unicorn-blow-airbrush-pens-2\/\" \/>\n<meta property=\"og:site_name\" content=\"SES Creative\" \/>\n<meta property=\"article:modified_time\" content=\"2026-02-12T10:23:09+00:00\" \/>\n<meta name=\"twitter:card\" content=\"summary_large_image\" \/>\n<meta name=\"twitter:label1\" content=\"Dur\u00e9e de lecture estim\u00e9e\" \/>\n\t<meta name=\"twitter:data1\" content=\"2 minutes\" \/>\n<script type=\"application\/ld+json\" class=\"yoast-schema-graph\">{\"@context\":\"https:\\\/\\\/schema.org\",\"@graph\":[{\"@type\":\"WebPage\",\"@id\":\"https:\\\/\\\/ses-creative.com\\\/fr\\\/produit\\\/unicorn-blow-airbrush-pens-2\\\/\",\"url\":\"https:\\\/\\\/ses-creative.com\\\/fr\\\/produit\\\/unicorn-blow-airbrush-pens-2\\\/\",\"name\":\"Unicorn - Blow airbrush pens - SES Creative\",\"isPartOf\":{\"@id\":\"https:\\\/\\\/ses-creative.com\\\/#website\"},\"primaryImageOfPage\":{\"@id\":\"https:\\\/\\\/ses-creative.com\\\/fr\\\/produit\\\/unicorn-blow-airbrush-pens-2\\\/#primaryimage\"},\"image\":{\"@id\":\"https:\\\/\\\/ses-creative.com\\\/fr\\\/produit\\\/unicorn-blow-airbrush-pens-2\\\/#primaryimage\"},\"thumbnailUrl\":\"https:\\\/\\\/ses-creative.com\\\/wp-content\\\/uploads\\\/2026\\\/01\\\/147251.jpg\",\"datePublished\":\"2026-02-12T10:09:41+00:00\",\"dateModified\":\"2026-02-12T10:23:09+00:00\",\"breadcrumb\":{\"@id\":\"https:\\\/\\\/ses-creative.com\\\/fr\\\/produit\\\/unicorn-blow-airbrush-pens-2\\\/#breadcrumb\"},\"inLanguage\":\"fr-FR\",\"potentialAction\":[{\"@type\":\"ReadAction\",\"target\":[\"https:\\\/\\\/ses-creative.com\\\/fr\\\/produit\\\/unicorn-blow-airbrush-pens-2\\\/\"]}]},{\"@type\":\"ImageObject\",\"inLanguage\":\"fr-FR\",\"@id\":\"https:\\\/\\\/ses-creative.com\\\/fr\\\/produit\\\/unicorn-blow-airbrush-pens-2\\\/#primaryimage\",\"url\":\"https:\\\/\\\/ses-creative.com\\\/wp-content\\\/uploads\\\/2026\\\/01\\\/147251.jpg\",\"contentUrl\":\"https:\\\/\\\/ses-creative.com\\\/wp-content\\\/uploads\\\/2026\\\/01\\\/147251.jpg\",\"width\":1000,\"height\":1000},{\"@type\":\"BreadcrumbList\",\"@id\":\"https:\\\/\\\/ses-creative.com\\\/fr\\\/produit\\\/unicorn-blow-airbrush-pens-2\\\/#breadcrumb\",\"itemListElement\":[{\"@type\":\"ListItem\",\"position\":1,\"name\":\"Boutique\",\"item\":\"https:\\\/\\\/ses-creative.com\\\/fr\\\/boutique\\\/\"},{\"@type\":\"ListItem\",\"position\":2,\"name\":\"Loisirs cr\u00e9atifs\",\"item\":\"https:\\\/\\\/ses-creative.com\\\/fr\\\/product-categorie\\\/loisirs-creatifs\\\/\"},{\"@type\":\"ListItem\",\"position\":3,\"name\":\"Unicorn &#8211; Blow airbrush pens\"}]},{\"@type\":\"WebSite\",\"@id\":\"https:\\\/\\\/ses-creative.com\\\/#website\",\"url\":\"https:\\\/\\\/ses-creative.com\\\/\",\"name\":\"SES Creative\",\"description\":\"\",\"publisher\":{\"@id\":\"https:\\\/\\\/ses-creative.com\\\/#organization\"},\"potentialAction\":[{\"@type\":\"SearchAction\",\"target\":{\"@type\":\"EntryPoint\",\"urlTemplate\":\"https:\\\/\\\/ses-creative.com\\\/?s={search_term_string}\"},\"query-input\":{\"@type\":\"PropertyValueSpecification\",\"valueRequired\":true,\"valueName\":\"search_term_string\"}}],\"inLanguage\":\"fr-FR\"},{\"@type\":\"Organization\",\"@id\":\"https:\\\/\\\/ses-creative.com\\\/#organization\",\"name\":\"SES Creative\",\"url\":\"https:\\\/\\\/ses-creative.com\\\/\",\"logo\":{\"@type\":\"ImageObject\",\"inLanguage\":\"fr-FR\",\"@id\":\"https:\\\/\\\/ses-creative.com\\\/#\\\/schema\\\/logo\\\/image\\\/\",\"url\":\"https:\\\/\\\/ses-creative.com\\\/wp-content\\\/uploads\\\/2025\\\/10\\\/ses-creative-logo.jpg\",\"contentUrl\":\"https:\\\/\\\/ses-creative.com\\\/wp-content\\\/uploads\\\/2025\\\/10\\\/ses-creative-logo.jpg\",\"width\":2037,\"height\":2037,\"caption\":\"SES Creative\"},\"image\":{\"@id\":\"https:\\\/\\\/ses-creative.com\\\/#\\\/schema\\\/logo\\\/image\\\/\"}}]}<\/script>\n<!-- \/ Yoast SEO plugin. -->","yoast_head_json":{"title":"Unicorn - Blow airbrush pens - SES Creative","robots":{"index":"index","follow":"follow","max-snippet":"max-snippet:-1","max-image-preview":"max-image-preview:large","max-video-preview":"max-video-preview:-1"},"canonical":"https:\/\/ses-creative.com\/fr\/produit\/unicorn-blow-airbrush-pens-2\/","og_locale":"fr_FR","og_type":"article","og_title":"Unicorn - Blow airbrush pens - SES Creative","og_description":"Unicorn \u2013 Blow Airbrush Pens : cr\u00e9ez des \u0153uvres d&rsquo;art magiques avec des licornes ! Avec le kit Unicorn \u2013 Blow Airbrush Pens de SES Creative, donnez vie \u00e0 des licornes, des arcs-en-ciel et des \u00e9toiles aux couleurs \u00e9clatantes. Utilisez les stylos a\u00e9rographes et les pochoirs magiques pour cr\u00e9er des \u0153uvres d&rsquo;art uniques avec de [&hellip;]","og_url":"https:\/\/ses-creative.com\/fr\/produit\/unicorn-blow-airbrush-pens-2\/","og_site_name":"SES Creative","article_modified_time":"2026-02-12T10:23:09+00:00","twitter_card":"summary_large_image","twitter_misc":{"Dur\u00e9e de lecture estim\u00e9e":"2 minutes"},"schema":{"@context":"https:\/\/schema.org","@graph":[{"@type":"WebPage","@id":"https:\/\/ses-creative.com\/fr\/produit\/unicorn-blow-airbrush-pens-2\/","url":"https:\/\/ses-creative.com\/fr\/produit\/unicorn-blow-airbrush-pens-2\/","name":"Unicorn - Blow airbrush pens - SES Creative","isPartOf":{"@id":"https:\/\/ses-creative.com\/#website"},"primaryImageOfPage":{"@id":"https:\/\/ses-creative.com\/fr\/produit\/unicorn-blow-airbrush-pens-2\/#primaryimage"},"image":{"@id":"https:\/\/ses-creative.com\/fr\/produit\/unicorn-blow-airbrush-pens-2\/#primaryimage"},"thumbnailUrl":"https:\/\/ses-creative.com\/wp-content\/uploads\/2026\/01\/147251.jpg","datePublished":"2026-02-12T10:09:41+00:00","dateModified":"2026-02-12T10:23:09+00:00","breadcrumb":{"@id":"https:\/\/ses-creative.com\/fr\/produit\/unicorn-blow-airbrush-pens-2\/#breadcrumb"},"inLanguage":"fr-FR","potentialAction":[{"@type":"ReadAction","target":["https:\/\/ses-creative.com\/fr\/produit\/unicorn-blow-airbrush-pens-2\/"]}]},{"@type":"ImageObject","inLanguage":"fr-FR","@id":"https:\/\/ses-creative.com\/fr\/produit\/unicorn-blow-airbrush-pens-2\/#primaryimage","url":"https:\/\/ses-creative.com\/wp-content\/uploads\/2026\/01\/147251.jpg","contentUrl":"https:\/\/ses-creative.com\/wp-content\/uploads\/2026\/01\/147251.jpg","width":1000,"height":1000},{"@type":"BreadcrumbList","@id":"https:\/\/ses-creative.com\/fr\/produit\/unicorn-blow-airbrush-pens-2\/#breadcrumb","itemListElement":[{"@type":"ListItem","position":1,"name":"Boutique","item":"https:\/\/ses-creative.com\/fr\/boutique\/"},{"@type":"ListItem","position":2,"name":"Loisirs cr\u00e9atifs","item":"https:\/\/ses-creative.com\/fr\/product-categorie\/loisirs-creatifs\/"},{"@type":"ListItem","position":3,"name":"Unicorn &#8211; Blow airbrush pens"}]},{"@type":"WebSite","@id":"https:\/\/ses-creative.com\/#website","url":"https:\/\/ses-creative.com\/","name":"SES Creative","description":"","publisher":{"@id":"https:\/\/ses-creative.com\/#organization"},"potentialAction":[{"@type":"SearchAction","target":{"@type":"EntryPoint","urlTemplate":"https:\/\/ses-creative.com\/?s={search_term_string}"},"query-input":{"@type":"PropertyValueSpecification","valueRequired":true,"valueName":"search_term_string"}}],"inLanguage":"fr-FR"},{"@type":"Organization","@id":"https:\/\/ses-creative.com\/#organization","name":"SES Creative","url":"https:\/\/ses-creative.com\/","logo":{"@type":"ImageObject","inLanguage":"fr-FR","@id":"https:\/\/ses-creative.com\/#\/schema\/logo\/image\/","url":"https:\/\/ses-creative.com\/wp-content\/uploads\/2025\/10\/ses-creative-logo.jpg","contentUrl":"https:\/\/ses-creative.com\/wp-content\/uploads\/2025\/10\/ses-creative-logo.jpg","width":2037,"height":2037,"caption":"SES Creative"},"image":{"@id":"https:\/\/ses-creative.com\/#\/schema\/logo\/image\/"}}]}},"_links":{"self":[{"href":"https:\/\/ses-creative.com\/fr\/wp-json\/wp\/v2\/product\/118409","targetHints":{"allow":["GET"]}}],"collection":[{"href":"https:\/\/ses-creative.com\/fr\/wp-json\/wp\/v2\/product"}],"about":[{"href":"https:\/\/ses-creative.com\/fr\/wp-json\/wp\/v2\/types\/product"}],"replies":[{"embeddable":true,"href":"https:\/\/ses-creative.com\/fr\/wp-json\/wp\/v2\/comments?post=118409"}],"wp:featuredmedia":[{"embeddable":true,"href":"https:\/\/ses-creative.com\/fr\/wp-json\/wp\/v2\/media\/104296"}],"wp:attachment":[{"href":"https:\/\/ses-creative.com\/fr\/wp-json\/wp\/v2\/media?parent=118409"}],"wp:term":[{"taxonomy":"product_brand","embeddable":true,"href":"https:\/\/ses-creative.com\/fr\/wp-json\/wp\/v2\/product_brand?post=118409"},{"taxonomy":"product_cat","embeddable":true,"href":"https:\/\/ses-creative.com\/fr\/wp-json\/wp\/v2\/product_cat?post=118409"},{"taxonomy":"product_tag","embeddable":true,"href":"https:\/\/ses-creative.com\/fr\/wp-json\/wp\/v2\/product_tag?post=118409"}],"curies":[{"name":"wp","href":"https:\/\/api.w.org\/{rel}","templated":true}]}}