











{"id":118408,"date":"2026-02-12T10:09:41","date_gmt":"2026-02-12T10:09:41","guid":{"rendered":"https:\/\/ses-creative.com\/?post_type=product&#038;p=118408"},"modified":"2026-02-12T10:23:09","modified_gmt":"2026-02-12T10:23:09","slug":"unicorn-tatouages-et-paillettes","status":"publish","type":"product","link":"https:\/\/ses-creative.com\/fr\/produit\/unicorn-tatouages-et-paillettes\/","title":{"rendered":"Unicorn &#8211; Tatouages et paillettes"},"content":{"rendered":"<p>Unicorn \u2013 Tatouages pour enfants : magie et \u00e9clat sur votre peau !<\/p>\n<p>Avec le kit de tatouages et de bricolage paillet\u00e9 Unicorn de SES Creative, entrez dans un monde plein de couleurs, de brillance et de magie de licorne. D\u00e9corez-vous avec de magnifiques tatouages de licorne et ajoutez une touche suppl\u00e9mentaire d&rsquo;\u00e9clat avec des paillettes dor\u00e9es et bleues. Parfait pour les enfants \u00e0 partir de 5 ans qui aiment tout ce qui brille et enchante.<\/p>\n<p>Ce qui rend ce kit g\u00e9nial<\/p>\n<p>64 tatouages m\u00e9talliques de licornes avec une finition scintillante<br \/>\nDes paillettes cosm\u00e9tiques dor\u00e9es et bleues pour encore plus de magie<br \/>\nColle paillet\u00e9e pour d\u00e9corer les tatouages ou les projets cr\u00e9atifs<br \/>\nSans danger pour la peau et test\u00e9 dermatologiquement<br \/>\nStimule la cr\u00e9ativit\u00e9, l&rsquo;imagination et l&rsquo;expression personnelle<\/p>\n<p>Des motifs enchanteurs pour chaque instant<\/p>\n<p>Les tatouages sont faciles \u00e0 appliquer et tout aussi faciles \u00e0 retirer. Les enfants peuvent choisir parmi de magnifiques motifs sur le th\u00e8me des licornes et les embellir avec des paillettes pour un effet magique. Id\u00e9al pour les f\u00eates \u00e0 th\u00e8me, les rendez-vous ludiques ou simplement pour un apr\u00e8s-midi rempli de plaisir cr\u00e9atif.<\/p>\n<p>Contenu du set<\/p>\n<p>64 tatouages m\u00e9talliques licorne<br \/>\nPaillettes cosm\u00e9tiques dor\u00e9es et bleues<br \/>\nColle \u00e0 paillettes<\/p>\n<p>Pourquoi choisir SES Creative ?<\/p>\n<p>Chez SES Creative, nous accordons une grande importance \u00e0 la s\u00e9curit\u00e9. C&rsquo;est pourquoi nos produits sont fabriqu\u00e9s et test\u00e9s dans notre usine aux Pays-Bas, conform\u00e9ment aux normes de s\u00e9curit\u00e9 europ\u00e9ennes les plus strictes. Les tatouages et les paillettes sont sans danger pour les enfants et respectueux de la peau, afin que tout le monde puisse s&rsquo;amuser et se d\u00e9corer en toute s\u00e9r\u00e9nit\u00e9.<\/p>\n<p>Commencez d\u00e8s aujourd&rsquo;hui \u00e0 cr\u00e9er votre monde scintillant de licornes<\/p>\n<p>Procurez-vous le kit de bricolage Unicorn \u2013 Tattoos en Glitter et laissez libre cours \u00e0 votre cr\u00e9ativit\u00e9. Cr\u00e9ez, d\u00e9corez et brillez comme jamais auparavant !<\/p>\n","protected":false},"excerpt":{"rendered":"<p>Unicorn \u2013 Tatouages pour enfants : magie et \u00e9clat sur votre peau ! Avec le kit de tatouages et de bricolage paillet\u00e9 Unicorn de SES Creative, entrez dans un monde plein de couleurs, de brillance et de magie de licorne. D\u00e9corez-vous avec de magnifiques tatouages de licorne et ajoutez une touche suppl\u00e9mentaire d&rsquo;\u00e9clat avec des [&hellip;]<\/p>\n","protected":false},"featured_media":104276,"comment_status":"closed","ping_status":"closed","template":"","meta":{"_acf_changed":false},"product_brand":[],"product_cat":[122],"product_tag":[],"class_list":{"0":"post-118408","1":"product","2":"type-product","3":"status-publish","4":"has-post-thumbnail","6":"product_cat-loisirs-creatifs","7":"pa_collecties-unicorn","8":"pa_leeftijd-filter-4-6-ans","9":"pa_meest-populair-bij-filles","11":"first","12":"instock","13":"shipping-taxable","14":"product-type-simple"},"acf":[],"yoast_head":"<!-- This site is optimized with the Yoast SEO plugin v27.4 - https:\/\/yoast.com\/product\/yoast-seo-wordpress\/ -->\n<title>Unicorn - Tatouages et paillettes - SES Creative<\/title>\n<meta name=\"robots\" content=\"index, follow, max-snippet:-1, max-image-preview:large, max-video-preview:-1\" \/>\n<link rel=\"canonical\" href=\"https:\/\/ses-creative.com\/fr\/produit\/unicorn-tatouages-et-paillettes\/\" \/>\n<meta property=\"og:locale\" content=\"fr_FR\" \/>\n<meta property=\"og:type\" content=\"article\" \/>\n<meta property=\"og:title\" content=\"Unicorn - Tatouages et paillettes - SES Creative\" \/>\n<meta property=\"og:description\" content=\"Unicorn \u2013 Tatouages pour enfants : magie et \u00e9clat sur votre peau ! Avec le kit de tatouages et de bricolage paillet\u00e9 Unicorn de SES Creative, entrez dans un monde plein de couleurs, de brillance et de magie de licorne. D\u00e9corez-vous avec de magnifiques tatouages de licorne et ajoutez une touche suppl\u00e9mentaire d&rsquo;\u00e9clat avec des [&hellip;]\" \/>\n<meta property=\"og:url\" content=\"https:\/\/ses-creative.com\/fr\/produit\/unicorn-tatouages-et-paillettes\/\" \/>\n<meta property=\"og:site_name\" content=\"SES Creative\" \/>\n<meta property=\"article:modified_time\" content=\"2026-02-12T10:23:09+00:00\" \/>\n<meta name=\"twitter:card\" content=\"summary_large_image\" \/>\n<meta name=\"twitter:label1\" content=\"Dur\u00e9e de lecture estim\u00e9e\" \/>\n\t<meta name=\"twitter:data1\" content=\"2 minutes\" \/>\n<script type=\"application\/ld+json\" class=\"yoast-schema-graph\">{\"@context\":\"https:\\\/\\\/schema.org\",\"@graph\":[{\"@type\":\"WebPage\",\"@id\":\"https:\\\/\\\/ses-creative.com\\\/fr\\\/produit\\\/unicorn-tatouages-et-paillettes\\\/\",\"url\":\"https:\\\/\\\/ses-creative.com\\\/fr\\\/produit\\\/unicorn-tatouages-et-paillettes\\\/\",\"name\":\"Unicorn - Tatouages et paillettes - SES Creative\",\"isPartOf\":{\"@id\":\"https:\\\/\\\/ses-creative.com\\\/#website\"},\"primaryImageOfPage\":{\"@id\":\"https:\\\/\\\/ses-creative.com\\\/fr\\\/produit\\\/unicorn-tatouages-et-paillettes\\\/#primaryimage\"},\"image\":{\"@id\":\"https:\\\/\\\/ses-creative.com\\\/fr\\\/produit\\\/unicorn-tatouages-et-paillettes\\\/#primaryimage\"},\"thumbnailUrl\":\"https:\\\/\\\/ses-creative.com\\\/wp-content\\\/uploads\\\/2026\\\/01\\\/147241.jpg\",\"datePublished\":\"2026-02-12T10:09:41+00:00\",\"dateModified\":\"2026-02-12T10:23:09+00:00\",\"breadcrumb\":{\"@id\":\"https:\\\/\\\/ses-creative.com\\\/fr\\\/produit\\\/unicorn-tatouages-et-paillettes\\\/#breadcrumb\"},\"inLanguage\":\"fr-FR\",\"potentialAction\":[{\"@type\":\"ReadAction\",\"target\":[\"https:\\\/\\\/ses-creative.com\\\/fr\\\/produit\\\/unicorn-tatouages-et-paillettes\\\/\"]}]},{\"@type\":\"ImageObject\",\"inLanguage\":\"fr-FR\",\"@id\":\"https:\\\/\\\/ses-creative.com\\\/fr\\\/produit\\\/unicorn-tatouages-et-paillettes\\\/#primaryimage\",\"url\":\"https:\\\/\\\/ses-creative.com\\\/wp-content\\\/uploads\\\/2026\\\/01\\\/147241.jpg\",\"contentUrl\":\"https:\\\/\\\/ses-creative.com\\\/wp-content\\\/uploads\\\/2026\\\/01\\\/147241.jpg\",\"width\":1000,\"height\":1000},{\"@type\":\"BreadcrumbList\",\"@id\":\"https:\\\/\\\/ses-creative.com\\\/fr\\\/produit\\\/unicorn-tatouages-et-paillettes\\\/#breadcrumb\",\"itemListElement\":[{\"@type\":\"ListItem\",\"position\":1,\"name\":\"Boutique\",\"item\":\"https:\\\/\\\/ses-creative.com\\\/fr\\\/boutique\\\/\"},{\"@type\":\"ListItem\",\"position\":2,\"name\":\"Loisirs cr\u00e9atifs\",\"item\":\"https:\\\/\\\/ses-creative.com\\\/fr\\\/product-categorie\\\/loisirs-creatifs\\\/\"},{\"@type\":\"ListItem\",\"position\":3,\"name\":\"Unicorn &#8211; Tatouages et paillettes\"}]},{\"@type\":\"WebSite\",\"@id\":\"https:\\\/\\\/ses-creative.com\\\/#website\",\"url\":\"https:\\\/\\\/ses-creative.com\\\/\",\"name\":\"SES Creative\",\"description\":\"\",\"publisher\":{\"@id\":\"https:\\\/\\\/ses-creative.com\\\/#organization\"},\"potentialAction\":[{\"@type\":\"SearchAction\",\"target\":{\"@type\":\"EntryPoint\",\"urlTemplate\":\"https:\\\/\\\/ses-creative.com\\\/?s={search_term_string}\"},\"query-input\":{\"@type\":\"PropertyValueSpecification\",\"valueRequired\":true,\"valueName\":\"search_term_string\"}}],\"inLanguage\":\"fr-FR\"},{\"@type\":\"Organization\",\"@id\":\"https:\\\/\\\/ses-creative.com\\\/#organization\",\"name\":\"SES Creative\",\"url\":\"https:\\\/\\\/ses-creative.com\\\/\",\"logo\":{\"@type\":\"ImageObject\",\"inLanguage\":\"fr-FR\",\"@id\":\"https:\\\/\\\/ses-creative.com\\\/#\\\/schema\\\/logo\\\/image\\\/\",\"url\":\"https:\\\/\\\/ses-creative.com\\\/wp-content\\\/uploads\\\/2025\\\/10\\\/ses-creative-logo.jpg\",\"contentUrl\":\"https:\\\/\\\/ses-creative.com\\\/wp-content\\\/uploads\\\/2025\\\/10\\\/ses-creative-logo.jpg\",\"width\":2037,\"height\":2037,\"caption\":\"SES Creative\"},\"image\":{\"@id\":\"https:\\\/\\\/ses-creative.com\\\/#\\\/schema\\\/logo\\\/image\\\/\"}}]}<\/script>\n<!-- \/ Yoast SEO plugin. -->","yoast_head_json":{"title":"Unicorn - Tatouages et paillettes - SES Creative","robots":{"index":"index","follow":"follow","max-snippet":"max-snippet:-1","max-image-preview":"max-image-preview:large","max-video-preview":"max-video-preview:-1"},"canonical":"https:\/\/ses-creative.com\/fr\/produit\/unicorn-tatouages-et-paillettes\/","og_locale":"fr_FR","og_type":"article","og_title":"Unicorn - Tatouages et paillettes - SES Creative","og_description":"Unicorn \u2013 Tatouages pour enfants : magie et \u00e9clat sur votre peau ! Avec le kit de tatouages et de bricolage paillet\u00e9 Unicorn de SES Creative, entrez dans un monde plein de couleurs, de brillance et de magie de licorne. D\u00e9corez-vous avec de magnifiques tatouages de licorne et ajoutez une touche suppl\u00e9mentaire d&rsquo;\u00e9clat avec des [&hellip;]","og_url":"https:\/\/ses-creative.com\/fr\/produit\/unicorn-tatouages-et-paillettes\/","og_site_name":"SES Creative","article_modified_time":"2026-02-12T10:23:09+00:00","twitter_card":"summary_large_image","twitter_misc":{"Dur\u00e9e de lecture estim\u00e9e":"2 minutes"},"schema":{"@context":"https:\/\/schema.org","@graph":[{"@type":"WebPage","@id":"https:\/\/ses-creative.com\/fr\/produit\/unicorn-tatouages-et-paillettes\/","url":"https:\/\/ses-creative.com\/fr\/produit\/unicorn-tatouages-et-paillettes\/","name":"Unicorn - Tatouages et paillettes - SES Creative","isPartOf":{"@id":"https:\/\/ses-creative.com\/#website"},"primaryImageOfPage":{"@id":"https:\/\/ses-creative.com\/fr\/produit\/unicorn-tatouages-et-paillettes\/#primaryimage"},"image":{"@id":"https:\/\/ses-creative.com\/fr\/produit\/unicorn-tatouages-et-paillettes\/#primaryimage"},"thumbnailUrl":"https:\/\/ses-creative.com\/wp-content\/uploads\/2026\/01\/147241.jpg","datePublished":"2026-02-12T10:09:41+00:00","dateModified":"2026-02-12T10:23:09+00:00","breadcrumb":{"@id":"https:\/\/ses-creative.com\/fr\/produit\/unicorn-tatouages-et-paillettes\/#breadcrumb"},"inLanguage":"fr-FR","potentialAction":[{"@type":"ReadAction","target":["https:\/\/ses-creative.com\/fr\/produit\/unicorn-tatouages-et-paillettes\/"]}]},{"@type":"ImageObject","inLanguage":"fr-FR","@id":"https:\/\/ses-creative.com\/fr\/produit\/unicorn-tatouages-et-paillettes\/#primaryimage","url":"https:\/\/ses-creative.com\/wp-content\/uploads\/2026\/01\/147241.jpg","contentUrl":"https:\/\/ses-creative.com\/wp-content\/uploads\/2026\/01\/147241.jpg","width":1000,"height":1000},{"@type":"BreadcrumbList","@id":"https:\/\/ses-creative.com\/fr\/produit\/unicorn-tatouages-et-paillettes\/#breadcrumb","itemListElement":[{"@type":"ListItem","position":1,"name":"Boutique","item":"https:\/\/ses-creative.com\/fr\/boutique\/"},{"@type":"ListItem","position":2,"name":"Loisirs cr\u00e9atifs","item":"https:\/\/ses-creative.com\/fr\/product-categorie\/loisirs-creatifs\/"},{"@type":"ListItem","position":3,"name":"Unicorn &#8211; Tatouages et paillettes"}]},{"@type":"WebSite","@id":"https:\/\/ses-creative.com\/#website","url":"https:\/\/ses-creative.com\/","name":"SES Creative","description":"","publisher":{"@id":"https:\/\/ses-creative.com\/#organization"},"potentialAction":[{"@type":"SearchAction","target":{"@type":"EntryPoint","urlTemplate":"https:\/\/ses-creative.com\/?s={search_term_string}"},"query-input":{"@type":"PropertyValueSpecification","valueRequired":true,"valueName":"search_term_string"}}],"inLanguage":"fr-FR"},{"@type":"Organization","@id":"https:\/\/ses-creative.com\/#organization","name":"SES Creative","url":"https:\/\/ses-creative.com\/","logo":{"@type":"ImageObject","inLanguage":"fr-FR","@id":"https:\/\/ses-creative.com\/#\/schema\/logo\/image\/","url":"https:\/\/ses-creative.com\/wp-content\/uploads\/2025\/10\/ses-creative-logo.jpg","contentUrl":"https:\/\/ses-creative.com\/wp-content\/uploads\/2025\/10\/ses-creative-logo.jpg","width":2037,"height":2037,"caption":"SES Creative"},"image":{"@id":"https:\/\/ses-creative.com\/#\/schema\/logo\/image\/"}}]}},"_links":{"self":[{"href":"https:\/\/ses-creative.com\/fr\/wp-json\/wp\/v2\/product\/118408","targetHints":{"allow":["GET"]}}],"collection":[{"href":"https:\/\/ses-creative.com\/fr\/wp-json\/wp\/v2\/product"}],"about":[{"href":"https:\/\/ses-creative.com\/fr\/wp-json\/wp\/v2\/types\/product"}],"replies":[{"embeddable":true,"href":"https:\/\/ses-creative.com\/fr\/wp-json\/wp\/v2\/comments?post=118408"}],"wp:featuredmedia":[{"embeddable":true,"href":"https:\/\/ses-creative.com\/fr\/wp-json\/wp\/v2\/media\/104276"}],"wp:attachment":[{"href":"https:\/\/ses-creative.com\/fr\/wp-json\/wp\/v2\/media?parent=118408"}],"wp:term":[{"taxonomy":"product_brand","embeddable":true,"href":"https:\/\/ses-creative.com\/fr\/wp-json\/wp\/v2\/product_brand?post=118408"},{"taxonomy":"product_cat","embeddable":true,"href":"https:\/\/ses-creative.com\/fr\/wp-json\/wp\/v2\/product_cat?post=118408"},{"taxonomy":"product_tag","embeddable":true,"href":"https:\/\/ses-creative.com\/fr\/wp-json\/wp\/v2\/product_tag?post=118408"}],"curies":[{"name":"wp","href":"https:\/\/api.w.org\/{rel}","templated":true}]}}