











{"id":118406,"date":"2026-02-12T10:09:40","date_gmt":"2026-02-12T10:09:40","guid":{"rendered":"https:\/\/ses-creative.com\/?post_type=product&#038;p=118406"},"modified":"2026-02-12T10:23:09","modified_gmt":"2026-02-12T10:23:09","slug":"fabrique-de-feutres","status":"publish","type":"product","link":"https:\/\/ses-creative.com\/fr\/produit\/fabrique-de-feutres\/","title":{"rendered":"Fabrique de feutres"},"content":{"rendered":"<p>Hobby Pink \u2013 Feutres Lab : cr\u00e9ez vos propres cr\u00e9ations color\u00e9es !<\/p>\n<p>D\u00e9couvrez la science derri\u00e8re les couleurs avec le Laboratoire de feutres SES Creative ! Avec ce kit, vous pouvez m\u00e9langer vous-m\u00eame des teintes uniques et assembler vos propres feutres. Parfait pour les enfants \u00e0 partir de 5 ans qui aiment exp\u00e9rimenter, cr\u00e9er et ajouter leur touche personnelle \u00e0 leur mat\u00e9riel artistique.<\/p>\n<p>Ce qui rend ce kit g\u00e9nial<\/p>\n<p>4 couleurs de base \u00e0 encre lavable : rouge, bleu, jaune et blanc<br \/>\nM\u00e9langez jusqu&rsquo;\u00e0 15 couleurs et nuances uniques<br \/>\nOutils inclus, tels que des pincettes et des filtres, pour un travail pr\u00e9cis<br \/>\n60 autocollants paillet\u00e9s joyeux pour personnaliser vos stylos<br \/>\nStimule la cr\u00e9ativit\u00e9, la connaissance des couleurs et la motricit\u00e9 fine<\/p>\n<p>M\u00e9langez, cr\u00e9ez et d\u00e9corez vos propres stylos<\/p>\n<p>Les enfants suivent des instructions simples pour cr\u00e9er de nouvelles couleurs. Ils assemblent ensuite eux-m\u00eames leurs feutres et les d\u00e9corent avec des autocollants paillet\u00e9s. Ils obtiennent ainsi un ensemble unique de feutres qui sont non seulement fonctionnels, mais aussi enti\u00e8rement personnalis\u00e9s.<\/p>\n<p>Contenu du set<\/p>\n<p>4 flacons d&rsquo;encre lavable (rouge, bleu, jaune, blanc)<br \/>\nPi\u00e8ces pour fabriquer des feutres<br \/>\nOutils de pr\u00e9cision : pincettes et filtres<br \/>\n60 autocollants paillet\u00e9s<br \/>\nMode d&#8217;emploi avec instructions de m\u00e9lange<\/p>\n<p>Pourquoi choisir SES Creative ?<\/p>\n<p>Chez SES Creative, nous accordons une grande importance \u00e0 la s\u00e9curit\u00e9. C&rsquo;est pourquoi nos produits sont fabriqu\u00e9s et test\u00e9s dans notre usine aux Pays-Bas, conform\u00e9ment aux normes de s\u00e9curit\u00e9 europ\u00e9ennes les plus strictes. Les jouets SES Creative sont source de plaisir et permettent aux enfants d&rsquo;\u00eatre fiers de leur travail, ce qui stimule leur cr\u00e9ativit\u00e9 et leur d\u00e9veloppement.<\/p>\n<p>Commencez d\u00e8s aujourd&rsquo;hui votre aventure cr\u00e9ative en couleurs<\/p>\n<p>Procurez-vous le laboratoire de feutres, m\u00e9langez, cr\u00e9ez et d\u00e9corez, et d\u00e9couvrez \u00e0 quel point il est amusant de fabriquer vos propres feutres personnalis\u00e9s. Un m\u00e9lange parfait entre art et science !<\/p>\n","protected":false},"excerpt":{"rendered":"<p>Hobby Pink \u2013 Feutres Lab : cr\u00e9ez vos propres cr\u00e9ations color\u00e9es ! D\u00e9couvrez la science derri\u00e8re les couleurs avec le Laboratoire de feutres SES Creative ! Avec ce kit, vous pouvez m\u00e9langer vous-m\u00eame des teintes uniques et assembler vos propres feutres. Parfait pour les enfants \u00e0 partir de 5 ans qui aiment exp\u00e9rimenter, cr\u00e9er et [&hellip;]<\/p>\n","protected":false},"featured_media":104236,"comment_status":"closed","ping_status":"closed","template":"","meta":{"_acf_changed":false},"product_brand":[],"product_cat":[122],"product_tag":[],"class_list":{"0":"post-118406","1":"product","2":"type-product","3":"status-publish","4":"has-post-thumbnail","6":"product_cat-loisirs-creatifs","7":"pa_leeftijd-filter-4-6-ans","8":"pa_meest-populair-bij-filles","10":"first","11":"instock","12":"shipping-taxable","13":"product-type-simple"},"acf":[],"yoast_head":"<!-- This site is optimized with the Yoast SEO plugin v27.2 - https:\/\/yoast.com\/product\/yoast-seo-wordpress\/ -->\n<title>Fabrique de feutres - SES Creative<\/title>\n<meta name=\"robots\" content=\"index, follow, max-snippet:-1, max-image-preview:large, max-video-preview:-1\" \/>\n<link rel=\"canonical\" href=\"https:\/\/ses-creative.com\/fr\/produit\/fabrique-de-feutres\/\" \/>\n<meta property=\"og:locale\" content=\"fr_FR\" \/>\n<meta property=\"og:type\" content=\"article\" \/>\n<meta property=\"og:title\" content=\"Fabrique de feutres - SES Creative\" \/>\n<meta property=\"og:description\" content=\"Hobby Pink \u2013 Feutres Lab : cr\u00e9ez vos propres cr\u00e9ations color\u00e9es ! D\u00e9couvrez la science derri\u00e8re les couleurs avec le Laboratoire de feutres SES Creative ! Avec ce kit, vous pouvez m\u00e9langer vous-m\u00eame des teintes uniques et assembler vos propres feutres. Parfait pour les enfants \u00e0 partir de 5 ans qui aiment exp\u00e9rimenter, cr\u00e9er et [&hellip;]\" \/>\n<meta property=\"og:url\" content=\"https:\/\/ses-creative.com\/fr\/produit\/fabrique-de-feutres\/\" \/>\n<meta property=\"og:site_name\" content=\"SES Creative\" \/>\n<meta property=\"article:modified_time\" content=\"2026-02-12T10:23:09+00:00\" \/>\n<meta name=\"twitter:card\" content=\"summary_large_image\" \/>\n<meta name=\"twitter:label1\" content=\"Dur\u00e9e de lecture estim\u00e9e\" \/>\n\t<meta name=\"twitter:data1\" content=\"2 minutes\" \/>\n<script type=\"application\/ld+json\" class=\"yoast-schema-graph\">{\"@context\":\"https:\/\/schema.org\",\"@graph\":[{\"@type\":\"WebPage\",\"@id\":\"https:\/\/ses-creative.com\/fr\/produit\/fabrique-de-feutres\/\",\"url\":\"https:\/\/ses-creative.com\/fr\/produit\/fabrique-de-feutres\/\",\"name\":\"Fabrique de feutres - SES Creative\",\"isPartOf\":{\"@id\":\"https:\/\/ses-creative.com\/#website\"},\"primaryImageOfPage\":{\"@id\":\"https:\/\/ses-creative.com\/fr\/produit\/fabrique-de-feutres\/#primaryimage\"},\"image\":{\"@id\":\"https:\/\/ses-creative.com\/fr\/produit\/fabrique-de-feutres\/#primaryimage\"},\"thumbnailUrl\":\"https:\/\/ses-creative.com\/wp-content\/uploads\/2026\/01\/147221.jpg\",\"datePublished\":\"2026-02-12T10:09:40+00:00\",\"dateModified\":\"2026-02-12T10:23:09+00:00\",\"breadcrumb\":{\"@id\":\"https:\/\/ses-creative.com\/fr\/produit\/fabrique-de-feutres\/#breadcrumb\"},\"inLanguage\":\"fr-FR\",\"potentialAction\":[{\"@type\":\"ReadAction\",\"target\":[\"https:\/\/ses-creative.com\/fr\/produit\/fabrique-de-feutres\/\"]}]},{\"@type\":\"ImageObject\",\"inLanguage\":\"fr-FR\",\"@id\":\"https:\/\/ses-creative.com\/fr\/produit\/fabrique-de-feutres\/#primaryimage\",\"url\":\"https:\/\/ses-creative.com\/wp-content\/uploads\/2026\/01\/147221.jpg\",\"contentUrl\":\"https:\/\/ses-creative.com\/wp-content\/uploads\/2026\/01\/147221.jpg\",\"width\":1000,\"height\":1000},{\"@type\":\"BreadcrumbList\",\"@id\":\"https:\/\/ses-creative.com\/fr\/produit\/fabrique-de-feutres\/#breadcrumb\",\"itemListElement\":[{\"@type\":\"ListItem\",\"position\":1,\"name\":\"Boutique\",\"item\":\"https:\/\/ses-creative.com\/fr\/boutique\/\"},{\"@type\":\"ListItem\",\"position\":2,\"name\":\"Loisirs cr\u00e9atifs\",\"item\":\"https:\/\/ses-creative.com\/fr\/product-categorie\/loisirs-creatifs\/\"},{\"@type\":\"ListItem\",\"position\":3,\"name\":\"Fabrique de feutres\"}]},{\"@type\":\"WebSite\",\"@id\":\"https:\/\/ses-creative.com\/#website\",\"url\":\"https:\/\/ses-creative.com\/\",\"name\":\"SES Creative\",\"description\":\"\",\"publisher\":{\"@id\":\"https:\/\/ses-creative.com\/#organization\"},\"potentialAction\":[{\"@type\":\"SearchAction\",\"target\":{\"@type\":\"EntryPoint\",\"urlTemplate\":\"https:\/\/ses-creative.com\/?s={search_term_string}\"},\"query-input\":{\"@type\":\"PropertyValueSpecification\",\"valueRequired\":true,\"valueName\":\"search_term_string\"}}],\"inLanguage\":\"fr-FR\"},{\"@type\":\"Organization\",\"@id\":\"https:\/\/ses-creative.com\/#organization\",\"name\":\"SES Creative\",\"url\":\"https:\/\/ses-creative.com\/\",\"logo\":{\"@type\":\"ImageObject\",\"inLanguage\":\"fr-FR\",\"@id\":\"https:\/\/ses-creative.com\/#\/schema\/logo\/image\/\",\"url\":\"https:\/\/ses-creative.com\/wp-content\/uploads\/2025\/10\/ses-creative-logo.jpg\",\"contentUrl\":\"https:\/\/ses-creative.com\/wp-content\/uploads\/2025\/10\/ses-creative-logo.jpg\",\"width\":2037,\"height\":2037,\"caption\":\"SES Creative\"},\"image\":{\"@id\":\"https:\/\/ses-creative.com\/#\/schema\/logo\/image\/\"}}]}<\/script>\n<!-- \/ Yoast SEO plugin. -->","yoast_head_json":{"title":"Fabrique de feutres - SES Creative","robots":{"index":"index","follow":"follow","max-snippet":"max-snippet:-1","max-image-preview":"max-image-preview:large","max-video-preview":"max-video-preview:-1"},"canonical":"https:\/\/ses-creative.com\/fr\/produit\/fabrique-de-feutres\/","og_locale":"fr_FR","og_type":"article","og_title":"Fabrique de feutres - SES Creative","og_description":"Hobby Pink \u2013 Feutres Lab : cr\u00e9ez vos propres cr\u00e9ations color\u00e9es ! D\u00e9couvrez la science derri\u00e8re les couleurs avec le Laboratoire de feutres SES Creative ! Avec ce kit, vous pouvez m\u00e9langer vous-m\u00eame des teintes uniques et assembler vos propres feutres. Parfait pour les enfants \u00e0 partir de 5 ans qui aiment exp\u00e9rimenter, cr\u00e9er et [&hellip;]","og_url":"https:\/\/ses-creative.com\/fr\/produit\/fabrique-de-feutres\/","og_site_name":"SES Creative","article_modified_time":"2026-02-12T10:23:09+00:00","twitter_card":"summary_large_image","twitter_misc":{"Dur\u00e9e de lecture estim\u00e9e":"2 minutes"},"schema":{"@context":"https:\/\/schema.org","@graph":[{"@type":"WebPage","@id":"https:\/\/ses-creative.com\/fr\/produit\/fabrique-de-feutres\/","url":"https:\/\/ses-creative.com\/fr\/produit\/fabrique-de-feutres\/","name":"Fabrique de feutres - SES Creative","isPartOf":{"@id":"https:\/\/ses-creative.com\/#website"},"primaryImageOfPage":{"@id":"https:\/\/ses-creative.com\/fr\/produit\/fabrique-de-feutres\/#primaryimage"},"image":{"@id":"https:\/\/ses-creative.com\/fr\/produit\/fabrique-de-feutres\/#primaryimage"},"thumbnailUrl":"https:\/\/ses-creative.com\/wp-content\/uploads\/2026\/01\/147221.jpg","datePublished":"2026-02-12T10:09:40+00:00","dateModified":"2026-02-12T10:23:09+00:00","breadcrumb":{"@id":"https:\/\/ses-creative.com\/fr\/produit\/fabrique-de-feutres\/#breadcrumb"},"inLanguage":"fr-FR","potentialAction":[{"@type":"ReadAction","target":["https:\/\/ses-creative.com\/fr\/produit\/fabrique-de-feutres\/"]}]},{"@type":"ImageObject","inLanguage":"fr-FR","@id":"https:\/\/ses-creative.com\/fr\/produit\/fabrique-de-feutres\/#primaryimage","url":"https:\/\/ses-creative.com\/wp-content\/uploads\/2026\/01\/147221.jpg","contentUrl":"https:\/\/ses-creative.com\/wp-content\/uploads\/2026\/01\/147221.jpg","width":1000,"height":1000},{"@type":"BreadcrumbList","@id":"https:\/\/ses-creative.com\/fr\/produit\/fabrique-de-feutres\/#breadcrumb","itemListElement":[{"@type":"ListItem","position":1,"name":"Boutique","item":"https:\/\/ses-creative.com\/fr\/boutique\/"},{"@type":"ListItem","position":2,"name":"Loisirs cr\u00e9atifs","item":"https:\/\/ses-creative.com\/fr\/product-categorie\/loisirs-creatifs\/"},{"@type":"ListItem","position":3,"name":"Fabrique de feutres"}]},{"@type":"WebSite","@id":"https:\/\/ses-creative.com\/#website","url":"https:\/\/ses-creative.com\/","name":"SES Creative","description":"","publisher":{"@id":"https:\/\/ses-creative.com\/#organization"},"potentialAction":[{"@type":"SearchAction","target":{"@type":"EntryPoint","urlTemplate":"https:\/\/ses-creative.com\/?s={search_term_string}"},"query-input":{"@type":"PropertyValueSpecification","valueRequired":true,"valueName":"search_term_string"}}],"inLanguage":"fr-FR"},{"@type":"Organization","@id":"https:\/\/ses-creative.com\/#organization","name":"SES Creative","url":"https:\/\/ses-creative.com\/","logo":{"@type":"ImageObject","inLanguage":"fr-FR","@id":"https:\/\/ses-creative.com\/#\/schema\/logo\/image\/","url":"https:\/\/ses-creative.com\/wp-content\/uploads\/2025\/10\/ses-creative-logo.jpg","contentUrl":"https:\/\/ses-creative.com\/wp-content\/uploads\/2025\/10\/ses-creative-logo.jpg","width":2037,"height":2037,"caption":"SES Creative"},"image":{"@id":"https:\/\/ses-creative.com\/#\/schema\/logo\/image\/"}}]}},"_links":{"self":[{"href":"https:\/\/ses-creative.com\/fr\/wp-json\/wp\/v2\/product\/118406","targetHints":{"allow":["GET"]}}],"collection":[{"href":"https:\/\/ses-creative.com\/fr\/wp-json\/wp\/v2\/product"}],"about":[{"href":"https:\/\/ses-creative.com\/fr\/wp-json\/wp\/v2\/types\/product"}],"replies":[{"embeddable":true,"href":"https:\/\/ses-creative.com\/fr\/wp-json\/wp\/v2\/comments?post=118406"}],"wp:featuredmedia":[{"embeddable":true,"href":"https:\/\/ses-creative.com\/fr\/wp-json\/wp\/v2\/media\/104236"}],"wp:attachment":[{"href":"https:\/\/ses-creative.com\/fr\/wp-json\/wp\/v2\/media?parent=118406"}],"wp:term":[{"taxonomy":"product_brand","embeddable":true,"href":"https:\/\/ses-creative.com\/fr\/wp-json\/wp\/v2\/product_brand?post=118406"},{"taxonomy":"product_cat","embeddable":true,"href":"https:\/\/ses-creative.com\/fr\/wp-json\/wp\/v2\/product_cat?post=118406"},{"taxonomy":"product_tag","embeddable":true,"href":"https:\/\/ses-creative.com\/fr\/wp-json\/wp\/v2\/product_tag?post=118406"}],"curies":[{"name":"wp","href":"https:\/\/api.w.org\/{rel}","templated":true}]}}