











{"id":118405,"date":"2026-02-12T10:09:40","date_gmt":"2026-02-12T10:09:40","guid":{"rendered":"https:\/\/ses-creative.com\/?post_type=product&#038;p=118405"},"modified":"2026-02-12T10:23:09","modified_gmt":"2026-02-12T10:23:09","slug":"unicorn-bracelets-loom-avec-charms","status":"publish","type":"product","link":"https:\/\/ses-creative.com\/fr\/produit\/unicorn-bracelets-loom-avec-charms\/","title":{"rendered":"Unicorn \u2013 Bracelets Loom avec charms"},"content":{"rendered":"<p>Cr\u00e9ez vos propres bracelets licornes tendance avec le coffret Unicorn Loom !<br \/>\nD\u00e9couvrez un monde cr\u00e9atif et cr\u00e9ez les plus adorables bijoux licornes avec le coffret de bracelets \u00e0 breloques Unicorn Loom de SES Creative. Cr\u00e9ez des bracelets (d&rsquo;amiti\u00e9). Et rendez-les encore plus amusants avec les perles sp\u00e9ciales et les breloques licornes faites maison !<br \/>\nLes atouts de ce coffret :<br \/>\n&#8211; 600 \u00e9lastiques \u00e0 tisser sur le th\u00e8me des licornes tendance<br \/>\n&#8211; Breloques licornes paillet\u00e9es faites maison pour plus de plaisir cr\u00e9atif<br \/>\n&#8211; D\u00e9corez vos cr\u00e9ations avec des perles de 8 couleurs diff\u00e9rentes<br \/>\n&#8211; Amusant \u00e0 faire seul ou \u00e0 plusieurs<br \/>\n&#8211; Manuel et outils pour tisser de diff\u00e9rentes mani\u00e8res<br \/>\nCr\u00e9ez vos propres bijoux<br \/>\nR\u00e9alisez de magnifiques cr\u00e9ations avec les \u00e9lastiques \u00e0 tisser disponibles en 15 couleurs tendance, de toutes sortes de fa\u00e7ons. Le manuel inclus explique comment utiliser diff\u00e9rentes techniques et outils pour cr\u00e9er vos bracelets. Compl\u00e9tez vos bijoux avec des perles, des breloques paillet\u00e9es et l&rsquo;un des fermoirs disponibles en 6 couleurs.<br \/>\nContenu du coffret<br \/>\n&#8211; 600 \u00e9lastiques \u00e0 tisser de 15 couleurs diff\u00e9rentes<br \/>\n&#8211; 400 perles de diff\u00e9rentes couleurs et 30 fermoirs<br \/>\n&#8211; Feuille d&rsquo;autocollants pour 30 breloques paillet\u00e9es<br \/>\n&#8211; Divers outils de tissage<br \/>\n&#8211; Manuel<br \/>\nPourquoi choisir SES Creative\u00a0?<br \/>\nChez SES Creative, la s\u00e9curit\u00e9 est notre priorit\u00e9. C&rsquo;est pourquoi nos produits sont fabriqu\u00e9s et test\u00e9s dans notre usine aux Pays-Bas, conform\u00e9ment aux normes de s\u00e9curit\u00e9 europ\u00e9ennes les plus strictes. Les jouets SES Creative sont amusants et visent \u00e0 rendre les enfants fiers de leur travail, stimulant ainsi leur cr\u00e9ativit\u00e9 et leur d\u00e9veloppement.<br \/>\nLancez votre propre cr\u00e9ation \u00e0 tisser d\u00e8s aujourd&rsquo;hui\u00a0!<br \/>\nCr\u00e9ez votre propre bracelet pour briller ou scellez votre amiti\u00e9 avec un bracelet d&rsquo;amiti\u00e9. Laissez libre cours \u00e0 votre cr\u00e9ativit\u00e9 et d\u00e9couvrez les diff\u00e9rentes fa\u00e7ons de tisser et de d\u00e9corer votre cr\u00e9ation\u00a0!<\/p>\n","protected":false},"excerpt":{"rendered":"<p>Cr\u00e9ez vos propres bracelets licornes tendance avec le coffret Unicorn Loom ! D\u00e9couvrez un monde cr\u00e9atif et cr\u00e9ez les plus adorables bijoux licornes avec le coffret de bracelets \u00e0 breloques Unicorn Loom de SES Creative. Cr\u00e9ez des bracelets (d&rsquo;amiti\u00e9). Et rendez-les encore plus amusants avec les perles sp\u00e9ciales et les breloques licornes faites maison ! [&hellip;]<\/p>\n","protected":false},"featured_media":104216,"comment_status":"closed","ping_status":"closed","template":"","meta":{"_acf_changed":false},"product_brand":[],"product_cat":[122],"product_tag":[],"class_list":{"0":"post-118405","1":"product","2":"type-product","3":"status-publish","4":"has-post-thumbnail","6":"product_cat-loisirs-creatifs","7":"pa_collecties-unicorn","8":"pa_leeftijd-filter-4-6-ans","9":"pa_meest-populair-bij-filles","11":"first","12":"instock","13":"shipping-taxable","14":"product-type-simple"},"acf":[],"yoast_head":"<!-- This site is optimized with the Yoast SEO plugin v27.4 - https:\/\/yoast.com\/product\/yoast-seo-wordpress\/ -->\n<title>Unicorn \u2013 Bracelets Loom avec charms - SES Creative<\/title>\n<meta name=\"robots\" content=\"index, follow, max-snippet:-1, max-image-preview:large, max-video-preview:-1\" \/>\n<link rel=\"canonical\" href=\"https:\/\/ses-creative.com\/fr\/produit\/unicorn-bracelets-loom-avec-charms\/\" \/>\n<meta property=\"og:locale\" content=\"fr_FR\" \/>\n<meta property=\"og:type\" content=\"article\" \/>\n<meta property=\"og:title\" content=\"Unicorn \u2013 Bracelets Loom avec charms - SES Creative\" \/>\n<meta property=\"og:description\" content=\"Cr\u00e9ez vos propres bracelets licornes tendance avec le coffret Unicorn Loom ! D\u00e9couvrez un monde cr\u00e9atif et cr\u00e9ez les plus adorables bijoux licornes avec le coffret de bracelets \u00e0 breloques Unicorn Loom de SES Creative. Cr\u00e9ez des bracelets (d&rsquo;amiti\u00e9). Et rendez-les encore plus amusants avec les perles sp\u00e9ciales et les breloques licornes faites maison ! [&hellip;]\" \/>\n<meta property=\"og:url\" content=\"https:\/\/ses-creative.com\/fr\/produit\/unicorn-bracelets-loom-avec-charms\/\" \/>\n<meta property=\"og:site_name\" content=\"SES Creative\" \/>\n<meta property=\"article:modified_time\" content=\"2026-02-12T10:23:09+00:00\" \/>\n<meta name=\"twitter:card\" content=\"summary_large_image\" \/>\n<meta name=\"twitter:label1\" content=\"Dur\u00e9e de lecture estim\u00e9e\" \/>\n\t<meta name=\"twitter:data1\" content=\"2 minutes\" \/>\n<script type=\"application\/ld+json\" class=\"yoast-schema-graph\">{\"@context\":\"https:\\\/\\\/schema.org\",\"@graph\":[{\"@type\":\"WebPage\",\"@id\":\"https:\\\/\\\/ses-creative.com\\\/fr\\\/produit\\\/unicorn-bracelets-loom-avec-charms\\\/\",\"url\":\"https:\\\/\\\/ses-creative.com\\\/fr\\\/produit\\\/unicorn-bracelets-loom-avec-charms\\\/\",\"name\":\"Unicorn \u2013 Bracelets Loom avec charms - SES Creative\",\"isPartOf\":{\"@id\":\"https:\\\/\\\/ses-creative.com\\\/#website\"},\"primaryImageOfPage\":{\"@id\":\"https:\\\/\\\/ses-creative.com\\\/fr\\\/produit\\\/unicorn-bracelets-loom-avec-charms\\\/#primaryimage\"},\"image\":{\"@id\":\"https:\\\/\\\/ses-creative.com\\\/fr\\\/produit\\\/unicorn-bracelets-loom-avec-charms\\\/#primaryimage\"},\"thumbnailUrl\":\"https:\\\/\\\/ses-creative.com\\\/wp-content\\\/uploads\\\/2026\\\/01\\\/147201.jpg\",\"datePublished\":\"2026-02-12T10:09:40+00:00\",\"dateModified\":\"2026-02-12T10:23:09+00:00\",\"breadcrumb\":{\"@id\":\"https:\\\/\\\/ses-creative.com\\\/fr\\\/produit\\\/unicorn-bracelets-loom-avec-charms\\\/#breadcrumb\"},\"inLanguage\":\"fr-FR\",\"potentialAction\":[{\"@type\":\"ReadAction\",\"target\":[\"https:\\\/\\\/ses-creative.com\\\/fr\\\/produit\\\/unicorn-bracelets-loom-avec-charms\\\/\"]}]},{\"@type\":\"ImageObject\",\"inLanguage\":\"fr-FR\",\"@id\":\"https:\\\/\\\/ses-creative.com\\\/fr\\\/produit\\\/unicorn-bracelets-loom-avec-charms\\\/#primaryimage\",\"url\":\"https:\\\/\\\/ses-creative.com\\\/wp-content\\\/uploads\\\/2026\\\/01\\\/147201.jpg\",\"contentUrl\":\"https:\\\/\\\/ses-creative.com\\\/wp-content\\\/uploads\\\/2026\\\/01\\\/147201.jpg\",\"width\":1000,\"height\":1000},{\"@type\":\"BreadcrumbList\",\"@id\":\"https:\\\/\\\/ses-creative.com\\\/fr\\\/produit\\\/unicorn-bracelets-loom-avec-charms\\\/#breadcrumb\",\"itemListElement\":[{\"@type\":\"ListItem\",\"position\":1,\"name\":\"Boutique\",\"item\":\"https:\\\/\\\/ses-creative.com\\\/fr\\\/boutique\\\/\"},{\"@type\":\"ListItem\",\"position\":2,\"name\":\"Loisirs cr\u00e9atifs\",\"item\":\"https:\\\/\\\/ses-creative.com\\\/fr\\\/product-categorie\\\/loisirs-creatifs\\\/\"},{\"@type\":\"ListItem\",\"position\":3,\"name\":\"Unicorn \u2013 Bracelets Loom avec charms\"}]},{\"@type\":\"WebSite\",\"@id\":\"https:\\\/\\\/ses-creative.com\\\/#website\",\"url\":\"https:\\\/\\\/ses-creative.com\\\/\",\"name\":\"SES Creative\",\"description\":\"\",\"publisher\":{\"@id\":\"https:\\\/\\\/ses-creative.com\\\/#organization\"},\"potentialAction\":[{\"@type\":\"SearchAction\",\"target\":{\"@type\":\"EntryPoint\",\"urlTemplate\":\"https:\\\/\\\/ses-creative.com\\\/?s={search_term_string}\"},\"query-input\":{\"@type\":\"PropertyValueSpecification\",\"valueRequired\":true,\"valueName\":\"search_term_string\"}}],\"inLanguage\":\"fr-FR\"},{\"@type\":\"Organization\",\"@id\":\"https:\\\/\\\/ses-creative.com\\\/#organization\",\"name\":\"SES Creative\",\"url\":\"https:\\\/\\\/ses-creative.com\\\/\",\"logo\":{\"@type\":\"ImageObject\",\"inLanguage\":\"fr-FR\",\"@id\":\"https:\\\/\\\/ses-creative.com\\\/#\\\/schema\\\/logo\\\/image\\\/\",\"url\":\"https:\\\/\\\/ses-creative.com\\\/wp-content\\\/uploads\\\/2025\\\/10\\\/ses-creative-logo.jpg\",\"contentUrl\":\"https:\\\/\\\/ses-creative.com\\\/wp-content\\\/uploads\\\/2025\\\/10\\\/ses-creative-logo.jpg\",\"width\":2037,\"height\":2037,\"caption\":\"SES Creative\"},\"image\":{\"@id\":\"https:\\\/\\\/ses-creative.com\\\/#\\\/schema\\\/logo\\\/image\\\/\"}}]}<\/script>\n<!-- \/ Yoast SEO plugin. -->","yoast_head_json":{"title":"Unicorn \u2013 Bracelets Loom avec charms - SES Creative","robots":{"index":"index","follow":"follow","max-snippet":"max-snippet:-1","max-image-preview":"max-image-preview:large","max-video-preview":"max-video-preview:-1"},"canonical":"https:\/\/ses-creative.com\/fr\/produit\/unicorn-bracelets-loom-avec-charms\/","og_locale":"fr_FR","og_type":"article","og_title":"Unicorn \u2013 Bracelets Loom avec charms - SES Creative","og_description":"Cr\u00e9ez vos propres bracelets licornes tendance avec le coffret Unicorn Loom ! D\u00e9couvrez un monde cr\u00e9atif et cr\u00e9ez les plus adorables bijoux licornes avec le coffret de bracelets \u00e0 breloques Unicorn Loom de SES Creative. Cr\u00e9ez des bracelets (d&rsquo;amiti\u00e9). Et rendez-les encore plus amusants avec les perles sp\u00e9ciales et les breloques licornes faites maison ! [&hellip;]","og_url":"https:\/\/ses-creative.com\/fr\/produit\/unicorn-bracelets-loom-avec-charms\/","og_site_name":"SES Creative","article_modified_time":"2026-02-12T10:23:09+00:00","twitter_card":"summary_large_image","twitter_misc":{"Dur\u00e9e de lecture estim\u00e9e":"2 minutes"},"schema":{"@context":"https:\/\/schema.org","@graph":[{"@type":"WebPage","@id":"https:\/\/ses-creative.com\/fr\/produit\/unicorn-bracelets-loom-avec-charms\/","url":"https:\/\/ses-creative.com\/fr\/produit\/unicorn-bracelets-loom-avec-charms\/","name":"Unicorn \u2013 Bracelets Loom avec charms - SES Creative","isPartOf":{"@id":"https:\/\/ses-creative.com\/#website"},"primaryImageOfPage":{"@id":"https:\/\/ses-creative.com\/fr\/produit\/unicorn-bracelets-loom-avec-charms\/#primaryimage"},"image":{"@id":"https:\/\/ses-creative.com\/fr\/produit\/unicorn-bracelets-loom-avec-charms\/#primaryimage"},"thumbnailUrl":"https:\/\/ses-creative.com\/wp-content\/uploads\/2026\/01\/147201.jpg","datePublished":"2026-02-12T10:09:40+00:00","dateModified":"2026-02-12T10:23:09+00:00","breadcrumb":{"@id":"https:\/\/ses-creative.com\/fr\/produit\/unicorn-bracelets-loom-avec-charms\/#breadcrumb"},"inLanguage":"fr-FR","potentialAction":[{"@type":"ReadAction","target":["https:\/\/ses-creative.com\/fr\/produit\/unicorn-bracelets-loom-avec-charms\/"]}]},{"@type":"ImageObject","inLanguage":"fr-FR","@id":"https:\/\/ses-creative.com\/fr\/produit\/unicorn-bracelets-loom-avec-charms\/#primaryimage","url":"https:\/\/ses-creative.com\/wp-content\/uploads\/2026\/01\/147201.jpg","contentUrl":"https:\/\/ses-creative.com\/wp-content\/uploads\/2026\/01\/147201.jpg","width":1000,"height":1000},{"@type":"BreadcrumbList","@id":"https:\/\/ses-creative.com\/fr\/produit\/unicorn-bracelets-loom-avec-charms\/#breadcrumb","itemListElement":[{"@type":"ListItem","position":1,"name":"Boutique","item":"https:\/\/ses-creative.com\/fr\/boutique\/"},{"@type":"ListItem","position":2,"name":"Loisirs cr\u00e9atifs","item":"https:\/\/ses-creative.com\/fr\/product-categorie\/loisirs-creatifs\/"},{"@type":"ListItem","position":3,"name":"Unicorn \u2013 Bracelets Loom avec charms"}]},{"@type":"WebSite","@id":"https:\/\/ses-creative.com\/#website","url":"https:\/\/ses-creative.com\/","name":"SES Creative","description":"","publisher":{"@id":"https:\/\/ses-creative.com\/#organization"},"potentialAction":[{"@type":"SearchAction","target":{"@type":"EntryPoint","urlTemplate":"https:\/\/ses-creative.com\/?s={search_term_string}"},"query-input":{"@type":"PropertyValueSpecification","valueRequired":true,"valueName":"search_term_string"}}],"inLanguage":"fr-FR"},{"@type":"Organization","@id":"https:\/\/ses-creative.com\/#organization","name":"SES Creative","url":"https:\/\/ses-creative.com\/","logo":{"@type":"ImageObject","inLanguage":"fr-FR","@id":"https:\/\/ses-creative.com\/#\/schema\/logo\/image\/","url":"https:\/\/ses-creative.com\/wp-content\/uploads\/2025\/10\/ses-creative-logo.jpg","contentUrl":"https:\/\/ses-creative.com\/wp-content\/uploads\/2025\/10\/ses-creative-logo.jpg","width":2037,"height":2037,"caption":"SES Creative"},"image":{"@id":"https:\/\/ses-creative.com\/#\/schema\/logo\/image\/"}}]}},"_links":{"self":[{"href":"https:\/\/ses-creative.com\/fr\/wp-json\/wp\/v2\/product\/118405","targetHints":{"allow":["GET"]}}],"collection":[{"href":"https:\/\/ses-creative.com\/fr\/wp-json\/wp\/v2\/product"}],"about":[{"href":"https:\/\/ses-creative.com\/fr\/wp-json\/wp\/v2\/types\/product"}],"replies":[{"embeddable":true,"href":"https:\/\/ses-creative.com\/fr\/wp-json\/wp\/v2\/comments?post=118405"}],"wp:featuredmedia":[{"embeddable":true,"href":"https:\/\/ses-creative.com\/fr\/wp-json\/wp\/v2\/media\/104216"}],"wp:attachment":[{"href":"https:\/\/ses-creative.com\/fr\/wp-json\/wp\/v2\/media?parent=118405"}],"wp:term":[{"taxonomy":"product_brand","embeddable":true,"href":"https:\/\/ses-creative.com\/fr\/wp-json\/wp\/v2\/product_brand?post=118405"},{"taxonomy":"product_cat","embeddable":true,"href":"https:\/\/ses-creative.com\/fr\/wp-json\/wp\/v2\/product_cat?post=118405"},{"taxonomy":"product_tag","embeddable":true,"href":"https:\/\/ses-creative.com\/fr\/wp-json\/wp\/v2\/product_tag?post=118405"}],"curies":[{"name":"wp","href":"https:\/\/api.w.org\/{rel}","templated":true}]}}