











{"id":118404,"date":"2026-02-12T10:09:40","date_gmt":"2026-02-12T10:09:40","guid":{"rendered":"https:\/\/ses-creative.com\/?post_type=product&#038;p=118404"},"modified":"2026-02-12T10:23:09","modified_gmt":"2026-02-12T10:23:09","slug":"mouler-des-bougies","status":"publish","type":"product","link":"https:\/\/ses-creative.com\/fr\/produit\/mouler-des-bougies\/","title":{"rendered":"Mouler des bougies"},"content":{"rendered":"<p>Cr\u00e9ez vos propres bougies avec le kit de fabrication de bougies !<\/p>\n<p>Avec le kit de fabrication de bougies SES Creative, vous pouvez cr\u00e9er vous-m\u00eame les plus belles bougies de diff\u00e9rentes couleurs et formes. Il suffit de faire fondre la cire au micro-ondes, de la verser dans les moules et de concevoir vos propres cr\u00e9ations uniques. Parfait pour les enfants \u00e0 partir de 5 ans qui aiment bricoler et cr\u00e9er leurs propres d\u00e9corations !<\/p>\n<p>Contenu de l&#8217;emballage<\/p>\n<p>3 couleurs de p\u00e2te \u00e0 bougies<\/p>\n<p>M\u00e8ches<\/p>\n<p>Gobelet doseur<\/p>\n<p>Moules<\/p>\n<p>Peinture, pinceau et colle paillet\u00e9e<\/p>\n<p>Caract\u00e9ristiques uniques<\/p>\n<p>Fabriquer de vraies bougies avec de la p\u00e2te \u00e0 bougie<\/p>\n<p>Facile \u00e0 faire fondre au micro-ondes<\/p>\n<p>Cr\u00e9ez des bougies uniques avec diff\u00e9rentes couleurs et d\u00e9corations<\/p>\n<p>Tout le n\u00e9cessaire est inclus pour commencer imm\u00e9diatement<\/p>\n<p>Stimule la cr\u00e9ativit\u00e9 et la motricit\u00e9 fine<\/p>\n<p>Convient aux enfants \u00e0 partir de 5 ans<\/p>\n<p>Cr\u00e9ez vos propres bougies<\/p>\n<p>Avec ce kit, les enfants peuvent cr\u00e9er leurs propres bougies aux formes et couleurs joyeuses. Gr\u00e2ce \u00e0 la peinture, \u00e0 la colle paillet\u00e9e et aux diff\u00e9rentes couleurs de p\u00e2te \u00e0 bougie, vous obtiendrez \u00e0 chaque fois un r\u00e9sultat unique. Une activit\u00e9 cr\u00e9ative qui est non seulement amusante, mais qui permet \u00e9galement de cr\u00e9er de magnifiques bougies que vous pouvez exposer ou offrir en cadeau.<\/p>\n<p>Pourquoi ce produit est-il parfait pour vous ?<\/p>\n<p>Ce kit est id\u00e9al pour les jeunes cr\u00e9atifs et les parents qui souhaitent faire profiter leurs enfants d&rsquo;une activit\u00e9 \u00e0 la fois \u00e9ducative et relaxante. Il stimule l&rsquo;imagination, la motricit\u00e9 fine et le plaisir de cr\u00e9er soi-m\u00eame quelque chose de beau.<\/p>\n<p>Commencez d\u00e8s aujourd&rsquo;hui \u00e0 cr\u00e9er de magnifiques bougies<\/p>\n<p>D\u00e9couvrez \u00e0 quel point le moulage de bougies peut \u00eatre amusant et cr\u00e9ez vos propres bougies color\u00e9es et scintillantes avec le kit de moulage de bougies SES Creative. Une excellente fa\u00e7on de passer des heures \u00e0 s&rsquo;amuser de mani\u00e8re cr\u00e9ative !<\/p>\n","protected":false},"excerpt":{"rendered":"<p>Cr\u00e9ez vos propres bougies avec le kit de fabrication de bougies ! Avec le kit de fabrication de bougies SES Creative, vous pouvez cr\u00e9er vous-m\u00eame les plus belles bougies de diff\u00e9rentes couleurs et formes. Il suffit de faire fondre la cire au micro-ondes, de la verser dans les moules et de concevoir vos propres cr\u00e9ations [&hellip;]<\/p>\n","protected":false},"featured_media":104196,"comment_status":"closed","ping_status":"closed","template":"","meta":{"_acf_changed":false},"product_brand":[],"product_cat":[122],"product_tag":[],"class_list":{"0":"post-118404","1":"product","2":"type-product","3":"status-publish","4":"has-post-thumbnail","6":"product_cat-loisirs-creatifs","7":"pa_leeftijd-filter-4-6-ans","8":"pa_meest-populair-bij-garcons-filles","10":"first","11":"instock","12":"shipping-taxable","13":"product-type-simple"},"acf":[],"yoast_head":"<!-- This site is optimized with the Yoast SEO plugin v27.2 - https:\/\/yoast.com\/product\/yoast-seo-wordpress\/ -->\n<title>Mouler des bougies - SES Creative<\/title>\n<meta name=\"robots\" content=\"index, follow, max-snippet:-1, max-image-preview:large, max-video-preview:-1\" \/>\n<link rel=\"canonical\" href=\"https:\/\/ses-creative.com\/fr\/produit\/mouler-des-bougies\/\" \/>\n<meta property=\"og:locale\" content=\"fr_FR\" \/>\n<meta property=\"og:type\" content=\"article\" \/>\n<meta property=\"og:title\" content=\"Mouler des bougies - SES Creative\" \/>\n<meta property=\"og:description\" content=\"Cr\u00e9ez vos propres bougies avec le kit de fabrication de bougies ! Avec le kit de fabrication de bougies SES Creative, vous pouvez cr\u00e9er vous-m\u00eame les plus belles bougies de diff\u00e9rentes couleurs et formes. Il suffit de faire fondre la cire au micro-ondes, de la verser dans les moules et de concevoir vos propres cr\u00e9ations [&hellip;]\" \/>\n<meta property=\"og:url\" content=\"https:\/\/ses-creative.com\/fr\/produit\/mouler-des-bougies\/\" \/>\n<meta property=\"og:site_name\" content=\"SES Creative\" \/>\n<meta property=\"article:modified_time\" content=\"2026-02-12T10:23:09+00:00\" \/>\n<meta name=\"twitter:card\" content=\"summary_large_image\" \/>\n<meta name=\"twitter:label1\" content=\"Dur\u00e9e de lecture estim\u00e9e\" \/>\n\t<meta name=\"twitter:data1\" content=\"2 minutes\" \/>\n<script type=\"application\/ld+json\" class=\"yoast-schema-graph\">{\"@context\":\"https:\/\/schema.org\",\"@graph\":[{\"@type\":\"WebPage\",\"@id\":\"https:\/\/ses-creative.com\/fr\/produit\/mouler-des-bougies\/\",\"url\":\"https:\/\/ses-creative.com\/fr\/produit\/mouler-des-bougies\/\",\"name\":\"Mouler des bougies - SES Creative\",\"isPartOf\":{\"@id\":\"https:\/\/ses-creative.com\/#website\"},\"primaryImageOfPage\":{\"@id\":\"https:\/\/ses-creative.com\/fr\/produit\/mouler-des-bougies\/#primaryimage\"},\"image\":{\"@id\":\"https:\/\/ses-creative.com\/fr\/produit\/mouler-des-bougies\/#primaryimage\"},\"thumbnailUrl\":\"https:\/\/ses-creative.com\/wp-content\/uploads\/2026\/01\/147111.jpg\",\"datePublished\":\"2026-02-12T10:09:40+00:00\",\"dateModified\":\"2026-02-12T10:23:09+00:00\",\"breadcrumb\":{\"@id\":\"https:\/\/ses-creative.com\/fr\/produit\/mouler-des-bougies\/#breadcrumb\"},\"inLanguage\":\"fr-FR\",\"potentialAction\":[{\"@type\":\"ReadAction\",\"target\":[\"https:\/\/ses-creative.com\/fr\/produit\/mouler-des-bougies\/\"]}]},{\"@type\":\"ImageObject\",\"inLanguage\":\"fr-FR\",\"@id\":\"https:\/\/ses-creative.com\/fr\/produit\/mouler-des-bougies\/#primaryimage\",\"url\":\"https:\/\/ses-creative.com\/wp-content\/uploads\/2026\/01\/147111.jpg\",\"contentUrl\":\"https:\/\/ses-creative.com\/wp-content\/uploads\/2026\/01\/147111.jpg\",\"width\":1000,\"height\":1000},{\"@type\":\"BreadcrumbList\",\"@id\":\"https:\/\/ses-creative.com\/fr\/produit\/mouler-des-bougies\/#breadcrumb\",\"itemListElement\":[{\"@type\":\"ListItem\",\"position\":1,\"name\":\"Boutique\",\"item\":\"https:\/\/ses-creative.com\/fr\/boutique\/\"},{\"@type\":\"ListItem\",\"position\":2,\"name\":\"Loisirs cr\u00e9atifs\",\"item\":\"https:\/\/ses-creative.com\/fr\/product-categorie\/loisirs-creatifs\/\"},{\"@type\":\"ListItem\",\"position\":3,\"name\":\"Mouler des bougies\"}]},{\"@type\":\"WebSite\",\"@id\":\"https:\/\/ses-creative.com\/#website\",\"url\":\"https:\/\/ses-creative.com\/\",\"name\":\"SES Creative\",\"description\":\"\",\"publisher\":{\"@id\":\"https:\/\/ses-creative.com\/#organization\"},\"potentialAction\":[{\"@type\":\"SearchAction\",\"target\":{\"@type\":\"EntryPoint\",\"urlTemplate\":\"https:\/\/ses-creative.com\/?s={search_term_string}\"},\"query-input\":{\"@type\":\"PropertyValueSpecification\",\"valueRequired\":true,\"valueName\":\"search_term_string\"}}],\"inLanguage\":\"fr-FR\"},{\"@type\":\"Organization\",\"@id\":\"https:\/\/ses-creative.com\/#organization\",\"name\":\"SES Creative\",\"url\":\"https:\/\/ses-creative.com\/\",\"logo\":{\"@type\":\"ImageObject\",\"inLanguage\":\"fr-FR\",\"@id\":\"https:\/\/ses-creative.com\/#\/schema\/logo\/image\/\",\"url\":\"https:\/\/ses-creative.com\/wp-content\/uploads\/2025\/10\/ses-creative-logo.jpg\",\"contentUrl\":\"https:\/\/ses-creative.com\/wp-content\/uploads\/2025\/10\/ses-creative-logo.jpg\",\"width\":2037,\"height\":2037,\"caption\":\"SES Creative\"},\"image\":{\"@id\":\"https:\/\/ses-creative.com\/#\/schema\/logo\/image\/\"}}]}<\/script>\n<!-- \/ Yoast SEO plugin. -->","yoast_head_json":{"title":"Mouler des bougies - SES Creative","robots":{"index":"index","follow":"follow","max-snippet":"max-snippet:-1","max-image-preview":"max-image-preview:large","max-video-preview":"max-video-preview:-1"},"canonical":"https:\/\/ses-creative.com\/fr\/produit\/mouler-des-bougies\/","og_locale":"fr_FR","og_type":"article","og_title":"Mouler des bougies - SES Creative","og_description":"Cr\u00e9ez vos propres bougies avec le kit de fabrication de bougies ! Avec le kit de fabrication de bougies SES Creative, vous pouvez cr\u00e9er vous-m\u00eame les plus belles bougies de diff\u00e9rentes couleurs et formes. Il suffit de faire fondre la cire au micro-ondes, de la verser dans les moules et de concevoir vos propres cr\u00e9ations [&hellip;]","og_url":"https:\/\/ses-creative.com\/fr\/produit\/mouler-des-bougies\/","og_site_name":"SES Creative","article_modified_time":"2026-02-12T10:23:09+00:00","twitter_card":"summary_large_image","twitter_misc":{"Dur\u00e9e de lecture estim\u00e9e":"2 minutes"},"schema":{"@context":"https:\/\/schema.org","@graph":[{"@type":"WebPage","@id":"https:\/\/ses-creative.com\/fr\/produit\/mouler-des-bougies\/","url":"https:\/\/ses-creative.com\/fr\/produit\/mouler-des-bougies\/","name":"Mouler des bougies - SES Creative","isPartOf":{"@id":"https:\/\/ses-creative.com\/#website"},"primaryImageOfPage":{"@id":"https:\/\/ses-creative.com\/fr\/produit\/mouler-des-bougies\/#primaryimage"},"image":{"@id":"https:\/\/ses-creative.com\/fr\/produit\/mouler-des-bougies\/#primaryimage"},"thumbnailUrl":"https:\/\/ses-creative.com\/wp-content\/uploads\/2026\/01\/147111.jpg","datePublished":"2026-02-12T10:09:40+00:00","dateModified":"2026-02-12T10:23:09+00:00","breadcrumb":{"@id":"https:\/\/ses-creative.com\/fr\/produit\/mouler-des-bougies\/#breadcrumb"},"inLanguage":"fr-FR","potentialAction":[{"@type":"ReadAction","target":["https:\/\/ses-creative.com\/fr\/produit\/mouler-des-bougies\/"]}]},{"@type":"ImageObject","inLanguage":"fr-FR","@id":"https:\/\/ses-creative.com\/fr\/produit\/mouler-des-bougies\/#primaryimage","url":"https:\/\/ses-creative.com\/wp-content\/uploads\/2026\/01\/147111.jpg","contentUrl":"https:\/\/ses-creative.com\/wp-content\/uploads\/2026\/01\/147111.jpg","width":1000,"height":1000},{"@type":"BreadcrumbList","@id":"https:\/\/ses-creative.com\/fr\/produit\/mouler-des-bougies\/#breadcrumb","itemListElement":[{"@type":"ListItem","position":1,"name":"Boutique","item":"https:\/\/ses-creative.com\/fr\/boutique\/"},{"@type":"ListItem","position":2,"name":"Loisirs cr\u00e9atifs","item":"https:\/\/ses-creative.com\/fr\/product-categorie\/loisirs-creatifs\/"},{"@type":"ListItem","position":3,"name":"Mouler des bougies"}]},{"@type":"WebSite","@id":"https:\/\/ses-creative.com\/#website","url":"https:\/\/ses-creative.com\/","name":"SES Creative","description":"","publisher":{"@id":"https:\/\/ses-creative.com\/#organization"},"potentialAction":[{"@type":"SearchAction","target":{"@type":"EntryPoint","urlTemplate":"https:\/\/ses-creative.com\/?s={search_term_string}"},"query-input":{"@type":"PropertyValueSpecification","valueRequired":true,"valueName":"search_term_string"}}],"inLanguage":"fr-FR"},{"@type":"Organization","@id":"https:\/\/ses-creative.com\/#organization","name":"SES Creative","url":"https:\/\/ses-creative.com\/","logo":{"@type":"ImageObject","inLanguage":"fr-FR","@id":"https:\/\/ses-creative.com\/#\/schema\/logo\/image\/","url":"https:\/\/ses-creative.com\/wp-content\/uploads\/2025\/10\/ses-creative-logo.jpg","contentUrl":"https:\/\/ses-creative.com\/wp-content\/uploads\/2025\/10\/ses-creative-logo.jpg","width":2037,"height":2037,"caption":"SES Creative"},"image":{"@id":"https:\/\/ses-creative.com\/#\/schema\/logo\/image\/"}}]}},"_links":{"self":[{"href":"https:\/\/ses-creative.com\/fr\/wp-json\/wp\/v2\/product\/118404","targetHints":{"allow":["GET"]}}],"collection":[{"href":"https:\/\/ses-creative.com\/fr\/wp-json\/wp\/v2\/product"}],"about":[{"href":"https:\/\/ses-creative.com\/fr\/wp-json\/wp\/v2\/types\/product"}],"replies":[{"embeddable":true,"href":"https:\/\/ses-creative.com\/fr\/wp-json\/wp\/v2\/comments?post=118404"}],"wp:featuredmedia":[{"embeddable":true,"href":"https:\/\/ses-creative.com\/fr\/wp-json\/wp\/v2\/media\/104196"}],"wp:attachment":[{"href":"https:\/\/ses-creative.com\/fr\/wp-json\/wp\/v2\/media?parent=118404"}],"wp:term":[{"taxonomy":"product_brand","embeddable":true,"href":"https:\/\/ses-creative.com\/fr\/wp-json\/wp\/v2\/product_brand?post=118404"},{"taxonomy":"product_cat","embeddable":true,"href":"https:\/\/ses-creative.com\/fr\/wp-json\/wp\/v2\/product_cat?post=118404"},{"taxonomy":"product_tag","embeddable":true,"href":"https:\/\/ses-creative.com\/fr\/wp-json\/wp\/v2\/product_tag?post=118404"}],"curies":[{"name":"wp","href":"https:\/\/api.w.org\/{rel}","templated":true}]}}