











{"id":118402,"date":"2026-02-12T10:09:40","date_gmt":"2026-02-12T10:09:40","guid":{"rendered":"https:\/\/ses-creative.com\/?post_type=product&#038;p=118402"},"modified":"2026-02-12T10:23:08","modified_gmt":"2026-02-12T10:23:08","slug":"blow-airbrush-pens-styliste","status":"publish","type":"product","link":"https:\/\/ses-creative.com\/fr\/produit\/blow-airbrush-pens-styliste\/","title":{"rendered":"Blow airbrush pens &#8211; Styliste"},"content":{"rendered":"<p>Blow Airbrush Pens \u2013 Fashion Designer : cr\u00e9ez votre propre collection de mode !<\/p>\n<p>Avec le set Blow Airbrush Pens \u2013 Fashion Designer de SES Creative, transformez-vous en v\u00e9ritable cr\u00e9ateur de mode. Utilisez les stylos a\u00e9rographes sp\u00e9ciaux et les pochoirs pratiques pour cr\u00e9er des v\u00eatements et des motifs uniques sur les cartes mode fournies. Parfait pour les enfants \u00e0 partir de 5 ans qui aiment la mode, les couleurs et la cr\u00e9ativit\u00e9.<\/p>\n<p>Ce qui rend ce kit g\u00e9nial<\/p>\n<p>10 cartes mode \u00e0 cr\u00e9er soi-m\u00eame<br \/>\n2 pochoirs avec des v\u00eatements et des motifs<br \/>\nDes stylos airbrush dans diff\u00e9rentes couleurs vives<br \/>\nEncre lavable pour une utilisation s\u00fbre et sans souci<br \/>\nStimule la cr\u00e9ativit\u00e9, l&rsquo;imagination et la motricit\u00e9 fine<\/p>\n<p>Cr\u00e9ation de mode cr\u00e9ative avec l&rsquo;a\u00e9rographe<\/p>\n<p>Avec ce kit, vous pouvez cr\u00e9er des cartes de mode color\u00e9es en soufflant doucement dans les stylos a\u00e9rographes. Gr\u00e2ce aux pochoirs, il est facile de remplir les v\u00eatements de magnifiques d\u00e9grad\u00e9s de couleurs et de motifs. Ainsi, chaque cr\u00e9ation ressemble \u00e0 une v\u00e9ritable cr\u00e9ation de d\u00e9fil\u00e9 !<\/p>\n<p>Contenu du kit<\/p>\n<p>10 cartes de mode<br \/>\n2 pochoirs pour v\u00eatements et motifs<br \/>\nStylos a\u00e9rographes de diff\u00e9rentes couleurs<\/p>\n<p>Pourquoi choisir SES Creative ?<\/p>\n<p>Chez SES Creative, nous accordons une grande importance \u00e0 la s\u00e9curit\u00e9. C&rsquo;est pourquoi nos produits sont fabriqu\u00e9s et test\u00e9s dans notre usine aux Pays-Bas, conform\u00e9ment aux normes de s\u00e9curit\u00e9 europ\u00e9ennes les plus strictes. Les jouets SES Creative sont source de plaisir et permettent aux enfants d&rsquo;\u00eatre fiers de leur travail, ce qui stimule leur cr\u00e9ativit\u00e9 et leur d\u00e9veloppement.<\/p>\n<p>Commencez d\u00e8s aujourd&rsquo;hui votre d\u00e9fil\u00e9 de mode<\/p>\n<p>Procurez-vous le kit Blow Airbrush Pens \u2013 Fashion Designer, laissez libre cours \u00e0 votre cr\u00e9ativit\u00e9 et concevez votre propre univers de mode. Cr\u00e9ez des tenues aussi uniques que vous !<\/p>\n","protected":false},"excerpt":{"rendered":"<p>Blow Airbrush Pens \u2013 Fashion Designer : cr\u00e9ez votre propre collection de mode ! Avec le set Blow Airbrush Pens \u2013 Fashion Designer de SES Creative, transformez-vous en v\u00e9ritable cr\u00e9ateur de mode. Utilisez les stylos a\u00e9rographes sp\u00e9ciaux et les pochoirs pratiques pour cr\u00e9er des v\u00eatements et des motifs uniques sur les cartes mode fournies. Parfait [&hellip;]<\/p>\n","protected":false},"featured_media":95440,"comment_status":"closed","ping_status":"closed","template":"","meta":{"_acf_changed":false},"product_brand":[],"product_cat":[122],"product_tag":[],"class_list":{"0":"post-118402","1":"product","2":"type-product","3":"status-publish","4":"has-post-thumbnail","6":"product_cat-loisirs-creatifs","7":"pa_collecties-blow-airbrush-pens","8":"pa_leeftijd-filter-4-6-ans","9":"pa_meest-populair-bij-filles","11":"first","12":"instock","13":"shipping-taxable","14":"product-type-simple"},"acf":[],"yoast_head":"<!-- This site is optimized with the Yoast SEO plugin v27.2 - https:\/\/yoast.com\/product\/yoast-seo-wordpress\/ -->\n<title>Blow airbrush pens - Styliste - SES Creative<\/title>\n<meta name=\"robots\" content=\"index, follow, max-snippet:-1, max-image-preview:large, max-video-preview:-1\" \/>\n<link rel=\"canonical\" href=\"https:\/\/ses-creative.com\/fr\/produit\/blow-airbrush-pens-styliste\/\" \/>\n<meta property=\"og:locale\" content=\"fr_FR\" \/>\n<meta property=\"og:type\" content=\"article\" \/>\n<meta property=\"og:title\" content=\"Blow airbrush pens - Styliste - SES Creative\" \/>\n<meta property=\"og:description\" content=\"Blow Airbrush Pens \u2013 Fashion Designer : cr\u00e9ez votre propre collection de mode ! Avec le set Blow Airbrush Pens \u2013 Fashion Designer de SES Creative, transformez-vous en v\u00e9ritable cr\u00e9ateur de mode. Utilisez les stylos a\u00e9rographes sp\u00e9ciaux et les pochoirs pratiques pour cr\u00e9er des v\u00eatements et des motifs uniques sur les cartes mode fournies. Parfait [&hellip;]\" \/>\n<meta property=\"og:url\" content=\"https:\/\/ses-creative.com\/fr\/produit\/blow-airbrush-pens-styliste\/\" \/>\n<meta property=\"og:site_name\" content=\"SES Creative\" \/>\n<meta property=\"article:modified_time\" content=\"2026-02-12T10:23:08+00:00\" \/>\n<meta name=\"twitter:card\" content=\"summary_large_image\" \/>\n<meta name=\"twitter:label1\" content=\"Dur\u00e9e de lecture estim\u00e9e\" \/>\n\t<meta name=\"twitter:data1\" content=\"2 minutes\" \/>\n<script type=\"application\/ld+json\" class=\"yoast-schema-graph\">{\"@context\":\"https:\/\/schema.org\",\"@graph\":[{\"@type\":\"WebPage\",\"@id\":\"https:\/\/ses-creative.com\/fr\/produit\/blow-airbrush-pens-styliste\/\",\"url\":\"https:\/\/ses-creative.com\/fr\/produit\/blow-airbrush-pens-styliste\/\",\"name\":\"Blow airbrush pens - Styliste - SES Creative\",\"isPartOf\":{\"@id\":\"https:\/\/ses-creative.com\/#website\"},\"primaryImageOfPage\":{\"@id\":\"https:\/\/ses-creative.com\/fr\/produit\/blow-airbrush-pens-styliste\/#primaryimage\"},\"image\":{\"@id\":\"https:\/\/ses-creative.com\/fr\/produit\/blow-airbrush-pens-styliste\/#primaryimage\"},\"thumbnailUrl\":\"https:\/\/ses-creative.com\/wp-content\/uploads\/2026\/01\/147091.jpg\",\"datePublished\":\"2026-02-12T10:09:40+00:00\",\"dateModified\":\"2026-02-12T10:23:08+00:00\",\"breadcrumb\":{\"@id\":\"https:\/\/ses-creative.com\/fr\/produit\/blow-airbrush-pens-styliste\/#breadcrumb\"},\"inLanguage\":\"fr-FR\",\"potentialAction\":[{\"@type\":\"ReadAction\",\"target\":[\"https:\/\/ses-creative.com\/fr\/produit\/blow-airbrush-pens-styliste\/\"]}]},{\"@type\":\"ImageObject\",\"inLanguage\":\"fr-FR\",\"@id\":\"https:\/\/ses-creative.com\/fr\/produit\/blow-airbrush-pens-styliste\/#primaryimage\",\"url\":\"https:\/\/ses-creative.com\/wp-content\/uploads\/2026\/01\/147091.jpg\",\"contentUrl\":\"https:\/\/ses-creative.com\/wp-content\/uploads\/2026\/01\/147091.jpg\",\"width\":1000,\"height\":1000},{\"@type\":\"BreadcrumbList\",\"@id\":\"https:\/\/ses-creative.com\/fr\/produit\/blow-airbrush-pens-styliste\/#breadcrumb\",\"itemListElement\":[{\"@type\":\"ListItem\",\"position\":1,\"name\":\"Boutique\",\"item\":\"https:\/\/ses-creative.com\/fr\/boutique\/\"},{\"@type\":\"ListItem\",\"position\":2,\"name\":\"Loisirs cr\u00e9atifs\",\"item\":\"https:\/\/ses-creative.com\/fr\/product-categorie\/loisirs-creatifs\/\"},{\"@type\":\"ListItem\",\"position\":3,\"name\":\"Blow airbrush pens &#8211; Styliste\"}]},{\"@type\":\"WebSite\",\"@id\":\"https:\/\/ses-creative.com\/#website\",\"url\":\"https:\/\/ses-creative.com\/\",\"name\":\"SES Creative\",\"description\":\"\",\"publisher\":{\"@id\":\"https:\/\/ses-creative.com\/#organization\"},\"potentialAction\":[{\"@type\":\"SearchAction\",\"target\":{\"@type\":\"EntryPoint\",\"urlTemplate\":\"https:\/\/ses-creative.com\/?s={search_term_string}\"},\"query-input\":{\"@type\":\"PropertyValueSpecification\",\"valueRequired\":true,\"valueName\":\"search_term_string\"}}],\"inLanguage\":\"fr-FR\"},{\"@type\":\"Organization\",\"@id\":\"https:\/\/ses-creative.com\/#organization\",\"name\":\"SES Creative\",\"url\":\"https:\/\/ses-creative.com\/\",\"logo\":{\"@type\":\"ImageObject\",\"inLanguage\":\"fr-FR\",\"@id\":\"https:\/\/ses-creative.com\/#\/schema\/logo\/image\/\",\"url\":\"https:\/\/ses-creative.com\/wp-content\/uploads\/2025\/10\/ses-creative-logo.jpg\",\"contentUrl\":\"https:\/\/ses-creative.com\/wp-content\/uploads\/2025\/10\/ses-creative-logo.jpg\",\"width\":2037,\"height\":2037,\"caption\":\"SES Creative\"},\"image\":{\"@id\":\"https:\/\/ses-creative.com\/#\/schema\/logo\/image\/\"}}]}<\/script>\n<!-- \/ Yoast SEO plugin. -->","yoast_head_json":{"title":"Blow airbrush pens - Styliste - SES Creative","robots":{"index":"index","follow":"follow","max-snippet":"max-snippet:-1","max-image-preview":"max-image-preview:large","max-video-preview":"max-video-preview:-1"},"canonical":"https:\/\/ses-creative.com\/fr\/produit\/blow-airbrush-pens-styliste\/","og_locale":"fr_FR","og_type":"article","og_title":"Blow airbrush pens - Styliste - SES Creative","og_description":"Blow Airbrush Pens \u2013 Fashion Designer : cr\u00e9ez votre propre collection de mode ! Avec le set Blow Airbrush Pens \u2013 Fashion Designer de SES Creative, transformez-vous en v\u00e9ritable cr\u00e9ateur de mode. Utilisez les stylos a\u00e9rographes sp\u00e9ciaux et les pochoirs pratiques pour cr\u00e9er des v\u00eatements et des motifs uniques sur les cartes mode fournies. Parfait [&hellip;]","og_url":"https:\/\/ses-creative.com\/fr\/produit\/blow-airbrush-pens-styliste\/","og_site_name":"SES Creative","article_modified_time":"2026-02-12T10:23:08+00:00","twitter_card":"summary_large_image","twitter_misc":{"Dur\u00e9e de lecture estim\u00e9e":"2 minutes"},"schema":{"@context":"https:\/\/schema.org","@graph":[{"@type":"WebPage","@id":"https:\/\/ses-creative.com\/fr\/produit\/blow-airbrush-pens-styliste\/","url":"https:\/\/ses-creative.com\/fr\/produit\/blow-airbrush-pens-styliste\/","name":"Blow airbrush pens - Styliste - SES Creative","isPartOf":{"@id":"https:\/\/ses-creative.com\/#website"},"primaryImageOfPage":{"@id":"https:\/\/ses-creative.com\/fr\/produit\/blow-airbrush-pens-styliste\/#primaryimage"},"image":{"@id":"https:\/\/ses-creative.com\/fr\/produit\/blow-airbrush-pens-styliste\/#primaryimage"},"thumbnailUrl":"https:\/\/ses-creative.com\/wp-content\/uploads\/2026\/01\/147091.jpg","datePublished":"2026-02-12T10:09:40+00:00","dateModified":"2026-02-12T10:23:08+00:00","breadcrumb":{"@id":"https:\/\/ses-creative.com\/fr\/produit\/blow-airbrush-pens-styliste\/#breadcrumb"},"inLanguage":"fr-FR","potentialAction":[{"@type":"ReadAction","target":["https:\/\/ses-creative.com\/fr\/produit\/blow-airbrush-pens-styliste\/"]}]},{"@type":"ImageObject","inLanguage":"fr-FR","@id":"https:\/\/ses-creative.com\/fr\/produit\/blow-airbrush-pens-styliste\/#primaryimage","url":"https:\/\/ses-creative.com\/wp-content\/uploads\/2026\/01\/147091.jpg","contentUrl":"https:\/\/ses-creative.com\/wp-content\/uploads\/2026\/01\/147091.jpg","width":1000,"height":1000},{"@type":"BreadcrumbList","@id":"https:\/\/ses-creative.com\/fr\/produit\/blow-airbrush-pens-styliste\/#breadcrumb","itemListElement":[{"@type":"ListItem","position":1,"name":"Boutique","item":"https:\/\/ses-creative.com\/fr\/boutique\/"},{"@type":"ListItem","position":2,"name":"Loisirs cr\u00e9atifs","item":"https:\/\/ses-creative.com\/fr\/product-categorie\/loisirs-creatifs\/"},{"@type":"ListItem","position":3,"name":"Blow airbrush pens &#8211; Styliste"}]},{"@type":"WebSite","@id":"https:\/\/ses-creative.com\/#website","url":"https:\/\/ses-creative.com\/","name":"SES Creative","description":"","publisher":{"@id":"https:\/\/ses-creative.com\/#organization"},"potentialAction":[{"@type":"SearchAction","target":{"@type":"EntryPoint","urlTemplate":"https:\/\/ses-creative.com\/?s={search_term_string}"},"query-input":{"@type":"PropertyValueSpecification","valueRequired":true,"valueName":"search_term_string"}}],"inLanguage":"fr-FR"},{"@type":"Organization","@id":"https:\/\/ses-creative.com\/#organization","name":"SES Creative","url":"https:\/\/ses-creative.com\/","logo":{"@type":"ImageObject","inLanguage":"fr-FR","@id":"https:\/\/ses-creative.com\/#\/schema\/logo\/image\/","url":"https:\/\/ses-creative.com\/wp-content\/uploads\/2025\/10\/ses-creative-logo.jpg","contentUrl":"https:\/\/ses-creative.com\/wp-content\/uploads\/2025\/10\/ses-creative-logo.jpg","width":2037,"height":2037,"caption":"SES Creative"},"image":{"@id":"https:\/\/ses-creative.com\/#\/schema\/logo\/image\/"}}]}},"_links":{"self":[{"href":"https:\/\/ses-creative.com\/fr\/wp-json\/wp\/v2\/product\/118402","targetHints":{"allow":["GET"]}}],"collection":[{"href":"https:\/\/ses-creative.com\/fr\/wp-json\/wp\/v2\/product"}],"about":[{"href":"https:\/\/ses-creative.com\/fr\/wp-json\/wp\/v2\/types\/product"}],"replies":[{"embeddable":true,"href":"https:\/\/ses-creative.com\/fr\/wp-json\/wp\/v2\/comments?post=118402"}],"wp:featuredmedia":[{"embeddable":true,"href":"https:\/\/ses-creative.com\/fr\/wp-json\/wp\/v2\/media\/95440"}],"wp:attachment":[{"href":"https:\/\/ses-creative.com\/fr\/wp-json\/wp\/v2\/media?parent=118402"}],"wp:term":[{"taxonomy":"product_brand","embeddable":true,"href":"https:\/\/ses-creative.com\/fr\/wp-json\/wp\/v2\/product_brand?post=118402"},{"taxonomy":"product_cat","embeddable":true,"href":"https:\/\/ses-creative.com\/fr\/wp-json\/wp\/v2\/product_cat?post=118402"},{"taxonomy":"product_tag","embeddable":true,"href":"https:\/\/ses-creative.com\/fr\/wp-json\/wp\/v2\/product_tag?post=118402"}],"curies":[{"name":"wp","href":"https:\/\/api.w.org\/{rel}","templated":true}]}}