











{"id":118401,"date":"2026-02-12T10:09:40","date_gmt":"2026-02-12T10:09:40","guid":{"rendered":"https:\/\/ses-creative.com\/?post_type=product&#038;p=118401"},"modified":"2026-02-12T10:23:08","modified_gmt":"2026-02-12T10:23:08","slug":"bracelets-de-lamitie-bff","status":"publish","type":"product","link":"https:\/\/ses-creative.com\/fr\/produit\/bracelets-de-lamitie-bff\/","title":{"rendered":"Bracelets de l&rsquo;amiti\u00e9 BFF"},"content":{"rendered":"<p>Le coffret SES Creative Bracelets de l\u2019Amiti\u00e9 BFF permet aux enfants de r\u00e9aliser facilement leurs propres bracelets personnalis\u00e9s. Gr\u00e2ce \u00e0 la roue en mousse incluse, les enfants apprennent \u00e0 tresser en suivant des instructions simples et visuelles. Le kit contient des fils satin\u00e9s de diff\u00e9rentes couleurs (bleu, rose, multicolore, argent\u00e9) et une s\u00e9lection de perles Pony assorties pour des combinaisons vari\u00e9es. Cette activit\u00e9 cr\u00e9ative est adapt\u00e9e d\u00e8s 5 ans et aide \u00e0 d\u00e9velopper la motricit\u00e9 fine, la patience et la coordination \u0153il-main. Les enfants peuvent cr\u00e9er des bracelets \u00e0 offrir \u00e0 leurs amis ou \u00e0 porter fi\u00e8rement. C\u2019est une appropri\u00e9e id\u00e9e pour les ateliers de loisirs cr\u00e9atifs \u00e0 la maison, en classe ou pour des moments calmes et enrichissants. Une activit\u00e9 manuelle compl\u00e8te et accessible, con\u00e7ue dans une d\u00e9marche responsable par SES Creative, entreprise 100 % neutre en CO\u2082. Ce coffret bricolage enfant bracelets d\u2019amiti\u00e9 constitue un atelier manuel d\u00e8s 5 ans, adapt\u00e9 aux loisirs cr\u00e9atifs \u00e0 la maison ou en groupe. Les enfants peuvent fabriquer bracelets soi-m\u00eame \u00e0 l\u2019aide de fil tress\u00e9, pour exprimer leur style personnel tout en d\u00e9veloppant leur habilet\u00e9 manuelle. Ce loisir cr\u00e9atif perles fil tress\u00e9 aide \u00e0 renforcer les comp\u00e9tences manuelles tout en s&rsquo;amusant avec des mat\u00e9riaux color\u00e9s et s\u00fbrs.<\/p>\n","protected":false},"excerpt":{"rendered":"<p>Le coffret SES Creative Bracelets de l\u2019Amiti\u00e9 BFF permet aux enfants de r\u00e9aliser facilement leurs propres bracelets personnalis\u00e9s. Gr\u00e2ce \u00e0 la roue en mousse incluse, les enfants apprennent \u00e0 tresser en suivant des instructions simples et visuelles. Le kit contient des fils satin\u00e9s de diff\u00e9rentes couleurs (bleu, rose, multicolore, argent\u00e9) et une s\u00e9lection de perles [&hellip;]<\/p>\n","protected":false},"featured_media":104156,"comment_status":"closed","ping_status":"closed","template":"","meta":{"_acf_changed":false},"product_brand":[],"product_cat":[122],"product_tag":[],"class_list":{"0":"post-118401","1":"product","2":"type-product","3":"status-publish","4":"has-post-thumbnail","6":"product_cat-loisirs-creatifs","7":"pa_leeftijd-filter-4-6-ans","8":"pa_meest-populair-bij-filles","10":"first","11":"instock","12":"shipping-taxable","13":"product-type-simple"},"acf":[],"yoast_head":"<!-- This site is optimized with the Yoast SEO plugin v27.2 - https:\/\/yoast.com\/product\/yoast-seo-wordpress\/ -->\n<title>Bracelets de l&#039;amiti\u00e9 BFF - SES Creative<\/title>\n<meta name=\"robots\" content=\"index, follow, max-snippet:-1, max-image-preview:large, max-video-preview:-1\" \/>\n<link rel=\"canonical\" href=\"https:\/\/ses-creative.com\/fr\/produit\/bracelets-de-lamitie-bff\/\" \/>\n<meta property=\"og:locale\" content=\"fr_FR\" \/>\n<meta property=\"og:type\" content=\"article\" \/>\n<meta property=\"og:title\" content=\"Bracelets de l&#039;amiti\u00e9 BFF - SES Creative\" \/>\n<meta property=\"og:description\" content=\"Le coffret SES Creative Bracelets de l\u2019Amiti\u00e9 BFF permet aux enfants de r\u00e9aliser facilement leurs propres bracelets personnalis\u00e9s. Gr\u00e2ce \u00e0 la roue en mousse incluse, les enfants apprennent \u00e0 tresser en suivant des instructions simples et visuelles. Le kit contient des fils satin\u00e9s de diff\u00e9rentes couleurs (bleu, rose, multicolore, argent\u00e9) et une s\u00e9lection de perles [&hellip;]\" \/>\n<meta property=\"og:url\" content=\"https:\/\/ses-creative.com\/fr\/produit\/bracelets-de-lamitie-bff\/\" \/>\n<meta property=\"og:site_name\" content=\"SES Creative\" \/>\n<meta property=\"article:modified_time\" content=\"2026-02-12T10:23:08+00:00\" \/>\n<meta name=\"twitter:card\" content=\"summary_large_image\" \/>\n<meta name=\"twitter:label1\" content=\"Dur\u00e9e de lecture estim\u00e9e\" \/>\n\t<meta name=\"twitter:data1\" content=\"1 minute\" \/>\n<script type=\"application\/ld+json\" class=\"yoast-schema-graph\">{\"@context\":\"https:\/\/schema.org\",\"@graph\":[{\"@type\":\"WebPage\",\"@id\":\"https:\/\/ses-creative.com\/fr\/produit\/bracelets-de-lamitie-bff\/\",\"url\":\"https:\/\/ses-creative.com\/fr\/produit\/bracelets-de-lamitie-bff\/\",\"name\":\"Bracelets de l'amiti\u00e9 BFF - SES Creative\",\"isPartOf\":{\"@id\":\"https:\/\/ses-creative.com\/#website\"},\"primaryImageOfPage\":{\"@id\":\"https:\/\/ses-creative.com\/fr\/produit\/bracelets-de-lamitie-bff\/#primaryimage\"},\"image\":{\"@id\":\"https:\/\/ses-creative.com\/fr\/produit\/bracelets-de-lamitie-bff\/#primaryimage\"},\"thumbnailUrl\":\"https:\/\/ses-creative.com\/wp-content\/uploads\/2026\/01\/147081.jpg\",\"datePublished\":\"2026-02-12T10:09:40+00:00\",\"dateModified\":\"2026-02-12T10:23:08+00:00\",\"breadcrumb\":{\"@id\":\"https:\/\/ses-creative.com\/fr\/produit\/bracelets-de-lamitie-bff\/#breadcrumb\"},\"inLanguage\":\"fr-FR\",\"potentialAction\":[{\"@type\":\"ReadAction\",\"target\":[\"https:\/\/ses-creative.com\/fr\/produit\/bracelets-de-lamitie-bff\/\"]}]},{\"@type\":\"ImageObject\",\"inLanguage\":\"fr-FR\",\"@id\":\"https:\/\/ses-creative.com\/fr\/produit\/bracelets-de-lamitie-bff\/#primaryimage\",\"url\":\"https:\/\/ses-creative.com\/wp-content\/uploads\/2026\/01\/147081.jpg\",\"contentUrl\":\"https:\/\/ses-creative.com\/wp-content\/uploads\/2026\/01\/147081.jpg\",\"width\":1000,\"height\":1000},{\"@type\":\"BreadcrumbList\",\"@id\":\"https:\/\/ses-creative.com\/fr\/produit\/bracelets-de-lamitie-bff\/#breadcrumb\",\"itemListElement\":[{\"@type\":\"ListItem\",\"position\":1,\"name\":\"Boutique\",\"item\":\"https:\/\/ses-creative.com\/fr\/boutique\/\"},{\"@type\":\"ListItem\",\"position\":2,\"name\":\"Loisirs cr\u00e9atifs\",\"item\":\"https:\/\/ses-creative.com\/fr\/product-categorie\/loisirs-creatifs\/\"},{\"@type\":\"ListItem\",\"position\":3,\"name\":\"Bracelets de l&#8217;amiti\u00e9 BFF\"}]},{\"@type\":\"WebSite\",\"@id\":\"https:\/\/ses-creative.com\/#website\",\"url\":\"https:\/\/ses-creative.com\/\",\"name\":\"SES Creative\",\"description\":\"\",\"publisher\":{\"@id\":\"https:\/\/ses-creative.com\/#organization\"},\"potentialAction\":[{\"@type\":\"SearchAction\",\"target\":{\"@type\":\"EntryPoint\",\"urlTemplate\":\"https:\/\/ses-creative.com\/?s={search_term_string}\"},\"query-input\":{\"@type\":\"PropertyValueSpecification\",\"valueRequired\":true,\"valueName\":\"search_term_string\"}}],\"inLanguage\":\"fr-FR\"},{\"@type\":\"Organization\",\"@id\":\"https:\/\/ses-creative.com\/#organization\",\"name\":\"SES Creative\",\"url\":\"https:\/\/ses-creative.com\/\",\"logo\":{\"@type\":\"ImageObject\",\"inLanguage\":\"fr-FR\",\"@id\":\"https:\/\/ses-creative.com\/#\/schema\/logo\/image\/\",\"url\":\"https:\/\/ses-creative.com\/wp-content\/uploads\/2025\/10\/ses-creative-logo.jpg\",\"contentUrl\":\"https:\/\/ses-creative.com\/wp-content\/uploads\/2025\/10\/ses-creative-logo.jpg\",\"width\":2037,\"height\":2037,\"caption\":\"SES Creative\"},\"image\":{\"@id\":\"https:\/\/ses-creative.com\/#\/schema\/logo\/image\/\"}}]}<\/script>\n<!-- \/ Yoast SEO plugin. -->","yoast_head_json":{"title":"Bracelets de l'amiti\u00e9 BFF - SES Creative","robots":{"index":"index","follow":"follow","max-snippet":"max-snippet:-1","max-image-preview":"max-image-preview:large","max-video-preview":"max-video-preview:-1"},"canonical":"https:\/\/ses-creative.com\/fr\/produit\/bracelets-de-lamitie-bff\/","og_locale":"fr_FR","og_type":"article","og_title":"Bracelets de l'amiti\u00e9 BFF - SES Creative","og_description":"Le coffret SES Creative Bracelets de l\u2019Amiti\u00e9 BFF permet aux enfants de r\u00e9aliser facilement leurs propres bracelets personnalis\u00e9s. Gr\u00e2ce \u00e0 la roue en mousse incluse, les enfants apprennent \u00e0 tresser en suivant des instructions simples et visuelles. Le kit contient des fils satin\u00e9s de diff\u00e9rentes couleurs (bleu, rose, multicolore, argent\u00e9) et une s\u00e9lection de perles [&hellip;]","og_url":"https:\/\/ses-creative.com\/fr\/produit\/bracelets-de-lamitie-bff\/","og_site_name":"SES Creative","article_modified_time":"2026-02-12T10:23:08+00:00","twitter_card":"summary_large_image","twitter_misc":{"Dur\u00e9e de lecture estim\u00e9e":"1 minute"},"schema":{"@context":"https:\/\/schema.org","@graph":[{"@type":"WebPage","@id":"https:\/\/ses-creative.com\/fr\/produit\/bracelets-de-lamitie-bff\/","url":"https:\/\/ses-creative.com\/fr\/produit\/bracelets-de-lamitie-bff\/","name":"Bracelets de l'amiti\u00e9 BFF - SES Creative","isPartOf":{"@id":"https:\/\/ses-creative.com\/#website"},"primaryImageOfPage":{"@id":"https:\/\/ses-creative.com\/fr\/produit\/bracelets-de-lamitie-bff\/#primaryimage"},"image":{"@id":"https:\/\/ses-creative.com\/fr\/produit\/bracelets-de-lamitie-bff\/#primaryimage"},"thumbnailUrl":"https:\/\/ses-creative.com\/wp-content\/uploads\/2026\/01\/147081.jpg","datePublished":"2026-02-12T10:09:40+00:00","dateModified":"2026-02-12T10:23:08+00:00","breadcrumb":{"@id":"https:\/\/ses-creative.com\/fr\/produit\/bracelets-de-lamitie-bff\/#breadcrumb"},"inLanguage":"fr-FR","potentialAction":[{"@type":"ReadAction","target":["https:\/\/ses-creative.com\/fr\/produit\/bracelets-de-lamitie-bff\/"]}]},{"@type":"ImageObject","inLanguage":"fr-FR","@id":"https:\/\/ses-creative.com\/fr\/produit\/bracelets-de-lamitie-bff\/#primaryimage","url":"https:\/\/ses-creative.com\/wp-content\/uploads\/2026\/01\/147081.jpg","contentUrl":"https:\/\/ses-creative.com\/wp-content\/uploads\/2026\/01\/147081.jpg","width":1000,"height":1000},{"@type":"BreadcrumbList","@id":"https:\/\/ses-creative.com\/fr\/produit\/bracelets-de-lamitie-bff\/#breadcrumb","itemListElement":[{"@type":"ListItem","position":1,"name":"Boutique","item":"https:\/\/ses-creative.com\/fr\/boutique\/"},{"@type":"ListItem","position":2,"name":"Loisirs cr\u00e9atifs","item":"https:\/\/ses-creative.com\/fr\/product-categorie\/loisirs-creatifs\/"},{"@type":"ListItem","position":3,"name":"Bracelets de l&#8217;amiti\u00e9 BFF"}]},{"@type":"WebSite","@id":"https:\/\/ses-creative.com\/#website","url":"https:\/\/ses-creative.com\/","name":"SES Creative","description":"","publisher":{"@id":"https:\/\/ses-creative.com\/#organization"},"potentialAction":[{"@type":"SearchAction","target":{"@type":"EntryPoint","urlTemplate":"https:\/\/ses-creative.com\/?s={search_term_string}"},"query-input":{"@type":"PropertyValueSpecification","valueRequired":true,"valueName":"search_term_string"}}],"inLanguage":"fr-FR"},{"@type":"Organization","@id":"https:\/\/ses-creative.com\/#organization","name":"SES Creative","url":"https:\/\/ses-creative.com\/","logo":{"@type":"ImageObject","inLanguage":"fr-FR","@id":"https:\/\/ses-creative.com\/#\/schema\/logo\/image\/","url":"https:\/\/ses-creative.com\/wp-content\/uploads\/2025\/10\/ses-creative-logo.jpg","contentUrl":"https:\/\/ses-creative.com\/wp-content\/uploads\/2025\/10\/ses-creative-logo.jpg","width":2037,"height":2037,"caption":"SES Creative"},"image":{"@id":"https:\/\/ses-creative.com\/#\/schema\/logo\/image\/"}}]}},"_links":{"self":[{"href":"https:\/\/ses-creative.com\/fr\/wp-json\/wp\/v2\/product\/118401","targetHints":{"allow":["GET"]}}],"collection":[{"href":"https:\/\/ses-creative.com\/fr\/wp-json\/wp\/v2\/product"}],"about":[{"href":"https:\/\/ses-creative.com\/fr\/wp-json\/wp\/v2\/types\/product"}],"replies":[{"embeddable":true,"href":"https:\/\/ses-creative.com\/fr\/wp-json\/wp\/v2\/comments?post=118401"}],"wp:featuredmedia":[{"embeddable":true,"href":"https:\/\/ses-creative.com\/fr\/wp-json\/wp\/v2\/media\/104156"}],"wp:attachment":[{"href":"https:\/\/ses-creative.com\/fr\/wp-json\/wp\/v2\/media?parent=118401"}],"wp:term":[{"taxonomy":"product_brand","embeddable":true,"href":"https:\/\/ses-creative.com\/fr\/wp-json\/wp\/v2\/product_brand?post=118401"},{"taxonomy":"product_cat","embeddable":true,"href":"https:\/\/ses-creative.com\/fr\/wp-json\/wp\/v2\/product_cat?post=118401"},{"taxonomy":"product_tag","embeddable":true,"href":"https:\/\/ses-creative.com\/fr\/wp-json\/wp\/v2\/product_tag?post=118401"}],"curies":[{"name":"wp","href":"https:\/\/api.w.org\/{rel}","templated":true}]}}