











{"id":118399,"date":"2026-02-12T10:09:38","date_gmt":"2026-02-12T10:09:38","guid":{"rendered":"https:\/\/ses-creative.com\/?post_type=product&#038;p=118399"},"modified":"2026-02-12T10:23:07","modified_gmt":"2026-02-12T10:23:07","slug":"easy-diamonds-bijoux-en-lettre","status":"publish","type":"product","link":"https:\/\/ses-creative.com\/fr\/produit\/easy-diamonds-bijoux-en-lettre\/","title":{"rendered":"Easy diamonds &#8211; Bijoux en lettre"},"content":{"rendered":"<p>Easy Diamonds \u2013 Bijoux avec lettres : cr\u00e9ez vos propres accessoires scintillants !<\/p>\n<p>Avec le kit Easy Diamonds \u2013 Bijoux lettres de SES Creative, vous pouvez cr\u00e9er des bracelets et des colliers aussi uniques que vous. Combinez l&rsquo;effet diamant avec des lettres personnalis\u00e9es et de magnifiques perles de verre pour cr\u00e9er des bijoux qui racontent votre histoire. Parfait pour les enfants \u00e0 partir de 6 ans qui aiment la cr\u00e9ativit\u00e9 et la mode.<\/p>\n<p>Ce qui rend ce kit g\u00e9nial<\/p>\n<p>Des breloques et des lettres en bois \u00e0 personnaliser soi-m\u00eame<br \/>\n200 perles lettres pour cr\u00e9er des noms et des messages personnels<br \/>\nPerles en verre pour un effet luxueux et scintillant<br \/>\n\u00c9lastique pour un enfilage et un port faciles<br \/>\nStimule la cr\u00e9ativit\u00e9, la motricit\u00e9 fine et le sens du style<\/p>\n<p>Cr\u00e9ation de bijoux cr\u00e9atifs et personnalis\u00e9s<\/p>\n<p>Les enfants choisissent leurs perles et breloques pr\u00e9f\u00e9r\u00e9es, les enfilent sur l&rsquo;\u00e9lastique et ajoutent des lettres pour cr\u00e9er un nom ou un message. Gr\u00e2ce \u00e0 la combinaison du bois, du verre et de l&rsquo;effet diamant, ils cr\u00e9ent \u00e0 chaque fois un bijou unique qui correspond parfaitement \u00e0 leur style.<\/p>\n<p>Contenu du kit<\/p>\n<p>Breloques et lettres en bois<br \/>\n200 perles lettres<br \/>\nPerles en verre<br \/>\n\u00c9lastique pour la fabrication de bijoux<\/p>\n<p>Pourquoi choisir SES Creative ?<\/p>\n<p>Chez SES Creative, nous accordons une grande importance \u00e0 la s\u00e9curit\u00e9. C&rsquo;est pourquoi nos produits sont fabriqu\u00e9s et test\u00e9s dans notre usine aux Pays-Bas, conform\u00e9ment aux normes de s\u00e9curit\u00e9 europ\u00e9ennes les plus strictes. Les jouets SES Creative sont source de plaisir et permettent aux enfants d&rsquo;\u00eatre fiers de leur travail, ce qui stimule leur cr\u00e9ativit\u00e9 et leur d\u00e9veloppement.<\/p>\n<p>Commencez d\u00e8s aujourd&rsquo;hui \u00e0 cr\u00e9er vos bijoux lettr\u00e9s<\/p>\n<p>Procurez-vous le kit Easy Diamonds \u2013 Bijoux avec lettres et laissez libre cours \u00e0 votre cr\u00e9ativit\u00e9. Cr\u00e9ez des bijoux qui racontent une histoire \u2013 votre histoire \u2013 et portez-les fi\u00e8rement ou offrez-les en cadeau \u00e0 quelqu&rsquo;un de sp\u00e9cial.<\/p>\n","protected":false},"excerpt":{"rendered":"<p>Easy Diamonds \u2013 Bijoux avec lettres : cr\u00e9ez vos propres accessoires scintillants ! Avec le kit Easy Diamonds \u2013 Bijoux lettres de SES Creative, vous pouvez cr\u00e9er des bracelets et des colliers aussi uniques que vous. Combinez l&rsquo;effet diamant avec des lettres personnalis\u00e9es et de magnifiques perles de verre pour cr\u00e9er des bijoux qui racontent [&hellip;]<\/p>\n","protected":false},"featured_media":104116,"comment_status":"closed","ping_status":"closed","template":"","meta":{"_acf_changed":false},"product_brand":[],"product_cat":[122],"product_tag":[],"class_list":{"0":"post-118399","1":"product","2":"type-product","3":"status-publish","4":"has-post-thumbnail","6":"product_cat-loisirs-creatifs","7":"pa_leeftijd-filter-4-6-ans","8":"pa_meest-populair-bij-filles","10":"first","11":"instock","12":"shipping-taxable","13":"product-type-simple"},"acf":[],"yoast_head":"<!-- This site is optimized with the Yoast SEO plugin v27.2 - https:\/\/yoast.com\/product\/yoast-seo-wordpress\/ -->\n<title>Easy diamonds - Bijoux en lettre - SES Creative<\/title>\n<meta name=\"robots\" content=\"index, follow, max-snippet:-1, max-image-preview:large, max-video-preview:-1\" \/>\n<link rel=\"canonical\" href=\"https:\/\/ses-creative.com\/fr\/produit\/easy-diamonds-bijoux-en-lettre\/\" \/>\n<meta property=\"og:locale\" content=\"fr_FR\" \/>\n<meta property=\"og:type\" content=\"article\" \/>\n<meta property=\"og:title\" content=\"Easy diamonds - Bijoux en lettre - SES Creative\" \/>\n<meta property=\"og:description\" content=\"Easy Diamonds \u2013 Bijoux avec lettres : cr\u00e9ez vos propres accessoires scintillants ! Avec le kit Easy Diamonds \u2013 Bijoux lettres de SES Creative, vous pouvez cr\u00e9er des bracelets et des colliers aussi uniques que vous. Combinez l&rsquo;effet diamant avec des lettres personnalis\u00e9es et de magnifiques perles de verre pour cr\u00e9er des bijoux qui racontent [&hellip;]\" \/>\n<meta property=\"og:url\" content=\"https:\/\/ses-creative.com\/fr\/produit\/easy-diamonds-bijoux-en-lettre\/\" \/>\n<meta property=\"og:site_name\" content=\"SES Creative\" \/>\n<meta property=\"article:modified_time\" content=\"2026-02-12T10:23:07+00:00\" \/>\n<meta name=\"twitter:card\" content=\"summary_large_image\" \/>\n<meta name=\"twitter:label1\" content=\"Dur\u00e9e de lecture estim\u00e9e\" \/>\n\t<meta name=\"twitter:data1\" content=\"2 minutes\" \/>\n<script type=\"application\/ld+json\" class=\"yoast-schema-graph\">{\"@context\":\"https:\/\/schema.org\",\"@graph\":[{\"@type\":\"WebPage\",\"@id\":\"https:\/\/ses-creative.com\/fr\/produit\/easy-diamonds-bijoux-en-lettre\/\",\"url\":\"https:\/\/ses-creative.com\/fr\/produit\/easy-diamonds-bijoux-en-lettre\/\",\"name\":\"Easy diamonds - Bijoux en lettre - SES Creative\",\"isPartOf\":{\"@id\":\"https:\/\/ses-creative.com\/#website\"},\"primaryImageOfPage\":{\"@id\":\"https:\/\/ses-creative.com\/fr\/produit\/easy-diamonds-bijoux-en-lettre\/#primaryimage\"},\"image\":{\"@id\":\"https:\/\/ses-creative.com\/fr\/produit\/easy-diamonds-bijoux-en-lettre\/#primaryimage\"},\"thumbnailUrl\":\"https:\/\/ses-creative.com\/wp-content\/uploads\/2026\/01\/147031.jpg\",\"datePublished\":\"2026-02-12T10:09:38+00:00\",\"dateModified\":\"2026-02-12T10:23:07+00:00\",\"breadcrumb\":{\"@id\":\"https:\/\/ses-creative.com\/fr\/produit\/easy-diamonds-bijoux-en-lettre\/#breadcrumb\"},\"inLanguage\":\"fr-FR\",\"potentialAction\":[{\"@type\":\"ReadAction\",\"target\":[\"https:\/\/ses-creative.com\/fr\/produit\/easy-diamonds-bijoux-en-lettre\/\"]}]},{\"@type\":\"ImageObject\",\"inLanguage\":\"fr-FR\",\"@id\":\"https:\/\/ses-creative.com\/fr\/produit\/easy-diamonds-bijoux-en-lettre\/#primaryimage\",\"url\":\"https:\/\/ses-creative.com\/wp-content\/uploads\/2026\/01\/147031.jpg\",\"contentUrl\":\"https:\/\/ses-creative.com\/wp-content\/uploads\/2026\/01\/147031.jpg\",\"width\":1000,\"height\":1000},{\"@type\":\"BreadcrumbList\",\"@id\":\"https:\/\/ses-creative.com\/fr\/produit\/easy-diamonds-bijoux-en-lettre\/#breadcrumb\",\"itemListElement\":[{\"@type\":\"ListItem\",\"position\":1,\"name\":\"Boutique\",\"item\":\"https:\/\/ses-creative.com\/fr\/boutique\/\"},{\"@type\":\"ListItem\",\"position\":2,\"name\":\"Loisirs cr\u00e9atifs\",\"item\":\"https:\/\/ses-creative.com\/fr\/product-categorie\/loisirs-creatifs\/\"},{\"@type\":\"ListItem\",\"position\":3,\"name\":\"Easy diamonds &#8211; Bijoux en lettre\"}]},{\"@type\":\"WebSite\",\"@id\":\"https:\/\/ses-creative.com\/#website\",\"url\":\"https:\/\/ses-creative.com\/\",\"name\":\"SES Creative\",\"description\":\"\",\"publisher\":{\"@id\":\"https:\/\/ses-creative.com\/#organization\"},\"potentialAction\":[{\"@type\":\"SearchAction\",\"target\":{\"@type\":\"EntryPoint\",\"urlTemplate\":\"https:\/\/ses-creative.com\/?s={search_term_string}\"},\"query-input\":{\"@type\":\"PropertyValueSpecification\",\"valueRequired\":true,\"valueName\":\"search_term_string\"}}],\"inLanguage\":\"fr-FR\"},{\"@type\":\"Organization\",\"@id\":\"https:\/\/ses-creative.com\/#organization\",\"name\":\"SES Creative\",\"url\":\"https:\/\/ses-creative.com\/\",\"logo\":{\"@type\":\"ImageObject\",\"inLanguage\":\"fr-FR\",\"@id\":\"https:\/\/ses-creative.com\/#\/schema\/logo\/image\/\",\"url\":\"https:\/\/ses-creative.com\/wp-content\/uploads\/2025\/10\/ses-creative-logo.jpg\",\"contentUrl\":\"https:\/\/ses-creative.com\/wp-content\/uploads\/2025\/10\/ses-creative-logo.jpg\",\"width\":2037,\"height\":2037,\"caption\":\"SES Creative\"},\"image\":{\"@id\":\"https:\/\/ses-creative.com\/#\/schema\/logo\/image\/\"}}]}<\/script>\n<!-- \/ Yoast SEO plugin. -->","yoast_head_json":{"title":"Easy diamonds - Bijoux en lettre - SES Creative","robots":{"index":"index","follow":"follow","max-snippet":"max-snippet:-1","max-image-preview":"max-image-preview:large","max-video-preview":"max-video-preview:-1"},"canonical":"https:\/\/ses-creative.com\/fr\/produit\/easy-diamonds-bijoux-en-lettre\/","og_locale":"fr_FR","og_type":"article","og_title":"Easy diamonds - Bijoux en lettre - SES Creative","og_description":"Easy Diamonds \u2013 Bijoux avec lettres : cr\u00e9ez vos propres accessoires scintillants ! Avec le kit Easy Diamonds \u2013 Bijoux lettres de SES Creative, vous pouvez cr\u00e9er des bracelets et des colliers aussi uniques que vous. Combinez l&rsquo;effet diamant avec des lettres personnalis\u00e9es et de magnifiques perles de verre pour cr\u00e9er des bijoux qui racontent [&hellip;]","og_url":"https:\/\/ses-creative.com\/fr\/produit\/easy-diamonds-bijoux-en-lettre\/","og_site_name":"SES Creative","article_modified_time":"2026-02-12T10:23:07+00:00","twitter_card":"summary_large_image","twitter_misc":{"Dur\u00e9e de lecture estim\u00e9e":"2 minutes"},"schema":{"@context":"https:\/\/schema.org","@graph":[{"@type":"WebPage","@id":"https:\/\/ses-creative.com\/fr\/produit\/easy-diamonds-bijoux-en-lettre\/","url":"https:\/\/ses-creative.com\/fr\/produit\/easy-diamonds-bijoux-en-lettre\/","name":"Easy diamonds - Bijoux en lettre - SES Creative","isPartOf":{"@id":"https:\/\/ses-creative.com\/#website"},"primaryImageOfPage":{"@id":"https:\/\/ses-creative.com\/fr\/produit\/easy-diamonds-bijoux-en-lettre\/#primaryimage"},"image":{"@id":"https:\/\/ses-creative.com\/fr\/produit\/easy-diamonds-bijoux-en-lettre\/#primaryimage"},"thumbnailUrl":"https:\/\/ses-creative.com\/wp-content\/uploads\/2026\/01\/147031.jpg","datePublished":"2026-02-12T10:09:38+00:00","dateModified":"2026-02-12T10:23:07+00:00","breadcrumb":{"@id":"https:\/\/ses-creative.com\/fr\/produit\/easy-diamonds-bijoux-en-lettre\/#breadcrumb"},"inLanguage":"fr-FR","potentialAction":[{"@type":"ReadAction","target":["https:\/\/ses-creative.com\/fr\/produit\/easy-diamonds-bijoux-en-lettre\/"]}]},{"@type":"ImageObject","inLanguage":"fr-FR","@id":"https:\/\/ses-creative.com\/fr\/produit\/easy-diamonds-bijoux-en-lettre\/#primaryimage","url":"https:\/\/ses-creative.com\/wp-content\/uploads\/2026\/01\/147031.jpg","contentUrl":"https:\/\/ses-creative.com\/wp-content\/uploads\/2026\/01\/147031.jpg","width":1000,"height":1000},{"@type":"BreadcrumbList","@id":"https:\/\/ses-creative.com\/fr\/produit\/easy-diamonds-bijoux-en-lettre\/#breadcrumb","itemListElement":[{"@type":"ListItem","position":1,"name":"Boutique","item":"https:\/\/ses-creative.com\/fr\/boutique\/"},{"@type":"ListItem","position":2,"name":"Loisirs cr\u00e9atifs","item":"https:\/\/ses-creative.com\/fr\/product-categorie\/loisirs-creatifs\/"},{"@type":"ListItem","position":3,"name":"Easy diamonds &#8211; Bijoux en lettre"}]},{"@type":"WebSite","@id":"https:\/\/ses-creative.com\/#website","url":"https:\/\/ses-creative.com\/","name":"SES Creative","description":"","publisher":{"@id":"https:\/\/ses-creative.com\/#organization"},"potentialAction":[{"@type":"SearchAction","target":{"@type":"EntryPoint","urlTemplate":"https:\/\/ses-creative.com\/?s={search_term_string}"},"query-input":{"@type":"PropertyValueSpecification","valueRequired":true,"valueName":"search_term_string"}}],"inLanguage":"fr-FR"},{"@type":"Organization","@id":"https:\/\/ses-creative.com\/#organization","name":"SES Creative","url":"https:\/\/ses-creative.com\/","logo":{"@type":"ImageObject","inLanguage":"fr-FR","@id":"https:\/\/ses-creative.com\/#\/schema\/logo\/image\/","url":"https:\/\/ses-creative.com\/wp-content\/uploads\/2025\/10\/ses-creative-logo.jpg","contentUrl":"https:\/\/ses-creative.com\/wp-content\/uploads\/2025\/10\/ses-creative-logo.jpg","width":2037,"height":2037,"caption":"SES Creative"},"image":{"@id":"https:\/\/ses-creative.com\/#\/schema\/logo\/image\/"}}]}},"_links":{"self":[{"href":"https:\/\/ses-creative.com\/fr\/wp-json\/wp\/v2\/product\/118399","targetHints":{"allow":["GET"]}}],"collection":[{"href":"https:\/\/ses-creative.com\/fr\/wp-json\/wp\/v2\/product"}],"about":[{"href":"https:\/\/ses-creative.com\/fr\/wp-json\/wp\/v2\/types\/product"}],"replies":[{"embeddable":true,"href":"https:\/\/ses-creative.com\/fr\/wp-json\/wp\/v2\/comments?post=118399"}],"wp:featuredmedia":[{"embeddable":true,"href":"https:\/\/ses-creative.com\/fr\/wp-json\/wp\/v2\/media\/104116"}],"wp:attachment":[{"href":"https:\/\/ses-creative.com\/fr\/wp-json\/wp\/v2\/media?parent=118399"}],"wp:term":[{"taxonomy":"product_brand","embeddable":true,"href":"https:\/\/ses-creative.com\/fr\/wp-json\/wp\/v2\/product_brand?post=118399"},{"taxonomy":"product_cat","embeddable":true,"href":"https:\/\/ses-creative.com\/fr\/wp-json\/wp\/v2\/product_cat?post=118399"},{"taxonomy":"product_tag","embeddable":true,"href":"https:\/\/ses-creative.com\/fr\/wp-json\/wp\/v2\/product_tag?post=118399"}],"curies":[{"name":"wp","href":"https:\/\/api.w.org\/{rel}","templated":true}]}}