











{"id":118398,"date":"2026-02-12T10:09:38","date_gmt":"2026-02-12T10:09:38","guid":{"rendered":"https:\/\/ses-creative.com\/?post_type=product&#038;p=118398"},"modified":"2026-02-12T10:23:07","modified_gmt":"2026-02-12T10:23:07","slug":"mosaique-de-diamants-porte-cles-en-bois","status":"publish","type":"product","link":"https:\/\/ses-creative.com\/fr\/produit\/mosaique-de-diamants-porte-cles-en-bois\/","title":{"rendered":"Mosa\u00efque de Diamants &#8211; Porte-cl\u00e9s en bois"},"content":{"rendered":"<p>Le kit SES Creative Mosa\u00efque de Diamants : Porte-cl\u00e9s en bois est une activit\u00e9 ludique et cr\u00e9ative con\u00e7ue pour les enfants d\u00e8s 5 ans. Ce coffret complet permet de r\u00e9aliser 5 porte-cl\u00e9s personnalis\u00e9s \u00e0 l&rsquo;aide de figurines en bois \u00e0 peindre, de diamants autocollants de diff\u00e9rentes tailles et couleurs, ainsi que de peintures gouache fournies avec un pinceau adapt\u00e9. Une fois la peinture s\u00e8che, les enfants collent les strass pour d\u00e9corer les figurines et cr\u00e9er des accessoires brillants. L\u2019ensemble comprend \u00e9galement 5 porte-cl\u00e9s en plastique, un ruban en satin bleu clair et des instructions claires, rendant l\u2019activit\u00e9 facile \u00e0 suivre. Les mat\u00e9riaux sont hypoallerg\u00e9niques, non toxiques et faciles \u00e0 nettoyer sur les surfaces et les v\u00eatements. Ce loisir cr\u00e9atif stimule la motricit\u00e9 fine, l\u2019imagination, la reconnaissance des formes et des couleurs tout en offrant un moment relaxant. Fabriqu\u00e9 aux Pays-Bas dans l\u2019usine SES Creative \u00e0 Enschede, ce produit est con\u00e7u avec des mat\u00e9riaux durables et est 100 % neutre en CO\u2082, refl\u00e9tant un engagement fort pour la s\u00e9curit\u00e9 et l\u2019environnement.<\/p>\n","protected":false},"excerpt":{"rendered":"<p>Le kit SES Creative Mosa\u00efque de Diamants : Porte-cl\u00e9s en bois est une activit\u00e9 ludique et cr\u00e9ative con\u00e7ue pour les enfants d\u00e8s 5 ans. Ce coffret complet permet de r\u00e9aliser 5 porte-cl\u00e9s personnalis\u00e9s \u00e0 l&rsquo;aide de figurines en bois \u00e0 peindre, de diamants autocollants de diff\u00e9rentes tailles et couleurs, ainsi que de peintures gouache fournies [&hellip;]<\/p>\n","protected":false},"featured_media":104096,"comment_status":"closed","ping_status":"closed","template":"","meta":{"_acf_changed":false},"product_brand":[],"product_cat":[122],"product_tag":[],"class_list":{"0":"post-118398","1":"product","2":"type-product","3":"status-publish","4":"has-post-thumbnail","6":"product_cat-loisirs-creatifs","7":"pa_leeftijd-filter-4-6-ans","8":"pa_meest-populair-bij-filles","10":"first","11":"instock","12":"shipping-taxable","13":"product-type-simple"},"acf":[],"yoast_head":"<!-- This site is optimized with the Yoast SEO plugin v27.2 - https:\/\/yoast.com\/product\/yoast-seo-wordpress\/ -->\n<title>Mosa\u00efque de Diamants - Porte-cl\u00e9s en bois - SES Creative<\/title>\n<meta name=\"robots\" content=\"index, follow, max-snippet:-1, max-image-preview:large, max-video-preview:-1\" \/>\n<link rel=\"canonical\" href=\"https:\/\/ses-creative.com\/fr\/produit\/mosaique-de-diamants-porte-cles-en-bois\/\" \/>\n<meta property=\"og:locale\" content=\"fr_FR\" \/>\n<meta property=\"og:type\" content=\"article\" \/>\n<meta property=\"og:title\" content=\"Mosa\u00efque de Diamants - Porte-cl\u00e9s en bois - SES Creative\" \/>\n<meta property=\"og:description\" content=\"Le kit SES Creative Mosa\u00efque de Diamants : Porte-cl\u00e9s en bois est une activit\u00e9 ludique et cr\u00e9ative con\u00e7ue pour les enfants d\u00e8s 5 ans. Ce coffret complet permet de r\u00e9aliser 5 porte-cl\u00e9s personnalis\u00e9s \u00e0 l&rsquo;aide de figurines en bois \u00e0 peindre, de diamants autocollants de diff\u00e9rentes tailles et couleurs, ainsi que de peintures gouache fournies [&hellip;]\" \/>\n<meta property=\"og:url\" content=\"https:\/\/ses-creative.com\/fr\/produit\/mosaique-de-diamants-porte-cles-en-bois\/\" \/>\n<meta property=\"og:site_name\" content=\"SES Creative\" \/>\n<meta property=\"article:modified_time\" content=\"2026-02-12T10:23:07+00:00\" \/>\n<meta name=\"twitter:card\" content=\"summary_large_image\" \/>\n<meta name=\"twitter:label1\" content=\"Dur\u00e9e de lecture estim\u00e9e\" \/>\n\t<meta name=\"twitter:data1\" content=\"1 minute\" \/>\n<script type=\"application\/ld+json\" class=\"yoast-schema-graph\">{\"@context\":\"https:\/\/schema.org\",\"@graph\":[{\"@type\":\"WebPage\",\"@id\":\"https:\/\/ses-creative.com\/fr\/produit\/mosaique-de-diamants-porte-cles-en-bois\/\",\"url\":\"https:\/\/ses-creative.com\/fr\/produit\/mosaique-de-diamants-porte-cles-en-bois\/\",\"name\":\"Mosa\u00efque de Diamants - Porte-cl\u00e9s en bois - SES Creative\",\"isPartOf\":{\"@id\":\"https:\/\/ses-creative.com\/#website\"},\"primaryImageOfPage\":{\"@id\":\"https:\/\/ses-creative.com\/fr\/produit\/mosaique-de-diamants-porte-cles-en-bois\/#primaryimage\"},\"image\":{\"@id\":\"https:\/\/ses-creative.com\/fr\/produit\/mosaique-de-diamants-porte-cles-en-bois\/#primaryimage\"},\"thumbnailUrl\":\"https:\/\/ses-creative.com\/wp-content\/uploads\/2026\/01\/147021.jpg\",\"datePublished\":\"2026-02-12T10:09:38+00:00\",\"dateModified\":\"2026-02-12T10:23:07+00:00\",\"breadcrumb\":{\"@id\":\"https:\/\/ses-creative.com\/fr\/produit\/mosaique-de-diamants-porte-cles-en-bois\/#breadcrumb\"},\"inLanguage\":\"fr-FR\",\"potentialAction\":[{\"@type\":\"ReadAction\",\"target\":[\"https:\/\/ses-creative.com\/fr\/produit\/mosaique-de-diamants-porte-cles-en-bois\/\"]}]},{\"@type\":\"ImageObject\",\"inLanguage\":\"fr-FR\",\"@id\":\"https:\/\/ses-creative.com\/fr\/produit\/mosaique-de-diamants-porte-cles-en-bois\/#primaryimage\",\"url\":\"https:\/\/ses-creative.com\/wp-content\/uploads\/2026\/01\/147021.jpg\",\"contentUrl\":\"https:\/\/ses-creative.com\/wp-content\/uploads\/2026\/01\/147021.jpg\",\"width\":1000,\"height\":1000},{\"@type\":\"BreadcrumbList\",\"@id\":\"https:\/\/ses-creative.com\/fr\/produit\/mosaique-de-diamants-porte-cles-en-bois\/#breadcrumb\",\"itemListElement\":[{\"@type\":\"ListItem\",\"position\":1,\"name\":\"Boutique\",\"item\":\"https:\/\/ses-creative.com\/fr\/boutique\/\"},{\"@type\":\"ListItem\",\"position\":2,\"name\":\"Loisirs cr\u00e9atifs\",\"item\":\"https:\/\/ses-creative.com\/fr\/product-categorie\/loisirs-creatifs\/\"},{\"@type\":\"ListItem\",\"position\":3,\"name\":\"Mosa\u00efque de Diamants &#8211; Porte-cl\u00e9s en bois\"}]},{\"@type\":\"WebSite\",\"@id\":\"https:\/\/ses-creative.com\/#website\",\"url\":\"https:\/\/ses-creative.com\/\",\"name\":\"SES Creative\",\"description\":\"\",\"publisher\":{\"@id\":\"https:\/\/ses-creative.com\/#organization\"},\"potentialAction\":[{\"@type\":\"SearchAction\",\"target\":{\"@type\":\"EntryPoint\",\"urlTemplate\":\"https:\/\/ses-creative.com\/?s={search_term_string}\"},\"query-input\":{\"@type\":\"PropertyValueSpecification\",\"valueRequired\":true,\"valueName\":\"search_term_string\"}}],\"inLanguage\":\"fr-FR\"},{\"@type\":\"Organization\",\"@id\":\"https:\/\/ses-creative.com\/#organization\",\"name\":\"SES Creative\",\"url\":\"https:\/\/ses-creative.com\/\",\"logo\":{\"@type\":\"ImageObject\",\"inLanguage\":\"fr-FR\",\"@id\":\"https:\/\/ses-creative.com\/#\/schema\/logo\/image\/\",\"url\":\"https:\/\/ses-creative.com\/wp-content\/uploads\/2025\/10\/ses-creative-logo.jpg\",\"contentUrl\":\"https:\/\/ses-creative.com\/wp-content\/uploads\/2025\/10\/ses-creative-logo.jpg\",\"width\":2037,\"height\":2037,\"caption\":\"SES Creative\"},\"image\":{\"@id\":\"https:\/\/ses-creative.com\/#\/schema\/logo\/image\/\"}}]}<\/script>\n<!-- \/ Yoast SEO plugin. -->","yoast_head_json":{"title":"Mosa\u00efque de Diamants - Porte-cl\u00e9s en bois - SES Creative","robots":{"index":"index","follow":"follow","max-snippet":"max-snippet:-1","max-image-preview":"max-image-preview:large","max-video-preview":"max-video-preview:-1"},"canonical":"https:\/\/ses-creative.com\/fr\/produit\/mosaique-de-diamants-porte-cles-en-bois\/","og_locale":"fr_FR","og_type":"article","og_title":"Mosa\u00efque de Diamants - Porte-cl\u00e9s en bois - SES Creative","og_description":"Le kit SES Creative Mosa\u00efque de Diamants : Porte-cl\u00e9s en bois est une activit\u00e9 ludique et cr\u00e9ative con\u00e7ue pour les enfants d\u00e8s 5 ans. Ce coffret complet permet de r\u00e9aliser 5 porte-cl\u00e9s personnalis\u00e9s \u00e0 l&rsquo;aide de figurines en bois \u00e0 peindre, de diamants autocollants de diff\u00e9rentes tailles et couleurs, ainsi que de peintures gouache fournies [&hellip;]","og_url":"https:\/\/ses-creative.com\/fr\/produit\/mosaique-de-diamants-porte-cles-en-bois\/","og_site_name":"SES Creative","article_modified_time":"2026-02-12T10:23:07+00:00","twitter_card":"summary_large_image","twitter_misc":{"Dur\u00e9e de lecture estim\u00e9e":"1 minute"},"schema":{"@context":"https:\/\/schema.org","@graph":[{"@type":"WebPage","@id":"https:\/\/ses-creative.com\/fr\/produit\/mosaique-de-diamants-porte-cles-en-bois\/","url":"https:\/\/ses-creative.com\/fr\/produit\/mosaique-de-diamants-porte-cles-en-bois\/","name":"Mosa\u00efque de Diamants - Porte-cl\u00e9s en bois - SES Creative","isPartOf":{"@id":"https:\/\/ses-creative.com\/#website"},"primaryImageOfPage":{"@id":"https:\/\/ses-creative.com\/fr\/produit\/mosaique-de-diamants-porte-cles-en-bois\/#primaryimage"},"image":{"@id":"https:\/\/ses-creative.com\/fr\/produit\/mosaique-de-diamants-porte-cles-en-bois\/#primaryimage"},"thumbnailUrl":"https:\/\/ses-creative.com\/wp-content\/uploads\/2026\/01\/147021.jpg","datePublished":"2026-02-12T10:09:38+00:00","dateModified":"2026-02-12T10:23:07+00:00","breadcrumb":{"@id":"https:\/\/ses-creative.com\/fr\/produit\/mosaique-de-diamants-porte-cles-en-bois\/#breadcrumb"},"inLanguage":"fr-FR","potentialAction":[{"@type":"ReadAction","target":["https:\/\/ses-creative.com\/fr\/produit\/mosaique-de-diamants-porte-cles-en-bois\/"]}]},{"@type":"ImageObject","inLanguage":"fr-FR","@id":"https:\/\/ses-creative.com\/fr\/produit\/mosaique-de-diamants-porte-cles-en-bois\/#primaryimage","url":"https:\/\/ses-creative.com\/wp-content\/uploads\/2026\/01\/147021.jpg","contentUrl":"https:\/\/ses-creative.com\/wp-content\/uploads\/2026\/01\/147021.jpg","width":1000,"height":1000},{"@type":"BreadcrumbList","@id":"https:\/\/ses-creative.com\/fr\/produit\/mosaique-de-diamants-porte-cles-en-bois\/#breadcrumb","itemListElement":[{"@type":"ListItem","position":1,"name":"Boutique","item":"https:\/\/ses-creative.com\/fr\/boutique\/"},{"@type":"ListItem","position":2,"name":"Loisirs cr\u00e9atifs","item":"https:\/\/ses-creative.com\/fr\/product-categorie\/loisirs-creatifs\/"},{"@type":"ListItem","position":3,"name":"Mosa\u00efque de Diamants &#8211; Porte-cl\u00e9s en bois"}]},{"@type":"WebSite","@id":"https:\/\/ses-creative.com\/#website","url":"https:\/\/ses-creative.com\/","name":"SES Creative","description":"","publisher":{"@id":"https:\/\/ses-creative.com\/#organization"},"potentialAction":[{"@type":"SearchAction","target":{"@type":"EntryPoint","urlTemplate":"https:\/\/ses-creative.com\/?s={search_term_string}"},"query-input":{"@type":"PropertyValueSpecification","valueRequired":true,"valueName":"search_term_string"}}],"inLanguage":"fr-FR"},{"@type":"Organization","@id":"https:\/\/ses-creative.com\/#organization","name":"SES Creative","url":"https:\/\/ses-creative.com\/","logo":{"@type":"ImageObject","inLanguage":"fr-FR","@id":"https:\/\/ses-creative.com\/#\/schema\/logo\/image\/","url":"https:\/\/ses-creative.com\/wp-content\/uploads\/2025\/10\/ses-creative-logo.jpg","contentUrl":"https:\/\/ses-creative.com\/wp-content\/uploads\/2025\/10\/ses-creative-logo.jpg","width":2037,"height":2037,"caption":"SES Creative"},"image":{"@id":"https:\/\/ses-creative.com\/#\/schema\/logo\/image\/"}}]}},"_links":{"self":[{"href":"https:\/\/ses-creative.com\/fr\/wp-json\/wp\/v2\/product\/118398","targetHints":{"allow":["GET"]}}],"collection":[{"href":"https:\/\/ses-creative.com\/fr\/wp-json\/wp\/v2\/product"}],"about":[{"href":"https:\/\/ses-creative.com\/fr\/wp-json\/wp\/v2\/types\/product"}],"replies":[{"embeddable":true,"href":"https:\/\/ses-creative.com\/fr\/wp-json\/wp\/v2\/comments?post=118398"}],"wp:featuredmedia":[{"embeddable":true,"href":"https:\/\/ses-creative.com\/fr\/wp-json\/wp\/v2\/media\/104096"}],"wp:attachment":[{"href":"https:\/\/ses-creative.com\/fr\/wp-json\/wp\/v2\/media?parent=118398"}],"wp:term":[{"taxonomy":"product_brand","embeddable":true,"href":"https:\/\/ses-creative.com\/fr\/wp-json\/wp\/v2\/product_brand?post=118398"},{"taxonomy":"product_cat","embeddable":true,"href":"https:\/\/ses-creative.com\/fr\/wp-json\/wp\/v2\/product_cat?post=118398"},{"taxonomy":"product_tag","embeddable":true,"href":"https:\/\/ses-creative.com\/fr\/wp-json\/wp\/v2\/product_tag?post=118398"}],"curies":[{"name":"wp","href":"https:\/\/api.w.org\/{rel}","templated":true}]}}