











{"id":118397,"date":"2026-02-12T10:09:38","date_gmt":"2026-02-12T10:09:38","guid":{"rendered":"https:\/\/ses-creative.com\/?post_type=product&#038;p=118397"},"modified":"2026-02-12T10:23:07","modified_gmt":"2026-02-12T10:23:07","slug":"mosaique-de-diamants-animaux-joyeux","status":"publish","type":"product","link":"https:\/\/ses-creative.com\/fr\/produit\/mosaique-de-diamants-animaux-joyeux\/","title":{"rendered":"Mosa\u00efque de Diamants &#8211; Animaux joyeux"},"content":{"rendered":"<p>D\u00e9couvrez l\u2019univers scintillant de la peinture au diamant avec ce kit Mosa\u00efque de Diamants \u2013 Animaux joyeux de SES Creative. Cette activit\u00e9 artistique captivante permet aux enfants de d\u00e9corer de jolies cartes illustr\u00e9es en y collant des diamants autocollants aux couleurs \u00e9clatantes. Une exp\u00e9rience cr\u00e9ative relaxante qui stimule la patience et la concentration.<\/p>\n<p>Ce kit contient :<br \/>\n\u2714 4 cartes de peinture au diamant avec motifs d\u2019animaux joyeux (licorne, chat, koala et hippocampe)<br \/>\n\u2714 1440 diamants autocollants en 8 couleurs diff\u00e9rentes<br \/>\n\u2714 Une activit\u00e9 apaisante favorisant la motricit\u00e9 fine et la pr\u00e9cision<br \/>\n\u2714 Un support C02 neutral pour une activit\u00e9 responsable<\/p>\n<p>Les enfants peuvent facilement coller les strass color\u00e9s sur les motifs pour cr\u00e9er des \u0153uvres scintillantes. En plus d\u2019\u00eatre amusante, cette activit\u00e9 d\u00e9veloppe la coordination \u0153il-main et la cr\u00e9ativit\u00e9.<\/p>\n<p>Depuis plus de 50 ans, SES Creative con\u00e7oit des jouets \u00e9ducatifs et cr\u00e9atifs favorisant l\u2019apprentissage des enfants en toute s\u00e9curit\u00e9. Ce kit est une excellente id\u00e9e cadeau pour un jeune artiste, parfait pour un anniversaire ou une activit\u00e9 artistique en famille ! Convient aux enfants d\u00e8s 3 ans.<\/p>\n","protected":false},"excerpt":{"rendered":"<p>D\u00e9couvrez l\u2019univers scintillant de la peinture au diamant avec ce kit Mosa\u00efque de Diamants \u2013 Animaux joyeux de SES Creative. Cette activit\u00e9 artistique captivante permet aux enfants de d\u00e9corer de jolies cartes illustr\u00e9es en y collant des diamants autocollants aux couleurs \u00e9clatantes. Une exp\u00e9rience cr\u00e9ative relaxante qui stimule la patience et la concentration. Ce kit [&hellip;]<\/p>\n","protected":false},"featured_media":104076,"comment_status":"closed","ping_status":"closed","template":"","meta":{"_acf_changed":false},"product_brand":[],"product_cat":[122],"product_tag":[],"class_list":{"0":"post-118397","1":"product","2":"type-product","3":"status-publish","4":"has-post-thumbnail","6":"product_cat-loisirs-creatifs","7":"pa_leeftijd-filter-3-4-ans","8":"pa_meest-populair-bij-filles","10":"first","11":"instock","12":"shipping-taxable","13":"product-type-simple"},"acf":[],"yoast_head":"<!-- This site is optimized with the Yoast SEO plugin v27.2 - https:\/\/yoast.com\/product\/yoast-seo-wordpress\/ -->\n<title>Mosa\u00efque de Diamants - Animaux joyeux - SES Creative<\/title>\n<meta name=\"robots\" content=\"index, follow, max-snippet:-1, max-image-preview:large, max-video-preview:-1\" \/>\n<link rel=\"canonical\" href=\"https:\/\/ses-creative.com\/fr\/produit\/mosaique-de-diamants-animaux-joyeux\/\" \/>\n<meta property=\"og:locale\" content=\"fr_FR\" \/>\n<meta property=\"og:type\" content=\"article\" \/>\n<meta property=\"og:title\" content=\"Mosa\u00efque de Diamants - Animaux joyeux - SES Creative\" \/>\n<meta property=\"og:description\" content=\"D\u00e9couvrez l\u2019univers scintillant de la peinture au diamant avec ce kit Mosa\u00efque de Diamants \u2013 Animaux joyeux de SES Creative. Cette activit\u00e9 artistique captivante permet aux enfants de d\u00e9corer de jolies cartes illustr\u00e9es en y collant des diamants autocollants aux couleurs \u00e9clatantes. Une exp\u00e9rience cr\u00e9ative relaxante qui stimule la patience et la concentration. Ce kit [&hellip;]\" \/>\n<meta property=\"og:url\" content=\"https:\/\/ses-creative.com\/fr\/produit\/mosaique-de-diamants-animaux-joyeux\/\" \/>\n<meta property=\"og:site_name\" content=\"SES Creative\" \/>\n<meta property=\"article:modified_time\" content=\"2026-02-12T10:23:07+00:00\" \/>\n<meta name=\"twitter:card\" content=\"summary_large_image\" \/>\n<meta name=\"twitter:label1\" content=\"Dur\u00e9e de lecture estim\u00e9e\" \/>\n\t<meta name=\"twitter:data1\" content=\"1 minute\" \/>\n<script type=\"application\/ld+json\" class=\"yoast-schema-graph\">{\"@context\":\"https:\/\/schema.org\",\"@graph\":[{\"@type\":\"WebPage\",\"@id\":\"https:\/\/ses-creative.com\/fr\/produit\/mosaique-de-diamants-animaux-joyeux\/\",\"url\":\"https:\/\/ses-creative.com\/fr\/produit\/mosaique-de-diamants-animaux-joyeux\/\",\"name\":\"Mosa\u00efque de Diamants - Animaux joyeux - SES Creative\",\"isPartOf\":{\"@id\":\"https:\/\/ses-creative.com\/#website\"},\"primaryImageOfPage\":{\"@id\":\"https:\/\/ses-creative.com\/fr\/produit\/mosaique-de-diamants-animaux-joyeux\/#primaryimage\"},\"image\":{\"@id\":\"https:\/\/ses-creative.com\/fr\/produit\/mosaique-de-diamants-animaux-joyeux\/#primaryimage\"},\"thumbnailUrl\":\"https:\/\/ses-creative.com\/wp-content\/uploads\/2026\/01\/147011.jpg\",\"datePublished\":\"2026-02-12T10:09:38+00:00\",\"dateModified\":\"2026-02-12T10:23:07+00:00\",\"breadcrumb\":{\"@id\":\"https:\/\/ses-creative.com\/fr\/produit\/mosaique-de-diamants-animaux-joyeux\/#breadcrumb\"},\"inLanguage\":\"fr-FR\",\"potentialAction\":[{\"@type\":\"ReadAction\",\"target\":[\"https:\/\/ses-creative.com\/fr\/produit\/mosaique-de-diamants-animaux-joyeux\/\"]}]},{\"@type\":\"ImageObject\",\"inLanguage\":\"fr-FR\",\"@id\":\"https:\/\/ses-creative.com\/fr\/produit\/mosaique-de-diamants-animaux-joyeux\/#primaryimage\",\"url\":\"https:\/\/ses-creative.com\/wp-content\/uploads\/2026\/01\/147011.jpg\",\"contentUrl\":\"https:\/\/ses-creative.com\/wp-content\/uploads\/2026\/01\/147011.jpg\",\"width\":1000,\"height\":1000},{\"@type\":\"BreadcrumbList\",\"@id\":\"https:\/\/ses-creative.com\/fr\/produit\/mosaique-de-diamants-animaux-joyeux\/#breadcrumb\",\"itemListElement\":[{\"@type\":\"ListItem\",\"position\":1,\"name\":\"Boutique\",\"item\":\"https:\/\/ses-creative.com\/fr\/boutique\/\"},{\"@type\":\"ListItem\",\"position\":2,\"name\":\"Loisirs cr\u00e9atifs\",\"item\":\"https:\/\/ses-creative.com\/fr\/product-categorie\/loisirs-creatifs\/\"},{\"@type\":\"ListItem\",\"position\":3,\"name\":\"Mosa\u00efque de Diamants &#8211; Animaux joyeux\"}]},{\"@type\":\"WebSite\",\"@id\":\"https:\/\/ses-creative.com\/#website\",\"url\":\"https:\/\/ses-creative.com\/\",\"name\":\"SES Creative\",\"description\":\"\",\"publisher\":{\"@id\":\"https:\/\/ses-creative.com\/#organization\"},\"potentialAction\":[{\"@type\":\"SearchAction\",\"target\":{\"@type\":\"EntryPoint\",\"urlTemplate\":\"https:\/\/ses-creative.com\/?s={search_term_string}\"},\"query-input\":{\"@type\":\"PropertyValueSpecification\",\"valueRequired\":true,\"valueName\":\"search_term_string\"}}],\"inLanguage\":\"fr-FR\"},{\"@type\":\"Organization\",\"@id\":\"https:\/\/ses-creative.com\/#organization\",\"name\":\"SES Creative\",\"url\":\"https:\/\/ses-creative.com\/\",\"logo\":{\"@type\":\"ImageObject\",\"inLanguage\":\"fr-FR\",\"@id\":\"https:\/\/ses-creative.com\/#\/schema\/logo\/image\/\",\"url\":\"https:\/\/ses-creative.com\/wp-content\/uploads\/2025\/10\/ses-creative-logo.jpg\",\"contentUrl\":\"https:\/\/ses-creative.com\/wp-content\/uploads\/2025\/10\/ses-creative-logo.jpg\",\"width\":2037,\"height\":2037,\"caption\":\"SES Creative\"},\"image\":{\"@id\":\"https:\/\/ses-creative.com\/#\/schema\/logo\/image\/\"}}]}<\/script>\n<!-- \/ Yoast SEO plugin. -->","yoast_head_json":{"title":"Mosa\u00efque de Diamants - Animaux joyeux - SES Creative","robots":{"index":"index","follow":"follow","max-snippet":"max-snippet:-1","max-image-preview":"max-image-preview:large","max-video-preview":"max-video-preview:-1"},"canonical":"https:\/\/ses-creative.com\/fr\/produit\/mosaique-de-diamants-animaux-joyeux\/","og_locale":"fr_FR","og_type":"article","og_title":"Mosa\u00efque de Diamants - Animaux joyeux - SES Creative","og_description":"D\u00e9couvrez l\u2019univers scintillant de la peinture au diamant avec ce kit Mosa\u00efque de Diamants \u2013 Animaux joyeux de SES Creative. Cette activit\u00e9 artistique captivante permet aux enfants de d\u00e9corer de jolies cartes illustr\u00e9es en y collant des diamants autocollants aux couleurs \u00e9clatantes. Une exp\u00e9rience cr\u00e9ative relaxante qui stimule la patience et la concentration. Ce kit [&hellip;]","og_url":"https:\/\/ses-creative.com\/fr\/produit\/mosaique-de-diamants-animaux-joyeux\/","og_site_name":"SES Creative","article_modified_time":"2026-02-12T10:23:07+00:00","twitter_card":"summary_large_image","twitter_misc":{"Dur\u00e9e de lecture estim\u00e9e":"1 minute"},"schema":{"@context":"https:\/\/schema.org","@graph":[{"@type":"WebPage","@id":"https:\/\/ses-creative.com\/fr\/produit\/mosaique-de-diamants-animaux-joyeux\/","url":"https:\/\/ses-creative.com\/fr\/produit\/mosaique-de-diamants-animaux-joyeux\/","name":"Mosa\u00efque de Diamants - Animaux joyeux - SES Creative","isPartOf":{"@id":"https:\/\/ses-creative.com\/#website"},"primaryImageOfPage":{"@id":"https:\/\/ses-creative.com\/fr\/produit\/mosaique-de-diamants-animaux-joyeux\/#primaryimage"},"image":{"@id":"https:\/\/ses-creative.com\/fr\/produit\/mosaique-de-diamants-animaux-joyeux\/#primaryimage"},"thumbnailUrl":"https:\/\/ses-creative.com\/wp-content\/uploads\/2026\/01\/147011.jpg","datePublished":"2026-02-12T10:09:38+00:00","dateModified":"2026-02-12T10:23:07+00:00","breadcrumb":{"@id":"https:\/\/ses-creative.com\/fr\/produit\/mosaique-de-diamants-animaux-joyeux\/#breadcrumb"},"inLanguage":"fr-FR","potentialAction":[{"@type":"ReadAction","target":["https:\/\/ses-creative.com\/fr\/produit\/mosaique-de-diamants-animaux-joyeux\/"]}]},{"@type":"ImageObject","inLanguage":"fr-FR","@id":"https:\/\/ses-creative.com\/fr\/produit\/mosaique-de-diamants-animaux-joyeux\/#primaryimage","url":"https:\/\/ses-creative.com\/wp-content\/uploads\/2026\/01\/147011.jpg","contentUrl":"https:\/\/ses-creative.com\/wp-content\/uploads\/2026\/01\/147011.jpg","width":1000,"height":1000},{"@type":"BreadcrumbList","@id":"https:\/\/ses-creative.com\/fr\/produit\/mosaique-de-diamants-animaux-joyeux\/#breadcrumb","itemListElement":[{"@type":"ListItem","position":1,"name":"Boutique","item":"https:\/\/ses-creative.com\/fr\/boutique\/"},{"@type":"ListItem","position":2,"name":"Loisirs cr\u00e9atifs","item":"https:\/\/ses-creative.com\/fr\/product-categorie\/loisirs-creatifs\/"},{"@type":"ListItem","position":3,"name":"Mosa\u00efque de Diamants &#8211; Animaux joyeux"}]},{"@type":"WebSite","@id":"https:\/\/ses-creative.com\/#website","url":"https:\/\/ses-creative.com\/","name":"SES Creative","description":"","publisher":{"@id":"https:\/\/ses-creative.com\/#organization"},"potentialAction":[{"@type":"SearchAction","target":{"@type":"EntryPoint","urlTemplate":"https:\/\/ses-creative.com\/?s={search_term_string}"},"query-input":{"@type":"PropertyValueSpecification","valueRequired":true,"valueName":"search_term_string"}}],"inLanguage":"fr-FR"},{"@type":"Organization","@id":"https:\/\/ses-creative.com\/#organization","name":"SES Creative","url":"https:\/\/ses-creative.com\/","logo":{"@type":"ImageObject","inLanguage":"fr-FR","@id":"https:\/\/ses-creative.com\/#\/schema\/logo\/image\/","url":"https:\/\/ses-creative.com\/wp-content\/uploads\/2025\/10\/ses-creative-logo.jpg","contentUrl":"https:\/\/ses-creative.com\/wp-content\/uploads\/2025\/10\/ses-creative-logo.jpg","width":2037,"height":2037,"caption":"SES Creative"},"image":{"@id":"https:\/\/ses-creative.com\/#\/schema\/logo\/image\/"}}]}},"_links":{"self":[{"href":"https:\/\/ses-creative.com\/fr\/wp-json\/wp\/v2\/product\/118397","targetHints":{"allow":["GET"]}}],"collection":[{"href":"https:\/\/ses-creative.com\/fr\/wp-json\/wp\/v2\/product"}],"about":[{"href":"https:\/\/ses-creative.com\/fr\/wp-json\/wp\/v2\/types\/product"}],"replies":[{"embeddable":true,"href":"https:\/\/ses-creative.com\/fr\/wp-json\/wp\/v2\/comments?post=118397"}],"wp:featuredmedia":[{"embeddable":true,"href":"https:\/\/ses-creative.com\/fr\/wp-json\/wp\/v2\/media\/104076"}],"wp:attachment":[{"href":"https:\/\/ses-creative.com\/fr\/wp-json\/wp\/v2\/media?parent=118397"}],"wp:term":[{"taxonomy":"product_brand","embeddable":true,"href":"https:\/\/ses-creative.com\/fr\/wp-json\/wp\/v2\/product_brand?post=118397"},{"taxonomy":"product_cat","embeddable":true,"href":"https:\/\/ses-creative.com\/fr\/wp-json\/wp\/v2\/product_cat?post=118397"},{"taxonomy":"product_tag","embeddable":true,"href":"https:\/\/ses-creative.com\/fr\/wp-json\/wp\/v2\/product_tag?post=118397"}],"curies":[{"name":"wp","href":"https:\/\/api.w.org\/{rel}","templated":true}]}}