











{"id":118396,"date":"2026-02-12T10:09:38","date_gmt":"2026-02-12T10:09:38","guid":{"rendered":"https:\/\/ses-creative.com\/?post_type=product&#038;p=118396"},"modified":"2026-02-12T10:23:07","modified_gmt":"2026-02-12T10:23:07","slug":"bracelets-de-brillant-a-levres","status":"publish","type":"product","link":"https:\/\/ses-creative.com\/fr\/produit\/bracelets-de-brillant-a-levres\/","title":{"rendered":"Bracelets de brillant \u00e0 l\u00e8vres"},"content":{"rendered":"<p>Hobby Pink \u2013 Lipgloss-Armb\u00e4nder<\/p>\n<p>Mit Hobby Pink \u2013 Lipgloss-Armb\u00e4nder gestalten Kinder ab 6 Jahren ihren eigenen Schmuck mit einer fr\u00f6hlichen Perlenmischung im Herzmotiv. Das Set enth\u00e4lt einen besonderen herzf\u00f6rmigen Anh\u00e4nger, gef\u00fcllt mit echtem Glitzerlipgloss, f\u00fcr einen extra glamour\u00f6sen Akzent in den Kreationen.<\/p>\n<p>Warum dieses Set gro\u00dfartig ist<\/p>\n<p>Glitzerlipgloss in herzf\u00f6rmigem Anh\u00e4nger als Blickfang.<\/p>\n<p>Fr\u00f6hliche Perlenmischung mit gro\u00dfen Herzperlen zum Gestalten mehrerer Armb\u00e4nder.<\/p>\n<p>Lipgloss ist sicher, kosmetisch und leicht ab- oder auswaschbar.<\/p>\n<p>F\u00f6rdert Kreativit\u00e4t und Feinmotorik.<\/p>\n<p>Macht Spa\u00df zu basteln und zu tragen.<\/p>\n<p>Schmuck mit einem Hauch Glamour<br \/>\nHobby Pink \u2013 Lipgloss-Armb\u00e4nder verbindet kreatives Auff\u00e4deln mit einem stilvollen Finish. Kinder w\u00e4hlen ihre Lieblingsperlen, f\u00e4deln einzigartige Armb\u00e4nder und erg\u00e4nzen sie mit dem besonderen Lipgloss-Anh\u00e4nger. So entsteht nicht nur ein sch\u00f6nes Schmuckst\u00fcck, sondern auch ein Accessoire, das sie stolz tragen oder verschenken k\u00f6nnen.<\/p>\n<p>Inhalt des Sets<\/p>\n<p>Perlenmischung in 5 Farben<\/p>\n<p>Perlenmischung in Perlmuttoptik in 5 Farben<\/p>\n<p>Glitzerlipgloss im herzf\u00f6rmigen Anh\u00e4nger<\/p>\n<p>Herzf\u00f6rmige Perlen<\/p>\n<p>Perlen<\/p>\n<p>Anleitung<\/p>\n<p>Warum SES Creative w\u00e4hlen<br \/>\nBei SES Creative steht Sicherheit an erster Stelle. Deshalb werden die Produkte in unserer Fabrik in den Niederlanden hergestellt und nach den strengsten europ\u00e4ischen Sicherheitsnormen gepr\u00fcft. SES Creative Spielzeug sorgt f\u00fcr Spa\u00df und ist so gestaltet, dass Kinder stolz auf ihre Werke sein k\u00f6nnen, was Kreativit\u00e4t und Entwicklung f\u00f6rdert.<\/p>\n<p>F\u00e4deln, verzieren und strahlen Sie mit Ihren eigenen Lipgloss-Armb\u00e4ndern!<\/p>\n","protected":false},"excerpt":{"rendered":"<p>Hobby Pink \u2013 Lipgloss-Armb\u00e4nder Mit Hobby Pink \u2013 Lipgloss-Armb\u00e4nder gestalten Kinder ab 6 Jahren ihren eigenen Schmuck mit einer fr\u00f6hlichen Perlenmischung im Herzmotiv. Das Set enth\u00e4lt einen besonderen herzf\u00f6rmigen Anh\u00e4nger, gef\u00fcllt mit echtem Glitzerlipgloss, f\u00fcr einen extra glamour\u00f6sen Akzent in den Kreationen. Warum dieses Set gro\u00dfartig ist Glitzerlipgloss in herzf\u00f6rmigem Anh\u00e4nger als Blickfang. Fr\u00f6hliche Perlenmischung [&hellip;]<\/p>\n","protected":false},"featured_media":107553,"comment_status":"closed","ping_status":"closed","template":"","meta":{"_acf_changed":false},"product_brand":[],"product_cat":[122],"product_tag":[],"class_list":{"0":"post-118396","1":"product","2":"type-product","3":"status-publish","4":"has-post-thumbnail","6":"product_cat-loisirs-creatifs","7":"pa_leeftijd-filter-4-6-ans","8":"pa_meest-populair-bij-filles","10":"first","11":"instock","12":"shipping-taxable","13":"product-type-simple"},"acf":[],"yoast_head":"<!-- This site is optimized with the Yoast SEO plugin v27.2 - https:\/\/yoast.com\/product\/yoast-seo-wordpress\/ -->\n<title>Bracelets de brillant \u00e0 l\u00e8vres - SES Creative<\/title>\n<meta name=\"robots\" content=\"index, follow, max-snippet:-1, max-image-preview:large, max-video-preview:-1\" \/>\n<link rel=\"canonical\" href=\"https:\/\/ses-creative.com\/fr\/produit\/bracelets-de-brillant-a-levres\/\" \/>\n<meta property=\"og:locale\" content=\"fr_FR\" \/>\n<meta property=\"og:type\" content=\"article\" \/>\n<meta property=\"og:title\" content=\"Bracelets de brillant \u00e0 l\u00e8vres - SES Creative\" \/>\n<meta property=\"og:description\" content=\"Hobby Pink \u2013 Lipgloss-Armb\u00e4nder Mit Hobby Pink \u2013 Lipgloss-Armb\u00e4nder gestalten Kinder ab 6 Jahren ihren eigenen Schmuck mit einer fr\u00f6hlichen Perlenmischung im Herzmotiv. Das Set enth\u00e4lt einen besonderen herzf\u00f6rmigen Anh\u00e4nger, gef\u00fcllt mit echtem Glitzerlipgloss, f\u00fcr einen extra glamour\u00f6sen Akzent in den Kreationen. Warum dieses Set gro\u00dfartig ist Glitzerlipgloss in herzf\u00f6rmigem Anh\u00e4nger als Blickfang. Fr\u00f6hliche Perlenmischung [&hellip;]\" \/>\n<meta property=\"og:url\" content=\"https:\/\/ses-creative.com\/fr\/produit\/bracelets-de-brillant-a-levres\/\" \/>\n<meta property=\"og:site_name\" content=\"SES Creative\" \/>\n<meta property=\"article:modified_time\" content=\"2026-02-12T10:23:07+00:00\" \/>\n<meta name=\"twitter:card\" content=\"summary_large_image\" \/>\n<meta name=\"twitter:label1\" content=\"Dur\u00e9e de lecture estim\u00e9e\" \/>\n\t<meta name=\"twitter:data1\" content=\"1 minute\" \/>\n<script type=\"application\/ld+json\" class=\"yoast-schema-graph\">{\"@context\":\"https:\/\/schema.org\",\"@graph\":[{\"@type\":\"WebPage\",\"@id\":\"https:\/\/ses-creative.com\/fr\/produit\/bracelets-de-brillant-a-levres\/\",\"url\":\"https:\/\/ses-creative.com\/fr\/produit\/bracelets-de-brillant-a-levres\/\",\"name\":\"Bracelets de brillant \u00e0 l\u00e8vres - SES Creative\",\"isPartOf\":{\"@id\":\"https:\/\/ses-creative.com\/#website\"},\"primaryImageOfPage\":{\"@id\":\"https:\/\/ses-creative.com\/fr\/produit\/bracelets-de-brillant-a-levres\/#primaryimage\"},\"image\":{\"@id\":\"https:\/\/ses-creative.com\/fr\/produit\/bracelets-de-brillant-a-levres\/#primaryimage\"},\"thumbnailUrl\":\"https:\/\/ses-creative.com\/wp-content\/uploads\/2026\/01\/147001-1.jpg\",\"datePublished\":\"2026-02-12T10:09:38+00:00\",\"dateModified\":\"2026-02-12T10:23:07+00:00\",\"breadcrumb\":{\"@id\":\"https:\/\/ses-creative.com\/fr\/produit\/bracelets-de-brillant-a-levres\/#breadcrumb\"},\"inLanguage\":\"fr-FR\",\"potentialAction\":[{\"@type\":\"ReadAction\",\"target\":[\"https:\/\/ses-creative.com\/fr\/produit\/bracelets-de-brillant-a-levres\/\"]}]},{\"@type\":\"ImageObject\",\"inLanguage\":\"fr-FR\",\"@id\":\"https:\/\/ses-creative.com\/fr\/produit\/bracelets-de-brillant-a-levres\/#primaryimage\",\"url\":\"https:\/\/ses-creative.com\/wp-content\/uploads\/2026\/01\/147001-1.jpg\",\"contentUrl\":\"https:\/\/ses-creative.com\/wp-content\/uploads\/2026\/01\/147001-1.jpg\",\"width\":1000,\"height\":1000},{\"@type\":\"BreadcrumbList\",\"@id\":\"https:\/\/ses-creative.com\/fr\/produit\/bracelets-de-brillant-a-levres\/#breadcrumb\",\"itemListElement\":[{\"@type\":\"ListItem\",\"position\":1,\"name\":\"Boutique\",\"item\":\"https:\/\/ses-creative.com\/fr\/boutique\/\"},{\"@type\":\"ListItem\",\"position\":2,\"name\":\"Loisirs cr\u00e9atifs\",\"item\":\"https:\/\/ses-creative.com\/fr\/product-categorie\/loisirs-creatifs\/\"},{\"@type\":\"ListItem\",\"position\":3,\"name\":\"Bracelets de brillant \u00e0 l\u00e8vres\"}]},{\"@type\":\"WebSite\",\"@id\":\"https:\/\/ses-creative.com\/#website\",\"url\":\"https:\/\/ses-creative.com\/\",\"name\":\"SES Creative\",\"description\":\"\",\"publisher\":{\"@id\":\"https:\/\/ses-creative.com\/#organization\"},\"potentialAction\":[{\"@type\":\"SearchAction\",\"target\":{\"@type\":\"EntryPoint\",\"urlTemplate\":\"https:\/\/ses-creative.com\/?s={search_term_string}\"},\"query-input\":{\"@type\":\"PropertyValueSpecification\",\"valueRequired\":true,\"valueName\":\"search_term_string\"}}],\"inLanguage\":\"fr-FR\"},{\"@type\":\"Organization\",\"@id\":\"https:\/\/ses-creative.com\/#organization\",\"name\":\"SES Creative\",\"url\":\"https:\/\/ses-creative.com\/\",\"logo\":{\"@type\":\"ImageObject\",\"inLanguage\":\"fr-FR\",\"@id\":\"https:\/\/ses-creative.com\/#\/schema\/logo\/image\/\",\"url\":\"https:\/\/ses-creative.com\/wp-content\/uploads\/2025\/10\/ses-creative-logo.jpg\",\"contentUrl\":\"https:\/\/ses-creative.com\/wp-content\/uploads\/2025\/10\/ses-creative-logo.jpg\",\"width\":2037,\"height\":2037,\"caption\":\"SES Creative\"},\"image\":{\"@id\":\"https:\/\/ses-creative.com\/#\/schema\/logo\/image\/\"}}]}<\/script>\n<!-- \/ Yoast SEO plugin. -->","yoast_head_json":{"title":"Bracelets de brillant \u00e0 l\u00e8vres - SES Creative","robots":{"index":"index","follow":"follow","max-snippet":"max-snippet:-1","max-image-preview":"max-image-preview:large","max-video-preview":"max-video-preview:-1"},"canonical":"https:\/\/ses-creative.com\/fr\/produit\/bracelets-de-brillant-a-levres\/","og_locale":"fr_FR","og_type":"article","og_title":"Bracelets de brillant \u00e0 l\u00e8vres - SES Creative","og_description":"Hobby Pink \u2013 Lipgloss-Armb\u00e4nder Mit Hobby Pink \u2013 Lipgloss-Armb\u00e4nder gestalten Kinder ab 6 Jahren ihren eigenen Schmuck mit einer fr\u00f6hlichen Perlenmischung im Herzmotiv. Das Set enth\u00e4lt einen besonderen herzf\u00f6rmigen Anh\u00e4nger, gef\u00fcllt mit echtem Glitzerlipgloss, f\u00fcr einen extra glamour\u00f6sen Akzent in den Kreationen. Warum dieses Set gro\u00dfartig ist Glitzerlipgloss in herzf\u00f6rmigem Anh\u00e4nger als Blickfang. Fr\u00f6hliche Perlenmischung [&hellip;]","og_url":"https:\/\/ses-creative.com\/fr\/produit\/bracelets-de-brillant-a-levres\/","og_site_name":"SES Creative","article_modified_time":"2026-02-12T10:23:07+00:00","twitter_card":"summary_large_image","twitter_misc":{"Dur\u00e9e de lecture estim\u00e9e":"1 minute"},"schema":{"@context":"https:\/\/schema.org","@graph":[{"@type":"WebPage","@id":"https:\/\/ses-creative.com\/fr\/produit\/bracelets-de-brillant-a-levres\/","url":"https:\/\/ses-creative.com\/fr\/produit\/bracelets-de-brillant-a-levres\/","name":"Bracelets de brillant \u00e0 l\u00e8vres - SES Creative","isPartOf":{"@id":"https:\/\/ses-creative.com\/#website"},"primaryImageOfPage":{"@id":"https:\/\/ses-creative.com\/fr\/produit\/bracelets-de-brillant-a-levres\/#primaryimage"},"image":{"@id":"https:\/\/ses-creative.com\/fr\/produit\/bracelets-de-brillant-a-levres\/#primaryimage"},"thumbnailUrl":"https:\/\/ses-creative.com\/wp-content\/uploads\/2026\/01\/147001-1.jpg","datePublished":"2026-02-12T10:09:38+00:00","dateModified":"2026-02-12T10:23:07+00:00","breadcrumb":{"@id":"https:\/\/ses-creative.com\/fr\/produit\/bracelets-de-brillant-a-levres\/#breadcrumb"},"inLanguage":"fr-FR","potentialAction":[{"@type":"ReadAction","target":["https:\/\/ses-creative.com\/fr\/produit\/bracelets-de-brillant-a-levres\/"]}]},{"@type":"ImageObject","inLanguage":"fr-FR","@id":"https:\/\/ses-creative.com\/fr\/produit\/bracelets-de-brillant-a-levres\/#primaryimage","url":"https:\/\/ses-creative.com\/wp-content\/uploads\/2026\/01\/147001-1.jpg","contentUrl":"https:\/\/ses-creative.com\/wp-content\/uploads\/2026\/01\/147001-1.jpg","width":1000,"height":1000},{"@type":"BreadcrumbList","@id":"https:\/\/ses-creative.com\/fr\/produit\/bracelets-de-brillant-a-levres\/#breadcrumb","itemListElement":[{"@type":"ListItem","position":1,"name":"Boutique","item":"https:\/\/ses-creative.com\/fr\/boutique\/"},{"@type":"ListItem","position":2,"name":"Loisirs cr\u00e9atifs","item":"https:\/\/ses-creative.com\/fr\/product-categorie\/loisirs-creatifs\/"},{"@type":"ListItem","position":3,"name":"Bracelets de brillant \u00e0 l\u00e8vres"}]},{"@type":"WebSite","@id":"https:\/\/ses-creative.com\/#website","url":"https:\/\/ses-creative.com\/","name":"SES Creative","description":"","publisher":{"@id":"https:\/\/ses-creative.com\/#organization"},"potentialAction":[{"@type":"SearchAction","target":{"@type":"EntryPoint","urlTemplate":"https:\/\/ses-creative.com\/?s={search_term_string}"},"query-input":{"@type":"PropertyValueSpecification","valueRequired":true,"valueName":"search_term_string"}}],"inLanguage":"fr-FR"},{"@type":"Organization","@id":"https:\/\/ses-creative.com\/#organization","name":"SES Creative","url":"https:\/\/ses-creative.com\/","logo":{"@type":"ImageObject","inLanguage":"fr-FR","@id":"https:\/\/ses-creative.com\/#\/schema\/logo\/image\/","url":"https:\/\/ses-creative.com\/wp-content\/uploads\/2025\/10\/ses-creative-logo.jpg","contentUrl":"https:\/\/ses-creative.com\/wp-content\/uploads\/2025\/10\/ses-creative-logo.jpg","width":2037,"height":2037,"caption":"SES Creative"},"image":{"@id":"https:\/\/ses-creative.com\/#\/schema\/logo\/image\/"}}]}},"_links":{"self":[{"href":"https:\/\/ses-creative.com\/fr\/wp-json\/wp\/v2\/product\/118396","targetHints":{"allow":["GET"]}}],"collection":[{"href":"https:\/\/ses-creative.com\/fr\/wp-json\/wp\/v2\/product"}],"about":[{"href":"https:\/\/ses-creative.com\/fr\/wp-json\/wp\/v2\/types\/product"}],"replies":[{"embeddable":true,"href":"https:\/\/ses-creative.com\/fr\/wp-json\/wp\/v2\/comments?post=118396"}],"wp:featuredmedia":[{"embeddable":true,"href":"https:\/\/ses-creative.com\/fr\/wp-json\/wp\/v2\/media\/107553"}],"wp:attachment":[{"href":"https:\/\/ses-creative.com\/fr\/wp-json\/wp\/v2\/media?parent=118396"}],"wp:term":[{"taxonomy":"product_brand","embeddable":true,"href":"https:\/\/ses-creative.com\/fr\/wp-json\/wp\/v2\/product_brand?post=118396"},{"taxonomy":"product_cat","embeddable":true,"href":"https:\/\/ses-creative.com\/fr\/wp-json\/wp\/v2\/product_cat?post=118396"},{"taxonomy":"product_tag","embeddable":true,"href":"https:\/\/ses-creative.com\/fr\/wp-json\/wp\/v2\/product_tag?post=118396"}],"curies":[{"name":"wp","href":"https:\/\/api.w.org\/{rel}","templated":true}]}}