











{"id":118395,"date":"2026-02-12T10:09:38","date_gmt":"2026-02-12T10:09:38","guid":{"rendered":"https:\/\/ses-creative.com\/?post_type=product&#038;p=118395"},"modified":"2026-02-12T10:23:07","modified_gmt":"2026-02-12T10:23:07","slug":"feutres-prise-en-main-triangulaire","status":"publish","type":"product","link":"https:\/\/ses-creative.com\/fr\/produit\/feutres-prise-en-main-triangulaire\/","title":{"rendered":"Feutres &#8211; Prise en main triangulaire"},"content":{"rendered":"<p>D\u00e9couvrez le plaisir de dessiner et de colorier avec les crayons \u00e0 prise triangulaire de SES Creative. Ce set de 12 crayons \u00e9pais est sp\u00e9cialement con\u00e7u avec une prise triangulaire ergonomique, ce qui les rend parfaits pour les petites mains. Id\u00e9al pour les jeunes artistes qui veulent exp\u00e9rimenter les couleurs et d\u00e9velopper leur motricit\u00e9 fine.<\/p>\n<p>Qu&rsquo;est-ce qui rend ce set si sp\u00e9cial ?<\/p>\n<p> Poign\u00e9e triangulaire ergonomique \u2013 assure une prise en main confortable<\/p>\n<p> Crayons \u00e9pais \u2013 faciles \u00e0 utiliser pour les petites mains des enfants<\/p>\n<p> 12 couleurs vives et \u00e9clatantes \u2013 donnent vie \u00e0 chaque \u0153uvre d&rsquo;art<\/p>\n<p> Stimule la cr\u00e9ativit\u00e9 et les capacit\u00e9s motrices<\/p>\n<p> Facilement lavable \u2013 les taches disparaissent facilement des mains et des v\u00eatements<\/p>\n<p>Coloriage facile et pr\u00e9cis<\/p>\n<p>La prise ergonomique permet aux enfants de tenir facilement les feutres et de dessiner avec pr\u00e9cision. Ils am\u00e9liorent ainsi leur motricit\u00e9 fine tout en s&rsquo;amusant. Les couleurs vives donnent \u00e0 chaque \u0153uvre d&rsquo;art un aspect vivant et garantissent des heures de plaisir cr\u00e9atif, seul ou avec des amis.<\/p>\n<p>Contenu de l&#8217;emballage<\/p>\n<p>12 feutres de couleur : orange, jaune, rose, rouge, violet, bleu fonc\u00e9, bleu clair, vert fonc\u00e9, vert clair, marron, gris et noir<\/p>\n<p>Pourquoi choisir SES Creative ?<\/p>\n<p>SES Creative fabrique des jouets s\u00fbrs, \u00e9ducatifs et cr\u00e9atifs. Ces feutres sont sp\u00e9cialement adapt\u00e9s aux besoins des jeunes enfants, afin qu&rsquo;ils puissent d\u00e9couvrir, dessiner et colorier en toute s\u00e9curit\u00e9 et en toute confiance.<\/p>\n<p>Commencez \u00e0 colorier d\u00e8s aujourd&rsquo;hui<\/p>\n<p>Offrez \u00e0 votre enfant les feutres parfaits pour un plaisir de dessin sans fin.<br \/>\nCommandez d\u00e8s maintenant les feutres SES Creative \u2013 Triangle Grip et laissez libre cours \u00e0 votre cr\u00e9ativit\u00e9 !<\/p>\n","protected":false},"excerpt":{"rendered":"<p>D\u00e9couvrez le plaisir de dessiner et de colorier avec les crayons \u00e0 prise triangulaire de SES Creative. Ce set de 12 crayons \u00e9pais est sp\u00e9cialement con\u00e7u avec une prise triangulaire ergonomique, ce qui les rend parfaits pour les petites mains. Id\u00e9al pour les jeunes artistes qui veulent exp\u00e9rimenter les couleurs et d\u00e9velopper leur motricit\u00e9 fine. [&hellip;]<\/p>\n","protected":false},"featured_media":104036,"comment_status":"closed","ping_status":"closed","template":"","meta":{"_acf_changed":false},"product_brand":[],"product_cat":[122],"product_tag":[],"class_list":{"0":"post-118395","1":"product","2":"type-product","3":"status-publish","4":"has-post-thumbnail","6":"product_cat-loisirs-creatifs","7":"pa_leeftijd-filter-3-4-ans","8":"pa_meest-populair-bij-garcons-filles","10":"first","11":"instock","12":"shipping-taxable","13":"product-type-simple"},"acf":[],"yoast_head":"<!-- This site is optimized with the Yoast SEO plugin v27.2 - https:\/\/yoast.com\/product\/yoast-seo-wordpress\/ -->\n<title>Feutres - Prise en main triangulaire - SES Creative<\/title>\n<meta name=\"robots\" content=\"index, follow, max-snippet:-1, max-image-preview:large, max-video-preview:-1\" \/>\n<link rel=\"canonical\" href=\"https:\/\/ses-creative.com\/fr\/produit\/feutres-prise-en-main-triangulaire\/\" \/>\n<meta property=\"og:locale\" content=\"fr_FR\" \/>\n<meta property=\"og:type\" content=\"article\" \/>\n<meta property=\"og:title\" content=\"Feutres - Prise en main triangulaire - SES Creative\" \/>\n<meta property=\"og:description\" content=\"D\u00e9couvrez le plaisir de dessiner et de colorier avec les crayons \u00e0 prise triangulaire de SES Creative. Ce set de 12 crayons \u00e9pais est sp\u00e9cialement con\u00e7u avec une prise triangulaire ergonomique, ce qui les rend parfaits pour les petites mains. Id\u00e9al pour les jeunes artistes qui veulent exp\u00e9rimenter les couleurs et d\u00e9velopper leur motricit\u00e9 fine. [&hellip;]\" \/>\n<meta property=\"og:url\" content=\"https:\/\/ses-creative.com\/fr\/produit\/feutres-prise-en-main-triangulaire\/\" \/>\n<meta property=\"og:site_name\" content=\"SES Creative\" \/>\n<meta property=\"article:modified_time\" content=\"2026-02-12T10:23:07+00:00\" \/>\n<meta name=\"twitter:card\" content=\"summary_large_image\" \/>\n<meta name=\"twitter:label1\" content=\"Dur\u00e9e de lecture estim\u00e9e\" \/>\n\t<meta name=\"twitter:data1\" content=\"1 minute\" \/>\n<script type=\"application\/ld+json\" class=\"yoast-schema-graph\">{\"@context\":\"https:\/\/schema.org\",\"@graph\":[{\"@type\":\"WebPage\",\"@id\":\"https:\/\/ses-creative.com\/fr\/produit\/feutres-prise-en-main-triangulaire\/\",\"url\":\"https:\/\/ses-creative.com\/fr\/produit\/feutres-prise-en-main-triangulaire\/\",\"name\":\"Feutres - Prise en main triangulaire - SES Creative\",\"isPartOf\":{\"@id\":\"https:\/\/ses-creative.com\/#website\"},\"primaryImageOfPage\":{\"@id\":\"https:\/\/ses-creative.com\/fr\/produit\/feutres-prise-en-main-triangulaire\/#primaryimage\"},\"image\":{\"@id\":\"https:\/\/ses-creative.com\/fr\/produit\/feutres-prise-en-main-triangulaire\/#primaryimage\"},\"thumbnailUrl\":\"https:\/\/ses-creative.com\/wp-content\/uploads\/2026\/01\/146961.jpg\",\"datePublished\":\"2026-02-12T10:09:38+00:00\",\"dateModified\":\"2026-02-12T10:23:07+00:00\",\"breadcrumb\":{\"@id\":\"https:\/\/ses-creative.com\/fr\/produit\/feutres-prise-en-main-triangulaire\/#breadcrumb\"},\"inLanguage\":\"fr-FR\",\"potentialAction\":[{\"@type\":\"ReadAction\",\"target\":[\"https:\/\/ses-creative.com\/fr\/produit\/feutres-prise-en-main-triangulaire\/\"]}]},{\"@type\":\"ImageObject\",\"inLanguage\":\"fr-FR\",\"@id\":\"https:\/\/ses-creative.com\/fr\/produit\/feutres-prise-en-main-triangulaire\/#primaryimage\",\"url\":\"https:\/\/ses-creative.com\/wp-content\/uploads\/2026\/01\/146961.jpg\",\"contentUrl\":\"https:\/\/ses-creative.com\/wp-content\/uploads\/2026\/01\/146961.jpg\",\"width\":1000,\"height\":1000},{\"@type\":\"BreadcrumbList\",\"@id\":\"https:\/\/ses-creative.com\/fr\/produit\/feutres-prise-en-main-triangulaire\/#breadcrumb\",\"itemListElement\":[{\"@type\":\"ListItem\",\"position\":1,\"name\":\"Boutique\",\"item\":\"https:\/\/ses-creative.com\/fr\/boutique\/\"},{\"@type\":\"ListItem\",\"position\":2,\"name\":\"Loisirs cr\u00e9atifs\",\"item\":\"https:\/\/ses-creative.com\/fr\/product-categorie\/loisirs-creatifs\/\"},{\"@type\":\"ListItem\",\"position\":3,\"name\":\"Feutres &#8211; Prise en main triangulaire\"}]},{\"@type\":\"WebSite\",\"@id\":\"https:\/\/ses-creative.com\/#website\",\"url\":\"https:\/\/ses-creative.com\/\",\"name\":\"SES Creative\",\"description\":\"\",\"publisher\":{\"@id\":\"https:\/\/ses-creative.com\/#organization\"},\"potentialAction\":[{\"@type\":\"SearchAction\",\"target\":{\"@type\":\"EntryPoint\",\"urlTemplate\":\"https:\/\/ses-creative.com\/?s={search_term_string}\"},\"query-input\":{\"@type\":\"PropertyValueSpecification\",\"valueRequired\":true,\"valueName\":\"search_term_string\"}}],\"inLanguage\":\"fr-FR\"},{\"@type\":\"Organization\",\"@id\":\"https:\/\/ses-creative.com\/#organization\",\"name\":\"SES Creative\",\"url\":\"https:\/\/ses-creative.com\/\",\"logo\":{\"@type\":\"ImageObject\",\"inLanguage\":\"fr-FR\",\"@id\":\"https:\/\/ses-creative.com\/#\/schema\/logo\/image\/\",\"url\":\"https:\/\/ses-creative.com\/wp-content\/uploads\/2025\/10\/ses-creative-logo.jpg\",\"contentUrl\":\"https:\/\/ses-creative.com\/wp-content\/uploads\/2025\/10\/ses-creative-logo.jpg\",\"width\":2037,\"height\":2037,\"caption\":\"SES Creative\"},\"image\":{\"@id\":\"https:\/\/ses-creative.com\/#\/schema\/logo\/image\/\"}}]}<\/script>\n<!-- \/ Yoast SEO plugin. -->","yoast_head_json":{"title":"Feutres - Prise en main triangulaire - SES Creative","robots":{"index":"index","follow":"follow","max-snippet":"max-snippet:-1","max-image-preview":"max-image-preview:large","max-video-preview":"max-video-preview:-1"},"canonical":"https:\/\/ses-creative.com\/fr\/produit\/feutres-prise-en-main-triangulaire\/","og_locale":"fr_FR","og_type":"article","og_title":"Feutres - Prise en main triangulaire - SES Creative","og_description":"D\u00e9couvrez le plaisir de dessiner et de colorier avec les crayons \u00e0 prise triangulaire de SES Creative. Ce set de 12 crayons \u00e9pais est sp\u00e9cialement con\u00e7u avec une prise triangulaire ergonomique, ce qui les rend parfaits pour les petites mains. Id\u00e9al pour les jeunes artistes qui veulent exp\u00e9rimenter les couleurs et d\u00e9velopper leur motricit\u00e9 fine. [&hellip;]","og_url":"https:\/\/ses-creative.com\/fr\/produit\/feutres-prise-en-main-triangulaire\/","og_site_name":"SES Creative","article_modified_time":"2026-02-12T10:23:07+00:00","twitter_card":"summary_large_image","twitter_misc":{"Dur\u00e9e de lecture estim\u00e9e":"1 minute"},"schema":{"@context":"https:\/\/schema.org","@graph":[{"@type":"WebPage","@id":"https:\/\/ses-creative.com\/fr\/produit\/feutres-prise-en-main-triangulaire\/","url":"https:\/\/ses-creative.com\/fr\/produit\/feutres-prise-en-main-triangulaire\/","name":"Feutres - Prise en main triangulaire - SES Creative","isPartOf":{"@id":"https:\/\/ses-creative.com\/#website"},"primaryImageOfPage":{"@id":"https:\/\/ses-creative.com\/fr\/produit\/feutres-prise-en-main-triangulaire\/#primaryimage"},"image":{"@id":"https:\/\/ses-creative.com\/fr\/produit\/feutres-prise-en-main-triangulaire\/#primaryimage"},"thumbnailUrl":"https:\/\/ses-creative.com\/wp-content\/uploads\/2026\/01\/146961.jpg","datePublished":"2026-02-12T10:09:38+00:00","dateModified":"2026-02-12T10:23:07+00:00","breadcrumb":{"@id":"https:\/\/ses-creative.com\/fr\/produit\/feutres-prise-en-main-triangulaire\/#breadcrumb"},"inLanguage":"fr-FR","potentialAction":[{"@type":"ReadAction","target":["https:\/\/ses-creative.com\/fr\/produit\/feutres-prise-en-main-triangulaire\/"]}]},{"@type":"ImageObject","inLanguage":"fr-FR","@id":"https:\/\/ses-creative.com\/fr\/produit\/feutres-prise-en-main-triangulaire\/#primaryimage","url":"https:\/\/ses-creative.com\/wp-content\/uploads\/2026\/01\/146961.jpg","contentUrl":"https:\/\/ses-creative.com\/wp-content\/uploads\/2026\/01\/146961.jpg","width":1000,"height":1000},{"@type":"BreadcrumbList","@id":"https:\/\/ses-creative.com\/fr\/produit\/feutres-prise-en-main-triangulaire\/#breadcrumb","itemListElement":[{"@type":"ListItem","position":1,"name":"Boutique","item":"https:\/\/ses-creative.com\/fr\/boutique\/"},{"@type":"ListItem","position":2,"name":"Loisirs cr\u00e9atifs","item":"https:\/\/ses-creative.com\/fr\/product-categorie\/loisirs-creatifs\/"},{"@type":"ListItem","position":3,"name":"Feutres &#8211; Prise en main triangulaire"}]},{"@type":"WebSite","@id":"https:\/\/ses-creative.com\/#website","url":"https:\/\/ses-creative.com\/","name":"SES Creative","description":"","publisher":{"@id":"https:\/\/ses-creative.com\/#organization"},"potentialAction":[{"@type":"SearchAction","target":{"@type":"EntryPoint","urlTemplate":"https:\/\/ses-creative.com\/?s={search_term_string}"},"query-input":{"@type":"PropertyValueSpecification","valueRequired":true,"valueName":"search_term_string"}}],"inLanguage":"fr-FR"},{"@type":"Organization","@id":"https:\/\/ses-creative.com\/#organization","name":"SES Creative","url":"https:\/\/ses-creative.com\/","logo":{"@type":"ImageObject","inLanguage":"fr-FR","@id":"https:\/\/ses-creative.com\/#\/schema\/logo\/image\/","url":"https:\/\/ses-creative.com\/wp-content\/uploads\/2025\/10\/ses-creative-logo.jpg","contentUrl":"https:\/\/ses-creative.com\/wp-content\/uploads\/2025\/10\/ses-creative-logo.jpg","width":2037,"height":2037,"caption":"SES Creative"},"image":{"@id":"https:\/\/ses-creative.com\/#\/schema\/logo\/image\/"}}]}},"_links":{"self":[{"href":"https:\/\/ses-creative.com\/fr\/wp-json\/wp\/v2\/product\/118395","targetHints":{"allow":["GET"]}}],"collection":[{"href":"https:\/\/ses-creative.com\/fr\/wp-json\/wp\/v2\/product"}],"about":[{"href":"https:\/\/ses-creative.com\/fr\/wp-json\/wp\/v2\/types\/product"}],"replies":[{"embeddable":true,"href":"https:\/\/ses-creative.com\/fr\/wp-json\/wp\/v2\/comments?post=118395"}],"wp:featuredmedia":[{"embeddable":true,"href":"https:\/\/ses-creative.com\/fr\/wp-json\/wp\/v2\/media\/104036"}],"wp:attachment":[{"href":"https:\/\/ses-creative.com\/fr\/wp-json\/wp\/v2\/media?parent=118395"}],"wp:term":[{"taxonomy":"product_brand","embeddable":true,"href":"https:\/\/ses-creative.com\/fr\/wp-json\/wp\/v2\/product_brand?post=118395"},{"taxonomy":"product_cat","embeddable":true,"href":"https:\/\/ses-creative.com\/fr\/wp-json\/wp\/v2\/product_cat?post=118395"},{"taxonomy":"product_tag","embeddable":true,"href":"https:\/\/ses-creative.com\/fr\/wp-json\/wp\/v2\/product_tag?post=118395"}],"curies":[{"name":"wp","href":"https:\/\/api.w.org\/{rel}","templated":true}]}}