











{"id":118394,"date":"2026-02-12T10:09:38","date_gmt":"2026-02-12T10:09:38","guid":{"rendered":"https:\/\/ses-creative.com\/?post_type=product&#038;p=118394"},"modified":"2026-02-12T10:23:07","modified_gmt":"2026-02-12T10:23:07","slug":"crayons-de-couleur-triangulaire-16-pieces","status":"publish","type":"product","link":"https:\/\/ses-creative.com\/fr\/produit\/crayons-de-couleur-triangulaire-16-pieces\/","title":{"rendered":"Crayons de couleur triangulaire 16 pi\u00e8ces"},"content":{"rendered":"<p>Offrez \u00e0 votre enfant toutes les couleurs de l&rsquo;arc-en-ciel et le confort n\u00e9cessaire pour dessiner pendant des heures. Les crayons de couleur \u00e0 prise triangulaire de SES Creative sont sp\u00e9cialement con\u00e7us pour les petites mains des enfants, avec une forme triangulaire ergonomique qui aide \u00e0 apprendre la bonne prise du crayon. Parfaits pour les jeunes artistes qui veulent d\u00e9couvrir leur cr\u00e9ativit\u00e9 et d\u00e9velopper leur motricit\u00e9 fine.<\/p>\n<p>Qu&rsquo;est-ce qui rend ce set si sp\u00e9cial ?<\/p>\n<p> Prise triangulaire ergonomique \u2013 tient parfaitement dans les petites mains<\/p>\n<p> 16 couleurs vives et \u00e9clatantes \u2013 pour des possibilit\u00e9s cr\u00e9atives infinies<\/p>\n<p> Crayons \u00e9pais et r\u00e9sistants \u2013 se cassent moins facilement et durent longtemps<\/p>\n<p> Aide \u00e0 adopter une bonne prise en main du crayon \u2013 favorise le d\u00e9veloppement de l&rsquo;\u00e9criture et du dessin<\/p>\n<p> Facilement lavables \u2013 les taches s&rsquo;enl\u00e8vent facilement des mains et des v\u00eatements<\/p>\n<p>Coloriage confortable et contr\u00f4l\u00e9<\/p>\n<p>La prise triangulaire rend le dessin et le coloriage non seulement plus agr\u00e9ables, mais aussi plus instructifs : les enfants apprennent de mani\u00e8re ludique la bonne prise en main, ce qui les aidera plus tard \u00e0 \u00e9crire. Avec 16 couleurs vives, ils peuvent cr\u00e9er tout ce que leur imagination leur inspire, des arcs-en-ciel aux animaux fantastiques.<\/p>\n<p>Contenu de l&#8217;emballage<\/p>\n<p>16 crayons de couleur triangulaires de diff\u00e9rentes couleurs<\/p>\n<p>Pourquoi choisir SES Creative ?<\/p>\n<p>SES Creative d\u00e9veloppe des jouets \u00e0 la fois cr\u00e9atifs et \u00e9ducatifs. Ces crayons de couleur sont s\u00fbrs, durables et stimulent le d\u00e9veloppement de la motricit\u00e9 fine, de la concentration et de la pens\u00e9e cr\u00e9ative.<\/p>\n<p>Commencez \u00e0 colorier d\u00e8s aujourd&rsquo;hui<\/p>\n<p>Laissez votre enfant d\u00e9couvrir \u00e0 quel point dessiner peut \u00eatre amusant et agr\u00e9able.<br \/>\nCommandez d\u00e8s maintenant les crayons de couleur SES Creative \u2013 Triangle Grip et mettez de la couleur dans votre quotidien !<\/p>\n","protected":false},"excerpt":{"rendered":"<p>Offrez \u00e0 votre enfant toutes les couleurs de l&rsquo;arc-en-ciel et le confort n\u00e9cessaire pour dessiner pendant des heures. Les crayons de couleur \u00e0 prise triangulaire de SES Creative sont sp\u00e9cialement con\u00e7us pour les petites mains des enfants, avec une forme triangulaire ergonomique qui aide \u00e0 apprendre la bonne prise du crayon. Parfaits pour les jeunes [&hellip;]<\/p>\n","protected":false},"featured_media":104016,"comment_status":"closed","ping_status":"closed","template":"","meta":{"_acf_changed":false},"product_brand":[],"product_cat":[122],"product_tag":[],"class_list":{"0":"post-118394","1":"product","2":"type-product","3":"status-publish","4":"has-post-thumbnail","6":"product_cat-loisirs-creatifs","7":"pa_leeftijd-filter-3-4-ans","8":"pa_meest-populair-bij-garcons-filles","10":"first","11":"instock","12":"shipping-taxable","13":"product-type-simple"},"acf":[],"yoast_head":"<!-- This site is optimized with the Yoast SEO plugin v27.2 - https:\/\/yoast.com\/product\/yoast-seo-wordpress\/ -->\n<title>Crayons de couleur triangulaire 16 pi\u00e8ces - SES Creative<\/title>\n<meta name=\"robots\" content=\"index, follow, max-snippet:-1, max-image-preview:large, max-video-preview:-1\" \/>\n<link rel=\"canonical\" href=\"https:\/\/ses-creative.com\/fr\/produit\/crayons-de-couleur-triangulaire-16-pieces\/\" \/>\n<meta property=\"og:locale\" content=\"fr_FR\" \/>\n<meta property=\"og:type\" content=\"article\" \/>\n<meta property=\"og:title\" content=\"Crayons de couleur triangulaire 16 pi\u00e8ces - SES Creative\" \/>\n<meta property=\"og:description\" content=\"Offrez \u00e0 votre enfant toutes les couleurs de l&rsquo;arc-en-ciel et le confort n\u00e9cessaire pour dessiner pendant des heures. Les crayons de couleur \u00e0 prise triangulaire de SES Creative sont sp\u00e9cialement con\u00e7us pour les petites mains des enfants, avec une forme triangulaire ergonomique qui aide \u00e0 apprendre la bonne prise du crayon. Parfaits pour les jeunes [&hellip;]\" \/>\n<meta property=\"og:url\" content=\"https:\/\/ses-creative.com\/fr\/produit\/crayons-de-couleur-triangulaire-16-pieces\/\" \/>\n<meta property=\"og:site_name\" content=\"SES Creative\" \/>\n<meta property=\"article:modified_time\" content=\"2026-02-12T10:23:07+00:00\" \/>\n<meta name=\"twitter:card\" content=\"summary_large_image\" \/>\n<meta name=\"twitter:label1\" content=\"Dur\u00e9e de lecture estim\u00e9e\" \/>\n\t<meta name=\"twitter:data1\" content=\"1 minute\" \/>\n<script type=\"application\/ld+json\" class=\"yoast-schema-graph\">{\"@context\":\"https:\/\/schema.org\",\"@graph\":[{\"@type\":\"WebPage\",\"@id\":\"https:\/\/ses-creative.com\/fr\/produit\/crayons-de-couleur-triangulaire-16-pieces\/\",\"url\":\"https:\/\/ses-creative.com\/fr\/produit\/crayons-de-couleur-triangulaire-16-pieces\/\",\"name\":\"Crayons de couleur triangulaire 16 pi\u00e8ces - SES Creative\",\"isPartOf\":{\"@id\":\"https:\/\/ses-creative.com\/#website\"},\"primaryImageOfPage\":{\"@id\":\"https:\/\/ses-creative.com\/fr\/produit\/crayons-de-couleur-triangulaire-16-pieces\/#primaryimage\"},\"image\":{\"@id\":\"https:\/\/ses-creative.com\/fr\/produit\/crayons-de-couleur-triangulaire-16-pieces\/#primaryimage\"},\"thumbnailUrl\":\"https:\/\/ses-creative.com\/wp-content\/uploads\/2026\/01\/146921.jpg\",\"datePublished\":\"2026-02-12T10:09:38+00:00\",\"dateModified\":\"2026-02-12T10:23:07+00:00\",\"breadcrumb\":{\"@id\":\"https:\/\/ses-creative.com\/fr\/produit\/crayons-de-couleur-triangulaire-16-pieces\/#breadcrumb\"},\"inLanguage\":\"fr-FR\",\"potentialAction\":[{\"@type\":\"ReadAction\",\"target\":[\"https:\/\/ses-creative.com\/fr\/produit\/crayons-de-couleur-triangulaire-16-pieces\/\"]}]},{\"@type\":\"ImageObject\",\"inLanguage\":\"fr-FR\",\"@id\":\"https:\/\/ses-creative.com\/fr\/produit\/crayons-de-couleur-triangulaire-16-pieces\/#primaryimage\",\"url\":\"https:\/\/ses-creative.com\/wp-content\/uploads\/2026\/01\/146921.jpg\",\"contentUrl\":\"https:\/\/ses-creative.com\/wp-content\/uploads\/2026\/01\/146921.jpg\",\"width\":1000,\"height\":1000},{\"@type\":\"BreadcrumbList\",\"@id\":\"https:\/\/ses-creative.com\/fr\/produit\/crayons-de-couleur-triangulaire-16-pieces\/#breadcrumb\",\"itemListElement\":[{\"@type\":\"ListItem\",\"position\":1,\"name\":\"Boutique\",\"item\":\"https:\/\/ses-creative.com\/fr\/boutique\/\"},{\"@type\":\"ListItem\",\"position\":2,\"name\":\"Loisirs cr\u00e9atifs\",\"item\":\"https:\/\/ses-creative.com\/fr\/product-categorie\/loisirs-creatifs\/\"},{\"@type\":\"ListItem\",\"position\":3,\"name\":\"Crayons de couleur triangulaire 16 pi\u00e8ces\"}]},{\"@type\":\"WebSite\",\"@id\":\"https:\/\/ses-creative.com\/#website\",\"url\":\"https:\/\/ses-creative.com\/\",\"name\":\"SES Creative\",\"description\":\"\",\"publisher\":{\"@id\":\"https:\/\/ses-creative.com\/#organization\"},\"potentialAction\":[{\"@type\":\"SearchAction\",\"target\":{\"@type\":\"EntryPoint\",\"urlTemplate\":\"https:\/\/ses-creative.com\/?s={search_term_string}\"},\"query-input\":{\"@type\":\"PropertyValueSpecification\",\"valueRequired\":true,\"valueName\":\"search_term_string\"}}],\"inLanguage\":\"fr-FR\"},{\"@type\":\"Organization\",\"@id\":\"https:\/\/ses-creative.com\/#organization\",\"name\":\"SES Creative\",\"url\":\"https:\/\/ses-creative.com\/\",\"logo\":{\"@type\":\"ImageObject\",\"inLanguage\":\"fr-FR\",\"@id\":\"https:\/\/ses-creative.com\/#\/schema\/logo\/image\/\",\"url\":\"https:\/\/ses-creative.com\/wp-content\/uploads\/2025\/10\/ses-creative-logo.jpg\",\"contentUrl\":\"https:\/\/ses-creative.com\/wp-content\/uploads\/2025\/10\/ses-creative-logo.jpg\",\"width\":2037,\"height\":2037,\"caption\":\"SES Creative\"},\"image\":{\"@id\":\"https:\/\/ses-creative.com\/#\/schema\/logo\/image\/\"}}]}<\/script>\n<!-- \/ Yoast SEO plugin. -->","yoast_head_json":{"title":"Crayons de couleur triangulaire 16 pi\u00e8ces - SES Creative","robots":{"index":"index","follow":"follow","max-snippet":"max-snippet:-1","max-image-preview":"max-image-preview:large","max-video-preview":"max-video-preview:-1"},"canonical":"https:\/\/ses-creative.com\/fr\/produit\/crayons-de-couleur-triangulaire-16-pieces\/","og_locale":"fr_FR","og_type":"article","og_title":"Crayons de couleur triangulaire 16 pi\u00e8ces - SES Creative","og_description":"Offrez \u00e0 votre enfant toutes les couleurs de l&rsquo;arc-en-ciel et le confort n\u00e9cessaire pour dessiner pendant des heures. Les crayons de couleur \u00e0 prise triangulaire de SES Creative sont sp\u00e9cialement con\u00e7us pour les petites mains des enfants, avec une forme triangulaire ergonomique qui aide \u00e0 apprendre la bonne prise du crayon. Parfaits pour les jeunes [&hellip;]","og_url":"https:\/\/ses-creative.com\/fr\/produit\/crayons-de-couleur-triangulaire-16-pieces\/","og_site_name":"SES Creative","article_modified_time":"2026-02-12T10:23:07+00:00","twitter_card":"summary_large_image","twitter_misc":{"Dur\u00e9e de lecture estim\u00e9e":"1 minute"},"schema":{"@context":"https:\/\/schema.org","@graph":[{"@type":"WebPage","@id":"https:\/\/ses-creative.com\/fr\/produit\/crayons-de-couleur-triangulaire-16-pieces\/","url":"https:\/\/ses-creative.com\/fr\/produit\/crayons-de-couleur-triangulaire-16-pieces\/","name":"Crayons de couleur triangulaire 16 pi\u00e8ces - SES Creative","isPartOf":{"@id":"https:\/\/ses-creative.com\/#website"},"primaryImageOfPage":{"@id":"https:\/\/ses-creative.com\/fr\/produit\/crayons-de-couleur-triangulaire-16-pieces\/#primaryimage"},"image":{"@id":"https:\/\/ses-creative.com\/fr\/produit\/crayons-de-couleur-triangulaire-16-pieces\/#primaryimage"},"thumbnailUrl":"https:\/\/ses-creative.com\/wp-content\/uploads\/2026\/01\/146921.jpg","datePublished":"2026-02-12T10:09:38+00:00","dateModified":"2026-02-12T10:23:07+00:00","breadcrumb":{"@id":"https:\/\/ses-creative.com\/fr\/produit\/crayons-de-couleur-triangulaire-16-pieces\/#breadcrumb"},"inLanguage":"fr-FR","potentialAction":[{"@type":"ReadAction","target":["https:\/\/ses-creative.com\/fr\/produit\/crayons-de-couleur-triangulaire-16-pieces\/"]}]},{"@type":"ImageObject","inLanguage":"fr-FR","@id":"https:\/\/ses-creative.com\/fr\/produit\/crayons-de-couleur-triangulaire-16-pieces\/#primaryimage","url":"https:\/\/ses-creative.com\/wp-content\/uploads\/2026\/01\/146921.jpg","contentUrl":"https:\/\/ses-creative.com\/wp-content\/uploads\/2026\/01\/146921.jpg","width":1000,"height":1000},{"@type":"BreadcrumbList","@id":"https:\/\/ses-creative.com\/fr\/produit\/crayons-de-couleur-triangulaire-16-pieces\/#breadcrumb","itemListElement":[{"@type":"ListItem","position":1,"name":"Boutique","item":"https:\/\/ses-creative.com\/fr\/boutique\/"},{"@type":"ListItem","position":2,"name":"Loisirs cr\u00e9atifs","item":"https:\/\/ses-creative.com\/fr\/product-categorie\/loisirs-creatifs\/"},{"@type":"ListItem","position":3,"name":"Crayons de couleur triangulaire 16 pi\u00e8ces"}]},{"@type":"WebSite","@id":"https:\/\/ses-creative.com\/#website","url":"https:\/\/ses-creative.com\/","name":"SES Creative","description":"","publisher":{"@id":"https:\/\/ses-creative.com\/#organization"},"potentialAction":[{"@type":"SearchAction","target":{"@type":"EntryPoint","urlTemplate":"https:\/\/ses-creative.com\/?s={search_term_string}"},"query-input":{"@type":"PropertyValueSpecification","valueRequired":true,"valueName":"search_term_string"}}],"inLanguage":"fr-FR"},{"@type":"Organization","@id":"https:\/\/ses-creative.com\/#organization","name":"SES Creative","url":"https:\/\/ses-creative.com\/","logo":{"@type":"ImageObject","inLanguage":"fr-FR","@id":"https:\/\/ses-creative.com\/#\/schema\/logo\/image\/","url":"https:\/\/ses-creative.com\/wp-content\/uploads\/2025\/10\/ses-creative-logo.jpg","contentUrl":"https:\/\/ses-creative.com\/wp-content\/uploads\/2025\/10\/ses-creative-logo.jpg","width":2037,"height":2037,"caption":"SES Creative"},"image":{"@id":"https:\/\/ses-creative.com\/#\/schema\/logo\/image\/"}}]}},"_links":{"self":[{"href":"https:\/\/ses-creative.com\/fr\/wp-json\/wp\/v2\/product\/118394","targetHints":{"allow":["GET"]}}],"collection":[{"href":"https:\/\/ses-creative.com\/fr\/wp-json\/wp\/v2\/product"}],"about":[{"href":"https:\/\/ses-creative.com\/fr\/wp-json\/wp\/v2\/types\/product"}],"replies":[{"embeddable":true,"href":"https:\/\/ses-creative.com\/fr\/wp-json\/wp\/v2\/comments?post=118394"}],"wp:featuredmedia":[{"embeddable":true,"href":"https:\/\/ses-creative.com\/fr\/wp-json\/wp\/v2\/media\/104016"}],"wp:attachment":[{"href":"https:\/\/ses-creative.com\/fr\/wp-json\/wp\/v2\/media?parent=118394"}],"wp:term":[{"taxonomy":"product_brand","embeddable":true,"href":"https:\/\/ses-creative.com\/fr\/wp-json\/wp\/v2\/product_brand?post=118394"},{"taxonomy":"product_cat","embeddable":true,"href":"https:\/\/ses-creative.com\/fr\/wp-json\/wp\/v2\/product_cat?post=118394"},{"taxonomy":"product_tag","embeddable":true,"href":"https:\/\/ses-creative.com\/fr\/wp-json\/wp\/v2\/product_tag?post=118394"}],"curies":[{"name":"wp","href":"https:\/\/api.w.org\/{rel}","templated":true}]}}