











{"id":118393,"date":"2026-02-12T10:09:37","date_gmt":"2026-02-12T10:09:37","guid":{"rendered":"https:\/\/ses-creative.com\/?post_type=product&#038;p=118393"},"modified":"2026-02-12T10:23:06","modified_gmt":"2026-02-12T10:23:06","slug":"coloriage-par-numeros-crayons-feutre","status":"publish","type":"product","link":"https:\/\/ses-creative.com\/fr\/produit\/coloriage-par-numeros-crayons-feutre\/","title":{"rendered":"Coloriage par num\u00e9ros &#8211; Crayons feutre"},"content":{"rendered":"<p>D\u00e9couvrez le set Coloriage par num\u00e9ros \u2013 Feutres \u00e0 prise triangulaire de SES Creative : le moyen id\u00e9al pour permettre aux enfants de colorier tout en s&rsquo;amusant et de d\u00e9velopper leurs capacit\u00e9s motrices. Gr\u00e2ce \u00e0 leur prise triangulaire ergonomique, les feutres tiennent confortablement dans les petites mains, permettant m\u00eame aux coloristes d\u00e9butants de r\u00e9aliser sans effort de magnifiques dessins.<\/p>\n<p>Qu&rsquo;est-ce qui rend ce set si sp\u00e9cial ?<\/p>\n<p> 6 grands coloriages par num\u00e9ros \u2013 clairs et id\u00e9aux pour les jeunes enfants<\/p>\n<p> 12 feutres ergonomiques \u2013 prise triangulaire pour une bonne prise en main du crayon<\/p>\n<p> Facilement lavables \u2013 les taches disparaissent facilement des v\u00eatements et des textiles<\/p>\n<p> Compartiments clairement num\u00e9rot\u00e9s \u2013 couleurs \u00e9tape par \u00e9tape pour un r\u00e9sultat magnifique<\/p>\n<p> Stimule la motricit\u00e9 fine et la concentration \u2013 \u00e9ducatif et cr\u00e9atif<\/p>\n<p>Coloriage cr\u00e9atif avec texture<\/p>\n<p>Les grands coloriages comportent des cases num\u00e9rot\u00e9es qui indiquent exactement quelle couleur utiliser \u00e0 quel endroit. Les enfants n&rsquo;ont qu&rsquo;\u00e0 suivre les num\u00e9ros pour voir leur dessin prendre vie \u00e9tape par \u00e9tape. Cela leur procure un sentiment de fiert\u00e9 et stimule leur pers\u00e9v\u00e9rance, tandis que les feutres ergonomiques leur permettent de travailler confortablement et avec pr\u00e9cision.<\/p>\n<p>Contenu de l&#8217;emballage<\/p>\n<p>6 grands coloriages num\u00e9rot\u00e9s<\/p>\n<p>12 feutres \u00e0 prise triangulaire<\/p>\n<p>Pourquoi choisir SES Creative ?<\/p>\n<p>SES Creative est r\u00e9put\u00e9 pour ses jouets qui non seulement divertissent les enfants, mais leur permettent \u00e9galement de d\u00e9velopper des comp\u00e9tences pr\u00e9cieuses. Ce set allie cr\u00e9ativit\u00e9 et exercice moteur, sans faire de salissures et avec des mat\u00e9riaux s\u00fbrs et lavables.<\/p>\n<p>Commencez \u00e0 colorier d\u00e8s aujourd&rsquo;hui<\/p>\n<p>Offrez \u00e0 votre enfant un d\u00e9fi cr\u00e9atif et beaucoup de plaisir \u00e0 la fois.<br \/>\nCommandez d\u00e8s maintenant le kit SES Creative \u2013 Coloriage par num\u00e9ros et d\u00e9couvrez \u00e0 quel point le coloriage par num\u00e9ros peut \u00eatre amusant et instructif !<\/p>\n","protected":false},"excerpt":{"rendered":"<p>D\u00e9couvrez le set Coloriage par num\u00e9ros \u2013 Feutres \u00e0 prise triangulaire de SES Creative : le moyen id\u00e9al pour permettre aux enfants de colorier tout en s&rsquo;amusant et de d\u00e9velopper leurs capacit\u00e9s motrices. Gr\u00e2ce \u00e0 leur prise triangulaire ergonomique, les feutres tiennent confortablement dans les petites mains, permettant m\u00eame aux coloristes d\u00e9butants de r\u00e9aliser sans [&hellip;]<\/p>\n","protected":false},"featured_media":103996,"comment_status":"closed","ping_status":"closed","template":"","meta":{"_acf_changed":false},"product_brand":[],"product_cat":[122],"product_tag":[],"class_list":{"0":"post-118393","1":"product","2":"type-product","3":"status-publish","4":"has-post-thumbnail","6":"product_cat-loisirs-creatifs","7":"pa_leeftijd-filter-3-4-ans","8":"pa_meest-populair-bij-garcons-filles","10":"first","11":"instock","12":"shipping-taxable","13":"product-type-simple"},"acf":[],"yoast_head":"<!-- This site is optimized with the Yoast SEO plugin v27.2 - https:\/\/yoast.com\/product\/yoast-seo-wordpress\/ -->\n<title>Coloriage par num\u00e9ros - Crayons feutre - SES Creative<\/title>\n<meta name=\"robots\" content=\"index, follow, max-snippet:-1, max-image-preview:large, max-video-preview:-1\" \/>\n<link rel=\"canonical\" href=\"https:\/\/ses-creative.com\/fr\/produit\/coloriage-par-numeros-crayons-feutre\/\" \/>\n<meta property=\"og:locale\" content=\"fr_FR\" \/>\n<meta property=\"og:type\" content=\"article\" \/>\n<meta property=\"og:title\" content=\"Coloriage par num\u00e9ros - Crayons feutre - SES Creative\" \/>\n<meta property=\"og:description\" content=\"D\u00e9couvrez le set Coloriage par num\u00e9ros \u2013 Feutres \u00e0 prise triangulaire de SES Creative : le moyen id\u00e9al pour permettre aux enfants de colorier tout en s&rsquo;amusant et de d\u00e9velopper leurs capacit\u00e9s motrices. Gr\u00e2ce \u00e0 leur prise triangulaire ergonomique, les feutres tiennent confortablement dans les petites mains, permettant m\u00eame aux coloristes d\u00e9butants de r\u00e9aliser sans [&hellip;]\" \/>\n<meta property=\"og:url\" content=\"https:\/\/ses-creative.com\/fr\/produit\/coloriage-par-numeros-crayons-feutre\/\" \/>\n<meta property=\"og:site_name\" content=\"SES Creative\" \/>\n<meta property=\"article:modified_time\" content=\"2026-02-12T10:23:06+00:00\" \/>\n<meta name=\"twitter:card\" content=\"summary_large_image\" \/>\n<meta name=\"twitter:label1\" content=\"Dur\u00e9e de lecture estim\u00e9e\" \/>\n\t<meta name=\"twitter:data1\" content=\"2 minutes\" \/>\n<script type=\"application\/ld+json\" class=\"yoast-schema-graph\">{\"@context\":\"https:\/\/schema.org\",\"@graph\":[{\"@type\":\"WebPage\",\"@id\":\"https:\/\/ses-creative.com\/fr\/produit\/coloriage-par-numeros-crayons-feutre\/\",\"url\":\"https:\/\/ses-creative.com\/fr\/produit\/coloriage-par-numeros-crayons-feutre\/\",\"name\":\"Coloriage par num\u00e9ros - Crayons feutre - SES Creative\",\"isPartOf\":{\"@id\":\"https:\/\/ses-creative.com\/#website\"},\"primaryImageOfPage\":{\"@id\":\"https:\/\/ses-creative.com\/fr\/produit\/coloriage-par-numeros-crayons-feutre\/#primaryimage\"},\"image\":{\"@id\":\"https:\/\/ses-creative.com\/fr\/produit\/coloriage-par-numeros-crayons-feutre\/#primaryimage\"},\"thumbnailUrl\":\"https:\/\/ses-creative.com\/wp-content\/uploads\/2026\/01\/146901.jpg\",\"datePublished\":\"2026-02-12T10:09:37+00:00\",\"dateModified\":\"2026-02-12T10:23:06+00:00\",\"breadcrumb\":{\"@id\":\"https:\/\/ses-creative.com\/fr\/produit\/coloriage-par-numeros-crayons-feutre\/#breadcrumb\"},\"inLanguage\":\"fr-FR\",\"potentialAction\":[{\"@type\":\"ReadAction\",\"target\":[\"https:\/\/ses-creative.com\/fr\/produit\/coloriage-par-numeros-crayons-feutre\/\"]}]},{\"@type\":\"ImageObject\",\"inLanguage\":\"fr-FR\",\"@id\":\"https:\/\/ses-creative.com\/fr\/produit\/coloriage-par-numeros-crayons-feutre\/#primaryimage\",\"url\":\"https:\/\/ses-creative.com\/wp-content\/uploads\/2026\/01\/146901.jpg\",\"contentUrl\":\"https:\/\/ses-creative.com\/wp-content\/uploads\/2026\/01\/146901.jpg\",\"width\":1000,\"height\":1000},{\"@type\":\"BreadcrumbList\",\"@id\":\"https:\/\/ses-creative.com\/fr\/produit\/coloriage-par-numeros-crayons-feutre\/#breadcrumb\",\"itemListElement\":[{\"@type\":\"ListItem\",\"position\":1,\"name\":\"Boutique\",\"item\":\"https:\/\/ses-creative.com\/fr\/boutique\/\"},{\"@type\":\"ListItem\",\"position\":2,\"name\":\"Loisirs cr\u00e9atifs\",\"item\":\"https:\/\/ses-creative.com\/fr\/product-categorie\/loisirs-creatifs\/\"},{\"@type\":\"ListItem\",\"position\":3,\"name\":\"Coloriage par num\u00e9ros &#8211; Crayons feutre\"}]},{\"@type\":\"WebSite\",\"@id\":\"https:\/\/ses-creative.com\/#website\",\"url\":\"https:\/\/ses-creative.com\/\",\"name\":\"SES Creative\",\"description\":\"\",\"publisher\":{\"@id\":\"https:\/\/ses-creative.com\/#organization\"},\"potentialAction\":[{\"@type\":\"SearchAction\",\"target\":{\"@type\":\"EntryPoint\",\"urlTemplate\":\"https:\/\/ses-creative.com\/?s={search_term_string}\"},\"query-input\":{\"@type\":\"PropertyValueSpecification\",\"valueRequired\":true,\"valueName\":\"search_term_string\"}}],\"inLanguage\":\"fr-FR\"},{\"@type\":\"Organization\",\"@id\":\"https:\/\/ses-creative.com\/#organization\",\"name\":\"SES Creative\",\"url\":\"https:\/\/ses-creative.com\/\",\"logo\":{\"@type\":\"ImageObject\",\"inLanguage\":\"fr-FR\",\"@id\":\"https:\/\/ses-creative.com\/#\/schema\/logo\/image\/\",\"url\":\"https:\/\/ses-creative.com\/wp-content\/uploads\/2025\/10\/ses-creative-logo.jpg\",\"contentUrl\":\"https:\/\/ses-creative.com\/wp-content\/uploads\/2025\/10\/ses-creative-logo.jpg\",\"width\":2037,\"height\":2037,\"caption\":\"SES Creative\"},\"image\":{\"@id\":\"https:\/\/ses-creative.com\/#\/schema\/logo\/image\/\"}}]}<\/script>\n<!-- \/ Yoast SEO plugin. -->","yoast_head_json":{"title":"Coloriage par num\u00e9ros - Crayons feutre - SES Creative","robots":{"index":"index","follow":"follow","max-snippet":"max-snippet:-1","max-image-preview":"max-image-preview:large","max-video-preview":"max-video-preview:-1"},"canonical":"https:\/\/ses-creative.com\/fr\/produit\/coloriage-par-numeros-crayons-feutre\/","og_locale":"fr_FR","og_type":"article","og_title":"Coloriage par num\u00e9ros - Crayons feutre - SES Creative","og_description":"D\u00e9couvrez le set Coloriage par num\u00e9ros \u2013 Feutres \u00e0 prise triangulaire de SES Creative : le moyen id\u00e9al pour permettre aux enfants de colorier tout en s&rsquo;amusant et de d\u00e9velopper leurs capacit\u00e9s motrices. Gr\u00e2ce \u00e0 leur prise triangulaire ergonomique, les feutres tiennent confortablement dans les petites mains, permettant m\u00eame aux coloristes d\u00e9butants de r\u00e9aliser sans [&hellip;]","og_url":"https:\/\/ses-creative.com\/fr\/produit\/coloriage-par-numeros-crayons-feutre\/","og_site_name":"SES Creative","article_modified_time":"2026-02-12T10:23:06+00:00","twitter_card":"summary_large_image","twitter_misc":{"Dur\u00e9e de lecture estim\u00e9e":"2 minutes"},"schema":{"@context":"https:\/\/schema.org","@graph":[{"@type":"WebPage","@id":"https:\/\/ses-creative.com\/fr\/produit\/coloriage-par-numeros-crayons-feutre\/","url":"https:\/\/ses-creative.com\/fr\/produit\/coloriage-par-numeros-crayons-feutre\/","name":"Coloriage par num\u00e9ros - Crayons feutre - SES Creative","isPartOf":{"@id":"https:\/\/ses-creative.com\/#website"},"primaryImageOfPage":{"@id":"https:\/\/ses-creative.com\/fr\/produit\/coloriage-par-numeros-crayons-feutre\/#primaryimage"},"image":{"@id":"https:\/\/ses-creative.com\/fr\/produit\/coloriage-par-numeros-crayons-feutre\/#primaryimage"},"thumbnailUrl":"https:\/\/ses-creative.com\/wp-content\/uploads\/2026\/01\/146901.jpg","datePublished":"2026-02-12T10:09:37+00:00","dateModified":"2026-02-12T10:23:06+00:00","breadcrumb":{"@id":"https:\/\/ses-creative.com\/fr\/produit\/coloriage-par-numeros-crayons-feutre\/#breadcrumb"},"inLanguage":"fr-FR","potentialAction":[{"@type":"ReadAction","target":["https:\/\/ses-creative.com\/fr\/produit\/coloriage-par-numeros-crayons-feutre\/"]}]},{"@type":"ImageObject","inLanguage":"fr-FR","@id":"https:\/\/ses-creative.com\/fr\/produit\/coloriage-par-numeros-crayons-feutre\/#primaryimage","url":"https:\/\/ses-creative.com\/wp-content\/uploads\/2026\/01\/146901.jpg","contentUrl":"https:\/\/ses-creative.com\/wp-content\/uploads\/2026\/01\/146901.jpg","width":1000,"height":1000},{"@type":"BreadcrumbList","@id":"https:\/\/ses-creative.com\/fr\/produit\/coloriage-par-numeros-crayons-feutre\/#breadcrumb","itemListElement":[{"@type":"ListItem","position":1,"name":"Boutique","item":"https:\/\/ses-creative.com\/fr\/boutique\/"},{"@type":"ListItem","position":2,"name":"Loisirs cr\u00e9atifs","item":"https:\/\/ses-creative.com\/fr\/product-categorie\/loisirs-creatifs\/"},{"@type":"ListItem","position":3,"name":"Coloriage par num\u00e9ros &#8211; Crayons feutre"}]},{"@type":"WebSite","@id":"https:\/\/ses-creative.com\/#website","url":"https:\/\/ses-creative.com\/","name":"SES Creative","description":"","publisher":{"@id":"https:\/\/ses-creative.com\/#organization"},"potentialAction":[{"@type":"SearchAction","target":{"@type":"EntryPoint","urlTemplate":"https:\/\/ses-creative.com\/?s={search_term_string}"},"query-input":{"@type":"PropertyValueSpecification","valueRequired":true,"valueName":"search_term_string"}}],"inLanguage":"fr-FR"},{"@type":"Organization","@id":"https:\/\/ses-creative.com\/#organization","name":"SES Creative","url":"https:\/\/ses-creative.com\/","logo":{"@type":"ImageObject","inLanguage":"fr-FR","@id":"https:\/\/ses-creative.com\/#\/schema\/logo\/image\/","url":"https:\/\/ses-creative.com\/wp-content\/uploads\/2025\/10\/ses-creative-logo.jpg","contentUrl":"https:\/\/ses-creative.com\/wp-content\/uploads\/2025\/10\/ses-creative-logo.jpg","width":2037,"height":2037,"caption":"SES Creative"},"image":{"@id":"https:\/\/ses-creative.com\/#\/schema\/logo\/image\/"}}]}},"_links":{"self":[{"href":"https:\/\/ses-creative.com\/fr\/wp-json\/wp\/v2\/product\/118393","targetHints":{"allow":["GET"]}}],"collection":[{"href":"https:\/\/ses-creative.com\/fr\/wp-json\/wp\/v2\/product"}],"about":[{"href":"https:\/\/ses-creative.com\/fr\/wp-json\/wp\/v2\/types\/product"}],"replies":[{"embeddable":true,"href":"https:\/\/ses-creative.com\/fr\/wp-json\/wp\/v2\/comments?post=118393"}],"wp:featuredmedia":[{"embeddable":true,"href":"https:\/\/ses-creative.com\/fr\/wp-json\/wp\/v2\/media\/103996"}],"wp:attachment":[{"href":"https:\/\/ses-creative.com\/fr\/wp-json\/wp\/v2\/media?parent=118393"}],"wp:term":[{"taxonomy":"product_brand","embeddable":true,"href":"https:\/\/ses-creative.com\/fr\/wp-json\/wp\/v2\/product_brand?post=118393"},{"taxonomy":"product_cat","embeddable":true,"href":"https:\/\/ses-creative.com\/fr\/wp-json\/wp\/v2\/product_cat?post=118393"},{"taxonomy":"product_tag","embeddable":true,"href":"https:\/\/ses-creative.com\/fr\/wp-json\/wp\/v2\/product_tag?post=118393"}],"curies":[{"name":"wp","href":"https:\/\/api.w.org\/{rel}","templated":true}]}}