











{"id":118392,"date":"2026-02-12T10:09:37","date_gmt":"2026-02-12T10:09:37","guid":{"rendered":"https:\/\/ses-creative.com\/?post_type=product&#038;p=118392"},"modified":"2026-02-12T10:23:06","modified_gmt":"2026-02-12T10:23:06","slug":"bracelets-easy-diamonds","status":"publish","type":"product","link":"https:\/\/ses-creative.com\/fr\/produit\/bracelets-easy-diamonds\/","title":{"rendered":"Bracelets easy diamonds"},"content":{"rendered":"<p>Hobby Pink \u2013 Easy Diamonds Bracelets : cr\u00e9ez vos propres bijoux scintillants !<\/p>\n<p>Avec le kit Easy Diamonds Bracelets de SES Creative, vous pouvez cr\u00e9er des bracelets remplis de breloques scintillantes que vous d\u00e9corez vous-m\u00eame. Gr\u00e2ce \u00e0 la poudre sp\u00e9ciale Easy Diamond et aux solutions color\u00e9es, chaque bijou obtient un effet diamant \u00e9tincelant. Parfait pour les enfants \u00e0 partir de 5 ans qui aiment la cr\u00e9ativit\u00e9 et les paillettes.<\/p>\n<p>Ce qui rend ce kit g\u00e9nial<\/p>\n<p>Comprend 9 breloques \u00e0 d\u00e9corer soi-m\u00eame<br \/>\nPoudre Easy Diamond pour un effet scintillant<br \/>\n3 solutions de couleur \u00e0 combiner<br \/>\nStimule la cr\u00e9ativit\u00e9, le sens des couleurs et la motricit\u00e9 fine<br \/>\nCr\u00e9ez des bijoux \u00e0 porter ou \u00e0 offrir<\/p>\n<p>D\u00e9corez et concevez vos breloques en diamant<\/p>\n<p>Avec ce kit, les enfants cr\u00e9ent leur propre collection de bijoux. Ils d\u00e9corent d&rsquo;abord les breloques avec de la poudre Easy Diamond et des solutions colorantes, puis les enfilent sur les bracelets. Ils obtiennent ainsi \u00e0 chaque fois un bijou unique et scintillant qui correspond parfaitement \u00e0 leur style.<\/p>\n<p>Contenu du kit<\/p>\n<p>9 breloques<br \/>\nPoudre Easy Diamond<br \/>\n3 solutions colorantes<\/p>\n<p>Pourquoi choisir SES Creative ?<\/p>\n<p>Chez SES Creative, nous accordons une grande importance \u00e0 la s\u00e9curit\u00e9. C&rsquo;est pourquoi nos produits sont fabriqu\u00e9s et test\u00e9s dans notre usine aux Pays-Bas, conform\u00e9ment aux normes de s\u00e9curit\u00e9 europ\u00e9ennes les plus strictes. Les jouets SES Creative sont source de plaisir et permettent aux enfants d&rsquo;\u00eatre fiers de leur travail, ce qui stimule leur cr\u00e9ativit\u00e9 et leur d\u00e9veloppement.<\/p>\n<p>Commencez d\u00e8s aujourd&rsquo;hui \u00e0 cr\u00e9er vos bijoux \u00e9tincelants<\/p>\n<p>Procurez-vous le kit de bracelets Easy Diamonds et laissez libre cours \u00e0 votre cr\u00e9ativit\u00e9. Cr\u00e9ez, d\u00e9corez et portez des bijoux aussi uniques que vous !<\/p>\n","protected":false},"excerpt":{"rendered":"<p>Hobby Pink \u2013 Easy Diamonds Bracelets : cr\u00e9ez vos propres bijoux scintillants ! Avec le kit Easy Diamonds Bracelets de SES Creative, vous pouvez cr\u00e9er des bracelets remplis de breloques scintillantes que vous d\u00e9corez vous-m\u00eame. Gr\u00e2ce \u00e0 la poudre sp\u00e9ciale Easy Diamond et aux solutions color\u00e9es, chaque bijou obtient un effet diamant \u00e9tincelant. Parfait pour [&hellip;]<\/p>\n","protected":false},"featured_media":95420,"comment_status":"closed","ping_status":"closed","template":"","meta":{"_acf_changed":false},"product_brand":[],"product_cat":[122],"product_tag":[],"class_list":{"0":"post-118392","1":"product","2":"type-product","3":"status-publish","4":"has-post-thumbnail","6":"product_cat-loisirs-creatifs","7":"pa_leeftijd-filter-4-6-ans","8":"pa_meest-populair-bij-filles","10":"first","11":"instock","12":"shipping-taxable","13":"product-type-simple"},"acf":[],"yoast_head":"<!-- This site is optimized with the Yoast SEO plugin v27.2 - https:\/\/yoast.com\/product\/yoast-seo-wordpress\/ -->\n<title>Bracelets easy diamonds - SES Creative<\/title>\n<meta name=\"robots\" content=\"index, follow, max-snippet:-1, max-image-preview:large, max-video-preview:-1\" \/>\n<link rel=\"canonical\" href=\"https:\/\/ses-creative.com\/fr\/produit\/bracelets-easy-diamonds\/\" \/>\n<meta property=\"og:locale\" content=\"fr_FR\" \/>\n<meta property=\"og:type\" content=\"article\" \/>\n<meta property=\"og:title\" content=\"Bracelets easy diamonds - SES Creative\" \/>\n<meta property=\"og:description\" content=\"Hobby Pink \u2013 Easy Diamonds Bracelets : cr\u00e9ez vos propres bijoux scintillants ! Avec le kit Easy Diamonds Bracelets de SES Creative, vous pouvez cr\u00e9er des bracelets remplis de breloques scintillantes que vous d\u00e9corez vous-m\u00eame. Gr\u00e2ce \u00e0 la poudre sp\u00e9ciale Easy Diamond et aux solutions color\u00e9es, chaque bijou obtient un effet diamant \u00e9tincelant. Parfait pour [&hellip;]\" \/>\n<meta property=\"og:url\" content=\"https:\/\/ses-creative.com\/fr\/produit\/bracelets-easy-diamonds\/\" \/>\n<meta property=\"og:site_name\" content=\"SES Creative\" \/>\n<meta property=\"article:modified_time\" content=\"2026-02-12T10:23:06+00:00\" \/>\n<meta name=\"twitter:card\" content=\"summary_large_image\" \/>\n<meta name=\"twitter:label1\" content=\"Dur\u00e9e de lecture estim\u00e9e\" \/>\n\t<meta name=\"twitter:data1\" content=\"1 minute\" \/>\n<script type=\"application\/ld+json\" class=\"yoast-schema-graph\">{\"@context\":\"https:\/\/schema.org\",\"@graph\":[{\"@type\":\"WebPage\",\"@id\":\"https:\/\/ses-creative.com\/fr\/produit\/bracelets-easy-diamonds\/\",\"url\":\"https:\/\/ses-creative.com\/fr\/produit\/bracelets-easy-diamonds\/\",\"name\":\"Bracelets easy diamonds - SES Creative\",\"isPartOf\":{\"@id\":\"https:\/\/ses-creative.com\/#website\"},\"primaryImageOfPage\":{\"@id\":\"https:\/\/ses-creative.com\/fr\/produit\/bracelets-easy-diamonds\/#primaryimage\"},\"image\":{\"@id\":\"https:\/\/ses-creative.com\/fr\/produit\/bracelets-easy-diamonds\/#primaryimage\"},\"thumbnailUrl\":\"https:\/\/ses-creative.com\/wp-content\/uploads\/2026\/01\/146821.jpg\",\"datePublished\":\"2026-02-12T10:09:37+00:00\",\"dateModified\":\"2026-02-12T10:23:06+00:00\",\"breadcrumb\":{\"@id\":\"https:\/\/ses-creative.com\/fr\/produit\/bracelets-easy-diamonds\/#breadcrumb\"},\"inLanguage\":\"fr-FR\",\"potentialAction\":[{\"@type\":\"ReadAction\",\"target\":[\"https:\/\/ses-creative.com\/fr\/produit\/bracelets-easy-diamonds\/\"]}]},{\"@type\":\"ImageObject\",\"inLanguage\":\"fr-FR\",\"@id\":\"https:\/\/ses-creative.com\/fr\/produit\/bracelets-easy-diamonds\/#primaryimage\",\"url\":\"https:\/\/ses-creative.com\/wp-content\/uploads\/2026\/01\/146821.jpg\",\"contentUrl\":\"https:\/\/ses-creative.com\/wp-content\/uploads\/2026\/01\/146821.jpg\",\"width\":1000,\"height\":1000},{\"@type\":\"BreadcrumbList\",\"@id\":\"https:\/\/ses-creative.com\/fr\/produit\/bracelets-easy-diamonds\/#breadcrumb\",\"itemListElement\":[{\"@type\":\"ListItem\",\"position\":1,\"name\":\"Boutique\",\"item\":\"https:\/\/ses-creative.com\/fr\/boutique\/\"},{\"@type\":\"ListItem\",\"position\":2,\"name\":\"Loisirs cr\u00e9atifs\",\"item\":\"https:\/\/ses-creative.com\/fr\/product-categorie\/loisirs-creatifs\/\"},{\"@type\":\"ListItem\",\"position\":3,\"name\":\"Bracelets easy diamonds\"}]},{\"@type\":\"WebSite\",\"@id\":\"https:\/\/ses-creative.com\/#website\",\"url\":\"https:\/\/ses-creative.com\/\",\"name\":\"SES Creative\",\"description\":\"\",\"publisher\":{\"@id\":\"https:\/\/ses-creative.com\/#organization\"},\"potentialAction\":[{\"@type\":\"SearchAction\",\"target\":{\"@type\":\"EntryPoint\",\"urlTemplate\":\"https:\/\/ses-creative.com\/?s={search_term_string}\"},\"query-input\":{\"@type\":\"PropertyValueSpecification\",\"valueRequired\":true,\"valueName\":\"search_term_string\"}}],\"inLanguage\":\"fr-FR\"},{\"@type\":\"Organization\",\"@id\":\"https:\/\/ses-creative.com\/#organization\",\"name\":\"SES Creative\",\"url\":\"https:\/\/ses-creative.com\/\",\"logo\":{\"@type\":\"ImageObject\",\"inLanguage\":\"fr-FR\",\"@id\":\"https:\/\/ses-creative.com\/#\/schema\/logo\/image\/\",\"url\":\"https:\/\/ses-creative.com\/wp-content\/uploads\/2025\/10\/ses-creative-logo.jpg\",\"contentUrl\":\"https:\/\/ses-creative.com\/wp-content\/uploads\/2025\/10\/ses-creative-logo.jpg\",\"width\":2037,\"height\":2037,\"caption\":\"SES Creative\"},\"image\":{\"@id\":\"https:\/\/ses-creative.com\/#\/schema\/logo\/image\/\"}}]}<\/script>\n<!-- \/ Yoast SEO plugin. -->","yoast_head_json":{"title":"Bracelets easy diamonds - SES Creative","robots":{"index":"index","follow":"follow","max-snippet":"max-snippet:-1","max-image-preview":"max-image-preview:large","max-video-preview":"max-video-preview:-1"},"canonical":"https:\/\/ses-creative.com\/fr\/produit\/bracelets-easy-diamonds\/","og_locale":"fr_FR","og_type":"article","og_title":"Bracelets easy diamonds - SES Creative","og_description":"Hobby Pink \u2013 Easy Diamonds Bracelets : cr\u00e9ez vos propres bijoux scintillants ! Avec le kit Easy Diamonds Bracelets de SES Creative, vous pouvez cr\u00e9er des bracelets remplis de breloques scintillantes que vous d\u00e9corez vous-m\u00eame. Gr\u00e2ce \u00e0 la poudre sp\u00e9ciale Easy Diamond et aux solutions color\u00e9es, chaque bijou obtient un effet diamant \u00e9tincelant. Parfait pour [&hellip;]","og_url":"https:\/\/ses-creative.com\/fr\/produit\/bracelets-easy-diamonds\/","og_site_name":"SES Creative","article_modified_time":"2026-02-12T10:23:06+00:00","twitter_card":"summary_large_image","twitter_misc":{"Dur\u00e9e de lecture estim\u00e9e":"1 minute"},"schema":{"@context":"https:\/\/schema.org","@graph":[{"@type":"WebPage","@id":"https:\/\/ses-creative.com\/fr\/produit\/bracelets-easy-diamonds\/","url":"https:\/\/ses-creative.com\/fr\/produit\/bracelets-easy-diamonds\/","name":"Bracelets easy diamonds - SES Creative","isPartOf":{"@id":"https:\/\/ses-creative.com\/#website"},"primaryImageOfPage":{"@id":"https:\/\/ses-creative.com\/fr\/produit\/bracelets-easy-diamonds\/#primaryimage"},"image":{"@id":"https:\/\/ses-creative.com\/fr\/produit\/bracelets-easy-diamonds\/#primaryimage"},"thumbnailUrl":"https:\/\/ses-creative.com\/wp-content\/uploads\/2026\/01\/146821.jpg","datePublished":"2026-02-12T10:09:37+00:00","dateModified":"2026-02-12T10:23:06+00:00","breadcrumb":{"@id":"https:\/\/ses-creative.com\/fr\/produit\/bracelets-easy-diamonds\/#breadcrumb"},"inLanguage":"fr-FR","potentialAction":[{"@type":"ReadAction","target":["https:\/\/ses-creative.com\/fr\/produit\/bracelets-easy-diamonds\/"]}]},{"@type":"ImageObject","inLanguage":"fr-FR","@id":"https:\/\/ses-creative.com\/fr\/produit\/bracelets-easy-diamonds\/#primaryimage","url":"https:\/\/ses-creative.com\/wp-content\/uploads\/2026\/01\/146821.jpg","contentUrl":"https:\/\/ses-creative.com\/wp-content\/uploads\/2026\/01\/146821.jpg","width":1000,"height":1000},{"@type":"BreadcrumbList","@id":"https:\/\/ses-creative.com\/fr\/produit\/bracelets-easy-diamonds\/#breadcrumb","itemListElement":[{"@type":"ListItem","position":1,"name":"Boutique","item":"https:\/\/ses-creative.com\/fr\/boutique\/"},{"@type":"ListItem","position":2,"name":"Loisirs cr\u00e9atifs","item":"https:\/\/ses-creative.com\/fr\/product-categorie\/loisirs-creatifs\/"},{"@type":"ListItem","position":3,"name":"Bracelets easy diamonds"}]},{"@type":"WebSite","@id":"https:\/\/ses-creative.com\/#website","url":"https:\/\/ses-creative.com\/","name":"SES Creative","description":"","publisher":{"@id":"https:\/\/ses-creative.com\/#organization"},"potentialAction":[{"@type":"SearchAction","target":{"@type":"EntryPoint","urlTemplate":"https:\/\/ses-creative.com\/?s={search_term_string}"},"query-input":{"@type":"PropertyValueSpecification","valueRequired":true,"valueName":"search_term_string"}}],"inLanguage":"fr-FR"},{"@type":"Organization","@id":"https:\/\/ses-creative.com\/#organization","name":"SES Creative","url":"https:\/\/ses-creative.com\/","logo":{"@type":"ImageObject","inLanguage":"fr-FR","@id":"https:\/\/ses-creative.com\/#\/schema\/logo\/image\/","url":"https:\/\/ses-creative.com\/wp-content\/uploads\/2025\/10\/ses-creative-logo.jpg","contentUrl":"https:\/\/ses-creative.com\/wp-content\/uploads\/2025\/10\/ses-creative-logo.jpg","width":2037,"height":2037,"caption":"SES Creative"},"image":{"@id":"https:\/\/ses-creative.com\/#\/schema\/logo\/image\/"}}]}},"_links":{"self":[{"href":"https:\/\/ses-creative.com\/fr\/wp-json\/wp\/v2\/product\/118392","targetHints":{"allow":["GET"]}}],"collection":[{"href":"https:\/\/ses-creative.com\/fr\/wp-json\/wp\/v2\/product"}],"about":[{"href":"https:\/\/ses-creative.com\/fr\/wp-json\/wp\/v2\/types\/product"}],"replies":[{"embeddable":true,"href":"https:\/\/ses-creative.com\/fr\/wp-json\/wp\/v2\/comments?post=118392"}],"wp:featuredmedia":[{"embeddable":true,"href":"https:\/\/ses-creative.com\/fr\/wp-json\/wp\/v2\/media\/95420"}],"wp:attachment":[{"href":"https:\/\/ses-creative.com\/fr\/wp-json\/wp\/v2\/media?parent=118392"}],"wp:term":[{"taxonomy":"product_brand","embeddable":true,"href":"https:\/\/ses-creative.com\/fr\/wp-json\/wp\/v2\/product_brand?post=118392"},{"taxonomy":"product_cat","embeddable":true,"href":"https:\/\/ses-creative.com\/fr\/wp-json\/wp\/v2\/product_cat?post=118392"},{"taxonomy":"product_tag","embeddable":true,"href":"https:\/\/ses-creative.com\/fr\/wp-json\/wp\/v2\/product_tag?post=118392"}],"curies":[{"name":"wp","href":"https:\/\/api.w.org\/{rel}","templated":true}]}}