











{"id":118390,"date":"2026-02-12T10:09:37","date_gmt":"2026-02-12T10:09:37","guid":{"rendered":"https:\/\/ses-creative.com\/?post_type=product&#038;p=118390"},"modified":"2026-02-12T10:23:06","modified_gmt":"2026-02-12T10:23:06","slug":"tatouages-pour-enfants-contes-de-fees","status":"publish","type":"product","link":"https:\/\/ses-creative.com\/fr\/produit\/tatouages-pour-enfants-contes-de-fees\/","title":{"rendered":"Tatouages pour enfants\u00a0&#8211; Contes de f\u00e9es"},"content":{"rendered":"<p>Tatouages pour enfants \u2013 \u00c9dition contes de f\u00e9es : entrez dans un monde magique !<\/p>\n<p>Avec les tatouages pour enfants \u2013 \u00c9dition contes de f\u00e9es de SES Creative, transformez votre peau en une \u0153uvre d&rsquo;art f\u00e9\u00e9rique. Les superbes effets m\u00e9talliques rendent chaque tatouage encore plus sp\u00e9cial et vous font briller comme une princesse, un chevalier ou tout autre personnage enchanteur. Parfait pour les enfants \u00e0 partir de 3 ans qui aiment l&rsquo;imaginaire et les jeux cr\u00e9atifs.<\/p>\n<p>Ce qui rend ce set g\u00e9nial<\/p>\n<p>Set de tatouages temporaires sur le th\u00e8me des contes de f\u00e9es<br \/>\nDe magnifiques effets m\u00e9talliques pour un look magique<br \/>\nFacile \u00e0 appliquer et \u00e0 retirer<br \/>\nStimule l&rsquo;imagination et le jeu de r\u00f4le<br \/>\nSans danger pour les enfants \u00e0 partir de 3 ans<\/p>\n<p>D\u00e9corez-vous avec des personnages magiques<\/p>\n<p>Avec ces tatouages f\u00e9\u00e9riques, les enfants peuvent s&rsquo;immerger compl\u00e8tement dans leur histoire pr\u00e9f\u00e9r\u00e9e. Que ce soit pour une f\u00eate, un d\u00e9guisement ou simplement pour jouer \u00e0 la maison, les tatouages rendent chaque moment sp\u00e9cial. Gr\u00e2ce \u00e0 leur \u00e9clat m\u00e9tallique, tous les motifs ont un effet scintillant qui fait rayonner les enfants.<\/p>\n<p>Contenu du set<\/p>\n<p>Set de 40 tatouages f\u00e9\u00e9riques \u00e0 effet m\u00e9tallique<\/p>\n<p>Pourquoi choisir SES Creative ?<\/p>\n<p>Chez SES Creative, nous accordons une grande importance \u00e0 la s\u00e9curit\u00e9. C&rsquo;est pourquoi nos produits sont fabriqu\u00e9s et test\u00e9s dans notre usine aux Pays-Bas, conform\u00e9ment aux normes de s\u00e9curit\u00e9 europ\u00e9ennes les plus strictes. Les jouets SES Creative sont source de plaisir et permettent aux enfants d&rsquo;\u00eatre fiers de leur travail, ce qui stimule leur cr\u00e9ativit\u00e9 et leur d\u00e9veloppement.<\/p>\n<p>Plongez d\u00e8s aujourd&rsquo;hui dans un monde f\u00e9\u00e9rique plein de magie<\/p>\n<p>Choisissez votre motif pr\u00e9f\u00e9r\u00e9, appliquez-le et faites briller votre peau. Avec ces tatouages f\u00e9\u00e9riques, chaque enfant devient le h\u00e9ros ou l&rsquo;h\u00e9ro\u00efne rayonnant(e) de sa propre histoire.<\/p>\n","protected":false},"excerpt":{"rendered":"<p>Tatouages pour enfants \u2013 \u00c9dition contes de f\u00e9es : entrez dans un monde magique ! Avec les tatouages pour enfants \u2013 \u00c9dition contes de f\u00e9es de SES Creative, transformez votre peau en une \u0153uvre d&rsquo;art f\u00e9\u00e9rique. Les superbes effets m\u00e9talliques rendent chaque tatouage encore plus sp\u00e9cial et vous font briller comme une princesse, un chevalier [&hellip;]<\/p>\n","protected":false},"featured_media":103956,"comment_status":"closed","ping_status":"closed","template":"","meta":{"_acf_changed":false},"product_brand":[],"product_cat":[122],"product_tag":[],"class_list":{"0":"post-118390","1":"product","2":"type-product","3":"status-publish","4":"has-post-thumbnail","6":"product_cat-loisirs-creatifs","7":"pa_leeftijd-filter-3-4-ans","8":"pa_meest-populair-bij-filles","10":"first","11":"instock","12":"shipping-taxable","13":"product-type-simple"},"acf":[],"yoast_head":"<!-- This site is optimized with the Yoast SEO plugin v27.4 - https:\/\/yoast.com\/product\/yoast-seo-wordpress\/ -->\n<title>Tatouages pour enfants\u00a0- Contes de f\u00e9es - SES Creative<\/title>\n<meta name=\"robots\" content=\"index, follow, max-snippet:-1, max-image-preview:large, max-video-preview:-1\" \/>\n<link rel=\"canonical\" href=\"https:\/\/ses-creative.com\/fr\/produit\/tatouages-pour-enfants-contes-de-fees\/\" \/>\n<meta property=\"og:locale\" content=\"fr_FR\" \/>\n<meta property=\"og:type\" content=\"article\" \/>\n<meta property=\"og:title\" content=\"Tatouages pour enfants\u00a0- Contes de f\u00e9es - SES Creative\" \/>\n<meta property=\"og:description\" content=\"Tatouages pour enfants \u2013 \u00c9dition contes de f\u00e9es : entrez dans un monde magique ! Avec les tatouages pour enfants \u2013 \u00c9dition contes de f\u00e9es de SES Creative, transformez votre peau en une \u0153uvre d&rsquo;art f\u00e9\u00e9rique. Les superbes effets m\u00e9talliques rendent chaque tatouage encore plus sp\u00e9cial et vous font briller comme une princesse, un chevalier [&hellip;]\" \/>\n<meta property=\"og:url\" content=\"https:\/\/ses-creative.com\/fr\/produit\/tatouages-pour-enfants-contes-de-fees\/\" \/>\n<meta property=\"og:site_name\" content=\"SES Creative\" \/>\n<meta property=\"article:modified_time\" content=\"2026-02-12T10:23:06+00:00\" \/>\n<meta name=\"twitter:card\" content=\"summary_large_image\" \/>\n<meta name=\"twitter:label1\" content=\"Dur\u00e9e de lecture estim\u00e9e\" \/>\n\t<meta name=\"twitter:data1\" content=\"2 minutes\" \/>\n<script type=\"application\/ld+json\" class=\"yoast-schema-graph\">{\"@context\":\"https:\\\/\\\/schema.org\",\"@graph\":[{\"@type\":\"WebPage\",\"@id\":\"https:\\\/\\\/ses-creative.com\\\/fr\\\/produit\\\/tatouages-pour-enfants-contes-de-fees\\\/\",\"url\":\"https:\\\/\\\/ses-creative.com\\\/fr\\\/produit\\\/tatouages-pour-enfants-contes-de-fees\\\/\",\"name\":\"Tatouages pour enfants\u00a0- Contes de f\u00e9es - SES Creative\",\"isPartOf\":{\"@id\":\"https:\\\/\\\/ses-creative.com\\\/#website\"},\"primaryImageOfPage\":{\"@id\":\"https:\\\/\\\/ses-creative.com\\\/fr\\\/produit\\\/tatouages-pour-enfants-contes-de-fees\\\/#primaryimage\"},\"image\":{\"@id\":\"https:\\\/\\\/ses-creative.com\\\/fr\\\/produit\\\/tatouages-pour-enfants-contes-de-fees\\\/#primaryimage\"},\"thumbnailUrl\":\"https:\\\/\\\/ses-creative.com\\\/wp-content\\\/uploads\\\/2026\\\/01\\\/146731.jpg\",\"datePublished\":\"2026-02-12T10:09:37+00:00\",\"dateModified\":\"2026-02-12T10:23:06+00:00\",\"breadcrumb\":{\"@id\":\"https:\\\/\\\/ses-creative.com\\\/fr\\\/produit\\\/tatouages-pour-enfants-contes-de-fees\\\/#breadcrumb\"},\"inLanguage\":\"fr-FR\",\"potentialAction\":[{\"@type\":\"ReadAction\",\"target\":[\"https:\\\/\\\/ses-creative.com\\\/fr\\\/produit\\\/tatouages-pour-enfants-contes-de-fees\\\/\"]}]},{\"@type\":\"ImageObject\",\"inLanguage\":\"fr-FR\",\"@id\":\"https:\\\/\\\/ses-creative.com\\\/fr\\\/produit\\\/tatouages-pour-enfants-contes-de-fees\\\/#primaryimage\",\"url\":\"https:\\\/\\\/ses-creative.com\\\/wp-content\\\/uploads\\\/2026\\\/01\\\/146731.jpg\",\"contentUrl\":\"https:\\\/\\\/ses-creative.com\\\/wp-content\\\/uploads\\\/2026\\\/01\\\/146731.jpg\",\"width\":1000,\"height\":1000},{\"@type\":\"BreadcrumbList\",\"@id\":\"https:\\\/\\\/ses-creative.com\\\/fr\\\/produit\\\/tatouages-pour-enfants-contes-de-fees\\\/#breadcrumb\",\"itemListElement\":[{\"@type\":\"ListItem\",\"position\":1,\"name\":\"Boutique\",\"item\":\"https:\\\/\\\/ses-creative.com\\\/fr\\\/boutique\\\/\"},{\"@type\":\"ListItem\",\"position\":2,\"name\":\"Loisirs cr\u00e9atifs\",\"item\":\"https:\\\/\\\/ses-creative.com\\\/fr\\\/product-categorie\\\/loisirs-creatifs\\\/\"},{\"@type\":\"ListItem\",\"position\":3,\"name\":\"Tatouages pour enfants\u00a0&#8211; Contes de f\u00e9es\"}]},{\"@type\":\"WebSite\",\"@id\":\"https:\\\/\\\/ses-creative.com\\\/#website\",\"url\":\"https:\\\/\\\/ses-creative.com\\\/\",\"name\":\"SES Creative\",\"description\":\"\",\"publisher\":{\"@id\":\"https:\\\/\\\/ses-creative.com\\\/#organization\"},\"potentialAction\":[{\"@type\":\"SearchAction\",\"target\":{\"@type\":\"EntryPoint\",\"urlTemplate\":\"https:\\\/\\\/ses-creative.com\\\/?s={search_term_string}\"},\"query-input\":{\"@type\":\"PropertyValueSpecification\",\"valueRequired\":true,\"valueName\":\"search_term_string\"}}],\"inLanguage\":\"fr-FR\"},{\"@type\":\"Organization\",\"@id\":\"https:\\\/\\\/ses-creative.com\\\/#organization\",\"name\":\"SES Creative\",\"url\":\"https:\\\/\\\/ses-creative.com\\\/\",\"logo\":{\"@type\":\"ImageObject\",\"inLanguage\":\"fr-FR\",\"@id\":\"https:\\\/\\\/ses-creative.com\\\/#\\\/schema\\\/logo\\\/image\\\/\",\"url\":\"https:\\\/\\\/ses-creative.com\\\/wp-content\\\/uploads\\\/2025\\\/10\\\/ses-creative-logo.jpg\",\"contentUrl\":\"https:\\\/\\\/ses-creative.com\\\/wp-content\\\/uploads\\\/2025\\\/10\\\/ses-creative-logo.jpg\",\"width\":2037,\"height\":2037,\"caption\":\"SES Creative\"},\"image\":{\"@id\":\"https:\\\/\\\/ses-creative.com\\\/#\\\/schema\\\/logo\\\/image\\\/\"}}]}<\/script>\n<!-- \/ Yoast SEO plugin. -->","yoast_head_json":{"title":"Tatouages pour enfants\u00a0- Contes de f\u00e9es - SES Creative","robots":{"index":"index","follow":"follow","max-snippet":"max-snippet:-1","max-image-preview":"max-image-preview:large","max-video-preview":"max-video-preview:-1"},"canonical":"https:\/\/ses-creative.com\/fr\/produit\/tatouages-pour-enfants-contes-de-fees\/","og_locale":"fr_FR","og_type":"article","og_title":"Tatouages pour enfants\u00a0- Contes de f\u00e9es - SES Creative","og_description":"Tatouages pour enfants \u2013 \u00c9dition contes de f\u00e9es : entrez dans un monde magique ! Avec les tatouages pour enfants \u2013 \u00c9dition contes de f\u00e9es de SES Creative, transformez votre peau en une \u0153uvre d&rsquo;art f\u00e9\u00e9rique. Les superbes effets m\u00e9talliques rendent chaque tatouage encore plus sp\u00e9cial et vous font briller comme une princesse, un chevalier [&hellip;]","og_url":"https:\/\/ses-creative.com\/fr\/produit\/tatouages-pour-enfants-contes-de-fees\/","og_site_name":"SES Creative","article_modified_time":"2026-02-12T10:23:06+00:00","twitter_card":"summary_large_image","twitter_misc":{"Dur\u00e9e de lecture estim\u00e9e":"2 minutes"},"schema":{"@context":"https:\/\/schema.org","@graph":[{"@type":"WebPage","@id":"https:\/\/ses-creative.com\/fr\/produit\/tatouages-pour-enfants-contes-de-fees\/","url":"https:\/\/ses-creative.com\/fr\/produit\/tatouages-pour-enfants-contes-de-fees\/","name":"Tatouages pour enfants\u00a0- Contes de f\u00e9es - SES Creative","isPartOf":{"@id":"https:\/\/ses-creative.com\/#website"},"primaryImageOfPage":{"@id":"https:\/\/ses-creative.com\/fr\/produit\/tatouages-pour-enfants-contes-de-fees\/#primaryimage"},"image":{"@id":"https:\/\/ses-creative.com\/fr\/produit\/tatouages-pour-enfants-contes-de-fees\/#primaryimage"},"thumbnailUrl":"https:\/\/ses-creative.com\/wp-content\/uploads\/2026\/01\/146731.jpg","datePublished":"2026-02-12T10:09:37+00:00","dateModified":"2026-02-12T10:23:06+00:00","breadcrumb":{"@id":"https:\/\/ses-creative.com\/fr\/produit\/tatouages-pour-enfants-contes-de-fees\/#breadcrumb"},"inLanguage":"fr-FR","potentialAction":[{"@type":"ReadAction","target":["https:\/\/ses-creative.com\/fr\/produit\/tatouages-pour-enfants-contes-de-fees\/"]}]},{"@type":"ImageObject","inLanguage":"fr-FR","@id":"https:\/\/ses-creative.com\/fr\/produit\/tatouages-pour-enfants-contes-de-fees\/#primaryimage","url":"https:\/\/ses-creative.com\/wp-content\/uploads\/2026\/01\/146731.jpg","contentUrl":"https:\/\/ses-creative.com\/wp-content\/uploads\/2026\/01\/146731.jpg","width":1000,"height":1000},{"@type":"BreadcrumbList","@id":"https:\/\/ses-creative.com\/fr\/produit\/tatouages-pour-enfants-contes-de-fees\/#breadcrumb","itemListElement":[{"@type":"ListItem","position":1,"name":"Boutique","item":"https:\/\/ses-creative.com\/fr\/boutique\/"},{"@type":"ListItem","position":2,"name":"Loisirs cr\u00e9atifs","item":"https:\/\/ses-creative.com\/fr\/product-categorie\/loisirs-creatifs\/"},{"@type":"ListItem","position":3,"name":"Tatouages pour enfants\u00a0&#8211; Contes de f\u00e9es"}]},{"@type":"WebSite","@id":"https:\/\/ses-creative.com\/#website","url":"https:\/\/ses-creative.com\/","name":"SES Creative","description":"","publisher":{"@id":"https:\/\/ses-creative.com\/#organization"},"potentialAction":[{"@type":"SearchAction","target":{"@type":"EntryPoint","urlTemplate":"https:\/\/ses-creative.com\/?s={search_term_string}"},"query-input":{"@type":"PropertyValueSpecification","valueRequired":true,"valueName":"search_term_string"}}],"inLanguage":"fr-FR"},{"@type":"Organization","@id":"https:\/\/ses-creative.com\/#organization","name":"SES Creative","url":"https:\/\/ses-creative.com\/","logo":{"@type":"ImageObject","inLanguage":"fr-FR","@id":"https:\/\/ses-creative.com\/#\/schema\/logo\/image\/","url":"https:\/\/ses-creative.com\/wp-content\/uploads\/2025\/10\/ses-creative-logo.jpg","contentUrl":"https:\/\/ses-creative.com\/wp-content\/uploads\/2025\/10\/ses-creative-logo.jpg","width":2037,"height":2037,"caption":"SES Creative"},"image":{"@id":"https:\/\/ses-creative.com\/#\/schema\/logo\/image\/"}}]}},"_links":{"self":[{"href":"https:\/\/ses-creative.com\/fr\/wp-json\/wp\/v2\/product\/118390","targetHints":{"allow":["GET"]}}],"collection":[{"href":"https:\/\/ses-creative.com\/fr\/wp-json\/wp\/v2\/product"}],"about":[{"href":"https:\/\/ses-creative.com\/fr\/wp-json\/wp\/v2\/types\/product"}],"replies":[{"embeddable":true,"href":"https:\/\/ses-creative.com\/fr\/wp-json\/wp\/v2\/comments?post=118390"}],"wp:featuredmedia":[{"embeddable":true,"href":"https:\/\/ses-creative.com\/fr\/wp-json\/wp\/v2\/media\/103956"}],"wp:attachment":[{"href":"https:\/\/ses-creative.com\/fr\/wp-json\/wp\/v2\/media?parent=118390"}],"wp:term":[{"taxonomy":"product_brand","embeddable":true,"href":"https:\/\/ses-creative.com\/fr\/wp-json\/wp\/v2\/product_brand?post=118390"},{"taxonomy":"product_cat","embeddable":true,"href":"https:\/\/ses-creative.com\/fr\/wp-json\/wp\/v2\/product_cat?post=118390"},{"taxonomy":"product_tag","embeddable":true,"href":"https:\/\/ses-creative.com\/fr\/wp-json\/wp\/v2\/product_tag?post=118390"}],"curies":[{"name":"wp","href":"https:\/\/api.w.org\/{rel}","templated":true}]}}